{"id":9885,"date":"2021-08-05T09:22:44","date_gmt":"2021-08-05T07:22:45","guid":{"rendered":"https:\/\/lapoderosagoods.com\/?post_type=product&#038;p=9885"},"modified":"2024-03-23T22:14:18","modified_gmt":"2024-03-23T20:14:18","slug":"support-de-sacoche-royal-enfield-himalayan-noir-satine","status":"publish","type":"product","link":"https:\/\/lapoderosagoods.com\/fr\/produit\/support-de-sacoche-royal-enfield-himalayan-noir-satine\/","title":{"rendered":"Support de sacoche Royal Enfield Himalayan Noir satin\u00e9"},"content":{"rendered":"<div class=\"product-single__description rte\">\n<p class=\"s3\"><span class=\"s2\">Cadre en acier finition Satin Black pour Royal Enfield Himalayan pour 2 sacoches (1 de chaque c\u00f4t\u00e9).\u00a0<\/span><\/p>\n<p class=\"s3\"><span class=\"s2\">Conception en parties <\/span><span class=\"s2\">tuples \u00e0 visser sur le sous-ch\u00e2ssis arri\u00e8re de tout mod\u00e8le Royal Enfield *\u00a0 <\/span><span class=\"s2\">par vis.\u00a0<\/span><\/p>\n<p class=\"s3\"><span class=\"s2\">Finition peinture Epoxy\u00a0 <\/span><span class=\"s2\">\u00a0haute r\u00e9sistance.<\/span><\/p>\n<p class=\"s3\"><span class=\"s2\">Style Cl <\/span><span class=\"s2\">\u00e0 <\/span><span class=\"s2\">Sico et minimaliste, parfait m\u00eame avec le sac lat\u00e9ral retir\u00e9.<\/span><\/p>\n<p class=\"s3\"><span class=\"s2\">Structure tr\u00e8s solide pour des charges jusqu&rsquo;\u00e0 8kg par sac.<\/span><\/p>\n<p class=\"s3\"><span class=\"s2\">* Compatible avec les mod\u00e8les suivants (veuillez confirmer votre mod\u00e8le exact lors de la commande) :<\/span><\/p>\n<p class=\"s3\"><span class=\"s2\">\u00a0Himalayan<\/span><\/p>\n<\/div>\n","protected":false},"excerpt":{"rendered":"<p>Cadre en acier finition Satin Black pour Royal Enfield Himalayan pour 2 sacoches (1 de chaque c\u00f4t\u00e9).\u00a0 Conception en parties tuples \u00e0 visser sur le sous-ch\u00e2ssis arri\u00e8re de tout mod\u00e8le Royal Enfield *\u00a0 par vis.\u00a0 Finition peinture Epoxy\u00a0 \u00a0haute r\u00e9sistance. Style Cl \u00e0 Sico et minimaliste, parfait m\u00eame avec le sac lat\u00e9ral retir\u00e9. Structure tr\u00e8s [&#8230;]\n","protected":false},"featured_media":9912,"comment_status":"closed","ping_status":"closed","template":"","meta":{"spay_email":""},"product_cat":[731,145,115],"product_tag":[518],"yoast_head":"<!-- This site is optimized with the Yoast SEO plugin v16.8 - https:\/\/yoast.com\/wordpress\/plugins\/seo\/ -->\n<title>Support de sacoche Royal Enfield Himalayan Noir satin\u00e9 - La Poderosa Goods - Sacoches de selle, bagages et accessoires de moto haut de gamme<\/title>\n<meta name=\"robots\" content=\"index, follow, max-snippet:-1, max-image-preview:large, max-video-preview:-1\" \/>\n<link rel=\"canonical\" href=\"https:\/\/lapoderosagoods.com\/fr\/produit\/soporte-para-alforjas-royal-enfield-himalayan-negro-satinado\/\" \/>\n<meta property=\"og:locale\" content=\"fr_FR\" \/>\n<meta property=\"og:type\" content=\"article\" \/>\n<meta property=\"og:title\" content=\"Support de sacoche Royal Enfield Himalayan Noir satin\u00e9 - La Poderosa Goods - Sacoches de selle, bagages et accessoires de moto haut de gamme\" \/>\n<meta property=\"og:description\" content=\"Cadre en acier finition Satin Black pour Royal Enfield Himalayan pour 2 sacoches (1 de chaque c\u00f4t\u00e9).\u00a0 Conception en parties tuples \u00e0 visser sur le sous-ch\u00e2ssis arri\u00e8re de tout mod\u00e8le Royal Enfield *\u00a0 par vis.\u00a0 Finition peinture Epoxy\u00a0 \u00a0haute r\u00e9sistance. Style Cl \u00e0 Sico et minimaliste, parfait m\u00eame avec le sac lat\u00e9ral retir\u00e9. Structure tr\u00e8s [...]\" \/>\n<meta property=\"og:url\" content=\"https:\/\/lapoderosagoods.com\/produit\/soporte-para-alforjas-royal-enfield-himalayan-negro-satinado\/\" \/>\n<meta property=\"og:site_name\" content=\"La Poderosa Goods - Sacoches de selle, bagages et accessoires de moto haut de gamme\" \/>\n<meta property=\"article:modified_time\" content=\"2024-03-23T20:14:18+00:00\" \/>\n<meta property=\"og:image\" content=\"https:\/\/lapoderosagoods.com\/wp-content\/uploads\/2021\/08\/Himalayan-rack-RHS-1-1-scaled.jpg\" \/>\n\t<meta property=\"og:image:width\" content=\"2560\" \/>\n\t<meta property=\"og:image:height\" content=\"1920\" \/>\n<meta name=\"twitter:card\" content=\"summary_large_image\" \/>\n<script type=\"application\/ld+json\" class=\"yoast-schema-graph\">{\"@context\":\"https:\/\/schema.org\",\"@graph\":[{\"@type\":\"Organization\",\"@id\":\"https:\/\/lapoderosagoods.com\/#organization\",\"name\":\"La Poderosa Classic Goods\",\"url\":\"https:\/\/lapoderosagoods.com\/\",\"sameAs\":[],\"logo\":{\"@type\":\"ImageObject\",\"@id\":\"https:\/\/lapoderosagoods.com\/#logo\",\"inLanguage\":\"fr-FR\",\"url\":\"https:\/\/lapoderosagoods.com\/wp-content\/uploads\/2019\/10\/poderosa.png\",\"contentUrl\":\"https:\/\/lapoderosagoods.com\/wp-content\/uploads\/2019\/10\/poderosa.png\",\"width\":290,\"height\":209,\"caption\":\"La Poderosa Classic Goods\"},\"image\":{\"@id\":\"https:\/\/lapoderosagoods.com\/#logo\"}},{\"@type\":\"WebSite\",\"@id\":\"https:\/\/lapoderosagoods.com\/#website\",\"url\":\"https:\/\/lapoderosagoods.com\/\",\"name\":\"La Poderosa Goods - Sacoches de selle, bagages et accessoires de moto haut de gamme\",\"description\":\"Bagages, supports, sacoches et accessoires pour les motos classiques, caf\\u00e9 racer ou d'aventure. \",\"publisher\":{\"@id\":\"https:\/\/lapoderosagoods.com\/#organization\"},\"potentialAction\":[{\"@type\":\"SearchAction\",\"target\":{\"@type\":\"EntryPoint\",\"urlTemplate\":\"https:\/\/lapoderosagoods.com\/?s={search_term_string}\"},\"query-input\":\"required name=search_term_string\"}],\"inLanguage\":\"fr-FR\"},{\"@type\":\"ImageObject\",\"@id\":\"https:\/\/lapoderosagoods.com\/produit\/soporte-para-alforjas-royal-enfield-himalayan-negro-satinado\/#primaryimage\",\"inLanguage\":\"fr-FR\",\"url\":\"https:\/\/lapoderosagoods.com\/wp-content\/uploads\/2021\/08\/Himalayan-rack-RHS-1-1-scaled.jpg\",\"contentUrl\":\"https:\/\/lapoderosagoods.com\/wp-content\/uploads\/2021\/08\/Himalayan-rack-RHS-1-1-scaled.jpg\",\"width\":2560,\"height\":1920},{\"@type\":\"WebPage\",\"@id\":\"https:\/\/lapoderosagoods.com\/produit\/soporte-para-alforjas-royal-enfield-himalayan-negro-satinado\/#webpage\",\"url\":\"https:\/\/lapoderosagoods.com\/produit\/soporte-para-alforjas-royal-enfield-himalayan-negro-satinado\/\",\"name\":\"Support de sacoche Royal Enfield Himalayan Noir satin\\u00e9 - La Poderosa Goods - Sacoches de selle, bagages et accessoires de moto haut de gamme\",\"isPartOf\":{\"@id\":\"https:\/\/lapoderosagoods.com\/#website\"},\"primaryImageOfPage\":{\"@id\":\"https:\/\/lapoderosagoods.com\/produit\/soporte-para-alforjas-royal-enfield-himalayan-negro-satinado\/#primaryimage\"},\"datePublished\":\"2021-08-05T07:22:45+00:00\",\"dateModified\":\"2024-03-23T20:14:18+00:00\",\"breadcrumb\":{\"@id\":\"https:\/\/lapoderosagoods.com\/produit\/soporte-para-alforjas-royal-enfield-himalayan-negro-satinado\/#breadcrumb\"},\"inLanguage\":\"fr-FR\",\"potentialAction\":[{\"@type\":\"ReadAction\",\"target\":[\"https:\/\/lapoderosagoods.com\/produit\/soporte-para-alforjas-royal-enfield-himalayan-negro-satinado\/\"]}]},{\"@type\":\"BreadcrumbList\",\"@id\":\"https:\/\/lapoderosagoods.com\/produit\/soporte-para-alforjas-royal-enfield-himalayan-negro-satinado\/#breadcrumb\",\"itemListElement\":[{\"@type\":\"ListItem\",\"position\":1,\"name\":\"Portada\",\"item\":\"https:\/\/lapoderosagoods.com\/\"},{\"@type\":\"ListItem\",\"position\":2,\"name\":\"Produits\",\"item\":\"https:\/\/lapoderosagoods.com\/fr\/produits\/\"},{\"@type\":\"ListItem\",\"position\":3,\"name\":\"Support de sacoche Royal Enfield Himalayan Noir satin\\u00e9\"}]}]}<\/script>\n<!-- \/ Yoast SEO plugin. -->","yoast_head_json":{"title":"Support de sacoche Royal Enfield Himalayan Noir satin\u00e9 - La Poderosa Goods - Sacoches de selle, bagages et accessoires de moto haut de gamme","robots":{"index":"index","follow":"follow","max-snippet":"max-snippet:-1","max-image-preview":"max-image-preview:large","max-video-preview":"max-video-preview:-1"},"canonical":"https:\/\/lapoderosagoods.com\/fr\/produit\/soporte-para-alforjas-royal-enfield-himalayan-negro-satinado\/","og_locale":"fr_FR","og_type":"article","og_title":"Support de sacoche Royal Enfield Himalayan Noir satin\u00e9 - La Poderosa Goods - Sacoches de selle, bagages et accessoires de moto haut de gamme","og_description":"Cadre en acier finition Satin Black pour Royal Enfield Himalayan pour 2 sacoches (1 de chaque c\u00f4t\u00e9).\u00a0 Conception en parties tuples \u00e0 visser sur le sous-ch\u00e2ssis arri\u00e8re de tout mod\u00e8le Royal Enfield *\u00a0 par vis.\u00a0 Finition peinture Epoxy\u00a0 \u00a0haute r\u00e9sistance. Style Cl \u00e0 Sico et minimaliste, parfait m\u00eame avec le sac lat\u00e9ral retir\u00e9. Structure tr\u00e8s [...]","og_url":"https:\/\/lapoderosagoods.com\/produit\/soporte-para-alforjas-royal-enfield-himalayan-negro-satinado\/","og_site_name":"La Poderosa Goods - Sacoches de selle, bagages et accessoires de moto haut de gamme","article_modified_time":"2024-03-23T20:14:18+00:00","og_image":[{"width":2560,"height":1920,"url":"https:\/\/lapoderosagoods.com\/wp-content\/uploads\/2021\/08\/Himalayan-rack-RHS-1-1-scaled.jpg","path":"\/home\/spainmot\/lapoderosagoods\/wp-content\/uploads\/2021\/08\/Himalayan-rack-RHS-1-1-scaled.jpg","size":"full","id":9912,"alt":"","pixels":4915200,"type":"image\/jpeg"}],"twitter_card":"summary_large_image","schema":{"@context":"https:\/\/schema.org","@graph":[{"@type":"Organization","@id":"https:\/\/lapoderosagoods.com\/#organization","name":"La Poderosa Classic Goods","url":"https:\/\/lapoderosagoods.com\/","sameAs":[],"logo":{"@type":"ImageObject","@id":"https:\/\/lapoderosagoods.com\/#logo","inLanguage":"fr-FR","url":"https:\/\/lapoderosagoods.com\/wp-content\/uploads\/2019\/10\/poderosa.png","contentUrl":"https:\/\/lapoderosagoods.com\/wp-content\/uploads\/2019\/10\/poderosa.png","width":290,"height":209,"caption":"La Poderosa Classic Goods"},"image":{"@id":"https:\/\/lapoderosagoods.com\/#logo"}},{"@type":"WebSite","@id":"https:\/\/lapoderosagoods.com\/#website","url":"https:\/\/lapoderosagoods.com\/","name":"La Poderosa Goods - Sacoches de selle, bagages et accessoires de moto haut de gamme","description":"Bagages, supports, sacoches et accessoires pour les motos classiques, caf\u00e9 racer ou d'aventure. ","publisher":{"@id":"https:\/\/lapoderosagoods.com\/#organization"},"potentialAction":[{"@type":"SearchAction","target":{"@type":"EntryPoint","urlTemplate":"https:\/\/lapoderosagoods.com\/?s={search_term_string}"},"query-input":"required name=search_term_string"}],"inLanguage":"fr-FR"},{"@type":"ImageObject","@id":"https:\/\/lapoderosagoods.com\/produit\/soporte-para-alforjas-royal-enfield-himalayan-negro-satinado\/#primaryimage","inLanguage":"fr-FR","url":"https:\/\/lapoderosagoods.com\/wp-content\/uploads\/2021\/08\/Himalayan-rack-RHS-1-1-scaled.jpg","contentUrl":"https:\/\/lapoderosagoods.com\/wp-content\/uploads\/2021\/08\/Himalayan-rack-RHS-1-1-scaled.jpg","width":2560,"height":1920},{"@type":"WebPage","@id":"https:\/\/lapoderosagoods.com\/produit\/soporte-para-alforjas-royal-enfield-himalayan-negro-satinado\/#webpage","url":"https:\/\/lapoderosagoods.com\/produit\/soporte-para-alforjas-royal-enfield-himalayan-negro-satinado\/","name":"Support de sacoche Royal Enfield Himalayan Noir satin\u00e9 - La Poderosa Goods - Sacoches de selle, bagages et accessoires de moto haut de gamme","isPartOf":{"@id":"https:\/\/lapoderosagoods.com\/#website"},"primaryImageOfPage":{"@id":"https:\/\/lapoderosagoods.com\/produit\/soporte-para-alforjas-royal-enfield-himalayan-negro-satinado\/#primaryimage"},"datePublished":"2021-08-05T07:22:45+00:00","dateModified":"2024-03-23T20:14:18+00:00","breadcrumb":{"@id":"https:\/\/lapoderosagoods.com\/produit\/soporte-para-alforjas-royal-enfield-himalayan-negro-satinado\/#breadcrumb"},"inLanguage":"fr-FR","potentialAction":[{"@type":"ReadAction","target":["https:\/\/lapoderosagoods.com\/produit\/soporte-para-alforjas-royal-enfield-himalayan-negro-satinado\/"]}]},{"@type":"BreadcrumbList","@id":"https:\/\/lapoderosagoods.com\/produit\/soporte-para-alforjas-royal-enfield-himalayan-negro-satinado\/#breadcrumb","itemListElement":[{"@type":"ListItem","position":1,"name":"Portada","item":"https:\/\/lapoderosagoods.com\/"},{"@type":"ListItem","position":2,"name":"Produits","item":"https:\/\/lapoderosagoods.com\/fr\/produits\/"},{"@type":"ListItem","position":3,"name":"Support de sacoche Royal Enfield Himalayan Noir satin\u00e9"}]}]}},"_links":{"self":[{"href":"https:\/\/lapoderosagoods.com\/fr\/wp-json\/wp\/v2\/product\/9885"}],"collection":[{"href":"https:\/\/lapoderosagoods.com\/fr\/wp-json\/wp\/v2\/product"}],"about":[{"href":"https:\/\/lapoderosagoods.com\/fr\/wp-json\/wp\/v2\/types\/product"}],"replies":[{"embeddable":true,"href":"https:\/\/lapoderosagoods.com\/fr\/wp-json\/wp\/v2\/comments?post=9885"}],"wp:featuredmedia":[{"embeddable":true,"href":"https:\/\/lapoderosagoods.com\/fr\/wp-json\/wp\/v2\/media\/9912"}],"wp:attachment":[{"href":"https:\/\/lapoderosagoods.com\/fr\/wp-json\/wp\/v2\/media?parent=9885"}],"wp:term":[{"taxonomy":"product_cat","embeddable":true,"href":"https:\/\/lapoderosagoods.com\/fr\/wp-json\/wp\/v2\/product_cat?post=9885"},{"taxonomy":"product_tag","embeddable":true,"href":"https:\/\/lapoderosagoods.com\/fr\/wp-json\/wp\/v2\/product_tag?post=9885"}],"curies":[{"name":"wp","href":"https:\/\/api.w.org\/{rel}","templated":true}]}}