{"id":9407,"date":"2021-06-25T12:04:54","date_gmt":"2021-06-25T10:04:54","guid":{"rendered":"https:\/\/lapoderosagoods.spainmotoexperiences.es\/producto\/support-sacoches-r100-gs-r80-gs-chrome\/"},"modified":"2022-01-17T10:27:52","modified_gmt":"2022-01-17T08:27:52","slug":"support-sacoches-r100-gs-r80-gs-chrome","status":"publish","type":"product","link":"https:\/\/lapoderosagoods.com\/fr\/produit\/support-sacoches-r100-gs-r80-gs-chrome\/","title":{"rendered":"Support sacoches R100 gs \/ r80 gs Chrome"},"content":{"rendered":"<div class=\"product-single__description rte\">\n<p class=\"s3\"><span class=\"s2\"><span>Cadre en acier finition Chrome pour BMW R100 gs \/ R80 gs\u00a0<\/span><\/span><\/p>\n<p class=\"s3\"><span class=\"s2\"><span>\u00a0Dise <\/span><\/span><span class=\"s2\"><span>\u00f1 <\/span><\/span><span class=\"s2\"><span>ado pour visser sur le faux-ch\u00e2ssis arri\u00e8re, uniquement sur le c\u00f4t\u00e9 droit, <\/span><\/span><span class=\"s2\"><span>par deux vis.<\/span><\/span><\/p>\n<p class=\"s3\"><span class=\"s2\"><span>Finition chrom\u00e9e\u00a0 <\/span><\/span><span class=\"s2\"><span>\u00a0haute r\u00e9sistance.<\/span><\/span><\/p>\n<p class=\"s3\"><span class=\"s2\"><span>Style Cl <\/span><\/span><span class=\"s2\"><span>\u00e0 <\/span><\/span><span class=\"s2\"><span>Sico et minimaliste, parfait m\u00eame avec le sac lat\u00e9ral retir\u00e9.<\/span><\/span><\/p>\n<p class=\"s3\"><span class=\"s2\"><span>Structure tr\u00e8s solide pour des charges jusqu&rsquo;\u00e0 6kg par sac.<\/span><\/span><\/p>\n<p class=\"s3\"><span class=\"s2\"><span>* Compatible avec les mod\u00e8les suivants :<\/span><\/span><\/p>\n<p class=\"s3\"><span class=\"s2\"><span>R80 g\u00a0<\/span><\/span><\/p>\n<p class=\"s3\"><span class=\"s2\"><span>R100 g<\/span><\/span><\/p>\n<\/div>\n","protected":false},"excerpt":{"rendered":"<p>Cadre en acier finition Chrome pour BMW R100 gs \/ R80 gs\u00a0 \u00a0Dise \u00f1 ado pour visser sur le faux-ch\u00e2ssis arri\u00e8re, uniquement sur le c\u00f4t\u00e9 droit, par deux vis. Finition chrom\u00e9e\u00a0 \u00a0haute r\u00e9sistance. Style Cl \u00e0 Sico et minimaliste, parfait m\u00eame avec le sac lat\u00e9ral retir\u00e9. Structure tr\u00e8s solide pour des charges jusqu&rsquo;\u00e0 6kg par [&#8230;]\n","protected":false},"featured_media":7943,"comment_status":"closed","ping_status":"closed","template":"","meta":{"spay_email":""},"product_cat":[695,127,115],"product_tag":[250],"yoast_head":"<!-- This site is optimized with the Yoast SEO plugin v16.8 - https:\/\/yoast.com\/wordpress\/plugins\/seo\/ -->\n<title>Support sacoches R100 gs \/ r80 gs Chrome - La Poderosa Goods - Sacoches de selle, bagages et accessoires de moto haut de gamme<\/title>\n<meta name=\"robots\" content=\"index, follow, max-snippet:-1, max-image-preview:large, max-video-preview:-1\" \/>\n<link rel=\"canonical\" href=\"https:\/\/lapoderosagoods.com\/fr\/produit\/soporte-para-alforja-r100-gs-r80-gs-cromado\/\" \/>\n<meta property=\"og:locale\" content=\"fr_FR\" \/>\n<meta property=\"og:type\" content=\"article\" \/>\n<meta property=\"og:title\" content=\"Support sacoches R100 gs \/ r80 gs Chrome - La Poderosa Goods - Sacoches de selle, bagages et accessoires de moto haut de gamme\" \/>\n<meta property=\"og:description\" content=\"Cadre en acier finition Chrome pour BMW R100 gs \/ R80 gs\u00a0 \u00a0Dise \u00f1 ado pour visser sur le faux-ch\u00e2ssis arri\u00e8re, uniquement sur le c\u00f4t\u00e9 droit, par deux vis. Finition chrom\u00e9e\u00a0 \u00a0haute r\u00e9sistance. Style Cl \u00e0 Sico et minimaliste, parfait m\u00eame avec le sac lat\u00e9ral retir\u00e9. Structure tr\u00e8s solide pour des charges jusqu&rsquo;\u00e0 6kg par [...]\" \/>\n<meta property=\"og:url\" content=\"https:\/\/lapoderosagoods.com\/produit\/soporte-para-alforja-r100-gs-r80-gs-cromado\/\" \/>\n<meta property=\"og:site_name\" content=\"La Poderosa Goods - Sacoches de selle, bagages et accessoires de moto haut de gamme\" \/>\n<meta property=\"article:modified_time\" content=\"2022-01-17T08:27:52+00:00\" \/>\n<meta property=\"og:image\" content=\"https:\/\/lapoderosagoods.com\/wp-content\/uploads\/2021\/06\/2471E537-6130-4FBD-B7BA-3737C596EBE8.jpg\" \/>\n\t<meta property=\"og:image:width\" content=\"1440\" \/>\n\t<meta property=\"og:image:height\" content=\"1440\" \/>\n<meta name=\"twitter:card\" content=\"summary_large_image\" \/>\n<script type=\"application\/ld+json\" class=\"yoast-schema-graph\">{\"@context\":\"https:\/\/schema.org\",\"@graph\":[{\"@type\":\"Organization\",\"@id\":\"https:\/\/lapoderosagoods.com\/#organization\",\"name\":\"La Poderosa Classic Goods\",\"url\":\"https:\/\/lapoderosagoods.com\/\",\"sameAs\":[],\"logo\":{\"@type\":\"ImageObject\",\"@id\":\"https:\/\/lapoderosagoods.com\/#logo\",\"inLanguage\":\"fr-FR\",\"url\":\"https:\/\/lapoderosagoods.com\/wp-content\/uploads\/2019\/10\/poderosa.png\",\"contentUrl\":\"https:\/\/lapoderosagoods.com\/wp-content\/uploads\/2019\/10\/poderosa.png\",\"width\":290,\"height\":209,\"caption\":\"La Poderosa Classic Goods\"},\"image\":{\"@id\":\"https:\/\/lapoderosagoods.com\/#logo\"}},{\"@type\":\"WebSite\",\"@id\":\"https:\/\/lapoderosagoods.com\/#website\",\"url\":\"https:\/\/lapoderosagoods.com\/\",\"name\":\"La Poderosa Goods - Sacoches de selle, bagages et accessoires de moto haut de gamme\",\"description\":\"Bagages, supports, sacoches et accessoires pour les motos classiques, caf\\u00e9 racer ou d'aventure. \",\"publisher\":{\"@id\":\"https:\/\/lapoderosagoods.com\/#organization\"},\"potentialAction\":[{\"@type\":\"SearchAction\",\"target\":{\"@type\":\"EntryPoint\",\"urlTemplate\":\"https:\/\/lapoderosagoods.com\/?s={search_term_string}\"},\"query-input\":\"required name=search_term_string\"}],\"inLanguage\":\"fr-FR\"},{\"@type\":\"ImageObject\",\"@id\":\"https:\/\/lapoderosagoods.com\/produit\/soporte-para-alforja-r100-gs-r80-gs-cromado\/#primaryimage\",\"inLanguage\":\"fr-FR\",\"url\":\"https:\/\/lapoderosagoods.com\/wp-content\/uploads\/2021\/06\/2471E537-6130-4FBD-B7BA-3737C596EBE8.jpg\",\"contentUrl\":\"https:\/\/lapoderosagoods.com\/wp-content\/uploads\/2021\/06\/2471E537-6130-4FBD-B7BA-3737C596EBE8.jpg\",\"width\":1440,\"height\":1440},{\"@type\":\"WebPage\",\"@id\":\"https:\/\/lapoderosagoods.com\/produit\/soporte-para-alforja-r100-gs-r80-gs-cromado\/#webpage\",\"url\":\"https:\/\/lapoderosagoods.com\/produit\/soporte-para-alforja-r100-gs-r80-gs-cromado\/\",\"name\":\"Support sacoches R100 gs \/ r80 gs Chrome - La Poderosa Goods - Sacoches de selle, bagages et accessoires de moto haut de gamme\",\"isPartOf\":{\"@id\":\"https:\/\/lapoderosagoods.com\/#website\"},\"primaryImageOfPage\":{\"@id\":\"https:\/\/lapoderosagoods.com\/produit\/soporte-para-alforja-r100-gs-r80-gs-cromado\/#primaryimage\"},\"datePublished\":\"2021-06-25T10:04:54+00:00\",\"dateModified\":\"2022-01-17T08:27:52+00:00\",\"breadcrumb\":{\"@id\":\"https:\/\/lapoderosagoods.com\/produit\/soporte-para-alforja-r100-gs-r80-gs-cromado\/#breadcrumb\"},\"inLanguage\":\"fr-FR\",\"potentialAction\":[{\"@type\":\"ReadAction\",\"target\":[\"https:\/\/lapoderosagoods.com\/produit\/soporte-para-alforja-r100-gs-r80-gs-cromado\/\"]}]},{\"@type\":\"BreadcrumbList\",\"@id\":\"https:\/\/lapoderosagoods.com\/produit\/soporte-para-alforja-r100-gs-r80-gs-cromado\/#breadcrumb\",\"itemListElement\":[{\"@type\":\"ListItem\",\"position\":1,\"name\":\"Portada\",\"item\":\"https:\/\/lapoderosagoods.com\/\"},{\"@type\":\"ListItem\",\"position\":2,\"name\":\"Produits\",\"item\":\"https:\/\/lapoderosagoods.com\/fr\/produits\/\"},{\"@type\":\"ListItem\",\"position\":3,\"name\":\"Support sacoches R100 gs \/ r80 gs Chrome\"}]}]}<\/script>\n<!-- \/ Yoast SEO plugin. -->","yoast_head_json":{"title":"Support sacoches R100 gs \/ r80 gs Chrome - La Poderosa Goods - Sacoches de selle, bagages et accessoires de moto haut de gamme","robots":{"index":"index","follow":"follow","max-snippet":"max-snippet:-1","max-image-preview":"max-image-preview:large","max-video-preview":"max-video-preview:-1"},"canonical":"https:\/\/lapoderosagoods.com\/fr\/produit\/soporte-para-alforja-r100-gs-r80-gs-cromado\/","og_locale":"fr_FR","og_type":"article","og_title":"Support sacoches R100 gs \/ r80 gs Chrome - La Poderosa Goods - Sacoches de selle, bagages et accessoires de moto haut de gamme","og_description":"Cadre en acier finition Chrome pour BMW R100 gs \/ R80 gs\u00a0 \u00a0Dise \u00f1 ado pour visser sur le faux-ch\u00e2ssis arri\u00e8re, uniquement sur le c\u00f4t\u00e9 droit, par deux vis. Finition chrom\u00e9e\u00a0 \u00a0haute r\u00e9sistance. Style Cl \u00e0 Sico et minimaliste, parfait m\u00eame avec le sac lat\u00e9ral retir\u00e9. Structure tr\u00e8s solide pour des charges jusqu&rsquo;\u00e0 6kg par [...]","og_url":"https:\/\/lapoderosagoods.com\/produit\/soporte-para-alforja-r100-gs-r80-gs-cromado\/","og_site_name":"La Poderosa Goods - Sacoches de selle, bagages et accessoires de moto haut de gamme","article_modified_time":"2022-01-17T08:27:52+00:00","og_image":[{"width":1440,"height":1440,"url":"https:\/\/lapoderosagoods.com\/wp-content\/uploads\/2021\/06\/2471E537-6130-4FBD-B7BA-3737C596EBE8.jpg","path":"\/home\/spainmot\/lapoderosagoods\/wp-content\/uploads\/2021\/06\/2471E537-6130-4FBD-B7BA-3737C596EBE8.jpg","size":"full","id":7943,"alt":"","pixels":2073600,"type":"image\/jpeg"}],"twitter_card":"summary_large_image","schema":{"@context":"https:\/\/schema.org","@graph":[{"@type":"Organization","@id":"https:\/\/lapoderosagoods.com\/#organization","name":"La Poderosa Classic Goods","url":"https:\/\/lapoderosagoods.com\/","sameAs":[],"logo":{"@type":"ImageObject","@id":"https:\/\/lapoderosagoods.com\/#logo","inLanguage":"fr-FR","url":"https:\/\/lapoderosagoods.com\/wp-content\/uploads\/2019\/10\/poderosa.png","contentUrl":"https:\/\/lapoderosagoods.com\/wp-content\/uploads\/2019\/10\/poderosa.png","width":290,"height":209,"caption":"La Poderosa Classic Goods"},"image":{"@id":"https:\/\/lapoderosagoods.com\/#logo"}},{"@type":"WebSite","@id":"https:\/\/lapoderosagoods.com\/#website","url":"https:\/\/lapoderosagoods.com\/","name":"La Poderosa Goods - Sacoches de selle, bagages et accessoires de moto haut de gamme","description":"Bagages, supports, sacoches et accessoires pour les motos classiques, caf\u00e9 racer ou d'aventure. ","publisher":{"@id":"https:\/\/lapoderosagoods.com\/#organization"},"potentialAction":[{"@type":"SearchAction","target":{"@type":"EntryPoint","urlTemplate":"https:\/\/lapoderosagoods.com\/?s={search_term_string}"},"query-input":"required name=search_term_string"}],"inLanguage":"fr-FR"},{"@type":"ImageObject","@id":"https:\/\/lapoderosagoods.com\/produit\/soporte-para-alforja-r100-gs-r80-gs-cromado\/#primaryimage","inLanguage":"fr-FR","url":"https:\/\/lapoderosagoods.com\/wp-content\/uploads\/2021\/06\/2471E537-6130-4FBD-B7BA-3737C596EBE8.jpg","contentUrl":"https:\/\/lapoderosagoods.com\/wp-content\/uploads\/2021\/06\/2471E537-6130-4FBD-B7BA-3737C596EBE8.jpg","width":1440,"height":1440},{"@type":"WebPage","@id":"https:\/\/lapoderosagoods.com\/produit\/soporte-para-alforja-r100-gs-r80-gs-cromado\/#webpage","url":"https:\/\/lapoderosagoods.com\/produit\/soporte-para-alforja-r100-gs-r80-gs-cromado\/","name":"Support sacoches R100 gs \/ r80 gs Chrome - La Poderosa Goods - Sacoches de selle, bagages et accessoires de moto haut de gamme","isPartOf":{"@id":"https:\/\/lapoderosagoods.com\/#website"},"primaryImageOfPage":{"@id":"https:\/\/lapoderosagoods.com\/produit\/soporte-para-alforja-r100-gs-r80-gs-cromado\/#primaryimage"},"datePublished":"2021-06-25T10:04:54+00:00","dateModified":"2022-01-17T08:27:52+00:00","breadcrumb":{"@id":"https:\/\/lapoderosagoods.com\/produit\/soporte-para-alforja-r100-gs-r80-gs-cromado\/#breadcrumb"},"inLanguage":"fr-FR","potentialAction":[{"@type":"ReadAction","target":["https:\/\/lapoderosagoods.com\/produit\/soporte-para-alforja-r100-gs-r80-gs-cromado\/"]}]},{"@type":"BreadcrumbList","@id":"https:\/\/lapoderosagoods.com\/produit\/soporte-para-alforja-r100-gs-r80-gs-cromado\/#breadcrumb","itemListElement":[{"@type":"ListItem","position":1,"name":"Portada","item":"https:\/\/lapoderosagoods.com\/"},{"@type":"ListItem","position":2,"name":"Produits","item":"https:\/\/lapoderosagoods.com\/fr\/produits\/"},{"@type":"ListItem","position":3,"name":"Support sacoches R100 gs \/ r80 gs Chrome"}]}]}},"_links":{"self":[{"href":"https:\/\/lapoderosagoods.com\/fr\/wp-json\/wp\/v2\/product\/9407"}],"collection":[{"href":"https:\/\/lapoderosagoods.com\/fr\/wp-json\/wp\/v2\/product"}],"about":[{"href":"https:\/\/lapoderosagoods.com\/fr\/wp-json\/wp\/v2\/types\/product"}],"replies":[{"embeddable":true,"href":"https:\/\/lapoderosagoods.com\/fr\/wp-json\/wp\/v2\/comments?post=9407"}],"wp:featuredmedia":[{"embeddable":true,"href":"https:\/\/lapoderosagoods.com\/fr\/wp-json\/wp\/v2\/media\/7943"}],"wp:attachment":[{"href":"https:\/\/lapoderosagoods.com\/fr\/wp-json\/wp\/v2\/media?parent=9407"}],"wp:term":[{"taxonomy":"product_cat","embeddable":true,"href":"https:\/\/lapoderosagoods.com\/fr\/wp-json\/wp\/v2\/product_cat?post=9407"},{"taxonomy":"product_tag","embeddable":true,"href":"https:\/\/lapoderosagoods.com\/fr\/wp-json\/wp\/v2\/product_tag?post=9407"}],"curies":[{"name":"wp","href":"https:\/\/api.w.org\/{rel}","templated":true}]}}