{"id":9336,"date":"2021-06-25T12:06:03","date_gmt":"2021-06-25T10:06:03","guid":{"rendered":"https:\/\/lapoderosagoods.spainmotoexperiences.es\/producto\/support-de-sacoche-triumph-bonneville-satin-black-deux-cotes\/"},"modified":"2026-02-19T15:24:14","modified_gmt":"2026-02-19T14:24:14","slug":"support-de-sacoche-triumph-bonneville-t100-satin-black-deux-cotes","status":"publish","type":"product","link":"https:\/\/lapoderosagoods.com\/fr\/produit\/support-de-sacoche-triumph-bonneville-t100-satin-black-deux-cotes\/","title":{"rendered":"Support de sacoche Triumph Bonneville  T100 Satin Black (deux c\u00f4t\u00e9s)"},"content":{"rendered":"<div class=\"product-single__description rte\">\n<p class=\"s3\"><span class=\"s2\">Cadre en acier finition Satin Black pour Triumph Bonneville pour 2 sacoches (1 de chaque c\u00f4t\u00e9).<\/span><\/p>\n<pre id=\"tw-target-text\" class=\"tw-data-text tw-text-large tw-ta\" dir=\"ltr\" data-placeholder=\"Translation\"><span class=\"Y2IQFc\" lang=\"fr\">Pi\u00e8ces destin\u00e9es \u00e0 \u00eatre viss\u00e9es sur le berceau arri\u00e8re de tout mod\u00e8le Triumph Bonneville * \u00e0 l'aide de vis.<\/span><\/pre>\n<p class=\"s3\"><span class=\"s2\">Finition peinture Epoxi\u00a0<\/span><span class=\"s2\">haute r\u00e9sistance.<\/span><\/p>\n<p class=\"s3\"><span class=\"s2\">Style classic\u00a0<\/span><span class=\"s2\">\u00a0et minimal, parfait m\u00eame avec le sac lat\u00e9ral retir\u00e9.<\/span><\/p>\n<p class=\"s3\"><span class=\"s2\">Structure tr\u00e8s solide pour des charges jusqu&rsquo;\u00e0 8kg par sac.<\/span><\/p>\n<p class=\"s3\"><span class=\"s2\">* Compatible avec les mod\u00e8les suivants (veuillez confirmer votre mod\u00e8le exact lors de la commande) :<\/span><\/p>\n<p class=\"s3\"><span class=\"s2\">\u00a0Bonneville T100<\/span><\/p>\n<p class=\"s3\"><span class=\"s2\">\u00a0<\/span><\/p>\n<\/div>\n","protected":false},"excerpt":{"rendered":"<p>Cadre en acier finition Satin Black pour Triumph Bonneville pour 2 sacoches (1 de chaque c\u00f4t\u00e9). Pi\u00e8ces destin\u00e9es \u00e0 \u00eatre viss\u00e9es sur le berceau arri\u00e8re de tout mod\u00e8le Triumph Bonneville * \u00e0 l&rsquo;aide de vis. Finition peinture Epoxi\u00a0haute r\u00e9sistance. Style classic\u00a0\u00a0et minimal, parfait m\u00eame avec le sac lat\u00e9ral retir\u00e9. Structure tr\u00e8s solide pour des charges [&#8230;]\n","protected":false},"featured_media":16857,"comment_status":"closed","ping_status":"closed","template":"","meta":{"spay_email":""},"product_cat":[115,734,148],"product_tag":[300,616],"yoast_head":"<!-- This site is optimized with the Yoast SEO plugin v16.8 - https:\/\/yoast.com\/wordpress\/plugins\/seo\/ -->\n<title>Support de sacoche Triumph Bonneville T100 Satin Black (deux c\u00f4t\u00e9s) - La Poderosa Goods - Sacoches de selle, bagages et accessoires de moto haut de gamme<\/title>\n<meta name=\"robots\" content=\"index, follow, max-snippet:-1, max-image-preview:large, max-video-preview:-1\" \/>\n<link rel=\"canonical\" href=\"https:\/\/lapoderosagoods.com\/fr\/produit\/support-de-sacoche-triumph-bonneville-t100-satin-black-deux-cotes\/\" \/>\n<meta property=\"og:locale\" content=\"fr_FR\" \/>\n<meta property=\"og:type\" content=\"article\" \/>\n<meta property=\"og:title\" content=\"Support de sacoche Triumph Bonneville T100 Satin Black (deux c\u00f4t\u00e9s) - La Poderosa Goods - Sacoches de selle, bagages et accessoires de moto haut de gamme\" \/>\n<meta property=\"og:description\" content=\"Cadre en acier finition Satin Black pour Triumph Bonneville pour 2 sacoches (1 de chaque c\u00f4t\u00e9). Pi\u00e8ces destin\u00e9es \u00e0 \u00eatre viss\u00e9es sur le berceau arri\u00e8re de tout mod\u00e8le Triumph Bonneville * \u00e0 l&#039;aide de vis. Finition peinture Epoxi\u00a0haute r\u00e9sistance. Style classic\u00a0\u00a0et minimal, parfait m\u00eame avec le sac lat\u00e9ral retir\u00e9. Structure tr\u00e8s solide pour des charges [...]\" \/>\n<meta property=\"og:url\" content=\"https:\/\/lapoderosagoods.com\/fr\/produit\/support-de-sacoche-triumph-bonneville-t100-satin-black-deux-cotes\/\" \/>\n<meta property=\"og:site_name\" content=\"La Poderosa Goods - Sacoches de selle, bagages et accessoires de moto haut de gamme\" \/>\n<meta property=\"article:modified_time\" content=\"2026-02-19T14:24:14+00:00\" \/>\n<meta property=\"og:image\" content=\"https:\/\/lapoderosagoods.com\/wp-content\/uploads\/2021\/06\/Triumph-Bonneville-T100-LHS-rack-close-view-scaled.jpg\" \/>\n\t<meta property=\"og:image:width\" content=\"2560\" \/>\n\t<meta property=\"og:image:height\" content=\"1920\" \/>\n<meta name=\"twitter:card\" content=\"summary_large_image\" \/>\n<script type=\"application\/ld+json\" class=\"yoast-schema-graph\">{\"@context\":\"https:\/\/schema.org\",\"@graph\":[{\"@type\":\"Organization\",\"@id\":\"https:\/\/lapoderosagoods.com\/#organization\",\"name\":\"La Poderosa Classic Goods\",\"url\":\"https:\/\/lapoderosagoods.com\/\",\"sameAs\":[],\"logo\":{\"@type\":\"ImageObject\",\"@id\":\"https:\/\/lapoderosagoods.com\/#logo\",\"inLanguage\":\"fr-FR\",\"url\":\"https:\/\/lapoderosagoods.com\/wp-content\/uploads\/2019\/10\/poderosa.png\",\"contentUrl\":\"https:\/\/lapoderosagoods.com\/wp-content\/uploads\/2019\/10\/poderosa.png\",\"width\":290,\"height\":209,\"caption\":\"La Poderosa Classic Goods\"},\"image\":{\"@id\":\"https:\/\/lapoderosagoods.com\/#logo\"}},{\"@type\":\"WebSite\",\"@id\":\"https:\/\/lapoderosagoods.com\/#website\",\"url\":\"https:\/\/lapoderosagoods.com\/\",\"name\":\"La Poderosa Goods - Sacoches de selle, bagages et accessoires de moto haut de gamme\",\"description\":\"Bagages, supports, sacoches et accessoires pour les motos classiques, caf\\u00e9 racer ou d'aventure. \",\"publisher\":{\"@id\":\"https:\/\/lapoderosagoods.com\/#organization\"},\"potentialAction\":[{\"@type\":\"SearchAction\",\"target\":{\"@type\":\"EntryPoint\",\"urlTemplate\":\"https:\/\/lapoderosagoods.com\/?s={search_term_string}\"},\"query-input\":\"required name=search_term_string\"}],\"inLanguage\":\"fr-FR\"},{\"@type\":\"ImageObject\",\"@id\":\"https:\/\/lapoderosagoods.com\/fr\/produit\/support-de-sacoche-triumph-bonneville-t100-satin-black-deux-cotes\/#primaryimage\",\"inLanguage\":\"fr-FR\",\"url\":\"https:\/\/lapoderosagoods.com\/wp-content\/uploads\/2021\/06\/Triumph-Bonneville-T100-LHS-rack-close-view-scaled.jpg\",\"contentUrl\":\"https:\/\/lapoderosagoods.com\/wp-content\/uploads\/2021\/06\/Triumph-Bonneville-T100-LHS-rack-close-view-scaled.jpg\",\"width\":2560,\"height\":1920},{\"@type\":\"WebPage\",\"@id\":\"https:\/\/lapoderosagoods.com\/fr\/produit\/support-de-sacoche-triumph-bonneville-t100-satin-black-deux-cotes\/#webpage\",\"url\":\"https:\/\/lapoderosagoods.com\/fr\/produit\/support-de-sacoche-triumph-bonneville-t100-satin-black-deux-cotes\/\",\"name\":\"Support de sacoche Triumph Bonneville T100 Satin Black (deux c\\u00f4t\\u00e9s) - La Poderosa Goods - Sacoches de selle, bagages et accessoires de moto haut de gamme\",\"isPartOf\":{\"@id\":\"https:\/\/lapoderosagoods.com\/#website\"},\"primaryImageOfPage\":{\"@id\":\"https:\/\/lapoderosagoods.com\/fr\/produit\/support-de-sacoche-triumph-bonneville-t100-satin-black-deux-cotes\/#primaryimage\"},\"datePublished\":\"2021-06-25T10:06:03+00:00\",\"dateModified\":\"2026-02-19T14:24:14+00:00\",\"breadcrumb\":{\"@id\":\"https:\/\/lapoderosagoods.com\/fr\/produit\/support-de-sacoche-triumph-bonneville-t100-satin-black-deux-cotes\/#breadcrumb\"},\"inLanguage\":\"fr-FR\",\"potentialAction\":[{\"@type\":\"ReadAction\",\"target\":[\"https:\/\/lapoderosagoods.com\/fr\/produit\/support-de-sacoche-triumph-bonneville-t100-satin-black-deux-cotes\/\"]}]},{\"@type\":\"BreadcrumbList\",\"@id\":\"https:\/\/lapoderosagoods.com\/fr\/produit\/support-de-sacoche-triumph-bonneville-t100-satin-black-deux-cotes\/#breadcrumb\",\"itemListElement\":[{\"@type\":\"ListItem\",\"position\":1,\"name\":\"Portada\",\"item\":\"https:\/\/lapoderosagoods.com\/\"},{\"@type\":\"ListItem\",\"position\":2,\"name\":\"Produits\",\"item\":\"https:\/\/lapoderosagoods.com\/fr\/produits\/\"},{\"@type\":\"ListItem\",\"position\":3,\"name\":\"Support de sacoche Triumph Bonneville T100 Satin Black (deux c\\u00f4t\\u00e9s)\"}]}]}<\/script>\n<!-- \/ Yoast SEO plugin. -->","yoast_head_json":{"title":"Support de sacoche Triumph Bonneville T100 Satin Black (deux c\u00f4t\u00e9s) - La Poderosa Goods - Sacoches de selle, bagages et accessoires de moto haut de gamme","robots":{"index":"index","follow":"follow","max-snippet":"max-snippet:-1","max-image-preview":"max-image-preview:large","max-video-preview":"max-video-preview:-1"},"canonical":"https:\/\/lapoderosagoods.com\/fr\/produit\/support-de-sacoche-triumph-bonneville-t100-satin-black-deux-cotes\/","og_locale":"fr_FR","og_type":"article","og_title":"Support de sacoche Triumph Bonneville T100 Satin Black (deux c\u00f4t\u00e9s) - La Poderosa Goods - Sacoches de selle, bagages et accessoires de moto haut de gamme","og_description":"Cadre en acier finition Satin Black pour Triumph Bonneville pour 2 sacoches (1 de chaque c\u00f4t\u00e9). Pi\u00e8ces destin\u00e9es \u00e0 \u00eatre viss\u00e9es sur le berceau arri\u00e8re de tout mod\u00e8le Triumph Bonneville * \u00e0 l'aide de vis. Finition peinture Epoxi\u00a0haute r\u00e9sistance. Style classic\u00a0\u00a0et minimal, parfait m\u00eame avec le sac lat\u00e9ral retir\u00e9. Structure tr\u00e8s solide pour des charges [...]","og_url":"https:\/\/lapoderosagoods.com\/fr\/produit\/support-de-sacoche-triumph-bonneville-t100-satin-black-deux-cotes\/","og_site_name":"La Poderosa Goods - Sacoches de selle, bagages et accessoires de moto haut de gamme","article_modified_time":"2026-02-19T14:24:14+00:00","og_image":[{"width":2560,"height":1920,"url":"https:\/\/lapoderosagoods.com\/wp-content\/uploads\/2021\/06\/Triumph-Bonneville-T100-LHS-rack-close-view-scaled.jpg","path":"\/home\/spainmot\/lapoderosagoods\/wp-content\/uploads\/2021\/06\/Triumph-Bonneville-T100-LHS-rack-close-view-scaled.jpg","size":"full","id":16857,"alt":"","pixels":4915200,"type":"image\/jpeg"}],"twitter_card":"summary_large_image","schema":{"@context":"https:\/\/schema.org","@graph":[{"@type":"Organization","@id":"https:\/\/lapoderosagoods.com\/#organization","name":"La Poderosa Classic Goods","url":"https:\/\/lapoderosagoods.com\/","sameAs":[],"logo":{"@type":"ImageObject","@id":"https:\/\/lapoderosagoods.com\/#logo","inLanguage":"fr-FR","url":"https:\/\/lapoderosagoods.com\/wp-content\/uploads\/2019\/10\/poderosa.png","contentUrl":"https:\/\/lapoderosagoods.com\/wp-content\/uploads\/2019\/10\/poderosa.png","width":290,"height":209,"caption":"La Poderosa Classic Goods"},"image":{"@id":"https:\/\/lapoderosagoods.com\/#logo"}},{"@type":"WebSite","@id":"https:\/\/lapoderosagoods.com\/#website","url":"https:\/\/lapoderosagoods.com\/","name":"La Poderosa Goods - Sacoches de selle, bagages et accessoires de moto haut de gamme","description":"Bagages, supports, sacoches et accessoires pour les motos classiques, caf\u00e9 racer ou d'aventure. ","publisher":{"@id":"https:\/\/lapoderosagoods.com\/#organization"},"potentialAction":[{"@type":"SearchAction","target":{"@type":"EntryPoint","urlTemplate":"https:\/\/lapoderosagoods.com\/?s={search_term_string}"},"query-input":"required name=search_term_string"}],"inLanguage":"fr-FR"},{"@type":"ImageObject","@id":"https:\/\/lapoderosagoods.com\/fr\/produit\/support-de-sacoche-triumph-bonneville-t100-satin-black-deux-cotes\/#primaryimage","inLanguage":"fr-FR","url":"https:\/\/lapoderosagoods.com\/wp-content\/uploads\/2021\/06\/Triumph-Bonneville-T100-LHS-rack-close-view-scaled.jpg","contentUrl":"https:\/\/lapoderosagoods.com\/wp-content\/uploads\/2021\/06\/Triumph-Bonneville-T100-LHS-rack-close-view-scaled.jpg","width":2560,"height":1920},{"@type":"WebPage","@id":"https:\/\/lapoderosagoods.com\/fr\/produit\/support-de-sacoche-triumph-bonneville-t100-satin-black-deux-cotes\/#webpage","url":"https:\/\/lapoderosagoods.com\/fr\/produit\/support-de-sacoche-triumph-bonneville-t100-satin-black-deux-cotes\/","name":"Support de sacoche Triumph Bonneville T100 Satin Black (deux c\u00f4t\u00e9s) - La Poderosa Goods - Sacoches de selle, bagages et accessoires de moto haut de gamme","isPartOf":{"@id":"https:\/\/lapoderosagoods.com\/#website"},"primaryImageOfPage":{"@id":"https:\/\/lapoderosagoods.com\/fr\/produit\/support-de-sacoche-triumph-bonneville-t100-satin-black-deux-cotes\/#primaryimage"},"datePublished":"2021-06-25T10:06:03+00:00","dateModified":"2026-02-19T14:24:14+00:00","breadcrumb":{"@id":"https:\/\/lapoderosagoods.com\/fr\/produit\/support-de-sacoche-triumph-bonneville-t100-satin-black-deux-cotes\/#breadcrumb"},"inLanguage":"fr-FR","potentialAction":[{"@type":"ReadAction","target":["https:\/\/lapoderosagoods.com\/fr\/produit\/support-de-sacoche-triumph-bonneville-t100-satin-black-deux-cotes\/"]}]},{"@type":"BreadcrumbList","@id":"https:\/\/lapoderosagoods.com\/fr\/produit\/support-de-sacoche-triumph-bonneville-t100-satin-black-deux-cotes\/#breadcrumb","itemListElement":[{"@type":"ListItem","position":1,"name":"Portada","item":"https:\/\/lapoderosagoods.com\/"},{"@type":"ListItem","position":2,"name":"Produits","item":"https:\/\/lapoderosagoods.com\/fr\/produits\/"},{"@type":"ListItem","position":3,"name":"Support de sacoche Triumph Bonneville T100 Satin Black (deux c\u00f4t\u00e9s)"}]}]}},"_links":{"self":[{"href":"https:\/\/lapoderosagoods.com\/fr\/wp-json\/wp\/v2\/product\/9336"}],"collection":[{"href":"https:\/\/lapoderosagoods.com\/fr\/wp-json\/wp\/v2\/product"}],"about":[{"href":"https:\/\/lapoderosagoods.com\/fr\/wp-json\/wp\/v2\/types\/product"}],"replies":[{"embeddable":true,"href":"https:\/\/lapoderosagoods.com\/fr\/wp-json\/wp\/v2\/comments?post=9336"}],"wp:featuredmedia":[{"embeddable":true,"href":"https:\/\/lapoderosagoods.com\/fr\/wp-json\/wp\/v2\/media\/16857"}],"wp:attachment":[{"href":"https:\/\/lapoderosagoods.com\/fr\/wp-json\/wp\/v2\/media?parent=9336"}],"wp:term":[{"taxonomy":"product_cat","embeddable":true,"href":"https:\/\/lapoderosagoods.com\/fr\/wp-json\/wp\/v2\/product_cat?post=9336"},{"taxonomy":"product_tag","embeddable":true,"href":"https:\/\/lapoderosagoods.com\/fr\/wp-json\/wp\/v2\/product_tag?post=9336"}],"curies":[{"name":"wp","href":"https:\/\/api.w.org\/{rel}","templated":true}]}}