{"id":9319,"date":"2021-06-25T12:06:16","date_gmt":"2021-06-25T10:06:16","guid":{"rendered":"https:\/\/lapoderosagoods.spainmotoexperiences.es\/producto\/support-de-sacoche-triumph-street-scrambler-satin-black-des-deux-cotes\/"},"modified":"2025-07-30T12:32:01","modified_gmt":"2025-07-30T10:32:01","slug":"support-de-sacoche-triumph-street-scrambler-satin-black-des-deux-cotes","status":"publish","type":"product","link":"https:\/\/lapoderosagoods.com\/fr\/produit\/support-de-sacoche-triumph-street-scrambler-satin-black-des-deux-cotes\/","title":{"rendered":"Support de sacoche Triumph Street Scrambler Satin Black (des deux c\u00f4t\u00e9s)"},"content":{"rendered":"<div class=\"product-single__description rte\">\n<p class=\"s3\"><span class=\"s2\">Cadre en acier finition Satin Black pour Triumph Street Scrambler pour deux sacoches, une de chaque c\u00f4t\u00e9.\u00a0<\/span><\/p>\n<p class=\"s3\"><span class=\"s2\">Conception des pi\u00e8ces <\/span><span class=\"s2\">\u00a0<\/span><span class=\"s2\">tuples \u00e0 visser sur le berceau arri\u00e8re I n&rsquo;importe quel Triumph Street Scrambler *\u00a0 <\/span><span class=\"s2\">par vis.\u00a0<\/span><\/p>\n<p class=\"s3\"><span class=\"s2\">Rev\u00eaterment en poudre noir satine fini .<\/span><\/p>\n<p class=\"s3\"><span class=\"s2\">Classic <\/span><span class=\"s2\">et minimaliste, parfait m\u00eame avec le sac lat\u00e9ral retir\u00e9.<\/span><\/p>\n<p class=\"s3\"><span class=\"s2\">Con\u00e7u pour utiliser l&rsquo;\u00e9chappement universel. Nous ne garantissons pas qu&rsquo;il s&rsquo;adaptera \u00e0 d&rsquo;autres mod\u00e8les d&rsquo;\u00e9chappement.<\/span><\/p>\n<p class=\"s3\"><span class=\"s2\">Structure tr\u00e8s solide pour des charges jusqu&rsquo;\u00e0 \u00a010kg par sac.<\/span><\/p>\n<p class=\"s3\"><span class=\"s2\">* Compatible avec les mod\u00e8les suivants (veuillez confirmer votre mod\u00e8le exact lors de la commande) :<\/span><\/p>\n<p class=\"s3\"><span class=\"s2\">\u00a0 Triumph \u00a0Street Scrambler 900 ( 2017-2023)\u00a0<\/span><\/p>\n<p>Triumph Street Scrambler 900 Sandstorm<\/p>\n<p>Triumph Scrambler 900 ( 2023&gt;)<\/p>\n<\/div>\n","protected":false},"excerpt":{"rendered":"<p>Cadre en acier finition Satin Black pour Triumph Street Scrambler pour deux sacoches, une de chaque c\u00f4t\u00e9.\u00a0 Conception des pi\u00e8ces \u00a0tuples \u00e0 visser sur le berceau arri\u00e8re I n&rsquo;importe quel Triumph Street Scrambler *\u00a0 par vis.\u00a0 Rev\u00eaterment en poudre noir satine fini . Classic et minimaliste, parfait m\u00eame avec le sac lat\u00e9ral retir\u00e9. Con\u00e7u pour [&#8230;]\n","protected":false},"featured_media":11131,"comment_status":"closed","ping_status":"closed","template":"","meta":{"spay_email":""},"product_cat":[115,734,148],"product_tag":[314],"yoast_head":"<!-- This site is optimized with the Yoast SEO plugin v16.8 - https:\/\/yoast.com\/wordpress\/plugins\/seo\/ -->\n<title>Support de sacoche Triumph Street Scrambler Satin Black (des deux c\u00f4t\u00e9s) - La Poderosa Goods - Sacoches de selle, bagages et accessoires de moto haut de gamme<\/title>\n<meta name=\"robots\" content=\"index, follow, max-snippet:-1, max-image-preview:large, max-video-preview:-1\" \/>\n<link rel=\"canonical\" href=\"https:\/\/lapoderosagoods.com\/fr\/produit\/soporte-para-alforjas-triumph-street-scrambler-negro-satinado-ambos-lados\/\" \/>\n<meta property=\"og:locale\" content=\"fr_FR\" \/>\n<meta property=\"og:type\" content=\"article\" \/>\n<meta property=\"og:title\" content=\"Support de sacoche Triumph Street Scrambler Satin Black (des deux c\u00f4t\u00e9s) - La Poderosa Goods - Sacoches de selle, bagages et accessoires de moto haut de gamme\" \/>\n<meta property=\"og:description\" content=\"Cadre en acier finition Satin Black pour Triumph Street Scrambler pour deux sacoches, une de chaque c\u00f4t\u00e9.\u00a0 Conception des pi\u00e8ces \u00a0tuples \u00e0 visser sur le berceau arri\u00e8re I n&rsquo;importe quel Triumph Street Scrambler *\u00a0 par vis.\u00a0 Rev\u00eaterment en poudre noir satine fini . Classic et minimaliste, parfait m\u00eame avec le sac lat\u00e9ral retir\u00e9. Con\u00e7u pour [...]\" \/>\n<meta property=\"og:url\" content=\"https:\/\/lapoderosagoods.com\/produit\/soporte-para-alforjas-triumph-street-scrambler-negro-satinado-ambos-lados\/\" \/>\n<meta property=\"og:site_name\" content=\"La Poderosa Goods - Sacoches de selle, bagages et accessoires de moto haut de gamme\" \/>\n<meta property=\"article:modified_time\" content=\"2025-07-30T10:32:01+00:00\" \/>\n<meta property=\"og:image\" content=\"https:\/\/lapoderosagoods.com\/wp-content\/uploads\/2021\/06\/Street-scrambler-japan-RHS-.jpg\" \/>\n\t<meta property=\"og:image:width\" content=\"809\" \/>\n\t<meta property=\"og:image:height\" content=\"809\" \/>\n<meta name=\"twitter:card\" content=\"summary_large_image\" \/>\n<meta name=\"twitter:label1\" content=\"Dur\u00e9e de lecture est.\" \/>\n\t<meta name=\"twitter:data1\" content=\"1 minute\" \/>\n<script type=\"application\/ld+json\" class=\"yoast-schema-graph\">{\"@context\":\"https:\/\/schema.org\",\"@graph\":[{\"@type\":\"Organization\",\"@id\":\"https:\/\/lapoderosagoods.com\/#organization\",\"name\":\"La Poderosa Classic Goods\",\"url\":\"https:\/\/lapoderosagoods.com\/\",\"sameAs\":[],\"logo\":{\"@type\":\"ImageObject\",\"@id\":\"https:\/\/lapoderosagoods.com\/#logo\",\"inLanguage\":\"fr-FR\",\"url\":\"https:\/\/lapoderosagoods.com\/wp-content\/uploads\/2019\/10\/poderosa.png\",\"contentUrl\":\"https:\/\/lapoderosagoods.com\/wp-content\/uploads\/2019\/10\/poderosa.png\",\"width\":290,\"height\":209,\"caption\":\"La Poderosa Classic Goods\"},\"image\":{\"@id\":\"https:\/\/lapoderosagoods.com\/#logo\"}},{\"@type\":\"WebSite\",\"@id\":\"https:\/\/lapoderosagoods.com\/#website\",\"url\":\"https:\/\/lapoderosagoods.com\/\",\"name\":\"La Poderosa Goods - Sacoches de selle, bagages et accessoires de moto haut de gamme\",\"description\":\"Bagages, supports, sacoches et accessoires pour les motos classiques, caf\\u00e9 racer ou d'aventure. \",\"publisher\":{\"@id\":\"https:\/\/lapoderosagoods.com\/#organization\"},\"potentialAction\":[{\"@type\":\"SearchAction\",\"target\":{\"@type\":\"EntryPoint\",\"urlTemplate\":\"https:\/\/lapoderosagoods.com\/?s={search_term_string}\"},\"query-input\":\"required name=search_term_string\"}],\"inLanguage\":\"fr-FR\"},{\"@type\":\"ImageObject\",\"@id\":\"https:\/\/lapoderosagoods.com\/produit\/soporte-para-alforjas-triumph-street-scrambler-negro-satinado-ambos-lados\/#primaryimage\",\"inLanguage\":\"fr-FR\",\"url\":\"https:\/\/lapoderosagoods.com\/wp-content\/uploads\/2021\/06\/Street-scrambler-japan-RHS-.jpg\",\"contentUrl\":\"https:\/\/lapoderosagoods.com\/wp-content\/uploads\/2021\/06\/Street-scrambler-japan-RHS-.jpg\",\"width\":809,\"height\":809},{\"@type\":\"WebPage\",\"@id\":\"https:\/\/lapoderosagoods.com\/produit\/soporte-para-alforjas-triumph-street-scrambler-negro-satinado-ambos-lados\/#webpage\",\"url\":\"https:\/\/lapoderosagoods.com\/produit\/soporte-para-alforjas-triumph-street-scrambler-negro-satinado-ambos-lados\/\",\"name\":\"Support de sacoche Triumph Street Scrambler Satin Black (des deux c\\u00f4t\\u00e9s) - La Poderosa Goods - Sacoches de selle, bagages et accessoires de moto haut de gamme\",\"isPartOf\":{\"@id\":\"https:\/\/lapoderosagoods.com\/#website\"},\"primaryImageOfPage\":{\"@id\":\"https:\/\/lapoderosagoods.com\/produit\/soporte-para-alforjas-triumph-street-scrambler-negro-satinado-ambos-lados\/#primaryimage\"},\"datePublished\":\"2021-06-25T10:06:16+00:00\",\"dateModified\":\"2025-07-30T10:32:01+00:00\",\"breadcrumb\":{\"@id\":\"https:\/\/lapoderosagoods.com\/produit\/soporte-para-alforjas-triumph-street-scrambler-negro-satinado-ambos-lados\/#breadcrumb\"},\"inLanguage\":\"fr-FR\",\"potentialAction\":[{\"@type\":\"ReadAction\",\"target\":[\"https:\/\/lapoderosagoods.com\/produit\/soporte-para-alforjas-triumph-street-scrambler-negro-satinado-ambos-lados\/\"]}]},{\"@type\":\"BreadcrumbList\",\"@id\":\"https:\/\/lapoderosagoods.com\/produit\/soporte-para-alforjas-triumph-street-scrambler-negro-satinado-ambos-lados\/#breadcrumb\",\"itemListElement\":[{\"@type\":\"ListItem\",\"position\":1,\"name\":\"Portada\",\"item\":\"https:\/\/lapoderosagoods.com\/\"},{\"@type\":\"ListItem\",\"position\":2,\"name\":\"Produits\",\"item\":\"https:\/\/lapoderosagoods.com\/fr\/produits\/\"},{\"@type\":\"ListItem\",\"position\":3,\"name\":\"Support de sacoche Triumph Street Scrambler Satin Black (des deux c\\u00f4t\\u00e9s)\"}]}]}<\/script>\n<!-- \/ Yoast SEO plugin. -->","yoast_head_json":{"title":"Support de sacoche Triumph Street Scrambler Satin Black (des deux c\u00f4t\u00e9s) - La Poderosa Goods - Sacoches de selle, bagages et accessoires de moto haut de gamme","robots":{"index":"index","follow":"follow","max-snippet":"max-snippet:-1","max-image-preview":"max-image-preview:large","max-video-preview":"max-video-preview:-1"},"canonical":"https:\/\/lapoderosagoods.com\/fr\/produit\/soporte-para-alforjas-triumph-street-scrambler-negro-satinado-ambos-lados\/","og_locale":"fr_FR","og_type":"article","og_title":"Support de sacoche Triumph Street Scrambler Satin Black (des deux c\u00f4t\u00e9s) - La Poderosa Goods - Sacoches de selle, bagages et accessoires de moto haut de gamme","og_description":"Cadre en acier finition Satin Black pour Triumph Street Scrambler pour deux sacoches, une de chaque c\u00f4t\u00e9.\u00a0 Conception des pi\u00e8ces \u00a0tuples \u00e0 visser sur le berceau arri\u00e8re I n&rsquo;importe quel Triumph Street Scrambler *\u00a0 par vis.\u00a0 Rev\u00eaterment en poudre noir satine fini . Classic et minimaliste, parfait m\u00eame avec le sac lat\u00e9ral retir\u00e9. Con\u00e7u pour [...]","og_url":"https:\/\/lapoderosagoods.com\/produit\/soporte-para-alforjas-triumph-street-scrambler-negro-satinado-ambos-lados\/","og_site_name":"La Poderosa Goods - Sacoches de selle, bagages et accessoires de moto haut de gamme","article_modified_time":"2025-07-30T10:32:01+00:00","og_image":[{"width":809,"height":809,"url":"https:\/\/lapoderosagoods.com\/wp-content\/uploads\/2021\/06\/Street-scrambler-japan-RHS-.jpg","path":"\/home\/spainmot\/lapoderosagoods\/wp-content\/uploads\/2021\/06\/Street-scrambler-japan-RHS-.jpg","size":"full","id":11131,"alt":"","pixels":654481,"type":"image\/jpeg"}],"twitter_card":"summary_large_image","twitter_misc":{"Dur\u00e9e de lecture est.":"1 minute"},"schema":{"@context":"https:\/\/schema.org","@graph":[{"@type":"Organization","@id":"https:\/\/lapoderosagoods.com\/#organization","name":"La Poderosa Classic Goods","url":"https:\/\/lapoderosagoods.com\/","sameAs":[],"logo":{"@type":"ImageObject","@id":"https:\/\/lapoderosagoods.com\/#logo","inLanguage":"fr-FR","url":"https:\/\/lapoderosagoods.com\/wp-content\/uploads\/2019\/10\/poderosa.png","contentUrl":"https:\/\/lapoderosagoods.com\/wp-content\/uploads\/2019\/10\/poderosa.png","width":290,"height":209,"caption":"La Poderosa Classic Goods"},"image":{"@id":"https:\/\/lapoderosagoods.com\/#logo"}},{"@type":"WebSite","@id":"https:\/\/lapoderosagoods.com\/#website","url":"https:\/\/lapoderosagoods.com\/","name":"La Poderosa Goods - Sacoches de selle, bagages et accessoires de moto haut de gamme","description":"Bagages, supports, sacoches et accessoires pour les motos classiques, caf\u00e9 racer ou d'aventure. ","publisher":{"@id":"https:\/\/lapoderosagoods.com\/#organization"},"potentialAction":[{"@type":"SearchAction","target":{"@type":"EntryPoint","urlTemplate":"https:\/\/lapoderosagoods.com\/?s={search_term_string}"},"query-input":"required name=search_term_string"}],"inLanguage":"fr-FR"},{"@type":"ImageObject","@id":"https:\/\/lapoderosagoods.com\/produit\/soporte-para-alforjas-triumph-street-scrambler-negro-satinado-ambos-lados\/#primaryimage","inLanguage":"fr-FR","url":"https:\/\/lapoderosagoods.com\/wp-content\/uploads\/2021\/06\/Street-scrambler-japan-RHS-.jpg","contentUrl":"https:\/\/lapoderosagoods.com\/wp-content\/uploads\/2021\/06\/Street-scrambler-japan-RHS-.jpg","width":809,"height":809},{"@type":"WebPage","@id":"https:\/\/lapoderosagoods.com\/produit\/soporte-para-alforjas-triumph-street-scrambler-negro-satinado-ambos-lados\/#webpage","url":"https:\/\/lapoderosagoods.com\/produit\/soporte-para-alforjas-triumph-street-scrambler-negro-satinado-ambos-lados\/","name":"Support de sacoche Triumph Street Scrambler Satin Black (des deux c\u00f4t\u00e9s) - La Poderosa Goods - Sacoches de selle, bagages et accessoires de moto haut de gamme","isPartOf":{"@id":"https:\/\/lapoderosagoods.com\/#website"},"primaryImageOfPage":{"@id":"https:\/\/lapoderosagoods.com\/produit\/soporte-para-alforjas-triumph-street-scrambler-negro-satinado-ambos-lados\/#primaryimage"},"datePublished":"2021-06-25T10:06:16+00:00","dateModified":"2025-07-30T10:32:01+00:00","breadcrumb":{"@id":"https:\/\/lapoderosagoods.com\/produit\/soporte-para-alforjas-triumph-street-scrambler-negro-satinado-ambos-lados\/#breadcrumb"},"inLanguage":"fr-FR","potentialAction":[{"@type":"ReadAction","target":["https:\/\/lapoderosagoods.com\/produit\/soporte-para-alforjas-triumph-street-scrambler-negro-satinado-ambos-lados\/"]}]},{"@type":"BreadcrumbList","@id":"https:\/\/lapoderosagoods.com\/produit\/soporte-para-alforjas-triumph-street-scrambler-negro-satinado-ambos-lados\/#breadcrumb","itemListElement":[{"@type":"ListItem","position":1,"name":"Portada","item":"https:\/\/lapoderosagoods.com\/"},{"@type":"ListItem","position":2,"name":"Produits","item":"https:\/\/lapoderosagoods.com\/fr\/produits\/"},{"@type":"ListItem","position":3,"name":"Support de sacoche Triumph Street Scrambler Satin Black (des deux c\u00f4t\u00e9s)"}]}]}},"_links":{"self":[{"href":"https:\/\/lapoderosagoods.com\/fr\/wp-json\/wp\/v2\/product\/9319"}],"collection":[{"href":"https:\/\/lapoderosagoods.com\/fr\/wp-json\/wp\/v2\/product"}],"about":[{"href":"https:\/\/lapoderosagoods.com\/fr\/wp-json\/wp\/v2\/types\/product"}],"replies":[{"embeddable":true,"href":"https:\/\/lapoderosagoods.com\/fr\/wp-json\/wp\/v2\/comments?post=9319"}],"wp:featuredmedia":[{"embeddable":true,"href":"https:\/\/lapoderosagoods.com\/fr\/wp-json\/wp\/v2\/media\/11131"}],"wp:attachment":[{"href":"https:\/\/lapoderosagoods.com\/fr\/wp-json\/wp\/v2\/media?parent=9319"}],"wp:term":[{"taxonomy":"product_cat","embeddable":true,"href":"https:\/\/lapoderosagoods.com\/fr\/wp-json\/wp\/v2\/product_cat?post=9319"},{"taxonomy":"product_tag","embeddable":true,"href":"https:\/\/lapoderosagoods.com\/fr\/wp-json\/wp\/v2\/product_tag?post=9319"}],"curies":[{"name":"wp","href":"https:\/\/api.w.org\/{rel}","templated":true}]}}