{"id":24056,"date":"2026-04-18T10:39:30","date_gmt":"2026-04-18T08:39:32","guid":{"rendered":"https:\/\/lapoderosagoods.com\/?post_type=product&#038;p=24056"},"modified":"2026-04-18T11:08:44","modified_gmt":"2026-04-18T09:08:44","slug":"sacoche-dakhla-12l-bristol-grey","status":"publish","type":"product","link":"https:\/\/lapoderosagoods.com\/fr\/produit\/sacoche-dakhla-12l-bristol-grey\/","title":{"rendered":"Sacoche Dakhla 12L &#8211; Bristol Grey"},"content":{"rendered":"<div class=\"product-single__description rte\">\n<p class=\"s3\"><span class=\"s2\">Fait main en Espagne <\/span><span class=\"s2\">\u00e0 une toile de coton <\/span><span class=\"s2\">ou <\/span><span class=\"s2\">n 100% cir\u00e9 et imperm\u00e9able \u00e0 l&rsquo; eau 560 gr \/ m2 (20 onces).<\/span><\/p>\n<p class=\"s3\"><span class=\"s2\">Le prix de la sacoche ne comprend pas les supports \u00e0 la moto.<\/span><\/p>\n<p class=\"s3\"><span class=\"s2\"><br \/>\nDoublure tartan rouge et cuir naturel de 4 mm d&rsquo;\u00e9paisseur. <\/span><\/p>\n<p>Tous les mat\u00e9riaux sont de la plus haute qualit\u00e9 et tr\u00e8s r\u00e9sistants.<\/p>\n<p class=\"s3\"><span class=\"s2\">Syst\u00e8me de fixation <\/span><span class=\"s2\">il ou <\/span><span class=\"s2\">n au cadre en acier par couplage Klick-fix de la technologie <\/span><span class=\"s2\">\u00ed <\/span><span class=\"s2\">\u00e0 l&rsquo;allemande et verrouillable ( inclus et assemble).<\/span><\/p>\n<p>Poche pour documentation ou n et poign\u00e9e pour accrocher.<\/p>\n<p class=\"s3\"><span class=\"s2\">Poign\u00e9e de suspension et cl\u00e9 de fermeture incluses.<\/span><\/p>\n<p class=\"s3\"><span class=\"s2\">Dimensions: hauteur de 33cm (extensible \u00e0 44 cm) de large x 25cm x 12cm suffisamment profonde pour accueillir un port d&rsquo;ordinateur <\/span><span class=\"s2\">\u00e0 <\/span><span class=\"s2\">haut utile pour 15 pouces. Environ 12 litres.<\/span><\/p>\n<p class=\"s3\"><span class=\"s2\">Indispensable pour voyager avec style, seul ou accompagn\u00e9 <\/span><span class=\"s2\">.<\/span><\/p>\n<p class=\"s3\"><span class=\"s2\">Sacoche lat\u00e9rale test\u00e9e sur plus de 30000km avec des charges allant jusqu&rsquo;\u00e0 10kg.<\/span><\/p>\n<p class=\"s3\"><span class=\"s2\">Couleur gris bristol \u00a0<\/span><span class=\"s2\">( <\/span><span class=\"s2\">avec finitions en cuir noir) <\/span><span class=\"s2\">. <\/span><span class=\"s2\">Doublure tartan rouge.<\/span><\/p>\n<p>Pour les climats pluvieux nous recommandons nos sacs int\u00e9rieurs en phthalates free PVC. ( model S )<\/p>\n<\/div>\n","protected":false},"excerpt":{"rendered":"<p>Fait main en Espagne \u00e0 une toile de coton ou n 100% cir\u00e9 et imperm\u00e9able \u00e0 l&rsquo; eau 560 gr \/ m2 (20 onces). Le prix de la sacoche ne comprend pas les supports \u00e0 la moto. Doublure tartan rouge et cuir naturel de 4 mm d&rsquo;\u00e9paisseur. Tous les mat\u00e9riaux sont de la plus haute [&#8230;]\n","protected":false},"featured_media":24095,"comment_status":"closed","ping_status":"closed","template":"","meta":{"spay_email":""},"product_cat":[158,113],"product_tag":[775,238,240,611,476,825,260,785,865,440,873,951,869,252,245,886,247,250,866,766,767,850,265,258,855,577,811,778,571,781,559,568,512,269,846,270,914,955,892,601,530,895,515,273,276,898,281,801,902,284,793,797,534,807,290,485,482,488,491,295,818,297,922,631,834,928,635,293,639,907,518,889,647,643,651,655,931,822,967,863,918,300,616,619,304,789,859,307,935,309,314,316,318,627,623,323,500,325,327,830,606,769,330],"yoast_head":"<!-- This site is optimized with the Yoast SEO plugin v16.8 - https:\/\/yoast.com\/wordpress\/plugins\/seo\/ -->\n<title>Sacoche Dakhla 12L - Bristol Grey - La Poderosa Goods - Sacoches de selle, bagages et accessoires de moto haut de gamme<\/title>\n<meta name=\"robots\" content=\"index, follow, max-snippet:-1, max-image-preview:large, max-video-preview:-1\" \/>\n<link rel=\"canonical\" href=\"https:\/\/lapoderosagoods.com\/fr\/produit\/sacoche-dakhla-12l-bristol-grey\/\" \/>\n<meta property=\"og:locale\" content=\"fr_FR\" \/>\n<meta property=\"og:type\" content=\"article\" \/>\n<meta property=\"og:title\" content=\"Sacoche Dakhla 12L - Bristol Grey - La Poderosa Goods - Sacoches de selle, bagages et accessoires de moto haut de gamme\" \/>\n<meta property=\"og:description\" content=\"Fait main en Espagne \u00e0 une toile de coton ou n 100% cir\u00e9 et imperm\u00e9able \u00e0 l&rsquo; eau 560 gr \/ m2 (20 onces). Le prix de la sacoche ne comprend pas les supports \u00e0 la moto. Doublure tartan rouge et cuir naturel de 4 mm d&rsquo;\u00e9paisseur. Tous les mat\u00e9riaux sont de la plus haute [...]\" \/>\n<meta property=\"og:url\" content=\"https:\/\/lapoderosagoods.com\/fr\/produit\/sacoche-dakhla-12l-bristol-grey\/\" \/>\n<meta property=\"og:site_name\" content=\"La Poderosa Goods - Sacoches de selle, bagages et accessoires de moto haut de gamme\" \/>\n<meta property=\"article:modified_time\" content=\"2026-04-18T09:08:44+00:00\" \/>\n<meta property=\"og:image\" content=\"https:\/\/lapoderosagoods.com\/wp-content\/uploads\/2019\/10\/poderosa.png\" \/>\n\t<meta property=\"og:image:width\" content=\"290\" \/>\n\t<meta property=\"og:image:height\" content=\"209\" \/>\n<meta name=\"twitter:card\" content=\"summary_large_image\" \/>\n<meta name=\"twitter:label1\" content=\"Dur\u00e9e de lecture est.\" \/>\n\t<meta name=\"twitter:data1\" content=\"1 minute\" \/>\n<script type=\"application\/ld+json\" class=\"yoast-schema-graph\">{\"@context\":\"https:\/\/schema.org\",\"@graph\":[{\"@type\":\"Organization\",\"@id\":\"https:\/\/lapoderosagoods.com\/#organization\",\"name\":\"La Poderosa Classic Goods\",\"url\":\"https:\/\/lapoderosagoods.com\/\",\"sameAs\":[],\"logo\":{\"@type\":\"ImageObject\",\"@id\":\"https:\/\/lapoderosagoods.com\/#logo\",\"inLanguage\":\"fr-FR\",\"url\":\"https:\/\/lapoderosagoods.com\/wp-content\/uploads\/2019\/10\/poderosa.png\",\"contentUrl\":\"https:\/\/lapoderosagoods.com\/wp-content\/uploads\/2019\/10\/poderosa.png\",\"width\":290,\"height\":209,\"caption\":\"La Poderosa Classic Goods\"},\"image\":{\"@id\":\"https:\/\/lapoderosagoods.com\/#logo\"}},{\"@type\":\"WebSite\",\"@id\":\"https:\/\/lapoderosagoods.com\/#website\",\"url\":\"https:\/\/lapoderosagoods.com\/\",\"name\":\"La Poderosa Goods - Sacoches de selle, bagages et accessoires de moto haut de gamme\",\"description\":\"Bagages, supports, sacoches et accessoires pour les motos classiques, caf\\u00e9 racer ou d'aventure. \",\"publisher\":{\"@id\":\"https:\/\/lapoderosagoods.com\/#organization\"},\"potentialAction\":[{\"@type\":\"SearchAction\",\"target\":{\"@type\":\"EntryPoint\",\"urlTemplate\":\"https:\/\/lapoderosagoods.com\/?s={search_term_string}\"},\"query-input\":\"required name=search_term_string\"}],\"inLanguage\":\"fr-FR\"},{\"@type\":\"ImageObject\",\"@id\":\"https:\/\/lapoderosagoods.com\/fr\/produit\/sacoche-dakhla-12l-bristol-grey\/#primaryimage\",\"inLanguage\":\"fr-FR\",\"url\":\"https:\/\/lapoderosagoods.com\/wp-content\/uploads\/2026\/04\/Dakhla-Bristol-top-view-delante-silueta-.heic\",\"contentUrl\":\"https:\/\/lapoderosagoods.com\/wp-content\/uploads\/2026\/04\/Dakhla-Bristol-top-view-delante-silueta-.heic\"},{\"@type\":\"WebPage\",\"@id\":\"https:\/\/lapoderosagoods.com\/fr\/produit\/sacoche-dakhla-12l-bristol-grey\/#webpage\",\"url\":\"https:\/\/lapoderosagoods.com\/fr\/produit\/sacoche-dakhla-12l-bristol-grey\/\",\"name\":\"Sacoche Dakhla 12L - Bristol Grey - La Poderosa Goods - Sacoches de selle, bagages et accessoires de moto haut de gamme\",\"isPartOf\":{\"@id\":\"https:\/\/lapoderosagoods.com\/#website\"},\"primaryImageOfPage\":{\"@id\":\"https:\/\/lapoderosagoods.com\/fr\/produit\/sacoche-dakhla-12l-bristol-grey\/#primaryimage\"},\"datePublished\":\"2026-04-18T08:39:32+00:00\",\"dateModified\":\"2026-04-18T09:08:44+00:00\",\"breadcrumb\":{\"@id\":\"https:\/\/lapoderosagoods.com\/fr\/produit\/sacoche-dakhla-12l-bristol-grey\/#breadcrumb\"},\"inLanguage\":\"fr-FR\",\"potentialAction\":[{\"@type\":\"ReadAction\",\"target\":[\"https:\/\/lapoderosagoods.com\/fr\/produit\/sacoche-dakhla-12l-bristol-grey\/\"]}]},{\"@type\":\"BreadcrumbList\",\"@id\":\"https:\/\/lapoderosagoods.com\/fr\/produit\/sacoche-dakhla-12l-bristol-grey\/#breadcrumb\",\"itemListElement\":[{\"@type\":\"ListItem\",\"position\":1,\"name\":\"Portada\",\"item\":\"https:\/\/lapoderosagoods.com\/\"},{\"@type\":\"ListItem\",\"position\":2,\"name\":\"Produits\",\"item\":\"https:\/\/lapoderosagoods.com\/fr\/produits\/\"},{\"@type\":\"ListItem\",\"position\":3,\"name\":\"Sacoche Dakhla 12L &#8211; Bristol Grey\"}]}]}<\/script>\n<!-- \/ Yoast SEO plugin. -->","yoast_head_json":{"title":"Sacoche Dakhla 12L - Bristol Grey - La Poderosa Goods - Sacoches de selle, bagages et accessoires de moto haut de gamme","robots":{"index":"index","follow":"follow","max-snippet":"max-snippet:-1","max-image-preview":"max-image-preview:large","max-video-preview":"max-video-preview:-1"},"canonical":"https:\/\/lapoderosagoods.com\/fr\/produit\/sacoche-dakhla-12l-bristol-grey\/","og_locale":"fr_FR","og_type":"article","og_title":"Sacoche Dakhla 12L - Bristol Grey - La Poderosa Goods - Sacoches de selle, bagages et accessoires de moto haut de gamme","og_description":"Fait main en Espagne \u00e0 une toile de coton ou n 100% cir\u00e9 et imperm\u00e9able \u00e0 l&rsquo; eau 560 gr \/ m2 (20 onces). Le prix de la sacoche ne comprend pas les supports \u00e0 la moto. Doublure tartan rouge et cuir naturel de 4 mm d&rsquo;\u00e9paisseur. Tous les mat\u00e9riaux sont de la plus haute [...]","og_url":"https:\/\/lapoderosagoods.com\/fr\/produit\/sacoche-dakhla-12l-bristol-grey\/","og_site_name":"La Poderosa Goods - Sacoches de selle, bagages et accessoires de moto haut de gamme","article_modified_time":"2026-04-18T09:08:44+00:00","og_image":[{"width":290,"height":209,"url":"https:\/\/lapoderosagoods.com\/wp-content\/uploads\/2019\/10\/poderosa.png","path":"\/home\/spainmot\/lapoderosagoods\/wp-content\/uploads\/2019\/10\/poderosa.png","size":"full","id":269,"alt":"","pixels":60610,"type":"image\/png"}],"twitter_card":"summary_large_image","twitter_misc":{"Dur\u00e9e de lecture est.":"1 minute"},"schema":{"@context":"https:\/\/schema.org","@graph":[{"@type":"Organization","@id":"https:\/\/lapoderosagoods.com\/#organization","name":"La Poderosa Classic Goods","url":"https:\/\/lapoderosagoods.com\/","sameAs":[],"logo":{"@type":"ImageObject","@id":"https:\/\/lapoderosagoods.com\/#logo","inLanguage":"fr-FR","url":"https:\/\/lapoderosagoods.com\/wp-content\/uploads\/2019\/10\/poderosa.png","contentUrl":"https:\/\/lapoderosagoods.com\/wp-content\/uploads\/2019\/10\/poderosa.png","width":290,"height":209,"caption":"La Poderosa Classic Goods"},"image":{"@id":"https:\/\/lapoderosagoods.com\/#logo"}},{"@type":"WebSite","@id":"https:\/\/lapoderosagoods.com\/#website","url":"https:\/\/lapoderosagoods.com\/","name":"La Poderosa Goods - Sacoches de selle, bagages et accessoires de moto haut de gamme","description":"Bagages, supports, sacoches et accessoires pour les motos classiques, caf\u00e9 racer ou d'aventure. ","publisher":{"@id":"https:\/\/lapoderosagoods.com\/#organization"},"potentialAction":[{"@type":"SearchAction","target":{"@type":"EntryPoint","urlTemplate":"https:\/\/lapoderosagoods.com\/?s={search_term_string}"},"query-input":"required name=search_term_string"}],"inLanguage":"fr-FR"},{"@type":"ImageObject","@id":"https:\/\/lapoderosagoods.com\/fr\/produit\/sacoche-dakhla-12l-bristol-grey\/#primaryimage","inLanguage":"fr-FR","url":"https:\/\/lapoderosagoods.com\/wp-content\/uploads\/2026\/04\/Dakhla-Bristol-top-view-delante-silueta-.heic","contentUrl":"https:\/\/lapoderosagoods.com\/wp-content\/uploads\/2026\/04\/Dakhla-Bristol-top-view-delante-silueta-.heic"},{"@type":"WebPage","@id":"https:\/\/lapoderosagoods.com\/fr\/produit\/sacoche-dakhla-12l-bristol-grey\/#webpage","url":"https:\/\/lapoderosagoods.com\/fr\/produit\/sacoche-dakhla-12l-bristol-grey\/","name":"Sacoche Dakhla 12L - Bristol Grey - La Poderosa Goods - Sacoches de selle, bagages et accessoires de moto haut de gamme","isPartOf":{"@id":"https:\/\/lapoderosagoods.com\/#website"},"primaryImageOfPage":{"@id":"https:\/\/lapoderosagoods.com\/fr\/produit\/sacoche-dakhla-12l-bristol-grey\/#primaryimage"},"datePublished":"2026-04-18T08:39:32+00:00","dateModified":"2026-04-18T09:08:44+00:00","breadcrumb":{"@id":"https:\/\/lapoderosagoods.com\/fr\/produit\/sacoche-dakhla-12l-bristol-grey\/#breadcrumb"},"inLanguage":"fr-FR","potentialAction":[{"@type":"ReadAction","target":["https:\/\/lapoderosagoods.com\/fr\/produit\/sacoche-dakhla-12l-bristol-grey\/"]}]},{"@type":"BreadcrumbList","@id":"https:\/\/lapoderosagoods.com\/fr\/produit\/sacoche-dakhla-12l-bristol-grey\/#breadcrumb","itemListElement":[{"@type":"ListItem","position":1,"name":"Portada","item":"https:\/\/lapoderosagoods.com\/"},{"@type":"ListItem","position":2,"name":"Produits","item":"https:\/\/lapoderosagoods.com\/fr\/produits\/"},{"@type":"ListItem","position":3,"name":"Sacoche Dakhla 12L &#8211; Bristol Grey"}]}]}},"_links":{"self":[{"href":"https:\/\/lapoderosagoods.com\/fr\/wp-json\/wp\/v2\/product\/24056"}],"collection":[{"href":"https:\/\/lapoderosagoods.com\/fr\/wp-json\/wp\/v2\/product"}],"about":[{"href":"https:\/\/lapoderosagoods.com\/fr\/wp-json\/wp\/v2\/types\/product"}],"replies":[{"embeddable":true,"href":"https:\/\/lapoderosagoods.com\/fr\/wp-json\/wp\/v2\/comments?post=24056"}],"wp:featuredmedia":[{"embeddable":true,"href":"https:\/\/lapoderosagoods.com\/fr\/wp-json\/wp\/v2\/media\/24095"}],"wp:attachment":[{"href":"https:\/\/lapoderosagoods.com\/fr\/wp-json\/wp\/v2\/media?parent=24056"}],"wp:term":[{"taxonomy":"product_cat","embeddable":true,"href":"https:\/\/lapoderosagoods.com\/fr\/wp-json\/wp\/v2\/product_cat?post=24056"},{"taxonomy":"product_tag","embeddable":true,"href":"https:\/\/lapoderosagoods.com\/fr\/wp-json\/wp\/v2\/product_tag?post=24056"}],"curies":[{"name":"wp","href":"https:\/\/api.w.org\/{rel}","templated":true}]}}