{"id":23481,"date":"2025-12-03T09:42:00","date_gmt":"2025-12-03T08:42:02","guid":{"rendered":"https:\/\/lapoderosagoods.com\/?post_type=product&#038;p=23481"},"modified":"2025-12-03T18:07:47","modified_gmt":"2025-12-03T17:07:47","slug":"sacoche-bariloche-30l-camouflage-4-brompton","status":"publish","type":"product","link":"https:\/\/lapoderosagoods.com\/fr\/produit\/sacoche-bariloche-30l-camouflage-4-brompton\/","title":{"rendered":"Sacoche Bariloche 30L &#8211; Camouflage 4 Brompton"},"content":{"rendered":"<p class=\"p1\"><span class=\"s1\">Fabriqu\u00e9 \u00e0 la main en Espagne avec une toile \u00a0de coton 100% <span class=\"Apple-converted-space\">\u00a0cir\u00e9e<\/span> et imperm\u00e9able de 560 gr\/m2 (20 OZ).<\/span><\/p>\n<p class=\"p1\"><span class=\"s1\">Le prix de la sacoche comprendre cadre de fixation m\u00e9tallique con\u00e7u por Brompton, mais ne comprend \u00a0pas le support pour v\u00e9lo.<\/span><\/p>\n<p>Doublure tartan rouge et cuir naturel de 4 mm d&rsquo;\u00e9paisseur.<\/p>\n<p>Tous les mat\u00e9riaux sont de la plus haute qualit\u00e9 et tr\u00e8s r\u00e9sistants.<\/p>\n<p>&nbsp;<\/p>\n<p class=\"p1\">Syst\u00e8me de fixation pour v\u00e9lo sp\u00e9cialement con\u00e7u pour Brompton, fabriqu\u00e9 en aluminium et en plastique ABS.<\/p>\n<p class=\"p1\"><span class=\"s1\">Dimensions : 40 cm de hauteur (extensible \u00e0 50 cm) x 42 cm de largeur x 18 cm de profondeur. Environ 30 litres.<\/span><\/p>\n<p class=\"p1\"><span class=\"s1\">Poign\u00e9e de suspension \u00a0incluse.<\/span><\/p>\n<p class=\"p1\"><span class=\"s1\">Indispensable pour transporter vos affaires \u00e0 v\u00e9lo avec style.<\/span><\/p>\n<p class=\"p1\"><span class=\"s1\">Sacoche \u00a0test\u00e9e sur plus de 500km avec des charges jusqu&rsquo;\u00e0 10kg.<\/span><\/p>\n<p class=\"p1\">Couleur camouflage \u00a0(avec finitions en cuir marron). Doublure tartan rouge.<\/p>\n<p>Pour le transport d\u00b4\u00e9quipements \u00e9lectroniques dans les r\u00e9gions pluvieuses, nous recommandons notre sac int\u00e9rieur en PVC, taille L.<\/p>\n<p>&nbsp;<\/p>\n","protected":false},"excerpt":{"rendered":"<p>Fabriqu\u00e9 \u00e0 la main en Espagne avec une toile \u00a0de coton 100% \u00a0cir\u00e9e et imperm\u00e9able de 560 gr\/m2 (20 OZ). Le prix de la sacoche comprendre cadre de fixation m\u00e9tallique con\u00e7u por Brompton, mais ne comprend \u00a0pas le support pour v\u00e9lo. Doublure tartan rouge et cuir naturel de 4 mm d&rsquo;\u00e9paisseur. Tous les mat\u00e9riaux sont [&#8230;]\n","protected":false},"featured_media":14645,"comment_status":"closed","ping_status":"closed","template":"","meta":{"spay_email":""},"product_cat":[947,939],"product_tag":[],"yoast_head":"<!-- This site is optimized with the Yoast SEO plugin v16.8 - https:\/\/yoast.com\/wordpress\/plugins\/seo\/ -->\n<title>Sacoche Bariloche 30L - Camouflage 4 Brompton - La Poderosa Goods - Sacoches de selle, bagages et accessoires de moto haut de gamme<\/title>\n<meta name=\"robots\" content=\"index, follow, max-snippet:-1, max-image-preview:large, max-video-preview:-1\" \/>\n<link rel=\"canonical\" href=\"https:\/\/lapoderosagoods.com\/fr\/produit\/sacoche-bariloche-30l-camouflage-4-brompton\/\" \/>\n<meta property=\"og:locale\" content=\"fr_FR\" \/>\n<meta property=\"og:type\" content=\"article\" \/>\n<meta property=\"og:title\" content=\"Sacoche Bariloche 30L - Camouflage 4 Brompton - La Poderosa Goods - Sacoches de selle, bagages et accessoires de moto haut de gamme\" \/>\n<meta property=\"og:description\" content=\"Fabriqu\u00e9 \u00e0 la main en Espagne avec une toile \u00a0de coton 100% \u00a0cir\u00e9e et imperm\u00e9able de 560 gr\/m2 (20 OZ). Le prix de la sacoche comprendre cadre de fixation m\u00e9tallique con\u00e7u por Brompton, mais ne comprend \u00a0pas le support pour v\u00e9lo. Doublure tartan rouge et cuir naturel de 4 mm d&rsquo;\u00e9paisseur. Tous les mat\u00e9riaux sont [...]\" \/>\n<meta property=\"og:url\" content=\"https:\/\/lapoderosagoods.com\/fr\/produit\/sacoche-bariloche-30l-camouflage-4-brompton\/\" \/>\n<meta property=\"og:site_name\" content=\"La Poderosa Goods - Sacoches de selle, bagages et accessoires de moto haut de gamme\" \/>\n<meta property=\"article:modified_time\" content=\"2025-12-03T17:07:47+00:00\" \/>\n<meta property=\"og:image\" content=\"https:\/\/lapoderosagoods.com\/wp-content\/uploads\/2022\/08\/EC5A9891.jpg\" \/>\n\t<meta property=\"og:image:width\" content=\"1200\" \/>\n\t<meta property=\"og:image:height\" content=\"1200\" \/>\n<meta name=\"twitter:card\" content=\"summary_large_image\" \/>\n<meta name=\"twitter:label1\" content=\"Dur\u00e9e de lecture est.\" \/>\n\t<meta name=\"twitter:data1\" content=\"1 minute\" \/>\n<script type=\"application\/ld+json\" class=\"yoast-schema-graph\">{\"@context\":\"https:\/\/schema.org\",\"@graph\":[{\"@type\":\"Organization\",\"@id\":\"https:\/\/lapoderosagoods.com\/#organization\",\"name\":\"La Poderosa Classic Goods\",\"url\":\"https:\/\/lapoderosagoods.com\/\",\"sameAs\":[],\"logo\":{\"@type\":\"ImageObject\",\"@id\":\"https:\/\/lapoderosagoods.com\/#logo\",\"inLanguage\":\"fr-FR\",\"url\":\"https:\/\/lapoderosagoods.com\/wp-content\/uploads\/2019\/10\/poderosa.png\",\"contentUrl\":\"https:\/\/lapoderosagoods.com\/wp-content\/uploads\/2019\/10\/poderosa.png\",\"width\":290,\"height\":209,\"caption\":\"La Poderosa Classic Goods\"},\"image\":{\"@id\":\"https:\/\/lapoderosagoods.com\/#logo\"}},{\"@type\":\"WebSite\",\"@id\":\"https:\/\/lapoderosagoods.com\/#website\",\"url\":\"https:\/\/lapoderosagoods.com\/\",\"name\":\"La Poderosa Goods - Sacoches de selle, bagages et accessoires de moto haut de gamme\",\"description\":\"Bagages, supports, sacoches et accessoires pour les motos classiques, caf\\u00e9 racer ou d'aventure. \",\"publisher\":{\"@id\":\"https:\/\/lapoderosagoods.com\/#organization\"},\"potentialAction\":[{\"@type\":\"SearchAction\",\"target\":{\"@type\":\"EntryPoint\",\"urlTemplate\":\"https:\/\/lapoderosagoods.com\/?s={search_term_string}\"},\"query-input\":\"required name=search_term_string\"}],\"inLanguage\":\"fr-FR\"},{\"@type\":\"ImageObject\",\"@id\":\"https:\/\/lapoderosagoods.com\/fr\/produit\/sacoche-bariloche-30l-camouflage-4-brompton\/#primaryimage\",\"inLanguage\":\"fr-FR\",\"url\":\"https:\/\/lapoderosagoods.com\/wp-content\/uploads\/2022\/08\/EC5A9891.jpg\",\"contentUrl\":\"https:\/\/lapoderosagoods.com\/wp-content\/uploads\/2022\/08\/EC5A9891.jpg\",\"width\":1200,\"height\":1200},{\"@type\":\"WebPage\",\"@id\":\"https:\/\/lapoderosagoods.com\/fr\/produit\/sacoche-bariloche-30l-camouflage-4-brompton\/#webpage\",\"url\":\"https:\/\/lapoderosagoods.com\/fr\/produit\/sacoche-bariloche-30l-camouflage-4-brompton\/\",\"name\":\"Sacoche Bariloche 30L - Camouflage 4 Brompton - La Poderosa Goods - Sacoches de selle, bagages et accessoires de moto haut de gamme\",\"isPartOf\":{\"@id\":\"https:\/\/lapoderosagoods.com\/#website\"},\"primaryImageOfPage\":{\"@id\":\"https:\/\/lapoderosagoods.com\/fr\/produit\/sacoche-bariloche-30l-camouflage-4-brompton\/#primaryimage\"},\"datePublished\":\"2025-12-03T08:42:02+00:00\",\"dateModified\":\"2025-12-03T17:07:47+00:00\",\"breadcrumb\":{\"@id\":\"https:\/\/lapoderosagoods.com\/fr\/produit\/sacoche-bariloche-30l-camouflage-4-brompton\/#breadcrumb\"},\"inLanguage\":\"fr-FR\",\"potentialAction\":[{\"@type\":\"ReadAction\",\"target\":[\"https:\/\/lapoderosagoods.com\/fr\/produit\/sacoche-bariloche-30l-camouflage-4-brompton\/\"]}]},{\"@type\":\"BreadcrumbList\",\"@id\":\"https:\/\/lapoderosagoods.com\/fr\/produit\/sacoche-bariloche-30l-camouflage-4-brompton\/#breadcrumb\",\"itemListElement\":[{\"@type\":\"ListItem\",\"position\":1,\"name\":\"Portada\",\"item\":\"https:\/\/lapoderosagoods.com\/\"},{\"@type\":\"ListItem\",\"position\":2,\"name\":\"Produits\",\"item\":\"https:\/\/lapoderosagoods.com\/fr\/produits\/\"},{\"@type\":\"ListItem\",\"position\":3,\"name\":\"Sacoche Bariloche 30L &#8211; Camouflage 4 Brompton\"}]}]}<\/script>\n<!-- \/ Yoast SEO plugin. -->","yoast_head_json":{"title":"Sacoche Bariloche 30L - Camouflage 4 Brompton - La Poderosa Goods - Sacoches de selle, bagages et accessoires de moto haut de gamme","robots":{"index":"index","follow":"follow","max-snippet":"max-snippet:-1","max-image-preview":"max-image-preview:large","max-video-preview":"max-video-preview:-1"},"canonical":"https:\/\/lapoderosagoods.com\/fr\/produit\/sacoche-bariloche-30l-camouflage-4-brompton\/","og_locale":"fr_FR","og_type":"article","og_title":"Sacoche Bariloche 30L - Camouflage 4 Brompton - La Poderosa Goods - Sacoches de selle, bagages et accessoires de moto haut de gamme","og_description":"Fabriqu\u00e9 \u00e0 la main en Espagne avec une toile \u00a0de coton 100% \u00a0cir\u00e9e et imperm\u00e9able de 560 gr\/m2 (20 OZ). Le prix de la sacoche comprendre cadre de fixation m\u00e9tallique con\u00e7u por Brompton, mais ne comprend \u00a0pas le support pour v\u00e9lo. Doublure tartan rouge et cuir naturel de 4 mm d&rsquo;\u00e9paisseur. Tous les mat\u00e9riaux sont [...]","og_url":"https:\/\/lapoderosagoods.com\/fr\/produit\/sacoche-bariloche-30l-camouflage-4-brompton\/","og_site_name":"La Poderosa Goods - Sacoches de selle, bagages et accessoires de moto haut de gamme","article_modified_time":"2025-12-03T17:07:47+00:00","og_image":[{"width":1200,"height":1200,"url":"https:\/\/lapoderosagoods.com\/wp-content\/uploads\/2022\/08\/EC5A9891.jpg","path":"\/home\/spainmot\/lapoderosagoods\/wp-content\/uploads\/2022\/08\/EC5A9891.jpg","size":"full","id":14645,"alt":"","pixels":1440000,"type":"image\/jpeg"}],"twitter_card":"summary_large_image","twitter_misc":{"Dur\u00e9e de lecture est.":"1 minute"},"schema":{"@context":"https:\/\/schema.org","@graph":[{"@type":"Organization","@id":"https:\/\/lapoderosagoods.com\/#organization","name":"La Poderosa Classic Goods","url":"https:\/\/lapoderosagoods.com\/","sameAs":[],"logo":{"@type":"ImageObject","@id":"https:\/\/lapoderosagoods.com\/#logo","inLanguage":"fr-FR","url":"https:\/\/lapoderosagoods.com\/wp-content\/uploads\/2019\/10\/poderosa.png","contentUrl":"https:\/\/lapoderosagoods.com\/wp-content\/uploads\/2019\/10\/poderosa.png","width":290,"height":209,"caption":"La Poderosa Classic Goods"},"image":{"@id":"https:\/\/lapoderosagoods.com\/#logo"}},{"@type":"WebSite","@id":"https:\/\/lapoderosagoods.com\/#website","url":"https:\/\/lapoderosagoods.com\/","name":"La Poderosa Goods - Sacoches de selle, bagages et accessoires de moto haut de gamme","description":"Bagages, supports, sacoches et accessoires pour les motos classiques, caf\u00e9 racer ou d'aventure. ","publisher":{"@id":"https:\/\/lapoderosagoods.com\/#organization"},"potentialAction":[{"@type":"SearchAction","target":{"@type":"EntryPoint","urlTemplate":"https:\/\/lapoderosagoods.com\/?s={search_term_string}"},"query-input":"required name=search_term_string"}],"inLanguage":"fr-FR"},{"@type":"ImageObject","@id":"https:\/\/lapoderosagoods.com\/fr\/produit\/sacoche-bariloche-30l-camouflage-4-brompton\/#primaryimage","inLanguage":"fr-FR","url":"https:\/\/lapoderosagoods.com\/wp-content\/uploads\/2022\/08\/EC5A9891.jpg","contentUrl":"https:\/\/lapoderosagoods.com\/wp-content\/uploads\/2022\/08\/EC5A9891.jpg","width":1200,"height":1200},{"@type":"WebPage","@id":"https:\/\/lapoderosagoods.com\/fr\/produit\/sacoche-bariloche-30l-camouflage-4-brompton\/#webpage","url":"https:\/\/lapoderosagoods.com\/fr\/produit\/sacoche-bariloche-30l-camouflage-4-brompton\/","name":"Sacoche Bariloche 30L - Camouflage 4 Brompton - La Poderosa Goods - Sacoches de selle, bagages et accessoires de moto haut de gamme","isPartOf":{"@id":"https:\/\/lapoderosagoods.com\/#website"},"primaryImageOfPage":{"@id":"https:\/\/lapoderosagoods.com\/fr\/produit\/sacoche-bariloche-30l-camouflage-4-brompton\/#primaryimage"},"datePublished":"2025-12-03T08:42:02+00:00","dateModified":"2025-12-03T17:07:47+00:00","breadcrumb":{"@id":"https:\/\/lapoderosagoods.com\/fr\/produit\/sacoche-bariloche-30l-camouflage-4-brompton\/#breadcrumb"},"inLanguage":"fr-FR","potentialAction":[{"@type":"ReadAction","target":["https:\/\/lapoderosagoods.com\/fr\/produit\/sacoche-bariloche-30l-camouflage-4-brompton\/"]}]},{"@type":"BreadcrumbList","@id":"https:\/\/lapoderosagoods.com\/fr\/produit\/sacoche-bariloche-30l-camouflage-4-brompton\/#breadcrumb","itemListElement":[{"@type":"ListItem","position":1,"name":"Portada","item":"https:\/\/lapoderosagoods.com\/"},{"@type":"ListItem","position":2,"name":"Produits","item":"https:\/\/lapoderosagoods.com\/fr\/produits\/"},{"@type":"ListItem","position":3,"name":"Sacoche Bariloche 30L &#8211; Camouflage 4 Brompton"}]}]}},"_links":{"self":[{"href":"https:\/\/lapoderosagoods.com\/fr\/wp-json\/wp\/v2\/product\/23481"}],"collection":[{"href":"https:\/\/lapoderosagoods.com\/fr\/wp-json\/wp\/v2\/product"}],"about":[{"href":"https:\/\/lapoderosagoods.com\/fr\/wp-json\/wp\/v2\/types\/product"}],"replies":[{"embeddable":true,"href":"https:\/\/lapoderosagoods.com\/fr\/wp-json\/wp\/v2\/comments?post=23481"}],"wp:featuredmedia":[{"embeddable":true,"href":"https:\/\/lapoderosagoods.com\/fr\/wp-json\/wp\/v2\/media\/14645"}],"wp:attachment":[{"href":"https:\/\/lapoderosagoods.com\/fr\/wp-json\/wp\/v2\/media?parent=23481"}],"wp:term":[{"taxonomy":"product_cat","embeddable":true,"href":"https:\/\/lapoderosagoods.com\/fr\/wp-json\/wp\/v2\/product_cat?post=23481"},{"taxonomy":"product_tag","embeddable":true,"href":"https:\/\/lapoderosagoods.com\/fr\/wp-json\/wp\/v2\/product_tag?post=23481"}],"curies":[{"name":"wp","href":"https:\/\/api.w.org\/{rel}","templated":true}]}}