{"id":21393,"date":"2025-01-30T21:11:58","date_gmt":"2025-01-30T20:11:59","guid":{"rendered":"https:\/\/lapoderosagoods.com\/?post_type=product&#038;p=21393"},"modified":"2025-06-23T09:42:00","modified_gmt":"2025-06-23T07:42:00","slug":"sac-interieur-pvc-100-etanche-pour-sacoche-lofoten-20l","status":"publish","type":"product","link":"https:\/\/lapoderosagoods.com\/fr\/produit\/sac-interieur-pvc-100-etanche-pour-sacoche-lofoten-20l\/","title":{"rendered":"Sac int\u00e9rieur pvc 100% \u00e9tanche pour sacoche Lofoten 20L"},"content":{"rendered":"<p class=\"p1\"><span class=\"s1\">Fabriqu\u00e9 \u00e0 la main en Espagne avec du PVC 100% \u00a0\u00e9tanche.<\/span><\/p>\n<p class=\"p1\"><span class=\"s1\">Notre fournisseur est un habitu\u00e9 de l&rsquo;arm\u00e9e, qui fabrique g\u00e9n\u00e9ralement des imperm\u00e9ables et des v\u00eatements imperm\u00e9ables avec les meilleures machines de thermoscellage disponibles aujourd&rsquo;hui.<br \/>\nTous les mat\u00e9riaux sont de la plus haute qualit\u00e9 et tr\u00e8s r\u00e9sistants.<\/span><\/p>\n<p class=\"p1\">Syst\u00e8me de fermeture rabattable.<\/p>\n<p class=\"p1\">Indispensable pour garder l&rsquo;esth\u00e9tique ext\u00e9rieure de nos sacoches et le chargement int\u00e9rieur toujours au sec. Fortement recommand\u00e9 pour les r\u00e9gions \u00e0 climat pluvieux.<\/p>\n<p class=\"p1\"><span class=\"s1\">Dimensions exactes de nos sacoches Lofoten : hauteur 36cm (extensible \u00e0 49cm) x largeur 31cm x profondeur 16cm. Environ 20 litres ( extensible \u00e1 25L)\u00a0<\/span><\/p>\n<p class=\"p1\">Couleur rouge, assortie \u00e1 notre tartan rouge int\u00e9rieur.<\/p>\n","protected":false},"excerpt":{"rendered":"<p>Fabriqu\u00e9 \u00e0 la main en Espagne avec du PVC 100% \u00a0\u00e9tanche. Notre fournisseur est un habitu\u00e9 de l&rsquo;arm\u00e9e, qui fabrique g\u00e9n\u00e9ralement des imperm\u00e9ables et des v\u00eatements imperm\u00e9ables avec les meilleures machines de thermoscellage disponibles aujourd&rsquo;hui. Tous les mat\u00e9riaux sont de la plus haute qualit\u00e9 et tr\u00e8s r\u00e9sistants. Syst\u00e8me de fermeture rabattable. Indispensable pour garder l&rsquo;esth\u00e9tique [&#8230;]\n","protected":false},"featured_media":14581,"comment_status":"closed","ping_status":"closed","template":"","meta":{"spay_email":""},"product_cat":[111,158,113],"product_tag":[775,238,240,611,476,825,260,785,865,440,873,951,869,252,245,886,886,247,250,866,766,767,850,265,258,855,577,811,778,571,781,559,568,512,269,846,270,914,955,892,601,530,895,515,273,276,898,281,801,902,284,793,797,534,807,290,485,482,488,491,295,818,297,922,631,834,928,635,293,639,907,518,889,647,643,651,655,931,822,967,863,918,300,616,619,304,789,859,307,935,309,314,316,318,627,623,323,500,325,327,830,606,769,330],"yoast_head":"<!-- This site is optimized with the Yoast SEO plugin v16.8 - https:\/\/yoast.com\/wordpress\/plugins\/seo\/ -->\n<title>Sac int\u00e9rieur pvc 100% \u00e9tanche pour sacoche Lofoten 20L - La Poderosa Goods - Sacoches de selle, bagages et accessoires de moto haut de gamme<\/title>\n<meta name=\"robots\" content=\"index, follow, max-snippet:-1, max-image-preview:large, max-video-preview:-1\" \/>\n<link rel=\"canonical\" href=\"https:\/\/lapoderosagoods.com\/fr\/produit\/sac-interieur-pvc-100-etanche-pour-sacoche-lofoten-20l\/\" \/>\n<meta property=\"og:locale\" content=\"fr_FR\" \/>\n<meta property=\"og:type\" content=\"article\" \/>\n<meta property=\"og:title\" content=\"Sac int\u00e9rieur pvc 100% \u00e9tanche pour sacoche Lofoten 20L - La Poderosa Goods - Sacoches de selle, bagages et accessoires de moto haut de gamme\" \/>\n<meta property=\"og:description\" content=\"Fabriqu\u00e9 \u00e0 la main en Espagne avec du PVC 100% \u00a0\u00e9tanche. Notre fournisseur est un habitu\u00e9 de l&rsquo;arm\u00e9e, qui fabrique g\u00e9n\u00e9ralement des imperm\u00e9ables et des v\u00eatements imperm\u00e9ables avec les meilleures machines de thermoscellage disponibles aujourd&rsquo;hui. Tous les mat\u00e9riaux sont de la plus haute qualit\u00e9 et tr\u00e8s r\u00e9sistants. Syst\u00e8me de fermeture rabattable. Indispensable pour garder l&rsquo;esth\u00e9tique [...]\" \/>\n<meta property=\"og:url\" content=\"https:\/\/lapoderosagoods.com\/fr\/produit\/sac-interieur-pvc-100-etanche-pour-sacoche-lofoten-20l\/\" \/>\n<meta property=\"og:site_name\" content=\"La Poderosa Goods - Sacoches de selle, bagages et accessoires de moto haut de gamme\" \/>\n<meta property=\"article:modified_time\" content=\"2025-06-23T07:42:00+00:00\" \/>\n<meta property=\"og:image\" content=\"https:\/\/lapoderosagoods.com\/wp-content\/uploads\/2022\/08\/EC5A9855.jpg\" \/>\n\t<meta property=\"og:image:width\" content=\"1200\" \/>\n\t<meta property=\"og:image:height\" content=\"1200\" \/>\n<meta name=\"twitter:card\" content=\"summary_large_image\" \/>\n<meta name=\"twitter:label1\" content=\"Dur\u00e9e de lecture est.\" \/>\n\t<meta name=\"twitter:data1\" content=\"1 minute\" \/>\n<script type=\"application\/ld+json\" class=\"yoast-schema-graph\">{\"@context\":\"https:\/\/schema.org\",\"@graph\":[{\"@type\":\"Organization\",\"@id\":\"https:\/\/lapoderosagoods.com\/#organization\",\"name\":\"La Poderosa Classic Goods\",\"url\":\"https:\/\/lapoderosagoods.com\/\",\"sameAs\":[],\"logo\":{\"@type\":\"ImageObject\",\"@id\":\"https:\/\/lapoderosagoods.com\/#logo\",\"inLanguage\":\"fr-FR\",\"url\":\"https:\/\/lapoderosagoods.com\/wp-content\/uploads\/2019\/10\/poderosa.png\",\"contentUrl\":\"https:\/\/lapoderosagoods.com\/wp-content\/uploads\/2019\/10\/poderosa.png\",\"width\":290,\"height\":209,\"caption\":\"La Poderosa Classic Goods\"},\"image\":{\"@id\":\"https:\/\/lapoderosagoods.com\/#logo\"}},{\"@type\":\"WebSite\",\"@id\":\"https:\/\/lapoderosagoods.com\/#website\",\"url\":\"https:\/\/lapoderosagoods.com\/\",\"name\":\"La Poderosa Goods - Sacoches de selle, bagages et accessoires de moto haut de gamme\",\"description\":\"Bagages, supports, sacoches et accessoires pour les motos classiques, caf\\u00e9 racer ou d'aventure. \",\"publisher\":{\"@id\":\"https:\/\/lapoderosagoods.com\/#organization\"},\"potentialAction\":[{\"@type\":\"SearchAction\",\"target\":{\"@type\":\"EntryPoint\",\"urlTemplate\":\"https:\/\/lapoderosagoods.com\/?s={search_term_string}\"},\"query-input\":\"required name=search_term_string\"}],\"inLanguage\":\"fr-FR\"},{\"@type\":\"ImageObject\",\"@id\":\"https:\/\/lapoderosagoods.com\/fr\/produit\/sac-interieur-pvc-100-etanche-pour-sacoche-lofoten-20l\/#primaryimage\",\"inLanguage\":\"fr-FR\",\"url\":\"https:\/\/lapoderosagoods.com\/wp-content\/uploads\/2022\/08\/EC5A9855.jpg\",\"contentUrl\":\"https:\/\/lapoderosagoods.com\/wp-content\/uploads\/2022\/08\/EC5A9855.jpg\",\"width\":1200,\"height\":1200},{\"@type\":\"WebPage\",\"@id\":\"https:\/\/lapoderosagoods.com\/fr\/produit\/sac-interieur-pvc-100-etanche-pour-sacoche-lofoten-20l\/#webpage\",\"url\":\"https:\/\/lapoderosagoods.com\/fr\/produit\/sac-interieur-pvc-100-etanche-pour-sacoche-lofoten-20l\/\",\"name\":\"Sac int\\u00e9rieur pvc 100% \\u00e9tanche pour sacoche Lofoten 20L - La Poderosa Goods - Sacoches de selle, bagages et accessoires de moto haut de gamme\",\"isPartOf\":{\"@id\":\"https:\/\/lapoderosagoods.com\/#website\"},\"primaryImageOfPage\":{\"@id\":\"https:\/\/lapoderosagoods.com\/fr\/produit\/sac-interieur-pvc-100-etanche-pour-sacoche-lofoten-20l\/#primaryimage\"},\"datePublished\":\"2025-01-30T20:11:59+00:00\",\"dateModified\":\"2025-06-23T07:42:00+00:00\",\"breadcrumb\":{\"@id\":\"https:\/\/lapoderosagoods.com\/fr\/produit\/sac-interieur-pvc-100-etanche-pour-sacoche-lofoten-20l\/#breadcrumb\"},\"inLanguage\":\"fr-FR\",\"potentialAction\":[{\"@type\":\"ReadAction\",\"target\":[\"https:\/\/lapoderosagoods.com\/fr\/produit\/sac-interieur-pvc-100-etanche-pour-sacoche-lofoten-20l\/\"]}]},{\"@type\":\"BreadcrumbList\",\"@id\":\"https:\/\/lapoderosagoods.com\/fr\/produit\/sac-interieur-pvc-100-etanche-pour-sacoche-lofoten-20l\/#breadcrumb\",\"itemListElement\":[{\"@type\":\"ListItem\",\"position\":1,\"name\":\"Portada\",\"item\":\"https:\/\/lapoderosagoods.com\/\"},{\"@type\":\"ListItem\",\"position\":2,\"name\":\"Produits\",\"item\":\"https:\/\/lapoderosagoods.com\/fr\/produits\/\"},{\"@type\":\"ListItem\",\"position\":3,\"name\":\"Sac int\\u00e9rieur pvc 100% \\u00e9tanche pour sacoche Lofoten 20L\"}]}]}<\/script>\n<!-- \/ Yoast SEO plugin. -->","yoast_head_json":{"title":"Sac int\u00e9rieur pvc 100% \u00e9tanche pour sacoche Lofoten 20L - La Poderosa Goods - Sacoches de selle, bagages et accessoires de moto haut de gamme","robots":{"index":"index","follow":"follow","max-snippet":"max-snippet:-1","max-image-preview":"max-image-preview:large","max-video-preview":"max-video-preview:-1"},"canonical":"https:\/\/lapoderosagoods.com\/fr\/produit\/sac-interieur-pvc-100-etanche-pour-sacoche-lofoten-20l\/","og_locale":"fr_FR","og_type":"article","og_title":"Sac int\u00e9rieur pvc 100% \u00e9tanche pour sacoche Lofoten 20L - La Poderosa Goods - Sacoches de selle, bagages et accessoires de moto haut de gamme","og_description":"Fabriqu\u00e9 \u00e0 la main en Espagne avec du PVC 100% \u00a0\u00e9tanche. Notre fournisseur est un habitu\u00e9 de l&rsquo;arm\u00e9e, qui fabrique g\u00e9n\u00e9ralement des imperm\u00e9ables et des v\u00eatements imperm\u00e9ables avec les meilleures machines de thermoscellage disponibles aujourd&rsquo;hui. Tous les mat\u00e9riaux sont de la plus haute qualit\u00e9 et tr\u00e8s r\u00e9sistants. Syst\u00e8me de fermeture rabattable. Indispensable pour garder l&rsquo;esth\u00e9tique [...]","og_url":"https:\/\/lapoderosagoods.com\/fr\/produit\/sac-interieur-pvc-100-etanche-pour-sacoche-lofoten-20l\/","og_site_name":"La Poderosa Goods - Sacoches de selle, bagages et accessoires de moto haut de gamme","article_modified_time":"2025-06-23T07:42:00+00:00","og_image":[{"width":1200,"height":1200,"url":"https:\/\/lapoderosagoods.com\/wp-content\/uploads\/2022\/08\/EC5A9855.jpg","path":"\/home\/spainmot\/lapoderosagoods\/wp-content\/uploads\/2022\/08\/EC5A9855.jpg","size":"full","id":14581,"alt":"","pixels":1440000,"type":"image\/jpeg"}],"twitter_card":"summary_large_image","twitter_misc":{"Dur\u00e9e de lecture est.":"1 minute"},"schema":{"@context":"https:\/\/schema.org","@graph":[{"@type":"Organization","@id":"https:\/\/lapoderosagoods.com\/#organization","name":"La Poderosa Classic Goods","url":"https:\/\/lapoderosagoods.com\/","sameAs":[],"logo":{"@type":"ImageObject","@id":"https:\/\/lapoderosagoods.com\/#logo","inLanguage":"fr-FR","url":"https:\/\/lapoderosagoods.com\/wp-content\/uploads\/2019\/10\/poderosa.png","contentUrl":"https:\/\/lapoderosagoods.com\/wp-content\/uploads\/2019\/10\/poderosa.png","width":290,"height":209,"caption":"La Poderosa Classic Goods"},"image":{"@id":"https:\/\/lapoderosagoods.com\/#logo"}},{"@type":"WebSite","@id":"https:\/\/lapoderosagoods.com\/#website","url":"https:\/\/lapoderosagoods.com\/","name":"La Poderosa Goods - Sacoches de selle, bagages et accessoires de moto haut de gamme","description":"Bagages, supports, sacoches et accessoires pour les motos classiques, caf\u00e9 racer ou d'aventure. ","publisher":{"@id":"https:\/\/lapoderosagoods.com\/#organization"},"potentialAction":[{"@type":"SearchAction","target":{"@type":"EntryPoint","urlTemplate":"https:\/\/lapoderosagoods.com\/?s={search_term_string}"},"query-input":"required name=search_term_string"}],"inLanguage":"fr-FR"},{"@type":"ImageObject","@id":"https:\/\/lapoderosagoods.com\/fr\/produit\/sac-interieur-pvc-100-etanche-pour-sacoche-lofoten-20l\/#primaryimage","inLanguage":"fr-FR","url":"https:\/\/lapoderosagoods.com\/wp-content\/uploads\/2022\/08\/EC5A9855.jpg","contentUrl":"https:\/\/lapoderosagoods.com\/wp-content\/uploads\/2022\/08\/EC5A9855.jpg","width":1200,"height":1200},{"@type":"WebPage","@id":"https:\/\/lapoderosagoods.com\/fr\/produit\/sac-interieur-pvc-100-etanche-pour-sacoche-lofoten-20l\/#webpage","url":"https:\/\/lapoderosagoods.com\/fr\/produit\/sac-interieur-pvc-100-etanche-pour-sacoche-lofoten-20l\/","name":"Sac int\u00e9rieur pvc 100% \u00e9tanche pour sacoche Lofoten 20L - La Poderosa Goods - Sacoches de selle, bagages et accessoires de moto haut de gamme","isPartOf":{"@id":"https:\/\/lapoderosagoods.com\/#website"},"primaryImageOfPage":{"@id":"https:\/\/lapoderosagoods.com\/fr\/produit\/sac-interieur-pvc-100-etanche-pour-sacoche-lofoten-20l\/#primaryimage"},"datePublished":"2025-01-30T20:11:59+00:00","dateModified":"2025-06-23T07:42:00+00:00","breadcrumb":{"@id":"https:\/\/lapoderosagoods.com\/fr\/produit\/sac-interieur-pvc-100-etanche-pour-sacoche-lofoten-20l\/#breadcrumb"},"inLanguage":"fr-FR","potentialAction":[{"@type":"ReadAction","target":["https:\/\/lapoderosagoods.com\/fr\/produit\/sac-interieur-pvc-100-etanche-pour-sacoche-lofoten-20l\/"]}]},{"@type":"BreadcrumbList","@id":"https:\/\/lapoderosagoods.com\/fr\/produit\/sac-interieur-pvc-100-etanche-pour-sacoche-lofoten-20l\/#breadcrumb","itemListElement":[{"@type":"ListItem","position":1,"name":"Portada","item":"https:\/\/lapoderosagoods.com\/"},{"@type":"ListItem","position":2,"name":"Produits","item":"https:\/\/lapoderosagoods.com\/fr\/produits\/"},{"@type":"ListItem","position":3,"name":"Sac int\u00e9rieur pvc 100% \u00e9tanche pour sacoche Lofoten 20L"}]}]}},"_links":{"self":[{"href":"https:\/\/lapoderosagoods.com\/fr\/wp-json\/wp\/v2\/product\/21393"}],"collection":[{"href":"https:\/\/lapoderosagoods.com\/fr\/wp-json\/wp\/v2\/product"}],"about":[{"href":"https:\/\/lapoderosagoods.com\/fr\/wp-json\/wp\/v2\/types\/product"}],"replies":[{"embeddable":true,"href":"https:\/\/lapoderosagoods.com\/fr\/wp-json\/wp\/v2\/comments?post=21393"}],"wp:featuredmedia":[{"embeddable":true,"href":"https:\/\/lapoderosagoods.com\/fr\/wp-json\/wp\/v2\/media\/14581"}],"wp:attachment":[{"href":"https:\/\/lapoderosagoods.com\/fr\/wp-json\/wp\/v2\/media?parent=21393"}],"wp:term":[{"taxonomy":"product_cat","embeddable":true,"href":"https:\/\/lapoderosagoods.com\/fr\/wp-json\/wp\/v2\/product_cat?post=21393"},{"taxonomy":"product_tag","embeddable":true,"href":"https:\/\/lapoderosagoods.com\/fr\/wp-json\/wp\/v2\/product_tag?post=21393"}],"curies":[{"name":"wp","href":"https:\/\/api.w.org\/{rel}","templated":true}]}}