{"id":18733,"date":"2024-05-26T14:06:05","date_gmt":"2024-05-26T12:06:06","guid":{"rendered":"https:\/\/lapoderosagoods.com\/?post_type=product&#038;p=18733"},"modified":"2026-01-30T11:54:49","modified_gmt":"2026-01-30T10:54:49","slug":"support-sacoche-simple-droite-bmw-r12-cruiser-noir-satine","status":"publish","type":"product","link":"https:\/\/lapoderosagoods.com\/fr\/produit\/support-sacoche-simple-droite-bmw-r12-cruiser-noir-satine\/","title":{"rendered":"Support Sacoche simple   (droite) BMW R12 Cruiser  &#8211; Noir Satin\u00e9"},"content":{"rendered":"<p class=\"s3\"><span class=\"s2\">Cadre en acier finition Satin Black pour BMW R12 Cruiser \u00a0pour une sacoche (part droite)\u00a0<\/span><\/p>\n<p class=\"s3\"><span class=\"s2\">Conception des pi\u00e8ces<\/span><span class=\"s2\">\u00a0<\/span><span class=\"s2\">tuples \u00e0 visser sur le berceau arri\u00e8re I de tout mod\u00e8le BMW R12 Cruiser *\u00a0 <\/span><span class=\"s2\">par vis.\u00a0<\/span><\/p>\n<p class=\"s3\"><span class=\"s2\">Finition peinture four Epoxi\u00a0<\/span><span class=\"s2\">\u00a0haute r\u00e9sistance.<\/span><\/p>\n<p class=\"s3\"><span class=\"s2\">Style Classic<\/span><span class=\"s2\">\u00a0et minimaliste, parfait m\u00eame avec le sac lat\u00e9ral retir\u00e9.<\/span><\/p>\n<p class=\"s3\"><span class=\"s2\">Structure tr\u00e8s solide test\u00e9e sur plus de 3000km avec des charges jusqu&rsquo;\u00e0 8kg par sac.<\/span><\/p>\n<p class=\"s3\"><span class=\"s2\">* Compatible avec les mod\u00e8les suivants :<\/span><\/p>\n<p class=\"s3\">r12 Cruiser<\/p>\n","protected":false},"excerpt":{"rendered":"<p>Cadre en acier finition Satin Black pour BMW R12 Cruiser \u00a0pour une sacoche (part droite)\u00a0 Conception des pi\u00e8ces\u00a0tuples \u00e0 visser sur le berceau arri\u00e8re I de tout mod\u00e8le BMW R12 Cruiser *\u00a0 par vis.\u00a0 Finition peinture four Epoxi\u00a0\u00a0haute r\u00e9sistance. Style Classic\u00a0et minimaliste, parfait m\u00eame avec le sac lat\u00e9ral retir\u00e9. Structure tr\u00e8s solide test\u00e9e sur plus [&#8230;]\n","protected":false},"featured_media":18761,"comment_status":"closed","ping_status":"closed","template":"","meta":{"spay_email":""},"product_cat":[695,127,115],"product_tag":[873],"yoast_head":"<!-- This site is optimized with the Yoast SEO plugin v16.8 - https:\/\/yoast.com\/wordpress\/plugins\/seo\/ -->\n<title>Support Sacoche simple  (droite) BMW R12 Cruiser - Noir Satin\u00e9 - La Poderosa Goods - Sacoches de selle, bagages et accessoires de moto haut de gamme<\/title>\n<meta name=\"robots\" content=\"index, follow, max-snippet:-1, max-image-preview:large, max-video-preview:-1\" \/>\n<link rel=\"canonical\" href=\"https:\/\/lapoderosagoods.com\/fr\/produit\/soporte-para-alforja-sencillo-lado-derecho-bmw-r12-cruiser-negro-satinado\/\" \/>\n<meta property=\"og:locale\" content=\"fr_FR\" \/>\n<meta property=\"og:type\" content=\"article\" \/>\n<meta property=\"og:title\" content=\"Support Sacoche simple  (droite) BMW R12 Cruiser - Noir Satin\u00e9 - La Poderosa Goods - Sacoches de selle, bagages et accessoires de moto haut de gamme\" \/>\n<meta property=\"og:description\" content=\"Cadre en acier finition Satin Black pour BMW R12 Cruiser \u00a0pour une sacoche (part droite)\u00a0 Conception des pi\u00e8ces\u00a0tuples \u00e0 visser sur le berceau arri\u00e8re I de tout mod\u00e8le BMW R12 Cruiser *\u00a0 par vis.\u00a0 Finition peinture four Epoxi\u00a0\u00a0haute r\u00e9sistance. Style Classic\u00a0et minimaliste, parfait m\u00eame avec le sac lat\u00e9ral retir\u00e9. Structure tr\u00e8s solide test\u00e9e sur plus [...]\" \/>\n<meta property=\"og:url\" content=\"https:\/\/lapoderosagoods.com\/produit\/soporte-para-alforja-sencillo-lado-derecho-bmw-r12-cruiser-negro-satinado\/\" \/>\n<meta property=\"og:site_name\" content=\"La Poderosa Goods - Sacoches de selle, bagages et accessoires de moto haut de gamme\" \/>\n<meta property=\"article:modified_time\" content=\"2026-01-30T10:54:49+00:00\" \/>\n<meta property=\"og:image\" content=\"https:\/\/lapoderosagoods.com\/wp-content\/uploads\/2024\/05\/R12-cruiser-single-rack--scaled.jpg\" \/>\n\t<meta property=\"og:image:width\" content=\"2560\" \/>\n\t<meta property=\"og:image:height\" content=\"1854\" \/>\n<meta name=\"twitter:card\" content=\"summary_large_image\" \/>\n<script type=\"application\/ld+json\" class=\"yoast-schema-graph\">{\"@context\":\"https:\/\/schema.org\",\"@graph\":[{\"@type\":\"Organization\",\"@id\":\"https:\/\/lapoderosagoods.com\/#organization\",\"name\":\"La Poderosa Classic Goods\",\"url\":\"https:\/\/lapoderosagoods.com\/\",\"sameAs\":[],\"logo\":{\"@type\":\"ImageObject\",\"@id\":\"https:\/\/lapoderosagoods.com\/#logo\",\"inLanguage\":\"fr-FR\",\"url\":\"https:\/\/lapoderosagoods.com\/wp-content\/uploads\/2019\/10\/poderosa.png\",\"contentUrl\":\"https:\/\/lapoderosagoods.com\/wp-content\/uploads\/2019\/10\/poderosa.png\",\"width\":290,\"height\":209,\"caption\":\"La Poderosa Classic Goods\"},\"image\":{\"@id\":\"https:\/\/lapoderosagoods.com\/#logo\"}},{\"@type\":\"WebSite\",\"@id\":\"https:\/\/lapoderosagoods.com\/#website\",\"url\":\"https:\/\/lapoderosagoods.com\/\",\"name\":\"La Poderosa Goods - Sacoches de selle, bagages et accessoires de moto haut de gamme\",\"description\":\"Bagages, supports, sacoches et accessoires pour les motos classiques, caf\\u00e9 racer ou d'aventure. \",\"publisher\":{\"@id\":\"https:\/\/lapoderosagoods.com\/#organization\"},\"potentialAction\":[{\"@type\":\"SearchAction\",\"target\":{\"@type\":\"EntryPoint\",\"urlTemplate\":\"https:\/\/lapoderosagoods.com\/?s={search_term_string}\"},\"query-input\":\"required name=search_term_string\"}],\"inLanguage\":\"fr-FR\"},{\"@type\":\"ImageObject\",\"@id\":\"https:\/\/lapoderosagoods.com\/produit\/soporte-para-alforja-sencillo-lado-derecho-bmw-r12-cruiser-negro-satinado\/#primaryimage\",\"inLanguage\":\"fr-FR\",\"url\":\"https:\/\/lapoderosagoods.com\/wp-content\/uploads\/2024\/05\/R12-cruiser-single-rack--scaled.jpg\",\"contentUrl\":\"https:\/\/lapoderosagoods.com\/wp-content\/uploads\/2024\/05\/R12-cruiser-single-rack--scaled.jpg\",\"width\":2560,\"height\":1854},{\"@type\":\"WebPage\",\"@id\":\"https:\/\/lapoderosagoods.com\/produit\/soporte-para-alforja-sencillo-lado-derecho-bmw-r12-cruiser-negro-satinado\/#webpage\",\"url\":\"https:\/\/lapoderosagoods.com\/produit\/soporte-para-alforja-sencillo-lado-derecho-bmw-r12-cruiser-negro-satinado\/\",\"name\":\"Support Sacoche simple (droite) BMW R12 Cruiser - Noir Satin\\u00e9 - La Poderosa Goods - Sacoches de selle, bagages et accessoires de moto haut de gamme\",\"isPartOf\":{\"@id\":\"https:\/\/lapoderosagoods.com\/#website\"},\"primaryImageOfPage\":{\"@id\":\"https:\/\/lapoderosagoods.com\/produit\/soporte-para-alforja-sencillo-lado-derecho-bmw-r12-cruiser-negro-satinado\/#primaryimage\"},\"datePublished\":\"2024-05-26T12:06:06+00:00\",\"dateModified\":\"2026-01-30T10:54:49+00:00\",\"breadcrumb\":{\"@id\":\"https:\/\/lapoderosagoods.com\/produit\/soporte-para-alforja-sencillo-lado-derecho-bmw-r12-cruiser-negro-satinado\/#breadcrumb\"},\"inLanguage\":\"fr-FR\",\"potentialAction\":[{\"@type\":\"ReadAction\",\"target\":[\"https:\/\/lapoderosagoods.com\/produit\/soporte-para-alforja-sencillo-lado-derecho-bmw-r12-cruiser-negro-satinado\/\"]}]},{\"@type\":\"BreadcrumbList\",\"@id\":\"https:\/\/lapoderosagoods.com\/produit\/soporte-para-alforja-sencillo-lado-derecho-bmw-r12-cruiser-negro-satinado\/#breadcrumb\",\"itemListElement\":[{\"@type\":\"ListItem\",\"position\":1,\"name\":\"Portada\",\"item\":\"https:\/\/lapoderosagoods.com\/\"},{\"@type\":\"ListItem\",\"position\":2,\"name\":\"Produits\",\"item\":\"https:\/\/lapoderosagoods.com\/fr\/produits\/\"},{\"@type\":\"ListItem\",\"position\":3,\"name\":\"Support Sacoche simple (droite) BMW R12 Cruiser &#8211; Noir Satin\\u00e9\"}]}]}<\/script>\n<!-- \/ Yoast SEO plugin. -->","yoast_head_json":{"title":"Support Sacoche simple  (droite) BMW R12 Cruiser - Noir Satin\u00e9 - La Poderosa Goods - Sacoches de selle, bagages et accessoires de moto haut de gamme","robots":{"index":"index","follow":"follow","max-snippet":"max-snippet:-1","max-image-preview":"max-image-preview:large","max-video-preview":"max-video-preview:-1"},"canonical":"https:\/\/lapoderosagoods.com\/fr\/produit\/soporte-para-alforja-sencillo-lado-derecho-bmw-r12-cruiser-negro-satinado\/","og_locale":"fr_FR","og_type":"article","og_title":"Support Sacoche simple  (droite) BMW R12 Cruiser - Noir Satin\u00e9 - La Poderosa Goods - Sacoches de selle, bagages et accessoires de moto haut de gamme","og_description":"Cadre en acier finition Satin Black pour BMW R12 Cruiser \u00a0pour une sacoche (part droite)\u00a0 Conception des pi\u00e8ces\u00a0tuples \u00e0 visser sur le berceau arri\u00e8re I de tout mod\u00e8le BMW R12 Cruiser *\u00a0 par vis.\u00a0 Finition peinture four Epoxi\u00a0\u00a0haute r\u00e9sistance. Style Classic\u00a0et minimaliste, parfait m\u00eame avec le sac lat\u00e9ral retir\u00e9. Structure tr\u00e8s solide test\u00e9e sur plus [...]","og_url":"https:\/\/lapoderosagoods.com\/produit\/soporte-para-alforja-sencillo-lado-derecho-bmw-r12-cruiser-negro-satinado\/","og_site_name":"La Poderosa Goods - Sacoches de selle, bagages et accessoires de moto haut de gamme","article_modified_time":"2026-01-30T10:54:49+00:00","og_image":[{"width":2560,"height":1854,"url":"https:\/\/lapoderosagoods.com\/wp-content\/uploads\/2024\/05\/R12-cruiser-single-rack--scaled.jpg","path":"\/home\/spainmot\/lapoderosagoods\/wp-content\/uploads\/2024\/05\/R12-cruiser-single-rack--scaled.jpg","size":"full","id":18761,"alt":"","pixels":4746240,"type":"image\/jpeg"}],"twitter_card":"summary_large_image","schema":{"@context":"https:\/\/schema.org","@graph":[{"@type":"Organization","@id":"https:\/\/lapoderosagoods.com\/#organization","name":"La Poderosa Classic Goods","url":"https:\/\/lapoderosagoods.com\/","sameAs":[],"logo":{"@type":"ImageObject","@id":"https:\/\/lapoderosagoods.com\/#logo","inLanguage":"fr-FR","url":"https:\/\/lapoderosagoods.com\/wp-content\/uploads\/2019\/10\/poderosa.png","contentUrl":"https:\/\/lapoderosagoods.com\/wp-content\/uploads\/2019\/10\/poderosa.png","width":290,"height":209,"caption":"La Poderosa Classic Goods"},"image":{"@id":"https:\/\/lapoderosagoods.com\/#logo"}},{"@type":"WebSite","@id":"https:\/\/lapoderosagoods.com\/#website","url":"https:\/\/lapoderosagoods.com\/","name":"La Poderosa Goods - Sacoches de selle, bagages et accessoires de moto haut de gamme","description":"Bagages, supports, sacoches et accessoires pour les motos classiques, caf\u00e9 racer ou d'aventure. ","publisher":{"@id":"https:\/\/lapoderosagoods.com\/#organization"},"potentialAction":[{"@type":"SearchAction","target":{"@type":"EntryPoint","urlTemplate":"https:\/\/lapoderosagoods.com\/?s={search_term_string}"},"query-input":"required name=search_term_string"}],"inLanguage":"fr-FR"},{"@type":"ImageObject","@id":"https:\/\/lapoderosagoods.com\/produit\/soporte-para-alforja-sencillo-lado-derecho-bmw-r12-cruiser-negro-satinado\/#primaryimage","inLanguage":"fr-FR","url":"https:\/\/lapoderosagoods.com\/wp-content\/uploads\/2024\/05\/R12-cruiser-single-rack--scaled.jpg","contentUrl":"https:\/\/lapoderosagoods.com\/wp-content\/uploads\/2024\/05\/R12-cruiser-single-rack--scaled.jpg","width":2560,"height":1854},{"@type":"WebPage","@id":"https:\/\/lapoderosagoods.com\/produit\/soporte-para-alforja-sencillo-lado-derecho-bmw-r12-cruiser-negro-satinado\/#webpage","url":"https:\/\/lapoderosagoods.com\/produit\/soporte-para-alforja-sencillo-lado-derecho-bmw-r12-cruiser-negro-satinado\/","name":"Support Sacoche simple (droite) BMW R12 Cruiser - Noir Satin\u00e9 - La Poderosa Goods - Sacoches de selle, bagages et accessoires de moto haut de gamme","isPartOf":{"@id":"https:\/\/lapoderosagoods.com\/#website"},"primaryImageOfPage":{"@id":"https:\/\/lapoderosagoods.com\/produit\/soporte-para-alforja-sencillo-lado-derecho-bmw-r12-cruiser-negro-satinado\/#primaryimage"},"datePublished":"2024-05-26T12:06:06+00:00","dateModified":"2026-01-30T10:54:49+00:00","breadcrumb":{"@id":"https:\/\/lapoderosagoods.com\/produit\/soporte-para-alforja-sencillo-lado-derecho-bmw-r12-cruiser-negro-satinado\/#breadcrumb"},"inLanguage":"fr-FR","potentialAction":[{"@type":"ReadAction","target":["https:\/\/lapoderosagoods.com\/produit\/soporte-para-alforja-sencillo-lado-derecho-bmw-r12-cruiser-negro-satinado\/"]}]},{"@type":"BreadcrumbList","@id":"https:\/\/lapoderosagoods.com\/produit\/soporte-para-alforja-sencillo-lado-derecho-bmw-r12-cruiser-negro-satinado\/#breadcrumb","itemListElement":[{"@type":"ListItem","position":1,"name":"Portada","item":"https:\/\/lapoderosagoods.com\/"},{"@type":"ListItem","position":2,"name":"Produits","item":"https:\/\/lapoderosagoods.com\/fr\/produits\/"},{"@type":"ListItem","position":3,"name":"Support Sacoche simple (droite) BMW R12 Cruiser &#8211; Noir Satin\u00e9"}]}]}},"_links":{"self":[{"href":"https:\/\/lapoderosagoods.com\/fr\/wp-json\/wp\/v2\/product\/18733"}],"collection":[{"href":"https:\/\/lapoderosagoods.com\/fr\/wp-json\/wp\/v2\/product"}],"about":[{"href":"https:\/\/lapoderosagoods.com\/fr\/wp-json\/wp\/v2\/types\/product"}],"replies":[{"embeddable":true,"href":"https:\/\/lapoderosagoods.com\/fr\/wp-json\/wp\/v2\/comments?post=18733"}],"wp:featuredmedia":[{"embeddable":true,"href":"https:\/\/lapoderosagoods.com\/fr\/wp-json\/wp\/v2\/media\/18761"}],"wp:attachment":[{"href":"https:\/\/lapoderosagoods.com\/fr\/wp-json\/wp\/v2\/media?parent=18733"}],"wp:term":[{"taxonomy":"product_cat","embeddable":true,"href":"https:\/\/lapoderosagoods.com\/fr\/wp-json\/wp\/v2\/product_cat?post=18733"},{"taxonomy":"product_tag","embeddable":true,"href":"https:\/\/lapoderosagoods.com\/fr\/wp-json\/wp\/v2\/product_tag?post=18733"}],"curies":[{"name":"wp","href":"https:\/\/api.w.org\/{rel}","templated":true}]}}