{"id":18439,"date":"2024-03-25T09:18:51","date_gmt":"2024-03-25T07:18:52","guid":{"rendered":"https:\/\/lapoderosagoods.com\/?post_type=product&#038;p=18439"},"modified":"2025-07-15T13:38:08","modified_gmt":"2025-07-15T11:38:08","slug":"porta-bagage-chromee-pour-triumph-bonneville","status":"publish","type":"product","link":"https:\/\/lapoderosagoods.com\/fr\/produit\/porta-bagage-chromee-pour-triumph-bonneville\/","title":{"rendered":"Porta bagage  chrom\u00e9e  pour Triumph Bonneville"},"content":{"rendered":"<p>Cadre en acier au fini chrom\u00e9e pour s&rsquo;adapter aux bagages.<\/p>\n<p>Pi\u00e8ce con\u00e7ue pour \u00eatre plac\u00e9e dans le cadre arri\u00e8re de tout mod\u00e8le Triumph Bonneville*.<\/p>\n<p>Finition chrom\u00e9e haute resistance.<\/p>\n<p>Simple et minimal, parfait m\u00eame sans bagages.<\/p>\n<p>Structure tr\u00e8s solide pour des charges jusqu&rsquo;\u00e0 8kg.<\/p>\n<p>Compatible avec nos supports de sacoches.<\/p>\n<p>Compatible avec nos sacoches arri\u00e8re avec syst\u00e8me Klickfix.<\/p>\n<p>Robuste et l\u00e9ger \u00e9galement, avec un poids total inf\u00e9rieur \u00e0 2 kg.<\/p>\n<p>* Compatible avec les mod\u00e8les suivants :<\/p>\n<p>Triumph Bonneville<\/p>\n<p>Triumph Bonneville T100<\/p>\n<p>Triumph Bonneville T120 ( sans poign\u00e9e passager arri\u00e8re \u00a0)<\/p>\n<p>&nbsp;<\/p>\n","protected":false},"excerpt":{"rendered":"<p>Cadre en acier au fini chrom\u00e9e pour s&rsquo;adapter aux bagages. Pi\u00e8ce con\u00e7ue pour \u00eatre plac\u00e9e dans le cadre arri\u00e8re de tout mod\u00e8le Triumph Bonneville*. Finition chrom\u00e9e haute resistance. Simple et minimal, parfait m\u00eame sans bagages. Structure tr\u00e8s solide pour des charges jusqu&rsquo;\u00e0 8kg. Compatible avec nos supports de sacoches. Compatible avec nos sacoches arri\u00e8re avec [&#8230;]\n","protected":false},"featured_media":18383,"comment_status":"closed","ping_status":"closed","template":"","meta":{"spay_email":""},"product_cat":[539,734],"product_tag":[300,616,619],"yoast_head":"<!-- This site is optimized with the Yoast SEO plugin v16.8 - https:\/\/yoast.com\/wordpress\/plugins\/seo\/ -->\n<title>Porta bagage chrom\u00e9e pour Triumph Bonneville - La Poderosa Goods - Sacoches de selle, bagages et accessoires de moto haut de gamme<\/title>\n<meta name=\"robots\" content=\"index, follow, max-snippet:-1, max-image-preview:large, max-video-preview:-1\" \/>\n<link rel=\"canonical\" href=\"https:\/\/lapoderosagoods.com\/fr\/produit\/portaequipajes-trasero-para-triumph-bonneville-cromado\/\" \/>\n<meta property=\"og:locale\" content=\"fr_FR\" \/>\n<meta property=\"og:type\" content=\"article\" \/>\n<meta property=\"og:title\" content=\"Porta bagage chrom\u00e9e pour Triumph Bonneville - La Poderosa Goods - Sacoches de selle, bagages et accessoires de moto haut de gamme\" \/>\n<meta property=\"og:description\" content=\"Cadre en acier au fini chrom\u00e9e pour s&rsquo;adapter aux bagages. Pi\u00e8ce con\u00e7ue pour \u00eatre plac\u00e9e dans le cadre arri\u00e8re de tout mod\u00e8le Triumph Bonneville*. Finition chrom\u00e9e haute resistance. Simple et minimal, parfait m\u00eame sans bagages. Structure tr\u00e8s solide pour des charges jusqu&rsquo;\u00e0 8kg. Compatible avec nos supports de sacoches. Compatible avec nos sacoches arri\u00e8re avec [...]\" \/>\n<meta property=\"og:url\" content=\"https:\/\/lapoderosagoods.com\/produit\/portaequipajes-trasero-para-triumph-bonneville-cromado\/\" \/>\n<meta property=\"og:site_name\" content=\"La Poderosa Goods - Sacoches de selle, bagages et accessoires de moto haut de gamme\" \/>\n<meta property=\"article:modified_time\" content=\"2025-07-15T11:38:08+00:00\" \/>\n<meta property=\"og:image\" content=\"https:\/\/lapoderosagoods.com\/wp-content\/uploads\/2021\/06\/Rear-luggage-rack-chrome-bonnie--scaled.jpg\" \/>\n\t<meta property=\"og:image:width\" content=\"2560\" \/>\n\t<meta property=\"og:image:height\" content=\"1920\" \/>\n<meta name=\"twitter:card\" content=\"summary_large_image\" \/>\n<meta name=\"twitter:label1\" content=\"Dur\u00e9e de lecture est.\" \/>\n\t<meta name=\"twitter:data1\" content=\"1 minute\" \/>\n<script type=\"application\/ld+json\" class=\"yoast-schema-graph\">{\"@context\":\"https:\/\/schema.org\",\"@graph\":[{\"@type\":\"Organization\",\"@id\":\"https:\/\/lapoderosagoods.com\/#organization\",\"name\":\"La Poderosa Classic Goods\",\"url\":\"https:\/\/lapoderosagoods.com\/\",\"sameAs\":[],\"logo\":{\"@type\":\"ImageObject\",\"@id\":\"https:\/\/lapoderosagoods.com\/#logo\",\"inLanguage\":\"fr-FR\",\"url\":\"https:\/\/lapoderosagoods.com\/wp-content\/uploads\/2019\/10\/poderosa.png\",\"contentUrl\":\"https:\/\/lapoderosagoods.com\/wp-content\/uploads\/2019\/10\/poderosa.png\",\"width\":290,\"height\":209,\"caption\":\"La Poderosa Classic Goods\"},\"image\":{\"@id\":\"https:\/\/lapoderosagoods.com\/#logo\"}},{\"@type\":\"WebSite\",\"@id\":\"https:\/\/lapoderosagoods.com\/#website\",\"url\":\"https:\/\/lapoderosagoods.com\/\",\"name\":\"La Poderosa Goods - Sacoches de selle, bagages et accessoires de moto haut de gamme\",\"description\":\"Bagages, supports, sacoches et accessoires pour les motos classiques, caf\\u00e9 racer ou d'aventure. \",\"publisher\":{\"@id\":\"https:\/\/lapoderosagoods.com\/#organization\"},\"potentialAction\":[{\"@type\":\"SearchAction\",\"target\":{\"@type\":\"EntryPoint\",\"urlTemplate\":\"https:\/\/lapoderosagoods.com\/?s={search_term_string}\"},\"query-input\":\"required name=search_term_string\"}],\"inLanguage\":\"fr-FR\"},{\"@type\":\"ImageObject\",\"@id\":\"https:\/\/lapoderosagoods.com\/produit\/portaequipajes-trasero-para-triumph-bonneville-cromado\/#primaryimage\",\"inLanguage\":\"fr-FR\",\"url\":\"https:\/\/lapoderosagoods.com\/wp-content\/uploads\/2021\/06\/Rear-luggage-rack-chrome-bonnie--scaled.jpg\",\"contentUrl\":\"https:\/\/lapoderosagoods.com\/wp-content\/uploads\/2021\/06\/Rear-luggage-rack-chrome-bonnie--scaled.jpg\",\"width\":2560,\"height\":1920},{\"@type\":\"WebPage\",\"@id\":\"https:\/\/lapoderosagoods.com\/produit\/portaequipajes-trasero-para-triumph-bonneville-cromado\/#webpage\",\"url\":\"https:\/\/lapoderosagoods.com\/produit\/portaequipajes-trasero-para-triumph-bonneville-cromado\/\",\"name\":\"Porta bagage chrom\\u00e9e pour Triumph Bonneville - La Poderosa Goods - Sacoches de selle, bagages et accessoires de moto haut de gamme\",\"isPartOf\":{\"@id\":\"https:\/\/lapoderosagoods.com\/#website\"},\"primaryImageOfPage\":{\"@id\":\"https:\/\/lapoderosagoods.com\/produit\/portaequipajes-trasero-para-triumph-bonneville-cromado\/#primaryimage\"},\"datePublished\":\"2024-03-25T07:18:52+00:00\",\"dateModified\":\"2025-07-15T11:38:08+00:00\",\"breadcrumb\":{\"@id\":\"https:\/\/lapoderosagoods.com\/produit\/portaequipajes-trasero-para-triumph-bonneville-cromado\/#breadcrumb\"},\"inLanguage\":\"fr-FR\",\"potentialAction\":[{\"@type\":\"ReadAction\",\"target\":[\"https:\/\/lapoderosagoods.com\/produit\/portaequipajes-trasero-para-triumph-bonneville-cromado\/\"]}]},{\"@type\":\"BreadcrumbList\",\"@id\":\"https:\/\/lapoderosagoods.com\/produit\/portaequipajes-trasero-para-triumph-bonneville-cromado\/#breadcrumb\",\"itemListElement\":[{\"@type\":\"ListItem\",\"position\":1,\"name\":\"Portada\",\"item\":\"https:\/\/lapoderosagoods.com\/\"},{\"@type\":\"ListItem\",\"position\":2,\"name\":\"Produits\",\"item\":\"https:\/\/lapoderosagoods.com\/fr\/produits\/\"},{\"@type\":\"ListItem\",\"position\":3,\"name\":\"Porta bagage chrom\\u00e9e pour Triumph Bonneville\"}]}]}<\/script>\n<!-- \/ Yoast SEO plugin. -->","yoast_head_json":{"title":"Porta bagage chrom\u00e9e pour Triumph Bonneville - La Poderosa Goods - Sacoches de selle, bagages et accessoires de moto haut de gamme","robots":{"index":"index","follow":"follow","max-snippet":"max-snippet:-1","max-image-preview":"max-image-preview:large","max-video-preview":"max-video-preview:-1"},"canonical":"https:\/\/lapoderosagoods.com\/fr\/produit\/portaequipajes-trasero-para-triumph-bonneville-cromado\/","og_locale":"fr_FR","og_type":"article","og_title":"Porta bagage chrom\u00e9e pour Triumph Bonneville - La Poderosa Goods - Sacoches de selle, bagages et accessoires de moto haut de gamme","og_description":"Cadre en acier au fini chrom\u00e9e pour s&rsquo;adapter aux bagages. Pi\u00e8ce con\u00e7ue pour \u00eatre plac\u00e9e dans le cadre arri\u00e8re de tout mod\u00e8le Triumph Bonneville*. Finition chrom\u00e9e haute resistance. Simple et minimal, parfait m\u00eame sans bagages. Structure tr\u00e8s solide pour des charges jusqu&rsquo;\u00e0 8kg. Compatible avec nos supports de sacoches. Compatible avec nos sacoches arri\u00e8re avec [...]","og_url":"https:\/\/lapoderosagoods.com\/produit\/portaequipajes-trasero-para-triumph-bonneville-cromado\/","og_site_name":"La Poderosa Goods - Sacoches de selle, bagages et accessoires de moto haut de gamme","article_modified_time":"2025-07-15T11:38:08+00:00","og_image":[{"width":2560,"height":1920,"url":"https:\/\/lapoderosagoods.com\/wp-content\/uploads\/2021\/06\/Rear-luggage-rack-chrome-bonnie--scaled.jpg","path":"\/home\/spainmot\/lapoderosagoods\/wp-content\/uploads\/2021\/06\/Rear-luggage-rack-chrome-bonnie--scaled.jpg","size":"full","id":18383,"alt":"","pixels":4915200,"type":"image\/jpeg"}],"twitter_card":"summary_large_image","twitter_misc":{"Dur\u00e9e de lecture est.":"1 minute"},"schema":{"@context":"https:\/\/schema.org","@graph":[{"@type":"Organization","@id":"https:\/\/lapoderosagoods.com\/#organization","name":"La Poderosa Classic Goods","url":"https:\/\/lapoderosagoods.com\/","sameAs":[],"logo":{"@type":"ImageObject","@id":"https:\/\/lapoderosagoods.com\/#logo","inLanguage":"fr-FR","url":"https:\/\/lapoderosagoods.com\/wp-content\/uploads\/2019\/10\/poderosa.png","contentUrl":"https:\/\/lapoderosagoods.com\/wp-content\/uploads\/2019\/10\/poderosa.png","width":290,"height":209,"caption":"La Poderosa Classic Goods"},"image":{"@id":"https:\/\/lapoderosagoods.com\/#logo"}},{"@type":"WebSite","@id":"https:\/\/lapoderosagoods.com\/#website","url":"https:\/\/lapoderosagoods.com\/","name":"La Poderosa Goods - Sacoches de selle, bagages et accessoires de moto haut de gamme","description":"Bagages, supports, sacoches et accessoires pour les motos classiques, caf\u00e9 racer ou d'aventure. ","publisher":{"@id":"https:\/\/lapoderosagoods.com\/#organization"},"potentialAction":[{"@type":"SearchAction","target":{"@type":"EntryPoint","urlTemplate":"https:\/\/lapoderosagoods.com\/?s={search_term_string}"},"query-input":"required name=search_term_string"}],"inLanguage":"fr-FR"},{"@type":"ImageObject","@id":"https:\/\/lapoderosagoods.com\/produit\/portaequipajes-trasero-para-triumph-bonneville-cromado\/#primaryimage","inLanguage":"fr-FR","url":"https:\/\/lapoderosagoods.com\/wp-content\/uploads\/2021\/06\/Rear-luggage-rack-chrome-bonnie--scaled.jpg","contentUrl":"https:\/\/lapoderosagoods.com\/wp-content\/uploads\/2021\/06\/Rear-luggage-rack-chrome-bonnie--scaled.jpg","width":2560,"height":1920},{"@type":"WebPage","@id":"https:\/\/lapoderosagoods.com\/produit\/portaequipajes-trasero-para-triumph-bonneville-cromado\/#webpage","url":"https:\/\/lapoderosagoods.com\/produit\/portaequipajes-trasero-para-triumph-bonneville-cromado\/","name":"Porta bagage chrom\u00e9e pour Triumph Bonneville - La Poderosa Goods - Sacoches de selle, bagages et accessoires de moto haut de gamme","isPartOf":{"@id":"https:\/\/lapoderosagoods.com\/#website"},"primaryImageOfPage":{"@id":"https:\/\/lapoderosagoods.com\/produit\/portaequipajes-trasero-para-triumph-bonneville-cromado\/#primaryimage"},"datePublished":"2024-03-25T07:18:52+00:00","dateModified":"2025-07-15T11:38:08+00:00","breadcrumb":{"@id":"https:\/\/lapoderosagoods.com\/produit\/portaequipajes-trasero-para-triumph-bonneville-cromado\/#breadcrumb"},"inLanguage":"fr-FR","potentialAction":[{"@type":"ReadAction","target":["https:\/\/lapoderosagoods.com\/produit\/portaequipajes-trasero-para-triumph-bonneville-cromado\/"]}]},{"@type":"BreadcrumbList","@id":"https:\/\/lapoderosagoods.com\/produit\/portaequipajes-trasero-para-triumph-bonneville-cromado\/#breadcrumb","itemListElement":[{"@type":"ListItem","position":1,"name":"Portada","item":"https:\/\/lapoderosagoods.com\/"},{"@type":"ListItem","position":2,"name":"Produits","item":"https:\/\/lapoderosagoods.com\/fr\/produits\/"},{"@type":"ListItem","position":3,"name":"Porta bagage chrom\u00e9e pour Triumph Bonneville"}]}]}},"_links":{"self":[{"href":"https:\/\/lapoderosagoods.com\/fr\/wp-json\/wp\/v2\/product\/18439"}],"collection":[{"href":"https:\/\/lapoderosagoods.com\/fr\/wp-json\/wp\/v2\/product"}],"about":[{"href":"https:\/\/lapoderosagoods.com\/fr\/wp-json\/wp\/v2\/types\/product"}],"replies":[{"embeddable":true,"href":"https:\/\/lapoderosagoods.com\/fr\/wp-json\/wp\/v2\/comments?post=18439"}],"wp:featuredmedia":[{"embeddable":true,"href":"https:\/\/lapoderosagoods.com\/fr\/wp-json\/wp\/v2\/media\/18383"}],"wp:attachment":[{"href":"https:\/\/lapoderosagoods.com\/fr\/wp-json\/wp\/v2\/media?parent=18439"}],"wp:term":[{"taxonomy":"product_cat","embeddable":true,"href":"https:\/\/lapoderosagoods.com\/fr\/wp-json\/wp\/v2\/product_cat?post=18439"},{"taxonomy":"product_tag","embeddable":true,"href":"https:\/\/lapoderosagoods.com\/fr\/wp-json\/wp\/v2\/product_tag?post=18439"}],"curies":[{"name":"wp","href":"https:\/\/api.w.org\/{rel}","templated":true}]}}