{"id":18429,"date":"2024-03-24T14:31:40","date_gmt":"2024-03-24T12:31:41","guid":{"rendered":"https:\/\/lapoderosagoods.com\/?post_type=product&#038;p=18429"},"modified":"2024-03-25T09:04:23","modified_gmt":"2024-03-25T07:04:23","slug":"ensemble-complet-de-porte-bagages-arriere-et-double-porte-bagages-chromee-pour-triumph-bonneville-pour-sacoches-des-deux-cotes","status":"publish","type":"product","link":"https:\/\/lapoderosagoods.com\/fr\/produit\/ensemble-complet-de-porte-bagages-arriere-et-double-porte-bagages-chromee-pour-triumph-bonneville-pour-sacoches-des-deux-cotes\/","title":{"rendered":"Ensemble complet de porte-bagages arri\u00e8re et double porte-bagages  chrom\u00e9e pour Triumph Bonneville pour sacoches (des deux c\u00f4t\u00e9s)"},"content":{"rendered":"<p>Ensemble complet chrom\u00e9e \u00a0de porte-bagages arri\u00e8re et double porte-bagages pour sacoches (des deux c\u00f4t\u00e9s).<\/p>\n<p>Cadre en acier finition noir satin\u00e9 pour s&rsquo;adapter aux bagages et aux sacoches.<\/p>\n<p>Pi\u00e8ce con\u00e7ue pour \u00eatre plac\u00e9e dans le cadre arri\u00e8re de tout mod\u00e8le Triumph Bonneville*.<\/p>\n<p>Finition chrom\u00e9e haute r\u00e9sistance.<\/p>\n<p>Simple et minimal, parfait m\u00eame sans bagages.<\/p>\n<p>Robuste et l\u00e9ger \u00e9galement, avec un poids total inf\u00e9rieur \u00e0 4,3 kg.<\/p>\n<p>Structure tr\u00e8s solide pour des charges jusqu&rsquo;\u00e0 8kg.<\/p>\n<p>* Compatible avec les mod\u00e8les suivants:<\/p>\n<p>Triumph Bonneville<\/p>\n<p>Triumph Bonneville T100<\/p>\n<p>Triumph Bonneville T120 ( sans poign\u00e9e passager arri\u00e8re)<\/p>\n<p>&nbsp;<\/p>\n","protected":false},"excerpt":{"rendered":"<p>Ensemble complet chrom\u00e9e \u00a0de porte-bagages arri\u00e8re et double porte-bagages pour sacoches (des deux c\u00f4t\u00e9s). Cadre en acier finition noir satin\u00e9 pour s&rsquo;adapter aux bagages et aux sacoches. Pi\u00e8ce con\u00e7ue pour \u00eatre plac\u00e9e dans le cadre arri\u00e8re de tout mod\u00e8le Triumph Bonneville*. Finition chrom\u00e9e haute r\u00e9sistance. Simple et minimal, parfait m\u00eame sans bagages. Robuste et l\u00e9ger [&#8230;]\n","protected":false},"featured_media":18355,"comment_status":"closed","ping_status":"closed","template":"","meta":{"spay_email":""},"product_cat":[539,115,734,148],"product_tag":[300,616,619],"yoast_head":"<!-- This site is optimized with the Yoast SEO plugin v16.8 - https:\/\/yoast.com\/wordpress\/plugins\/seo\/ -->\n<title>Ensemble complet de porte-bagages arri\u00e8re et double porte-bagages chrom\u00e9e pour Triumph Bonneville pour sacoches (des deux c\u00f4t\u00e9s) - La Poderosa Goods - Sacoches de selle, bagages et accessoires de moto haut de gamme<\/title>\n<meta name=\"robots\" content=\"index, follow, max-snippet:-1, max-image-preview:large, max-video-preview:-1\" \/>\n<link rel=\"canonical\" href=\"https:\/\/lapoderosagoods.com\/fr\/produit\/set-de-portaequipajes-trasero-y-soporte-de-alforjas-para-triumph-bonneville-cromado\/\" \/>\n<meta property=\"og:locale\" content=\"fr_FR\" \/>\n<meta property=\"og:type\" content=\"article\" \/>\n<meta property=\"og:title\" content=\"Ensemble complet de porte-bagages arri\u00e8re et double porte-bagages chrom\u00e9e pour Triumph Bonneville pour sacoches (des deux c\u00f4t\u00e9s) - La Poderosa Goods - Sacoches de selle, bagages et accessoires de moto haut de gamme\" \/>\n<meta property=\"og:description\" content=\"Ensemble complet chrom\u00e9e \u00a0de porte-bagages arri\u00e8re et double porte-bagages pour sacoches (des deux c\u00f4t\u00e9s). Cadre en acier finition noir satin\u00e9 pour s&rsquo;adapter aux bagages et aux sacoches. Pi\u00e8ce con\u00e7ue pour \u00eatre plac\u00e9e dans le cadre arri\u00e8re de tout mod\u00e8le Triumph Bonneville*. Finition chrom\u00e9e haute r\u00e9sistance. Simple et minimal, parfait m\u00eame sans bagages. Robuste et l\u00e9ger [...]\" \/>\n<meta property=\"og:url\" content=\"https:\/\/lapoderosagoods.com\/produit\/set-de-portaequipajes-trasero-y-soporte-de-alforjas-para-triumph-bonneville-cromado\/\" \/>\n<meta property=\"og:site_name\" content=\"La Poderosa Goods - Sacoches de selle, bagages et accessoires de moto haut de gamme\" \/>\n<meta property=\"article:modified_time\" content=\"2024-03-25T07:04:23+00:00\" \/>\n<meta property=\"og:image\" content=\"https:\/\/lapoderosagoods.com\/wp-content\/uploads\/2021\/06\/Full-set-chrome-Bonnie--scaled.jpg\" \/>\n\t<meta property=\"og:image:width\" content=\"2560\" \/>\n\t<meta property=\"og:image:height\" content=\"1920\" \/>\n<meta name=\"twitter:card\" content=\"summary_large_image\" \/>\n<meta name=\"twitter:label1\" content=\"Dur\u00e9e de lecture est.\" \/>\n\t<meta name=\"twitter:data1\" content=\"1 minute\" \/>\n<script type=\"application\/ld+json\" class=\"yoast-schema-graph\">{\"@context\":\"https:\/\/schema.org\",\"@graph\":[{\"@type\":\"Organization\",\"@id\":\"https:\/\/lapoderosagoods.com\/#organization\",\"name\":\"La Poderosa Classic Goods\",\"url\":\"https:\/\/lapoderosagoods.com\/\",\"sameAs\":[],\"logo\":{\"@type\":\"ImageObject\",\"@id\":\"https:\/\/lapoderosagoods.com\/#logo\",\"inLanguage\":\"fr-FR\",\"url\":\"https:\/\/lapoderosagoods.com\/wp-content\/uploads\/2019\/10\/poderosa.png\",\"contentUrl\":\"https:\/\/lapoderosagoods.com\/wp-content\/uploads\/2019\/10\/poderosa.png\",\"width\":290,\"height\":209,\"caption\":\"La Poderosa Classic Goods\"},\"image\":{\"@id\":\"https:\/\/lapoderosagoods.com\/#logo\"}},{\"@type\":\"WebSite\",\"@id\":\"https:\/\/lapoderosagoods.com\/#website\",\"url\":\"https:\/\/lapoderosagoods.com\/\",\"name\":\"La Poderosa Goods - Sacoches de selle, bagages et accessoires de moto haut de gamme\",\"description\":\"Bagages, supports, sacoches et accessoires pour les motos classiques, caf\\u00e9 racer ou d'aventure. \",\"publisher\":{\"@id\":\"https:\/\/lapoderosagoods.com\/#organization\"},\"potentialAction\":[{\"@type\":\"SearchAction\",\"target\":{\"@type\":\"EntryPoint\",\"urlTemplate\":\"https:\/\/lapoderosagoods.com\/?s={search_term_string}\"},\"query-input\":\"required name=search_term_string\"}],\"inLanguage\":\"fr-FR\"},{\"@type\":\"ImageObject\",\"@id\":\"https:\/\/lapoderosagoods.com\/produit\/set-de-portaequipajes-trasero-y-soporte-de-alforjas-para-triumph-bonneville-cromado\/#primaryimage\",\"inLanguage\":\"fr-FR\",\"url\":\"https:\/\/lapoderosagoods.com\/wp-content\/uploads\/2021\/06\/Full-set-chrome-Bonnie--scaled.jpg\",\"contentUrl\":\"https:\/\/lapoderosagoods.com\/wp-content\/uploads\/2021\/06\/Full-set-chrome-Bonnie--scaled.jpg\",\"width\":2560,\"height\":1920},{\"@type\":\"WebPage\",\"@id\":\"https:\/\/lapoderosagoods.com\/produit\/set-de-portaequipajes-trasero-y-soporte-de-alforjas-para-triumph-bonneville-cromado\/#webpage\",\"url\":\"https:\/\/lapoderosagoods.com\/produit\/set-de-portaequipajes-trasero-y-soporte-de-alforjas-para-triumph-bonneville-cromado\/\",\"name\":\"Ensemble complet de porte-bagages arri\\u00e8re et double porte-bagages chrom\\u00e9e pour Triumph Bonneville pour sacoches (des deux c\\u00f4t\\u00e9s) - La Poderosa Goods - Sacoches de selle, bagages et accessoires de moto haut de gamme\",\"isPartOf\":{\"@id\":\"https:\/\/lapoderosagoods.com\/#website\"},\"primaryImageOfPage\":{\"@id\":\"https:\/\/lapoderosagoods.com\/produit\/set-de-portaequipajes-trasero-y-soporte-de-alforjas-para-triumph-bonneville-cromado\/#primaryimage\"},\"datePublished\":\"2024-03-24T12:31:41+00:00\",\"dateModified\":\"2024-03-25T07:04:23+00:00\",\"breadcrumb\":{\"@id\":\"https:\/\/lapoderosagoods.com\/produit\/set-de-portaequipajes-trasero-y-soporte-de-alforjas-para-triumph-bonneville-cromado\/#breadcrumb\"},\"inLanguage\":\"fr-FR\",\"potentialAction\":[{\"@type\":\"ReadAction\",\"target\":[\"https:\/\/lapoderosagoods.com\/produit\/set-de-portaequipajes-trasero-y-soporte-de-alforjas-para-triumph-bonneville-cromado\/\"]}]},{\"@type\":\"BreadcrumbList\",\"@id\":\"https:\/\/lapoderosagoods.com\/produit\/set-de-portaequipajes-trasero-y-soporte-de-alforjas-para-triumph-bonneville-cromado\/#breadcrumb\",\"itemListElement\":[{\"@type\":\"ListItem\",\"position\":1,\"name\":\"Portada\",\"item\":\"https:\/\/lapoderosagoods.com\/\"},{\"@type\":\"ListItem\",\"position\":2,\"name\":\"Produits\",\"item\":\"https:\/\/lapoderosagoods.com\/fr\/produits\/\"},{\"@type\":\"ListItem\",\"position\":3,\"name\":\"Ensemble complet de porte-bagages arri\\u00e8re et double porte-bagages chrom\\u00e9e pour Triumph Bonneville pour sacoches (des deux c\\u00f4t\\u00e9s)\"}]}]}<\/script>\n<!-- \/ Yoast SEO plugin. -->","yoast_head_json":{"title":"Ensemble complet de porte-bagages arri\u00e8re et double porte-bagages chrom\u00e9e pour Triumph Bonneville pour sacoches (des deux c\u00f4t\u00e9s) - La Poderosa Goods - Sacoches de selle, bagages et accessoires de moto haut de gamme","robots":{"index":"index","follow":"follow","max-snippet":"max-snippet:-1","max-image-preview":"max-image-preview:large","max-video-preview":"max-video-preview:-1"},"canonical":"https:\/\/lapoderosagoods.com\/fr\/produit\/set-de-portaequipajes-trasero-y-soporte-de-alforjas-para-triumph-bonneville-cromado\/","og_locale":"fr_FR","og_type":"article","og_title":"Ensemble complet de porte-bagages arri\u00e8re et double porte-bagages chrom\u00e9e pour Triumph Bonneville pour sacoches (des deux c\u00f4t\u00e9s) - La Poderosa Goods - Sacoches de selle, bagages et accessoires de moto haut de gamme","og_description":"Ensemble complet chrom\u00e9e \u00a0de porte-bagages arri\u00e8re et double porte-bagages pour sacoches (des deux c\u00f4t\u00e9s). Cadre en acier finition noir satin\u00e9 pour s&rsquo;adapter aux bagages et aux sacoches. Pi\u00e8ce con\u00e7ue pour \u00eatre plac\u00e9e dans le cadre arri\u00e8re de tout mod\u00e8le Triumph Bonneville*. Finition chrom\u00e9e haute r\u00e9sistance. Simple et minimal, parfait m\u00eame sans bagages. Robuste et l\u00e9ger [...]","og_url":"https:\/\/lapoderosagoods.com\/produit\/set-de-portaequipajes-trasero-y-soporte-de-alforjas-para-triumph-bonneville-cromado\/","og_site_name":"La Poderosa Goods - Sacoches de selle, bagages et accessoires de moto haut de gamme","article_modified_time":"2024-03-25T07:04:23+00:00","og_image":[{"width":2560,"height":1920,"url":"https:\/\/lapoderosagoods.com\/wp-content\/uploads\/2021\/06\/Full-set-chrome-Bonnie--scaled.jpg","path":"\/home\/spainmot\/lapoderosagoods\/wp-content\/uploads\/2021\/06\/Full-set-chrome-Bonnie--scaled.jpg","size":"full","id":18355,"alt":"","pixels":4915200,"type":"image\/jpeg"}],"twitter_card":"summary_large_image","twitter_misc":{"Dur\u00e9e de lecture est.":"1 minute"},"schema":{"@context":"https:\/\/schema.org","@graph":[{"@type":"Organization","@id":"https:\/\/lapoderosagoods.com\/#organization","name":"La Poderosa Classic Goods","url":"https:\/\/lapoderosagoods.com\/","sameAs":[],"logo":{"@type":"ImageObject","@id":"https:\/\/lapoderosagoods.com\/#logo","inLanguage":"fr-FR","url":"https:\/\/lapoderosagoods.com\/wp-content\/uploads\/2019\/10\/poderosa.png","contentUrl":"https:\/\/lapoderosagoods.com\/wp-content\/uploads\/2019\/10\/poderosa.png","width":290,"height":209,"caption":"La Poderosa Classic Goods"},"image":{"@id":"https:\/\/lapoderosagoods.com\/#logo"}},{"@type":"WebSite","@id":"https:\/\/lapoderosagoods.com\/#website","url":"https:\/\/lapoderosagoods.com\/","name":"La Poderosa Goods - Sacoches de selle, bagages et accessoires de moto haut de gamme","description":"Bagages, supports, sacoches et accessoires pour les motos classiques, caf\u00e9 racer ou d'aventure. ","publisher":{"@id":"https:\/\/lapoderosagoods.com\/#organization"},"potentialAction":[{"@type":"SearchAction","target":{"@type":"EntryPoint","urlTemplate":"https:\/\/lapoderosagoods.com\/?s={search_term_string}"},"query-input":"required name=search_term_string"}],"inLanguage":"fr-FR"},{"@type":"ImageObject","@id":"https:\/\/lapoderosagoods.com\/produit\/set-de-portaequipajes-trasero-y-soporte-de-alforjas-para-triumph-bonneville-cromado\/#primaryimage","inLanguage":"fr-FR","url":"https:\/\/lapoderosagoods.com\/wp-content\/uploads\/2021\/06\/Full-set-chrome-Bonnie--scaled.jpg","contentUrl":"https:\/\/lapoderosagoods.com\/wp-content\/uploads\/2021\/06\/Full-set-chrome-Bonnie--scaled.jpg","width":2560,"height":1920},{"@type":"WebPage","@id":"https:\/\/lapoderosagoods.com\/produit\/set-de-portaequipajes-trasero-y-soporte-de-alforjas-para-triumph-bonneville-cromado\/#webpage","url":"https:\/\/lapoderosagoods.com\/produit\/set-de-portaequipajes-trasero-y-soporte-de-alforjas-para-triumph-bonneville-cromado\/","name":"Ensemble complet de porte-bagages arri\u00e8re et double porte-bagages chrom\u00e9e pour Triumph Bonneville pour sacoches (des deux c\u00f4t\u00e9s) - La Poderosa Goods - Sacoches de selle, bagages et accessoires de moto haut de gamme","isPartOf":{"@id":"https:\/\/lapoderosagoods.com\/#website"},"primaryImageOfPage":{"@id":"https:\/\/lapoderosagoods.com\/produit\/set-de-portaequipajes-trasero-y-soporte-de-alforjas-para-triumph-bonneville-cromado\/#primaryimage"},"datePublished":"2024-03-24T12:31:41+00:00","dateModified":"2024-03-25T07:04:23+00:00","breadcrumb":{"@id":"https:\/\/lapoderosagoods.com\/produit\/set-de-portaequipajes-trasero-y-soporte-de-alforjas-para-triumph-bonneville-cromado\/#breadcrumb"},"inLanguage":"fr-FR","potentialAction":[{"@type":"ReadAction","target":["https:\/\/lapoderosagoods.com\/produit\/set-de-portaequipajes-trasero-y-soporte-de-alforjas-para-triumph-bonneville-cromado\/"]}]},{"@type":"BreadcrumbList","@id":"https:\/\/lapoderosagoods.com\/produit\/set-de-portaequipajes-trasero-y-soporte-de-alforjas-para-triumph-bonneville-cromado\/#breadcrumb","itemListElement":[{"@type":"ListItem","position":1,"name":"Portada","item":"https:\/\/lapoderosagoods.com\/"},{"@type":"ListItem","position":2,"name":"Produits","item":"https:\/\/lapoderosagoods.com\/fr\/produits\/"},{"@type":"ListItem","position":3,"name":"Ensemble complet de porte-bagages arri\u00e8re et double porte-bagages chrom\u00e9e pour Triumph Bonneville pour sacoches (des deux c\u00f4t\u00e9s)"}]}]}},"_links":{"self":[{"href":"https:\/\/lapoderosagoods.com\/fr\/wp-json\/wp\/v2\/product\/18429"}],"collection":[{"href":"https:\/\/lapoderosagoods.com\/fr\/wp-json\/wp\/v2\/product"}],"about":[{"href":"https:\/\/lapoderosagoods.com\/fr\/wp-json\/wp\/v2\/types\/product"}],"replies":[{"embeddable":true,"href":"https:\/\/lapoderosagoods.com\/fr\/wp-json\/wp\/v2\/comments?post=18429"}],"wp:featuredmedia":[{"embeddable":true,"href":"https:\/\/lapoderosagoods.com\/fr\/wp-json\/wp\/v2\/media\/18355"}],"wp:attachment":[{"href":"https:\/\/lapoderosagoods.com\/fr\/wp-json\/wp\/v2\/media?parent=18429"}],"wp:term":[{"taxonomy":"product_cat","embeddable":true,"href":"https:\/\/lapoderosagoods.com\/fr\/wp-json\/wp\/v2\/product_cat?post=18429"},{"taxonomy":"product_tag","embeddable":true,"href":"https:\/\/lapoderosagoods.com\/fr\/wp-json\/wp\/v2\/product_tag?post=18429"}],"curies":[{"name":"wp","href":"https:\/\/api.w.org\/{rel}","templated":true}]}}