{"id":13848,"date":"2022-10-13T08:36:08","date_gmt":"2022-10-13T06:36:09","guid":{"rendered":"https:\/\/lapoderosagoods.com\/?post_type=product&#038;p=13848"},"modified":"2023-04-11T22:34:31","modified_gmt":"2023-04-11T20:34:31","slug":"support-de-sacoche-brixton-crossfire-500-satin-black-deux-cotes","status":"publish","type":"product","link":"https:\/\/lapoderosagoods.com\/fr\/produit\/support-de-sacoche-brixton-crossfire-500-satin-black-deux-cotes\/","title":{"rendered":"Support de sacoche Brixton Crossfire 500 Satin Black (deux c\u00f4t\u00e9s)"},"content":{"rendered":"<div class=\"product-single__description rte\">\n<pre id=\"tw-target-text\" class=\"tw-data-text tw-text-large tw-ta\" dir=\"ltr\" data-placeholder=\"Translation\"><span class=\"Y2IQFc\" lang=\"fr\">Pi\u00e8ces destin\u00e9es \u00e0 \u00eatre viss\u00e9es sur le berceau arri\u00e8re de tout mod\u00e8le  Brixton Crossfire 500 * \u00e0 l'aide de vis.<\/span><\/pre>\n<p class=\"s3\"><span class=\"s2\">Peint avec une peinture en poudre \u00e0 haute r\u00e9sistance de couleur noir satin\u00e9.<\/span><\/p>\n<p class=\"s3\"><span class=\"s2\">Classic<\/span><span class=\"s2\">\u00a0et minimaliste, parfait m\u00eame avec le sac lat\u00e9ral retir\u00e9.<\/span><\/p>\n<p class=\"s3\"><span class=\"s2\">Structure tr\u00e8s solide pour des charges jusqu&rsquo;\u00e0 8kg par sac.<\/span><\/p>\n<p class=\"s3\"><span class=\"s2\">* Compatible avec les mod\u00e8les suivants (veuillez confirmer votre mod\u00e8le exact lors de la commande) :<\/span><\/p>\n<p class=\"s3\"><span class=\"s2\">Brixton Crossfire <\/span><\/p>\n<p>Brixton Crossfire X<\/p>\n<p>Brixton Crossfire XC<\/p>\n<p class=\"s3\"><span class=\"s2\">\u00a0<\/span><\/p>\n<\/div>\n","protected":false},"excerpt":{"rendered":"<p>Pi\u00e8ces destin\u00e9es \u00e0 \u00eatre viss\u00e9es sur le berceau arri\u00e8re de tout mod\u00e8le Brixton Crossfire 500 * \u00e0 l&rsquo;aide de vis. Peint avec une peinture en poudre \u00e0 haute r\u00e9sistance de couleur noir satin\u00e9. Classic\u00a0et minimaliste, parfait m\u00eame avec le sac lat\u00e9ral retir\u00e9. Structure tr\u00e8s solide pour des charges jusqu&rsquo;\u00e0 8kg par sac. * Compatible avec [&#8230;]\n","protected":false},"featured_media":13830,"comment_status":"closed","ping_status":"closed","template":"","meta":{"spay_email":""},"product_cat":[701,589,115],"product_tag":[766],"yoast_head":"<!-- This site is optimized with the Yoast SEO plugin v16.8 - https:\/\/yoast.com\/wordpress\/plugins\/seo\/ -->\n<title>Support de sacoche Brixton Crossfire 500 Satin Black (deux c\u00f4t\u00e9s) - La Poderosa Goods - Sacoches de selle, bagages et accessoires de moto haut de gamme<\/title>\n<meta name=\"robots\" content=\"index, follow, max-snippet:-1, max-image-preview:large, max-video-preview:-1\" \/>\n<link rel=\"canonical\" href=\"https:\/\/lapoderosagoods.com\/fr\/produit\/soporte-para-alforjas-brixton-crossfire-500-negro-satinado-ambos-lados\/\" \/>\n<meta property=\"og:locale\" content=\"fr_FR\" \/>\n<meta property=\"og:type\" content=\"article\" \/>\n<meta property=\"og:title\" content=\"Support de sacoche Brixton Crossfire 500 Satin Black (deux c\u00f4t\u00e9s) - La Poderosa Goods - Sacoches de selle, bagages et accessoires de moto haut de gamme\" \/>\n<meta property=\"og:description\" content=\"Pi\u00e8ces destin\u00e9es \u00e0 \u00eatre viss\u00e9es sur le berceau arri\u00e8re de tout mod\u00e8le Brixton Crossfire 500 * \u00e0 l&#039;aide de vis. Peint avec une peinture en poudre \u00e0 haute r\u00e9sistance de couleur noir satin\u00e9. Classic\u00a0et minimaliste, parfait m\u00eame avec le sac lat\u00e9ral retir\u00e9. Structure tr\u00e8s solide pour des charges jusqu&rsquo;\u00e0 8kg par sac. * Compatible avec [...]\" \/>\n<meta property=\"og:url\" content=\"https:\/\/lapoderosagoods.com\/produit\/soporte-para-alforjas-brixton-crossfire-500-negro-satinado-ambos-lados\/\" \/>\n<meta property=\"og:site_name\" content=\"La Poderosa Goods - Sacoches de selle, bagages et accessoires de moto haut de gamme\" \/>\n<meta property=\"article:modified_time\" content=\"2023-04-11T20:34:31+00:00\" \/>\n<meta property=\"og:image\" content=\"https:\/\/lapoderosagoods.com\/wp-content\/uploads\/2022\/10\/brixton-crossfire-500-soporte-y-portamaletas-RHS--scaled.jpg\" \/>\n\t<meta property=\"og:image:width\" content=\"2560\" \/>\n\t<meta property=\"og:image:height\" content=\"1920\" \/>\n<meta name=\"twitter:card\" content=\"summary_large_image\" \/>\n<script type=\"application\/ld+json\" class=\"yoast-schema-graph\">{\"@context\":\"https:\/\/schema.org\",\"@graph\":[{\"@type\":\"Organization\",\"@id\":\"https:\/\/lapoderosagoods.com\/#organization\",\"name\":\"La Poderosa Classic Goods\",\"url\":\"https:\/\/lapoderosagoods.com\/\",\"sameAs\":[],\"logo\":{\"@type\":\"ImageObject\",\"@id\":\"https:\/\/lapoderosagoods.com\/#logo\",\"inLanguage\":\"fr-FR\",\"url\":\"https:\/\/lapoderosagoods.com\/wp-content\/uploads\/2019\/10\/poderosa.png\",\"contentUrl\":\"https:\/\/lapoderosagoods.com\/wp-content\/uploads\/2019\/10\/poderosa.png\",\"width\":290,\"height\":209,\"caption\":\"La Poderosa Classic Goods\"},\"image\":{\"@id\":\"https:\/\/lapoderosagoods.com\/#logo\"}},{\"@type\":\"WebSite\",\"@id\":\"https:\/\/lapoderosagoods.com\/#website\",\"url\":\"https:\/\/lapoderosagoods.com\/\",\"name\":\"La Poderosa Goods - Sacoches de selle, bagages et accessoires de moto haut de gamme\",\"description\":\"Bagages, supports, sacoches et accessoires pour les motos classiques, caf\\u00e9 racer ou d'aventure. \",\"publisher\":{\"@id\":\"https:\/\/lapoderosagoods.com\/#organization\"},\"potentialAction\":[{\"@type\":\"SearchAction\",\"target\":{\"@type\":\"EntryPoint\",\"urlTemplate\":\"https:\/\/lapoderosagoods.com\/?s={search_term_string}\"},\"query-input\":\"required name=search_term_string\"}],\"inLanguage\":\"fr-FR\"},{\"@type\":\"ImageObject\",\"@id\":\"https:\/\/lapoderosagoods.com\/produit\/soporte-para-alforjas-brixton-crossfire-500-negro-satinado-ambos-lados\/#primaryimage\",\"inLanguage\":\"fr-FR\",\"url\":\"https:\/\/lapoderosagoods.com\/wp-content\/uploads\/2022\/10\/brixton-crossfire-500-soporte-y-portamaletas-RHS--scaled.jpg\",\"contentUrl\":\"https:\/\/lapoderosagoods.com\/wp-content\/uploads\/2022\/10\/brixton-crossfire-500-soporte-y-portamaletas-RHS--scaled.jpg\",\"width\":2560,\"height\":1920},{\"@type\":\"WebPage\",\"@id\":\"https:\/\/lapoderosagoods.com\/produit\/soporte-para-alforjas-brixton-crossfire-500-negro-satinado-ambos-lados\/#webpage\",\"url\":\"https:\/\/lapoderosagoods.com\/produit\/soporte-para-alforjas-brixton-crossfire-500-negro-satinado-ambos-lados\/\",\"name\":\"Support de sacoche Brixton Crossfire 500 Satin Black (deux c\\u00f4t\\u00e9s) - La Poderosa Goods - Sacoches de selle, bagages et accessoires de moto haut de gamme\",\"isPartOf\":{\"@id\":\"https:\/\/lapoderosagoods.com\/#website\"},\"primaryImageOfPage\":{\"@id\":\"https:\/\/lapoderosagoods.com\/produit\/soporte-para-alforjas-brixton-crossfire-500-negro-satinado-ambos-lados\/#primaryimage\"},\"datePublished\":\"2022-10-13T06:36:09+00:00\",\"dateModified\":\"2023-04-11T20:34:31+00:00\",\"breadcrumb\":{\"@id\":\"https:\/\/lapoderosagoods.com\/produit\/soporte-para-alforjas-brixton-crossfire-500-negro-satinado-ambos-lados\/#breadcrumb\"},\"inLanguage\":\"fr-FR\",\"potentialAction\":[{\"@type\":\"ReadAction\",\"target\":[\"https:\/\/lapoderosagoods.com\/produit\/soporte-para-alforjas-brixton-crossfire-500-negro-satinado-ambos-lados\/\"]}]},{\"@type\":\"BreadcrumbList\",\"@id\":\"https:\/\/lapoderosagoods.com\/produit\/soporte-para-alforjas-brixton-crossfire-500-negro-satinado-ambos-lados\/#breadcrumb\",\"itemListElement\":[{\"@type\":\"ListItem\",\"position\":1,\"name\":\"Portada\",\"item\":\"https:\/\/lapoderosagoods.com\/\"},{\"@type\":\"ListItem\",\"position\":2,\"name\":\"Produits\",\"item\":\"https:\/\/lapoderosagoods.com\/fr\/produits\/\"},{\"@type\":\"ListItem\",\"position\":3,\"name\":\"Support de sacoche Brixton Crossfire 500 Satin Black (deux c\\u00f4t\\u00e9s)\"}]}]}<\/script>\n<!-- \/ Yoast SEO plugin. -->","yoast_head_json":{"title":"Support de sacoche Brixton Crossfire 500 Satin Black (deux c\u00f4t\u00e9s) - La Poderosa Goods - Sacoches de selle, bagages et accessoires de moto haut de gamme","robots":{"index":"index","follow":"follow","max-snippet":"max-snippet:-1","max-image-preview":"max-image-preview:large","max-video-preview":"max-video-preview:-1"},"canonical":"https:\/\/lapoderosagoods.com\/fr\/produit\/soporte-para-alforjas-brixton-crossfire-500-negro-satinado-ambos-lados\/","og_locale":"fr_FR","og_type":"article","og_title":"Support de sacoche Brixton Crossfire 500 Satin Black (deux c\u00f4t\u00e9s) - La Poderosa Goods - Sacoches de selle, bagages et accessoires de moto haut de gamme","og_description":"Pi\u00e8ces destin\u00e9es \u00e0 \u00eatre viss\u00e9es sur le berceau arri\u00e8re de tout mod\u00e8le Brixton Crossfire 500 * \u00e0 l'aide de vis. Peint avec une peinture en poudre \u00e0 haute r\u00e9sistance de couleur noir satin\u00e9. Classic\u00a0et minimaliste, parfait m\u00eame avec le sac lat\u00e9ral retir\u00e9. Structure tr\u00e8s solide pour des charges jusqu&rsquo;\u00e0 8kg par sac. * Compatible avec [...]","og_url":"https:\/\/lapoderosagoods.com\/produit\/soporte-para-alforjas-brixton-crossfire-500-negro-satinado-ambos-lados\/","og_site_name":"La Poderosa Goods - Sacoches de selle, bagages et accessoires de moto haut de gamme","article_modified_time":"2023-04-11T20:34:31+00:00","og_image":[{"width":2560,"height":1920,"url":"https:\/\/lapoderosagoods.com\/wp-content\/uploads\/2022\/10\/brixton-crossfire-500-soporte-y-portamaletas-RHS--scaled.jpg","path":"\/home\/spainmot\/lapoderosagoods\/wp-content\/uploads\/2022\/10\/brixton-crossfire-500-soporte-y-portamaletas-RHS--scaled.jpg","size":"full","id":13830,"alt":"","pixels":4915200,"type":"image\/jpeg"}],"twitter_card":"summary_large_image","schema":{"@context":"https:\/\/schema.org","@graph":[{"@type":"Organization","@id":"https:\/\/lapoderosagoods.com\/#organization","name":"La Poderosa Classic Goods","url":"https:\/\/lapoderosagoods.com\/","sameAs":[],"logo":{"@type":"ImageObject","@id":"https:\/\/lapoderosagoods.com\/#logo","inLanguage":"fr-FR","url":"https:\/\/lapoderosagoods.com\/wp-content\/uploads\/2019\/10\/poderosa.png","contentUrl":"https:\/\/lapoderosagoods.com\/wp-content\/uploads\/2019\/10\/poderosa.png","width":290,"height":209,"caption":"La Poderosa Classic Goods"},"image":{"@id":"https:\/\/lapoderosagoods.com\/#logo"}},{"@type":"WebSite","@id":"https:\/\/lapoderosagoods.com\/#website","url":"https:\/\/lapoderosagoods.com\/","name":"La Poderosa Goods - Sacoches de selle, bagages et accessoires de moto haut de gamme","description":"Bagages, supports, sacoches et accessoires pour les motos classiques, caf\u00e9 racer ou d'aventure. ","publisher":{"@id":"https:\/\/lapoderosagoods.com\/#organization"},"potentialAction":[{"@type":"SearchAction","target":{"@type":"EntryPoint","urlTemplate":"https:\/\/lapoderosagoods.com\/?s={search_term_string}"},"query-input":"required name=search_term_string"}],"inLanguage":"fr-FR"},{"@type":"ImageObject","@id":"https:\/\/lapoderosagoods.com\/produit\/soporte-para-alforjas-brixton-crossfire-500-negro-satinado-ambos-lados\/#primaryimage","inLanguage":"fr-FR","url":"https:\/\/lapoderosagoods.com\/wp-content\/uploads\/2022\/10\/brixton-crossfire-500-soporte-y-portamaletas-RHS--scaled.jpg","contentUrl":"https:\/\/lapoderosagoods.com\/wp-content\/uploads\/2022\/10\/brixton-crossfire-500-soporte-y-portamaletas-RHS--scaled.jpg","width":2560,"height":1920},{"@type":"WebPage","@id":"https:\/\/lapoderosagoods.com\/produit\/soporte-para-alforjas-brixton-crossfire-500-negro-satinado-ambos-lados\/#webpage","url":"https:\/\/lapoderosagoods.com\/produit\/soporte-para-alforjas-brixton-crossfire-500-negro-satinado-ambos-lados\/","name":"Support de sacoche Brixton Crossfire 500 Satin Black (deux c\u00f4t\u00e9s) - La Poderosa Goods - Sacoches de selle, bagages et accessoires de moto haut de gamme","isPartOf":{"@id":"https:\/\/lapoderosagoods.com\/#website"},"primaryImageOfPage":{"@id":"https:\/\/lapoderosagoods.com\/produit\/soporte-para-alforjas-brixton-crossfire-500-negro-satinado-ambos-lados\/#primaryimage"},"datePublished":"2022-10-13T06:36:09+00:00","dateModified":"2023-04-11T20:34:31+00:00","breadcrumb":{"@id":"https:\/\/lapoderosagoods.com\/produit\/soporte-para-alforjas-brixton-crossfire-500-negro-satinado-ambos-lados\/#breadcrumb"},"inLanguage":"fr-FR","potentialAction":[{"@type":"ReadAction","target":["https:\/\/lapoderosagoods.com\/produit\/soporte-para-alforjas-brixton-crossfire-500-negro-satinado-ambos-lados\/"]}]},{"@type":"BreadcrumbList","@id":"https:\/\/lapoderosagoods.com\/produit\/soporte-para-alforjas-brixton-crossfire-500-negro-satinado-ambos-lados\/#breadcrumb","itemListElement":[{"@type":"ListItem","position":1,"name":"Portada","item":"https:\/\/lapoderosagoods.com\/"},{"@type":"ListItem","position":2,"name":"Produits","item":"https:\/\/lapoderosagoods.com\/fr\/produits\/"},{"@type":"ListItem","position":3,"name":"Support de sacoche Brixton Crossfire 500 Satin Black (deux c\u00f4t\u00e9s)"}]}]}},"_links":{"self":[{"href":"https:\/\/lapoderosagoods.com\/fr\/wp-json\/wp\/v2\/product\/13848"}],"collection":[{"href":"https:\/\/lapoderosagoods.com\/fr\/wp-json\/wp\/v2\/product"}],"about":[{"href":"https:\/\/lapoderosagoods.com\/fr\/wp-json\/wp\/v2\/types\/product"}],"replies":[{"embeddable":true,"href":"https:\/\/lapoderosagoods.com\/fr\/wp-json\/wp\/v2\/comments?post=13848"}],"wp:featuredmedia":[{"embeddable":true,"href":"https:\/\/lapoderosagoods.com\/fr\/wp-json\/wp\/v2\/media\/13830"}],"wp:attachment":[{"href":"https:\/\/lapoderosagoods.com\/fr\/wp-json\/wp\/v2\/media?parent=13848"}],"wp:term":[{"taxonomy":"product_cat","embeddable":true,"href":"https:\/\/lapoderosagoods.com\/fr\/wp-json\/wp\/v2\/product_cat?post=13848"},{"taxonomy":"product_tag","embeddable":true,"href":"https:\/\/lapoderosagoods.com\/fr\/wp-json\/wp\/v2\/product_tag?post=13848"}],"curies":[{"name":"wp","href":"https:\/\/api.w.org\/{rel}","templated":true}]}}