{"id":13537,"date":"2022-09-27T11:48:57","date_gmt":"2022-09-27T09:48:57","guid":{"rendered":"https:\/\/lapoderosagoods.com\/producto\/sac-a-outils-en-coton-cire-et-cuir\/"},"modified":"2022-11-26T13:48:11","modified_gmt":"2022-11-26T11:48:11","slug":"atacama-sac-a-outils-en-coton-cire-et-cuir","status":"publish","type":"product","link":"https:\/\/lapoderosagoods.com\/fr\/produit\/atacama-sac-a-outils-en-coton-cire-et-cuir\/","title":{"rendered":"Atacama Sac \u00e0 outils en coton cir\u00e9 et cuir"},"content":{"rendered":"<p>Sac \u00e0 outils Atacama en coton cir\u00e9 et cuir v\u00e9ritable.<br \/>\nAssorti \u00e0 tous nos sacs de voyage.<br \/>\nSangles en cuir pour s&rsquo;adapter \u00e0 la moto.<br \/>\nPoche int\u00e9rieure pour documentation et autres outils.<br \/>\nCon\u00e7u pour les outils d&rsquo;origine des Bmw Classics.<br \/>\nTaille exacte des plateaux d&rsquo;origine (sous la selle) des Bmw Classics (R50, R60, R75, R80, R100&#8230;)<br \/>\n*Le sac n&rsquo;inclut pas les outils.<\/p>\n<p>6 couleurs au choix: Picual green, Smoked black, Safari beige, Camo, Smoked black (avec cuir marron) \u00a0et Denim .<\/p>\n","protected":false},"excerpt":{"rendered":"<p>Sac \u00e0 outils Atacama en coton cir\u00e9 et cuir v\u00e9ritable. Assorti \u00e0 tous nos sacs de voyage. Sangles en cuir pour s&rsquo;adapter \u00e0 la moto. Poche int\u00e9rieure pour documentation et autres outils. Con\u00e7u pour les outils d&rsquo;origine des Bmw Classics. Taille exacte des plateaux d&rsquo;origine (sous la selle) des Bmw Classics (R50, R60, R75, R80, [&#8230;]\n","protected":false},"featured_media":13448,"comment_status":"closed","ping_status":"closed","template":"","meta":{"spay_email":""},"product_cat":[111],"product_tag":[775,238,240,611,476,825,260,785,865,440,873,951,869,252,245,886,247,250,866,766,767,850,265,258,855,577,811,778,571,781,559,568,512,269,846,270,914,955,892,601,530,895,515,273,276,898,281,801,902,284,793,797,534,807,485,482,488,491,295,818,922,631,834,928,635,639,907,518,889,647,643,651,655,931,822,967,863,918,616,619,304,789,859,307,935,309,314,316,627,623,323,500,325,327,830,606,769,330],"yoast_head":"<!-- This site is optimized with the Yoast SEO plugin v16.8 - https:\/\/yoast.com\/wordpress\/plugins\/seo\/ -->\n<title>Atacama Sac \u00e0 outils en coton cir\u00e9 et cuir - La Poderosa Goods - Sacoches de selle, bagages et accessoires de moto haut de gamme<\/title>\n<meta name=\"robots\" content=\"index, follow, max-snippet:-1, max-image-preview:large, max-video-preview:-1\" \/>\n<link rel=\"canonical\" href=\"https:\/\/lapoderosagoods.com\/fr\/produit\/atacama-sac-a-outils-en-coton-cire-et-cuir\/\" \/>\n<meta property=\"og:locale\" content=\"fr_FR\" \/>\n<meta property=\"og:type\" content=\"article\" \/>\n<meta property=\"og:title\" content=\"Atacama Sac \u00e0 outils en coton cir\u00e9 et cuir - La Poderosa Goods - Sacoches de selle, bagages et accessoires de moto haut de gamme\" \/>\n<meta property=\"og:description\" content=\"Sac \u00e0 outils Atacama en coton cir\u00e9 et cuir v\u00e9ritable. Assorti \u00e0 tous nos sacs de voyage. Sangles en cuir pour s&rsquo;adapter \u00e0 la moto. Poche int\u00e9rieure pour documentation et autres outils. Con\u00e7u pour les outils d&rsquo;origine des Bmw Classics. Taille exacte des plateaux d&rsquo;origine (sous la selle) des Bmw Classics (R50, R60, R75, R80, [...]\" \/>\n<meta property=\"og:url\" content=\"https:\/\/lapoderosagoods.com\/fr\/produit\/atacama-sac-a-outils-en-coton-cire-et-cuir\/\" \/>\n<meta property=\"og:site_name\" content=\"La Poderosa Goods - Sacoches de selle, bagages et accessoires de moto haut de gamme\" \/>\n<meta property=\"article:modified_time\" content=\"2022-11-26T11:48:11+00:00\" \/>\n<meta property=\"og:image\" content=\"https:\/\/lapoderosagoods.com\/wp-content\/uploads\/2022\/09\/tool-bag-5-colores--scaled.jpg\" \/>\n\t<meta property=\"og:image:width\" content=\"2560\" \/>\n\t<meta property=\"og:image:height\" content=\"2371\" \/>\n<meta name=\"twitter:card\" content=\"summary_large_image\" \/>\n<script type=\"application\/ld+json\" class=\"yoast-schema-graph\">{\"@context\":\"https:\/\/schema.org\",\"@graph\":[{\"@type\":\"Organization\",\"@id\":\"https:\/\/lapoderosagoods.com\/#organization\",\"name\":\"La Poderosa Classic Goods\",\"url\":\"https:\/\/lapoderosagoods.com\/\",\"sameAs\":[],\"logo\":{\"@type\":\"ImageObject\",\"@id\":\"https:\/\/lapoderosagoods.com\/#logo\",\"inLanguage\":\"fr-FR\",\"url\":\"https:\/\/lapoderosagoods.com\/wp-content\/uploads\/2019\/10\/poderosa.png\",\"contentUrl\":\"https:\/\/lapoderosagoods.com\/wp-content\/uploads\/2019\/10\/poderosa.png\",\"width\":290,\"height\":209,\"caption\":\"La Poderosa Classic Goods\"},\"image\":{\"@id\":\"https:\/\/lapoderosagoods.com\/#logo\"}},{\"@type\":\"WebSite\",\"@id\":\"https:\/\/lapoderosagoods.com\/#website\",\"url\":\"https:\/\/lapoderosagoods.com\/\",\"name\":\"La Poderosa Goods - Sacoches de selle, bagages et accessoires de moto haut de gamme\",\"description\":\"Bagages, supports, sacoches et accessoires pour les motos classiques, caf\\u00e9 racer ou d'aventure. \",\"publisher\":{\"@id\":\"https:\/\/lapoderosagoods.com\/#organization\"},\"potentialAction\":[{\"@type\":\"SearchAction\",\"target\":{\"@type\":\"EntryPoint\",\"urlTemplate\":\"https:\/\/lapoderosagoods.com\/?s={search_term_string}\"},\"query-input\":\"required name=search_term_string\"}],\"inLanguage\":\"fr-FR\"},{\"@type\":\"ImageObject\",\"@id\":\"https:\/\/lapoderosagoods.com\/fr\/produit\/atacama-sac-a-outils-en-coton-cire-et-cuir\/#primaryimage\",\"inLanguage\":\"fr-FR\",\"url\":\"https:\/\/lapoderosagoods.com\/wp-content\/uploads\/2022\/09\/tool-bag-5-colores--scaled.jpg\",\"contentUrl\":\"https:\/\/lapoderosagoods.com\/wp-content\/uploads\/2022\/09\/tool-bag-5-colores--scaled.jpg\",\"width\":2560,\"height\":2371},{\"@type\":\"WebPage\",\"@id\":\"https:\/\/lapoderosagoods.com\/fr\/produit\/atacama-sac-a-outils-en-coton-cire-et-cuir\/#webpage\",\"url\":\"https:\/\/lapoderosagoods.com\/fr\/produit\/atacama-sac-a-outils-en-coton-cire-et-cuir\/\",\"name\":\"Atacama Sac \\u00e0 outils en coton cir\\u00e9 et cuir - La Poderosa Goods - Sacoches de selle, bagages et accessoires de moto haut de gamme\",\"isPartOf\":{\"@id\":\"https:\/\/lapoderosagoods.com\/#website\"},\"primaryImageOfPage\":{\"@id\":\"https:\/\/lapoderosagoods.com\/fr\/produit\/atacama-sac-a-outils-en-coton-cire-et-cuir\/#primaryimage\"},\"datePublished\":\"2022-09-27T09:48:57+00:00\",\"dateModified\":\"2022-11-26T11:48:11+00:00\",\"breadcrumb\":{\"@id\":\"https:\/\/lapoderosagoods.com\/fr\/produit\/atacama-sac-a-outils-en-coton-cire-et-cuir\/#breadcrumb\"},\"inLanguage\":\"fr-FR\",\"potentialAction\":[{\"@type\":\"ReadAction\",\"target\":[\"https:\/\/lapoderosagoods.com\/fr\/produit\/atacama-sac-a-outils-en-coton-cire-et-cuir\/\"]}]},{\"@type\":\"BreadcrumbList\",\"@id\":\"https:\/\/lapoderosagoods.com\/fr\/produit\/atacama-sac-a-outils-en-coton-cire-et-cuir\/#breadcrumb\",\"itemListElement\":[{\"@type\":\"ListItem\",\"position\":1,\"name\":\"Portada\",\"item\":\"https:\/\/lapoderosagoods.com\/\"},{\"@type\":\"ListItem\",\"position\":2,\"name\":\"Produits\",\"item\":\"https:\/\/lapoderosagoods.com\/fr\/produits\/\"},{\"@type\":\"ListItem\",\"position\":3,\"name\":\"Atacama Sac \\u00e0 outils en coton cir\\u00e9 et cuir\"}]}]}<\/script>\n<!-- \/ Yoast SEO plugin. -->","yoast_head_json":{"title":"Atacama Sac \u00e0 outils en coton cir\u00e9 et cuir - La Poderosa Goods - Sacoches de selle, bagages et accessoires de moto haut de gamme","robots":{"index":"index","follow":"follow","max-snippet":"max-snippet:-1","max-image-preview":"max-image-preview:large","max-video-preview":"max-video-preview:-1"},"canonical":"https:\/\/lapoderosagoods.com\/fr\/produit\/atacama-sac-a-outils-en-coton-cire-et-cuir\/","og_locale":"fr_FR","og_type":"article","og_title":"Atacama Sac \u00e0 outils en coton cir\u00e9 et cuir - La Poderosa Goods - Sacoches de selle, bagages et accessoires de moto haut de gamme","og_description":"Sac \u00e0 outils Atacama en coton cir\u00e9 et cuir v\u00e9ritable. Assorti \u00e0 tous nos sacs de voyage. Sangles en cuir pour s&rsquo;adapter \u00e0 la moto. Poche int\u00e9rieure pour documentation et autres outils. Con\u00e7u pour les outils d&rsquo;origine des Bmw Classics. Taille exacte des plateaux d&rsquo;origine (sous la selle) des Bmw Classics (R50, R60, R75, R80, [...]","og_url":"https:\/\/lapoderosagoods.com\/fr\/produit\/atacama-sac-a-outils-en-coton-cire-et-cuir\/","og_site_name":"La Poderosa Goods - Sacoches de selle, bagages et accessoires de moto haut de gamme","article_modified_time":"2022-11-26T11:48:11+00:00","og_image":[{"width":2560,"height":2371,"url":"https:\/\/lapoderosagoods.com\/wp-content\/uploads\/2022\/09\/tool-bag-5-colores--scaled.jpg","path":"\/home\/spainmot\/lapoderosagoods\/wp-content\/uploads\/2022\/09\/tool-bag-5-colores--scaled.jpg","size":"full","id":13448,"alt":"","pixels":6069760,"type":"image\/jpeg"}],"twitter_card":"summary_large_image","schema":{"@context":"https:\/\/schema.org","@graph":[{"@type":"Organization","@id":"https:\/\/lapoderosagoods.com\/#organization","name":"La Poderosa Classic Goods","url":"https:\/\/lapoderosagoods.com\/","sameAs":[],"logo":{"@type":"ImageObject","@id":"https:\/\/lapoderosagoods.com\/#logo","inLanguage":"fr-FR","url":"https:\/\/lapoderosagoods.com\/wp-content\/uploads\/2019\/10\/poderosa.png","contentUrl":"https:\/\/lapoderosagoods.com\/wp-content\/uploads\/2019\/10\/poderosa.png","width":290,"height":209,"caption":"La Poderosa Classic Goods"},"image":{"@id":"https:\/\/lapoderosagoods.com\/#logo"}},{"@type":"WebSite","@id":"https:\/\/lapoderosagoods.com\/#website","url":"https:\/\/lapoderosagoods.com\/","name":"La Poderosa Goods - Sacoches de selle, bagages et accessoires de moto haut de gamme","description":"Bagages, supports, sacoches et accessoires pour les motos classiques, caf\u00e9 racer ou d'aventure. ","publisher":{"@id":"https:\/\/lapoderosagoods.com\/#organization"},"potentialAction":[{"@type":"SearchAction","target":{"@type":"EntryPoint","urlTemplate":"https:\/\/lapoderosagoods.com\/?s={search_term_string}"},"query-input":"required name=search_term_string"}],"inLanguage":"fr-FR"},{"@type":"ImageObject","@id":"https:\/\/lapoderosagoods.com\/fr\/produit\/atacama-sac-a-outils-en-coton-cire-et-cuir\/#primaryimage","inLanguage":"fr-FR","url":"https:\/\/lapoderosagoods.com\/wp-content\/uploads\/2022\/09\/tool-bag-5-colores--scaled.jpg","contentUrl":"https:\/\/lapoderosagoods.com\/wp-content\/uploads\/2022\/09\/tool-bag-5-colores--scaled.jpg","width":2560,"height":2371},{"@type":"WebPage","@id":"https:\/\/lapoderosagoods.com\/fr\/produit\/atacama-sac-a-outils-en-coton-cire-et-cuir\/#webpage","url":"https:\/\/lapoderosagoods.com\/fr\/produit\/atacama-sac-a-outils-en-coton-cire-et-cuir\/","name":"Atacama Sac \u00e0 outils en coton cir\u00e9 et cuir - La Poderosa Goods - Sacoches de selle, bagages et accessoires de moto haut de gamme","isPartOf":{"@id":"https:\/\/lapoderosagoods.com\/#website"},"primaryImageOfPage":{"@id":"https:\/\/lapoderosagoods.com\/fr\/produit\/atacama-sac-a-outils-en-coton-cire-et-cuir\/#primaryimage"},"datePublished":"2022-09-27T09:48:57+00:00","dateModified":"2022-11-26T11:48:11+00:00","breadcrumb":{"@id":"https:\/\/lapoderosagoods.com\/fr\/produit\/atacama-sac-a-outils-en-coton-cire-et-cuir\/#breadcrumb"},"inLanguage":"fr-FR","potentialAction":[{"@type":"ReadAction","target":["https:\/\/lapoderosagoods.com\/fr\/produit\/atacama-sac-a-outils-en-coton-cire-et-cuir\/"]}]},{"@type":"BreadcrumbList","@id":"https:\/\/lapoderosagoods.com\/fr\/produit\/atacama-sac-a-outils-en-coton-cire-et-cuir\/#breadcrumb","itemListElement":[{"@type":"ListItem","position":1,"name":"Portada","item":"https:\/\/lapoderosagoods.com\/"},{"@type":"ListItem","position":2,"name":"Produits","item":"https:\/\/lapoderosagoods.com\/fr\/produits\/"},{"@type":"ListItem","position":3,"name":"Atacama Sac \u00e0 outils en coton cir\u00e9 et cuir"}]}]}},"_links":{"self":[{"href":"https:\/\/lapoderosagoods.com\/fr\/wp-json\/wp\/v2\/product\/13537"}],"collection":[{"href":"https:\/\/lapoderosagoods.com\/fr\/wp-json\/wp\/v2\/product"}],"about":[{"href":"https:\/\/lapoderosagoods.com\/fr\/wp-json\/wp\/v2\/types\/product"}],"replies":[{"embeddable":true,"href":"https:\/\/lapoderosagoods.com\/fr\/wp-json\/wp\/v2\/comments?post=13537"}],"wp:featuredmedia":[{"embeddable":true,"href":"https:\/\/lapoderosagoods.com\/fr\/wp-json\/wp\/v2\/media\/13448"}],"wp:attachment":[{"href":"https:\/\/lapoderosagoods.com\/fr\/wp-json\/wp\/v2\/media?parent=13537"}],"wp:term":[{"taxonomy":"product_cat","embeddable":true,"href":"https:\/\/lapoderosagoods.com\/fr\/wp-json\/wp\/v2\/product_cat?post=13537"},{"taxonomy":"product_tag","embeddable":true,"href":"https:\/\/lapoderosagoods.com\/fr\/wp-json\/wp\/v2\/product_tag?post=13537"}],"curies":[{"name":"wp","href":"https:\/\/api.w.org\/{rel}","templated":true}]}}