{"id":12194,"date":"2022-04-16T17:52:52","date_gmt":"2022-04-16T15:52:52","guid":{"rendered":"https:\/\/lapoderosagoods.com\/?post_type=product&#038;p=12194"},"modified":"2025-10-27T02:23:25","modified_gmt":"2025-10-27T01:23:25","slug":"porte-numero-plastique-avec-ancre-klickfix-fond-blanc-et-autocollants-decoratifs","status":"publish","type":"product","link":"https:\/\/lapoderosagoods.com\/fr\/produit\/porte-numero-plastique-avec-ancre-klickfix-fond-blanc-et-autocollants-decoratifs\/","title":{"rendered":"Porte-numero avec ancre Klickfix fond  blanc et autocollants d\u00e9coratifs"},"content":{"rendered":"<p class=\"s3\"><span class=\"Y2IQFc\" lang=\"fr\">Con\u00e7u pour s&rsquo;adapter \u00e0 n&rsquo;importe lequel de nos supports au lieu d&rsquo;une sacoche. <\/span><\/p>\n<p class=\"s3\"><span class=\"Y2IQFc\" lang=\"fr\">Fabriqu\u00e9 en polypropyl\u00e8ne blanc haute r\u00e9sistance avec autocollants d\u00e9coratifs \u00e1 choisir.\u00a0<\/span><\/p>\n<p class=\"s3\"><span class=\"Y2IQFc\" lang=\"fr\">Esth\u00e9tique de motocross vintage. <\/span><\/p>\n<p class=\"s3\"><span class=\"Y2IQFc\" lang=\"fr\">*Compatible avec tous nos modeles de supports.<\/span><\/p>\n<p>&nbsp;<\/p>\n","protected":false},"excerpt":{"rendered":"<p>Con\u00e7u pour s&rsquo;adapter \u00e0 n&rsquo;importe lequel de nos supports au lieu d&rsquo;une sacoche. Fabriqu\u00e9 en polypropyl\u00e8ne blanc haute r\u00e9sistance avec autocollants d\u00e9coratifs \u00e1 choisir.\u00a0 Esth\u00e9tique de motocross vintage. *Compatible avec tous nos modeles de supports. &nbsp;<\/p>\n","protected":false},"featured_media":12241,"comment_status":"closed","ping_status":"closed","template":"","meta":{"spay_email":""},"product_cat":[111,115],"product_tag":[775,238,240,611,476,825,260,785,865,440,873,951,869,252,245,886,247,250,866,766,767,850,265,258,855,577,811,778,571,781,559,568,512,269,846,270,914,955,892,601,530,895,515,273,276,898,281,801,902,284,793,797,534,807,290,485,482,488,491,295,818,922,631,834,928,635,639,907,518,889,647,643,651,655,931,822,967,863,918,300,616,619,304,789,859,307,935,309,314,316,318,627,623,323,500,325,327,830,606,769,330],"yoast_head":"<!-- This site is optimized with the Yoast SEO plugin v16.8 - https:\/\/yoast.com\/wordpress\/plugins\/seo\/ -->\n<title>Porte-numero avec ancre Klickfix fond blanc et autocollants d\u00e9coratifs - La Poderosa Goods - Sacoches de selle, bagages et accessoires de moto haut de gamme<\/title>\n<meta name=\"robots\" content=\"index, follow, max-snippet:-1, max-image-preview:large, max-video-preview:-1\" \/>\n<link rel=\"canonical\" href=\"https:\/\/lapoderosagoods.com\/fr\/produit\/porte-numero-plastique-avec-ancre-klickfix-fond-blanc-et-autocollants-decoratifs\/\" \/>\n<meta property=\"og:locale\" content=\"fr_FR\" \/>\n<meta property=\"og:type\" content=\"article\" \/>\n<meta property=\"og:title\" content=\"Porte-numero avec ancre Klickfix fond blanc et autocollants d\u00e9coratifs - La Poderosa Goods - Sacoches de selle, bagages et accessoires de moto haut de gamme\" \/>\n<meta property=\"og:description\" content=\"Con\u00e7u pour s&rsquo;adapter \u00e0 n&rsquo;importe lequel de nos supports au lieu d&rsquo;une sacoche. Fabriqu\u00e9 en polypropyl\u00e8ne blanc haute r\u00e9sistance avec autocollants d\u00e9coratifs \u00e1 choisir.\u00a0 Esth\u00e9tique de motocross vintage. *Compatible avec tous nos modeles de supports. &nbsp;\" \/>\n<meta property=\"og:url\" content=\"https:\/\/lapoderosagoods.com\/fr\/produit\/porte-numero-plastique-avec-ancre-klickfix-fond-blanc-et-autocollants-decoratifs\/\" \/>\n<meta property=\"og:site_name\" content=\"La Poderosa Goods - Sacoches de selle, bagages et accessoires de moto haut de gamme\" \/>\n<meta property=\"article:modified_time\" content=\"2025-10-27T01:23:25+00:00\" \/>\n<meta property=\"og:image\" content=\"https:\/\/lapoderosagoods.com\/wp-content\/uploads\/2022\/04\/placas-numeros-varias-box--scaled.jpg\" \/>\n\t<meta property=\"og:image:width\" content=\"2560\" \/>\n\t<meta property=\"og:image:height\" content=\"2001\" \/>\n<meta name=\"twitter:card\" content=\"summary_large_image\" \/>\n<script type=\"application\/ld+json\" class=\"yoast-schema-graph\">{\"@context\":\"https:\/\/schema.org\",\"@graph\":[{\"@type\":\"Organization\",\"@id\":\"https:\/\/lapoderosagoods.com\/#organization\",\"name\":\"La Poderosa Classic Goods\",\"url\":\"https:\/\/lapoderosagoods.com\/\",\"sameAs\":[],\"logo\":{\"@type\":\"ImageObject\",\"@id\":\"https:\/\/lapoderosagoods.com\/#logo\",\"inLanguage\":\"fr-FR\",\"url\":\"https:\/\/lapoderosagoods.com\/wp-content\/uploads\/2019\/10\/poderosa.png\",\"contentUrl\":\"https:\/\/lapoderosagoods.com\/wp-content\/uploads\/2019\/10\/poderosa.png\",\"width\":290,\"height\":209,\"caption\":\"La Poderosa Classic Goods\"},\"image\":{\"@id\":\"https:\/\/lapoderosagoods.com\/#logo\"}},{\"@type\":\"WebSite\",\"@id\":\"https:\/\/lapoderosagoods.com\/#website\",\"url\":\"https:\/\/lapoderosagoods.com\/\",\"name\":\"La Poderosa Goods - Sacoches de selle, bagages et accessoires de moto haut de gamme\",\"description\":\"Bagages, supports, sacoches et accessoires pour les motos classiques, caf\\u00e9 racer ou d'aventure. \",\"publisher\":{\"@id\":\"https:\/\/lapoderosagoods.com\/#organization\"},\"potentialAction\":[{\"@type\":\"SearchAction\",\"target\":{\"@type\":\"EntryPoint\",\"urlTemplate\":\"https:\/\/lapoderosagoods.com\/?s={search_term_string}\"},\"query-input\":\"required name=search_term_string\"}],\"inLanguage\":\"fr-FR\"},{\"@type\":\"ImageObject\",\"@id\":\"https:\/\/lapoderosagoods.com\/fr\/produit\/porte-numero-plastique-avec-ancre-klickfix-fond-blanc-et-autocollants-decoratifs\/#primaryimage\",\"inLanguage\":\"fr-FR\",\"url\":\"https:\/\/lapoderosagoods.com\/wp-content\/uploads\/2022\/04\/placas-numeros-varias-box--scaled.jpg\",\"contentUrl\":\"https:\/\/lapoderosagoods.com\/wp-content\/uploads\/2022\/04\/placas-numeros-varias-box--scaled.jpg\",\"width\":2560,\"height\":2001},{\"@type\":\"WebPage\",\"@id\":\"https:\/\/lapoderosagoods.com\/fr\/produit\/porte-numero-plastique-avec-ancre-klickfix-fond-blanc-et-autocollants-decoratifs\/#webpage\",\"url\":\"https:\/\/lapoderosagoods.com\/fr\/produit\/porte-numero-plastique-avec-ancre-klickfix-fond-blanc-et-autocollants-decoratifs\/\",\"name\":\"Porte-numero avec ancre Klickfix fond blanc et autocollants d\\u00e9coratifs - La Poderosa Goods - Sacoches de selle, bagages et accessoires de moto haut de gamme\",\"isPartOf\":{\"@id\":\"https:\/\/lapoderosagoods.com\/#website\"},\"primaryImageOfPage\":{\"@id\":\"https:\/\/lapoderosagoods.com\/fr\/produit\/porte-numero-plastique-avec-ancre-klickfix-fond-blanc-et-autocollants-decoratifs\/#primaryimage\"},\"datePublished\":\"2022-04-16T15:52:52+00:00\",\"dateModified\":\"2025-10-27T01:23:25+00:00\",\"breadcrumb\":{\"@id\":\"https:\/\/lapoderosagoods.com\/fr\/produit\/porte-numero-plastique-avec-ancre-klickfix-fond-blanc-et-autocollants-decoratifs\/#breadcrumb\"},\"inLanguage\":\"fr-FR\",\"potentialAction\":[{\"@type\":\"ReadAction\",\"target\":[\"https:\/\/lapoderosagoods.com\/fr\/produit\/porte-numero-plastique-avec-ancre-klickfix-fond-blanc-et-autocollants-decoratifs\/\"]}]},{\"@type\":\"BreadcrumbList\",\"@id\":\"https:\/\/lapoderosagoods.com\/fr\/produit\/porte-numero-plastique-avec-ancre-klickfix-fond-blanc-et-autocollants-decoratifs\/#breadcrumb\",\"itemListElement\":[{\"@type\":\"ListItem\",\"position\":1,\"name\":\"Portada\",\"item\":\"https:\/\/lapoderosagoods.com\/\"},{\"@type\":\"ListItem\",\"position\":2,\"name\":\"Produits\",\"item\":\"https:\/\/lapoderosagoods.com\/fr\/produits\/\"},{\"@type\":\"ListItem\",\"position\":3,\"name\":\"Porte-numero avec ancre Klickfix fond blanc et autocollants d\\u00e9coratifs\"}]}]}<\/script>\n<!-- \/ Yoast SEO plugin. -->","yoast_head_json":{"title":"Porte-numero avec ancre Klickfix fond blanc et autocollants d\u00e9coratifs - La Poderosa Goods - Sacoches de selle, bagages et accessoires de moto haut de gamme","robots":{"index":"index","follow":"follow","max-snippet":"max-snippet:-1","max-image-preview":"max-image-preview:large","max-video-preview":"max-video-preview:-1"},"canonical":"https:\/\/lapoderosagoods.com\/fr\/produit\/porte-numero-plastique-avec-ancre-klickfix-fond-blanc-et-autocollants-decoratifs\/","og_locale":"fr_FR","og_type":"article","og_title":"Porte-numero avec ancre Klickfix fond blanc et autocollants d\u00e9coratifs - La Poderosa Goods - Sacoches de selle, bagages et accessoires de moto haut de gamme","og_description":"Con\u00e7u pour s&rsquo;adapter \u00e0 n&rsquo;importe lequel de nos supports au lieu d&rsquo;une sacoche. Fabriqu\u00e9 en polypropyl\u00e8ne blanc haute r\u00e9sistance avec autocollants d\u00e9coratifs \u00e1 choisir.\u00a0 Esth\u00e9tique de motocross vintage. *Compatible avec tous nos modeles de supports. &nbsp;","og_url":"https:\/\/lapoderosagoods.com\/fr\/produit\/porte-numero-plastique-avec-ancre-klickfix-fond-blanc-et-autocollants-decoratifs\/","og_site_name":"La Poderosa Goods - Sacoches de selle, bagages et accessoires de moto haut de gamme","article_modified_time":"2025-10-27T01:23:25+00:00","og_image":[{"width":2560,"height":2001,"url":"https:\/\/lapoderosagoods.com\/wp-content\/uploads\/2022\/04\/placas-numeros-varias-box--scaled.jpg","path":"\/home\/spainmot\/lapoderosagoods\/wp-content\/uploads\/2022\/04\/placas-numeros-varias-box--scaled.jpg","size":"full","id":12241,"alt":"","pixels":5122560,"type":"image\/jpeg"}],"twitter_card":"summary_large_image","schema":{"@context":"https:\/\/schema.org","@graph":[{"@type":"Organization","@id":"https:\/\/lapoderosagoods.com\/#organization","name":"La Poderosa Classic Goods","url":"https:\/\/lapoderosagoods.com\/","sameAs":[],"logo":{"@type":"ImageObject","@id":"https:\/\/lapoderosagoods.com\/#logo","inLanguage":"fr-FR","url":"https:\/\/lapoderosagoods.com\/wp-content\/uploads\/2019\/10\/poderosa.png","contentUrl":"https:\/\/lapoderosagoods.com\/wp-content\/uploads\/2019\/10\/poderosa.png","width":290,"height":209,"caption":"La Poderosa Classic Goods"},"image":{"@id":"https:\/\/lapoderosagoods.com\/#logo"}},{"@type":"WebSite","@id":"https:\/\/lapoderosagoods.com\/#website","url":"https:\/\/lapoderosagoods.com\/","name":"La Poderosa Goods - Sacoches de selle, bagages et accessoires de moto haut de gamme","description":"Bagages, supports, sacoches et accessoires pour les motos classiques, caf\u00e9 racer ou d'aventure. ","publisher":{"@id":"https:\/\/lapoderosagoods.com\/#organization"},"potentialAction":[{"@type":"SearchAction","target":{"@type":"EntryPoint","urlTemplate":"https:\/\/lapoderosagoods.com\/?s={search_term_string}"},"query-input":"required name=search_term_string"}],"inLanguage":"fr-FR"},{"@type":"ImageObject","@id":"https:\/\/lapoderosagoods.com\/fr\/produit\/porte-numero-plastique-avec-ancre-klickfix-fond-blanc-et-autocollants-decoratifs\/#primaryimage","inLanguage":"fr-FR","url":"https:\/\/lapoderosagoods.com\/wp-content\/uploads\/2022\/04\/placas-numeros-varias-box--scaled.jpg","contentUrl":"https:\/\/lapoderosagoods.com\/wp-content\/uploads\/2022\/04\/placas-numeros-varias-box--scaled.jpg","width":2560,"height":2001},{"@type":"WebPage","@id":"https:\/\/lapoderosagoods.com\/fr\/produit\/porte-numero-plastique-avec-ancre-klickfix-fond-blanc-et-autocollants-decoratifs\/#webpage","url":"https:\/\/lapoderosagoods.com\/fr\/produit\/porte-numero-plastique-avec-ancre-klickfix-fond-blanc-et-autocollants-decoratifs\/","name":"Porte-numero avec ancre Klickfix fond blanc et autocollants d\u00e9coratifs - La Poderosa Goods - Sacoches de selle, bagages et accessoires de moto haut de gamme","isPartOf":{"@id":"https:\/\/lapoderosagoods.com\/#website"},"primaryImageOfPage":{"@id":"https:\/\/lapoderosagoods.com\/fr\/produit\/porte-numero-plastique-avec-ancre-klickfix-fond-blanc-et-autocollants-decoratifs\/#primaryimage"},"datePublished":"2022-04-16T15:52:52+00:00","dateModified":"2025-10-27T01:23:25+00:00","breadcrumb":{"@id":"https:\/\/lapoderosagoods.com\/fr\/produit\/porte-numero-plastique-avec-ancre-klickfix-fond-blanc-et-autocollants-decoratifs\/#breadcrumb"},"inLanguage":"fr-FR","potentialAction":[{"@type":"ReadAction","target":["https:\/\/lapoderosagoods.com\/fr\/produit\/porte-numero-plastique-avec-ancre-klickfix-fond-blanc-et-autocollants-decoratifs\/"]}]},{"@type":"BreadcrumbList","@id":"https:\/\/lapoderosagoods.com\/fr\/produit\/porte-numero-plastique-avec-ancre-klickfix-fond-blanc-et-autocollants-decoratifs\/#breadcrumb","itemListElement":[{"@type":"ListItem","position":1,"name":"Portada","item":"https:\/\/lapoderosagoods.com\/"},{"@type":"ListItem","position":2,"name":"Produits","item":"https:\/\/lapoderosagoods.com\/fr\/produits\/"},{"@type":"ListItem","position":3,"name":"Porte-numero avec ancre Klickfix fond blanc et autocollants d\u00e9coratifs"}]}]}},"_links":{"self":[{"href":"https:\/\/lapoderosagoods.com\/fr\/wp-json\/wp\/v2\/product\/12194"}],"collection":[{"href":"https:\/\/lapoderosagoods.com\/fr\/wp-json\/wp\/v2\/product"}],"about":[{"href":"https:\/\/lapoderosagoods.com\/fr\/wp-json\/wp\/v2\/types\/product"}],"replies":[{"embeddable":true,"href":"https:\/\/lapoderosagoods.com\/fr\/wp-json\/wp\/v2\/comments?post=12194"}],"wp:featuredmedia":[{"embeddable":true,"href":"https:\/\/lapoderosagoods.com\/fr\/wp-json\/wp\/v2\/media\/12241"}],"wp:attachment":[{"href":"https:\/\/lapoderosagoods.com\/fr\/wp-json\/wp\/v2\/media?parent=12194"}],"wp:term":[{"taxonomy":"product_cat","embeddable":true,"href":"https:\/\/lapoderosagoods.com\/fr\/wp-json\/wp\/v2\/product_cat?post=12194"},{"taxonomy":"product_tag","embeddable":true,"href":"https:\/\/lapoderosagoods.com\/fr\/wp-json\/wp\/v2\/product_tag?post=12194"}],"curies":[{"name":"wp","href":"https:\/\/api.w.org\/{rel}","templated":true}]}}