{"id":11373,"date":"2022-02-12T19:48:03","date_gmt":"2022-02-12T17:48:03","guid":{"rendered":"https:\/\/lapoderosagoods.com\/?post_type=product&#038;p=11373"},"modified":"2026-02-20T12:04:12","modified_gmt":"2026-02-20T11:04:12","slug":"abs-plastique-interne-pour-bariloche-sacoche","status":"publish","type":"product","link":"https:\/\/lapoderosagoods.com\/fr\/produit\/abs-plastique-interne-pour-bariloche-sacoche\/","title":{"rendered":"ABS plastique interne pour Bariloche sacoche"},"content":{"rendered":"<pre id=\"tw-target-text\" class=\"tw-data-text tw-text-large tw-ta\" dir=\"ltr\" data-placeholder=\"Traducci\u00f3n\"><span class=\"Y2IQFc\" lang=\"fr\">Con\u00e7u pour se visser \u00e0 l'int\u00e9rieur de notre sacoche\r\nBariloche*, donnant de la solidit\u00e9 \u00e0 l'ensemble.\r\n\r\nFabriqu\u00e9 en ABS noir satin\u00e9 haute r\u00e9sistance.\r\n\r\nIl conserve la m\u00eame esth\u00e9tique que l'original.\r\n\r\nFacile \u00e0 remplacer avec seulement trois vis.\r\n\r\n*Compatible avec tous nos mod\u00e8les Bariloche.<\/span><\/pre>\n","protected":false},"excerpt":{"rendered":"<p>Con\u00e7u pour se visser \u00e0 l&rsquo;int\u00e9rieur de notre sacoche Bariloche*, donnant de la solidit\u00e9 \u00e0 l&rsquo;ensemble. Fabriqu\u00e9 en ABS noir satin\u00e9 haute r\u00e9sistance. Il conserve la m\u00eame esth\u00e9tique que l&rsquo;original. Facile \u00e0 remplacer avec seulement trois vis. *Compatible avec tous nos mod\u00e8les Bariloche.<\/p>\n","protected":false},"featured_media":11392,"comment_status":"closed","ping_status":"closed","template":"","meta":{"spay_email":""},"product_cat":[111,115],"product_tag":[775,238,240,611,476,825,260,785,865,440,873,951,869,252,245,886,247,250,866,766,767,850,265,258,855,577,811,778,571,781,559,568,512,269,846,270,914,955,892,601,530,895,515,273,276,898,281,801,902,284,793,797,534,807,485,482,488,491,295,818,922,631,834,928,635,639,907,518,889,647,643,651,655,931,822,967,863,918,616,619,304,789,859,307,935,309,314,316,627,623,323,500,325,327,830,606,769,330],"yoast_head":"<!-- This site is optimized with the Yoast SEO plugin v16.8 - https:\/\/yoast.com\/wordpress\/plugins\/seo\/ -->\n<title>ABS plastique interne pour Bariloche sacoche<\/title>\n<meta name=\"robots\" content=\"index, follow, max-snippet:-1, max-image-preview:large, max-video-preview:-1\" \/>\n<link rel=\"canonical\" href=\"https:\/\/lapoderosagoods.com\/fr\/produit\/plastico-interior-abs-alforja-bariloche-negro-satinado\/\" \/>\n<meta property=\"og:locale\" content=\"fr_FR\" \/>\n<meta property=\"og:type\" content=\"article\" \/>\n<meta property=\"og:title\" content=\"ABS plastique interne pour Bariloche sacoche\" \/>\n<meta property=\"og:description\" content=\"Con\u00e7u pour se visser \u00e0 l&#039;int\u00e9rieur de notre sacoche Bariloche*, donnant de la solidit\u00e9 \u00e0 l&#039;ensemble. Fabriqu\u00e9 en ABS noir satin\u00e9 haute r\u00e9sistance. Il conserve la m\u00eame esth\u00e9tique que l&#039;original. Facile \u00e0 remplacer avec seulement trois vis. *Compatible avec tous nos mod\u00e8les Bariloche.\" \/>\n<meta property=\"og:url\" content=\"https:\/\/lapoderosagoods.com\/produit\/plastico-interior-abs-alforja-bariloche-negro-satinado\/\" \/>\n<meta property=\"og:site_name\" content=\"La Poderosa Goods - Sacoches de selle, bagages et accessoires de moto haut de gamme\" \/>\n<meta property=\"article:modified_time\" content=\"2026-02-20T11:04:12+00:00\" \/>\n<meta property=\"og:image\" content=\"https:\/\/lapoderosagoods.com\/wp-content\/uploads\/2022\/02\/plastico-interior-Bariloche-scaled.jpg\" \/>\n\t<meta property=\"og:image:width\" content=\"2087\" \/>\n\t<meta property=\"og:image:height\" content=\"2560\" \/>\n<meta name=\"twitter:card\" content=\"summary_large_image\" \/>\n<script type=\"application\/ld+json\" class=\"yoast-schema-graph\">{\"@context\":\"https:\/\/schema.org\",\"@graph\":[{\"@type\":\"Organization\",\"@id\":\"https:\/\/lapoderosagoods.com\/#organization\",\"name\":\"La Poderosa Classic Goods\",\"url\":\"https:\/\/lapoderosagoods.com\/\",\"sameAs\":[],\"logo\":{\"@type\":\"ImageObject\",\"@id\":\"https:\/\/lapoderosagoods.com\/#logo\",\"inLanguage\":\"fr-FR\",\"url\":\"https:\/\/lapoderosagoods.com\/wp-content\/uploads\/2019\/10\/poderosa.png\",\"contentUrl\":\"https:\/\/lapoderosagoods.com\/wp-content\/uploads\/2019\/10\/poderosa.png\",\"width\":290,\"height\":209,\"caption\":\"La Poderosa Classic Goods\"},\"image\":{\"@id\":\"https:\/\/lapoderosagoods.com\/#logo\"}},{\"@type\":\"WebSite\",\"@id\":\"https:\/\/lapoderosagoods.com\/#website\",\"url\":\"https:\/\/lapoderosagoods.com\/\",\"name\":\"La Poderosa Goods - Sacoches de selle, bagages et accessoires de moto haut de gamme\",\"description\":\"Bagages, supports, sacoches et accessoires pour les motos classiques, caf\\u00e9 racer ou d'aventure. \",\"publisher\":{\"@id\":\"https:\/\/lapoderosagoods.com\/#organization\"},\"potentialAction\":[{\"@type\":\"SearchAction\",\"target\":{\"@type\":\"EntryPoint\",\"urlTemplate\":\"https:\/\/lapoderosagoods.com\/?s={search_term_string}\"},\"query-input\":\"required name=search_term_string\"}],\"inLanguage\":\"fr-FR\"},{\"@type\":\"ImageObject\",\"@id\":\"https:\/\/lapoderosagoods.com\/produit\/plastico-interior-abs-alforja-bariloche-negro-satinado\/#primaryimage\",\"inLanguage\":\"fr-FR\",\"url\":\"https:\/\/lapoderosagoods.com\/wp-content\/uploads\/2022\/02\/plastico-interior-Bariloche-scaled.jpg\",\"contentUrl\":\"https:\/\/lapoderosagoods.com\/wp-content\/uploads\/2022\/02\/plastico-interior-Bariloche-scaled.jpg\",\"width\":2087,\"height\":2560},{\"@type\":\"WebPage\",\"@id\":\"https:\/\/lapoderosagoods.com\/produit\/plastico-interior-abs-alforja-bariloche-negro-satinado\/#webpage\",\"url\":\"https:\/\/lapoderosagoods.com\/produit\/plastico-interior-abs-alforja-bariloche-negro-satinado\/\",\"name\":\"ABS plastique interne pour Bariloche sacoche\",\"isPartOf\":{\"@id\":\"https:\/\/lapoderosagoods.com\/#website\"},\"primaryImageOfPage\":{\"@id\":\"https:\/\/lapoderosagoods.com\/produit\/plastico-interior-abs-alforja-bariloche-negro-satinado\/#primaryimage\"},\"datePublished\":\"2022-02-12T17:48:03+00:00\",\"dateModified\":\"2026-02-20T11:04:12+00:00\",\"breadcrumb\":{\"@id\":\"https:\/\/lapoderosagoods.com\/produit\/plastico-interior-abs-alforja-bariloche-negro-satinado\/#breadcrumb\"},\"inLanguage\":\"fr-FR\",\"potentialAction\":[{\"@type\":\"ReadAction\",\"target\":[\"https:\/\/lapoderosagoods.com\/produit\/plastico-interior-abs-alforja-bariloche-negro-satinado\/\"]}]},{\"@type\":\"BreadcrumbList\",\"@id\":\"https:\/\/lapoderosagoods.com\/produit\/plastico-interior-abs-alforja-bariloche-negro-satinado\/#breadcrumb\",\"itemListElement\":[{\"@type\":\"ListItem\",\"position\":1,\"name\":\"Portada\",\"item\":\"https:\/\/lapoderosagoods.com\/\"},{\"@type\":\"ListItem\",\"position\":2,\"name\":\"Produits\",\"item\":\"https:\/\/lapoderosagoods.com\/fr\/produits\/\"},{\"@type\":\"ListItem\",\"position\":3,\"name\":\"ABS plastique interne pour Bariloche sacoche\"}]}]}<\/script>\n<!-- \/ Yoast SEO plugin. -->","yoast_head_json":{"title":"ABS plastique interne pour Bariloche sacoche","robots":{"index":"index","follow":"follow","max-snippet":"max-snippet:-1","max-image-preview":"max-image-preview:large","max-video-preview":"max-video-preview:-1"},"canonical":"https:\/\/lapoderosagoods.com\/fr\/produit\/plastico-interior-abs-alforja-bariloche-negro-satinado\/","og_locale":"fr_FR","og_type":"article","og_title":"ABS plastique interne pour Bariloche sacoche","og_description":"Con\u00e7u pour se visser \u00e0 l'int\u00e9rieur de notre sacoche Bariloche*, donnant de la solidit\u00e9 \u00e0 l'ensemble. Fabriqu\u00e9 en ABS noir satin\u00e9 haute r\u00e9sistance. Il conserve la m\u00eame esth\u00e9tique que l'original. Facile \u00e0 remplacer avec seulement trois vis. *Compatible avec tous nos mod\u00e8les Bariloche.","og_url":"https:\/\/lapoderosagoods.com\/produit\/plastico-interior-abs-alforja-bariloche-negro-satinado\/","og_site_name":"La Poderosa Goods - Sacoches de selle, bagages et accessoires de moto haut de gamme","article_modified_time":"2026-02-20T11:04:12+00:00","og_image":[{"width":2087,"height":2560,"url":"https:\/\/lapoderosagoods.com\/wp-content\/uploads\/2022\/02\/plastico-interior-Bariloche-scaled.jpg","path":"\/home\/spainmot\/lapoderosagoods\/wp-content\/uploads\/2022\/02\/plastico-interior-Bariloche-scaled.jpg","size":"full","id":11392,"alt":"","pixels":5342720,"type":"image\/jpeg"}],"twitter_card":"summary_large_image","schema":{"@context":"https:\/\/schema.org","@graph":[{"@type":"Organization","@id":"https:\/\/lapoderosagoods.com\/#organization","name":"La Poderosa Classic Goods","url":"https:\/\/lapoderosagoods.com\/","sameAs":[],"logo":{"@type":"ImageObject","@id":"https:\/\/lapoderosagoods.com\/#logo","inLanguage":"fr-FR","url":"https:\/\/lapoderosagoods.com\/wp-content\/uploads\/2019\/10\/poderosa.png","contentUrl":"https:\/\/lapoderosagoods.com\/wp-content\/uploads\/2019\/10\/poderosa.png","width":290,"height":209,"caption":"La Poderosa Classic Goods"},"image":{"@id":"https:\/\/lapoderosagoods.com\/#logo"}},{"@type":"WebSite","@id":"https:\/\/lapoderosagoods.com\/#website","url":"https:\/\/lapoderosagoods.com\/","name":"La Poderosa Goods - Sacoches de selle, bagages et accessoires de moto haut de gamme","description":"Bagages, supports, sacoches et accessoires pour les motos classiques, caf\u00e9 racer ou d'aventure. ","publisher":{"@id":"https:\/\/lapoderosagoods.com\/#organization"},"potentialAction":[{"@type":"SearchAction","target":{"@type":"EntryPoint","urlTemplate":"https:\/\/lapoderosagoods.com\/?s={search_term_string}"},"query-input":"required name=search_term_string"}],"inLanguage":"fr-FR"},{"@type":"ImageObject","@id":"https:\/\/lapoderosagoods.com\/produit\/plastico-interior-abs-alforja-bariloche-negro-satinado\/#primaryimage","inLanguage":"fr-FR","url":"https:\/\/lapoderosagoods.com\/wp-content\/uploads\/2022\/02\/plastico-interior-Bariloche-scaled.jpg","contentUrl":"https:\/\/lapoderosagoods.com\/wp-content\/uploads\/2022\/02\/plastico-interior-Bariloche-scaled.jpg","width":2087,"height":2560},{"@type":"WebPage","@id":"https:\/\/lapoderosagoods.com\/produit\/plastico-interior-abs-alforja-bariloche-negro-satinado\/#webpage","url":"https:\/\/lapoderosagoods.com\/produit\/plastico-interior-abs-alforja-bariloche-negro-satinado\/","name":"ABS plastique interne pour Bariloche sacoche","isPartOf":{"@id":"https:\/\/lapoderosagoods.com\/#website"},"primaryImageOfPage":{"@id":"https:\/\/lapoderosagoods.com\/produit\/plastico-interior-abs-alforja-bariloche-negro-satinado\/#primaryimage"},"datePublished":"2022-02-12T17:48:03+00:00","dateModified":"2026-02-20T11:04:12+00:00","breadcrumb":{"@id":"https:\/\/lapoderosagoods.com\/produit\/plastico-interior-abs-alforja-bariloche-negro-satinado\/#breadcrumb"},"inLanguage":"fr-FR","potentialAction":[{"@type":"ReadAction","target":["https:\/\/lapoderosagoods.com\/produit\/plastico-interior-abs-alforja-bariloche-negro-satinado\/"]}]},{"@type":"BreadcrumbList","@id":"https:\/\/lapoderosagoods.com\/produit\/plastico-interior-abs-alforja-bariloche-negro-satinado\/#breadcrumb","itemListElement":[{"@type":"ListItem","position":1,"name":"Portada","item":"https:\/\/lapoderosagoods.com\/"},{"@type":"ListItem","position":2,"name":"Produits","item":"https:\/\/lapoderosagoods.com\/fr\/produits\/"},{"@type":"ListItem","position":3,"name":"ABS plastique interne pour Bariloche sacoche"}]}]}},"_links":{"self":[{"href":"https:\/\/lapoderosagoods.com\/fr\/wp-json\/wp\/v2\/product\/11373"}],"collection":[{"href":"https:\/\/lapoderosagoods.com\/fr\/wp-json\/wp\/v2\/product"}],"about":[{"href":"https:\/\/lapoderosagoods.com\/fr\/wp-json\/wp\/v2\/types\/product"}],"replies":[{"embeddable":true,"href":"https:\/\/lapoderosagoods.com\/fr\/wp-json\/wp\/v2\/comments?post=11373"}],"wp:featuredmedia":[{"embeddable":true,"href":"https:\/\/lapoderosagoods.com\/fr\/wp-json\/wp\/v2\/media\/11392"}],"wp:attachment":[{"href":"https:\/\/lapoderosagoods.com\/fr\/wp-json\/wp\/v2\/media?parent=11373"}],"wp:term":[{"taxonomy":"product_cat","embeddable":true,"href":"https:\/\/lapoderosagoods.com\/fr\/wp-json\/wp\/v2\/product_cat?post=11373"},{"taxonomy":"product_tag","embeddable":true,"href":"https:\/\/lapoderosagoods.com\/fr\/wp-json\/wp\/v2\/product_tag?post=11373"}],"curies":[{"name":"wp","href":"https:\/\/api.w.org\/{rel}","templated":true}]}}