{"id":9984,"date":"2021-09-04T13:47:20","date_gmt":"2021-09-04T11:47:20","guid":{"rendered":"https:\/\/lapoderosagoods.com\/?post_type=product&#038;p=9984"},"modified":"2022-02-12T19:32:13","modified_gmt":"2022-02-12T17:32:13","slug":"kurzer-halter-fur-heckblinker-triumph-street-scrambler-satin-black","status":"publish","type":"product","link":"https:\/\/lapoderosagoods.com\/de\/produkt\/kurzer-halter-fur-heckblinker-triumph-street-scrambler-satin-black\/","title":{"rendered":"Kurzer Halter f\u00fcr Heckblinker Triumph Street-Scrambler Satin Black"},"content":{"rendered":"<p class=\"s3\"><span class=\"s2\">Konstruiert <\/span><span class=\"s2\">mit <\/span><span class=\"s2\">wenigen Handgriffen in den hinteren Hilfsrahmen eingeschraubt, ist etwa Zentimeter k\u00fcrzer als serienm\u00e4\u00dfig, um die richtige Satteltasche zu sparen und somit keinen Platz auf den Soziusfu\u00dfrasten zu verschwenden <\/span><span class=\"s2\">.<\/span><\/p>\n<p class=\"s3\"><span class=\"s2\">Beh\u00e4lt die gleiche \u00c4sthetik wie das Original bei.<\/span><\/p>\n<p class=\"s3\"><span class=\"s2\">* Kompatibel mit folgenden Modellen:<\/span><\/p>\n<p class=\"s3\"><span class=\"s2\">Triumph Street-Scrambler<\/span><\/p>\n<p>Triumph Street-Scrambler Sandstorm<\/p>\n","protected":false},"excerpt":{"rendered":"<p>Konstruiert mit wenigen Handgriffen in den hinteren Hilfsrahmen eingeschraubt, ist etwa Zentimeter k\u00fcrzer als serienm\u00e4\u00dfig, um die richtige Satteltasche zu sparen und somit keinen Platz auf den Soziusfu\u00dfrasten zu verschwenden . Beh\u00e4lt die gleiche \u00c4sthetik wie das Original bei. * Kompatibel mit folgenden Modellen: Triumph Street-Scrambler Triumph Street-Scrambler Sandstorm<\/p>\n","protected":false},"featured_media":10556,"comment_status":"closed","ping_status":"closed","template":"","meta":{"spay_email":""},"product_cat":[96,735,149,92],"product_tag":[864,860,308,313,317],"yoast_head":"<!-- This site is optimized with the Yoast SEO plugin v16.8 - https:\/\/yoast.com\/wordpress\/plugins\/seo\/ -->\n<title>Kurzer Halter f\u00fcr Heckblinker Triumph Street-Scrambler Satin Black - La Poderosa Goods - Satteltaschen, Gep\u00e4ck und Premium-Motorradzubeh\u00f6r<\/title>\n<meta name=\"robots\" content=\"index, follow, max-snippet:-1, max-image-preview:large, max-video-preview:-1\" \/>\n<link rel=\"canonical\" href=\"https:\/\/lapoderosagoods.com\/de\/produkt\/kurzer-halter-fur-heckblinker-triumph-street-scrambler-satin-black\/\" \/>\n<meta property=\"og:locale\" content=\"de_DE\" \/>\n<meta property=\"og:type\" content=\"article\" \/>\n<meta property=\"og:title\" content=\"Kurzer Halter f\u00fcr Heckblinker Triumph Street-Scrambler Satin Black - La Poderosa Goods - Satteltaschen, Gep\u00e4ck und Premium-Motorradzubeh\u00f6r\" \/>\n<meta property=\"og:description\" content=\"Konstruiert mit wenigen Handgriffen in den hinteren Hilfsrahmen eingeschraubt, ist etwa Zentimeter k\u00fcrzer als serienm\u00e4\u00dfig, um die richtige Satteltasche zu sparen und somit keinen Platz auf den Soziusfu\u00dfrasten zu verschwenden . Beh\u00e4lt die gleiche \u00c4sthetik wie das Original bei. * Kompatibel mit folgenden Modellen: Triumph Street-Scrambler Triumph Street-Scrambler Sandstorm\" \/>\n<meta property=\"og:url\" content=\"https:\/\/lapoderosagoods.com\/de\/produkt\/kurzer-halter-fur-heckblinker-triumph-street-scrambler-satin-black\/\" \/>\n<meta property=\"og:site_name\" content=\"La Poderosa Goods - Satteltaschen, Gep\u00e4ck und Premium-Motorradzubeh\u00f6r\" \/>\n<meta property=\"article:modified_time\" content=\"2022-02-12T17:32:13+00:00\" \/>\n<meta property=\"og:image\" content=\"https:\/\/lapoderosagoods.com\/wp-content\/uploads\/2021\/11\/Sandstorm-turn-signal-holder-japan--scaled.jpg\" \/>\n\t<meta property=\"og:image:width\" content=\"2560\" \/>\n\t<meta property=\"og:image:height\" content=\"2560\" \/>\n<meta name=\"twitter:card\" content=\"summary_large_image\" \/>\n<script type=\"application\/ld+json\" class=\"yoast-schema-graph\">{\"@context\":\"https:\/\/schema.org\",\"@graph\":[{\"@type\":\"Organization\",\"@id\":\"https:\/\/lapoderosagoods.com\/#organization\",\"name\":\"La Poderosa Classic Goods\",\"url\":\"https:\/\/lapoderosagoods.com\/\",\"sameAs\":[],\"logo\":{\"@type\":\"ImageObject\",\"@id\":\"https:\/\/lapoderosagoods.com\/#logo\",\"inLanguage\":\"de-DE\",\"url\":\"https:\/\/lapoderosagoods.com\/wp-content\/uploads\/2019\/10\/poderosa.png\",\"contentUrl\":\"https:\/\/lapoderosagoods.com\/wp-content\/uploads\/2019\/10\/poderosa.png\",\"width\":290,\"height\":209,\"caption\":\"La Poderosa Classic Goods\"},\"image\":{\"@id\":\"https:\/\/lapoderosagoods.com\/#logo\"}},{\"@type\":\"WebSite\",\"@id\":\"https:\/\/lapoderosagoods.com\/#website\",\"url\":\"https:\/\/lapoderosagoods.com\/\",\"name\":\"La Poderosa Goods - Satteltaschen, Gep\\u00e4ck und Premium-Motorradzubeh\\u00f6r\",\"description\":\"Gep\\u00e4ck, St\\u00e4nder, Satteltaschen und Zubeh\\u00f6r f\\u00fcr Klassiker, Caf\\u00e9 Racer oder Adventure Bikes. \",\"publisher\":{\"@id\":\"https:\/\/lapoderosagoods.com\/#organization\"},\"potentialAction\":[{\"@type\":\"SearchAction\",\"target\":{\"@type\":\"EntryPoint\",\"urlTemplate\":\"https:\/\/lapoderosagoods.com\/?s={search_term_string}\"},\"query-input\":\"required name=search_term_string\"}],\"inLanguage\":\"de-DE\"},{\"@type\":\"ImageObject\",\"@id\":\"https:\/\/lapoderosagoods.com\/de\/produkt\/kurzer-halter-fur-heckblinker-triumph-street-scrambler-satin-black\/#primaryimage\",\"inLanguage\":\"de-DE\",\"url\":\"https:\/\/lapoderosagoods.com\/wp-content\/uploads\/2021\/11\/Sandstorm-turn-signal-holder-japan--scaled.jpg\",\"contentUrl\":\"https:\/\/lapoderosagoods.com\/wp-content\/uploads\/2021\/11\/Sandstorm-turn-signal-holder-japan--scaled.jpg\",\"width\":2560,\"height\":2560},{\"@type\":\"WebPage\",\"@id\":\"https:\/\/lapoderosagoods.com\/de\/produkt\/kurzer-halter-fur-heckblinker-triumph-street-scrambler-satin-black\/#webpage\",\"url\":\"https:\/\/lapoderosagoods.com\/de\/produkt\/kurzer-halter-fur-heckblinker-triumph-street-scrambler-satin-black\/\",\"name\":\"Kurzer Halter f\\u00fcr Heckblinker Triumph Street-Scrambler Satin Black - La Poderosa Goods - Satteltaschen, Gep\\u00e4ck und Premium-Motorradzubeh\\u00f6r\",\"isPartOf\":{\"@id\":\"https:\/\/lapoderosagoods.com\/#website\"},\"primaryImageOfPage\":{\"@id\":\"https:\/\/lapoderosagoods.com\/de\/produkt\/kurzer-halter-fur-heckblinker-triumph-street-scrambler-satin-black\/#primaryimage\"},\"datePublished\":\"2021-09-04T11:47:20+00:00\",\"dateModified\":\"2022-02-12T17:32:13+00:00\",\"breadcrumb\":{\"@id\":\"https:\/\/lapoderosagoods.com\/de\/produkt\/kurzer-halter-fur-heckblinker-triumph-street-scrambler-satin-black\/#breadcrumb\"},\"inLanguage\":\"de-DE\",\"potentialAction\":[{\"@type\":\"ReadAction\",\"target\":[\"https:\/\/lapoderosagoods.com\/de\/produkt\/kurzer-halter-fur-heckblinker-triumph-street-scrambler-satin-black\/\"]}]},{\"@type\":\"BreadcrumbList\",\"@id\":\"https:\/\/lapoderosagoods.com\/de\/produkt\/kurzer-halter-fur-heckblinker-triumph-street-scrambler-satin-black\/#breadcrumb\",\"itemListElement\":[{\"@type\":\"ListItem\",\"position\":1,\"name\":\"Portada\",\"item\":\"https:\/\/lapoderosagoods.com\/\"},{\"@type\":\"ListItem\",\"position\":2,\"name\":\"Produkte\",\"item\":\"https:\/\/lapoderosagoods.com\/de\/produkte\/\"},{\"@type\":\"ListItem\",\"position\":3,\"name\":\"Kurzer Halter f\\u00fcr Heckblinker Triumph Street-Scrambler Satin Black\"}]}]}<\/script>\n<!-- \/ Yoast SEO plugin. -->","yoast_head_json":{"title":"Kurzer Halter f\u00fcr Heckblinker Triumph Street-Scrambler Satin Black - La Poderosa Goods - Satteltaschen, Gep\u00e4ck und Premium-Motorradzubeh\u00f6r","robots":{"index":"index","follow":"follow","max-snippet":"max-snippet:-1","max-image-preview":"max-image-preview:large","max-video-preview":"max-video-preview:-1"},"canonical":"https:\/\/lapoderosagoods.com\/de\/produkt\/kurzer-halter-fur-heckblinker-triumph-street-scrambler-satin-black\/","og_locale":"de_DE","og_type":"article","og_title":"Kurzer Halter f\u00fcr Heckblinker Triumph Street-Scrambler Satin Black - La Poderosa Goods - Satteltaschen, Gep\u00e4ck und Premium-Motorradzubeh\u00f6r","og_description":"Konstruiert mit wenigen Handgriffen in den hinteren Hilfsrahmen eingeschraubt, ist etwa Zentimeter k\u00fcrzer als serienm\u00e4\u00dfig, um die richtige Satteltasche zu sparen und somit keinen Platz auf den Soziusfu\u00dfrasten zu verschwenden . Beh\u00e4lt die gleiche \u00c4sthetik wie das Original bei. * Kompatibel mit folgenden Modellen: Triumph Street-Scrambler Triumph Street-Scrambler Sandstorm","og_url":"https:\/\/lapoderosagoods.com\/de\/produkt\/kurzer-halter-fur-heckblinker-triumph-street-scrambler-satin-black\/","og_site_name":"La Poderosa Goods - Satteltaschen, Gep\u00e4ck und Premium-Motorradzubeh\u00f6r","article_modified_time":"2022-02-12T17:32:13+00:00","og_image":[{"width":2560,"height":2560,"url":"https:\/\/lapoderosagoods.com\/wp-content\/uploads\/2021\/11\/Sandstorm-turn-signal-holder-japan--scaled.jpg","path":"\/home\/spainmot\/lapoderosagoods\/wp-content\/uploads\/2021\/11\/Sandstorm-turn-signal-holder-japan--scaled.jpg","size":"full","id":10556,"alt":"","pixels":6553600,"type":"image\/jpeg"}],"twitter_card":"summary_large_image","schema":{"@context":"https:\/\/schema.org","@graph":[{"@type":"Organization","@id":"https:\/\/lapoderosagoods.com\/#organization","name":"La Poderosa Classic Goods","url":"https:\/\/lapoderosagoods.com\/","sameAs":[],"logo":{"@type":"ImageObject","@id":"https:\/\/lapoderosagoods.com\/#logo","inLanguage":"de-DE","url":"https:\/\/lapoderosagoods.com\/wp-content\/uploads\/2019\/10\/poderosa.png","contentUrl":"https:\/\/lapoderosagoods.com\/wp-content\/uploads\/2019\/10\/poderosa.png","width":290,"height":209,"caption":"La Poderosa Classic Goods"},"image":{"@id":"https:\/\/lapoderosagoods.com\/#logo"}},{"@type":"WebSite","@id":"https:\/\/lapoderosagoods.com\/#website","url":"https:\/\/lapoderosagoods.com\/","name":"La Poderosa Goods - Satteltaschen, Gep\u00e4ck und Premium-Motorradzubeh\u00f6r","description":"Gep\u00e4ck, St\u00e4nder, Satteltaschen und Zubeh\u00f6r f\u00fcr Klassiker, Caf\u00e9 Racer oder Adventure Bikes. ","publisher":{"@id":"https:\/\/lapoderosagoods.com\/#organization"},"potentialAction":[{"@type":"SearchAction","target":{"@type":"EntryPoint","urlTemplate":"https:\/\/lapoderosagoods.com\/?s={search_term_string}"},"query-input":"required name=search_term_string"}],"inLanguage":"de-DE"},{"@type":"ImageObject","@id":"https:\/\/lapoderosagoods.com\/de\/produkt\/kurzer-halter-fur-heckblinker-triumph-street-scrambler-satin-black\/#primaryimage","inLanguage":"de-DE","url":"https:\/\/lapoderosagoods.com\/wp-content\/uploads\/2021\/11\/Sandstorm-turn-signal-holder-japan--scaled.jpg","contentUrl":"https:\/\/lapoderosagoods.com\/wp-content\/uploads\/2021\/11\/Sandstorm-turn-signal-holder-japan--scaled.jpg","width":2560,"height":2560},{"@type":"WebPage","@id":"https:\/\/lapoderosagoods.com\/de\/produkt\/kurzer-halter-fur-heckblinker-triumph-street-scrambler-satin-black\/#webpage","url":"https:\/\/lapoderosagoods.com\/de\/produkt\/kurzer-halter-fur-heckblinker-triumph-street-scrambler-satin-black\/","name":"Kurzer Halter f\u00fcr Heckblinker Triumph Street-Scrambler Satin Black - La Poderosa Goods - Satteltaschen, Gep\u00e4ck und Premium-Motorradzubeh\u00f6r","isPartOf":{"@id":"https:\/\/lapoderosagoods.com\/#website"},"primaryImageOfPage":{"@id":"https:\/\/lapoderosagoods.com\/de\/produkt\/kurzer-halter-fur-heckblinker-triumph-street-scrambler-satin-black\/#primaryimage"},"datePublished":"2021-09-04T11:47:20+00:00","dateModified":"2022-02-12T17:32:13+00:00","breadcrumb":{"@id":"https:\/\/lapoderosagoods.com\/de\/produkt\/kurzer-halter-fur-heckblinker-triumph-street-scrambler-satin-black\/#breadcrumb"},"inLanguage":"de-DE","potentialAction":[{"@type":"ReadAction","target":["https:\/\/lapoderosagoods.com\/de\/produkt\/kurzer-halter-fur-heckblinker-triumph-street-scrambler-satin-black\/"]}]},{"@type":"BreadcrumbList","@id":"https:\/\/lapoderosagoods.com\/de\/produkt\/kurzer-halter-fur-heckblinker-triumph-street-scrambler-satin-black\/#breadcrumb","itemListElement":[{"@type":"ListItem","position":1,"name":"Portada","item":"https:\/\/lapoderosagoods.com\/"},{"@type":"ListItem","position":2,"name":"Produkte","item":"https:\/\/lapoderosagoods.com\/de\/produkte\/"},{"@type":"ListItem","position":3,"name":"Kurzer Halter f\u00fcr Heckblinker Triumph Street-Scrambler Satin Black"}]}]}},"_links":{"self":[{"href":"https:\/\/lapoderosagoods.com\/de\/wp-json\/wp\/v2\/product\/9984"}],"collection":[{"href":"https:\/\/lapoderosagoods.com\/de\/wp-json\/wp\/v2\/product"}],"about":[{"href":"https:\/\/lapoderosagoods.com\/de\/wp-json\/wp\/v2\/types\/product"}],"replies":[{"embeddable":true,"href":"https:\/\/lapoderosagoods.com\/de\/wp-json\/wp\/v2\/comments?post=9984"}],"wp:featuredmedia":[{"embeddable":true,"href":"https:\/\/lapoderosagoods.com\/de\/wp-json\/wp\/v2\/media\/10556"}],"wp:attachment":[{"href":"https:\/\/lapoderosagoods.com\/de\/wp-json\/wp\/v2\/media?parent=9984"}],"wp:term":[{"taxonomy":"product_cat","embeddable":true,"href":"https:\/\/lapoderosagoods.com\/de\/wp-json\/wp\/v2\/product_cat?post=9984"},{"taxonomy":"product_tag","embeddable":true,"href":"https:\/\/lapoderosagoods.com\/de\/wp-json\/wp\/v2\/product_tag?post=9984"}],"curies":[{"name":"wp","href":"https:\/\/api.w.org\/{rel}","templated":true}]}}