{"id":9487,"date":"2021-06-25T12:03:11","date_gmt":"2021-06-25T10:03:11","guid":{"rendered":"https:\/\/lapoderosagoods.spainmotoexperiences.es\/producto\/satteltaschenhalterung-r100-gs-r80-gs-rechte-seite-satin-black\/"},"modified":"2026-04-13T20:14:56","modified_gmt":"2026-04-13T18:14:56","slug":"satteltaschenhalterung-r100-gs-r80-gs-rechte-seite-satin-black","status":"publish","type":"product","link":"https:\/\/lapoderosagoods.com\/de\/produkt\/satteltaschenhalterung-r100-gs-r80-gs-rechte-seite-satin-black\/","title":{"rendered":"Satteltaschenhalterung R100 gs \/ R80 gs (rechte Seite) Satin Black"},"content":{"rendered":"<div class=\"product-single__description rte\">\n<p class=\"s3\"><span class=\"s2\">Stahlrahmen in Satin Black Finish f\u00fcr BMW R100 gs \/ R80 gs<\/span><\/p>\n<p class=\"s3\"><span class=\"s2\">Teile, die an den hinteren Hilfsrahmen jedes Bmw R100gs \u00a0* geschraubt werden k\u00f6nnen.<\/span><span class=\"s2\">.\u00a0<\/span><\/p>\n<p>Satinschwarze Pulverbeschichtung.<\/p>\n<p class=\"s3\"><span class=\"s2\">\u00a0Klassic <\/span><span class=\"s2\">\u00a0und minimalistisch, perfekt auch mit der entfernten Seitentasche.<\/span><\/p>\n<p class=\"s3\"><span class=\"s2\">Sehr solide Struktur f\u00fcr Lasten von bis zu 10 kg pro Tasche.<\/span><\/p>\n<p class=\"s3\"><span class=\"s2\">* Kompatibel mit folgenden Modellen:<\/span><\/p>\n<p class=\"s3\"><span class=\"s2\">R80 gs paralever<\/span><\/p>\n<p class=\"s3\"><span class=\"s2\">R100 g paralever<\/span><\/p>\n<p>R80 g\/s monolever<\/p>\n<\/div>\n","protected":false},"excerpt":{"rendered":"<p>Stahlrahmen in Satin Black Finish f\u00fcr BMW R100 gs \/ R80 gs Teile, die an den hinteren Hilfsrahmen jedes Bmw R100gs \u00a0* geschraubt werden k\u00f6nnen..\u00a0 Satinschwarze Pulverbeschichtung. \u00a0Klassic \u00a0und minimalistisch, perfekt auch mit der entfernten Seitentasche. Sehr solide Struktur f\u00fcr Lasten von bis zu 10 kg pro Tasche. * Kompatibel mit folgenden Modellen: R80 gs [&#8230;]\n","protected":false},"featured_media":7440,"comment_status":"closed","ping_status":"closed","template":"","meta":{"spay_email":""},"product_cat":[696,128,96],"product_tag":[249],"yoast_head":"<!-- This site is optimized with the Yoast SEO plugin v16.8 - https:\/\/yoast.com\/wordpress\/plugins\/seo\/ -->\n<title>Satteltaschenhalterung R100 gs \/ R80 gs (rechte Seite) Satin Black - La Poderosa Goods - Satteltaschen, Gep\u00e4ck und Premium-Motorradzubeh\u00f6r<\/title>\n<meta name=\"robots\" content=\"index, follow, max-snippet:-1, max-image-preview:large, max-video-preview:-1\" \/>\n<link rel=\"canonical\" href=\"https:\/\/lapoderosagoods.com\/de\/produkt\/satteltaschenhalterung-r100-gs-r80-gs-rechte-seite-satin-black\/\" \/>\n<meta property=\"og:locale\" content=\"de_DE\" \/>\n<meta property=\"og:type\" content=\"article\" \/>\n<meta property=\"og:title\" content=\"Satteltaschenhalterung R100 gs \/ R80 gs (rechte Seite) Satin Black - La Poderosa Goods - Satteltaschen, Gep\u00e4ck und Premium-Motorradzubeh\u00f6r\" \/>\n<meta property=\"og:description\" content=\"Stahlrahmen in Satin Black Finish f\u00fcr BMW R100 gs \/ R80 gs Teile, die an den hinteren Hilfsrahmen jedes Bmw R100gs \u00a0* geschraubt werden k\u00f6nnen..\u00a0 Satinschwarze Pulverbeschichtung. \u00a0Klassic \u00a0und minimalistisch, perfekt auch mit der entfernten Seitentasche. Sehr solide Struktur f\u00fcr Lasten von bis zu 10 kg pro Tasche. * Kompatibel mit folgenden Modellen: R80 gs [...]\" \/>\n<meta property=\"og:url\" content=\"https:\/\/lapoderosagoods.com\/de\/produkt\/satteltaschenhalterung-r100-gs-r80-gs-rechte-seite-satin-black\/\" \/>\n<meta property=\"og:site_name\" content=\"La Poderosa Goods - Satteltaschen, Gep\u00e4ck und Premium-Motorradzubeh\u00f6r\" \/>\n<meta property=\"article:modified_time\" content=\"2026-04-13T18:14:56+00:00\" \/>\n<meta property=\"og:image\" content=\"https:\/\/lapoderosagoods.com\/wp-content\/uploads\/2021\/06\/soportealforjaR100GSRHSdettails.jpg\" \/>\n\t<meta property=\"og:image:width\" content=\"4032\" \/>\n\t<meta property=\"og:image:height\" content=\"3024\" \/>\n<meta name=\"twitter:card\" content=\"summary_large_image\" \/>\n<script type=\"application\/ld+json\" class=\"yoast-schema-graph\">{\"@context\":\"https:\/\/schema.org\",\"@graph\":[{\"@type\":\"Organization\",\"@id\":\"https:\/\/lapoderosagoods.com\/#organization\",\"name\":\"La Poderosa Classic Goods\",\"url\":\"https:\/\/lapoderosagoods.com\/\",\"sameAs\":[],\"logo\":{\"@type\":\"ImageObject\",\"@id\":\"https:\/\/lapoderosagoods.com\/#logo\",\"inLanguage\":\"de-DE\",\"url\":\"https:\/\/lapoderosagoods.com\/wp-content\/uploads\/2019\/10\/poderosa.png\",\"contentUrl\":\"https:\/\/lapoderosagoods.com\/wp-content\/uploads\/2019\/10\/poderosa.png\",\"width\":290,\"height\":209,\"caption\":\"La Poderosa Classic Goods\"},\"image\":{\"@id\":\"https:\/\/lapoderosagoods.com\/#logo\"}},{\"@type\":\"WebSite\",\"@id\":\"https:\/\/lapoderosagoods.com\/#website\",\"url\":\"https:\/\/lapoderosagoods.com\/\",\"name\":\"La Poderosa Goods - Satteltaschen, Gep\\u00e4ck und Premium-Motorradzubeh\\u00f6r\",\"description\":\"Gep\\u00e4ck, St\\u00e4nder, Satteltaschen und Zubeh\\u00f6r f\\u00fcr Klassiker, Caf\\u00e9 Racer oder Adventure Bikes. \",\"publisher\":{\"@id\":\"https:\/\/lapoderosagoods.com\/#organization\"},\"potentialAction\":[{\"@type\":\"SearchAction\",\"target\":{\"@type\":\"EntryPoint\",\"urlTemplate\":\"https:\/\/lapoderosagoods.com\/?s={search_term_string}\"},\"query-input\":\"required name=search_term_string\"}],\"inLanguage\":\"de-DE\"},{\"@type\":\"ImageObject\",\"@id\":\"https:\/\/lapoderosagoods.com\/de\/produkt\/satteltaschenhalterung-r100-gs-r80-gs-rechte-seite-satin-black\/#primaryimage\",\"inLanguage\":\"de-DE\",\"url\":\"https:\/\/lapoderosagoods.com\/wp-content\/uploads\/2021\/06\/soportealforjaR100GSRHSdettails.jpg\",\"contentUrl\":\"https:\/\/lapoderosagoods.com\/wp-content\/uploads\/2021\/06\/soportealforjaR100GSRHSdettails.jpg\",\"width\":4032,\"height\":3024},{\"@type\":\"WebPage\",\"@id\":\"https:\/\/lapoderosagoods.com\/de\/produkt\/satteltaschenhalterung-r100-gs-r80-gs-rechte-seite-satin-black\/#webpage\",\"url\":\"https:\/\/lapoderosagoods.com\/de\/produkt\/satteltaschenhalterung-r100-gs-r80-gs-rechte-seite-satin-black\/\",\"name\":\"Satteltaschenhalterung R100 gs \/ R80 gs (rechte Seite) Satin Black - La Poderosa Goods - Satteltaschen, Gep\\u00e4ck und Premium-Motorradzubeh\\u00f6r\",\"isPartOf\":{\"@id\":\"https:\/\/lapoderosagoods.com\/#website\"},\"primaryImageOfPage\":{\"@id\":\"https:\/\/lapoderosagoods.com\/de\/produkt\/satteltaschenhalterung-r100-gs-r80-gs-rechte-seite-satin-black\/#primaryimage\"},\"datePublished\":\"2021-06-25T10:03:11+00:00\",\"dateModified\":\"2026-04-13T18:14:56+00:00\",\"breadcrumb\":{\"@id\":\"https:\/\/lapoderosagoods.com\/de\/produkt\/satteltaschenhalterung-r100-gs-r80-gs-rechte-seite-satin-black\/#breadcrumb\"},\"inLanguage\":\"de-DE\",\"potentialAction\":[{\"@type\":\"ReadAction\",\"target\":[\"https:\/\/lapoderosagoods.com\/de\/produkt\/satteltaschenhalterung-r100-gs-r80-gs-rechte-seite-satin-black\/\"]}]},{\"@type\":\"BreadcrumbList\",\"@id\":\"https:\/\/lapoderosagoods.com\/de\/produkt\/satteltaschenhalterung-r100-gs-r80-gs-rechte-seite-satin-black\/#breadcrumb\",\"itemListElement\":[{\"@type\":\"ListItem\",\"position\":1,\"name\":\"Portada\",\"item\":\"https:\/\/lapoderosagoods.com\/\"},{\"@type\":\"ListItem\",\"position\":2,\"name\":\"Produkte\",\"item\":\"https:\/\/lapoderosagoods.com\/de\/produkte\/\"},{\"@type\":\"ListItem\",\"position\":3,\"name\":\"Satteltaschenhalterung R100 gs \/ R80 gs (rechte Seite) Satin Black\"}]}]}<\/script>\n<!-- \/ Yoast SEO plugin. -->","yoast_head_json":{"title":"Satteltaschenhalterung R100 gs \/ R80 gs (rechte Seite) Satin Black - La Poderosa Goods - Satteltaschen, Gep\u00e4ck und Premium-Motorradzubeh\u00f6r","robots":{"index":"index","follow":"follow","max-snippet":"max-snippet:-1","max-image-preview":"max-image-preview:large","max-video-preview":"max-video-preview:-1"},"canonical":"https:\/\/lapoderosagoods.com\/de\/produkt\/satteltaschenhalterung-r100-gs-r80-gs-rechte-seite-satin-black\/","og_locale":"de_DE","og_type":"article","og_title":"Satteltaschenhalterung R100 gs \/ R80 gs (rechte Seite) Satin Black - La Poderosa Goods - Satteltaschen, Gep\u00e4ck und Premium-Motorradzubeh\u00f6r","og_description":"Stahlrahmen in Satin Black Finish f\u00fcr BMW R100 gs \/ R80 gs Teile, die an den hinteren Hilfsrahmen jedes Bmw R100gs \u00a0* geschraubt werden k\u00f6nnen..\u00a0 Satinschwarze Pulverbeschichtung. \u00a0Klassic \u00a0und minimalistisch, perfekt auch mit der entfernten Seitentasche. Sehr solide Struktur f\u00fcr Lasten von bis zu 10 kg pro Tasche. * Kompatibel mit folgenden Modellen: R80 gs [...]","og_url":"https:\/\/lapoderosagoods.com\/de\/produkt\/satteltaschenhalterung-r100-gs-r80-gs-rechte-seite-satin-black\/","og_site_name":"La Poderosa Goods - Satteltaschen, Gep\u00e4ck und Premium-Motorradzubeh\u00f6r","article_modified_time":"2026-04-13T18:14:56+00:00","og_image":[{"width":4032,"height":3024,"url":"https:\/\/lapoderosagoods.com\/wp-content\/uploads\/2021\/06\/soportealforjaR100GSRHSdettails.jpg","path":"\/home\/spainmot\/lapoderosagoods\/wp-content\/uploads\/2021\/06\/soportealforjaR100GSRHSdettails.jpg","size":"full","id":7440,"alt":"","pixels":12192768,"type":"image\/jpeg"}],"twitter_card":"summary_large_image","schema":{"@context":"https:\/\/schema.org","@graph":[{"@type":"Organization","@id":"https:\/\/lapoderosagoods.com\/#organization","name":"La Poderosa Classic Goods","url":"https:\/\/lapoderosagoods.com\/","sameAs":[],"logo":{"@type":"ImageObject","@id":"https:\/\/lapoderosagoods.com\/#logo","inLanguage":"de-DE","url":"https:\/\/lapoderosagoods.com\/wp-content\/uploads\/2019\/10\/poderosa.png","contentUrl":"https:\/\/lapoderosagoods.com\/wp-content\/uploads\/2019\/10\/poderosa.png","width":290,"height":209,"caption":"La Poderosa Classic Goods"},"image":{"@id":"https:\/\/lapoderosagoods.com\/#logo"}},{"@type":"WebSite","@id":"https:\/\/lapoderosagoods.com\/#website","url":"https:\/\/lapoderosagoods.com\/","name":"La Poderosa Goods - Satteltaschen, Gep\u00e4ck und Premium-Motorradzubeh\u00f6r","description":"Gep\u00e4ck, St\u00e4nder, Satteltaschen und Zubeh\u00f6r f\u00fcr Klassiker, Caf\u00e9 Racer oder Adventure Bikes. ","publisher":{"@id":"https:\/\/lapoderosagoods.com\/#organization"},"potentialAction":[{"@type":"SearchAction","target":{"@type":"EntryPoint","urlTemplate":"https:\/\/lapoderosagoods.com\/?s={search_term_string}"},"query-input":"required name=search_term_string"}],"inLanguage":"de-DE"},{"@type":"ImageObject","@id":"https:\/\/lapoderosagoods.com\/de\/produkt\/satteltaschenhalterung-r100-gs-r80-gs-rechte-seite-satin-black\/#primaryimage","inLanguage":"de-DE","url":"https:\/\/lapoderosagoods.com\/wp-content\/uploads\/2021\/06\/soportealforjaR100GSRHSdettails.jpg","contentUrl":"https:\/\/lapoderosagoods.com\/wp-content\/uploads\/2021\/06\/soportealforjaR100GSRHSdettails.jpg","width":4032,"height":3024},{"@type":"WebPage","@id":"https:\/\/lapoderosagoods.com\/de\/produkt\/satteltaschenhalterung-r100-gs-r80-gs-rechte-seite-satin-black\/#webpage","url":"https:\/\/lapoderosagoods.com\/de\/produkt\/satteltaschenhalterung-r100-gs-r80-gs-rechte-seite-satin-black\/","name":"Satteltaschenhalterung R100 gs \/ R80 gs (rechte Seite) Satin Black - La Poderosa Goods - Satteltaschen, Gep\u00e4ck und Premium-Motorradzubeh\u00f6r","isPartOf":{"@id":"https:\/\/lapoderosagoods.com\/#website"},"primaryImageOfPage":{"@id":"https:\/\/lapoderosagoods.com\/de\/produkt\/satteltaschenhalterung-r100-gs-r80-gs-rechte-seite-satin-black\/#primaryimage"},"datePublished":"2021-06-25T10:03:11+00:00","dateModified":"2026-04-13T18:14:56+00:00","breadcrumb":{"@id":"https:\/\/lapoderosagoods.com\/de\/produkt\/satteltaschenhalterung-r100-gs-r80-gs-rechte-seite-satin-black\/#breadcrumb"},"inLanguage":"de-DE","potentialAction":[{"@type":"ReadAction","target":["https:\/\/lapoderosagoods.com\/de\/produkt\/satteltaschenhalterung-r100-gs-r80-gs-rechte-seite-satin-black\/"]}]},{"@type":"BreadcrumbList","@id":"https:\/\/lapoderosagoods.com\/de\/produkt\/satteltaschenhalterung-r100-gs-r80-gs-rechte-seite-satin-black\/#breadcrumb","itemListElement":[{"@type":"ListItem","position":1,"name":"Portada","item":"https:\/\/lapoderosagoods.com\/"},{"@type":"ListItem","position":2,"name":"Produkte","item":"https:\/\/lapoderosagoods.com\/de\/produkte\/"},{"@type":"ListItem","position":3,"name":"Satteltaschenhalterung R100 gs \/ R80 gs (rechte Seite) Satin Black"}]}]}},"_links":{"self":[{"href":"https:\/\/lapoderosagoods.com\/de\/wp-json\/wp\/v2\/product\/9487"}],"collection":[{"href":"https:\/\/lapoderosagoods.com\/de\/wp-json\/wp\/v2\/product"}],"about":[{"href":"https:\/\/lapoderosagoods.com\/de\/wp-json\/wp\/v2\/types\/product"}],"replies":[{"embeddable":true,"href":"https:\/\/lapoderosagoods.com\/de\/wp-json\/wp\/v2\/comments?post=9487"}],"wp:featuredmedia":[{"embeddable":true,"href":"https:\/\/lapoderosagoods.com\/de\/wp-json\/wp\/v2\/media\/7440"}],"wp:attachment":[{"href":"https:\/\/lapoderosagoods.com\/de\/wp-json\/wp\/v2\/media?parent=9487"}],"wp:term":[{"taxonomy":"product_cat","embeddable":true,"href":"https:\/\/lapoderosagoods.com\/de\/wp-json\/wp\/v2\/product_cat?post=9487"},{"taxonomy":"product_tag","embeddable":true,"href":"https:\/\/lapoderosagoods.com\/de\/wp-json\/wp\/v2\/product_tag?post=9487"}],"curies":[{"name":"wp","href":"https:\/\/api.w.org\/{rel}","templated":true}]}}