{"id":9462,"date":"2021-06-25T12:03:39","date_gmt":"2021-06-25T10:03:39","guid":{"rendered":"https:\/\/lapoderosagoods.spainmotoexperiences.es\/producto\/doppelte-satteltaschenhalterung-linke-seite-und-beiwagen-ural-motorcycles\/"},"modified":"2026-04-13T23:38:54","modified_gmt":"2026-04-13T21:38:54","slug":"doppelte-satteltaschenhalterung-linke-seite-und-beiwagen-ural-motorcycles","status":"publish","type":"product","link":"https:\/\/lapoderosagoods.com\/de\/produkt\/doppelte-satteltaschenhalterung-linke-seite-und-beiwagen-ural-motorcycles\/","title":{"rendered":"Doppelte Satteltaschenhalterung (linke Seite und Beiwagen) URAL Motorcycles"},"content":{"rendered":"<p class=\"s3\"><span class=\"s2\">Stahlrahmen in Satin Black Finish f\u00fcr URAL * f\u00fcr eine Satteltasche (linke Seite) und f\u00fcr die Vorderseite des Beiwagens.\u00a0<\/span><\/p>\n<p class=\"s3\"><span class=\"s2\">\u00a0Teilende an den hinteren Hilfsrahmen \u00a0jeden<\/span><span class=\"s2\">\u00a0zum Anschrauben des hinteren Subchassis eines beliebigen URAL\u00a0 <\/span><span class=\"s2\">durch Schrauben, die den Beiwagen vorne durchbohren.<\/span><\/p>\n<p class=\"s3\"><span class=\"s2\">Satinschwarze pulverbeschichtung.<\/span><\/p>\n<p class=\"s3\"><span class=\"s2\">Klassic<\/span><span class=\"s2\">\u00a0und minimalistisch, perfekt auch mit der entfernten Seitentasche.<\/span><\/p>\n<p class=\"s3\"><span class=\"s2\">Sehr solide Struktur f\u00fcr Lasten von bis zu 10 kg pro Tasche.<\/span><\/p>\n<p class=\"s3\"><span class=\"s2\">* Kompatibel mit allen URAL-Modellen (best\u00e4tigen Sie Ihr genaues Modell und Jahr bei der Bestellung f\u00fcr den Hardwaretyp)\u00a0<\/span><\/p>\n","protected":false},"excerpt":{"rendered":"<p>Stahlrahmen in Satin Black Finish f\u00fcr URAL * f\u00fcr eine Satteltasche (linke Seite) und f\u00fcr die Vorderseite des Beiwagens.\u00a0 \u00a0Teilende an den hinteren Hilfsrahmen \u00a0jeden\u00a0zum Anschrauben des hinteren Subchassis eines beliebigen URAL\u00a0 durch Schrauben, die den Beiwagen vorne durchbohren. Satinschwarze pulverbeschichtung. Klassic\u00a0und minimalistisch, perfekt auch mit der entfernten Seitentasche. Sehr solide Struktur f\u00fcr Lasten von [&#8230;]\n","protected":false},"featured_media":7528,"comment_status":"closed","ping_status":"closed","template":"","meta":{"spay_email":""},"product_cat":[96,738,167],"product_tag":[322],"yoast_head":"<!-- This site is optimized with the Yoast SEO plugin v16.8 - https:\/\/yoast.com\/wordpress\/plugins\/seo\/ -->\n<title>Doppelte Satteltaschenhalterung (linke Seite und Beiwagen) URAL Motorcycles - La Poderosa Goods - Satteltaschen, Gep\u00e4ck und Premium-Motorradzubeh\u00f6r<\/title>\n<meta name=\"robots\" content=\"index, follow, max-snippet:-1, max-image-preview:large, max-video-preview:-1\" \/>\n<link rel=\"canonical\" href=\"https:\/\/lapoderosagoods.com\/de\/produkt\/doppelte-satteltaschenhalterung-linke-seite-und-beiwagen-ural-motorcycles\/\" \/>\n<meta property=\"og:locale\" content=\"de_DE\" \/>\n<meta property=\"og:type\" content=\"article\" \/>\n<meta property=\"og:title\" content=\"Doppelte Satteltaschenhalterung (linke Seite und Beiwagen) URAL Motorcycles - La Poderosa Goods - Satteltaschen, Gep\u00e4ck und Premium-Motorradzubeh\u00f6r\" \/>\n<meta property=\"og:description\" content=\"Stahlrahmen in Satin Black Finish f\u00fcr URAL * f\u00fcr eine Satteltasche (linke Seite) und f\u00fcr die Vorderseite des Beiwagens.\u00a0 \u00a0Teilende an den hinteren Hilfsrahmen \u00a0jeden\u00a0zum Anschrauben des hinteren Subchassis eines beliebigen URAL\u00a0 durch Schrauben, die den Beiwagen vorne durchbohren. Satinschwarze pulverbeschichtung. Klassic\u00a0und minimalistisch, perfekt auch mit der entfernten Seitentasche. Sehr solide Struktur f\u00fcr Lasten von [...]\" \/>\n<meta property=\"og:url\" content=\"https:\/\/lapoderosagoods.com\/de\/produkt\/doppelte-satteltaschenhalterung-linke-seite-und-beiwagen-ural-motorcycles\/\" \/>\n<meta property=\"og:site_name\" content=\"La Poderosa Goods - Satteltaschen, Gep\u00e4ck und Premium-Motorradzubeh\u00f6r\" \/>\n<meta property=\"article:modified_time\" content=\"2026-04-13T21:38:54+00:00\" \/>\n<meta property=\"og:image\" content=\"https:\/\/lapoderosagoods.com\/wp-content\/uploads\/2021\/06\/SoporteUralLHSPig7Euro5.jpg\" \/>\n\t<meta property=\"og:image:width\" content=\"960\" \/>\n\t<meta property=\"og:image:height\" content=\"540\" \/>\n<meta name=\"twitter:card\" content=\"summary_large_image\" \/>\n<script type=\"application\/ld+json\" class=\"yoast-schema-graph\">{\"@context\":\"https:\/\/schema.org\",\"@graph\":[{\"@type\":\"Organization\",\"@id\":\"https:\/\/lapoderosagoods.com\/#organization\",\"name\":\"La Poderosa Classic Goods\",\"url\":\"https:\/\/lapoderosagoods.com\/\",\"sameAs\":[],\"logo\":{\"@type\":\"ImageObject\",\"@id\":\"https:\/\/lapoderosagoods.com\/#logo\",\"inLanguage\":\"de-DE\",\"url\":\"https:\/\/lapoderosagoods.com\/wp-content\/uploads\/2019\/10\/poderosa.png\",\"contentUrl\":\"https:\/\/lapoderosagoods.com\/wp-content\/uploads\/2019\/10\/poderosa.png\",\"width\":290,\"height\":209,\"caption\":\"La Poderosa Classic Goods\"},\"image\":{\"@id\":\"https:\/\/lapoderosagoods.com\/#logo\"}},{\"@type\":\"WebSite\",\"@id\":\"https:\/\/lapoderosagoods.com\/#website\",\"url\":\"https:\/\/lapoderosagoods.com\/\",\"name\":\"La Poderosa Goods - Satteltaschen, Gep\\u00e4ck und Premium-Motorradzubeh\\u00f6r\",\"description\":\"Gep\\u00e4ck, St\\u00e4nder, Satteltaschen und Zubeh\\u00f6r f\\u00fcr Klassiker, Caf\\u00e9 Racer oder Adventure Bikes. \",\"publisher\":{\"@id\":\"https:\/\/lapoderosagoods.com\/#organization\"},\"potentialAction\":[{\"@type\":\"SearchAction\",\"target\":{\"@type\":\"EntryPoint\",\"urlTemplate\":\"https:\/\/lapoderosagoods.com\/?s={search_term_string}\"},\"query-input\":\"required name=search_term_string\"}],\"inLanguage\":\"de-DE\"},{\"@type\":\"ImageObject\",\"@id\":\"https:\/\/lapoderosagoods.com\/de\/produkt\/doppelte-satteltaschenhalterung-linke-seite-und-beiwagen-ural-motorcycles\/#primaryimage\",\"inLanguage\":\"de-DE\",\"url\":\"https:\/\/lapoderosagoods.com\/wp-content\/uploads\/2021\/06\/SoporteUralLHSPig7Euro5.jpg\",\"contentUrl\":\"https:\/\/lapoderosagoods.com\/wp-content\/uploads\/2021\/06\/SoporteUralLHSPig7Euro5.jpg\",\"width\":960,\"height\":540},{\"@type\":\"WebPage\",\"@id\":\"https:\/\/lapoderosagoods.com\/de\/produkt\/doppelte-satteltaschenhalterung-linke-seite-und-beiwagen-ural-motorcycles\/#webpage\",\"url\":\"https:\/\/lapoderosagoods.com\/de\/produkt\/doppelte-satteltaschenhalterung-linke-seite-und-beiwagen-ural-motorcycles\/\",\"name\":\"Doppelte Satteltaschenhalterung (linke Seite und Beiwagen) URAL Motorcycles - La Poderosa Goods - Satteltaschen, Gep\\u00e4ck und Premium-Motorradzubeh\\u00f6r\",\"isPartOf\":{\"@id\":\"https:\/\/lapoderosagoods.com\/#website\"},\"primaryImageOfPage\":{\"@id\":\"https:\/\/lapoderosagoods.com\/de\/produkt\/doppelte-satteltaschenhalterung-linke-seite-und-beiwagen-ural-motorcycles\/#primaryimage\"},\"datePublished\":\"2021-06-25T10:03:39+00:00\",\"dateModified\":\"2026-04-13T21:38:54+00:00\",\"breadcrumb\":{\"@id\":\"https:\/\/lapoderosagoods.com\/de\/produkt\/doppelte-satteltaschenhalterung-linke-seite-und-beiwagen-ural-motorcycles\/#breadcrumb\"},\"inLanguage\":\"de-DE\",\"potentialAction\":[{\"@type\":\"ReadAction\",\"target\":[\"https:\/\/lapoderosagoods.com\/de\/produkt\/doppelte-satteltaschenhalterung-linke-seite-und-beiwagen-ural-motorcycles\/\"]}]},{\"@type\":\"BreadcrumbList\",\"@id\":\"https:\/\/lapoderosagoods.com\/de\/produkt\/doppelte-satteltaschenhalterung-linke-seite-und-beiwagen-ural-motorcycles\/#breadcrumb\",\"itemListElement\":[{\"@type\":\"ListItem\",\"position\":1,\"name\":\"Portada\",\"item\":\"https:\/\/lapoderosagoods.com\/\"},{\"@type\":\"ListItem\",\"position\":2,\"name\":\"Produkte\",\"item\":\"https:\/\/lapoderosagoods.com\/de\/produkte\/\"},{\"@type\":\"ListItem\",\"position\":3,\"name\":\"Doppelte Satteltaschenhalterung (linke Seite und Beiwagen) URAL Motorcycles\"}]}]}<\/script>\n<!-- \/ Yoast SEO plugin. -->","yoast_head_json":{"title":"Doppelte Satteltaschenhalterung (linke Seite und Beiwagen) URAL Motorcycles - La Poderosa Goods - Satteltaschen, Gep\u00e4ck und Premium-Motorradzubeh\u00f6r","robots":{"index":"index","follow":"follow","max-snippet":"max-snippet:-1","max-image-preview":"max-image-preview:large","max-video-preview":"max-video-preview:-1"},"canonical":"https:\/\/lapoderosagoods.com\/de\/produkt\/doppelte-satteltaschenhalterung-linke-seite-und-beiwagen-ural-motorcycles\/","og_locale":"de_DE","og_type":"article","og_title":"Doppelte Satteltaschenhalterung (linke Seite und Beiwagen) URAL Motorcycles - La Poderosa Goods - Satteltaschen, Gep\u00e4ck und Premium-Motorradzubeh\u00f6r","og_description":"Stahlrahmen in Satin Black Finish f\u00fcr URAL * f\u00fcr eine Satteltasche (linke Seite) und f\u00fcr die Vorderseite des Beiwagens.\u00a0 \u00a0Teilende an den hinteren Hilfsrahmen \u00a0jeden\u00a0zum Anschrauben des hinteren Subchassis eines beliebigen URAL\u00a0 durch Schrauben, die den Beiwagen vorne durchbohren. Satinschwarze pulverbeschichtung. Klassic\u00a0und minimalistisch, perfekt auch mit der entfernten Seitentasche. Sehr solide Struktur f\u00fcr Lasten von [...]","og_url":"https:\/\/lapoderosagoods.com\/de\/produkt\/doppelte-satteltaschenhalterung-linke-seite-und-beiwagen-ural-motorcycles\/","og_site_name":"La Poderosa Goods - Satteltaschen, Gep\u00e4ck und Premium-Motorradzubeh\u00f6r","article_modified_time":"2026-04-13T21:38:54+00:00","og_image":[{"width":960,"height":540,"url":"https:\/\/lapoderosagoods.com\/wp-content\/uploads\/2021\/06\/SoporteUralLHSPig7Euro5.jpg","path":"\/home\/spainmot\/lapoderosagoods\/wp-content\/uploads\/2021\/06\/SoporteUralLHSPig7Euro5.jpg","size":"full","id":7528,"alt":"","pixels":518400,"type":"image\/jpeg"}],"twitter_card":"summary_large_image","schema":{"@context":"https:\/\/schema.org","@graph":[{"@type":"Organization","@id":"https:\/\/lapoderosagoods.com\/#organization","name":"La Poderosa Classic Goods","url":"https:\/\/lapoderosagoods.com\/","sameAs":[],"logo":{"@type":"ImageObject","@id":"https:\/\/lapoderosagoods.com\/#logo","inLanguage":"de-DE","url":"https:\/\/lapoderosagoods.com\/wp-content\/uploads\/2019\/10\/poderosa.png","contentUrl":"https:\/\/lapoderosagoods.com\/wp-content\/uploads\/2019\/10\/poderosa.png","width":290,"height":209,"caption":"La Poderosa Classic Goods"},"image":{"@id":"https:\/\/lapoderosagoods.com\/#logo"}},{"@type":"WebSite","@id":"https:\/\/lapoderosagoods.com\/#website","url":"https:\/\/lapoderosagoods.com\/","name":"La Poderosa Goods - Satteltaschen, Gep\u00e4ck und Premium-Motorradzubeh\u00f6r","description":"Gep\u00e4ck, St\u00e4nder, Satteltaschen und Zubeh\u00f6r f\u00fcr Klassiker, Caf\u00e9 Racer oder Adventure Bikes. ","publisher":{"@id":"https:\/\/lapoderosagoods.com\/#organization"},"potentialAction":[{"@type":"SearchAction","target":{"@type":"EntryPoint","urlTemplate":"https:\/\/lapoderosagoods.com\/?s={search_term_string}"},"query-input":"required name=search_term_string"}],"inLanguage":"de-DE"},{"@type":"ImageObject","@id":"https:\/\/lapoderosagoods.com\/de\/produkt\/doppelte-satteltaschenhalterung-linke-seite-und-beiwagen-ural-motorcycles\/#primaryimage","inLanguage":"de-DE","url":"https:\/\/lapoderosagoods.com\/wp-content\/uploads\/2021\/06\/SoporteUralLHSPig7Euro5.jpg","contentUrl":"https:\/\/lapoderosagoods.com\/wp-content\/uploads\/2021\/06\/SoporteUralLHSPig7Euro5.jpg","width":960,"height":540},{"@type":"WebPage","@id":"https:\/\/lapoderosagoods.com\/de\/produkt\/doppelte-satteltaschenhalterung-linke-seite-und-beiwagen-ural-motorcycles\/#webpage","url":"https:\/\/lapoderosagoods.com\/de\/produkt\/doppelte-satteltaschenhalterung-linke-seite-und-beiwagen-ural-motorcycles\/","name":"Doppelte Satteltaschenhalterung (linke Seite und Beiwagen) URAL Motorcycles - La Poderosa Goods - Satteltaschen, Gep\u00e4ck und Premium-Motorradzubeh\u00f6r","isPartOf":{"@id":"https:\/\/lapoderosagoods.com\/#website"},"primaryImageOfPage":{"@id":"https:\/\/lapoderosagoods.com\/de\/produkt\/doppelte-satteltaschenhalterung-linke-seite-und-beiwagen-ural-motorcycles\/#primaryimage"},"datePublished":"2021-06-25T10:03:39+00:00","dateModified":"2026-04-13T21:38:54+00:00","breadcrumb":{"@id":"https:\/\/lapoderosagoods.com\/de\/produkt\/doppelte-satteltaschenhalterung-linke-seite-und-beiwagen-ural-motorcycles\/#breadcrumb"},"inLanguage":"de-DE","potentialAction":[{"@type":"ReadAction","target":["https:\/\/lapoderosagoods.com\/de\/produkt\/doppelte-satteltaschenhalterung-linke-seite-und-beiwagen-ural-motorcycles\/"]}]},{"@type":"BreadcrumbList","@id":"https:\/\/lapoderosagoods.com\/de\/produkt\/doppelte-satteltaschenhalterung-linke-seite-und-beiwagen-ural-motorcycles\/#breadcrumb","itemListElement":[{"@type":"ListItem","position":1,"name":"Portada","item":"https:\/\/lapoderosagoods.com\/"},{"@type":"ListItem","position":2,"name":"Produkte","item":"https:\/\/lapoderosagoods.com\/de\/produkte\/"},{"@type":"ListItem","position":3,"name":"Doppelte Satteltaschenhalterung (linke Seite und Beiwagen) URAL Motorcycles"}]}]}},"_links":{"self":[{"href":"https:\/\/lapoderosagoods.com\/de\/wp-json\/wp\/v2\/product\/9462"}],"collection":[{"href":"https:\/\/lapoderosagoods.com\/de\/wp-json\/wp\/v2\/product"}],"about":[{"href":"https:\/\/lapoderosagoods.com\/de\/wp-json\/wp\/v2\/types\/product"}],"replies":[{"embeddable":true,"href":"https:\/\/lapoderosagoods.com\/de\/wp-json\/wp\/v2\/comments?post=9462"}],"wp:featuredmedia":[{"embeddable":true,"href":"https:\/\/lapoderosagoods.com\/de\/wp-json\/wp\/v2\/media\/7528"}],"wp:attachment":[{"href":"https:\/\/lapoderosagoods.com\/de\/wp-json\/wp\/v2\/media?parent=9462"}],"wp:term":[{"taxonomy":"product_cat","embeddable":true,"href":"https:\/\/lapoderosagoods.com\/de\/wp-json\/wp\/v2\/product_cat?post=9462"},{"taxonomy":"product_tag","embeddable":true,"href":"https:\/\/lapoderosagoods.com\/de\/wp-json\/wp\/v2\/product_tag?post=9462"}],"curies":[{"name":"wp","href":"https:\/\/api.w.org\/{rel}","templated":true}]}}