{"id":9458,"date":"2021-06-25T12:03:42","date_gmt":"2021-06-25T10:03:42","guid":{"rendered":"https:\/\/lapoderosagoods.spainmotoexperiences.es\/producto\/satteltaschenhalter-beidseitig-kawasaki-w650-800-satinschwarz\/"},"modified":"2026-04-14T00:23:08","modified_gmt":"2026-04-13T22:23:08","slug":"satteltaschenhalter-beidseitig-kawasaki-w650-800-satinschwarz-solo-mode","status":"publish","type":"product","link":"https:\/\/lapoderosagoods.com\/de\/produkt\/satteltaschenhalter-beidseitig-kawasaki-w650-800-satinschwarz-solo-mode\/","title":{"rendered":"Satteltaschenhalter (beidseitig) Kawasaki W650 \/ 800 Satinschwarz solo mode"},"content":{"rendered":"<div class=\"product-single__description rte\">\n<p class=\"s3\"><span class=\"s2\">Stahlrahmen in Satin Black Finish f\u00fcr Kawasaki W650 \/ 800 f\u00fcr 2 Satteltaschen (1 auf jeder Seite).<\/span><\/p>\n<p class=\"s3\"><span class=\"s2\">Teile, die an den hinteren Hilfsrahmen jedes \u00a0Kawasaki W650\/800 * geschraubt werden k\u00f6nnen.<\/span><span class=\"s2\">.\u00a0<\/span><\/p>\n<p>Satinschwarze Pulverbeschichtung.<\/p>\n<p class=\"s3\"><span class=\"s2\">Klassic<\/span><span class=\"s2\">\u00a0und minimalistisch, perfekt auch mit der entfernten Seitentasche.<\/span><\/p>\n<p class=\"s3\"><span class=\"s2\">Sehr solide Struktur f\u00fcr Lasten von bis zu 10 kg pro Tasche.<\/span><\/p>\n<p>Hilfsmittel, die f\u00fcr Alleinreisende konzipiert wurden.<\/p>\n<p class=\"s3\"><span class=\"s2\">* Kompatibel mit folgenden Modellen (bitte bei der Bestellung genaues Modell und Baujahr angeben):<\/span><\/p>\n<p class=\"s3\"><span class=\"s2\">\u00a0W650<\/span><\/p>\n<p class=\"s3\"><span class=\"s2\">\u00a0W800<\/span><span class=\"s2\">\u00a0<\/span><\/p>\n<\/div>\n","protected":false},"excerpt":{"rendered":"<p>Stahlrahmen in Satin Black Finish f\u00fcr Kawasaki W650 \/ 800 f\u00fcr 2 Satteltaschen (1 auf jeder Seite). Teile, die an den hinteren Hilfsrahmen jedes \u00a0Kawasaki W650\/800 * geschraubt werden k\u00f6nnen..\u00a0 Satinschwarze Pulverbeschichtung. Klassic\u00a0und minimalistisch, perfekt auch mit der entfernten Seitentasche. Sehr solide Struktur f\u00fcr Lasten von bis zu 10 kg pro Tasche. Hilfsmittel, die f\u00fcr [&#8230;]\n","protected":false},"featured_media":7580,"comment_status":"closed","ping_status":"closed","template":"","meta":{"spay_email":""},"product_cat":[723,140,96],"product_tag":[282],"yoast_head":"<!-- This site is optimized with the Yoast SEO plugin v16.8 - https:\/\/yoast.com\/wordpress\/plugins\/seo\/ -->\n<title>Satteltaschenhalter (beidseitig) Kawasaki W650 \/ 800 Satinschwarz solo mode - La Poderosa Goods - Satteltaschen, Gep\u00e4ck und Premium-Motorradzubeh\u00f6r<\/title>\n<meta name=\"robots\" content=\"index, follow, max-snippet:-1, max-image-preview:large, max-video-preview:-1\" \/>\n<link rel=\"canonical\" href=\"https:\/\/lapoderosagoods.com\/de\/produkt\/satteltaschenhalter-beidseitig-kawasaki-w650-800-satinschwarz-solo-mode\/\" \/>\n<meta property=\"og:locale\" content=\"de_DE\" \/>\n<meta property=\"og:type\" content=\"article\" \/>\n<meta property=\"og:title\" content=\"Satteltaschenhalter (beidseitig) Kawasaki W650 \/ 800 Satinschwarz solo mode - La Poderosa Goods - Satteltaschen, Gep\u00e4ck und Premium-Motorradzubeh\u00f6r\" \/>\n<meta property=\"og:description\" content=\"Stahlrahmen in Satin Black Finish f\u00fcr Kawasaki W650 \/ 800 f\u00fcr 2 Satteltaschen (1 auf jeder Seite). Teile, die an den hinteren Hilfsrahmen jedes \u00a0Kawasaki W650\/800 * geschraubt werden k\u00f6nnen..\u00a0 Satinschwarze Pulverbeschichtung. Klassic\u00a0und minimalistisch, perfekt auch mit der entfernten Seitentasche. Sehr solide Struktur f\u00fcr Lasten von bis zu 10 kg pro Tasche. Hilfsmittel, die f\u00fcr [...]\" \/>\n<meta property=\"og:url\" content=\"https:\/\/lapoderosagoods.com\/de\/produkt\/satteltaschenhalter-beidseitig-kawasaki-w650-800-satinschwarz-solo-mode\/\" \/>\n<meta property=\"og:site_name\" content=\"La Poderosa Goods - Satteltaschen, Gep\u00e4ck und Premium-Motorradzubeh\u00f6r\" \/>\n<meta property=\"article:modified_time\" content=\"2026-04-13T22:23:08+00:00\" \/>\n<meta property=\"og:image\" content=\"https:\/\/lapoderosagoods.com\/wp-content\/uploads\/2021\/06\/Kawa-w800-soporte-negro.jpg\" \/>\n\t<meta property=\"og:image:width\" content=\"2551\" \/>\n\t<meta property=\"og:image:height\" content=\"1909\" \/>\n<meta name=\"twitter:card\" content=\"summary_large_image\" \/>\n<script type=\"application\/ld+json\" class=\"yoast-schema-graph\">{\"@context\":\"https:\/\/schema.org\",\"@graph\":[{\"@type\":\"Organization\",\"@id\":\"https:\/\/lapoderosagoods.com\/#organization\",\"name\":\"La Poderosa Classic Goods\",\"url\":\"https:\/\/lapoderosagoods.com\/\",\"sameAs\":[],\"logo\":{\"@type\":\"ImageObject\",\"@id\":\"https:\/\/lapoderosagoods.com\/#logo\",\"inLanguage\":\"de-DE\",\"url\":\"https:\/\/lapoderosagoods.com\/wp-content\/uploads\/2019\/10\/poderosa.png\",\"contentUrl\":\"https:\/\/lapoderosagoods.com\/wp-content\/uploads\/2019\/10\/poderosa.png\",\"width\":290,\"height\":209,\"caption\":\"La Poderosa Classic Goods\"},\"image\":{\"@id\":\"https:\/\/lapoderosagoods.com\/#logo\"}},{\"@type\":\"WebSite\",\"@id\":\"https:\/\/lapoderosagoods.com\/#website\",\"url\":\"https:\/\/lapoderosagoods.com\/\",\"name\":\"La Poderosa Goods - Satteltaschen, Gep\\u00e4ck und Premium-Motorradzubeh\\u00f6r\",\"description\":\"Gep\\u00e4ck, St\\u00e4nder, Satteltaschen und Zubeh\\u00f6r f\\u00fcr Klassiker, Caf\\u00e9 Racer oder Adventure Bikes. \",\"publisher\":{\"@id\":\"https:\/\/lapoderosagoods.com\/#organization\"},\"potentialAction\":[{\"@type\":\"SearchAction\",\"target\":{\"@type\":\"EntryPoint\",\"urlTemplate\":\"https:\/\/lapoderosagoods.com\/?s={search_term_string}\"},\"query-input\":\"required name=search_term_string\"}],\"inLanguage\":\"de-DE\"},{\"@type\":\"ImageObject\",\"@id\":\"https:\/\/lapoderosagoods.com\/de\/produkt\/satteltaschenhalter-beidseitig-kawasaki-w650-800-satinschwarz-solo-mode\/#primaryimage\",\"inLanguage\":\"de-DE\",\"url\":\"https:\/\/lapoderosagoods.com\/wp-content\/uploads\/2021\/06\/Kawa-w800-soporte-negro.jpg\",\"contentUrl\":\"https:\/\/lapoderosagoods.com\/wp-content\/uploads\/2021\/06\/Kawa-w800-soporte-negro.jpg\",\"width\":2551,\"height\":1909},{\"@type\":\"WebPage\",\"@id\":\"https:\/\/lapoderosagoods.com\/de\/produkt\/satteltaschenhalter-beidseitig-kawasaki-w650-800-satinschwarz-solo-mode\/#webpage\",\"url\":\"https:\/\/lapoderosagoods.com\/de\/produkt\/satteltaschenhalter-beidseitig-kawasaki-w650-800-satinschwarz-solo-mode\/\",\"name\":\"Satteltaschenhalter (beidseitig) Kawasaki W650 \/ 800 Satinschwarz solo mode - La Poderosa Goods - Satteltaschen, Gep\\u00e4ck und Premium-Motorradzubeh\\u00f6r\",\"isPartOf\":{\"@id\":\"https:\/\/lapoderosagoods.com\/#website\"},\"primaryImageOfPage\":{\"@id\":\"https:\/\/lapoderosagoods.com\/de\/produkt\/satteltaschenhalter-beidseitig-kawasaki-w650-800-satinschwarz-solo-mode\/#primaryimage\"},\"datePublished\":\"2021-06-25T10:03:42+00:00\",\"dateModified\":\"2026-04-13T22:23:08+00:00\",\"breadcrumb\":{\"@id\":\"https:\/\/lapoderosagoods.com\/de\/produkt\/satteltaschenhalter-beidseitig-kawasaki-w650-800-satinschwarz-solo-mode\/#breadcrumb\"},\"inLanguage\":\"de-DE\",\"potentialAction\":[{\"@type\":\"ReadAction\",\"target\":[\"https:\/\/lapoderosagoods.com\/de\/produkt\/satteltaschenhalter-beidseitig-kawasaki-w650-800-satinschwarz-solo-mode\/\"]}]},{\"@type\":\"BreadcrumbList\",\"@id\":\"https:\/\/lapoderosagoods.com\/de\/produkt\/satteltaschenhalter-beidseitig-kawasaki-w650-800-satinschwarz-solo-mode\/#breadcrumb\",\"itemListElement\":[{\"@type\":\"ListItem\",\"position\":1,\"name\":\"Portada\",\"item\":\"https:\/\/lapoderosagoods.com\/\"},{\"@type\":\"ListItem\",\"position\":2,\"name\":\"Produkte\",\"item\":\"https:\/\/lapoderosagoods.com\/de\/produkte\/\"},{\"@type\":\"ListItem\",\"position\":3,\"name\":\"Satteltaschenhalter (beidseitig) Kawasaki W650 \/ 800 Satinschwarz solo mode\"}]}]}<\/script>\n<!-- \/ Yoast SEO plugin. -->","yoast_head_json":{"title":"Satteltaschenhalter (beidseitig) Kawasaki W650 \/ 800 Satinschwarz solo mode - La Poderosa Goods - Satteltaschen, Gep\u00e4ck und Premium-Motorradzubeh\u00f6r","robots":{"index":"index","follow":"follow","max-snippet":"max-snippet:-1","max-image-preview":"max-image-preview:large","max-video-preview":"max-video-preview:-1"},"canonical":"https:\/\/lapoderosagoods.com\/de\/produkt\/satteltaschenhalter-beidseitig-kawasaki-w650-800-satinschwarz-solo-mode\/","og_locale":"de_DE","og_type":"article","og_title":"Satteltaschenhalter (beidseitig) Kawasaki W650 \/ 800 Satinschwarz solo mode - La Poderosa Goods - Satteltaschen, Gep\u00e4ck und Premium-Motorradzubeh\u00f6r","og_description":"Stahlrahmen in Satin Black Finish f\u00fcr Kawasaki W650 \/ 800 f\u00fcr 2 Satteltaschen (1 auf jeder Seite). Teile, die an den hinteren Hilfsrahmen jedes \u00a0Kawasaki W650\/800 * geschraubt werden k\u00f6nnen..\u00a0 Satinschwarze Pulverbeschichtung. Klassic\u00a0und minimalistisch, perfekt auch mit der entfernten Seitentasche. Sehr solide Struktur f\u00fcr Lasten von bis zu 10 kg pro Tasche. Hilfsmittel, die f\u00fcr [...]","og_url":"https:\/\/lapoderosagoods.com\/de\/produkt\/satteltaschenhalter-beidseitig-kawasaki-w650-800-satinschwarz-solo-mode\/","og_site_name":"La Poderosa Goods - Satteltaschen, Gep\u00e4ck und Premium-Motorradzubeh\u00f6r","article_modified_time":"2026-04-13T22:23:08+00:00","og_image":[{"width":2551,"height":1909,"url":"https:\/\/lapoderosagoods.com\/wp-content\/uploads\/2021\/06\/Kawa-w800-soporte-negro.jpg","path":"\/home\/spainmot\/lapoderosagoods\/wp-content\/uploads\/2021\/06\/Kawa-w800-soporte-negro.jpg","size":"full","id":7580,"alt":"","pixels":4869859,"type":"image\/jpeg"}],"twitter_card":"summary_large_image","schema":{"@context":"https:\/\/schema.org","@graph":[{"@type":"Organization","@id":"https:\/\/lapoderosagoods.com\/#organization","name":"La Poderosa Classic Goods","url":"https:\/\/lapoderosagoods.com\/","sameAs":[],"logo":{"@type":"ImageObject","@id":"https:\/\/lapoderosagoods.com\/#logo","inLanguage":"de-DE","url":"https:\/\/lapoderosagoods.com\/wp-content\/uploads\/2019\/10\/poderosa.png","contentUrl":"https:\/\/lapoderosagoods.com\/wp-content\/uploads\/2019\/10\/poderosa.png","width":290,"height":209,"caption":"La Poderosa Classic Goods"},"image":{"@id":"https:\/\/lapoderosagoods.com\/#logo"}},{"@type":"WebSite","@id":"https:\/\/lapoderosagoods.com\/#website","url":"https:\/\/lapoderosagoods.com\/","name":"La Poderosa Goods - Satteltaschen, Gep\u00e4ck und Premium-Motorradzubeh\u00f6r","description":"Gep\u00e4ck, St\u00e4nder, Satteltaschen und Zubeh\u00f6r f\u00fcr Klassiker, Caf\u00e9 Racer oder Adventure Bikes. ","publisher":{"@id":"https:\/\/lapoderosagoods.com\/#organization"},"potentialAction":[{"@type":"SearchAction","target":{"@type":"EntryPoint","urlTemplate":"https:\/\/lapoderosagoods.com\/?s={search_term_string}"},"query-input":"required name=search_term_string"}],"inLanguage":"de-DE"},{"@type":"ImageObject","@id":"https:\/\/lapoderosagoods.com\/de\/produkt\/satteltaschenhalter-beidseitig-kawasaki-w650-800-satinschwarz-solo-mode\/#primaryimage","inLanguage":"de-DE","url":"https:\/\/lapoderosagoods.com\/wp-content\/uploads\/2021\/06\/Kawa-w800-soporte-negro.jpg","contentUrl":"https:\/\/lapoderosagoods.com\/wp-content\/uploads\/2021\/06\/Kawa-w800-soporte-negro.jpg","width":2551,"height":1909},{"@type":"WebPage","@id":"https:\/\/lapoderosagoods.com\/de\/produkt\/satteltaschenhalter-beidseitig-kawasaki-w650-800-satinschwarz-solo-mode\/#webpage","url":"https:\/\/lapoderosagoods.com\/de\/produkt\/satteltaschenhalter-beidseitig-kawasaki-w650-800-satinschwarz-solo-mode\/","name":"Satteltaschenhalter (beidseitig) Kawasaki W650 \/ 800 Satinschwarz solo mode - La Poderosa Goods - Satteltaschen, Gep\u00e4ck und Premium-Motorradzubeh\u00f6r","isPartOf":{"@id":"https:\/\/lapoderosagoods.com\/#website"},"primaryImageOfPage":{"@id":"https:\/\/lapoderosagoods.com\/de\/produkt\/satteltaschenhalter-beidseitig-kawasaki-w650-800-satinschwarz-solo-mode\/#primaryimage"},"datePublished":"2021-06-25T10:03:42+00:00","dateModified":"2026-04-13T22:23:08+00:00","breadcrumb":{"@id":"https:\/\/lapoderosagoods.com\/de\/produkt\/satteltaschenhalter-beidseitig-kawasaki-w650-800-satinschwarz-solo-mode\/#breadcrumb"},"inLanguage":"de-DE","potentialAction":[{"@type":"ReadAction","target":["https:\/\/lapoderosagoods.com\/de\/produkt\/satteltaschenhalter-beidseitig-kawasaki-w650-800-satinschwarz-solo-mode\/"]}]},{"@type":"BreadcrumbList","@id":"https:\/\/lapoderosagoods.com\/de\/produkt\/satteltaschenhalter-beidseitig-kawasaki-w650-800-satinschwarz-solo-mode\/#breadcrumb","itemListElement":[{"@type":"ListItem","position":1,"name":"Portada","item":"https:\/\/lapoderosagoods.com\/"},{"@type":"ListItem","position":2,"name":"Produkte","item":"https:\/\/lapoderosagoods.com\/de\/produkte\/"},{"@type":"ListItem","position":3,"name":"Satteltaschenhalter (beidseitig) Kawasaki W650 \/ 800 Satinschwarz solo mode"}]}]}},"_links":{"self":[{"href":"https:\/\/lapoderosagoods.com\/de\/wp-json\/wp\/v2\/product\/9458"}],"collection":[{"href":"https:\/\/lapoderosagoods.com\/de\/wp-json\/wp\/v2\/product"}],"about":[{"href":"https:\/\/lapoderosagoods.com\/de\/wp-json\/wp\/v2\/types\/product"}],"replies":[{"embeddable":true,"href":"https:\/\/lapoderosagoods.com\/de\/wp-json\/wp\/v2\/comments?post=9458"}],"wp:featuredmedia":[{"embeddable":true,"href":"https:\/\/lapoderosagoods.com\/de\/wp-json\/wp\/v2\/media\/7580"}],"wp:attachment":[{"href":"https:\/\/lapoderosagoods.com\/de\/wp-json\/wp\/v2\/media?parent=9458"}],"wp:term":[{"taxonomy":"product_cat","embeddable":true,"href":"https:\/\/lapoderosagoods.com\/de\/wp-json\/wp\/v2\/product_cat?post=9458"},{"taxonomy":"product_tag","embeddable":true,"href":"https:\/\/lapoderosagoods.com\/de\/wp-json\/wp\/v2\/product_tag?post=9458"}],"curies":[{"name":"wp","href":"https:\/\/api.w.org\/{rel}","templated":true}]}}