{"id":9427,"date":"2021-06-25T12:04:12","date_gmt":"2021-06-25T10:04:12","guid":{"rendered":"https:\/\/lapoderosagoods.spainmotoexperiences.es\/producto\/satteltaschenhalterung-einseitig-moto-guzzi-v7-satin-black\/"},"modified":"2022-01-17T10:29:40","modified_gmt":"2022-01-17T08:29:40","slug":"satteltaschenhalterung-einseitig-moto-guzzi-v7-satin-black","status":"publish","type":"product","link":"https:\/\/lapoderosagoods.com\/de\/produkt\/satteltaschenhalterung-einseitig-moto-guzzi-v7-satin-black\/","title":{"rendered":"Satteltaschenhalterung (einseitig) Moto-Guzzi V7 Satin Black"},"content":{"rendered":"<p class=\"s3\"><span class=\"s2\"><span>Stahlrahmen in Satin Black Finish f\u00fcr Moto-Guzzi V7 f\u00fcr eine Satteltasche (Sie m\u00fcssen best\u00e4tigen, welche Seite Sie m\u00f6chten). \u00a0<\/span><\/span><\/p>\n<p class=\"s3\"><span class=\"s2\"><span>Senden Sie nach dem Kauf eine E-Mail, um zu best\u00e4tigen, welche Seite Sie von uns erhalten m\u00f6chten.<\/span><\/span><\/p>\n<p class=\"s3\"><span class=\"s2\"><span>Teile entwerfen <\/span><\/span><span class=\"s2\"><span>\u00f1 <\/span><\/span><span class=\"s2\"><span>Tupel f\u00fcr I jedes Moto-Guzzi V7 * Modell auf dem Heckrahmen Einschrauben\u00a0 <\/span><\/span><span class=\"s2\"><span>von Schrauben.\u00a0<\/span><\/span><\/p>\n<p class=\"s3\"><span class=\"s2\"><span>Finish <\/span><\/span><span><span class=\"s2\">Lackofen <\/span><span class=\"s2\">ep <\/span><\/span><span class=\"s2\"><span>oder <\/span><\/span><span class=\"s2\"><span>xica hochfest.<\/span><\/span><\/p>\n<p class=\"s3\"><span class=\"s2\"><span>Cl-Stil <\/span><\/span><span class=\"s2\"><span>nach <\/span><\/span><span class=\"s2\"><span>Sico und minimalistisch, perfekt auch mit der entfernten Seitentasche.<\/span><\/span><\/p>\n<p class=\"s3\"><span class=\"s2\"><span>Sehr solide Struktur f\u00fcr Lasten von bis zu 6 kg pro Tasche.<\/span><\/span><\/p>\n<p class=\"s3\"><span class=\"s2\"><span>* Kompatibel mit folgenden Modellen (bitte bei der Bestellung genaues Modell und Baujahr angeben):<\/span><\/span><\/p>\n<p class=\"s3\"><span class=\"s2\"><span>\u00a0V7 Klassiker V7 III<\/span><\/span><\/p>\n<p class=\"s3\"><span class=\"s2\"><span>\u00a0V7 Spezial<\/span><\/span><\/p>\n<p class=\"s3\"><span class=\"s2\"><span>\u00a0V7 Stein<\/span><\/span><\/p>\n<p class=\"s3\"><span class=\"s2\"><span>\u00a0V7 II Stein<\/span><\/span><\/p>\n<p class=\"s3\"><span class=\"s2\"><span>\u00a0V7 II Spezial<\/span><\/span><\/p>\n<p class=\"s3\"><span class=\"s2\"><span>\u00a0V7 II Stornello<\/span><\/span><\/p>\n","protected":false},"excerpt":{"rendered":"<p>Stahlrahmen in Satin Black Finish f\u00fcr Moto-Guzzi V7 f\u00fcr eine Satteltasche (Sie m\u00fcssen best\u00e4tigen, welche Seite Sie m\u00f6chten). \u00a0 Senden Sie nach dem Kauf eine E-Mail, um zu best\u00e4tigen, welche Seite Sie von uns erhalten m\u00f6chten. Teile entwerfen \u00f1 Tupel f\u00fcr I jedes Moto-Guzzi V7 * Modell auf dem Heckrahmen Einschrauben\u00a0 von Schrauben.\u00a0 Finish Lackofen [&#8230;]\n","protected":false},"featured_media":10076,"comment_status":"closed","ping_status":"closed","template":"","meta":{"spay_email":""},"product_cat":[727,143,96],"product_tag":[492],"yoast_head":"<!-- This site is optimized with the Yoast SEO plugin v16.8 - https:\/\/yoast.com\/wordpress\/plugins\/seo\/ -->\n<title>Satteltaschenhalterung (einseitig) Moto-Guzzi V7 Satin Black - La Poderosa Goods - Satteltaschen, Gep\u00e4ck und Premium-Motorradzubeh\u00f6r<\/title>\n<meta name=\"robots\" content=\"index, follow, max-snippet:-1, max-image-preview:large, max-video-preview:-1\" \/>\n<link rel=\"canonical\" href=\"https:\/\/lapoderosagoods.com\/de\/produkt\/soporte-para-alforjas-ambos-lados-moto-guzzi-v7-iii-negro-satinado\/\" \/>\n<meta property=\"og:locale\" content=\"de_DE\" \/>\n<meta property=\"og:type\" content=\"article\" \/>\n<meta property=\"og:title\" content=\"Satteltaschenhalterung (einseitig) Moto-Guzzi V7 Satin Black - La Poderosa Goods - Satteltaschen, Gep\u00e4ck und Premium-Motorradzubeh\u00f6r\" \/>\n<meta property=\"og:description\" content=\"Stahlrahmen in Satin Black Finish f\u00fcr Moto-Guzzi V7 f\u00fcr eine Satteltasche (Sie m\u00fcssen best\u00e4tigen, welche Seite Sie m\u00f6chten). \u00a0 Senden Sie nach dem Kauf eine E-Mail, um zu best\u00e4tigen, welche Seite Sie von uns erhalten m\u00f6chten. Teile entwerfen \u00f1 Tupel f\u00fcr I jedes Moto-Guzzi V7 * Modell auf dem Heckrahmen Einschrauben\u00a0 von Schrauben.\u00a0 Finish Lackofen [...]\" \/>\n<meta property=\"og:url\" content=\"https:\/\/lapoderosagoods.com\/produkt\/soporte-para-alforjas-ambos-lados-moto-guzzi-v7-iii-negro-satinado\/\" \/>\n<meta property=\"og:site_name\" content=\"La Poderosa Goods - Satteltaschen, Gep\u00e4ck und Premium-Motorradzubeh\u00f6r\" \/>\n<meta property=\"article:modified_time\" content=\"2022-01-17T08:29:40+00:00\" \/>\n<meta property=\"og:image\" content=\"https:\/\/lapoderosagoods.com\/wp-content\/uploads\/2021\/06\/Guzzi-V7-III-LHS-rack-with-seat--scaled.jpg\" \/>\n\t<meta property=\"og:image:width\" content=\"2560\" \/>\n\t<meta property=\"og:image:height\" content=\"1920\" \/>\n<meta name=\"twitter:card\" content=\"summary_large_image\" \/>\n<meta name=\"twitter:label1\" content=\"Gesch\u00e4tzte Lesezeit\" \/>\n\t<meta name=\"twitter:data1\" content=\"1 Minute\" \/>\n<script type=\"application\/ld+json\" class=\"yoast-schema-graph\">{\"@context\":\"https:\/\/schema.org\",\"@graph\":[{\"@type\":\"Organization\",\"@id\":\"https:\/\/lapoderosagoods.com\/#organization\",\"name\":\"La Poderosa Classic Goods\",\"url\":\"https:\/\/lapoderosagoods.com\/\",\"sameAs\":[],\"logo\":{\"@type\":\"ImageObject\",\"@id\":\"https:\/\/lapoderosagoods.com\/#logo\",\"inLanguage\":\"de-DE\",\"url\":\"https:\/\/lapoderosagoods.com\/wp-content\/uploads\/2019\/10\/poderosa.png\",\"contentUrl\":\"https:\/\/lapoderosagoods.com\/wp-content\/uploads\/2019\/10\/poderosa.png\",\"width\":290,\"height\":209,\"caption\":\"La Poderosa Classic Goods\"},\"image\":{\"@id\":\"https:\/\/lapoderosagoods.com\/#logo\"}},{\"@type\":\"WebSite\",\"@id\":\"https:\/\/lapoderosagoods.com\/#website\",\"url\":\"https:\/\/lapoderosagoods.com\/\",\"name\":\"La Poderosa Goods - Satteltaschen, Gep\\u00e4ck und Premium-Motorradzubeh\\u00f6r\",\"description\":\"Gep\\u00e4ck, St\\u00e4nder, Satteltaschen und Zubeh\\u00f6r f\\u00fcr Klassiker, Caf\\u00e9 Racer oder Adventure Bikes. \",\"publisher\":{\"@id\":\"https:\/\/lapoderosagoods.com\/#organization\"},\"potentialAction\":[{\"@type\":\"SearchAction\",\"target\":{\"@type\":\"EntryPoint\",\"urlTemplate\":\"https:\/\/lapoderosagoods.com\/?s={search_term_string}\"},\"query-input\":\"required name=search_term_string\"}],\"inLanguage\":\"de-DE\"},{\"@type\":\"ImageObject\",\"@id\":\"https:\/\/lapoderosagoods.com\/produkt\/soporte-para-alforjas-ambos-lados-moto-guzzi-v7-iii-negro-satinado\/#primaryimage\",\"inLanguage\":\"de-DE\",\"url\":\"https:\/\/lapoderosagoods.com\/wp-content\/uploads\/2021\/06\/Guzzi-V7-III-LHS-rack-with-seat--scaled.jpg\",\"contentUrl\":\"https:\/\/lapoderosagoods.com\/wp-content\/uploads\/2021\/06\/Guzzi-V7-III-LHS-rack-with-seat--scaled.jpg\",\"width\":2560,\"height\":1920},{\"@type\":\"WebPage\",\"@id\":\"https:\/\/lapoderosagoods.com\/produkt\/soporte-para-alforjas-ambos-lados-moto-guzzi-v7-iii-negro-satinado\/#webpage\",\"url\":\"https:\/\/lapoderosagoods.com\/produkt\/soporte-para-alforjas-ambos-lados-moto-guzzi-v7-iii-negro-satinado\/\",\"name\":\"Satteltaschenhalterung (einseitig) Moto-Guzzi V7 Satin Black - La Poderosa Goods - Satteltaschen, Gep\\u00e4ck und Premium-Motorradzubeh\\u00f6r\",\"isPartOf\":{\"@id\":\"https:\/\/lapoderosagoods.com\/#website\"},\"primaryImageOfPage\":{\"@id\":\"https:\/\/lapoderosagoods.com\/produkt\/soporte-para-alforjas-ambos-lados-moto-guzzi-v7-iii-negro-satinado\/#primaryimage\"},\"datePublished\":\"2021-06-25T10:04:12+00:00\",\"dateModified\":\"2022-01-17T08:29:40+00:00\",\"breadcrumb\":{\"@id\":\"https:\/\/lapoderosagoods.com\/produkt\/soporte-para-alforjas-ambos-lados-moto-guzzi-v7-iii-negro-satinado\/#breadcrumb\"},\"inLanguage\":\"de-DE\",\"potentialAction\":[{\"@type\":\"ReadAction\",\"target\":[\"https:\/\/lapoderosagoods.com\/produkt\/soporte-para-alforjas-ambos-lados-moto-guzzi-v7-iii-negro-satinado\/\"]}]},{\"@type\":\"BreadcrumbList\",\"@id\":\"https:\/\/lapoderosagoods.com\/produkt\/soporte-para-alforjas-ambos-lados-moto-guzzi-v7-iii-negro-satinado\/#breadcrumb\",\"itemListElement\":[{\"@type\":\"ListItem\",\"position\":1,\"name\":\"Portada\",\"item\":\"https:\/\/lapoderosagoods.com\/\"},{\"@type\":\"ListItem\",\"position\":2,\"name\":\"Produkte\",\"item\":\"https:\/\/lapoderosagoods.com\/de\/produkte\/\"},{\"@type\":\"ListItem\",\"position\":3,\"name\":\"Satteltaschenhalterung (einseitig) Moto-Guzzi V7 Satin Black\"}]}]}<\/script>\n<!-- \/ Yoast SEO plugin. -->","yoast_head_json":{"title":"Satteltaschenhalterung (einseitig) Moto-Guzzi V7 Satin Black - La Poderosa Goods - Satteltaschen, Gep\u00e4ck und Premium-Motorradzubeh\u00f6r","robots":{"index":"index","follow":"follow","max-snippet":"max-snippet:-1","max-image-preview":"max-image-preview:large","max-video-preview":"max-video-preview:-1"},"canonical":"https:\/\/lapoderosagoods.com\/de\/produkt\/soporte-para-alforjas-ambos-lados-moto-guzzi-v7-iii-negro-satinado\/","og_locale":"de_DE","og_type":"article","og_title":"Satteltaschenhalterung (einseitig) Moto-Guzzi V7 Satin Black - La Poderosa Goods - Satteltaschen, Gep\u00e4ck und Premium-Motorradzubeh\u00f6r","og_description":"Stahlrahmen in Satin Black Finish f\u00fcr Moto-Guzzi V7 f\u00fcr eine Satteltasche (Sie m\u00fcssen best\u00e4tigen, welche Seite Sie m\u00f6chten). \u00a0 Senden Sie nach dem Kauf eine E-Mail, um zu best\u00e4tigen, welche Seite Sie von uns erhalten m\u00f6chten. Teile entwerfen \u00f1 Tupel f\u00fcr I jedes Moto-Guzzi V7 * Modell auf dem Heckrahmen Einschrauben\u00a0 von Schrauben.\u00a0 Finish Lackofen [...]","og_url":"https:\/\/lapoderosagoods.com\/produkt\/soporte-para-alforjas-ambos-lados-moto-guzzi-v7-iii-negro-satinado\/","og_site_name":"La Poderosa Goods - Satteltaschen, Gep\u00e4ck und Premium-Motorradzubeh\u00f6r","article_modified_time":"2022-01-17T08:29:40+00:00","og_image":[{"width":2560,"height":1920,"url":"https:\/\/lapoderosagoods.com\/wp-content\/uploads\/2021\/06\/Guzzi-V7-III-LHS-rack-with-seat--scaled.jpg","path":"\/home\/spainmot\/lapoderosagoods\/wp-content\/uploads\/2021\/06\/Guzzi-V7-III-LHS-rack-with-seat--scaled.jpg","size":"full","id":10076,"alt":"","pixels":4915200,"type":"image\/jpeg"}],"twitter_card":"summary_large_image","twitter_misc":{"Gesch\u00e4tzte Lesezeit":"1 Minute"},"schema":{"@context":"https:\/\/schema.org","@graph":[{"@type":"Organization","@id":"https:\/\/lapoderosagoods.com\/#organization","name":"La Poderosa Classic Goods","url":"https:\/\/lapoderosagoods.com\/","sameAs":[],"logo":{"@type":"ImageObject","@id":"https:\/\/lapoderosagoods.com\/#logo","inLanguage":"de-DE","url":"https:\/\/lapoderosagoods.com\/wp-content\/uploads\/2019\/10\/poderosa.png","contentUrl":"https:\/\/lapoderosagoods.com\/wp-content\/uploads\/2019\/10\/poderosa.png","width":290,"height":209,"caption":"La Poderosa Classic Goods"},"image":{"@id":"https:\/\/lapoderosagoods.com\/#logo"}},{"@type":"WebSite","@id":"https:\/\/lapoderosagoods.com\/#website","url":"https:\/\/lapoderosagoods.com\/","name":"La Poderosa Goods - Satteltaschen, Gep\u00e4ck und Premium-Motorradzubeh\u00f6r","description":"Gep\u00e4ck, St\u00e4nder, Satteltaschen und Zubeh\u00f6r f\u00fcr Klassiker, Caf\u00e9 Racer oder Adventure Bikes. ","publisher":{"@id":"https:\/\/lapoderosagoods.com\/#organization"},"potentialAction":[{"@type":"SearchAction","target":{"@type":"EntryPoint","urlTemplate":"https:\/\/lapoderosagoods.com\/?s={search_term_string}"},"query-input":"required name=search_term_string"}],"inLanguage":"de-DE"},{"@type":"ImageObject","@id":"https:\/\/lapoderosagoods.com\/produkt\/soporte-para-alforjas-ambos-lados-moto-guzzi-v7-iii-negro-satinado\/#primaryimage","inLanguage":"de-DE","url":"https:\/\/lapoderosagoods.com\/wp-content\/uploads\/2021\/06\/Guzzi-V7-III-LHS-rack-with-seat--scaled.jpg","contentUrl":"https:\/\/lapoderosagoods.com\/wp-content\/uploads\/2021\/06\/Guzzi-V7-III-LHS-rack-with-seat--scaled.jpg","width":2560,"height":1920},{"@type":"WebPage","@id":"https:\/\/lapoderosagoods.com\/produkt\/soporte-para-alforjas-ambos-lados-moto-guzzi-v7-iii-negro-satinado\/#webpage","url":"https:\/\/lapoderosagoods.com\/produkt\/soporte-para-alforjas-ambos-lados-moto-guzzi-v7-iii-negro-satinado\/","name":"Satteltaschenhalterung (einseitig) Moto-Guzzi V7 Satin Black - La Poderosa Goods - Satteltaschen, Gep\u00e4ck und Premium-Motorradzubeh\u00f6r","isPartOf":{"@id":"https:\/\/lapoderosagoods.com\/#website"},"primaryImageOfPage":{"@id":"https:\/\/lapoderosagoods.com\/produkt\/soporte-para-alforjas-ambos-lados-moto-guzzi-v7-iii-negro-satinado\/#primaryimage"},"datePublished":"2021-06-25T10:04:12+00:00","dateModified":"2022-01-17T08:29:40+00:00","breadcrumb":{"@id":"https:\/\/lapoderosagoods.com\/produkt\/soporte-para-alforjas-ambos-lados-moto-guzzi-v7-iii-negro-satinado\/#breadcrumb"},"inLanguage":"de-DE","potentialAction":[{"@type":"ReadAction","target":["https:\/\/lapoderosagoods.com\/produkt\/soporte-para-alforjas-ambos-lados-moto-guzzi-v7-iii-negro-satinado\/"]}]},{"@type":"BreadcrumbList","@id":"https:\/\/lapoderosagoods.com\/produkt\/soporte-para-alforjas-ambos-lados-moto-guzzi-v7-iii-negro-satinado\/#breadcrumb","itemListElement":[{"@type":"ListItem","position":1,"name":"Portada","item":"https:\/\/lapoderosagoods.com\/"},{"@type":"ListItem","position":2,"name":"Produkte","item":"https:\/\/lapoderosagoods.com\/de\/produkte\/"},{"@type":"ListItem","position":3,"name":"Satteltaschenhalterung (einseitig) Moto-Guzzi V7 Satin Black"}]}]}},"_links":{"self":[{"href":"https:\/\/lapoderosagoods.com\/de\/wp-json\/wp\/v2\/product\/9427"}],"collection":[{"href":"https:\/\/lapoderosagoods.com\/de\/wp-json\/wp\/v2\/product"}],"about":[{"href":"https:\/\/lapoderosagoods.com\/de\/wp-json\/wp\/v2\/types\/product"}],"replies":[{"embeddable":true,"href":"https:\/\/lapoderosagoods.com\/de\/wp-json\/wp\/v2\/comments?post=9427"}],"wp:featuredmedia":[{"embeddable":true,"href":"https:\/\/lapoderosagoods.com\/de\/wp-json\/wp\/v2\/media\/10076"}],"wp:attachment":[{"href":"https:\/\/lapoderosagoods.com\/de\/wp-json\/wp\/v2\/media?parent=9427"}],"wp:term":[{"taxonomy":"product_cat","embeddable":true,"href":"https:\/\/lapoderosagoods.com\/de\/wp-json\/wp\/v2\/product_cat?post=9427"},{"taxonomy":"product_tag","embeddable":true,"href":"https:\/\/lapoderosagoods.com\/de\/wp-json\/wp\/v2\/product_tag?post=9427"}],"curies":[{"name":"wp","href":"https:\/\/api.w.org\/{rel}","templated":true}]}}