{"id":9415,"date":"2021-06-25T12:04:51","date_gmt":"2021-06-25T10:04:51","guid":{"rendered":"https:\/\/lapoderosagoods.spainmotoexperiences.es\/producto\/satteltaschenhalter-fur-bmw-r1200gs-lc-r-1250-gs-satin-black-linke-seite\/"},"modified":"2023-04-13T17:17:35","modified_gmt":"2023-04-13T15:17:35","slug":"satteltaschenhalter-fur-bmw-r1200gs-lc-r-1250-gs-satin-black-beide-seiten","status":"publish","type":"product","link":"https:\/\/lapoderosagoods.com\/de\/produkt\/satteltaschenhalter-fur-bmw-r1200gs-lc-r-1250-gs-satin-black-beide-seiten\/","title":{"rendered":"Satteltaschenhalter f\u00fcr Bmw R1200gs LC \/ R 1250 gs satin black beide Seiten"},"content":{"rendered":"<div class=\"product-single__description rte\">\n<p class=\"s3\"><span class=\"s2\">Stahlrahmen in Satin Black Finish f\u00fcr BMW R1200 gs lc \/ R1250 gs beide Seiten.<\/span><\/p>\n<p class=\"s3\"><span class=\"s2\">\u00a0Zum anschrauben an den hinteren rahmen und die fuBrasten<\/span><\/p>\n<p class=\"s3\"><span class=\"s2\">Eingebrannte Oberfl\u00e4che mit hochbest\u00e4ndiger Epoxidfarbe.<\/span><\/p>\n<p class=\"s3\"><span class=\"s2\">\u00a0Klassic\u00a0<\/span><span class=\"s2\">\u00a0und minimalistisch, perfekt auch mit der entfernten Seitentasche.<\/span><\/p>\n<p class=\"s3\"><span class=\"s2\">Sehr solide Struktur f\u00fcr Lasten von bis zu 10 kg pro Tasche.<\/span><\/p>\n<p class=\"s3\"><span class=\"s2\">* Kompatibel mit folgenden Modellen:<\/span><\/p>\n<p class=\"s3\"><span class=\"s2\">R1200 g LC<\/span><\/p>\n<p class=\"s3\"><span class=\"s2\">R1200 gs ADV LC<\/span><\/p>\n<p class=\"s3\"><span class=\"s2\">R1250 g\u00a0<\/span><\/p>\n<p class=\"s3\"><span class=\"s2\">R1250 g ADV<\/span><\/p>\n<\/div>\n","protected":false},"excerpt":{"rendered":"<p>Stahlrahmen in Satin Black Finish f\u00fcr BMW R1200 gs lc \/ R1250 gs beide Seiten. \u00a0Zum anschrauben an den hinteren rahmen und die fuBrasten Eingebrannte Oberfl\u00e4che mit hochbest\u00e4ndiger Epoxidfarbe. \u00a0Klassic\u00a0\u00a0und minimalistisch, perfekt auch mit der entfernten Seitentasche. Sehr solide Struktur f\u00fcr Lasten von bis zu 10 kg pro Tasche. * Kompatibel mit folgenden Modellen: R1200 [&#8230;]\n","protected":false},"featured_media":7908,"comment_status":"closed","ping_status":"closed","template":"","meta":{"spay_email":""},"product_cat":[696,128,96],"product_tag":[254],"yoast_head":"<!-- This site is optimized with the Yoast SEO plugin v16.8 - https:\/\/yoast.com\/wordpress\/plugins\/seo\/ -->\n<title>Satteltaschenhalter f\u00fcr Bmw R1200gs LC \/ R 1250 gs satin black beide Seiten - La Poderosa Goods - Satteltaschen, Gep\u00e4ck und Premium-Motorradzubeh\u00f6r<\/title>\n<meta name=\"robots\" content=\"index, follow, max-snippet:-1, max-image-preview:large, max-video-preview:-1\" \/>\n<link rel=\"canonical\" href=\"https:\/\/lapoderosagoods.com\/de\/produkt\/soporte-para-alforja-bmw-r1200gs-lc-r-1250-gs-negro-satinado-ambos-lados\/\" \/>\n<meta property=\"og:locale\" content=\"de_DE\" \/>\n<meta property=\"og:type\" content=\"article\" \/>\n<meta property=\"og:title\" content=\"Satteltaschenhalter f\u00fcr Bmw R1200gs LC \/ R 1250 gs satin black beide Seiten - La Poderosa Goods - Satteltaschen, Gep\u00e4ck und Premium-Motorradzubeh\u00f6r\" \/>\n<meta property=\"og:description\" content=\"Stahlrahmen in Satin Black Finish f\u00fcr BMW R1200 gs lc \/ R1250 gs beide Seiten. \u00a0Zum anschrauben an den hinteren rahmen und die fuBrasten Eingebrannte Oberfl\u00e4che mit hochbest\u00e4ndiger Epoxidfarbe. \u00a0Klassic\u00a0\u00a0und minimalistisch, perfekt auch mit der entfernten Seitentasche. Sehr solide Struktur f\u00fcr Lasten von bis zu 10 kg pro Tasche. * Kompatibel mit folgenden Modellen: R1200 [...]\" \/>\n<meta property=\"og:url\" content=\"https:\/\/lapoderosagoods.com\/produkt\/soporte-para-alforja-bmw-r1200gs-lc-r-1250-gs-negro-satinado-ambos-lados\/\" \/>\n<meta property=\"og:site_name\" content=\"La Poderosa Goods - Satteltaschen, Gep\u00e4ck und Premium-Motorradzubeh\u00f6r\" \/>\n<meta property=\"article:modified_time\" content=\"2023-04-13T15:17:35+00:00\" \/>\n<meta property=\"og:image\" content=\"https:\/\/lapoderosagoods.com\/wp-content\/uploads\/2021\/06\/IMG_8132-1067x800.jpg\" \/>\n\t<meta property=\"og:image:width\" content=\"1067\" \/>\n\t<meta property=\"og:image:height\" content=\"800\" \/>\n<meta name=\"twitter:card\" content=\"summary_large_image\" \/>\n<script type=\"application\/ld+json\" class=\"yoast-schema-graph\">{\"@context\":\"https:\/\/schema.org\",\"@graph\":[{\"@type\":\"Organization\",\"@id\":\"https:\/\/lapoderosagoods.com\/#organization\",\"name\":\"La Poderosa Classic Goods\",\"url\":\"https:\/\/lapoderosagoods.com\/\",\"sameAs\":[],\"logo\":{\"@type\":\"ImageObject\",\"@id\":\"https:\/\/lapoderosagoods.com\/#logo\",\"inLanguage\":\"de-DE\",\"url\":\"https:\/\/lapoderosagoods.com\/wp-content\/uploads\/2019\/10\/poderosa.png\",\"contentUrl\":\"https:\/\/lapoderosagoods.com\/wp-content\/uploads\/2019\/10\/poderosa.png\",\"width\":290,\"height\":209,\"caption\":\"La Poderosa Classic Goods\"},\"image\":{\"@id\":\"https:\/\/lapoderosagoods.com\/#logo\"}},{\"@type\":\"WebSite\",\"@id\":\"https:\/\/lapoderosagoods.com\/#website\",\"url\":\"https:\/\/lapoderosagoods.com\/\",\"name\":\"La Poderosa Goods - Satteltaschen, Gep\\u00e4ck und Premium-Motorradzubeh\\u00f6r\",\"description\":\"Gep\\u00e4ck, St\\u00e4nder, Satteltaschen und Zubeh\\u00f6r f\\u00fcr Klassiker, Caf\\u00e9 Racer oder Adventure Bikes. \",\"publisher\":{\"@id\":\"https:\/\/lapoderosagoods.com\/#organization\"},\"potentialAction\":[{\"@type\":\"SearchAction\",\"target\":{\"@type\":\"EntryPoint\",\"urlTemplate\":\"https:\/\/lapoderosagoods.com\/?s={search_term_string}\"},\"query-input\":\"required name=search_term_string\"}],\"inLanguage\":\"de-DE\"},{\"@type\":\"ImageObject\",\"@id\":\"https:\/\/lapoderosagoods.com\/produkt\/soporte-para-alforja-bmw-r1200gs-lc-r-1250-gs-negro-satinado-ambos-lados\/#primaryimage\",\"inLanguage\":\"de-DE\",\"url\":\"https:\/\/lapoderosagoods.com\/wp-content\/uploads\/2021\/06\/IMG_8132.jpg\",\"contentUrl\":\"https:\/\/lapoderosagoods.com\/wp-content\/uploads\/2021\/06\/IMG_8132.jpg\",\"width\":4032,\"height\":3024},{\"@type\":\"WebPage\",\"@id\":\"https:\/\/lapoderosagoods.com\/produkt\/soporte-para-alforja-bmw-r1200gs-lc-r-1250-gs-negro-satinado-ambos-lados\/#webpage\",\"url\":\"https:\/\/lapoderosagoods.com\/produkt\/soporte-para-alforja-bmw-r1200gs-lc-r-1250-gs-negro-satinado-ambos-lados\/\",\"name\":\"Satteltaschenhalter f\\u00fcr Bmw R1200gs LC \/ R 1250 gs satin black beide Seiten - La Poderosa Goods - Satteltaschen, Gep\\u00e4ck und Premium-Motorradzubeh\\u00f6r\",\"isPartOf\":{\"@id\":\"https:\/\/lapoderosagoods.com\/#website\"},\"primaryImageOfPage\":{\"@id\":\"https:\/\/lapoderosagoods.com\/produkt\/soporte-para-alforja-bmw-r1200gs-lc-r-1250-gs-negro-satinado-ambos-lados\/#primaryimage\"},\"datePublished\":\"2021-06-25T10:04:51+00:00\",\"dateModified\":\"2023-04-13T15:17:35+00:00\",\"breadcrumb\":{\"@id\":\"https:\/\/lapoderosagoods.com\/produkt\/soporte-para-alforja-bmw-r1200gs-lc-r-1250-gs-negro-satinado-ambos-lados\/#breadcrumb\"},\"inLanguage\":\"de-DE\",\"potentialAction\":[{\"@type\":\"ReadAction\",\"target\":[\"https:\/\/lapoderosagoods.com\/produkt\/soporte-para-alforja-bmw-r1200gs-lc-r-1250-gs-negro-satinado-ambos-lados\/\"]}]},{\"@type\":\"BreadcrumbList\",\"@id\":\"https:\/\/lapoderosagoods.com\/produkt\/soporte-para-alforja-bmw-r1200gs-lc-r-1250-gs-negro-satinado-ambos-lados\/#breadcrumb\",\"itemListElement\":[{\"@type\":\"ListItem\",\"position\":1,\"name\":\"Portada\",\"item\":\"https:\/\/lapoderosagoods.com\/\"},{\"@type\":\"ListItem\",\"position\":2,\"name\":\"Produkte\",\"item\":\"https:\/\/lapoderosagoods.com\/de\/produkte\/\"},{\"@type\":\"ListItem\",\"position\":3,\"name\":\"Satteltaschenhalter f\\u00fcr Bmw R1200gs LC \/ R 1250 gs satin black beide Seiten\"}]}]}<\/script>\n<!-- \/ Yoast SEO plugin. -->","yoast_head_json":{"title":"Satteltaschenhalter f\u00fcr Bmw R1200gs LC \/ R 1250 gs satin black beide Seiten - La Poderosa Goods - Satteltaschen, Gep\u00e4ck und Premium-Motorradzubeh\u00f6r","robots":{"index":"index","follow":"follow","max-snippet":"max-snippet:-1","max-image-preview":"max-image-preview:large","max-video-preview":"max-video-preview:-1"},"canonical":"https:\/\/lapoderosagoods.com\/de\/produkt\/soporte-para-alforja-bmw-r1200gs-lc-r-1250-gs-negro-satinado-ambos-lados\/","og_locale":"de_DE","og_type":"article","og_title":"Satteltaschenhalter f\u00fcr Bmw R1200gs LC \/ R 1250 gs satin black beide Seiten - La Poderosa Goods - Satteltaschen, Gep\u00e4ck und Premium-Motorradzubeh\u00f6r","og_description":"Stahlrahmen in Satin Black Finish f\u00fcr BMW R1200 gs lc \/ R1250 gs beide Seiten. \u00a0Zum anschrauben an den hinteren rahmen und die fuBrasten Eingebrannte Oberfl\u00e4che mit hochbest\u00e4ndiger Epoxidfarbe. \u00a0Klassic\u00a0\u00a0und minimalistisch, perfekt auch mit der entfernten Seitentasche. Sehr solide Struktur f\u00fcr Lasten von bis zu 10 kg pro Tasche. * Kompatibel mit folgenden Modellen: R1200 [...]","og_url":"https:\/\/lapoderosagoods.com\/produkt\/soporte-para-alforja-bmw-r1200gs-lc-r-1250-gs-negro-satinado-ambos-lados\/","og_site_name":"La Poderosa Goods - Satteltaschen, Gep\u00e4ck und Premium-Motorradzubeh\u00f6r","article_modified_time":"2023-04-13T15:17:35+00:00","og_image":[{"width":1067,"height":800,"path":"2021\/06\/IMG_8132-1067x800.jpg","url":"https:\/\/lapoderosagoods.com\/wp-content\/uploads\/2021\/06\/IMG_8132-1067x800.jpg","size":"large","id":7908,"alt":"","pixels":853600,"type":"image\/jpeg"}],"twitter_card":"summary_large_image","schema":{"@context":"https:\/\/schema.org","@graph":[{"@type":"Organization","@id":"https:\/\/lapoderosagoods.com\/#organization","name":"La Poderosa Classic Goods","url":"https:\/\/lapoderosagoods.com\/","sameAs":[],"logo":{"@type":"ImageObject","@id":"https:\/\/lapoderosagoods.com\/#logo","inLanguage":"de-DE","url":"https:\/\/lapoderosagoods.com\/wp-content\/uploads\/2019\/10\/poderosa.png","contentUrl":"https:\/\/lapoderosagoods.com\/wp-content\/uploads\/2019\/10\/poderosa.png","width":290,"height":209,"caption":"La Poderosa Classic Goods"},"image":{"@id":"https:\/\/lapoderosagoods.com\/#logo"}},{"@type":"WebSite","@id":"https:\/\/lapoderosagoods.com\/#website","url":"https:\/\/lapoderosagoods.com\/","name":"La Poderosa Goods - Satteltaschen, Gep\u00e4ck und Premium-Motorradzubeh\u00f6r","description":"Gep\u00e4ck, St\u00e4nder, Satteltaschen und Zubeh\u00f6r f\u00fcr Klassiker, Caf\u00e9 Racer oder Adventure Bikes. ","publisher":{"@id":"https:\/\/lapoderosagoods.com\/#organization"},"potentialAction":[{"@type":"SearchAction","target":{"@type":"EntryPoint","urlTemplate":"https:\/\/lapoderosagoods.com\/?s={search_term_string}"},"query-input":"required name=search_term_string"}],"inLanguage":"de-DE"},{"@type":"ImageObject","@id":"https:\/\/lapoderosagoods.com\/produkt\/soporte-para-alforja-bmw-r1200gs-lc-r-1250-gs-negro-satinado-ambos-lados\/#primaryimage","inLanguage":"de-DE","url":"https:\/\/lapoderosagoods.com\/wp-content\/uploads\/2021\/06\/IMG_8132.jpg","contentUrl":"https:\/\/lapoderosagoods.com\/wp-content\/uploads\/2021\/06\/IMG_8132.jpg","width":4032,"height":3024},{"@type":"WebPage","@id":"https:\/\/lapoderosagoods.com\/produkt\/soporte-para-alforja-bmw-r1200gs-lc-r-1250-gs-negro-satinado-ambos-lados\/#webpage","url":"https:\/\/lapoderosagoods.com\/produkt\/soporte-para-alforja-bmw-r1200gs-lc-r-1250-gs-negro-satinado-ambos-lados\/","name":"Satteltaschenhalter f\u00fcr Bmw R1200gs LC \/ R 1250 gs satin black beide Seiten - La Poderosa Goods - Satteltaschen, Gep\u00e4ck und Premium-Motorradzubeh\u00f6r","isPartOf":{"@id":"https:\/\/lapoderosagoods.com\/#website"},"primaryImageOfPage":{"@id":"https:\/\/lapoderosagoods.com\/produkt\/soporte-para-alforja-bmw-r1200gs-lc-r-1250-gs-negro-satinado-ambos-lados\/#primaryimage"},"datePublished":"2021-06-25T10:04:51+00:00","dateModified":"2023-04-13T15:17:35+00:00","breadcrumb":{"@id":"https:\/\/lapoderosagoods.com\/produkt\/soporte-para-alforja-bmw-r1200gs-lc-r-1250-gs-negro-satinado-ambos-lados\/#breadcrumb"},"inLanguage":"de-DE","potentialAction":[{"@type":"ReadAction","target":["https:\/\/lapoderosagoods.com\/produkt\/soporte-para-alforja-bmw-r1200gs-lc-r-1250-gs-negro-satinado-ambos-lados\/"]}]},{"@type":"BreadcrumbList","@id":"https:\/\/lapoderosagoods.com\/produkt\/soporte-para-alforja-bmw-r1200gs-lc-r-1250-gs-negro-satinado-ambos-lados\/#breadcrumb","itemListElement":[{"@type":"ListItem","position":1,"name":"Portada","item":"https:\/\/lapoderosagoods.com\/"},{"@type":"ListItem","position":2,"name":"Produkte","item":"https:\/\/lapoderosagoods.com\/de\/produkte\/"},{"@type":"ListItem","position":3,"name":"Satteltaschenhalter f\u00fcr Bmw R1200gs LC \/ R 1250 gs satin black beide Seiten"}]}]}},"_links":{"self":[{"href":"https:\/\/lapoderosagoods.com\/de\/wp-json\/wp\/v2\/product\/9415"}],"collection":[{"href":"https:\/\/lapoderosagoods.com\/de\/wp-json\/wp\/v2\/product"}],"about":[{"href":"https:\/\/lapoderosagoods.com\/de\/wp-json\/wp\/v2\/types\/product"}],"replies":[{"embeddable":true,"href":"https:\/\/lapoderosagoods.com\/de\/wp-json\/wp\/v2\/comments?post=9415"}],"wp:featuredmedia":[{"embeddable":true,"href":"https:\/\/lapoderosagoods.com\/de\/wp-json\/wp\/v2\/media\/7908"}],"wp:attachment":[{"href":"https:\/\/lapoderosagoods.com\/de\/wp-json\/wp\/v2\/media?parent=9415"}],"wp:term":[{"taxonomy":"product_cat","embeddable":true,"href":"https:\/\/lapoderosagoods.com\/de\/wp-json\/wp\/v2\/product_cat?post=9415"},{"taxonomy":"product_tag","embeddable":true,"href":"https:\/\/lapoderosagoods.com\/de\/wp-json\/wp\/v2\/product_tag?post=9415"}],"curies":[{"name":"wp","href":"https:\/\/api.w.org\/{rel}","templated":true}]}}