{"id":9408,"date":"2021-06-25T12:04:54","date_gmt":"2021-06-25T10:04:54","guid":{"rendered":"https:\/\/lapoderosagoods.spainmotoexperiences.es\/producto\/satteltaschenhalterung-r100-gs-r80-gs-chrom\/"},"modified":"2022-01-17T10:29:39","modified_gmt":"2022-01-17T08:29:39","slug":"satteltaschenhalterung-r100-gs-r80-gs-chrom","status":"publish","type":"product","link":"https:\/\/lapoderosagoods.com\/de\/produkt\/satteltaschenhalterung-r100-gs-r80-gs-chrom\/","title":{"rendered":"Satteltaschenhalterung R100 gs \/ r80 gs Chrom"},"content":{"rendered":"<div class=\"product-single__description rte\">\n<p class=\"s3\"><span class=\"s2\"><span>Stahlrahmen in Chrom-Finish f\u00fcr BMW R100 gs \/ R80 gs\u00a0<\/span><\/span><\/p>\n<p class=\"s3\"><span class=\"s2\"><span>\u00a0Dise <\/span><\/span><span class=\"s2\"><span>\u00f1 <\/span><\/span><span class=\"s2\"><span>ado zum Anschrauben des hinteren Hilfsrahmens, nur auf der rechten Seite, <\/span><\/span><span class=\"s2\"><span>mit zwei Schrauben.<\/span><\/span><\/p>\n<p class=\"s3\"><span class=\"s2\"><span>Hochbest\u00e4ndiges verchromtes Finish\u00a0 <\/span><\/span><span class=\"s2\"><span>\u00a0.<\/span><\/span><\/p>\n<p class=\"s3\"><span class=\"s2\"><span>Cl-Stil <\/span><\/span><span class=\"s2\"><span>nach <\/span><\/span><span class=\"s2\"><span>Sico und minimalistisch, perfekt auch mit der entfernten Seitentasche.<\/span><\/span><\/p>\n<p class=\"s3\"><span class=\"s2\"><span>Sehr solide Struktur f\u00fcr Lasten von bis zu 6 kg pro Tasche.<\/span><\/span><\/p>\n<p class=\"s3\"><span class=\"s2\"><span>* Kompatibel mit folgenden Modellen:<\/span><\/span><\/p>\n<p class=\"s3\"><span class=\"s2\"><span>R80 gs\u00a0<\/span><\/span><\/p>\n<p class=\"s3\"><span class=\"s2\"><span>R100 g<\/span><\/span><\/p>\n<\/div>\n","protected":false},"excerpt":{"rendered":"<p>Stahlrahmen in Chrom-Finish f\u00fcr BMW R100 gs \/ R80 gs\u00a0 \u00a0Dise \u00f1 ado zum Anschrauben des hinteren Hilfsrahmens, nur auf der rechten Seite, mit zwei Schrauben. Hochbest\u00e4ndiges verchromtes Finish\u00a0 \u00a0. Cl-Stil nach Sico und minimalistisch, perfekt auch mit der entfernten Seitentasche. Sehr solide Struktur f\u00fcr Lasten von bis zu 6 kg pro Tasche. * Kompatibel [&#8230;]\n","protected":false},"featured_media":7944,"comment_status":"closed","ping_status":"closed","template":"","meta":{"spay_email":""},"product_cat":[696,128,96],"product_tag":[249],"yoast_head":"<!-- This site is optimized with the Yoast SEO plugin v16.8 - https:\/\/yoast.com\/wordpress\/plugins\/seo\/ -->\n<title>Satteltaschenhalterung R100 gs \/ r80 gs Chrom - La Poderosa Goods - Satteltaschen, Gep\u00e4ck und Premium-Motorradzubeh\u00f6r<\/title>\n<meta name=\"robots\" content=\"index, follow, max-snippet:-1, max-image-preview:large, max-video-preview:-1\" \/>\n<link rel=\"canonical\" href=\"https:\/\/lapoderosagoods.com\/de\/produkt\/soporte-para-alforja-r100-gs-r80-gs-cromado\/\" \/>\n<meta property=\"og:locale\" content=\"de_DE\" \/>\n<meta property=\"og:type\" content=\"article\" \/>\n<meta property=\"og:title\" content=\"Satteltaschenhalterung R100 gs \/ r80 gs Chrom - La Poderosa Goods - Satteltaschen, Gep\u00e4ck und Premium-Motorradzubeh\u00f6r\" \/>\n<meta property=\"og:description\" content=\"Stahlrahmen in Chrom-Finish f\u00fcr BMW R100 gs \/ R80 gs\u00a0 \u00a0Dise \u00f1 ado zum Anschrauben des hinteren Hilfsrahmens, nur auf der rechten Seite, mit zwei Schrauben. Hochbest\u00e4ndiges verchromtes Finish\u00a0 \u00a0. Cl-Stil nach Sico und minimalistisch, perfekt auch mit der entfernten Seitentasche. Sehr solide Struktur f\u00fcr Lasten von bis zu 6 kg pro Tasche. * Kompatibel [...]\" \/>\n<meta property=\"og:url\" content=\"https:\/\/lapoderosagoods.com\/produkt\/soporte-para-alforja-r100-gs-r80-gs-cromado\/\" \/>\n<meta property=\"og:site_name\" content=\"La Poderosa Goods - Satteltaschen, Gep\u00e4ck und Premium-Motorradzubeh\u00f6r\" \/>\n<meta property=\"article:modified_time\" content=\"2022-01-17T08:29:39+00:00\" \/>\n<meta property=\"og:image\" content=\"https:\/\/lapoderosagoods.com\/wp-content\/uploads\/2021\/06\/2471E537-6130-4FBD-B7BA-3737C596EBE8.jpg\" \/>\n\t<meta property=\"og:image:width\" content=\"1440\" \/>\n\t<meta property=\"og:image:height\" content=\"1440\" \/>\n<meta name=\"twitter:card\" content=\"summary_large_image\" \/>\n<script type=\"application\/ld+json\" class=\"yoast-schema-graph\">{\"@context\":\"https:\/\/schema.org\",\"@graph\":[{\"@type\":\"Organization\",\"@id\":\"https:\/\/lapoderosagoods.com\/#organization\",\"name\":\"La Poderosa Classic Goods\",\"url\":\"https:\/\/lapoderosagoods.com\/\",\"sameAs\":[],\"logo\":{\"@type\":\"ImageObject\",\"@id\":\"https:\/\/lapoderosagoods.com\/#logo\",\"inLanguage\":\"de-DE\",\"url\":\"https:\/\/lapoderosagoods.com\/wp-content\/uploads\/2019\/10\/poderosa.png\",\"contentUrl\":\"https:\/\/lapoderosagoods.com\/wp-content\/uploads\/2019\/10\/poderosa.png\",\"width\":290,\"height\":209,\"caption\":\"La Poderosa Classic Goods\"},\"image\":{\"@id\":\"https:\/\/lapoderosagoods.com\/#logo\"}},{\"@type\":\"WebSite\",\"@id\":\"https:\/\/lapoderosagoods.com\/#website\",\"url\":\"https:\/\/lapoderosagoods.com\/\",\"name\":\"La Poderosa Goods - Satteltaschen, Gep\\u00e4ck und Premium-Motorradzubeh\\u00f6r\",\"description\":\"Gep\\u00e4ck, St\\u00e4nder, Satteltaschen und Zubeh\\u00f6r f\\u00fcr Klassiker, Caf\\u00e9 Racer oder Adventure Bikes. \",\"publisher\":{\"@id\":\"https:\/\/lapoderosagoods.com\/#organization\"},\"potentialAction\":[{\"@type\":\"SearchAction\",\"target\":{\"@type\":\"EntryPoint\",\"urlTemplate\":\"https:\/\/lapoderosagoods.com\/?s={search_term_string}\"},\"query-input\":\"required name=search_term_string\"}],\"inLanguage\":\"de-DE\"},{\"@type\":\"ImageObject\",\"@id\":\"https:\/\/lapoderosagoods.com\/produkt\/soporte-para-alforja-r100-gs-r80-gs-cromado\/#primaryimage\",\"inLanguage\":\"de-DE\",\"url\":\"https:\/\/lapoderosagoods.com\/wp-content\/uploads\/2021\/06\/2471E537-6130-4FBD-B7BA-3737C596EBE8.jpg\",\"contentUrl\":\"https:\/\/lapoderosagoods.com\/wp-content\/uploads\/2021\/06\/2471E537-6130-4FBD-B7BA-3737C596EBE8.jpg\",\"width\":1440,\"height\":1440},{\"@type\":\"WebPage\",\"@id\":\"https:\/\/lapoderosagoods.com\/produkt\/soporte-para-alforja-r100-gs-r80-gs-cromado\/#webpage\",\"url\":\"https:\/\/lapoderosagoods.com\/produkt\/soporte-para-alforja-r100-gs-r80-gs-cromado\/\",\"name\":\"Satteltaschenhalterung R100 gs \/ r80 gs Chrom - La Poderosa Goods - Satteltaschen, Gep\\u00e4ck und Premium-Motorradzubeh\\u00f6r\",\"isPartOf\":{\"@id\":\"https:\/\/lapoderosagoods.com\/#website\"},\"primaryImageOfPage\":{\"@id\":\"https:\/\/lapoderosagoods.com\/produkt\/soporte-para-alforja-r100-gs-r80-gs-cromado\/#primaryimage\"},\"datePublished\":\"2021-06-25T10:04:54+00:00\",\"dateModified\":\"2022-01-17T08:29:39+00:00\",\"breadcrumb\":{\"@id\":\"https:\/\/lapoderosagoods.com\/produkt\/soporte-para-alforja-r100-gs-r80-gs-cromado\/#breadcrumb\"},\"inLanguage\":\"de-DE\",\"potentialAction\":[{\"@type\":\"ReadAction\",\"target\":[\"https:\/\/lapoderosagoods.com\/produkt\/soporte-para-alforja-r100-gs-r80-gs-cromado\/\"]}]},{\"@type\":\"BreadcrumbList\",\"@id\":\"https:\/\/lapoderosagoods.com\/produkt\/soporte-para-alforja-r100-gs-r80-gs-cromado\/#breadcrumb\",\"itemListElement\":[{\"@type\":\"ListItem\",\"position\":1,\"name\":\"Portada\",\"item\":\"https:\/\/lapoderosagoods.com\/\"},{\"@type\":\"ListItem\",\"position\":2,\"name\":\"Produkte\",\"item\":\"https:\/\/lapoderosagoods.com\/de\/produkte\/\"},{\"@type\":\"ListItem\",\"position\":3,\"name\":\"Satteltaschenhalterung R100 gs \/ r80 gs Chrom\"}]}]}<\/script>\n<!-- \/ Yoast SEO plugin. -->","yoast_head_json":{"title":"Satteltaschenhalterung R100 gs \/ r80 gs Chrom - La Poderosa Goods - Satteltaschen, Gep\u00e4ck und Premium-Motorradzubeh\u00f6r","robots":{"index":"index","follow":"follow","max-snippet":"max-snippet:-1","max-image-preview":"max-image-preview:large","max-video-preview":"max-video-preview:-1"},"canonical":"https:\/\/lapoderosagoods.com\/de\/produkt\/soporte-para-alforja-r100-gs-r80-gs-cromado\/","og_locale":"de_DE","og_type":"article","og_title":"Satteltaschenhalterung R100 gs \/ r80 gs Chrom - La Poderosa Goods - Satteltaschen, Gep\u00e4ck und Premium-Motorradzubeh\u00f6r","og_description":"Stahlrahmen in Chrom-Finish f\u00fcr BMW R100 gs \/ R80 gs\u00a0 \u00a0Dise \u00f1 ado zum Anschrauben des hinteren Hilfsrahmens, nur auf der rechten Seite, mit zwei Schrauben. Hochbest\u00e4ndiges verchromtes Finish\u00a0 \u00a0. Cl-Stil nach Sico und minimalistisch, perfekt auch mit der entfernten Seitentasche. Sehr solide Struktur f\u00fcr Lasten von bis zu 6 kg pro Tasche. * Kompatibel [...]","og_url":"https:\/\/lapoderosagoods.com\/produkt\/soporte-para-alforja-r100-gs-r80-gs-cromado\/","og_site_name":"La Poderosa Goods - Satteltaschen, Gep\u00e4ck und Premium-Motorradzubeh\u00f6r","article_modified_time":"2022-01-17T08:29:39+00:00","og_image":[{"width":1440,"height":1440,"url":"https:\/\/lapoderosagoods.com\/wp-content\/uploads\/2021\/06\/2471E537-6130-4FBD-B7BA-3737C596EBE8.jpg","path":"\/home\/spainmot\/lapoderosagoods\/wp-content\/uploads\/2021\/06\/2471E537-6130-4FBD-B7BA-3737C596EBE8.jpg","size":"full","id":7944,"alt":"","pixels":2073600,"type":"image\/jpeg"}],"twitter_card":"summary_large_image","schema":{"@context":"https:\/\/schema.org","@graph":[{"@type":"Organization","@id":"https:\/\/lapoderosagoods.com\/#organization","name":"La Poderosa Classic Goods","url":"https:\/\/lapoderosagoods.com\/","sameAs":[],"logo":{"@type":"ImageObject","@id":"https:\/\/lapoderosagoods.com\/#logo","inLanguage":"de-DE","url":"https:\/\/lapoderosagoods.com\/wp-content\/uploads\/2019\/10\/poderosa.png","contentUrl":"https:\/\/lapoderosagoods.com\/wp-content\/uploads\/2019\/10\/poderosa.png","width":290,"height":209,"caption":"La Poderosa Classic Goods"},"image":{"@id":"https:\/\/lapoderosagoods.com\/#logo"}},{"@type":"WebSite","@id":"https:\/\/lapoderosagoods.com\/#website","url":"https:\/\/lapoderosagoods.com\/","name":"La Poderosa Goods - Satteltaschen, Gep\u00e4ck und Premium-Motorradzubeh\u00f6r","description":"Gep\u00e4ck, St\u00e4nder, Satteltaschen und Zubeh\u00f6r f\u00fcr Klassiker, Caf\u00e9 Racer oder Adventure Bikes. ","publisher":{"@id":"https:\/\/lapoderosagoods.com\/#organization"},"potentialAction":[{"@type":"SearchAction","target":{"@type":"EntryPoint","urlTemplate":"https:\/\/lapoderosagoods.com\/?s={search_term_string}"},"query-input":"required name=search_term_string"}],"inLanguage":"de-DE"},{"@type":"ImageObject","@id":"https:\/\/lapoderosagoods.com\/produkt\/soporte-para-alforja-r100-gs-r80-gs-cromado\/#primaryimage","inLanguage":"de-DE","url":"https:\/\/lapoderosagoods.com\/wp-content\/uploads\/2021\/06\/2471E537-6130-4FBD-B7BA-3737C596EBE8.jpg","contentUrl":"https:\/\/lapoderosagoods.com\/wp-content\/uploads\/2021\/06\/2471E537-6130-4FBD-B7BA-3737C596EBE8.jpg","width":1440,"height":1440},{"@type":"WebPage","@id":"https:\/\/lapoderosagoods.com\/produkt\/soporte-para-alforja-r100-gs-r80-gs-cromado\/#webpage","url":"https:\/\/lapoderosagoods.com\/produkt\/soporte-para-alforja-r100-gs-r80-gs-cromado\/","name":"Satteltaschenhalterung R100 gs \/ r80 gs Chrom - La Poderosa Goods - Satteltaschen, Gep\u00e4ck und Premium-Motorradzubeh\u00f6r","isPartOf":{"@id":"https:\/\/lapoderosagoods.com\/#website"},"primaryImageOfPage":{"@id":"https:\/\/lapoderosagoods.com\/produkt\/soporte-para-alforja-r100-gs-r80-gs-cromado\/#primaryimage"},"datePublished":"2021-06-25T10:04:54+00:00","dateModified":"2022-01-17T08:29:39+00:00","breadcrumb":{"@id":"https:\/\/lapoderosagoods.com\/produkt\/soporte-para-alforja-r100-gs-r80-gs-cromado\/#breadcrumb"},"inLanguage":"de-DE","potentialAction":[{"@type":"ReadAction","target":["https:\/\/lapoderosagoods.com\/produkt\/soporte-para-alforja-r100-gs-r80-gs-cromado\/"]}]},{"@type":"BreadcrumbList","@id":"https:\/\/lapoderosagoods.com\/produkt\/soporte-para-alforja-r100-gs-r80-gs-cromado\/#breadcrumb","itemListElement":[{"@type":"ListItem","position":1,"name":"Portada","item":"https:\/\/lapoderosagoods.com\/"},{"@type":"ListItem","position":2,"name":"Produkte","item":"https:\/\/lapoderosagoods.com\/de\/produkte\/"},{"@type":"ListItem","position":3,"name":"Satteltaschenhalterung R100 gs \/ r80 gs Chrom"}]}]}},"_links":{"self":[{"href":"https:\/\/lapoderosagoods.com\/de\/wp-json\/wp\/v2\/product\/9408"}],"collection":[{"href":"https:\/\/lapoderosagoods.com\/de\/wp-json\/wp\/v2\/product"}],"about":[{"href":"https:\/\/lapoderosagoods.com\/de\/wp-json\/wp\/v2\/types\/product"}],"replies":[{"embeddable":true,"href":"https:\/\/lapoderosagoods.com\/de\/wp-json\/wp\/v2\/comments?post=9408"}],"wp:featuredmedia":[{"embeddable":true,"href":"https:\/\/lapoderosagoods.com\/de\/wp-json\/wp\/v2\/media\/7944"}],"wp:attachment":[{"href":"https:\/\/lapoderosagoods.com\/de\/wp-json\/wp\/v2\/media?parent=9408"}],"wp:term":[{"taxonomy":"product_cat","embeddable":true,"href":"https:\/\/lapoderosagoods.com\/de\/wp-json\/wp\/v2\/product_cat?post=9408"},{"taxonomy":"product_tag","embeddable":true,"href":"https:\/\/lapoderosagoods.com\/de\/wp-json\/wp\/v2\/product_tag?post=9408"}],"curies":[{"name":"wp","href":"https:\/\/api.w.org\/{rel}","templated":true}]}}