{"id":9356,"date":"2021-06-25T12:05:49","date_gmt":"2021-06-25T10:05:49","guid":{"rendered":"https:\/\/lapoderosagoods.spainmotoexperiences.es\/producto\/satteltaschenhalter-indian-scout-bobber-satin-black\/"},"modified":"2024-12-07T22:03:57","modified_gmt":"2024-12-07T21:03:57","slug":"satteltaschenhalter-indian-scout-bobber-satin-black","status":"publish","type":"product","link":"https:\/\/lapoderosagoods.com\/de\/produkt\/satteltaschenhalter-indian-scout-bobber-satin-black\/","title":{"rendered":"Satteltaschenhalter Indian Scout Bobber Satin Black"},"content":{"rendered":"<div class=\"product-single__description rte\">\n<p class=\"s3\"><span class=\"s2\"><span>Stahlrahmen in Satin Black Finish f\u00fcr Indian Bobber f\u00fcr 2 Satteltaschen (1 auf jeder Seite). \u00a0<\/span><\/span><\/p>\n<p class=\"s3\"><span class=\"s2\"><span>Teile entwerfen <\/span><\/span><span class=\"s2\"><span>\u00f1 <\/span><\/span><span class=\"s2\"><span>Tupeln f\u00fcr mich von jedem Modell Indian Scout Bobber auf den Heckrahmen Einschrauben \u00a0 <\/span><\/span><span class=\"s2\"><span>von Schrauben.\u00a0<\/span><\/span><\/p>\n<p class=\"s3\"><span class=\"s2\"><span>Finish <\/span><\/span><span><span class=\"s2\">Lackofen <\/span><span class=\"s2\">ep <\/span><\/span><span class=\"s2\"><span>oder <\/span><\/span><span class=\"s2\"><span>xica hochfest.<\/span><\/span><\/p>\n<p class=\"s3\"><span class=\"s2\"><span>Cl-Stil <\/span><\/span><span class=\"s2\"><span>nach <\/span><\/span><span class=\"s2\"><span>Sico und minimalistisch, perfekt auch mit der entfernten Seitentasche.<\/span><\/span><\/p>\n<p class=\"s3\"><span class=\"s2\"><span>Sehr solide Struktur f\u00fcr Lasten von bis zu 6 kg pro Tasche.<\/span><\/span><\/p>\n<p class=\"s3\"><span class=\"s2\"><span>* Kompatibel mit folgenden Modellen (bitte bei der Bestellung genaues Modell und Baujahr angeben):<\/span><\/span><\/p>\n<p class=\"s3\"><span class=\"s2\"><span>\u00a0Indischer Pfadfinder Bobber\u00a0<\/span><\/span><\/p>\n<\/div>\n","protected":false},"excerpt":{"rendered":"<p>Stahlrahmen in Satin Black Finish f\u00fcr Indian Bobber f\u00fcr 2 Satteltaschen (1 auf jeder Seite). \u00a0 Teile entwerfen \u00f1 Tupeln f\u00fcr mich von jedem Modell Indian Scout Bobber auf den Heckrahmen Einschrauben \u00a0 von Schrauben.\u00a0 Finish Lackofen ep oder xica hochfest. Cl-Stil nach Sico und minimalistisch, perfekt auch mit der entfernten Seitentasche. Sehr solide Struktur [&#8230;]\n","protected":false},"featured_media":8363,"comment_status":"closed","ping_status":"closed","template":"","meta":{"spay_email":""},"product_cat":[720,137,96],"product_tag":[280],"yoast_head":"<!-- This site is optimized with the Yoast SEO plugin v16.8 - https:\/\/yoast.com\/wordpress\/plugins\/seo\/ -->\n<title>Satteltaschenhalter Indian Scout Bobber Satin Black - La Poderosa Goods - Satteltaschen, Gep\u00e4ck und Premium-Motorradzubeh\u00f6r<\/title>\n<meta name=\"robots\" content=\"index, follow, max-snippet:-1, max-image-preview:large, max-video-preview:-1\" \/>\n<link rel=\"canonical\" href=\"https:\/\/lapoderosagoods.com\/de\/produkt\/soporte-para-alforjas-indian-scout-bobber-negro-satinado\/\" \/>\n<meta property=\"og:locale\" content=\"de_DE\" \/>\n<meta property=\"og:type\" content=\"article\" \/>\n<meta property=\"og:title\" content=\"Satteltaschenhalter Indian Scout Bobber Satin Black - La Poderosa Goods - Satteltaschen, Gep\u00e4ck und Premium-Motorradzubeh\u00f6r\" \/>\n<meta property=\"og:description\" content=\"Stahlrahmen in Satin Black Finish f\u00fcr Indian Bobber f\u00fcr 2 Satteltaschen (1 auf jeder Seite). \u00a0 Teile entwerfen \u00f1 Tupeln f\u00fcr mich von jedem Modell Indian Scout Bobber auf den Heckrahmen Einschrauben \u00a0 von Schrauben.\u00a0 Finish Lackofen ep oder xica hochfest. Cl-Stil nach Sico und minimalistisch, perfekt auch mit der entfernten Seitentasche. Sehr solide Struktur [...]\" \/>\n<meta property=\"og:url\" content=\"https:\/\/lapoderosagoods.com\/produkt\/soporte-para-alforjas-indian-scout-bobber-negro-satinado\/\" \/>\n<meta property=\"og:site_name\" content=\"La Poderosa Goods - Satteltaschen, Gep\u00e4ck und Premium-Motorradzubeh\u00f6r\" \/>\n<meta property=\"article:modified_time\" content=\"2024-12-07T21:03:57+00:00\" \/>\n<meta property=\"og:image\" content=\"https:\/\/lapoderosagoods.com\/wp-content\/uploads\/2021\/06\/indianbobbersoporteRHS-1067x800.jpg\" \/>\n\t<meta property=\"og:image:width\" content=\"1067\" \/>\n\t<meta property=\"og:image:height\" content=\"800\" \/>\n<meta name=\"twitter:card\" content=\"summary_large_image\" \/>\n<script type=\"application\/ld+json\" class=\"yoast-schema-graph\">{\"@context\":\"https:\/\/schema.org\",\"@graph\":[{\"@type\":\"Organization\",\"@id\":\"https:\/\/lapoderosagoods.com\/#organization\",\"name\":\"La Poderosa Classic Goods\",\"url\":\"https:\/\/lapoderosagoods.com\/\",\"sameAs\":[],\"logo\":{\"@type\":\"ImageObject\",\"@id\":\"https:\/\/lapoderosagoods.com\/#logo\",\"inLanguage\":\"de-DE\",\"url\":\"https:\/\/lapoderosagoods.com\/wp-content\/uploads\/2019\/10\/poderosa.png\",\"contentUrl\":\"https:\/\/lapoderosagoods.com\/wp-content\/uploads\/2019\/10\/poderosa.png\",\"width\":290,\"height\":209,\"caption\":\"La Poderosa Classic Goods\"},\"image\":{\"@id\":\"https:\/\/lapoderosagoods.com\/#logo\"}},{\"@type\":\"WebSite\",\"@id\":\"https:\/\/lapoderosagoods.com\/#website\",\"url\":\"https:\/\/lapoderosagoods.com\/\",\"name\":\"La Poderosa Goods - Satteltaschen, Gep\\u00e4ck und Premium-Motorradzubeh\\u00f6r\",\"description\":\"Gep\\u00e4ck, St\\u00e4nder, Satteltaschen und Zubeh\\u00f6r f\\u00fcr Klassiker, Caf\\u00e9 Racer oder Adventure Bikes. \",\"publisher\":{\"@id\":\"https:\/\/lapoderosagoods.com\/#organization\"},\"potentialAction\":[{\"@type\":\"SearchAction\",\"target\":{\"@type\":\"EntryPoint\",\"urlTemplate\":\"https:\/\/lapoderosagoods.com\/?s={search_term_string}\"},\"query-input\":\"required name=search_term_string\"}],\"inLanguage\":\"de-DE\"},{\"@type\":\"ImageObject\",\"@id\":\"https:\/\/lapoderosagoods.com\/produkt\/soporte-para-alforjas-indian-scout-bobber-negro-satinado\/#primaryimage\",\"inLanguage\":\"de-DE\",\"url\":\"https:\/\/lapoderosagoods.com\/wp-content\/uploads\/2021\/06\/indianbobbersoporteRHS.jpg\",\"contentUrl\":\"https:\/\/lapoderosagoods.com\/wp-content\/uploads\/2021\/06\/indianbobbersoporteRHS.jpg\",\"width\":4032,\"height\":3024},{\"@type\":\"WebPage\",\"@id\":\"https:\/\/lapoderosagoods.com\/produkt\/soporte-para-alforjas-indian-scout-bobber-negro-satinado\/#webpage\",\"url\":\"https:\/\/lapoderosagoods.com\/produkt\/soporte-para-alforjas-indian-scout-bobber-negro-satinado\/\",\"name\":\"Satteltaschenhalter Indian Scout Bobber Satin Black - La Poderosa Goods - Satteltaschen, Gep\\u00e4ck und Premium-Motorradzubeh\\u00f6r\",\"isPartOf\":{\"@id\":\"https:\/\/lapoderosagoods.com\/#website\"},\"primaryImageOfPage\":{\"@id\":\"https:\/\/lapoderosagoods.com\/produkt\/soporte-para-alforjas-indian-scout-bobber-negro-satinado\/#primaryimage\"},\"datePublished\":\"2021-06-25T10:05:49+00:00\",\"dateModified\":\"2024-12-07T21:03:57+00:00\",\"breadcrumb\":{\"@id\":\"https:\/\/lapoderosagoods.com\/produkt\/soporte-para-alforjas-indian-scout-bobber-negro-satinado\/#breadcrumb\"},\"inLanguage\":\"de-DE\",\"potentialAction\":[{\"@type\":\"ReadAction\",\"target\":[\"https:\/\/lapoderosagoods.com\/produkt\/soporte-para-alforjas-indian-scout-bobber-negro-satinado\/\"]}]},{\"@type\":\"BreadcrumbList\",\"@id\":\"https:\/\/lapoderosagoods.com\/produkt\/soporte-para-alforjas-indian-scout-bobber-negro-satinado\/#breadcrumb\",\"itemListElement\":[{\"@type\":\"ListItem\",\"position\":1,\"name\":\"Portada\",\"item\":\"https:\/\/lapoderosagoods.com\/\"},{\"@type\":\"ListItem\",\"position\":2,\"name\":\"Produkte\",\"item\":\"https:\/\/lapoderosagoods.com\/de\/produkte\/\"},{\"@type\":\"ListItem\",\"position\":3,\"name\":\"Satteltaschenhalter Indian Scout Bobber Satin Black\"}]}]}<\/script>\n<!-- \/ Yoast SEO plugin. -->","yoast_head_json":{"title":"Satteltaschenhalter Indian Scout Bobber Satin Black - La Poderosa Goods - Satteltaschen, Gep\u00e4ck und Premium-Motorradzubeh\u00f6r","robots":{"index":"index","follow":"follow","max-snippet":"max-snippet:-1","max-image-preview":"max-image-preview:large","max-video-preview":"max-video-preview:-1"},"canonical":"https:\/\/lapoderosagoods.com\/de\/produkt\/soporte-para-alforjas-indian-scout-bobber-negro-satinado\/","og_locale":"de_DE","og_type":"article","og_title":"Satteltaschenhalter Indian Scout Bobber Satin Black - La Poderosa Goods - Satteltaschen, Gep\u00e4ck und Premium-Motorradzubeh\u00f6r","og_description":"Stahlrahmen in Satin Black Finish f\u00fcr Indian Bobber f\u00fcr 2 Satteltaschen (1 auf jeder Seite). \u00a0 Teile entwerfen \u00f1 Tupeln f\u00fcr mich von jedem Modell Indian Scout Bobber auf den Heckrahmen Einschrauben \u00a0 von Schrauben.\u00a0 Finish Lackofen ep oder xica hochfest. Cl-Stil nach Sico und minimalistisch, perfekt auch mit der entfernten Seitentasche. Sehr solide Struktur [...]","og_url":"https:\/\/lapoderosagoods.com\/produkt\/soporte-para-alforjas-indian-scout-bobber-negro-satinado\/","og_site_name":"La Poderosa Goods - Satteltaschen, Gep\u00e4ck und Premium-Motorradzubeh\u00f6r","article_modified_time":"2024-12-07T21:03:57+00:00","og_image":[{"width":1067,"height":800,"path":"2021\/06\/indianbobbersoporteRHS-1067x800.jpg","url":"https:\/\/lapoderosagoods.com\/wp-content\/uploads\/2021\/06\/indianbobbersoporteRHS-1067x800.jpg","size":"large","id":8363,"alt":"","pixels":853600,"type":"image\/jpeg"}],"twitter_card":"summary_large_image","schema":{"@context":"https:\/\/schema.org","@graph":[{"@type":"Organization","@id":"https:\/\/lapoderosagoods.com\/#organization","name":"La Poderosa Classic Goods","url":"https:\/\/lapoderosagoods.com\/","sameAs":[],"logo":{"@type":"ImageObject","@id":"https:\/\/lapoderosagoods.com\/#logo","inLanguage":"de-DE","url":"https:\/\/lapoderosagoods.com\/wp-content\/uploads\/2019\/10\/poderosa.png","contentUrl":"https:\/\/lapoderosagoods.com\/wp-content\/uploads\/2019\/10\/poderosa.png","width":290,"height":209,"caption":"La Poderosa Classic Goods"},"image":{"@id":"https:\/\/lapoderosagoods.com\/#logo"}},{"@type":"WebSite","@id":"https:\/\/lapoderosagoods.com\/#website","url":"https:\/\/lapoderosagoods.com\/","name":"La Poderosa Goods - Satteltaschen, Gep\u00e4ck und Premium-Motorradzubeh\u00f6r","description":"Gep\u00e4ck, St\u00e4nder, Satteltaschen und Zubeh\u00f6r f\u00fcr Klassiker, Caf\u00e9 Racer oder Adventure Bikes. ","publisher":{"@id":"https:\/\/lapoderosagoods.com\/#organization"},"potentialAction":[{"@type":"SearchAction","target":{"@type":"EntryPoint","urlTemplate":"https:\/\/lapoderosagoods.com\/?s={search_term_string}"},"query-input":"required name=search_term_string"}],"inLanguage":"de-DE"},{"@type":"ImageObject","@id":"https:\/\/lapoderosagoods.com\/produkt\/soporte-para-alforjas-indian-scout-bobber-negro-satinado\/#primaryimage","inLanguage":"de-DE","url":"https:\/\/lapoderosagoods.com\/wp-content\/uploads\/2021\/06\/indianbobbersoporteRHS.jpg","contentUrl":"https:\/\/lapoderosagoods.com\/wp-content\/uploads\/2021\/06\/indianbobbersoporteRHS.jpg","width":4032,"height":3024},{"@type":"WebPage","@id":"https:\/\/lapoderosagoods.com\/produkt\/soporte-para-alforjas-indian-scout-bobber-negro-satinado\/#webpage","url":"https:\/\/lapoderosagoods.com\/produkt\/soporte-para-alforjas-indian-scout-bobber-negro-satinado\/","name":"Satteltaschenhalter Indian Scout Bobber Satin Black - La Poderosa Goods - Satteltaschen, Gep\u00e4ck und Premium-Motorradzubeh\u00f6r","isPartOf":{"@id":"https:\/\/lapoderosagoods.com\/#website"},"primaryImageOfPage":{"@id":"https:\/\/lapoderosagoods.com\/produkt\/soporte-para-alforjas-indian-scout-bobber-negro-satinado\/#primaryimage"},"datePublished":"2021-06-25T10:05:49+00:00","dateModified":"2024-12-07T21:03:57+00:00","breadcrumb":{"@id":"https:\/\/lapoderosagoods.com\/produkt\/soporte-para-alforjas-indian-scout-bobber-negro-satinado\/#breadcrumb"},"inLanguage":"de-DE","potentialAction":[{"@type":"ReadAction","target":["https:\/\/lapoderosagoods.com\/produkt\/soporte-para-alforjas-indian-scout-bobber-negro-satinado\/"]}]},{"@type":"BreadcrumbList","@id":"https:\/\/lapoderosagoods.com\/produkt\/soporte-para-alforjas-indian-scout-bobber-negro-satinado\/#breadcrumb","itemListElement":[{"@type":"ListItem","position":1,"name":"Portada","item":"https:\/\/lapoderosagoods.com\/"},{"@type":"ListItem","position":2,"name":"Produkte","item":"https:\/\/lapoderosagoods.com\/de\/produkte\/"},{"@type":"ListItem","position":3,"name":"Satteltaschenhalter Indian Scout Bobber Satin Black"}]}]}},"_links":{"self":[{"href":"https:\/\/lapoderosagoods.com\/de\/wp-json\/wp\/v2\/product\/9356"}],"collection":[{"href":"https:\/\/lapoderosagoods.com\/de\/wp-json\/wp\/v2\/product"}],"about":[{"href":"https:\/\/lapoderosagoods.com\/de\/wp-json\/wp\/v2\/types\/product"}],"replies":[{"embeddable":true,"href":"https:\/\/lapoderosagoods.com\/de\/wp-json\/wp\/v2\/comments?post=9356"}],"wp:featuredmedia":[{"embeddable":true,"href":"https:\/\/lapoderosagoods.com\/de\/wp-json\/wp\/v2\/media\/8363"}],"wp:attachment":[{"href":"https:\/\/lapoderosagoods.com\/de\/wp-json\/wp\/v2\/media?parent=9356"}],"wp:term":[{"taxonomy":"product_cat","embeddable":true,"href":"https:\/\/lapoderosagoods.com\/de\/wp-json\/wp\/v2\/product_cat?post=9356"},{"taxonomy":"product_tag","embeddable":true,"href":"https:\/\/lapoderosagoods.com\/de\/wp-json\/wp\/v2\/product_tag?post=9356"}],"curies":[{"name":"wp","href":"https:\/\/api.w.org\/{rel}","templated":true}]}}