{"id":9332,"date":"2021-06-25T12:06:04","date_gmt":"2021-06-25T10:06:04","guid":{"rendered":"https:\/\/lapoderosagoods.spainmotoexperiences.es\/producto\/satteltaschenhalter-triumph-scrambler-1200-satin-black-beidseitig\/"},"modified":"2025-03-06T23:19:26","modified_gmt":"2025-03-06T22:19:26","slug":"satteltaschenhalter-triumph-scrambler-1200-satin-black-beidseitig","status":"publish","type":"product","link":"https:\/\/lapoderosagoods.com\/de\/produkt\/satteltaschenhalter-triumph-scrambler-1200-satin-black-beidseitig\/","title":{"rendered":"Satteltaschenhalter Triumph Scrambler 1200 Satin Black (beidseitig)"},"content":{"rendered":"<div class=\"product-single__description rte\">\n<p class=\"s3\"><span class=\"s2\">Stahlrahmen in Satin Black Finish f\u00fcr Triumph Scrambler 1200 f\u00fcr eine Satteltasche auf jeder Seite.\u00a0<\/span><\/p>\n<p class=\"s3\"><span class=\"s2\">Teile entwerfen <\/span><span class=\"s2\">\u00a0<\/span><span class=\"s2\">Tupeln zum Einf\u00e4deln in das Subchassis und hinteren Griffe jeder Triumph Scrambler 1200 *; verbindet auch einen Teil und den anderen mit einem Riemen unter dem Kotfl\u00fcgel.<\/span><span class=\"s2\">\u00a0<\/span><\/p>\n<p class=\"s3\"><span class=\"s2\">Satinschwarze Pulverbeschichtung <\/span><span class=\"s2\">.<\/span><\/p>\n<p class=\"s3\"><span class=\"s2\">Klassic <\/span><span class=\"s2\">\u00a0und minimalistisch, perfekt auch mit der entfernten Seitentasche.<\/span><\/p>\n<p class=\"s3\"><span class=\"s2\">Sehr solide Struktur f\u00fcr Lasten von bis zu 10kg pro Tasche.<\/span><\/p>\n<p class=\"s3\"><span class=\"s2\">* Kompatibel mit folgenden Modellen (bitte bei der Bestellung Ihr genaues Modell best\u00e4tigen):<\/span><\/p>\n<p class=\"s3\"><span class=\"s2\">\u00a0Scrambler 1200 XC ( 2019-2023)<\/span><\/p>\n<p class=\"s3\"><span class=\"s2\">Scrambler 1200 XE (2019-2023)<\/span><\/p>\n<p>Scrambler 1200 X ( 2024&gt;)<\/p>\n<p>Scrambler 1200 XE ( 2024&gt;)<\/p>\n<\/div>\n","protected":false},"excerpt":{"rendered":"<p>Stahlrahmen in Satin Black Finish f\u00fcr Triumph Scrambler 1200 f\u00fcr eine Satteltasche auf jeder Seite.\u00a0 Teile entwerfen \u00a0Tupeln zum Einf\u00e4deln in das Subchassis und hinteren Griffe jeder Triumph Scrambler 1200 *; verbindet auch einen Teil und den anderen mit einem Riemen unter dem Kotfl\u00fcgel.\u00a0 Satinschwarze Pulverbeschichtung . Klassic \u00a0und minimalistisch, perfekt auch mit der entfernten [&#8230;]\n","protected":false},"featured_media":8483,"comment_status":"closed","ping_status":"closed","template":"","meta":{"spay_email":""},"product_cat":[96,735,149],"product_tag":[305],"yoast_head":"<!-- This site is optimized with the Yoast SEO plugin v16.8 - https:\/\/yoast.com\/wordpress\/plugins\/seo\/ -->\n<title>Satteltaschenhalter Triumph Scrambler 1200 Satin Black (beidseitig) - La Poderosa Goods - Satteltaschen, Gep\u00e4ck und Premium-Motorradzubeh\u00f6r<\/title>\n<meta name=\"robots\" content=\"index, follow, max-snippet:-1, max-image-preview:large, max-video-preview:-1\" \/>\n<link rel=\"canonical\" href=\"https:\/\/lapoderosagoods.com\/de\/produkt\/soporte-para-alforjas-triumph-scrambler-1200-negro-satinado-ambos-lados\/\" \/>\n<meta property=\"og:locale\" content=\"de_DE\" \/>\n<meta property=\"og:type\" content=\"article\" \/>\n<meta property=\"og:title\" content=\"Satteltaschenhalter Triumph Scrambler 1200 Satin Black (beidseitig) - La Poderosa Goods - Satteltaschen, Gep\u00e4ck und Premium-Motorradzubeh\u00f6r\" \/>\n<meta property=\"og:description\" content=\"Stahlrahmen in Satin Black Finish f\u00fcr Triumph Scrambler 1200 f\u00fcr eine Satteltasche auf jeder Seite.\u00a0 Teile entwerfen \u00a0Tupeln zum Einf\u00e4deln in das Subchassis und hinteren Griffe jeder Triumph Scrambler 1200 *; verbindet auch einen Teil und den anderen mit einem Riemen unter dem Kotfl\u00fcgel.\u00a0 Satinschwarze Pulverbeschichtung . Klassic \u00a0und minimalistisch, perfekt auch mit der entfernten [...]\" \/>\n<meta property=\"og:url\" content=\"https:\/\/lapoderosagoods.com\/produkt\/soporte-para-alforjas-triumph-scrambler-1200-negro-satinado-ambos-lados\/\" \/>\n<meta property=\"og:site_name\" content=\"La Poderosa Goods - Satteltaschen, Gep\u00e4ck und Premium-Motorradzubeh\u00f6r\" \/>\n<meta property=\"article:modified_time\" content=\"2025-03-06T22:19:26+00:00\" \/>\n<meta property=\"og:image\" content=\"https:\/\/lapoderosagoods.com\/wp-content\/uploads\/2021\/06\/Scrambler1200doublerackRHS.jpg\" \/>\n\t<meta property=\"og:image:width\" content=\"4032\" \/>\n\t<meta property=\"og:image:height\" content=\"3024\" \/>\n<meta name=\"twitter:card\" content=\"summary_large_image\" \/>\n<script type=\"application\/ld+json\" class=\"yoast-schema-graph\">{\"@context\":\"https:\/\/schema.org\",\"@graph\":[{\"@type\":\"Organization\",\"@id\":\"https:\/\/lapoderosagoods.com\/#organization\",\"name\":\"La Poderosa Classic Goods\",\"url\":\"https:\/\/lapoderosagoods.com\/\",\"sameAs\":[],\"logo\":{\"@type\":\"ImageObject\",\"@id\":\"https:\/\/lapoderosagoods.com\/#logo\",\"inLanguage\":\"de-DE\",\"url\":\"https:\/\/lapoderosagoods.com\/wp-content\/uploads\/2019\/10\/poderosa.png\",\"contentUrl\":\"https:\/\/lapoderosagoods.com\/wp-content\/uploads\/2019\/10\/poderosa.png\",\"width\":290,\"height\":209,\"caption\":\"La Poderosa Classic Goods\"},\"image\":{\"@id\":\"https:\/\/lapoderosagoods.com\/#logo\"}},{\"@type\":\"WebSite\",\"@id\":\"https:\/\/lapoderosagoods.com\/#website\",\"url\":\"https:\/\/lapoderosagoods.com\/\",\"name\":\"La Poderosa Goods - Satteltaschen, Gep\\u00e4ck und Premium-Motorradzubeh\\u00f6r\",\"description\":\"Gep\\u00e4ck, St\\u00e4nder, Satteltaschen und Zubeh\\u00f6r f\\u00fcr Klassiker, Caf\\u00e9 Racer oder Adventure Bikes. \",\"publisher\":{\"@id\":\"https:\/\/lapoderosagoods.com\/#organization\"},\"potentialAction\":[{\"@type\":\"SearchAction\",\"target\":{\"@type\":\"EntryPoint\",\"urlTemplate\":\"https:\/\/lapoderosagoods.com\/?s={search_term_string}\"},\"query-input\":\"required name=search_term_string\"}],\"inLanguage\":\"de-DE\"},{\"@type\":\"ImageObject\",\"@id\":\"https:\/\/lapoderosagoods.com\/produkt\/soporte-para-alforjas-triumph-scrambler-1200-negro-satinado-ambos-lados\/#primaryimage\",\"inLanguage\":\"de-DE\",\"url\":\"https:\/\/lapoderosagoods.com\/wp-content\/uploads\/2021\/06\/Scrambler1200doublerackRHS.jpg\",\"contentUrl\":\"https:\/\/lapoderosagoods.com\/wp-content\/uploads\/2021\/06\/Scrambler1200doublerackRHS.jpg\",\"width\":4032,\"height\":3024},{\"@type\":\"WebPage\",\"@id\":\"https:\/\/lapoderosagoods.com\/produkt\/soporte-para-alforjas-triumph-scrambler-1200-negro-satinado-ambos-lados\/#webpage\",\"url\":\"https:\/\/lapoderosagoods.com\/produkt\/soporte-para-alforjas-triumph-scrambler-1200-negro-satinado-ambos-lados\/\",\"name\":\"Satteltaschenhalter Triumph Scrambler 1200 Satin Black (beidseitig) - La Poderosa Goods - Satteltaschen, Gep\\u00e4ck und Premium-Motorradzubeh\\u00f6r\",\"isPartOf\":{\"@id\":\"https:\/\/lapoderosagoods.com\/#website\"},\"primaryImageOfPage\":{\"@id\":\"https:\/\/lapoderosagoods.com\/produkt\/soporte-para-alforjas-triumph-scrambler-1200-negro-satinado-ambos-lados\/#primaryimage\"},\"datePublished\":\"2021-06-25T10:06:04+00:00\",\"dateModified\":\"2025-03-06T22:19:26+00:00\",\"breadcrumb\":{\"@id\":\"https:\/\/lapoderosagoods.com\/produkt\/soporte-para-alforjas-triumph-scrambler-1200-negro-satinado-ambos-lados\/#breadcrumb\"},\"inLanguage\":\"de-DE\",\"potentialAction\":[{\"@type\":\"ReadAction\",\"target\":[\"https:\/\/lapoderosagoods.com\/produkt\/soporte-para-alforjas-triumph-scrambler-1200-negro-satinado-ambos-lados\/\"]}]},{\"@type\":\"BreadcrumbList\",\"@id\":\"https:\/\/lapoderosagoods.com\/produkt\/soporte-para-alforjas-triumph-scrambler-1200-negro-satinado-ambos-lados\/#breadcrumb\",\"itemListElement\":[{\"@type\":\"ListItem\",\"position\":1,\"name\":\"Portada\",\"item\":\"https:\/\/lapoderosagoods.com\/\"},{\"@type\":\"ListItem\",\"position\":2,\"name\":\"Produkte\",\"item\":\"https:\/\/lapoderosagoods.com\/de\/produkte\/\"},{\"@type\":\"ListItem\",\"position\":3,\"name\":\"Satteltaschenhalter Triumph Scrambler 1200 Satin Black (beidseitig)\"}]}]}<\/script>\n<!-- \/ Yoast SEO plugin. -->","yoast_head_json":{"title":"Satteltaschenhalter Triumph Scrambler 1200 Satin Black (beidseitig) - La Poderosa Goods - Satteltaschen, Gep\u00e4ck und Premium-Motorradzubeh\u00f6r","robots":{"index":"index","follow":"follow","max-snippet":"max-snippet:-1","max-image-preview":"max-image-preview:large","max-video-preview":"max-video-preview:-1"},"canonical":"https:\/\/lapoderosagoods.com\/de\/produkt\/soporte-para-alforjas-triumph-scrambler-1200-negro-satinado-ambos-lados\/","og_locale":"de_DE","og_type":"article","og_title":"Satteltaschenhalter Triumph Scrambler 1200 Satin Black (beidseitig) - La Poderosa Goods - Satteltaschen, Gep\u00e4ck und Premium-Motorradzubeh\u00f6r","og_description":"Stahlrahmen in Satin Black Finish f\u00fcr Triumph Scrambler 1200 f\u00fcr eine Satteltasche auf jeder Seite.\u00a0 Teile entwerfen \u00a0Tupeln zum Einf\u00e4deln in das Subchassis und hinteren Griffe jeder Triumph Scrambler 1200 *; verbindet auch einen Teil und den anderen mit einem Riemen unter dem Kotfl\u00fcgel.\u00a0 Satinschwarze Pulverbeschichtung . Klassic \u00a0und minimalistisch, perfekt auch mit der entfernten [...]","og_url":"https:\/\/lapoderosagoods.com\/produkt\/soporte-para-alforjas-triumph-scrambler-1200-negro-satinado-ambos-lados\/","og_site_name":"La Poderosa Goods - Satteltaschen, Gep\u00e4ck und Premium-Motorradzubeh\u00f6r","article_modified_time":"2025-03-06T22:19:26+00:00","og_image":[{"width":4032,"height":3024,"url":"https:\/\/lapoderosagoods.com\/wp-content\/uploads\/2021\/06\/Scrambler1200doublerackRHS.jpg","path":"\/home\/spainmot\/lapoderosagoods\/wp-content\/uploads\/2021\/06\/Scrambler1200doublerackRHS.jpg","size":"full","id":8483,"alt":"","pixels":12192768,"type":"image\/jpeg"}],"twitter_card":"summary_large_image","schema":{"@context":"https:\/\/schema.org","@graph":[{"@type":"Organization","@id":"https:\/\/lapoderosagoods.com\/#organization","name":"La Poderosa Classic Goods","url":"https:\/\/lapoderosagoods.com\/","sameAs":[],"logo":{"@type":"ImageObject","@id":"https:\/\/lapoderosagoods.com\/#logo","inLanguage":"de-DE","url":"https:\/\/lapoderosagoods.com\/wp-content\/uploads\/2019\/10\/poderosa.png","contentUrl":"https:\/\/lapoderosagoods.com\/wp-content\/uploads\/2019\/10\/poderosa.png","width":290,"height":209,"caption":"La Poderosa Classic Goods"},"image":{"@id":"https:\/\/lapoderosagoods.com\/#logo"}},{"@type":"WebSite","@id":"https:\/\/lapoderosagoods.com\/#website","url":"https:\/\/lapoderosagoods.com\/","name":"La Poderosa Goods - Satteltaschen, Gep\u00e4ck und Premium-Motorradzubeh\u00f6r","description":"Gep\u00e4ck, St\u00e4nder, Satteltaschen und Zubeh\u00f6r f\u00fcr Klassiker, Caf\u00e9 Racer oder Adventure Bikes. ","publisher":{"@id":"https:\/\/lapoderosagoods.com\/#organization"},"potentialAction":[{"@type":"SearchAction","target":{"@type":"EntryPoint","urlTemplate":"https:\/\/lapoderosagoods.com\/?s={search_term_string}"},"query-input":"required name=search_term_string"}],"inLanguage":"de-DE"},{"@type":"ImageObject","@id":"https:\/\/lapoderosagoods.com\/produkt\/soporte-para-alforjas-triumph-scrambler-1200-negro-satinado-ambos-lados\/#primaryimage","inLanguage":"de-DE","url":"https:\/\/lapoderosagoods.com\/wp-content\/uploads\/2021\/06\/Scrambler1200doublerackRHS.jpg","contentUrl":"https:\/\/lapoderosagoods.com\/wp-content\/uploads\/2021\/06\/Scrambler1200doublerackRHS.jpg","width":4032,"height":3024},{"@type":"WebPage","@id":"https:\/\/lapoderosagoods.com\/produkt\/soporte-para-alforjas-triumph-scrambler-1200-negro-satinado-ambos-lados\/#webpage","url":"https:\/\/lapoderosagoods.com\/produkt\/soporte-para-alforjas-triumph-scrambler-1200-negro-satinado-ambos-lados\/","name":"Satteltaschenhalter Triumph Scrambler 1200 Satin Black (beidseitig) - La Poderosa Goods - Satteltaschen, Gep\u00e4ck und Premium-Motorradzubeh\u00f6r","isPartOf":{"@id":"https:\/\/lapoderosagoods.com\/#website"},"primaryImageOfPage":{"@id":"https:\/\/lapoderosagoods.com\/produkt\/soporte-para-alforjas-triumph-scrambler-1200-negro-satinado-ambos-lados\/#primaryimage"},"datePublished":"2021-06-25T10:06:04+00:00","dateModified":"2025-03-06T22:19:26+00:00","breadcrumb":{"@id":"https:\/\/lapoderosagoods.com\/produkt\/soporte-para-alforjas-triumph-scrambler-1200-negro-satinado-ambos-lados\/#breadcrumb"},"inLanguage":"de-DE","potentialAction":[{"@type":"ReadAction","target":["https:\/\/lapoderosagoods.com\/produkt\/soporte-para-alforjas-triumph-scrambler-1200-negro-satinado-ambos-lados\/"]}]},{"@type":"BreadcrumbList","@id":"https:\/\/lapoderosagoods.com\/produkt\/soporte-para-alforjas-triumph-scrambler-1200-negro-satinado-ambos-lados\/#breadcrumb","itemListElement":[{"@type":"ListItem","position":1,"name":"Portada","item":"https:\/\/lapoderosagoods.com\/"},{"@type":"ListItem","position":2,"name":"Produkte","item":"https:\/\/lapoderosagoods.com\/de\/produkte\/"},{"@type":"ListItem","position":3,"name":"Satteltaschenhalter Triumph Scrambler 1200 Satin Black (beidseitig)"}]}]}},"_links":{"self":[{"href":"https:\/\/lapoderosagoods.com\/de\/wp-json\/wp\/v2\/product\/9332"}],"collection":[{"href":"https:\/\/lapoderosagoods.com\/de\/wp-json\/wp\/v2\/product"}],"about":[{"href":"https:\/\/lapoderosagoods.com\/de\/wp-json\/wp\/v2\/types\/product"}],"replies":[{"embeddable":true,"href":"https:\/\/lapoderosagoods.com\/de\/wp-json\/wp\/v2\/comments?post=9332"}],"wp:featuredmedia":[{"embeddable":true,"href":"https:\/\/lapoderosagoods.com\/de\/wp-json\/wp\/v2\/media\/8483"}],"wp:attachment":[{"href":"https:\/\/lapoderosagoods.com\/de\/wp-json\/wp\/v2\/media?parent=9332"}],"wp:term":[{"taxonomy":"product_cat","embeddable":true,"href":"https:\/\/lapoderosagoods.com\/de\/wp-json\/wp\/v2\/product_cat?post=9332"},{"taxonomy":"product_tag","embeddable":true,"href":"https:\/\/lapoderosagoods.com\/de\/wp-json\/wp\/v2\/product_tag?post=9332"}],"curies":[{"name":"wp","href":"https:\/\/api.w.org\/{rel}","templated":true}]}}