{"id":9288,"date":"2021-06-25T12:06:49","date_gmt":"2021-06-25T10:06:49","guid":{"rendered":"https:\/\/lapoderosagoods.spainmotoexperiences.es\/producto\/bmw-airhead-satteltaschenhalter-chrom\/"},"modified":"2025-05-07T19:27:31","modified_gmt":"2025-05-07T17:27:31","slug":"bmw-airhead-satteltaschenhalter-chrom","status":"publish","type":"product","link":"https:\/\/lapoderosagoods.com\/de\/produkt\/bmw-airhead-satteltaschenhalter-chrom\/","title":{"rendered":"BMW Airhead Satteltaschenhalter &#8211; Chrom"},"content":{"rendered":"<div class=\"product-single__description rte\">\n<p class=\"s3\"><span class=\"s2\"><span>Stahlrahmen in Chrom-Finish f\u00fcr BMW Airhead. <\/span><\/span><\/p>\n<p class=\"s3\"><span class=\"s2\"><span>4-teiliges Design <\/span><\/span><span class=\"s2\"><span>\u2013 <\/span><\/span><span class=\"s2\"><span>Tupel zum Anschrauben des hinteren Subchassis jedes Modells BMW Boxer 2 Ventile <\/span><\/span><span class=\"s2\"><span>\u00a0mit sieben Schrauben.<\/span><\/span><\/p>\n<p class=\"s3\"><span class=\"s2\"><span>Hochbest\u00e4ndiges verchromtes Finish <\/span><\/span><span class=\"s2\"><span>.<\/span><\/span><\/p>\n<p class=\"s3\"><span class=\"s2\"><span>Cl-Stil <\/span><\/span><span class=\"s2\"><span>nach <\/span><\/span><span class=\"s2\"><span>Sico und minimalistisch, perfekt auch mit der entfernten Seitentasche.<\/span><\/span><\/p>\n<p class=\"s3\"><span class=\"s2\"><span>Sehr solide Struktur, getestet f\u00fcr mehr als 3000 km mit Lasten von bis zu 12 kg pro Tasche.<\/span><\/span><\/p>\n<p class=\"s3\"><span class=\"s2\"><span>Die seitliche \u00d6ffnung erm\u00f6glicht den Zugriff auf die Werkzeuge und den Akku des Sitzes <\/span><\/span><span class=\"s2\"><span>\u00ed <\/span><\/span><span class=\"s2\"><span>a.<\/span><\/span><\/p>\n<p class=\"s3\"><span class=\"s2\"><span>* Kompatibel mit folgenden Modellen:<\/span><\/span><\/p>\n<p class=\"s3\"><span class=\"s2\"><span>R100 RS, S, RT, CS, T\u00a0<\/span><\/span><\/p>\n<p class=\"s3\"><span class=\"s2\"><span>R50\/5, R60\/5, R75\/5 (kurzes und langes Chassis)\u00a0<\/span><\/span><\/p>\n<p class=\"s3\"><span class=\"s2\"><span>R60 \/ 6, R75 \/ 6, R90 \/ 6, R90 \/ S<\/span><\/span><\/p>\n<p class=\"s3\"><span class=\"s2\"><span>R60 \/ 7, R75 \/ 7, R80 \/ 7<\/span><\/span><\/p>\n<p class=\"s3\"><span class=\"s2\"><span>R65, R65LS<\/span><\/span><\/p>\n<p class=\"s3\"><span class=\"s2\"><span>R45<\/span><\/span><\/p>\n<p class=\"s3\"><span class=\"s2\"><span>Alle Boxer 2-Ventil Modelle mit Monolever Federung (neueste Modelle)\u00a0<\/span><\/span><\/p>\n<\/div>\n","protected":false},"excerpt":{"rendered":"<p>Stahlrahmen in Chrom-Finish f\u00fcr BMW Airhead. 4-teiliges Design \u2013 Tupel zum Anschrauben des hinteren Subchassis jedes Modells BMW Boxer 2 Ventile \u00a0mit sieben Schrauben. Hochbest\u00e4ndiges verchromtes Finish . Cl-Stil nach Sico und minimalistisch, perfekt auch mit der entfernten Seitentasche. Sehr solide Struktur, getestet f\u00fcr mehr als 3000 km mit Lasten von bis zu 12 kg [&#8230;]\n","protected":false},"featured_media":8881,"comment_status":"closed","ping_status":"closed","template":"","meta":{"spay_email":""},"product_cat":[696,128,96],"product_tag":[242,786],"yoast_head":"<!-- This site is optimized with the Yoast SEO plugin v16.8 - https:\/\/yoast.com\/wordpress\/plugins\/seo\/ -->\n<title>BMW Airhead Satteltaschenhalter - Chrom - La Poderosa Goods - Satteltaschen, Gep\u00e4ck und Premium-Motorradzubeh\u00f6r<\/title>\n<meta name=\"robots\" content=\"index, follow, max-snippet:-1, max-image-preview:large, max-video-preview:-1\" \/>\n<link rel=\"canonical\" href=\"https:\/\/lapoderosagoods.com\/de\/produkt\/soportes-para-alforjas-bmw-airhead-cromado\/\" \/>\n<meta property=\"og:locale\" content=\"de_DE\" \/>\n<meta property=\"og:type\" content=\"article\" \/>\n<meta property=\"og:title\" content=\"BMW Airhead Satteltaschenhalter - Chrom - La Poderosa Goods - Satteltaschen, Gep\u00e4ck und Premium-Motorradzubeh\u00f6r\" \/>\n<meta property=\"og:description\" content=\"Stahlrahmen in Chrom-Finish f\u00fcr BMW Airhead. 4-teiliges Design \u2013 Tupel zum Anschrauben des hinteren Subchassis jedes Modells BMW Boxer 2 Ventile \u00a0mit sieben Schrauben. Hochbest\u00e4ndiges verchromtes Finish . Cl-Stil nach Sico und minimalistisch, perfekt auch mit der entfernten Seitentasche. Sehr solide Struktur, getestet f\u00fcr mehr als 3000 km mit Lasten von bis zu 12 kg [...]\" \/>\n<meta property=\"og:url\" content=\"https:\/\/lapoderosagoods.com\/produkt\/soportes-para-alforjas-bmw-airhead-cromado\/\" \/>\n<meta property=\"og:site_name\" content=\"La Poderosa Goods - Satteltaschen, Gep\u00e4ck und Premium-Motorradzubeh\u00f6r\" \/>\n<meta property=\"article:modified_time\" content=\"2025-05-07T17:27:31+00:00\" \/>\n<meta property=\"og:image\" content=\"https:\/\/lapoderosagoods.com\/wp-content\/uploads\/2021\/06\/1R2A9830.jpg\" \/>\n\t<meta property=\"og:image:width\" content=\"1200\" \/>\n\t<meta property=\"og:image:height\" content=\"1200\" \/>\n<meta name=\"twitter:card\" content=\"summary_large_image\" \/>\n<meta name=\"twitter:label1\" content=\"Gesch\u00e4tzte Lesezeit\" \/>\n\t<meta name=\"twitter:data1\" content=\"1 Minute\" \/>\n<script type=\"application\/ld+json\" class=\"yoast-schema-graph\">{\"@context\":\"https:\/\/schema.org\",\"@graph\":[{\"@type\":\"Organization\",\"@id\":\"https:\/\/lapoderosagoods.com\/#organization\",\"name\":\"La Poderosa Classic Goods\",\"url\":\"https:\/\/lapoderosagoods.com\/\",\"sameAs\":[],\"logo\":{\"@type\":\"ImageObject\",\"@id\":\"https:\/\/lapoderosagoods.com\/#logo\",\"inLanguage\":\"de-DE\",\"url\":\"https:\/\/lapoderosagoods.com\/wp-content\/uploads\/2019\/10\/poderosa.png\",\"contentUrl\":\"https:\/\/lapoderosagoods.com\/wp-content\/uploads\/2019\/10\/poderosa.png\",\"width\":290,\"height\":209,\"caption\":\"La Poderosa Classic Goods\"},\"image\":{\"@id\":\"https:\/\/lapoderosagoods.com\/#logo\"}},{\"@type\":\"WebSite\",\"@id\":\"https:\/\/lapoderosagoods.com\/#website\",\"url\":\"https:\/\/lapoderosagoods.com\/\",\"name\":\"La Poderosa Goods - Satteltaschen, Gep\\u00e4ck und Premium-Motorradzubeh\\u00f6r\",\"description\":\"Gep\\u00e4ck, St\\u00e4nder, Satteltaschen und Zubeh\\u00f6r f\\u00fcr Klassiker, Caf\\u00e9 Racer oder Adventure Bikes. \",\"publisher\":{\"@id\":\"https:\/\/lapoderosagoods.com\/#organization\"},\"potentialAction\":[{\"@type\":\"SearchAction\",\"target\":{\"@type\":\"EntryPoint\",\"urlTemplate\":\"https:\/\/lapoderosagoods.com\/?s={search_term_string}\"},\"query-input\":\"required name=search_term_string\"}],\"inLanguage\":\"de-DE\"},{\"@type\":\"ImageObject\",\"@id\":\"https:\/\/lapoderosagoods.com\/produkt\/soportes-para-alforjas-bmw-airhead-cromado\/#primaryimage\",\"inLanguage\":\"de-DE\",\"url\":\"https:\/\/lapoderosagoods.com\/wp-content\/uploads\/2021\/06\/1R2A9830.jpg\",\"contentUrl\":\"https:\/\/lapoderosagoods.com\/wp-content\/uploads\/2021\/06\/1R2A9830.jpg\",\"width\":1200,\"height\":1200},{\"@type\":\"WebPage\",\"@id\":\"https:\/\/lapoderosagoods.com\/produkt\/soportes-para-alforjas-bmw-airhead-cromado\/#webpage\",\"url\":\"https:\/\/lapoderosagoods.com\/produkt\/soportes-para-alforjas-bmw-airhead-cromado\/\",\"name\":\"BMW Airhead Satteltaschenhalter - Chrom - La Poderosa Goods - Satteltaschen, Gep\\u00e4ck und Premium-Motorradzubeh\\u00f6r\",\"isPartOf\":{\"@id\":\"https:\/\/lapoderosagoods.com\/#website\"},\"primaryImageOfPage\":{\"@id\":\"https:\/\/lapoderosagoods.com\/produkt\/soportes-para-alforjas-bmw-airhead-cromado\/#primaryimage\"},\"datePublished\":\"2021-06-25T10:06:49+00:00\",\"dateModified\":\"2025-05-07T17:27:31+00:00\",\"breadcrumb\":{\"@id\":\"https:\/\/lapoderosagoods.com\/produkt\/soportes-para-alforjas-bmw-airhead-cromado\/#breadcrumb\"},\"inLanguage\":\"de-DE\",\"potentialAction\":[{\"@type\":\"ReadAction\",\"target\":[\"https:\/\/lapoderosagoods.com\/produkt\/soportes-para-alforjas-bmw-airhead-cromado\/\"]}]},{\"@type\":\"BreadcrumbList\",\"@id\":\"https:\/\/lapoderosagoods.com\/produkt\/soportes-para-alforjas-bmw-airhead-cromado\/#breadcrumb\",\"itemListElement\":[{\"@type\":\"ListItem\",\"position\":1,\"name\":\"Portada\",\"item\":\"https:\/\/lapoderosagoods.com\/\"},{\"@type\":\"ListItem\",\"position\":2,\"name\":\"Produkte\",\"item\":\"https:\/\/lapoderosagoods.com\/de\/produkte\/\"},{\"@type\":\"ListItem\",\"position\":3,\"name\":\"BMW Airhead Satteltaschenhalter &#8211; Chrom\"}]}]}<\/script>\n<!-- \/ Yoast SEO plugin. -->","yoast_head_json":{"title":"BMW Airhead Satteltaschenhalter - Chrom - La Poderosa Goods - Satteltaschen, Gep\u00e4ck und Premium-Motorradzubeh\u00f6r","robots":{"index":"index","follow":"follow","max-snippet":"max-snippet:-1","max-image-preview":"max-image-preview:large","max-video-preview":"max-video-preview:-1"},"canonical":"https:\/\/lapoderosagoods.com\/de\/produkt\/soportes-para-alforjas-bmw-airhead-cromado\/","og_locale":"de_DE","og_type":"article","og_title":"BMW Airhead Satteltaschenhalter - Chrom - La Poderosa Goods - Satteltaschen, Gep\u00e4ck und Premium-Motorradzubeh\u00f6r","og_description":"Stahlrahmen in Chrom-Finish f\u00fcr BMW Airhead. 4-teiliges Design \u2013 Tupel zum Anschrauben des hinteren Subchassis jedes Modells BMW Boxer 2 Ventile \u00a0mit sieben Schrauben. Hochbest\u00e4ndiges verchromtes Finish . Cl-Stil nach Sico und minimalistisch, perfekt auch mit der entfernten Seitentasche. Sehr solide Struktur, getestet f\u00fcr mehr als 3000 km mit Lasten von bis zu 12 kg [...]","og_url":"https:\/\/lapoderosagoods.com\/produkt\/soportes-para-alforjas-bmw-airhead-cromado\/","og_site_name":"La Poderosa Goods - Satteltaschen, Gep\u00e4ck und Premium-Motorradzubeh\u00f6r","article_modified_time":"2025-05-07T17:27:31+00:00","og_image":[{"width":1200,"height":1200,"url":"https:\/\/lapoderosagoods.com\/wp-content\/uploads\/2021\/06\/1R2A9830.jpg","path":"\/home\/spainmot\/lapoderosagoods\/wp-content\/uploads\/2021\/06\/1R2A9830.jpg","size":"full","id":8881,"alt":"","pixels":1440000,"type":"image\/jpeg"}],"twitter_card":"summary_large_image","twitter_misc":{"Gesch\u00e4tzte Lesezeit":"1 Minute"},"schema":{"@context":"https:\/\/schema.org","@graph":[{"@type":"Organization","@id":"https:\/\/lapoderosagoods.com\/#organization","name":"La Poderosa Classic Goods","url":"https:\/\/lapoderosagoods.com\/","sameAs":[],"logo":{"@type":"ImageObject","@id":"https:\/\/lapoderosagoods.com\/#logo","inLanguage":"de-DE","url":"https:\/\/lapoderosagoods.com\/wp-content\/uploads\/2019\/10\/poderosa.png","contentUrl":"https:\/\/lapoderosagoods.com\/wp-content\/uploads\/2019\/10\/poderosa.png","width":290,"height":209,"caption":"La Poderosa Classic Goods"},"image":{"@id":"https:\/\/lapoderosagoods.com\/#logo"}},{"@type":"WebSite","@id":"https:\/\/lapoderosagoods.com\/#website","url":"https:\/\/lapoderosagoods.com\/","name":"La Poderosa Goods - Satteltaschen, Gep\u00e4ck und Premium-Motorradzubeh\u00f6r","description":"Gep\u00e4ck, St\u00e4nder, Satteltaschen und Zubeh\u00f6r f\u00fcr Klassiker, Caf\u00e9 Racer oder Adventure Bikes. ","publisher":{"@id":"https:\/\/lapoderosagoods.com\/#organization"},"potentialAction":[{"@type":"SearchAction","target":{"@type":"EntryPoint","urlTemplate":"https:\/\/lapoderosagoods.com\/?s={search_term_string}"},"query-input":"required name=search_term_string"}],"inLanguage":"de-DE"},{"@type":"ImageObject","@id":"https:\/\/lapoderosagoods.com\/produkt\/soportes-para-alforjas-bmw-airhead-cromado\/#primaryimage","inLanguage":"de-DE","url":"https:\/\/lapoderosagoods.com\/wp-content\/uploads\/2021\/06\/1R2A9830.jpg","contentUrl":"https:\/\/lapoderosagoods.com\/wp-content\/uploads\/2021\/06\/1R2A9830.jpg","width":1200,"height":1200},{"@type":"WebPage","@id":"https:\/\/lapoderosagoods.com\/produkt\/soportes-para-alforjas-bmw-airhead-cromado\/#webpage","url":"https:\/\/lapoderosagoods.com\/produkt\/soportes-para-alforjas-bmw-airhead-cromado\/","name":"BMW Airhead Satteltaschenhalter - Chrom - La Poderosa Goods - Satteltaschen, Gep\u00e4ck und Premium-Motorradzubeh\u00f6r","isPartOf":{"@id":"https:\/\/lapoderosagoods.com\/#website"},"primaryImageOfPage":{"@id":"https:\/\/lapoderosagoods.com\/produkt\/soportes-para-alforjas-bmw-airhead-cromado\/#primaryimage"},"datePublished":"2021-06-25T10:06:49+00:00","dateModified":"2025-05-07T17:27:31+00:00","breadcrumb":{"@id":"https:\/\/lapoderosagoods.com\/produkt\/soportes-para-alforjas-bmw-airhead-cromado\/#breadcrumb"},"inLanguage":"de-DE","potentialAction":[{"@type":"ReadAction","target":["https:\/\/lapoderosagoods.com\/produkt\/soportes-para-alforjas-bmw-airhead-cromado\/"]}]},{"@type":"BreadcrumbList","@id":"https:\/\/lapoderosagoods.com\/produkt\/soportes-para-alforjas-bmw-airhead-cromado\/#breadcrumb","itemListElement":[{"@type":"ListItem","position":1,"name":"Portada","item":"https:\/\/lapoderosagoods.com\/"},{"@type":"ListItem","position":2,"name":"Produkte","item":"https:\/\/lapoderosagoods.com\/de\/produkte\/"},{"@type":"ListItem","position":3,"name":"BMW Airhead Satteltaschenhalter &#8211; Chrom"}]}]}},"_links":{"self":[{"href":"https:\/\/lapoderosagoods.com\/de\/wp-json\/wp\/v2\/product\/9288"}],"collection":[{"href":"https:\/\/lapoderosagoods.com\/de\/wp-json\/wp\/v2\/product"}],"about":[{"href":"https:\/\/lapoderosagoods.com\/de\/wp-json\/wp\/v2\/types\/product"}],"replies":[{"embeddable":true,"href":"https:\/\/lapoderosagoods.com\/de\/wp-json\/wp\/v2\/comments?post=9288"}],"wp:featuredmedia":[{"embeddable":true,"href":"https:\/\/lapoderosagoods.com\/de\/wp-json\/wp\/v2\/media\/8881"}],"wp:attachment":[{"href":"https:\/\/lapoderosagoods.com\/de\/wp-json\/wp\/v2\/media?parent=9288"}],"wp:term":[{"taxonomy":"product_cat","embeddable":true,"href":"https:\/\/lapoderosagoods.com\/de\/wp-json\/wp\/v2\/product_cat?post=9288"},{"taxonomy":"product_tag","embeddable":true,"href":"https:\/\/lapoderosagoods.com\/de\/wp-json\/wp\/v2\/product_tag?post=9288"}],"curies":[{"name":"wp","href":"https:\/\/api.w.org\/{rel}","templated":true}]}}