{"id":9283,"date":"2021-06-25T12:06:50","date_gmt":"2021-06-25T10:06:50","guid":{"rendered":"https:\/\/lapoderosagoods.spainmotoexperiences.es\/producto\/bmw-airhead-satteltaschenstander-satin-black\/"},"modified":"2023-01-26T17:56:09","modified_gmt":"2023-01-26T15:56:09","slug":"bmw-r2v-airhead-satteltaschenstander-satin-black","status":"publish","type":"product","link":"https:\/\/lapoderosagoods.com\/de\/produkt\/bmw-r2v-airhead-satteltaschenstander-satin-black\/","title":{"rendered":"BMW R 2V  Airhead Satteltaschenst\u00e4nder &#8211; Satin Black"},"content":{"rendered":"<div class=\"product-single__description rte\">\n<p class=\"s3\"><span class=\"s2\">Gep\u00e4cktaschenhalter Satz schwarz \u00a0 f\u00fcr BMW R2V Modelle \u00a0Airhead. <\/span><\/p>\n<p class=\"s3\"><span class=\"s2\">4-teiliges Design <\/span><span class=\"s2\">\u2013 <\/span><span class=\"s2\">Tupel zum Anschrauben des hinteren Subchassis jedes BMW R 2V Modelle \u00a0mit doppeltem D\u00e4mpfer * <\/span><span class=\"s2\">\u00a0mit sieben Schrauben.<\/span><\/p>\n<p class=\"s3\">Hochbest\u00e4ndige satinschwarze pulverberschichtung.<\/p>\n<p class=\"s3\"><span class=\"s2\">Klein und funktional <\/span><span class=\"s2\">, auch ohne Satteltaschen gut anzusehen.<\/span><\/p>\n<p class=\"s3\"><span class=\"s2\">Sehr solide Struktur, getestet f\u00fcr mehr als 60000 km mit Lasten von bis zu 12 kg pro Tasche.<\/span><\/p>\n<p class=\"s3\"><span class=\"s2\">Die seitliche \u00d6ffnung erm\u00f6glicht den Zugriff auf die Werkzeuge und den Akku des Sitzes <\/span><span class=\"s2\">\u00ed <\/span><span class=\"s2\">a. (in R75\/5 SWB gehen einige cm \u00d6ffnung verloren, aber das reicht aus, um auf die Werkzeuge zuzugreifen).<\/span><\/p>\n<p class=\"s3\"><span class=\"s2\">* Kompatibel mit folgenden Modellen:<\/span><\/p>\n<p class=\"s3\"><span class=\"s2\">R100 RS, S, RT, CS, T\u00a0<\/span><\/p>\n<p class=\"s3\"><span class=\"s2\">R50\/5, R60\/5, R75\/5 (kurzes und langes Chassis)\u00a0<\/span><\/p>\n<p class=\"s3\"><span class=\"s2\">R60 \/ 6, R75 \/ 6, R90 \/ 6, R90 \/ S<\/span><\/p>\n<p class=\"s3\"><span class=\"s2\">R60 \/ 7, R75 \/ 7, R80 \/ 7<\/span><\/p>\n<p class=\"s3\"><span class=\"s2\">R65, R65LS<\/span><\/p>\n<p class=\"s3\"><span class=\"s2\">R45<\/span><\/p>\n<\/div>\n","protected":false},"excerpt":{"rendered":"<p>Gep\u00e4cktaschenhalter Satz schwarz \u00a0 f\u00fcr BMW R2V Modelle \u00a0Airhead. 4-teiliges Design \u2013 Tupel zum Anschrauben des hinteren Subchassis jedes BMW R 2V Modelle \u00a0mit doppeltem D\u00e4mpfer * \u00a0mit sieben Schrauben. Hochbest\u00e4ndige satinschwarze pulverberschichtung. Klein und funktional , auch ohne Satteltaschen gut anzusehen. Sehr solide Struktur, getestet f\u00fcr mehr als 60000 km mit Lasten von bis [&#8230;]\n","protected":false},"featured_media":8897,"comment_status":"closed","ping_status":"closed","template":"","meta":{"spay_email":""},"product_cat":[696,128,96],"product_tag":[242,786],"yoast_head":"<!-- This site is optimized with the Yoast SEO plugin v16.8 - https:\/\/yoast.com\/wordpress\/plugins\/seo\/ -->\n<title>BMW R 2V Airhead Satteltaschenst\u00e4nder - Satin Black - La Poderosa Goods - Satteltaschen, Gep\u00e4ck und Premium-Motorradzubeh\u00f6r<\/title>\n<meta name=\"robots\" content=\"index, follow, max-snippet:-1, max-image-preview:large, max-video-preview:-1\" \/>\n<link rel=\"canonical\" href=\"https:\/\/lapoderosagoods.com\/de\/produkt\/soportes-para-alforjas-bmw-airhead-negro-satinado\/\" \/>\n<meta property=\"og:locale\" content=\"de_DE\" \/>\n<meta property=\"og:type\" content=\"article\" \/>\n<meta property=\"og:title\" content=\"BMW R 2V Airhead Satteltaschenst\u00e4nder - Satin Black - La Poderosa Goods - Satteltaschen, Gep\u00e4ck und Premium-Motorradzubeh\u00f6r\" \/>\n<meta property=\"og:description\" content=\"Gep\u00e4cktaschenhalter Satz schwarz \u00a0 f\u00fcr BMW R2V Modelle \u00a0Airhead. 4-teiliges Design \u2013 Tupel zum Anschrauben des hinteren Subchassis jedes BMW R 2V Modelle \u00a0mit doppeltem D\u00e4mpfer * \u00a0mit sieben Schrauben. Hochbest\u00e4ndige satinschwarze pulverberschichtung. Klein und funktional , auch ohne Satteltaschen gut anzusehen. Sehr solide Struktur, getestet f\u00fcr mehr als 60000 km mit Lasten von bis [...]\" \/>\n<meta property=\"og:url\" content=\"https:\/\/lapoderosagoods.com\/produkt\/soportes-para-alforjas-bmw-airhead-negro-satinado\/\" \/>\n<meta property=\"og:site_name\" content=\"La Poderosa Goods - Satteltaschen, Gep\u00e4ck und Premium-Motorradzubeh\u00f6r\" \/>\n<meta property=\"article:modified_time\" content=\"2023-01-26T15:56:09+00:00\" \/>\n<meta property=\"og:image\" content=\"https:\/\/lapoderosagoods.com\/wp-content\/uploads\/2021\/06\/BmwAirheadsdoublerackblack.jpg\" \/>\n\t<meta property=\"og:image:width\" content=\"760\" \/>\n\t<meta property=\"og:image:height\" content=\"760\" \/>\n<meta name=\"twitter:card\" content=\"summary_large_image\" \/>\n<meta name=\"twitter:label1\" content=\"Gesch\u00e4tzte Lesezeit\" \/>\n\t<meta name=\"twitter:data1\" content=\"1 Minute\" \/>\n<script type=\"application\/ld+json\" class=\"yoast-schema-graph\">{\"@context\":\"https:\/\/schema.org\",\"@graph\":[{\"@type\":\"Organization\",\"@id\":\"https:\/\/lapoderosagoods.com\/#organization\",\"name\":\"La Poderosa Classic Goods\",\"url\":\"https:\/\/lapoderosagoods.com\/\",\"sameAs\":[],\"logo\":{\"@type\":\"ImageObject\",\"@id\":\"https:\/\/lapoderosagoods.com\/#logo\",\"inLanguage\":\"de-DE\",\"url\":\"https:\/\/lapoderosagoods.com\/wp-content\/uploads\/2019\/10\/poderosa.png\",\"contentUrl\":\"https:\/\/lapoderosagoods.com\/wp-content\/uploads\/2019\/10\/poderosa.png\",\"width\":290,\"height\":209,\"caption\":\"La Poderosa Classic Goods\"},\"image\":{\"@id\":\"https:\/\/lapoderosagoods.com\/#logo\"}},{\"@type\":\"WebSite\",\"@id\":\"https:\/\/lapoderosagoods.com\/#website\",\"url\":\"https:\/\/lapoderosagoods.com\/\",\"name\":\"La Poderosa Goods - Satteltaschen, Gep\\u00e4ck und Premium-Motorradzubeh\\u00f6r\",\"description\":\"Gep\\u00e4ck, St\\u00e4nder, Satteltaschen und Zubeh\\u00f6r f\\u00fcr Klassiker, Caf\\u00e9 Racer oder Adventure Bikes. \",\"publisher\":{\"@id\":\"https:\/\/lapoderosagoods.com\/#organization\"},\"potentialAction\":[{\"@type\":\"SearchAction\",\"target\":{\"@type\":\"EntryPoint\",\"urlTemplate\":\"https:\/\/lapoderosagoods.com\/?s={search_term_string}\"},\"query-input\":\"required name=search_term_string\"}],\"inLanguage\":\"de-DE\"},{\"@type\":\"ImageObject\",\"@id\":\"https:\/\/lapoderosagoods.com\/produkt\/soportes-para-alforjas-bmw-airhead-negro-satinado\/#primaryimage\",\"inLanguage\":\"de-DE\",\"url\":\"https:\/\/lapoderosagoods.com\/wp-content\/uploads\/2021\/06\/BmwAirheadsdoublerackblack.jpg\",\"contentUrl\":\"https:\/\/lapoderosagoods.com\/wp-content\/uploads\/2021\/06\/BmwAirheadsdoublerackblack.jpg\",\"width\":760,\"height\":760},{\"@type\":\"WebPage\",\"@id\":\"https:\/\/lapoderosagoods.com\/produkt\/soportes-para-alforjas-bmw-airhead-negro-satinado\/#webpage\",\"url\":\"https:\/\/lapoderosagoods.com\/produkt\/soportes-para-alforjas-bmw-airhead-negro-satinado\/\",\"name\":\"BMW R 2V Airhead Satteltaschenst\\u00e4nder - Satin Black - La Poderosa Goods - Satteltaschen, Gep\\u00e4ck und Premium-Motorradzubeh\\u00f6r\",\"isPartOf\":{\"@id\":\"https:\/\/lapoderosagoods.com\/#website\"},\"primaryImageOfPage\":{\"@id\":\"https:\/\/lapoderosagoods.com\/produkt\/soportes-para-alforjas-bmw-airhead-negro-satinado\/#primaryimage\"},\"datePublished\":\"2021-06-25T10:06:50+00:00\",\"dateModified\":\"2023-01-26T15:56:09+00:00\",\"breadcrumb\":{\"@id\":\"https:\/\/lapoderosagoods.com\/produkt\/soportes-para-alforjas-bmw-airhead-negro-satinado\/#breadcrumb\"},\"inLanguage\":\"de-DE\",\"potentialAction\":[{\"@type\":\"ReadAction\",\"target\":[\"https:\/\/lapoderosagoods.com\/produkt\/soportes-para-alforjas-bmw-airhead-negro-satinado\/\"]}]},{\"@type\":\"BreadcrumbList\",\"@id\":\"https:\/\/lapoderosagoods.com\/produkt\/soportes-para-alforjas-bmw-airhead-negro-satinado\/#breadcrumb\",\"itemListElement\":[{\"@type\":\"ListItem\",\"position\":1,\"name\":\"Portada\",\"item\":\"https:\/\/lapoderosagoods.com\/\"},{\"@type\":\"ListItem\",\"position\":2,\"name\":\"Produkte\",\"item\":\"https:\/\/lapoderosagoods.com\/de\/produkte\/\"},{\"@type\":\"ListItem\",\"position\":3,\"name\":\"BMW R 2V Airhead Satteltaschenst\\u00e4nder &#8211; Satin Black\"}]}]}<\/script>\n<!-- \/ Yoast SEO plugin. -->","yoast_head_json":{"title":"BMW R 2V Airhead Satteltaschenst\u00e4nder - Satin Black - La Poderosa Goods - Satteltaschen, Gep\u00e4ck und Premium-Motorradzubeh\u00f6r","robots":{"index":"index","follow":"follow","max-snippet":"max-snippet:-1","max-image-preview":"max-image-preview:large","max-video-preview":"max-video-preview:-1"},"canonical":"https:\/\/lapoderosagoods.com\/de\/produkt\/soportes-para-alforjas-bmw-airhead-negro-satinado\/","og_locale":"de_DE","og_type":"article","og_title":"BMW R 2V Airhead Satteltaschenst\u00e4nder - Satin Black - La Poderosa Goods - Satteltaschen, Gep\u00e4ck und Premium-Motorradzubeh\u00f6r","og_description":"Gep\u00e4cktaschenhalter Satz schwarz \u00a0 f\u00fcr BMW R2V Modelle \u00a0Airhead. 4-teiliges Design \u2013 Tupel zum Anschrauben des hinteren Subchassis jedes BMW R 2V Modelle \u00a0mit doppeltem D\u00e4mpfer * \u00a0mit sieben Schrauben. Hochbest\u00e4ndige satinschwarze pulverberschichtung. Klein und funktional , auch ohne Satteltaschen gut anzusehen. Sehr solide Struktur, getestet f\u00fcr mehr als 60000 km mit Lasten von bis [...]","og_url":"https:\/\/lapoderosagoods.com\/produkt\/soportes-para-alforjas-bmw-airhead-negro-satinado\/","og_site_name":"La Poderosa Goods - Satteltaschen, Gep\u00e4ck und Premium-Motorradzubeh\u00f6r","article_modified_time":"2023-01-26T15:56:09+00:00","og_image":[{"width":760,"height":760,"url":"https:\/\/lapoderosagoods.com\/wp-content\/uploads\/2021\/06\/BmwAirheadsdoublerackblack.jpg","path":"\/home\/spainmot\/lapoderosagoods\/wp-content\/uploads\/2021\/06\/BmwAirheadsdoublerackblack.jpg","size":"full","id":8897,"alt":"","pixels":577600,"type":"image\/jpeg"}],"twitter_card":"summary_large_image","twitter_misc":{"Gesch\u00e4tzte Lesezeit":"1 Minute"},"schema":{"@context":"https:\/\/schema.org","@graph":[{"@type":"Organization","@id":"https:\/\/lapoderosagoods.com\/#organization","name":"La Poderosa Classic Goods","url":"https:\/\/lapoderosagoods.com\/","sameAs":[],"logo":{"@type":"ImageObject","@id":"https:\/\/lapoderosagoods.com\/#logo","inLanguage":"de-DE","url":"https:\/\/lapoderosagoods.com\/wp-content\/uploads\/2019\/10\/poderosa.png","contentUrl":"https:\/\/lapoderosagoods.com\/wp-content\/uploads\/2019\/10\/poderosa.png","width":290,"height":209,"caption":"La Poderosa Classic Goods"},"image":{"@id":"https:\/\/lapoderosagoods.com\/#logo"}},{"@type":"WebSite","@id":"https:\/\/lapoderosagoods.com\/#website","url":"https:\/\/lapoderosagoods.com\/","name":"La Poderosa Goods - Satteltaschen, Gep\u00e4ck und Premium-Motorradzubeh\u00f6r","description":"Gep\u00e4ck, St\u00e4nder, Satteltaschen und Zubeh\u00f6r f\u00fcr Klassiker, Caf\u00e9 Racer oder Adventure Bikes. ","publisher":{"@id":"https:\/\/lapoderosagoods.com\/#organization"},"potentialAction":[{"@type":"SearchAction","target":{"@type":"EntryPoint","urlTemplate":"https:\/\/lapoderosagoods.com\/?s={search_term_string}"},"query-input":"required name=search_term_string"}],"inLanguage":"de-DE"},{"@type":"ImageObject","@id":"https:\/\/lapoderosagoods.com\/produkt\/soportes-para-alforjas-bmw-airhead-negro-satinado\/#primaryimage","inLanguage":"de-DE","url":"https:\/\/lapoderosagoods.com\/wp-content\/uploads\/2021\/06\/BmwAirheadsdoublerackblack.jpg","contentUrl":"https:\/\/lapoderosagoods.com\/wp-content\/uploads\/2021\/06\/BmwAirheadsdoublerackblack.jpg","width":760,"height":760},{"@type":"WebPage","@id":"https:\/\/lapoderosagoods.com\/produkt\/soportes-para-alforjas-bmw-airhead-negro-satinado\/#webpage","url":"https:\/\/lapoderosagoods.com\/produkt\/soportes-para-alforjas-bmw-airhead-negro-satinado\/","name":"BMW R 2V Airhead Satteltaschenst\u00e4nder - Satin Black - La Poderosa Goods - Satteltaschen, Gep\u00e4ck und Premium-Motorradzubeh\u00f6r","isPartOf":{"@id":"https:\/\/lapoderosagoods.com\/#website"},"primaryImageOfPage":{"@id":"https:\/\/lapoderosagoods.com\/produkt\/soportes-para-alforjas-bmw-airhead-negro-satinado\/#primaryimage"},"datePublished":"2021-06-25T10:06:50+00:00","dateModified":"2023-01-26T15:56:09+00:00","breadcrumb":{"@id":"https:\/\/lapoderosagoods.com\/produkt\/soportes-para-alforjas-bmw-airhead-negro-satinado\/#breadcrumb"},"inLanguage":"de-DE","potentialAction":[{"@type":"ReadAction","target":["https:\/\/lapoderosagoods.com\/produkt\/soportes-para-alforjas-bmw-airhead-negro-satinado\/"]}]},{"@type":"BreadcrumbList","@id":"https:\/\/lapoderosagoods.com\/produkt\/soportes-para-alforjas-bmw-airhead-negro-satinado\/#breadcrumb","itemListElement":[{"@type":"ListItem","position":1,"name":"Portada","item":"https:\/\/lapoderosagoods.com\/"},{"@type":"ListItem","position":2,"name":"Produkte","item":"https:\/\/lapoderosagoods.com\/de\/produkte\/"},{"@type":"ListItem","position":3,"name":"BMW R 2V Airhead Satteltaschenst\u00e4nder &#8211; Satin Black"}]}]}},"_links":{"self":[{"href":"https:\/\/lapoderosagoods.com\/de\/wp-json\/wp\/v2\/product\/9283"}],"collection":[{"href":"https:\/\/lapoderosagoods.com\/de\/wp-json\/wp\/v2\/product"}],"about":[{"href":"https:\/\/lapoderosagoods.com\/de\/wp-json\/wp\/v2\/types\/product"}],"replies":[{"embeddable":true,"href":"https:\/\/lapoderosagoods.com\/de\/wp-json\/wp\/v2\/comments?post=9283"}],"wp:featuredmedia":[{"embeddable":true,"href":"https:\/\/lapoderosagoods.com\/de\/wp-json\/wp\/v2\/media\/8897"}],"wp:attachment":[{"href":"https:\/\/lapoderosagoods.com\/de\/wp-json\/wp\/v2\/media?parent=9283"}],"wp:term":[{"taxonomy":"product_cat","embeddable":true,"href":"https:\/\/lapoderosagoods.com\/de\/wp-json\/wp\/v2\/product_cat?post=9283"},{"taxonomy":"product_tag","embeddable":true,"href":"https:\/\/lapoderosagoods.com\/de\/wp-json\/wp\/v2\/product_tag?post=9283"}],"curies":[{"name":"wp","href":"https:\/\/api.w.org\/{rel}","templated":true}]}}