{"id":9264,"date":"2021-06-25T12:00:41","date_gmt":"2021-06-25T10:00:41","guid":{"rendered":"https:\/\/lapoderosagoods.spainmotoexperiences.es\/producto\/satteltasche-bariloche-25l-smoked-black\/"},"modified":"2026-03-30T00:14:03","modified_gmt":"2026-03-29T22:14:03","slug":"satteltasche-bariloche-25l-smoked-black","status":"publish","type":"product","link":"https:\/\/lapoderosagoods.com\/de\/produkt\/satteltasche-bariloche-25l-smoked-black\/","title":{"rendered":"Satteltasche Bariloche 25L &#8211; Smoked Black"},"content":{"rendered":"<p class=\"p1\"><span class=\"s1\"><span>Handgefertigt in Spanien mit 100% <\/span><span class=\"Apple-converted-space\"><span>\u00a0gewachstem<\/span><\/span><span> \u00a0und wasserdichtem Baumwollgewebe von 560 gr \/ m2 (20 OZ).<\/span><\/span><\/p>\n<p class=\"p1\"><span class=\"s1\"><span>Der Preis der Satteltasche beinhaltet nicht die Halterungen am Motorrad. <\/span><\/p>\n<p><span>Rotes Tartan-Futter und 4 mm starkes Naturleder. Alle Materialien sind von h\u00f6chster Qualit\u00e4t und sehr widerstandsf\u00e4hig.<\/span><\/p>\n<p><\/span><\/p>\n<p class=\"p1\"><span>Befestigungssystem am Stahlrahmen mittels Click-Fix-Kupplung deutscher Technik und mit Schl\u00fcsselschloss.<\/span><\/p>\n<p class=\"p1\"><span class=\"s1\"><span>Ma\u00dfe: 40 cm H\u00f6he (ausziehbar auf 50 cm) x 38 cm Breite x 15 cm Tiefe. Ungef\u00e4hr 25 Liter.<\/span><\/span><\/p>\n<p class=\"p1\"><span class=\"s1\"><span>Inklusive Griff zum Aufh\u00e4ngen und Schl\u00fcssel zum Schlie\u00dfen.<\/span><\/span><\/p>\n<p class=\"p1\"><span class=\"s1\"><span>Unverzichtbar f\u00fcr stilvolles Reisen, allein oder zu zweit.<\/span><\/span><\/p>\n<p class=\"p1\"><span class=\"s1\"><span>Seit \u00fcber 30000km getestete Seitentasche mit Belastungen bis 12kg.<\/span><\/span><\/p>\n<p class=\"p1\"><span>Rauchschwarze Farbe (mit schwarzen Lederoberfl\u00e4chen). Rotes Tartan-Futter.<\/span><\/p>\n","protected":false},"excerpt":{"rendered":"<p>Handgefertigt in Spanien mit 100% \u00a0gewachstem \u00a0und wasserdichtem Baumwollgewebe von 560 gr \/ m2 (20 OZ). Der Preis der Satteltasche beinhaltet nicht die Halterungen am Motorrad. Rotes Tartan-Futter und 4 mm starkes Naturleder. Alle Materialien sind von h\u00f6chster Qualit\u00e4t und sehr widerstandsf\u00e4hig. Befestigungssystem am Stahlrahmen mittels Click-Fix-Kupplung deutscher Technik und mit Schl\u00fcsselschloss. Ma\u00dfe: 40 cm [&#8230;]\n","protected":false},"featured_media":14110,"comment_status":"closed","ping_status":"closed","template":"","meta":{"spay_email":""},"product_cat":[159,93],"product_tag":[776,237,242,612,477,826,261,786,441,874,952,870,254,244,887,246,249,758,759,851,264,256,856,578,812,779,572,782,560,569,513,268,847,272,915,956,893,600,531,896,516,275,278,899,280,802,903,282,794,798,532,808,288,486,483,489,492,296,819,298,923,632,835,927,636,292,640,908,519,890,648,644,652,656,932,823,968,864,919,302,613,620,305,790,860,308,936,310,313,317,320,628,624,322,501,326,328,831,607,761,331],"yoast_head":"<!-- This site is optimized with the Yoast SEO plugin v16.8 - https:\/\/yoast.com\/wordpress\/plugins\/seo\/ -->\n<title>Satteltasche Bariloche 25L - Smoked Black - La Poderosa Goods - Satteltaschen, Gep\u00e4ck und Premium-Motorradzubeh\u00f6r<\/title>\n<meta name=\"robots\" content=\"index, follow, max-snippet:-1, max-image-preview:large, max-video-preview:-1\" \/>\n<link rel=\"canonical\" href=\"https:\/\/lapoderosagoods.com\/de\/produkt\/satteltasche-bariloche-25l-smoked-black\/\" \/>\n<meta property=\"og:locale\" content=\"de_DE\" \/>\n<meta property=\"og:type\" content=\"article\" \/>\n<meta property=\"og:title\" content=\"Satteltasche Bariloche 25L - Smoked Black - La Poderosa Goods - Satteltaschen, Gep\u00e4ck und Premium-Motorradzubeh\u00f6r\" \/>\n<meta property=\"og:description\" content=\"Handgefertigt in Spanien mit 100% \u00a0gewachstem \u00a0und wasserdichtem Baumwollgewebe von 560 gr \/ m2 (20 OZ). Der Preis der Satteltasche beinhaltet nicht die Halterungen am Motorrad. Rotes Tartan-Futter und 4 mm starkes Naturleder. Alle Materialien sind von h\u00f6chster Qualit\u00e4t und sehr widerstandsf\u00e4hig. Befestigungssystem am Stahlrahmen mittels Click-Fix-Kupplung deutscher Technik und mit Schl\u00fcsselschloss. Ma\u00dfe: 40 cm [...]\" \/>\n<meta property=\"og:url\" content=\"https:\/\/lapoderosagoods.com\/de\/produkt\/satteltasche-bariloche-25l-smoked-black\/\" \/>\n<meta property=\"og:site_name\" content=\"La Poderosa Goods - Satteltaschen, Gep\u00e4ck und Premium-Motorradzubeh\u00f6r\" \/>\n<meta property=\"article:modified_time\" content=\"2026-03-29T22:14:03+00:00\" \/>\n<meta property=\"og:image\" content=\"https:\/\/lapoderosagoods.com\/wp-content\/uploads\/2022\/08\/bariloche-negro-delante-estudio-japo-.jpg\" \/>\n\t<meta property=\"og:image:width\" content=\"1200\" \/>\n\t<meta property=\"og:image:height\" content=\"1200\" \/>\n<meta name=\"twitter:card\" content=\"summary_large_image\" \/>\n<meta name=\"twitter:label1\" content=\"Gesch\u00e4tzte Lesezeit\" \/>\n\t<meta name=\"twitter:data1\" content=\"1 Minute\" \/>\n<script type=\"application\/ld+json\" class=\"yoast-schema-graph\">{\"@context\":\"https:\/\/schema.org\",\"@graph\":[{\"@type\":\"Organization\",\"@id\":\"https:\/\/lapoderosagoods.com\/#organization\",\"name\":\"La Poderosa Classic Goods\",\"url\":\"https:\/\/lapoderosagoods.com\/\",\"sameAs\":[],\"logo\":{\"@type\":\"ImageObject\",\"@id\":\"https:\/\/lapoderosagoods.com\/#logo\",\"inLanguage\":\"de-DE\",\"url\":\"https:\/\/lapoderosagoods.com\/wp-content\/uploads\/2019\/10\/poderosa.png\",\"contentUrl\":\"https:\/\/lapoderosagoods.com\/wp-content\/uploads\/2019\/10\/poderosa.png\",\"width\":290,\"height\":209,\"caption\":\"La Poderosa Classic Goods\"},\"image\":{\"@id\":\"https:\/\/lapoderosagoods.com\/#logo\"}},{\"@type\":\"WebSite\",\"@id\":\"https:\/\/lapoderosagoods.com\/#website\",\"url\":\"https:\/\/lapoderosagoods.com\/\",\"name\":\"La Poderosa Goods - Satteltaschen, Gep\\u00e4ck und Premium-Motorradzubeh\\u00f6r\",\"description\":\"Gep\\u00e4ck, St\\u00e4nder, Satteltaschen und Zubeh\\u00f6r f\\u00fcr Klassiker, Caf\\u00e9 Racer oder Adventure Bikes. \",\"publisher\":{\"@id\":\"https:\/\/lapoderosagoods.com\/#organization\"},\"potentialAction\":[{\"@type\":\"SearchAction\",\"target\":{\"@type\":\"EntryPoint\",\"urlTemplate\":\"https:\/\/lapoderosagoods.com\/?s={search_term_string}\"},\"query-input\":\"required name=search_term_string\"}],\"inLanguage\":\"de-DE\"},{\"@type\":\"ImageObject\",\"@id\":\"https:\/\/lapoderosagoods.com\/de\/produkt\/satteltasche-bariloche-25l-smoked-black\/#primaryimage\",\"inLanguage\":\"de-DE\",\"url\":\"https:\/\/lapoderosagoods.com\/wp-content\/uploads\/2022\/08\/bariloche-negro-delante-estudio-japo-.jpg\",\"contentUrl\":\"https:\/\/lapoderosagoods.com\/wp-content\/uploads\/2022\/08\/bariloche-negro-delante-estudio-japo-.jpg\",\"width\":1200,\"height\":1200},{\"@type\":\"WebPage\",\"@id\":\"https:\/\/lapoderosagoods.com\/de\/produkt\/satteltasche-bariloche-25l-smoked-black\/#webpage\",\"url\":\"https:\/\/lapoderosagoods.com\/de\/produkt\/satteltasche-bariloche-25l-smoked-black\/\",\"name\":\"Satteltasche Bariloche 25L - Smoked Black - La Poderosa Goods - Satteltaschen, Gep\\u00e4ck und Premium-Motorradzubeh\\u00f6r\",\"isPartOf\":{\"@id\":\"https:\/\/lapoderosagoods.com\/#website\"},\"primaryImageOfPage\":{\"@id\":\"https:\/\/lapoderosagoods.com\/de\/produkt\/satteltasche-bariloche-25l-smoked-black\/#primaryimage\"},\"datePublished\":\"2021-06-25T10:00:41+00:00\",\"dateModified\":\"2026-03-29T22:14:03+00:00\",\"breadcrumb\":{\"@id\":\"https:\/\/lapoderosagoods.com\/de\/produkt\/satteltasche-bariloche-25l-smoked-black\/#breadcrumb\"},\"inLanguage\":\"de-DE\",\"potentialAction\":[{\"@type\":\"ReadAction\",\"target\":[\"https:\/\/lapoderosagoods.com\/de\/produkt\/satteltasche-bariloche-25l-smoked-black\/\"]}]},{\"@type\":\"BreadcrumbList\",\"@id\":\"https:\/\/lapoderosagoods.com\/de\/produkt\/satteltasche-bariloche-25l-smoked-black\/#breadcrumb\",\"itemListElement\":[{\"@type\":\"ListItem\",\"position\":1,\"name\":\"Portada\",\"item\":\"https:\/\/lapoderosagoods.com\/\"},{\"@type\":\"ListItem\",\"position\":2,\"name\":\"Produkte\",\"item\":\"https:\/\/lapoderosagoods.com\/de\/produkte\/\"},{\"@type\":\"ListItem\",\"position\":3,\"name\":\"Satteltasche Bariloche 25L &#8211; Smoked Black\"}]}]}<\/script>\n<!-- \/ Yoast SEO plugin. -->","yoast_head_json":{"title":"Satteltasche Bariloche 25L - Smoked Black - La Poderosa Goods - Satteltaschen, Gep\u00e4ck und Premium-Motorradzubeh\u00f6r","robots":{"index":"index","follow":"follow","max-snippet":"max-snippet:-1","max-image-preview":"max-image-preview:large","max-video-preview":"max-video-preview:-1"},"canonical":"https:\/\/lapoderosagoods.com\/de\/produkt\/satteltasche-bariloche-25l-smoked-black\/","og_locale":"de_DE","og_type":"article","og_title":"Satteltasche Bariloche 25L - Smoked Black - La Poderosa Goods - Satteltaschen, Gep\u00e4ck und Premium-Motorradzubeh\u00f6r","og_description":"Handgefertigt in Spanien mit 100% \u00a0gewachstem \u00a0und wasserdichtem Baumwollgewebe von 560 gr \/ m2 (20 OZ). Der Preis der Satteltasche beinhaltet nicht die Halterungen am Motorrad. Rotes Tartan-Futter und 4 mm starkes Naturleder. Alle Materialien sind von h\u00f6chster Qualit\u00e4t und sehr widerstandsf\u00e4hig. Befestigungssystem am Stahlrahmen mittels Click-Fix-Kupplung deutscher Technik und mit Schl\u00fcsselschloss. Ma\u00dfe: 40 cm [...]","og_url":"https:\/\/lapoderosagoods.com\/de\/produkt\/satteltasche-bariloche-25l-smoked-black\/","og_site_name":"La Poderosa Goods - Satteltaschen, Gep\u00e4ck und Premium-Motorradzubeh\u00f6r","article_modified_time":"2026-03-29T22:14:03+00:00","og_image":[{"width":1200,"height":1200,"url":"https:\/\/lapoderosagoods.com\/wp-content\/uploads\/2022\/08\/bariloche-negro-delante-estudio-japo-.jpg","path":"\/home\/spainmot\/lapoderosagoods\/wp-content\/uploads\/2022\/08\/bariloche-negro-delante-estudio-japo-.jpg","size":"full","id":14110,"alt":"","pixels":1440000,"type":"image\/jpeg"}],"twitter_card":"summary_large_image","twitter_misc":{"Gesch\u00e4tzte Lesezeit":"1 Minute"},"schema":{"@context":"https:\/\/schema.org","@graph":[{"@type":"Organization","@id":"https:\/\/lapoderosagoods.com\/#organization","name":"La Poderosa Classic Goods","url":"https:\/\/lapoderosagoods.com\/","sameAs":[],"logo":{"@type":"ImageObject","@id":"https:\/\/lapoderosagoods.com\/#logo","inLanguage":"de-DE","url":"https:\/\/lapoderosagoods.com\/wp-content\/uploads\/2019\/10\/poderosa.png","contentUrl":"https:\/\/lapoderosagoods.com\/wp-content\/uploads\/2019\/10\/poderosa.png","width":290,"height":209,"caption":"La Poderosa Classic Goods"},"image":{"@id":"https:\/\/lapoderosagoods.com\/#logo"}},{"@type":"WebSite","@id":"https:\/\/lapoderosagoods.com\/#website","url":"https:\/\/lapoderosagoods.com\/","name":"La Poderosa Goods - Satteltaschen, Gep\u00e4ck und Premium-Motorradzubeh\u00f6r","description":"Gep\u00e4ck, St\u00e4nder, Satteltaschen und Zubeh\u00f6r f\u00fcr Klassiker, Caf\u00e9 Racer oder Adventure Bikes. ","publisher":{"@id":"https:\/\/lapoderosagoods.com\/#organization"},"potentialAction":[{"@type":"SearchAction","target":{"@type":"EntryPoint","urlTemplate":"https:\/\/lapoderosagoods.com\/?s={search_term_string}"},"query-input":"required name=search_term_string"}],"inLanguage":"de-DE"},{"@type":"ImageObject","@id":"https:\/\/lapoderosagoods.com\/de\/produkt\/satteltasche-bariloche-25l-smoked-black\/#primaryimage","inLanguage":"de-DE","url":"https:\/\/lapoderosagoods.com\/wp-content\/uploads\/2022\/08\/bariloche-negro-delante-estudio-japo-.jpg","contentUrl":"https:\/\/lapoderosagoods.com\/wp-content\/uploads\/2022\/08\/bariloche-negro-delante-estudio-japo-.jpg","width":1200,"height":1200},{"@type":"WebPage","@id":"https:\/\/lapoderosagoods.com\/de\/produkt\/satteltasche-bariloche-25l-smoked-black\/#webpage","url":"https:\/\/lapoderosagoods.com\/de\/produkt\/satteltasche-bariloche-25l-smoked-black\/","name":"Satteltasche Bariloche 25L - Smoked Black - La Poderosa Goods - Satteltaschen, Gep\u00e4ck und Premium-Motorradzubeh\u00f6r","isPartOf":{"@id":"https:\/\/lapoderosagoods.com\/#website"},"primaryImageOfPage":{"@id":"https:\/\/lapoderosagoods.com\/de\/produkt\/satteltasche-bariloche-25l-smoked-black\/#primaryimage"},"datePublished":"2021-06-25T10:00:41+00:00","dateModified":"2026-03-29T22:14:03+00:00","breadcrumb":{"@id":"https:\/\/lapoderosagoods.com\/de\/produkt\/satteltasche-bariloche-25l-smoked-black\/#breadcrumb"},"inLanguage":"de-DE","potentialAction":[{"@type":"ReadAction","target":["https:\/\/lapoderosagoods.com\/de\/produkt\/satteltasche-bariloche-25l-smoked-black\/"]}]},{"@type":"BreadcrumbList","@id":"https:\/\/lapoderosagoods.com\/de\/produkt\/satteltasche-bariloche-25l-smoked-black\/#breadcrumb","itemListElement":[{"@type":"ListItem","position":1,"name":"Portada","item":"https:\/\/lapoderosagoods.com\/"},{"@type":"ListItem","position":2,"name":"Produkte","item":"https:\/\/lapoderosagoods.com\/de\/produkte\/"},{"@type":"ListItem","position":3,"name":"Satteltasche Bariloche 25L &#8211; Smoked Black"}]}]}},"_links":{"self":[{"href":"https:\/\/lapoderosagoods.com\/de\/wp-json\/wp\/v2\/product\/9264"}],"collection":[{"href":"https:\/\/lapoderosagoods.com\/de\/wp-json\/wp\/v2\/product"}],"about":[{"href":"https:\/\/lapoderosagoods.com\/de\/wp-json\/wp\/v2\/types\/product"}],"replies":[{"embeddable":true,"href":"https:\/\/lapoderosagoods.com\/de\/wp-json\/wp\/v2\/comments?post=9264"}],"wp:featuredmedia":[{"embeddable":true,"href":"https:\/\/lapoderosagoods.com\/de\/wp-json\/wp\/v2\/media\/14110"}],"wp:attachment":[{"href":"https:\/\/lapoderosagoods.com\/de\/wp-json\/wp\/v2\/media?parent=9264"}],"wp:term":[{"taxonomy":"product_cat","embeddable":true,"href":"https:\/\/lapoderosagoods.com\/de\/wp-json\/wp\/v2\/product_cat?post=9264"},{"taxonomy":"product_tag","embeddable":true,"href":"https:\/\/lapoderosagoods.com\/de\/wp-json\/wp\/v2\/product_tag?post=9264"}],"curies":[{"name":"wp","href":"https:\/\/api.w.org\/{rel}","templated":true}]}}