{"id":9232,"date":"2021-06-25T12:01:06","date_gmt":"2021-06-25T10:01:06","guid":{"rendered":"https:\/\/lapoderosagoods.spainmotoexperiences.es\/producto\/dakhla-12l-satteltasche-smoked-black-mit-braunem-leder\/"},"modified":"2025-06-21T01:38:56","modified_gmt":"2025-06-20T23:38:56","slug":"dakhla-12l-satteltasche-smoked-black-mit-braunem-leder","status":"publish","type":"product","link":"https:\/\/lapoderosagoods.com\/de\/produkt\/dakhla-12l-satteltasche-smoked-black-mit-braunem-leder\/","title":{"rendered":"Dakhla 12L Satteltasche &#8211; Smoked Black mit braunem Leder"},"content":{"rendered":"<div class=\"product-single__description rte\">\n<p class=\"s3\"><span class=\"s2\"><span>Handgefertigt in Espa <\/span><\/span><span class=\"s2\"><span>\u00f1 <\/span><\/span><span class=\"s2\"><span>mit Baumwoll-Canvas <\/span><\/span><span class=\"s2\"><span>oder <\/span><\/span><span class=\"s2\"><span>n 100% gewachst und wasserdicht 560 gr \/ m2 (20 oz).<\/span><\/span><\/p>\n<p class=\"s3\"><span class=\"s2\"><span>Der Preis der Satteltasche beinhaltet nicht die Halterungen f\u00fcr das Motorrad.<\/span><\/span><\/p>\n<p class=\"s3\"><span class=\"s2\"><br \/>\n<span>Rotes Tartan-Futter und 4 mm starkes Naturleder. <\/span><\/p>\n<p><span>Alle Materialien sind von h\u00f6chster Qualit\u00e4t und sehr widerstandsf\u00e4hig.<\/span><\/span><\/p>\n<p class=\"s3\"><span class=\"s2\"><span>Befestigungssystem <\/span><\/span><span class=\"s2\"><span>it oder <\/span><\/span><span class=\"s2\"><span>n am Stahlrahmen durch Kupplung Klick-Fix Technik <\/span><\/span><span class=\"s2\"><span>\u00ed <\/span><\/span><span class=\"s2\"><span>auf Deutsch und abschlie\u00dfbar. <\/span><\/p>\n<p><span>Tasche f\u00fcr Dokumentation <\/span><span>oder <\/span><span>n und Griff zum Aufh\u00e4ngen.<\/span><br \/>\n<\/span><\/p>\n<p class=\"s3\"><span class=\"s2\"><span>Inklusive Griff zum Aufh\u00e4ngen und Schl\u00fcssel zum Schlie\u00dfen.<\/span><\/span><\/p>\n<p class=\"s3\"><span class=\"s2\"><span>Ma\u00dfe: 33 cm H\u00f6he (erweiterbar auf 44 cm) x 25 cm breit x 12 cm tief genug , um ein Computer &#8211; Port zur Aufnahme <\/span><\/span><span class=\"s2\"><span>zu <\/span><\/span><span class=\"s2\"><span>n\u00fctzlichen bis zu 15 Zoll. Ungef\u00e4hr 12 Liter.<\/span><\/span><\/p>\n<p class=\"s3\"><span class=\"s2\"><span>Unverzichtbar, um stilvoll zu reisen, allein oder in Begleitung <\/span><\/span><span class=\"s2\"><span>\u2013 <\/span><\/span><span class=\"s2\"><span>kurzerhand.<\/span><\/span><\/p>\n<p class=\"s3\"><span class=\"s2\"><span>Seit \u00fcber 30000km getestete Seitentasche mit Lasten von bis zu 8kg.<\/span><\/span><\/p>\n<p class=\"s3\"><span class=\"s2\"><span>Ger\u00e4ucherte schwarze Farbe <\/span><\/span><span class=\"s2\"><span>( <\/span><\/span><span class=\"s2\"><span>mit braunen Lederoberfl\u00e4chen) <\/span><\/span><span class=\"s2\"><span>. <\/span><\/span><span class=\"s2\"><span>Rotes Tartan-Futter.<\/span><\/span><\/p>\n<\/div>\n","protected":false},"excerpt":{"rendered":"<p>Handgefertigt in Espa \u00f1 mit Baumwoll-Canvas oder n 100% gewachst und wasserdicht 560 gr \/ m2 (20 oz). Der Preis der Satteltasche beinhaltet nicht die Halterungen f\u00fcr das Motorrad. Rotes Tartan-Futter und 4 mm starkes Naturleder. Alle Materialien sind von h\u00f6chster Qualit\u00e4t und sehr widerstandsf\u00e4hig. Befestigungssystem it oder n am Stahlrahmen durch Kupplung Klick-Fix Technik [&#8230;]\n","protected":false},"featured_media":10147,"comment_status":"closed","ping_status":"closed","template":"","meta":{"spay_email":""},"product_cat":[159,93],"product_tag":[776,237,242,612,477,826,261,786,441,874,952,870,254,244,887,246,249,758,759,851,264,256,856,578,812,779,572,782,560,569,513,268,847,272,915,956,893,600,531,896,516,275,278,899,280,802,903,282,794,798,532,808,288,486,483,489,492,296,819,298,923,632,835,927,636,292,640,908,519,890,648,644,652,656,932,823,968,864,919,302,613,620,305,790,860,308,936,310,313,317,320,628,624,322,501,326,328,831,607,761,331],"yoast_head":"<!-- This site is optimized with the Yoast SEO plugin v16.8 - https:\/\/yoast.com\/wordpress\/plugins\/seo\/ -->\n<title>Dakhla 12L Satteltasche - Smoked Black mit braunem Leder - La Poderosa Goods - Satteltaschen, Gep\u00e4ck und Premium-Motorradzubeh\u00f6r<\/title>\n<meta name=\"robots\" content=\"index, follow, max-snippet:-1, max-image-preview:large, max-video-preview:-1\" \/>\n<link rel=\"canonical\" href=\"https:\/\/lapoderosagoods.com\/de\/produkt\/dakhla-12l-satteltasche-smoked-black-mit-braunem-leder\/\" \/>\n<meta property=\"og:locale\" content=\"de_DE\" \/>\n<meta property=\"og:type\" content=\"article\" \/>\n<meta property=\"og:title\" content=\"Dakhla 12L Satteltasche - Smoked Black mit braunem Leder - La Poderosa Goods - Satteltaschen, Gep\u00e4ck und Premium-Motorradzubeh\u00f6r\" \/>\n<meta property=\"og:description\" content=\"Handgefertigt in Espa \u00f1 mit Baumwoll-Canvas oder n 100% gewachst und wasserdicht 560 gr \/ m2 (20 oz). Der Preis der Satteltasche beinhaltet nicht die Halterungen f\u00fcr das Motorrad. Rotes Tartan-Futter und 4 mm starkes Naturleder. Alle Materialien sind von h\u00f6chster Qualit\u00e4t und sehr widerstandsf\u00e4hig. Befestigungssystem it oder n am Stahlrahmen durch Kupplung Klick-Fix Technik [...]\" \/>\n<meta property=\"og:url\" content=\"https:\/\/lapoderosagoods.com\/de\/produkt\/dakhla-12l-satteltasche-smoked-black-mit-braunem-leder\/\" \/>\n<meta property=\"og:site_name\" content=\"La Poderosa Goods - Satteltaschen, Gep\u00e4ck und Premium-Motorradzubeh\u00f6r\" \/>\n<meta property=\"article:modified_time\" content=\"2025-06-20T23:38:56+00:00\" \/>\n<meta property=\"og:image\" content=\"https:\/\/lapoderosagoods.com\/wp-content\/uploads\/2021\/06\/dakhla-negromarron-9T-galicia-.jpg\" \/>\n\t<meta property=\"og:image:width\" content=\"1600\" \/>\n\t<meta property=\"og:image:height\" content=\"1200\" \/>\n<meta name=\"twitter:card\" content=\"summary_large_image\" \/>\n<meta name=\"twitter:label1\" content=\"Gesch\u00e4tzte Lesezeit\" \/>\n\t<meta name=\"twitter:data1\" content=\"1 Minute\" \/>\n<script type=\"application\/ld+json\" class=\"yoast-schema-graph\">{\"@context\":\"https:\/\/schema.org\",\"@graph\":[{\"@type\":\"Organization\",\"@id\":\"https:\/\/lapoderosagoods.com\/#organization\",\"name\":\"La Poderosa Classic Goods\",\"url\":\"https:\/\/lapoderosagoods.com\/\",\"sameAs\":[],\"logo\":{\"@type\":\"ImageObject\",\"@id\":\"https:\/\/lapoderosagoods.com\/#logo\",\"inLanguage\":\"de-DE\",\"url\":\"https:\/\/lapoderosagoods.com\/wp-content\/uploads\/2019\/10\/poderosa.png\",\"contentUrl\":\"https:\/\/lapoderosagoods.com\/wp-content\/uploads\/2019\/10\/poderosa.png\",\"width\":290,\"height\":209,\"caption\":\"La Poderosa Classic Goods\"},\"image\":{\"@id\":\"https:\/\/lapoderosagoods.com\/#logo\"}},{\"@type\":\"WebSite\",\"@id\":\"https:\/\/lapoderosagoods.com\/#website\",\"url\":\"https:\/\/lapoderosagoods.com\/\",\"name\":\"La Poderosa Goods - Satteltaschen, Gep\\u00e4ck und Premium-Motorradzubeh\\u00f6r\",\"description\":\"Gep\\u00e4ck, St\\u00e4nder, Satteltaschen und Zubeh\\u00f6r f\\u00fcr Klassiker, Caf\\u00e9 Racer oder Adventure Bikes. \",\"publisher\":{\"@id\":\"https:\/\/lapoderosagoods.com\/#organization\"},\"potentialAction\":[{\"@type\":\"SearchAction\",\"target\":{\"@type\":\"EntryPoint\",\"urlTemplate\":\"https:\/\/lapoderosagoods.com\/?s={search_term_string}\"},\"query-input\":\"required name=search_term_string\"}],\"inLanguage\":\"de-DE\"},{\"@type\":\"ImageObject\",\"@id\":\"https:\/\/lapoderosagoods.com\/de\/produkt\/dakhla-12l-satteltasche-smoked-black-mit-braunem-leder\/#primaryimage\",\"inLanguage\":\"de-DE\",\"url\":\"https:\/\/lapoderosagoods.com\/wp-content\/uploads\/2021\/06\/dakhla-negromarron-9T-galicia-.jpg\",\"contentUrl\":\"https:\/\/lapoderosagoods.com\/wp-content\/uploads\/2021\/06\/dakhla-negromarron-9T-galicia-.jpg\",\"width\":1600,\"height\":1200},{\"@type\":\"WebPage\",\"@id\":\"https:\/\/lapoderosagoods.com\/de\/produkt\/dakhla-12l-satteltasche-smoked-black-mit-braunem-leder\/#webpage\",\"url\":\"https:\/\/lapoderosagoods.com\/de\/produkt\/dakhla-12l-satteltasche-smoked-black-mit-braunem-leder\/\",\"name\":\"Dakhla 12L Satteltasche - Smoked Black mit braunem Leder - La Poderosa Goods - Satteltaschen, Gep\\u00e4ck und Premium-Motorradzubeh\\u00f6r\",\"isPartOf\":{\"@id\":\"https:\/\/lapoderosagoods.com\/#website\"},\"primaryImageOfPage\":{\"@id\":\"https:\/\/lapoderosagoods.com\/de\/produkt\/dakhla-12l-satteltasche-smoked-black-mit-braunem-leder\/#primaryimage\"},\"datePublished\":\"2021-06-25T10:01:06+00:00\",\"dateModified\":\"2025-06-20T23:38:56+00:00\",\"breadcrumb\":{\"@id\":\"https:\/\/lapoderosagoods.com\/de\/produkt\/dakhla-12l-satteltasche-smoked-black-mit-braunem-leder\/#breadcrumb\"},\"inLanguage\":\"de-DE\",\"potentialAction\":[{\"@type\":\"ReadAction\",\"target\":[\"https:\/\/lapoderosagoods.com\/de\/produkt\/dakhla-12l-satteltasche-smoked-black-mit-braunem-leder\/\"]}]},{\"@type\":\"BreadcrumbList\",\"@id\":\"https:\/\/lapoderosagoods.com\/de\/produkt\/dakhla-12l-satteltasche-smoked-black-mit-braunem-leder\/#breadcrumb\",\"itemListElement\":[{\"@type\":\"ListItem\",\"position\":1,\"name\":\"Portada\",\"item\":\"https:\/\/lapoderosagoods.com\/\"},{\"@type\":\"ListItem\",\"position\":2,\"name\":\"Produkte\",\"item\":\"https:\/\/lapoderosagoods.com\/de\/produkte\/\"},{\"@type\":\"ListItem\",\"position\":3,\"name\":\"Dakhla 12L Satteltasche &#8211; Smoked Black mit braunem Leder\"}]}]}<\/script>\n<!-- \/ Yoast SEO plugin. -->","yoast_head_json":{"title":"Dakhla 12L Satteltasche - Smoked Black mit braunem Leder - La Poderosa Goods - Satteltaschen, Gep\u00e4ck und Premium-Motorradzubeh\u00f6r","robots":{"index":"index","follow":"follow","max-snippet":"max-snippet:-1","max-image-preview":"max-image-preview:large","max-video-preview":"max-video-preview:-1"},"canonical":"https:\/\/lapoderosagoods.com\/de\/produkt\/dakhla-12l-satteltasche-smoked-black-mit-braunem-leder\/","og_locale":"de_DE","og_type":"article","og_title":"Dakhla 12L Satteltasche - Smoked Black mit braunem Leder - La Poderosa Goods - Satteltaschen, Gep\u00e4ck und Premium-Motorradzubeh\u00f6r","og_description":"Handgefertigt in Espa \u00f1 mit Baumwoll-Canvas oder n 100% gewachst und wasserdicht 560 gr \/ m2 (20 oz). Der Preis der Satteltasche beinhaltet nicht die Halterungen f\u00fcr das Motorrad. Rotes Tartan-Futter und 4 mm starkes Naturleder. Alle Materialien sind von h\u00f6chster Qualit\u00e4t und sehr widerstandsf\u00e4hig. Befestigungssystem it oder n am Stahlrahmen durch Kupplung Klick-Fix Technik [...]","og_url":"https:\/\/lapoderosagoods.com\/de\/produkt\/dakhla-12l-satteltasche-smoked-black-mit-braunem-leder\/","og_site_name":"La Poderosa Goods - Satteltaschen, Gep\u00e4ck und Premium-Motorradzubeh\u00f6r","article_modified_time":"2025-06-20T23:38:56+00:00","og_image":[{"width":1600,"height":1200,"url":"https:\/\/lapoderosagoods.com\/wp-content\/uploads\/2021\/06\/dakhla-negromarron-9T-galicia-.jpg","path":"\/home\/spainmot\/lapoderosagoods\/wp-content\/uploads\/2021\/06\/dakhla-negromarron-9T-galicia-.jpg","size":"full","id":10147,"alt":"","pixels":1920000,"type":"image\/jpeg"}],"twitter_card":"summary_large_image","twitter_misc":{"Gesch\u00e4tzte Lesezeit":"1 Minute"},"schema":{"@context":"https:\/\/schema.org","@graph":[{"@type":"Organization","@id":"https:\/\/lapoderosagoods.com\/#organization","name":"La Poderosa Classic Goods","url":"https:\/\/lapoderosagoods.com\/","sameAs":[],"logo":{"@type":"ImageObject","@id":"https:\/\/lapoderosagoods.com\/#logo","inLanguage":"de-DE","url":"https:\/\/lapoderosagoods.com\/wp-content\/uploads\/2019\/10\/poderosa.png","contentUrl":"https:\/\/lapoderosagoods.com\/wp-content\/uploads\/2019\/10\/poderosa.png","width":290,"height":209,"caption":"La Poderosa Classic Goods"},"image":{"@id":"https:\/\/lapoderosagoods.com\/#logo"}},{"@type":"WebSite","@id":"https:\/\/lapoderosagoods.com\/#website","url":"https:\/\/lapoderosagoods.com\/","name":"La Poderosa Goods - Satteltaschen, Gep\u00e4ck und Premium-Motorradzubeh\u00f6r","description":"Gep\u00e4ck, St\u00e4nder, Satteltaschen und Zubeh\u00f6r f\u00fcr Klassiker, Caf\u00e9 Racer oder Adventure Bikes. ","publisher":{"@id":"https:\/\/lapoderosagoods.com\/#organization"},"potentialAction":[{"@type":"SearchAction","target":{"@type":"EntryPoint","urlTemplate":"https:\/\/lapoderosagoods.com\/?s={search_term_string}"},"query-input":"required name=search_term_string"}],"inLanguage":"de-DE"},{"@type":"ImageObject","@id":"https:\/\/lapoderosagoods.com\/de\/produkt\/dakhla-12l-satteltasche-smoked-black-mit-braunem-leder\/#primaryimage","inLanguage":"de-DE","url":"https:\/\/lapoderosagoods.com\/wp-content\/uploads\/2021\/06\/dakhla-negromarron-9T-galicia-.jpg","contentUrl":"https:\/\/lapoderosagoods.com\/wp-content\/uploads\/2021\/06\/dakhla-negromarron-9T-galicia-.jpg","width":1600,"height":1200},{"@type":"WebPage","@id":"https:\/\/lapoderosagoods.com\/de\/produkt\/dakhla-12l-satteltasche-smoked-black-mit-braunem-leder\/#webpage","url":"https:\/\/lapoderosagoods.com\/de\/produkt\/dakhla-12l-satteltasche-smoked-black-mit-braunem-leder\/","name":"Dakhla 12L Satteltasche - Smoked Black mit braunem Leder - La Poderosa Goods - Satteltaschen, Gep\u00e4ck und Premium-Motorradzubeh\u00f6r","isPartOf":{"@id":"https:\/\/lapoderosagoods.com\/#website"},"primaryImageOfPage":{"@id":"https:\/\/lapoderosagoods.com\/de\/produkt\/dakhla-12l-satteltasche-smoked-black-mit-braunem-leder\/#primaryimage"},"datePublished":"2021-06-25T10:01:06+00:00","dateModified":"2025-06-20T23:38:56+00:00","breadcrumb":{"@id":"https:\/\/lapoderosagoods.com\/de\/produkt\/dakhla-12l-satteltasche-smoked-black-mit-braunem-leder\/#breadcrumb"},"inLanguage":"de-DE","potentialAction":[{"@type":"ReadAction","target":["https:\/\/lapoderosagoods.com\/de\/produkt\/dakhla-12l-satteltasche-smoked-black-mit-braunem-leder\/"]}]},{"@type":"BreadcrumbList","@id":"https:\/\/lapoderosagoods.com\/de\/produkt\/dakhla-12l-satteltasche-smoked-black-mit-braunem-leder\/#breadcrumb","itemListElement":[{"@type":"ListItem","position":1,"name":"Portada","item":"https:\/\/lapoderosagoods.com\/"},{"@type":"ListItem","position":2,"name":"Produkte","item":"https:\/\/lapoderosagoods.com\/de\/produkte\/"},{"@type":"ListItem","position":3,"name":"Dakhla 12L Satteltasche &#8211; Smoked Black mit braunem Leder"}]}]}},"_links":{"self":[{"href":"https:\/\/lapoderosagoods.com\/de\/wp-json\/wp\/v2\/product\/9232"}],"collection":[{"href":"https:\/\/lapoderosagoods.com\/de\/wp-json\/wp\/v2\/product"}],"about":[{"href":"https:\/\/lapoderosagoods.com\/de\/wp-json\/wp\/v2\/types\/product"}],"replies":[{"embeddable":true,"href":"https:\/\/lapoderosagoods.com\/de\/wp-json\/wp\/v2\/comments?post=9232"}],"wp:featuredmedia":[{"embeddable":true,"href":"https:\/\/lapoderosagoods.com\/de\/wp-json\/wp\/v2\/media\/10147"}],"wp:attachment":[{"href":"https:\/\/lapoderosagoods.com\/de\/wp-json\/wp\/v2\/media?parent=9232"}],"wp:term":[{"taxonomy":"product_cat","embeddable":true,"href":"https:\/\/lapoderosagoods.com\/de\/wp-json\/wp\/v2\/product_cat?post=9232"},{"taxonomy":"product_tag","embeddable":true,"href":"https:\/\/lapoderosagoods.com\/de\/wp-json\/wp\/v2\/product_tag?post=9232"}],"curies":[{"name":"wp","href":"https:\/\/api.w.org\/{rel}","templated":true}]}}