{"id":9198,"date":"2021-06-25T12:01:27","date_gmt":"2021-06-25T10:01:27","guid":{"rendered":"https:\/\/lapoderosagoods.spainmotoexperiences.es\/productos\/fez-12l-tankrucksack-rauchschwarz-schwarzes-leder\/"},"modified":"2026-04-18T18:21:47","modified_gmt":"2026-04-18T16:21:47","slug":"fez-19l-tankrucksack-mit-magnetes-rauchschwarz-schwarzes-leder","status":"publish","type":"product","link":"https:\/\/lapoderosagoods.com\/de\/produkt\/fez-19l-tankrucksack-mit-magnetes-rauchschwarz-schwarzes-leder\/","title":{"rendered":"Fez 19L Tankrucksack  mit Magnetes  Rauchschwarz \/ schwarzes Leder"},"content":{"rendered":"<p class=\"p1\"><span class=\"s1\">Handgefertigt in Spanien mit 100% <span class=\"Apple-converted-space\">\u00a0gewachstem<\/span> \u00a0und wasserdichtem Baumwoll-Canvas von 560 g \/ m2 (20 Oz), rotem Tartan-Futter und 4 mm dickem Naturleder. Alle Materialien sind von h\u00f6chster Qualit\u00e4t und sehr widerstandsf\u00e4hig.<br \/>\n<\/span><\/p>\n<p class=\"p1\"><span class=\"s1\">Obere transparente Tasche zum Aufbewahren der Route oder des mobilen Blatts.<\/span><\/p>\n<p class=\"p1\"><span class=\"s1\">2 unabh\u00e4ngige F\u00e4cher mit Rei\u00dfverschl\u00fcssen.<\/span><\/p>\n<p class=\"p1\"><span class=\"s1\">\u00c4sthetik passend zu unserem Seitentaschensystem und perfekt zum Motorradfahren, allein oder zu zweit.<\/span><\/p>\n<p class=\"p1\"><span class=\"s1\">Ein Muss f\u00fcr stilvolles Reisen.<\/span><\/p>\n<p class=\"p1\"><span class=\"s1\">Mehr als 3000km getesteter Pfandsack mit Lasten von bis zu 6kg.<\/span><\/p>\n<pre id=\"tw-target-text\" class=\"tw-data-text tw-text-large tw-ta\" dir=\"ltr\" data-placeholder=\"Traducci\u00f3n\"><span class=\"Y2IQFc\" lang=\"de\">6 Ferritmagnete zur Befestigung am Tank.<\/span><\/pre>\n<p class=\"p1\">Ma\u00dfe: 8cm H\u00f6he (ausziehbar auf 25cm) x 23cm Breite x 33cm L\u00e4nge. Ungef\u00e4hr 19 Liter.<\/p>\n<p class=\"p1\"><span class=\"s1\">Farbe Smoked black \u00a0(mit schwarzer Lederbesatz ). Rotes Tartan-Futter.<\/span><\/p>\n<p class=\"p1\"><span class=\"s1\">Passend zu unseren Satteltaschen, Taschen und Rucks\u00e4cken.\u00a0<\/span><\/p>\n<p class=\"p1\"><span class=\"s1\">* Auf einigen Fotos stimmen die Farben nicht mit der Realit\u00e4t \u00fcberein.\u00a0<\/span><\/p>\n","protected":false},"excerpt":{"rendered":"<p>Handgefertigt in Spanien mit 100% \u00a0gewachstem \u00a0und wasserdichtem Baumwoll-Canvas von 560 g \/ m2 (20 Oz), rotem Tartan-Futter und 4 mm dickem Naturleder. Alle Materialien sind von h\u00f6chster Qualit\u00e4t und sehr widerstandsf\u00e4hig. Obere transparente Tasche zum Aufbewahren der Route oder des mobilen Blatts. 2 unabh\u00e4ngige F\u00e4cher mit Rei\u00dfverschl\u00fcssen. \u00c4sthetik passend zu unserem Seitentaschensystem und perfekt [&#8230;]\n","protected":false},"featured_media":13194,"comment_status":"closed","ping_status":"closed","template":"","meta":{"spay_email":""},"product_cat":[159,336],"product_tag":[776,237,242,612,477,826,261,786,441,874,952,870,254,244,887,246,249,758,759,851,264,256,856,578,812,779,572,782,560,569,513,268,847,272,915,956,893,600,531,896,516,275,278,899,280,802,903,282,794,798,532,808,288,486,483,489,492,296,819,298,923,632,835,927,636,292,640,908,519,890,648,644,652,656,932,823,968,864,919,302,613,620,305,790,860,308,936,310,313,317,320,628,624,322,501,326,328,831,607,761,331],"yoast_head":"<!-- This site is optimized with the Yoast SEO plugin v16.8 - https:\/\/yoast.com\/wordpress\/plugins\/seo\/ -->\n<title>Fez 19L Tankrucksack mit Magnetes Rauchschwarz \/ schwarzes Leder - La Poderosa Goods - Satteltaschen, Gep\u00e4ck und Premium-Motorradzubeh\u00f6r<\/title>\n<meta name=\"robots\" content=\"index, follow, max-snippet:-1, max-image-preview:large, max-video-preview:-1\" \/>\n<link rel=\"canonical\" href=\"https:\/\/lapoderosagoods.com\/de\/produkt\/fez-19l-tankrucksack-mit-magnetes-rauchschwarz-schwarzes-leder\/\" \/>\n<meta property=\"og:locale\" content=\"de_DE\" \/>\n<meta property=\"og:type\" content=\"article\" \/>\n<meta property=\"og:title\" content=\"Fez 19L Tankrucksack mit Magnetes Rauchschwarz \/ schwarzes Leder - La Poderosa Goods - Satteltaschen, Gep\u00e4ck und Premium-Motorradzubeh\u00f6r\" \/>\n<meta property=\"og:description\" content=\"Handgefertigt in Spanien mit 100% \u00a0gewachstem \u00a0und wasserdichtem Baumwoll-Canvas von 560 g \/ m2 (20 Oz), rotem Tartan-Futter und 4 mm dickem Naturleder. Alle Materialien sind von h\u00f6chster Qualit\u00e4t und sehr widerstandsf\u00e4hig. Obere transparente Tasche zum Aufbewahren der Route oder des mobilen Blatts. 2 unabh\u00e4ngige F\u00e4cher mit Rei\u00dfverschl\u00fcssen. \u00c4sthetik passend zu unserem Seitentaschensystem und perfekt [...]\" \/>\n<meta property=\"og:url\" content=\"https:\/\/lapoderosagoods.com\/de\/produkt\/fez-19l-tankrucksack-mit-magnetes-rauchschwarz-schwarzes-leder\/\" \/>\n<meta property=\"og:site_name\" content=\"La Poderosa Goods - Satteltaschen, Gep\u00e4ck und Premium-Motorradzubeh\u00f6r\" \/>\n<meta property=\"article:modified_time\" content=\"2026-04-18T16:21:47+00:00\" \/>\n<meta property=\"og:image\" content=\"https:\/\/lapoderosagoods.com\/wp-content\/uploads\/2022\/08\/fez-tank-bag-lateral-view-magnets-black--scaled.jpg\" \/>\n\t<meta property=\"og:image:width\" content=\"2309\" \/>\n\t<meta property=\"og:image:height\" content=\"2560\" \/>\n<meta name=\"twitter:card\" content=\"summary_large_image\" \/>\n<meta name=\"twitter:label1\" content=\"Gesch\u00e4tzte Lesezeit\" \/>\n\t<meta name=\"twitter:data1\" content=\"1 Minute\" \/>\n<script type=\"application\/ld+json\" class=\"yoast-schema-graph\">{\"@context\":\"https:\/\/schema.org\",\"@graph\":[{\"@type\":\"Organization\",\"@id\":\"https:\/\/lapoderosagoods.com\/#organization\",\"name\":\"La Poderosa Classic Goods\",\"url\":\"https:\/\/lapoderosagoods.com\/\",\"sameAs\":[],\"logo\":{\"@type\":\"ImageObject\",\"@id\":\"https:\/\/lapoderosagoods.com\/#logo\",\"inLanguage\":\"de-DE\",\"url\":\"https:\/\/lapoderosagoods.com\/wp-content\/uploads\/2019\/10\/poderosa.png\",\"contentUrl\":\"https:\/\/lapoderosagoods.com\/wp-content\/uploads\/2019\/10\/poderosa.png\",\"width\":290,\"height\":209,\"caption\":\"La Poderosa Classic Goods\"},\"image\":{\"@id\":\"https:\/\/lapoderosagoods.com\/#logo\"}},{\"@type\":\"WebSite\",\"@id\":\"https:\/\/lapoderosagoods.com\/#website\",\"url\":\"https:\/\/lapoderosagoods.com\/\",\"name\":\"La Poderosa Goods - Satteltaschen, Gep\\u00e4ck und Premium-Motorradzubeh\\u00f6r\",\"description\":\"Gep\\u00e4ck, St\\u00e4nder, Satteltaschen und Zubeh\\u00f6r f\\u00fcr Klassiker, Caf\\u00e9 Racer oder Adventure Bikes. \",\"publisher\":{\"@id\":\"https:\/\/lapoderosagoods.com\/#organization\"},\"potentialAction\":[{\"@type\":\"SearchAction\",\"target\":{\"@type\":\"EntryPoint\",\"urlTemplate\":\"https:\/\/lapoderosagoods.com\/?s={search_term_string}\"},\"query-input\":\"required name=search_term_string\"}],\"inLanguage\":\"de-DE\"},{\"@type\":\"ImageObject\",\"@id\":\"https:\/\/lapoderosagoods.com\/de\/produkt\/fez-19l-tankrucksack-mit-magnetes-rauchschwarz-schwarzes-leder\/#primaryimage\",\"inLanguage\":\"de-DE\",\"url\":\"https:\/\/lapoderosagoods.com\/wp-content\/uploads\/2022\/08\/fez-tank-bag-lateral-view-magnets-black--scaled.jpg\",\"contentUrl\":\"https:\/\/lapoderosagoods.com\/wp-content\/uploads\/2022\/08\/fez-tank-bag-lateral-view-magnets-black--scaled.jpg\",\"width\":2309,\"height\":2560},{\"@type\":\"WebPage\",\"@id\":\"https:\/\/lapoderosagoods.com\/de\/produkt\/fez-19l-tankrucksack-mit-magnetes-rauchschwarz-schwarzes-leder\/#webpage\",\"url\":\"https:\/\/lapoderosagoods.com\/de\/produkt\/fez-19l-tankrucksack-mit-magnetes-rauchschwarz-schwarzes-leder\/\",\"name\":\"Fez 19L Tankrucksack mit Magnetes Rauchschwarz \/ schwarzes Leder - La Poderosa Goods - Satteltaschen, Gep\\u00e4ck und Premium-Motorradzubeh\\u00f6r\",\"isPartOf\":{\"@id\":\"https:\/\/lapoderosagoods.com\/#website\"},\"primaryImageOfPage\":{\"@id\":\"https:\/\/lapoderosagoods.com\/de\/produkt\/fez-19l-tankrucksack-mit-magnetes-rauchschwarz-schwarzes-leder\/#primaryimage\"},\"datePublished\":\"2021-06-25T10:01:27+00:00\",\"dateModified\":\"2026-04-18T16:21:47+00:00\",\"breadcrumb\":{\"@id\":\"https:\/\/lapoderosagoods.com\/de\/produkt\/fez-19l-tankrucksack-mit-magnetes-rauchschwarz-schwarzes-leder\/#breadcrumb\"},\"inLanguage\":\"de-DE\",\"potentialAction\":[{\"@type\":\"ReadAction\",\"target\":[\"https:\/\/lapoderosagoods.com\/de\/produkt\/fez-19l-tankrucksack-mit-magnetes-rauchschwarz-schwarzes-leder\/\"]}]},{\"@type\":\"BreadcrumbList\",\"@id\":\"https:\/\/lapoderosagoods.com\/de\/produkt\/fez-19l-tankrucksack-mit-magnetes-rauchschwarz-schwarzes-leder\/#breadcrumb\",\"itemListElement\":[{\"@type\":\"ListItem\",\"position\":1,\"name\":\"Portada\",\"item\":\"https:\/\/lapoderosagoods.com\/\"},{\"@type\":\"ListItem\",\"position\":2,\"name\":\"Produkte\",\"item\":\"https:\/\/lapoderosagoods.com\/de\/produkte\/\"},{\"@type\":\"ListItem\",\"position\":3,\"name\":\"Fez 19L Tankrucksack mit Magnetes Rauchschwarz \/ schwarzes Leder\"}]}]}<\/script>\n<!-- \/ Yoast SEO plugin. -->","yoast_head_json":{"title":"Fez 19L Tankrucksack mit Magnetes Rauchschwarz \/ schwarzes Leder - La Poderosa Goods - Satteltaschen, Gep\u00e4ck und Premium-Motorradzubeh\u00f6r","robots":{"index":"index","follow":"follow","max-snippet":"max-snippet:-1","max-image-preview":"max-image-preview:large","max-video-preview":"max-video-preview:-1"},"canonical":"https:\/\/lapoderosagoods.com\/de\/produkt\/fez-19l-tankrucksack-mit-magnetes-rauchschwarz-schwarzes-leder\/","og_locale":"de_DE","og_type":"article","og_title":"Fez 19L Tankrucksack mit Magnetes Rauchschwarz \/ schwarzes Leder - La Poderosa Goods - Satteltaschen, Gep\u00e4ck und Premium-Motorradzubeh\u00f6r","og_description":"Handgefertigt in Spanien mit 100% \u00a0gewachstem \u00a0und wasserdichtem Baumwoll-Canvas von 560 g \/ m2 (20 Oz), rotem Tartan-Futter und 4 mm dickem Naturleder. Alle Materialien sind von h\u00f6chster Qualit\u00e4t und sehr widerstandsf\u00e4hig. Obere transparente Tasche zum Aufbewahren der Route oder des mobilen Blatts. 2 unabh\u00e4ngige F\u00e4cher mit Rei\u00dfverschl\u00fcssen. \u00c4sthetik passend zu unserem Seitentaschensystem und perfekt [...]","og_url":"https:\/\/lapoderosagoods.com\/de\/produkt\/fez-19l-tankrucksack-mit-magnetes-rauchschwarz-schwarzes-leder\/","og_site_name":"La Poderosa Goods - Satteltaschen, Gep\u00e4ck und Premium-Motorradzubeh\u00f6r","article_modified_time":"2026-04-18T16:21:47+00:00","og_image":[{"width":2309,"height":2560,"url":"https:\/\/lapoderosagoods.com\/wp-content\/uploads\/2022\/08\/fez-tank-bag-lateral-view-magnets-black--scaled.jpg","path":"\/home\/spainmot\/lapoderosagoods\/wp-content\/uploads\/2022\/08\/fez-tank-bag-lateral-view-magnets-black--scaled.jpg","size":"full","id":13194,"alt":"","pixels":5911040,"type":"image\/jpeg"}],"twitter_card":"summary_large_image","twitter_misc":{"Gesch\u00e4tzte Lesezeit":"1 Minute"},"schema":{"@context":"https:\/\/schema.org","@graph":[{"@type":"Organization","@id":"https:\/\/lapoderosagoods.com\/#organization","name":"La Poderosa Classic Goods","url":"https:\/\/lapoderosagoods.com\/","sameAs":[],"logo":{"@type":"ImageObject","@id":"https:\/\/lapoderosagoods.com\/#logo","inLanguage":"de-DE","url":"https:\/\/lapoderosagoods.com\/wp-content\/uploads\/2019\/10\/poderosa.png","contentUrl":"https:\/\/lapoderosagoods.com\/wp-content\/uploads\/2019\/10\/poderosa.png","width":290,"height":209,"caption":"La Poderosa Classic Goods"},"image":{"@id":"https:\/\/lapoderosagoods.com\/#logo"}},{"@type":"WebSite","@id":"https:\/\/lapoderosagoods.com\/#website","url":"https:\/\/lapoderosagoods.com\/","name":"La Poderosa Goods - Satteltaschen, Gep\u00e4ck und Premium-Motorradzubeh\u00f6r","description":"Gep\u00e4ck, St\u00e4nder, Satteltaschen und Zubeh\u00f6r f\u00fcr Klassiker, Caf\u00e9 Racer oder Adventure Bikes. ","publisher":{"@id":"https:\/\/lapoderosagoods.com\/#organization"},"potentialAction":[{"@type":"SearchAction","target":{"@type":"EntryPoint","urlTemplate":"https:\/\/lapoderosagoods.com\/?s={search_term_string}"},"query-input":"required name=search_term_string"}],"inLanguage":"de-DE"},{"@type":"ImageObject","@id":"https:\/\/lapoderosagoods.com\/de\/produkt\/fez-19l-tankrucksack-mit-magnetes-rauchschwarz-schwarzes-leder\/#primaryimage","inLanguage":"de-DE","url":"https:\/\/lapoderosagoods.com\/wp-content\/uploads\/2022\/08\/fez-tank-bag-lateral-view-magnets-black--scaled.jpg","contentUrl":"https:\/\/lapoderosagoods.com\/wp-content\/uploads\/2022\/08\/fez-tank-bag-lateral-view-magnets-black--scaled.jpg","width":2309,"height":2560},{"@type":"WebPage","@id":"https:\/\/lapoderosagoods.com\/de\/produkt\/fez-19l-tankrucksack-mit-magnetes-rauchschwarz-schwarzes-leder\/#webpage","url":"https:\/\/lapoderosagoods.com\/de\/produkt\/fez-19l-tankrucksack-mit-magnetes-rauchschwarz-schwarzes-leder\/","name":"Fez 19L Tankrucksack mit Magnetes Rauchschwarz \/ schwarzes Leder - La Poderosa Goods - Satteltaschen, Gep\u00e4ck und Premium-Motorradzubeh\u00f6r","isPartOf":{"@id":"https:\/\/lapoderosagoods.com\/#website"},"primaryImageOfPage":{"@id":"https:\/\/lapoderosagoods.com\/de\/produkt\/fez-19l-tankrucksack-mit-magnetes-rauchschwarz-schwarzes-leder\/#primaryimage"},"datePublished":"2021-06-25T10:01:27+00:00","dateModified":"2026-04-18T16:21:47+00:00","breadcrumb":{"@id":"https:\/\/lapoderosagoods.com\/de\/produkt\/fez-19l-tankrucksack-mit-magnetes-rauchschwarz-schwarzes-leder\/#breadcrumb"},"inLanguage":"de-DE","potentialAction":[{"@type":"ReadAction","target":["https:\/\/lapoderosagoods.com\/de\/produkt\/fez-19l-tankrucksack-mit-magnetes-rauchschwarz-schwarzes-leder\/"]}]},{"@type":"BreadcrumbList","@id":"https:\/\/lapoderosagoods.com\/de\/produkt\/fez-19l-tankrucksack-mit-magnetes-rauchschwarz-schwarzes-leder\/#breadcrumb","itemListElement":[{"@type":"ListItem","position":1,"name":"Portada","item":"https:\/\/lapoderosagoods.com\/"},{"@type":"ListItem","position":2,"name":"Produkte","item":"https:\/\/lapoderosagoods.com\/de\/produkte\/"},{"@type":"ListItem","position":3,"name":"Fez 19L Tankrucksack mit Magnetes Rauchschwarz \/ schwarzes Leder"}]}]}},"_links":{"self":[{"href":"https:\/\/lapoderosagoods.com\/de\/wp-json\/wp\/v2\/product\/9198"}],"collection":[{"href":"https:\/\/lapoderosagoods.com\/de\/wp-json\/wp\/v2\/product"}],"about":[{"href":"https:\/\/lapoderosagoods.com\/de\/wp-json\/wp\/v2\/types\/product"}],"replies":[{"embeddable":true,"href":"https:\/\/lapoderosagoods.com\/de\/wp-json\/wp\/v2\/comments?post=9198"}],"wp:featuredmedia":[{"embeddable":true,"href":"https:\/\/lapoderosagoods.com\/de\/wp-json\/wp\/v2\/media\/13194"}],"wp:attachment":[{"href":"https:\/\/lapoderosagoods.com\/de\/wp-json\/wp\/v2\/media?parent=9198"}],"wp:term":[{"taxonomy":"product_cat","embeddable":true,"href":"https:\/\/lapoderosagoods.com\/de\/wp-json\/wp\/v2\/product_cat?post=9198"},{"taxonomy":"product_tag","embeddable":true,"href":"https:\/\/lapoderosagoods.com\/de\/wp-json\/wp\/v2\/product_tag?post=9198"}],"curies":[{"name":"wp","href":"https:\/\/api.w.org\/{rel}","templated":true}]}}