{"id":9161,"date":"2021-06-25T12:02:05","date_gmt":"2021-06-25T10:02:05","guid":{"rendered":"https:\/\/lapoderosagoods.spainmotoexperiences.es\/productos\/stornoway-decke-poncho-beige-safari\/"},"modified":"2026-02-22T22:34:07","modified_gmt":"2026-02-22T21:34:07","slug":"stornoway-decke-poncho-beige-safari","status":"publish","type":"product","link":"https:\/\/lapoderosagoods.com\/de\/produkt\/stornoway-decke-poncho-beige-safari\/","title":{"rendered":"Stornoway Decke \/ Poncho &#8211; Beige Safari"},"content":{"rendered":"<div class=\"product-single__description rte\">\n<p class=\"s4\"><span class=\"s5\"><span>Handgefertigt in Espa <\/span><\/span><span class=\"s5\"><span>\u00f1 <\/span><\/span><span class=\"s5\"><span>bis mit Baumwoll-Canvas <\/span><\/span><span class=\"s5\"><span>oder <\/span><\/span><span class=\"s5\"><span>n 100% wasserdicht gewachst und 550 g \/ m2. <\/span><\/p>\n<p><span>Rotes Tartan-Futter und 4 mm starkes Naturleder. <\/span><\/p>\n<p><span>Alle Materialien sind von h\u00f6chster Qualit\u00e4t und sehr widerstandsf\u00e4hig.<\/span><\/span><\/p>\n<p class=\"s3\"><span class=\"s2\"><span>4 Befestigungsl\u00f6cher <\/span><\/span><span class=\"s2\"><span>er oder <\/span><\/span><span class=\"s2\"><span>n Ecken.<\/span><\/span><\/p>\n<p class=\"s3\"><span class=\"s2\"><span>Griff zum Halten enthalten.<\/span><\/span><\/p>\n<p class=\"s3\"><span class=\"s2\"><span>Es kann als Poncho, Picknickdecke, Dachabdeckung f\u00fcr Camping verwendet werden <\/span><\/span><span class=\"s2\"><span>&#8230;<\/span><\/span><\/p>\n<p class=\"s4\"><span class=\"s2\"><span>BEFESTIGUNGSSYSTEM <\/span><\/span><span class=\"s2\"><span>wird <\/span><\/span><span class=\"s2\"><span>mit Lederriemen an der Halterung des Fahrradrucksacks befestigt.<\/span><\/span><\/p>\n<p class=\"s3\"><span class=\"s2\"><span>Ma\u00dfe: 185x140cm.<\/span><\/span><\/p>\n<p class=\"s3\"><span class=\"s2\"><span>Est <\/span><\/span><span class=\"s2\"><span>\u00e9 <\/span><\/span><span class=\"s2\"><span>tica passend zu unseren Top Packtaschen.<\/span><\/span><\/p>\n<p class=\"s3\"><span class=\"s2\"><span>Unverzichtbar f\u00fcr stilvolles Reisen, allein oder zu zweit.<\/span><\/span><\/p>\n<p class=\"s3\"><span class=\"s2\"><span>Produkt getestet f\u00fcr mehr als 3000km.<\/span><\/span><\/p>\n<p class=\"s3\"><span class=\"s5\"><span>Farbe Safari Beige\u00a0 <\/span><\/span><span class=\"s5\"><span>( <\/span><\/span><span class=\"s5\"><span>mit braunen Lederoberfl\u00e4chen) <\/span><\/span><span class=\"s5\"><span>. <\/span><\/span><span class=\"s5\"><span>Rotes Tartan-Futter.<\/span><\/span><\/p>\n<\/div>\n","protected":false},"excerpt":{"rendered":"<p>Handgefertigt in Espa \u00f1 bis mit Baumwoll-Canvas oder n 100% wasserdicht gewachst und 550 g \/ m2. Rotes Tartan-Futter und 4 mm starkes Naturleder. Alle Materialien sind von h\u00f6chster Qualit\u00e4t und sehr widerstandsf\u00e4hig. 4 Befestigungsl\u00f6cher er oder n Ecken. Griff zum Halten enthalten. Es kann als Poncho, Picknickdecke, Dachabdeckung f\u00fcr Camping verwendet werden &#8230; BEFESTIGUNGSSYSTEM [&#8230;]\n","protected":false},"featured_media":6998,"comment_status":"closed","ping_status":"closed","template":"","meta":{"spay_email":""},"product_cat":[92],"product_tag":[776,237,242,612,477,826,261,786,441,874,952,870,254,244,887,246,249,758,759,851,264,256,856,578,812,779,572,782,560,569,513,268,847,272,915,956,893,600,531,896,516,275,278,899,280,802,903,282,794,798,532,808,288,486,483,489,492,296,819,298,923,632,835,927,636,292,640,908,519,890,648,644,652,656,932,823,968,864,919,302,613,620,305,790,860,308,936,310,313,317,320,628,624,322,501,326,328,831,607,761,331],"yoast_head":"<!-- This site is optimized with the Yoast SEO plugin v16.8 - https:\/\/yoast.com\/wordpress\/plugins\/seo\/ -->\n<title>Stornoway Decke \/ Poncho - Beige Safari - La Poderosa Goods - Satteltaschen, Gep\u00e4ck und Premium-Motorradzubeh\u00f6r<\/title>\n<meta name=\"robots\" content=\"index, follow, max-snippet:-1, max-image-preview:large, max-video-preview:-1\" \/>\n<link rel=\"canonical\" href=\"https:\/\/lapoderosagoods.com\/de\/produkt\/stornoway-decke-poncho-beige-safari\/\" \/>\n<meta property=\"og:locale\" content=\"de_DE\" \/>\n<meta property=\"og:type\" content=\"article\" \/>\n<meta property=\"og:title\" content=\"Stornoway Decke \/ Poncho - Beige Safari - La Poderosa Goods - Satteltaschen, Gep\u00e4ck und Premium-Motorradzubeh\u00f6r\" \/>\n<meta property=\"og:description\" content=\"Handgefertigt in Espa \u00f1 bis mit Baumwoll-Canvas oder n 100% wasserdicht gewachst und 550 g \/ m2. Rotes Tartan-Futter und 4 mm starkes Naturleder. Alle Materialien sind von h\u00f6chster Qualit\u00e4t und sehr widerstandsf\u00e4hig. 4 Befestigungsl\u00f6cher er oder n Ecken. Griff zum Halten enthalten. Es kann als Poncho, Picknickdecke, Dachabdeckung f\u00fcr Camping verwendet werden &#8230; BEFESTIGUNGSSYSTEM [...]\" \/>\n<meta property=\"og:url\" content=\"https:\/\/lapoderosagoods.com\/de\/produkt\/stornoway-decke-poncho-beige-safari\/\" \/>\n<meta property=\"og:site_name\" content=\"La Poderosa Goods - Satteltaschen, Gep\u00e4ck und Premium-Motorradzubeh\u00f6r\" \/>\n<meta property=\"article:modified_time\" content=\"2026-02-22T21:34:07+00:00\" \/>\n<meta property=\"og:image\" content=\"https:\/\/lapoderosagoods.com\/wp-content\/uploads\/2021\/06\/Stornowayponchobeigeclose.jpg\" \/>\n\t<meta property=\"og:image:width\" content=\"760\" \/>\n\t<meta property=\"og:image:height\" content=\"760\" \/>\n<meta name=\"twitter:card\" content=\"summary_large_image\" \/>\n<script type=\"application\/ld+json\" class=\"yoast-schema-graph\">{\"@context\":\"https:\/\/schema.org\",\"@graph\":[{\"@type\":\"Organization\",\"@id\":\"https:\/\/lapoderosagoods.com\/#organization\",\"name\":\"La Poderosa Classic Goods\",\"url\":\"https:\/\/lapoderosagoods.com\/\",\"sameAs\":[],\"logo\":{\"@type\":\"ImageObject\",\"@id\":\"https:\/\/lapoderosagoods.com\/#logo\",\"inLanguage\":\"de-DE\",\"url\":\"https:\/\/lapoderosagoods.com\/wp-content\/uploads\/2019\/10\/poderosa.png\",\"contentUrl\":\"https:\/\/lapoderosagoods.com\/wp-content\/uploads\/2019\/10\/poderosa.png\",\"width\":290,\"height\":209,\"caption\":\"La Poderosa Classic Goods\"},\"image\":{\"@id\":\"https:\/\/lapoderosagoods.com\/#logo\"}},{\"@type\":\"WebSite\",\"@id\":\"https:\/\/lapoderosagoods.com\/#website\",\"url\":\"https:\/\/lapoderosagoods.com\/\",\"name\":\"La Poderosa Goods - Satteltaschen, Gep\\u00e4ck und Premium-Motorradzubeh\\u00f6r\",\"description\":\"Gep\\u00e4ck, St\\u00e4nder, Satteltaschen und Zubeh\\u00f6r f\\u00fcr Klassiker, Caf\\u00e9 Racer oder Adventure Bikes. \",\"publisher\":{\"@id\":\"https:\/\/lapoderosagoods.com\/#organization\"},\"potentialAction\":[{\"@type\":\"SearchAction\",\"target\":{\"@type\":\"EntryPoint\",\"urlTemplate\":\"https:\/\/lapoderosagoods.com\/?s={search_term_string}\"},\"query-input\":\"required name=search_term_string\"}],\"inLanguage\":\"de-DE\"},{\"@type\":\"ImageObject\",\"@id\":\"https:\/\/lapoderosagoods.com\/de\/produkt\/stornoway-decke-poncho-beige-safari\/#primaryimage\",\"inLanguage\":\"de-DE\",\"url\":\"https:\/\/lapoderosagoods.com\/wp-content\/uploads\/2021\/06\/Stornowayponchobeigeclose.jpg\",\"contentUrl\":\"https:\/\/lapoderosagoods.com\/wp-content\/uploads\/2021\/06\/Stornowayponchobeigeclose.jpg\",\"width\":760,\"height\":760},{\"@type\":\"WebPage\",\"@id\":\"https:\/\/lapoderosagoods.com\/de\/produkt\/stornoway-decke-poncho-beige-safari\/#webpage\",\"url\":\"https:\/\/lapoderosagoods.com\/de\/produkt\/stornoway-decke-poncho-beige-safari\/\",\"name\":\"Stornoway Decke \/ Poncho - Beige Safari - La Poderosa Goods - Satteltaschen, Gep\\u00e4ck und Premium-Motorradzubeh\\u00f6r\",\"isPartOf\":{\"@id\":\"https:\/\/lapoderosagoods.com\/#website\"},\"primaryImageOfPage\":{\"@id\":\"https:\/\/lapoderosagoods.com\/de\/produkt\/stornoway-decke-poncho-beige-safari\/#primaryimage\"},\"datePublished\":\"2021-06-25T10:02:05+00:00\",\"dateModified\":\"2026-02-22T21:34:07+00:00\",\"breadcrumb\":{\"@id\":\"https:\/\/lapoderosagoods.com\/de\/produkt\/stornoway-decke-poncho-beige-safari\/#breadcrumb\"},\"inLanguage\":\"de-DE\",\"potentialAction\":[{\"@type\":\"ReadAction\",\"target\":[\"https:\/\/lapoderosagoods.com\/de\/produkt\/stornoway-decke-poncho-beige-safari\/\"]}]},{\"@type\":\"BreadcrumbList\",\"@id\":\"https:\/\/lapoderosagoods.com\/de\/produkt\/stornoway-decke-poncho-beige-safari\/#breadcrumb\",\"itemListElement\":[{\"@type\":\"ListItem\",\"position\":1,\"name\":\"Portada\",\"item\":\"https:\/\/lapoderosagoods.com\/\"},{\"@type\":\"ListItem\",\"position\":2,\"name\":\"Produkte\",\"item\":\"https:\/\/lapoderosagoods.com\/de\/produkte\/\"},{\"@type\":\"ListItem\",\"position\":3,\"name\":\"Stornoway Decke \/ Poncho &#8211; Beige Safari\"}]}]}<\/script>\n<!-- \/ Yoast SEO plugin. -->","yoast_head_json":{"title":"Stornoway Decke \/ Poncho - Beige Safari - La Poderosa Goods - Satteltaschen, Gep\u00e4ck und Premium-Motorradzubeh\u00f6r","robots":{"index":"index","follow":"follow","max-snippet":"max-snippet:-1","max-image-preview":"max-image-preview:large","max-video-preview":"max-video-preview:-1"},"canonical":"https:\/\/lapoderosagoods.com\/de\/produkt\/stornoway-decke-poncho-beige-safari\/","og_locale":"de_DE","og_type":"article","og_title":"Stornoway Decke \/ Poncho - Beige Safari - La Poderosa Goods - Satteltaschen, Gep\u00e4ck und Premium-Motorradzubeh\u00f6r","og_description":"Handgefertigt in Espa \u00f1 bis mit Baumwoll-Canvas oder n 100% wasserdicht gewachst und 550 g \/ m2. Rotes Tartan-Futter und 4 mm starkes Naturleder. Alle Materialien sind von h\u00f6chster Qualit\u00e4t und sehr widerstandsf\u00e4hig. 4 Befestigungsl\u00f6cher er oder n Ecken. Griff zum Halten enthalten. Es kann als Poncho, Picknickdecke, Dachabdeckung f\u00fcr Camping verwendet werden &#8230; BEFESTIGUNGSSYSTEM [...]","og_url":"https:\/\/lapoderosagoods.com\/de\/produkt\/stornoway-decke-poncho-beige-safari\/","og_site_name":"La Poderosa Goods - Satteltaschen, Gep\u00e4ck und Premium-Motorradzubeh\u00f6r","article_modified_time":"2026-02-22T21:34:07+00:00","og_image":[{"width":760,"height":760,"url":"https:\/\/lapoderosagoods.com\/wp-content\/uploads\/2021\/06\/Stornowayponchobeigeclose.jpg","path":"\/home\/spainmot\/lapoderosagoods\/wp-content\/uploads\/2021\/06\/Stornowayponchobeigeclose.jpg","size":"full","id":6998,"alt":"","pixels":577600,"type":"image\/jpeg"}],"twitter_card":"summary_large_image","schema":{"@context":"https:\/\/schema.org","@graph":[{"@type":"Organization","@id":"https:\/\/lapoderosagoods.com\/#organization","name":"La Poderosa Classic Goods","url":"https:\/\/lapoderosagoods.com\/","sameAs":[],"logo":{"@type":"ImageObject","@id":"https:\/\/lapoderosagoods.com\/#logo","inLanguage":"de-DE","url":"https:\/\/lapoderosagoods.com\/wp-content\/uploads\/2019\/10\/poderosa.png","contentUrl":"https:\/\/lapoderosagoods.com\/wp-content\/uploads\/2019\/10\/poderosa.png","width":290,"height":209,"caption":"La Poderosa Classic Goods"},"image":{"@id":"https:\/\/lapoderosagoods.com\/#logo"}},{"@type":"WebSite","@id":"https:\/\/lapoderosagoods.com\/#website","url":"https:\/\/lapoderosagoods.com\/","name":"La Poderosa Goods - Satteltaschen, Gep\u00e4ck und Premium-Motorradzubeh\u00f6r","description":"Gep\u00e4ck, St\u00e4nder, Satteltaschen und Zubeh\u00f6r f\u00fcr Klassiker, Caf\u00e9 Racer oder Adventure Bikes. ","publisher":{"@id":"https:\/\/lapoderosagoods.com\/#organization"},"potentialAction":[{"@type":"SearchAction","target":{"@type":"EntryPoint","urlTemplate":"https:\/\/lapoderosagoods.com\/?s={search_term_string}"},"query-input":"required name=search_term_string"}],"inLanguage":"de-DE"},{"@type":"ImageObject","@id":"https:\/\/lapoderosagoods.com\/de\/produkt\/stornoway-decke-poncho-beige-safari\/#primaryimage","inLanguage":"de-DE","url":"https:\/\/lapoderosagoods.com\/wp-content\/uploads\/2021\/06\/Stornowayponchobeigeclose.jpg","contentUrl":"https:\/\/lapoderosagoods.com\/wp-content\/uploads\/2021\/06\/Stornowayponchobeigeclose.jpg","width":760,"height":760},{"@type":"WebPage","@id":"https:\/\/lapoderosagoods.com\/de\/produkt\/stornoway-decke-poncho-beige-safari\/#webpage","url":"https:\/\/lapoderosagoods.com\/de\/produkt\/stornoway-decke-poncho-beige-safari\/","name":"Stornoway Decke \/ Poncho - Beige Safari - La Poderosa Goods - Satteltaschen, Gep\u00e4ck und Premium-Motorradzubeh\u00f6r","isPartOf":{"@id":"https:\/\/lapoderosagoods.com\/#website"},"primaryImageOfPage":{"@id":"https:\/\/lapoderosagoods.com\/de\/produkt\/stornoway-decke-poncho-beige-safari\/#primaryimage"},"datePublished":"2021-06-25T10:02:05+00:00","dateModified":"2026-02-22T21:34:07+00:00","breadcrumb":{"@id":"https:\/\/lapoderosagoods.com\/de\/produkt\/stornoway-decke-poncho-beige-safari\/#breadcrumb"},"inLanguage":"de-DE","potentialAction":[{"@type":"ReadAction","target":["https:\/\/lapoderosagoods.com\/de\/produkt\/stornoway-decke-poncho-beige-safari\/"]}]},{"@type":"BreadcrumbList","@id":"https:\/\/lapoderosagoods.com\/de\/produkt\/stornoway-decke-poncho-beige-safari\/#breadcrumb","itemListElement":[{"@type":"ListItem","position":1,"name":"Portada","item":"https:\/\/lapoderosagoods.com\/"},{"@type":"ListItem","position":2,"name":"Produkte","item":"https:\/\/lapoderosagoods.com\/de\/produkte\/"},{"@type":"ListItem","position":3,"name":"Stornoway Decke \/ Poncho &#8211; Beige Safari"}]}]}},"_links":{"self":[{"href":"https:\/\/lapoderosagoods.com\/de\/wp-json\/wp\/v2\/product\/9161"}],"collection":[{"href":"https:\/\/lapoderosagoods.com\/de\/wp-json\/wp\/v2\/product"}],"about":[{"href":"https:\/\/lapoderosagoods.com\/de\/wp-json\/wp\/v2\/types\/product"}],"replies":[{"embeddable":true,"href":"https:\/\/lapoderosagoods.com\/de\/wp-json\/wp\/v2\/comments?post=9161"}],"wp:featuredmedia":[{"embeddable":true,"href":"https:\/\/lapoderosagoods.com\/de\/wp-json\/wp\/v2\/media\/6998"}],"wp:attachment":[{"href":"https:\/\/lapoderosagoods.com\/de\/wp-json\/wp\/v2\/media?parent=9161"}],"wp:term":[{"taxonomy":"product_cat","embeddable":true,"href":"https:\/\/lapoderosagoods.com\/de\/wp-json\/wp\/v2\/product_cat?post=9161"},{"taxonomy":"product_tag","embeddable":true,"href":"https:\/\/lapoderosagoods.com\/de\/wp-json\/wp\/v2\/product_tag?post=9161"}],"curies":[{"name":"wp","href":"https:\/\/api.w.org\/{rel}","templated":true}]}}