{"id":9136,"date":"2021-06-25T12:02:50","date_gmt":"2021-06-25T10:02:50","guid":{"rendered":"https:\/\/lapoderosagoods.spainmotoexperiences.es\/productos\/mohave-porta-jerry-kanister-5l-1-flasche-1l-schwarze-lederverschlusse\/"},"modified":"2025-06-04T06:41:19","modified_gmt":"2025-06-04T04:41:19","slug":"mohave-porta-jerry-kanister-5l-1-flasche-1l-schwarze-lederverschlusse","status":"publish","type":"product","link":"https:\/\/lapoderosagoods.com\/de\/produkt\/mohave-porta-jerry-kanister-5l-1-flasche-1l-schwarze-lederverschlusse\/","title":{"rendered":"Mohave Porta Jerry Kanister 5L + 1 Flasche 1L schwarze Lederverschl\u00fcsse"},"content":{"rendered":"<p class=\"s3\"><span class=\"s2\">5L Kanisterhalter und 1L Metallflasche in Satin Black Finish mit schwarzen Naturlederverschl\u00fcssen.<\/span><\/p>\n<p class=\"s3\"><span class=\"s2\">Das Set beinhaltet: <\/span><\/p>\n<p class=\"s3\"><span class=\"s2\">-1 Kanister 5L schwarz.<\/span><\/p>\n<p class=\"s3\"><span class=\"s2\">-1 Jerry kann mit schwarzen Lederverschl\u00fcssen unterst\u00fctzen.<\/span><\/p>\n<p class=\"s3\"><span class=\"s2\">-1 schwarze Aluminiumdose.<\/span><\/p>\n<p class=\"s3\"><span class=\"s2\">-1 Dosenhalter mit schwarzen Lederverschl\u00fcssen.<\/span><\/p>\n<p class=\"s3\"><span class=\"s2\">Entworfen <\/span><span class=\"s2\">\u2013 <\/span><span class=\"s2\">einfach zum Platzieren in einem unserer Medien durch das KLICKfix-System.<\/span><span class=\"s2\">\u00a0<\/span><\/p>\n<p class=\"s3\"><span class=\"s2\">Finish <\/span><span class=\"s2\">Lackofen <\/span><span class=\"s2\">ep <\/span><span class=\"s2\">oder <\/span><span class=\"s2\">xica hochfest.<\/span><\/p>\n<p class=\"s3\"><span class=\"s2\">Cl-Stil <\/span><span class=\"s2\">bis <\/span><span class=\"s2\">Sico und minimalistisch, perfekt f\u00fcr lange Fahrten im Gel\u00e4nde, wo wir Benzin und Motor\u00f6l brauchen.<\/span><\/p>\n<p class=\"s3\"><span class=\"s2\">Sehr solide Struktur, die \u00fcber 3000 km mit Fl\u00fcssigkeitsbelastungen getestet wurde.<\/span><\/p>\n<p class=\"s3\"><span class=\"s2\">Flaschen- und Kanistermodelle k\u00f6nnen von den Bildern abweichen.<\/span><\/p>\n<p>&nbsp;<\/p>\n","protected":false},"excerpt":{"rendered":"<p>5L Kanisterhalter und 1L Metallflasche in Satin Black Finish mit schwarzen Naturlederverschl\u00fcssen. Das Set beinhaltet: -1 Kanister 5L schwarz. -1 Jerry kann mit schwarzen Lederverschl\u00fcssen unterst\u00fctzen. -1 schwarze Aluminiumdose. -1 Dosenhalter mit schwarzen Lederverschl\u00fcssen. Entworfen \u2013 einfach zum Platzieren in einem unserer Medien durch das KLICKfix-System.\u00a0 Finish Lackofen ep oder xica hochfest. Cl-Stil bis Sico [&#8230;]\n","protected":false},"featured_media":7346,"comment_status":"closed","ping_status":"closed","template":"","meta":{"spay_email":""},"product_cat":[92],"product_tag":[776,237,242,612,477,826,261,786,441,874,952,870,254,244,887,246,249,758,759,851,264,256,856,578,812,779,572,782,560,569,513,268,847,272,915,956,893,600,531,896,516,275,278,899,280,802,903,282,794,798,532,808,288,486,483,489,492,296,819,298,923,632,835,927,636,292,640,908,519,890,648,644,652,656,932,823,968,864,919,302,613,620,305,790,860,308,936,310,313,317,320,628,624,322,501,326,328,831,607,761,331],"yoast_head":"<!-- This site is optimized with the Yoast SEO plugin v16.8 - https:\/\/yoast.com\/wordpress\/plugins\/seo\/ -->\n<title>Mohave Porta Jerry Kanister 5L + 1 Flasche 1L schwarze Lederverschl\u00fcsse - La Poderosa Goods - Satteltaschen, Gep\u00e4ck und Premium-Motorradzubeh\u00f6r<\/title>\n<meta name=\"robots\" content=\"index, follow, max-snippet:-1, max-image-preview:large, max-video-preview:-1\" \/>\n<link rel=\"canonical\" href=\"https:\/\/lapoderosagoods.com\/de\/produkt\/mohave-porta-jerry-kanister-5l-1-flasche-1l-schwarze-lederverschlusse\/\" \/>\n<meta property=\"og:locale\" content=\"de_DE\" \/>\n<meta property=\"og:type\" content=\"article\" \/>\n<meta property=\"og:title\" content=\"Mohave Porta Jerry Kanister 5L + 1 Flasche 1L schwarze Lederverschl\u00fcsse - La Poderosa Goods - Satteltaschen, Gep\u00e4ck und Premium-Motorradzubeh\u00f6r\" \/>\n<meta property=\"og:description\" content=\"5L Kanisterhalter und 1L Metallflasche in Satin Black Finish mit schwarzen Naturlederverschl\u00fcssen. Das Set beinhaltet: -1 Kanister 5L schwarz. -1 Jerry kann mit schwarzen Lederverschl\u00fcssen unterst\u00fctzen. -1 schwarze Aluminiumdose. -1 Dosenhalter mit schwarzen Lederverschl\u00fcssen. Entworfen \u2013 einfach zum Platzieren in einem unserer Medien durch das KLICKfix-System.\u00a0 Finish Lackofen ep oder xica hochfest. Cl-Stil bis Sico [...]\" \/>\n<meta property=\"og:url\" content=\"https:\/\/lapoderosagoods.com\/de\/produkt\/mohave-porta-jerry-kanister-5l-1-flasche-1l-schwarze-lederverschlusse\/\" \/>\n<meta property=\"og:site_name\" content=\"La Poderosa Goods - Satteltaschen, Gep\u00e4ck und Premium-Motorradzubeh\u00f6r\" \/>\n<meta property=\"article:modified_time\" content=\"2025-06-04T04:41:19+00:00\" \/>\n<meta property=\"og:image\" content=\"https:\/\/lapoderosagoods.com\/wp-content\/uploads\/2021\/06\/jerrycan_1boteg_sdetalles_d4637fe3-6fef-4fb7-a5e4-259155f7a149.jpg\" \/>\n\t<meta property=\"og:image:width\" content=\"4032\" \/>\n\t<meta property=\"og:image:height\" content=\"3024\" \/>\n<meta name=\"twitter:card\" content=\"summary_large_image\" \/>\n<script type=\"application\/ld+json\" class=\"yoast-schema-graph\">{\"@context\":\"https:\/\/schema.org\",\"@graph\":[{\"@type\":\"Organization\",\"@id\":\"https:\/\/lapoderosagoods.com\/#organization\",\"name\":\"La Poderosa Classic Goods\",\"url\":\"https:\/\/lapoderosagoods.com\/\",\"sameAs\":[],\"logo\":{\"@type\":\"ImageObject\",\"@id\":\"https:\/\/lapoderosagoods.com\/#logo\",\"inLanguage\":\"de-DE\",\"url\":\"https:\/\/lapoderosagoods.com\/wp-content\/uploads\/2019\/10\/poderosa.png\",\"contentUrl\":\"https:\/\/lapoderosagoods.com\/wp-content\/uploads\/2019\/10\/poderosa.png\",\"width\":290,\"height\":209,\"caption\":\"La Poderosa Classic Goods\"},\"image\":{\"@id\":\"https:\/\/lapoderosagoods.com\/#logo\"}},{\"@type\":\"WebSite\",\"@id\":\"https:\/\/lapoderosagoods.com\/#website\",\"url\":\"https:\/\/lapoderosagoods.com\/\",\"name\":\"La Poderosa Goods - Satteltaschen, Gep\\u00e4ck und Premium-Motorradzubeh\\u00f6r\",\"description\":\"Gep\\u00e4ck, St\\u00e4nder, Satteltaschen und Zubeh\\u00f6r f\\u00fcr Klassiker, Caf\\u00e9 Racer oder Adventure Bikes. \",\"publisher\":{\"@id\":\"https:\/\/lapoderosagoods.com\/#organization\"},\"potentialAction\":[{\"@type\":\"SearchAction\",\"target\":{\"@type\":\"EntryPoint\",\"urlTemplate\":\"https:\/\/lapoderosagoods.com\/?s={search_term_string}\"},\"query-input\":\"required name=search_term_string\"}],\"inLanguage\":\"de-DE\"},{\"@type\":\"ImageObject\",\"@id\":\"https:\/\/lapoderosagoods.com\/de\/produkt\/mohave-porta-jerry-kanister-5l-1-flasche-1l-schwarze-lederverschlusse\/#primaryimage\",\"inLanguage\":\"de-DE\",\"url\":\"https:\/\/lapoderosagoods.com\/wp-content\/uploads\/2021\/06\/jerrycan_1boteg_sdetalles_d4637fe3-6fef-4fb7-a5e4-259155f7a149.jpg\",\"contentUrl\":\"https:\/\/lapoderosagoods.com\/wp-content\/uploads\/2021\/06\/jerrycan_1boteg_sdetalles_d4637fe3-6fef-4fb7-a5e4-259155f7a149.jpg\",\"width\":4032,\"height\":3024},{\"@type\":\"WebPage\",\"@id\":\"https:\/\/lapoderosagoods.com\/de\/produkt\/mohave-porta-jerry-kanister-5l-1-flasche-1l-schwarze-lederverschlusse\/#webpage\",\"url\":\"https:\/\/lapoderosagoods.com\/de\/produkt\/mohave-porta-jerry-kanister-5l-1-flasche-1l-schwarze-lederverschlusse\/\",\"name\":\"Mohave Porta Jerry Kanister 5L + 1 Flasche 1L schwarze Lederverschl\\u00fcsse - La Poderosa Goods - Satteltaschen, Gep\\u00e4ck und Premium-Motorradzubeh\\u00f6r\",\"isPartOf\":{\"@id\":\"https:\/\/lapoderosagoods.com\/#website\"},\"primaryImageOfPage\":{\"@id\":\"https:\/\/lapoderosagoods.com\/de\/produkt\/mohave-porta-jerry-kanister-5l-1-flasche-1l-schwarze-lederverschlusse\/#primaryimage\"},\"datePublished\":\"2021-06-25T10:02:50+00:00\",\"dateModified\":\"2025-06-04T04:41:19+00:00\",\"breadcrumb\":{\"@id\":\"https:\/\/lapoderosagoods.com\/de\/produkt\/mohave-porta-jerry-kanister-5l-1-flasche-1l-schwarze-lederverschlusse\/#breadcrumb\"},\"inLanguage\":\"de-DE\",\"potentialAction\":[{\"@type\":\"ReadAction\",\"target\":[\"https:\/\/lapoderosagoods.com\/de\/produkt\/mohave-porta-jerry-kanister-5l-1-flasche-1l-schwarze-lederverschlusse\/\"]}]},{\"@type\":\"BreadcrumbList\",\"@id\":\"https:\/\/lapoderosagoods.com\/de\/produkt\/mohave-porta-jerry-kanister-5l-1-flasche-1l-schwarze-lederverschlusse\/#breadcrumb\",\"itemListElement\":[{\"@type\":\"ListItem\",\"position\":1,\"name\":\"Portada\",\"item\":\"https:\/\/lapoderosagoods.com\/\"},{\"@type\":\"ListItem\",\"position\":2,\"name\":\"Produkte\",\"item\":\"https:\/\/lapoderosagoods.com\/de\/produkte\/\"},{\"@type\":\"ListItem\",\"position\":3,\"name\":\"Mohave Porta Jerry Kanister 5L + 1 Flasche 1L schwarze Lederverschl\\u00fcsse\"}]}]}<\/script>\n<!-- \/ Yoast SEO plugin. -->","yoast_head_json":{"title":"Mohave Porta Jerry Kanister 5L + 1 Flasche 1L schwarze Lederverschl\u00fcsse - La Poderosa Goods - Satteltaschen, Gep\u00e4ck und Premium-Motorradzubeh\u00f6r","robots":{"index":"index","follow":"follow","max-snippet":"max-snippet:-1","max-image-preview":"max-image-preview:large","max-video-preview":"max-video-preview:-1"},"canonical":"https:\/\/lapoderosagoods.com\/de\/produkt\/mohave-porta-jerry-kanister-5l-1-flasche-1l-schwarze-lederverschlusse\/","og_locale":"de_DE","og_type":"article","og_title":"Mohave Porta Jerry Kanister 5L + 1 Flasche 1L schwarze Lederverschl\u00fcsse - La Poderosa Goods - Satteltaschen, Gep\u00e4ck und Premium-Motorradzubeh\u00f6r","og_description":"5L Kanisterhalter und 1L Metallflasche in Satin Black Finish mit schwarzen Naturlederverschl\u00fcssen. Das Set beinhaltet: -1 Kanister 5L schwarz. -1 Jerry kann mit schwarzen Lederverschl\u00fcssen unterst\u00fctzen. -1 schwarze Aluminiumdose. -1 Dosenhalter mit schwarzen Lederverschl\u00fcssen. Entworfen \u2013 einfach zum Platzieren in einem unserer Medien durch das KLICKfix-System.\u00a0 Finish Lackofen ep oder xica hochfest. Cl-Stil bis Sico [...]","og_url":"https:\/\/lapoderosagoods.com\/de\/produkt\/mohave-porta-jerry-kanister-5l-1-flasche-1l-schwarze-lederverschlusse\/","og_site_name":"La Poderosa Goods - Satteltaschen, Gep\u00e4ck und Premium-Motorradzubeh\u00f6r","article_modified_time":"2025-06-04T04:41:19+00:00","og_image":[{"width":4032,"height":3024,"url":"https:\/\/lapoderosagoods.com\/wp-content\/uploads\/2021\/06\/jerrycan_1boteg_sdetalles_d4637fe3-6fef-4fb7-a5e4-259155f7a149.jpg","path":"\/home\/spainmot\/lapoderosagoods\/wp-content\/uploads\/2021\/06\/jerrycan_1boteg_sdetalles_d4637fe3-6fef-4fb7-a5e4-259155f7a149.jpg","size":"full","id":7346,"alt":"","pixels":12192768,"type":"image\/jpeg"}],"twitter_card":"summary_large_image","schema":{"@context":"https:\/\/schema.org","@graph":[{"@type":"Organization","@id":"https:\/\/lapoderosagoods.com\/#organization","name":"La Poderosa Classic Goods","url":"https:\/\/lapoderosagoods.com\/","sameAs":[],"logo":{"@type":"ImageObject","@id":"https:\/\/lapoderosagoods.com\/#logo","inLanguage":"de-DE","url":"https:\/\/lapoderosagoods.com\/wp-content\/uploads\/2019\/10\/poderosa.png","contentUrl":"https:\/\/lapoderosagoods.com\/wp-content\/uploads\/2019\/10\/poderosa.png","width":290,"height":209,"caption":"La Poderosa Classic Goods"},"image":{"@id":"https:\/\/lapoderosagoods.com\/#logo"}},{"@type":"WebSite","@id":"https:\/\/lapoderosagoods.com\/#website","url":"https:\/\/lapoderosagoods.com\/","name":"La Poderosa Goods - Satteltaschen, Gep\u00e4ck und Premium-Motorradzubeh\u00f6r","description":"Gep\u00e4ck, St\u00e4nder, Satteltaschen und Zubeh\u00f6r f\u00fcr Klassiker, Caf\u00e9 Racer oder Adventure Bikes. ","publisher":{"@id":"https:\/\/lapoderosagoods.com\/#organization"},"potentialAction":[{"@type":"SearchAction","target":{"@type":"EntryPoint","urlTemplate":"https:\/\/lapoderosagoods.com\/?s={search_term_string}"},"query-input":"required name=search_term_string"}],"inLanguage":"de-DE"},{"@type":"ImageObject","@id":"https:\/\/lapoderosagoods.com\/de\/produkt\/mohave-porta-jerry-kanister-5l-1-flasche-1l-schwarze-lederverschlusse\/#primaryimage","inLanguage":"de-DE","url":"https:\/\/lapoderosagoods.com\/wp-content\/uploads\/2021\/06\/jerrycan_1boteg_sdetalles_d4637fe3-6fef-4fb7-a5e4-259155f7a149.jpg","contentUrl":"https:\/\/lapoderosagoods.com\/wp-content\/uploads\/2021\/06\/jerrycan_1boteg_sdetalles_d4637fe3-6fef-4fb7-a5e4-259155f7a149.jpg","width":4032,"height":3024},{"@type":"WebPage","@id":"https:\/\/lapoderosagoods.com\/de\/produkt\/mohave-porta-jerry-kanister-5l-1-flasche-1l-schwarze-lederverschlusse\/#webpage","url":"https:\/\/lapoderosagoods.com\/de\/produkt\/mohave-porta-jerry-kanister-5l-1-flasche-1l-schwarze-lederverschlusse\/","name":"Mohave Porta Jerry Kanister 5L + 1 Flasche 1L schwarze Lederverschl\u00fcsse - La Poderosa Goods - Satteltaschen, Gep\u00e4ck und Premium-Motorradzubeh\u00f6r","isPartOf":{"@id":"https:\/\/lapoderosagoods.com\/#website"},"primaryImageOfPage":{"@id":"https:\/\/lapoderosagoods.com\/de\/produkt\/mohave-porta-jerry-kanister-5l-1-flasche-1l-schwarze-lederverschlusse\/#primaryimage"},"datePublished":"2021-06-25T10:02:50+00:00","dateModified":"2025-06-04T04:41:19+00:00","breadcrumb":{"@id":"https:\/\/lapoderosagoods.com\/de\/produkt\/mohave-porta-jerry-kanister-5l-1-flasche-1l-schwarze-lederverschlusse\/#breadcrumb"},"inLanguage":"de-DE","potentialAction":[{"@type":"ReadAction","target":["https:\/\/lapoderosagoods.com\/de\/produkt\/mohave-porta-jerry-kanister-5l-1-flasche-1l-schwarze-lederverschlusse\/"]}]},{"@type":"BreadcrumbList","@id":"https:\/\/lapoderosagoods.com\/de\/produkt\/mohave-porta-jerry-kanister-5l-1-flasche-1l-schwarze-lederverschlusse\/#breadcrumb","itemListElement":[{"@type":"ListItem","position":1,"name":"Portada","item":"https:\/\/lapoderosagoods.com\/"},{"@type":"ListItem","position":2,"name":"Produkte","item":"https:\/\/lapoderosagoods.com\/de\/produkte\/"},{"@type":"ListItem","position":3,"name":"Mohave Porta Jerry Kanister 5L + 1 Flasche 1L schwarze Lederverschl\u00fcsse"}]}]}},"_links":{"self":[{"href":"https:\/\/lapoderosagoods.com\/de\/wp-json\/wp\/v2\/product\/9136"}],"collection":[{"href":"https:\/\/lapoderosagoods.com\/de\/wp-json\/wp\/v2\/product"}],"about":[{"href":"https:\/\/lapoderosagoods.com\/de\/wp-json\/wp\/v2\/types\/product"}],"replies":[{"embeddable":true,"href":"https:\/\/lapoderosagoods.com\/de\/wp-json\/wp\/v2\/comments?post=9136"}],"wp:featuredmedia":[{"embeddable":true,"href":"https:\/\/lapoderosagoods.com\/de\/wp-json\/wp\/v2\/media\/7346"}],"wp:attachment":[{"href":"https:\/\/lapoderosagoods.com\/de\/wp-json\/wp\/v2\/media?parent=9136"}],"wp:term":[{"taxonomy":"product_cat","embeddable":true,"href":"https:\/\/lapoderosagoods.com\/de\/wp-json\/wp\/v2\/product_cat?post=9136"},{"taxonomy":"product_tag","embeddable":true,"href":"https:\/\/lapoderosagoods.com\/de\/wp-json\/wp\/v2\/product_tag?post=9136"}],"curies":[{"name":"wp","href":"https:\/\/api.w.org\/{rel}","templated":true}]}}