{"id":9085,"date":"2021-06-25T12:02:04","date_gmt":"2021-06-25T10:02:04","guid":{"rendered":"https:\/\/lapoderosagoods.spainmotoexperiences.es\/producto\/9085\/"},"modified":"2022-01-17T10:29:46","modified_gmt":"2022-01-17T08:29:46","slug":"schurze-aus-recyceltem-texel-armeegrun","status":"publish","type":"product","link":"https:\/\/lapoderosagoods.com\/de\/produkt\/schurze-aus-recyceltem-texel-armeegrun\/","title":{"rendered":"Sch\u00fcrze aus recyceltem Texel &#8211; Armeegr\u00fcn"},"content":{"rendered":"<p class=\"p1\"><span class=\"s1\"><span>Handgefertigt in Spanien mit gebrauchten Taschen der niederl\u00e4ndischen Armee.<\/span><br \/>\n<\/span><\/p>\n<p class=\"p1\"><span class=\"s1\"><span>100% recyceltes Produkt.<\/span><\/span><\/p>\n<p class=\"p1\"><span class=\"s1\"><span>\u00a02 Taschen, eine f\u00fcr das Handy und die andere f\u00fcr Utensilien. <\/span><\/span><\/p>\n<p class=\"p1\"><span class=\"s1\"><span>Lederriemen zum Halten von Brillen und Stiften.<\/span><\/span><\/p>\n<p class=\"p1\"><span class=\"s1\"><span>Unverzichtbar, um stilvoll in Ihrer Werkstatt, Ihrer K\u00fcche oder beim Grillen am Wochenende mit Freunden zu arbeiten.<\/span><br \/>\n<\/span><\/p>\n<p class=\"p1\"><span>* alle haben Gebrauchsspuren, die die niederl\u00e4ndischen Soldaten damals ihren Taschen gaben &#8230;<\/span><\/p>\n<p class=\"p1\"><span class=\"s1\"><span>Milit\u00e4rgr\u00fcne Farbe mit braunen Lederoberfl\u00e4chen.\u00a0<\/span><\/span><\/p>\n","protected":false},"excerpt":{"rendered":"<p>Handgefertigt in Spanien mit gebrauchten Taschen der niederl\u00e4ndischen Armee. 100% recyceltes Produkt. \u00a02 Taschen, eine f\u00fcr das Handy und die andere f\u00fcr Utensilien. Lederriemen zum Halten von Brillen und Stiften. Unverzichtbar, um stilvoll in Ihrer Werkstatt, Ihrer K\u00fcche oder beim Grillen am Wochenende mit Freunden zu arbeiten. * alle haben Gebrauchsspuren, die die niederl\u00e4ndischen Soldaten [&#8230;]\n","protected":false},"featured_media":6946,"comment_status":"closed","ping_status":"closed","template":"","meta":{"spay_email":""},"product_cat":[92,452],"product_tag":[],"yoast_head":"<!-- This site is optimized with the Yoast SEO plugin v16.8 - https:\/\/yoast.com\/wordpress\/plugins\/seo\/ -->\n<title>Sch\u00fcrze aus recyceltem Texel - Armeegr\u00fcn - La Poderosa Goods - Satteltaschen, Gep\u00e4ck und Premium-Motorradzubeh\u00f6r<\/title>\n<meta name=\"robots\" content=\"index, follow, max-snippet:-1, max-image-preview:large, max-video-preview:-1\" \/>\n<link rel=\"canonical\" href=\"https:\/\/lapoderosagoods.com\/de\/produkt\/delantal-reciclado-texel-verde-militar\/\" \/>\n<meta property=\"og:locale\" content=\"de_DE\" \/>\n<meta property=\"og:type\" content=\"article\" \/>\n<meta property=\"og:title\" content=\"Sch\u00fcrze aus recyceltem Texel - Armeegr\u00fcn - La Poderosa Goods - Satteltaschen, Gep\u00e4ck und Premium-Motorradzubeh\u00f6r\" \/>\n<meta property=\"og:description\" content=\"Handgefertigt in Spanien mit gebrauchten Taschen der niederl\u00e4ndischen Armee. 100% recyceltes Produkt. \u00a02 Taschen, eine f\u00fcr das Handy und die andere f\u00fcr Utensilien. Lederriemen zum Halten von Brillen und Stiften. Unverzichtbar, um stilvoll in Ihrer Werkstatt, Ihrer K\u00fcche oder beim Grillen am Wochenende mit Freunden zu arbeiten. * alle haben Gebrauchsspuren, die die niederl\u00e4ndischen Soldaten [...]\" \/>\n<meta property=\"og:url\" content=\"https:\/\/lapoderosagoods.com\/produkt\/delantal-reciclado-texel-verde-militar\/\" \/>\n<meta property=\"og:site_name\" content=\"La Poderosa Goods - Satteltaschen, Gep\u00e4ck und Premium-Motorradzubeh\u00f6r\" \/>\n<meta property=\"article:modified_time\" content=\"2022-01-17T08:29:46+00:00\" \/>\n<meta property=\"og:image\" content=\"https:\/\/lapoderosagoods.com\/wp-content\/uploads\/2021\/06\/C5A8424.jpg\" \/>\n\t<meta property=\"og:image:width\" content=\"3072\" \/>\n\t<meta property=\"og:image:height\" content=\"3072\" \/>\n<meta name=\"twitter:card\" content=\"summary_large_image\" \/>\n<script type=\"application\/ld+json\" class=\"yoast-schema-graph\">{\"@context\":\"https:\/\/schema.org\",\"@graph\":[{\"@type\":\"Organization\",\"@id\":\"https:\/\/lapoderosagoods.com\/#organization\",\"name\":\"La Poderosa Classic Goods\",\"url\":\"https:\/\/lapoderosagoods.com\/\",\"sameAs\":[],\"logo\":{\"@type\":\"ImageObject\",\"@id\":\"https:\/\/lapoderosagoods.com\/#logo\",\"inLanguage\":\"de-DE\",\"url\":\"https:\/\/lapoderosagoods.com\/wp-content\/uploads\/2019\/10\/poderosa.png\",\"contentUrl\":\"https:\/\/lapoderosagoods.com\/wp-content\/uploads\/2019\/10\/poderosa.png\",\"width\":290,\"height\":209,\"caption\":\"La Poderosa Classic Goods\"},\"image\":{\"@id\":\"https:\/\/lapoderosagoods.com\/#logo\"}},{\"@type\":\"WebSite\",\"@id\":\"https:\/\/lapoderosagoods.com\/#website\",\"url\":\"https:\/\/lapoderosagoods.com\/\",\"name\":\"La Poderosa Goods - Satteltaschen, Gep\\u00e4ck und Premium-Motorradzubeh\\u00f6r\",\"description\":\"Gep\\u00e4ck, St\\u00e4nder, Satteltaschen und Zubeh\\u00f6r f\\u00fcr Klassiker, Caf\\u00e9 Racer oder Adventure Bikes. \",\"publisher\":{\"@id\":\"https:\/\/lapoderosagoods.com\/#organization\"},\"potentialAction\":[{\"@type\":\"SearchAction\",\"target\":{\"@type\":\"EntryPoint\",\"urlTemplate\":\"https:\/\/lapoderosagoods.com\/?s={search_term_string}\"},\"query-input\":\"required name=search_term_string\"}],\"inLanguage\":\"de-DE\"},{\"@type\":\"ImageObject\",\"@id\":\"https:\/\/lapoderosagoods.com\/produkt\/delantal-reciclado-texel-verde-militar\/#primaryimage\",\"inLanguage\":\"de-DE\",\"url\":\"https:\/\/lapoderosagoods.com\/wp-content\/uploads\/2021\/06\/C5A8424.jpg\",\"contentUrl\":\"https:\/\/lapoderosagoods.com\/wp-content\/uploads\/2021\/06\/C5A8424.jpg\",\"width\":3072,\"height\":3072},{\"@type\":\"WebPage\",\"@id\":\"https:\/\/lapoderosagoods.com\/produkt\/delantal-reciclado-texel-verde-militar\/#webpage\",\"url\":\"https:\/\/lapoderosagoods.com\/produkt\/delantal-reciclado-texel-verde-militar\/\",\"name\":\"Sch\\u00fcrze aus recyceltem Texel - Armeegr\\u00fcn - La Poderosa Goods - Satteltaschen, Gep\\u00e4ck und Premium-Motorradzubeh\\u00f6r\",\"isPartOf\":{\"@id\":\"https:\/\/lapoderosagoods.com\/#website\"},\"primaryImageOfPage\":{\"@id\":\"https:\/\/lapoderosagoods.com\/produkt\/delantal-reciclado-texel-verde-militar\/#primaryimage\"},\"datePublished\":\"2021-06-25T10:02:04+00:00\",\"dateModified\":\"2022-01-17T08:29:46+00:00\",\"breadcrumb\":{\"@id\":\"https:\/\/lapoderosagoods.com\/produkt\/delantal-reciclado-texel-verde-militar\/#breadcrumb\"},\"inLanguage\":\"de-DE\",\"potentialAction\":[{\"@type\":\"ReadAction\",\"target\":[\"https:\/\/lapoderosagoods.com\/produkt\/delantal-reciclado-texel-verde-militar\/\"]}]},{\"@type\":\"BreadcrumbList\",\"@id\":\"https:\/\/lapoderosagoods.com\/produkt\/delantal-reciclado-texel-verde-militar\/#breadcrumb\",\"itemListElement\":[{\"@type\":\"ListItem\",\"position\":1,\"name\":\"Portada\",\"item\":\"https:\/\/lapoderosagoods.com\/\"},{\"@type\":\"ListItem\",\"position\":2,\"name\":\"Produkte\",\"item\":\"https:\/\/lapoderosagoods.com\/de\/produkte\/\"},{\"@type\":\"ListItem\",\"position\":3,\"name\":\"Sch\\u00fcrze aus recyceltem Texel &#8211; Armeegr\\u00fcn\"}]}]}<\/script>\n<!-- \/ Yoast SEO plugin. -->","yoast_head_json":{"title":"Sch\u00fcrze aus recyceltem Texel - Armeegr\u00fcn - La Poderosa Goods - Satteltaschen, Gep\u00e4ck und Premium-Motorradzubeh\u00f6r","robots":{"index":"index","follow":"follow","max-snippet":"max-snippet:-1","max-image-preview":"max-image-preview:large","max-video-preview":"max-video-preview:-1"},"canonical":"https:\/\/lapoderosagoods.com\/de\/produkt\/delantal-reciclado-texel-verde-militar\/","og_locale":"de_DE","og_type":"article","og_title":"Sch\u00fcrze aus recyceltem Texel - Armeegr\u00fcn - La Poderosa Goods - Satteltaschen, Gep\u00e4ck und Premium-Motorradzubeh\u00f6r","og_description":"Handgefertigt in Spanien mit gebrauchten Taschen der niederl\u00e4ndischen Armee. 100% recyceltes Produkt. \u00a02 Taschen, eine f\u00fcr das Handy und die andere f\u00fcr Utensilien. Lederriemen zum Halten von Brillen und Stiften. Unverzichtbar, um stilvoll in Ihrer Werkstatt, Ihrer K\u00fcche oder beim Grillen am Wochenende mit Freunden zu arbeiten. * alle haben Gebrauchsspuren, die die niederl\u00e4ndischen Soldaten [...]","og_url":"https:\/\/lapoderosagoods.com\/produkt\/delantal-reciclado-texel-verde-militar\/","og_site_name":"La Poderosa Goods - Satteltaschen, Gep\u00e4ck und Premium-Motorradzubeh\u00f6r","article_modified_time":"2022-01-17T08:29:46+00:00","og_image":[{"width":3072,"height":3072,"url":"https:\/\/lapoderosagoods.com\/wp-content\/uploads\/2021\/06\/C5A8424.jpg","path":"\/home\/spainmot\/lapoderosagoods\/wp-content\/uploads\/2021\/06\/C5A8424.jpg","size":"full","id":6946,"alt":"","pixels":9437184,"type":"image\/jpeg"}],"twitter_card":"summary_large_image","schema":{"@context":"https:\/\/schema.org","@graph":[{"@type":"Organization","@id":"https:\/\/lapoderosagoods.com\/#organization","name":"La Poderosa Classic Goods","url":"https:\/\/lapoderosagoods.com\/","sameAs":[],"logo":{"@type":"ImageObject","@id":"https:\/\/lapoderosagoods.com\/#logo","inLanguage":"de-DE","url":"https:\/\/lapoderosagoods.com\/wp-content\/uploads\/2019\/10\/poderosa.png","contentUrl":"https:\/\/lapoderosagoods.com\/wp-content\/uploads\/2019\/10\/poderosa.png","width":290,"height":209,"caption":"La Poderosa Classic Goods"},"image":{"@id":"https:\/\/lapoderosagoods.com\/#logo"}},{"@type":"WebSite","@id":"https:\/\/lapoderosagoods.com\/#website","url":"https:\/\/lapoderosagoods.com\/","name":"La Poderosa Goods - Satteltaschen, Gep\u00e4ck und Premium-Motorradzubeh\u00f6r","description":"Gep\u00e4ck, St\u00e4nder, Satteltaschen und Zubeh\u00f6r f\u00fcr Klassiker, Caf\u00e9 Racer oder Adventure Bikes. ","publisher":{"@id":"https:\/\/lapoderosagoods.com\/#organization"},"potentialAction":[{"@type":"SearchAction","target":{"@type":"EntryPoint","urlTemplate":"https:\/\/lapoderosagoods.com\/?s={search_term_string}"},"query-input":"required name=search_term_string"}],"inLanguage":"de-DE"},{"@type":"ImageObject","@id":"https:\/\/lapoderosagoods.com\/produkt\/delantal-reciclado-texel-verde-militar\/#primaryimage","inLanguage":"de-DE","url":"https:\/\/lapoderosagoods.com\/wp-content\/uploads\/2021\/06\/C5A8424.jpg","contentUrl":"https:\/\/lapoderosagoods.com\/wp-content\/uploads\/2021\/06\/C5A8424.jpg","width":3072,"height":3072},{"@type":"WebPage","@id":"https:\/\/lapoderosagoods.com\/produkt\/delantal-reciclado-texel-verde-militar\/#webpage","url":"https:\/\/lapoderosagoods.com\/produkt\/delantal-reciclado-texel-verde-militar\/","name":"Sch\u00fcrze aus recyceltem Texel - Armeegr\u00fcn - La Poderosa Goods - Satteltaschen, Gep\u00e4ck und Premium-Motorradzubeh\u00f6r","isPartOf":{"@id":"https:\/\/lapoderosagoods.com\/#website"},"primaryImageOfPage":{"@id":"https:\/\/lapoderosagoods.com\/produkt\/delantal-reciclado-texel-verde-militar\/#primaryimage"},"datePublished":"2021-06-25T10:02:04+00:00","dateModified":"2022-01-17T08:29:46+00:00","breadcrumb":{"@id":"https:\/\/lapoderosagoods.com\/produkt\/delantal-reciclado-texel-verde-militar\/#breadcrumb"},"inLanguage":"de-DE","potentialAction":[{"@type":"ReadAction","target":["https:\/\/lapoderosagoods.com\/produkt\/delantal-reciclado-texel-verde-militar\/"]}]},{"@type":"BreadcrumbList","@id":"https:\/\/lapoderosagoods.com\/produkt\/delantal-reciclado-texel-verde-militar\/#breadcrumb","itemListElement":[{"@type":"ListItem","position":1,"name":"Portada","item":"https:\/\/lapoderosagoods.com\/"},{"@type":"ListItem","position":2,"name":"Produkte","item":"https:\/\/lapoderosagoods.com\/de\/produkte\/"},{"@type":"ListItem","position":3,"name":"Sch\u00fcrze aus recyceltem Texel &#8211; Armeegr\u00fcn"}]}]}},"_links":{"self":[{"href":"https:\/\/lapoderosagoods.com\/de\/wp-json\/wp\/v2\/product\/9085"}],"collection":[{"href":"https:\/\/lapoderosagoods.com\/de\/wp-json\/wp\/v2\/product"}],"about":[{"href":"https:\/\/lapoderosagoods.com\/de\/wp-json\/wp\/v2\/types\/product"}],"replies":[{"embeddable":true,"href":"https:\/\/lapoderosagoods.com\/de\/wp-json\/wp\/v2\/comments?post=9085"}],"wp:featuredmedia":[{"embeddable":true,"href":"https:\/\/lapoderosagoods.com\/de\/wp-json\/wp\/v2\/media\/6946"}],"wp:attachment":[{"href":"https:\/\/lapoderosagoods.com\/de\/wp-json\/wp\/v2\/media?parent=9085"}],"wp:term":[{"taxonomy":"product_cat","embeddable":true,"href":"https:\/\/lapoderosagoods.com\/de\/wp-json\/wp\/v2\/product_cat?post=9085"},{"taxonomy":"product_tag","embeddable":true,"href":"https:\/\/lapoderosagoods.com\/de\/wp-json\/wp\/v2\/product_tag?post=9085"}],"curies":[{"name":"wp","href":"https:\/\/api.w.org\/{rel}","templated":true}]}}