{"id":23799,"date":"2026-03-02T12:56:29","date_gmt":"2026-03-02T11:56:30","guid":{"rendered":"https:\/\/lapoderosagoods.com\/?post_type=product&#038;p=23799"},"modified":"2026-03-03T00:15:09","modified_gmt":"2026-03-02T23:15:09","slug":"sonora-18l-satteltasche-smoked-black-buffelleder","status":"publish","type":"product","link":"https:\/\/lapoderosagoods.com\/de\/produkt\/sonora-18l-satteltasche-smoked-black-buffelleder\/","title":{"rendered":"Sonora  18L Satteltasche &#8211; Smoked Black B\u00fcffelleder"},"content":{"rendered":"<div class=\"product-single__description rte\">\n<p class=\"s3\"><span class=\"s2\">Handgefertigt in Spanien aus 5mm nat\u00fcrliches B\u00fcffelleder.<\/span><\/p>\n<p class=\"s3\"><span class=\"s2\">Der Preis der Satteltasche beinhaltet \u00a0gilt pro st\u00fcck und beinhaltet nicht die Metallhalterungen f\u00fcr das motorrad.<\/span><\/p>\n<p>Alle Materialien sind von h\u00f6chster Qualit\u00e4t und sehr widerstandsf\u00e4hig.<\/p>\n<p class=\"s3\"><span class=\"s2\">Befestigungssystem <\/span><span class=\"s2\">it oder <\/span><span class=\"s2\">n am Stahlrahmen durch Kupplung Klick-Fix Technik <\/span><span class=\"s2\">\u00ed <\/span><span class=\"s2\">auf Deutsch und abschlie\u00dfbar.<\/span><\/p>\n<p class=\"s3\"><span class=\"s2\">Ma\u00dfe: 38 cm H\u00f6he \u00a0x 37 cm breit x 15 cm tief genug , um ein Computer &#8211; Port zur Aufnahme <\/span><span class=\"s2\">zu <\/span><span class=\"s2\">n\u00fctzlichen bis zu 15 Zoll. Ungef\u00e4hr 18 Liter<\/span><\/p>\n<p class=\"s3\"><span class=\"s2\">Stabiles Innensystem, um sicherzustellen, dass die Satteltasche ihr Volumen beh\u00e4lt, wenn sie leer ist.<\/span><\/p>\n<p class=\"s3\"><span class=\"s2\">Unverzichtbar, um stilvoll zu reisen, allein oder in Begleitung <\/span><span class=\"s2\">\u2013 <\/span><span class=\"s2\">kurzerhand.<\/span><\/p>\n<p class=\"s3\"><span class=\"s2\">Seit \u00fcber 1000km getestete Seitentasche mit Lasten von bis zu 7kg.<\/span><\/p>\n<p class=\"s3\"><span class=\"s2\">Farbe smoked black.<\/span><\/p>\n<p>F\u00fcr regnerische gebiete empfehlen wir unsere PVC-Innentasche in Gr\u00f6sse L.<\/p>\n<\/div>\n","protected":false},"excerpt":{"rendered":"<p>Handgefertigt in Spanien aus 5mm nat\u00fcrliches B\u00fcffelleder. Der Preis der Satteltasche beinhaltet \u00a0gilt pro st\u00fcck und beinhaltet nicht die Metallhalterungen f\u00fcr das motorrad. Alle Materialien sind von h\u00f6chster Qualit\u00e4t und sehr widerstandsf\u00e4hig. Befestigungssystem it oder n am Stahlrahmen durch Kupplung Klick-Fix Technik \u00ed auf Deutsch und abschlie\u00dfbar. Ma\u00dfe: 38 cm H\u00f6he \u00a0x 37 cm breit [&#8230;]\n","protected":false},"featured_media":23811,"comment_status":"closed","ping_status":"closed","template":"","meta":{"spay_email":""},"product_cat":[159,93],"product_tag":[776,237,242,612,477,826,261,786,441,874,952,870,254,244,887,246,249,758,759,851,264,256,856,578,812,779,572,782,560,569,513,268,847,272,915,956,893,600,531,896,516,275,278,899,280,802,903,282,794,798,532,808,288,486,483,489,492,296,819,298,923,632,835,927,636,292,640,908,519,890,648,644,652,656,932,823,968,864,919,302,613,620,305,790,860,308,936,310,313,317,320,628,624,322,501,326,328,831,607,761,331],"yoast_head":"<!-- This site is optimized with the Yoast SEO plugin v16.8 - https:\/\/yoast.com\/wordpress\/plugins\/seo\/ -->\n<title>Sonora 18L Satteltasche - Smoked Black B\u00fcffelleder - La Poderosa Goods - Satteltaschen, Gep\u00e4ck und Premium-Motorradzubeh\u00f6r<\/title>\n<meta name=\"robots\" content=\"index, follow, max-snippet:-1, max-image-preview:large, max-video-preview:-1\" \/>\n<link rel=\"canonical\" href=\"https:\/\/lapoderosagoods.com\/de\/produkt\/alforja-sonora-18l-smoked-black-buffalo-leather\/\" \/>\n<meta property=\"og:locale\" content=\"de_DE\" \/>\n<meta property=\"og:type\" content=\"article\" \/>\n<meta property=\"og:title\" content=\"Sonora 18L Satteltasche - Smoked Black B\u00fcffelleder - La Poderosa Goods - Satteltaschen, Gep\u00e4ck und Premium-Motorradzubeh\u00f6r\" \/>\n<meta property=\"og:description\" content=\"Handgefertigt in Spanien aus 5mm nat\u00fcrliches B\u00fcffelleder. Der Preis der Satteltasche beinhaltet \u00a0gilt pro st\u00fcck und beinhaltet nicht die Metallhalterungen f\u00fcr das motorrad. Alle Materialien sind von h\u00f6chster Qualit\u00e4t und sehr widerstandsf\u00e4hig. Befestigungssystem it oder n am Stahlrahmen durch Kupplung Klick-Fix Technik \u00ed auf Deutsch und abschlie\u00dfbar. Ma\u00dfe: 38 cm H\u00f6he \u00a0x 37 cm breit [...]\" \/>\n<meta property=\"og:url\" content=\"https:\/\/lapoderosagoods.com\/produkt\/alforja-sonora-18l-smoked-black-buffalo-leather\/\" \/>\n<meta property=\"og:site_name\" content=\"La Poderosa Goods - Satteltaschen, Gep\u00e4ck und Premium-Motorradzubeh\u00f6r\" \/>\n<meta property=\"article:modified_time\" content=\"2026-03-02T23:15:09+00:00\" \/>\n<meta property=\"og:image\" content=\"https:\/\/lapoderosagoods.com\/wp-content\/uploads\/2019\/10\/poderosa.png\" \/>\n\t<meta property=\"og:image:width\" content=\"290\" \/>\n\t<meta property=\"og:image:height\" content=\"209\" \/>\n<meta name=\"twitter:card\" content=\"summary_large_image\" \/>\n<meta name=\"twitter:label1\" content=\"Gesch\u00e4tzte Lesezeit\" \/>\n\t<meta name=\"twitter:data1\" content=\"1 Minute\" \/>\n<script type=\"application\/ld+json\" class=\"yoast-schema-graph\">{\"@context\":\"https:\/\/schema.org\",\"@graph\":[{\"@type\":\"Organization\",\"@id\":\"https:\/\/lapoderosagoods.com\/#organization\",\"name\":\"La Poderosa Classic Goods\",\"url\":\"https:\/\/lapoderosagoods.com\/\",\"sameAs\":[],\"logo\":{\"@type\":\"ImageObject\",\"@id\":\"https:\/\/lapoderosagoods.com\/#logo\",\"inLanguage\":\"de-DE\",\"url\":\"https:\/\/lapoderosagoods.com\/wp-content\/uploads\/2019\/10\/poderosa.png\",\"contentUrl\":\"https:\/\/lapoderosagoods.com\/wp-content\/uploads\/2019\/10\/poderosa.png\",\"width\":290,\"height\":209,\"caption\":\"La Poderosa Classic Goods\"},\"image\":{\"@id\":\"https:\/\/lapoderosagoods.com\/#logo\"}},{\"@type\":\"WebSite\",\"@id\":\"https:\/\/lapoderosagoods.com\/#website\",\"url\":\"https:\/\/lapoderosagoods.com\/\",\"name\":\"La Poderosa Goods - Satteltaschen, Gep\\u00e4ck und Premium-Motorradzubeh\\u00f6r\",\"description\":\"Gep\\u00e4ck, St\\u00e4nder, Satteltaschen und Zubeh\\u00f6r f\\u00fcr Klassiker, Caf\\u00e9 Racer oder Adventure Bikes. \",\"publisher\":{\"@id\":\"https:\/\/lapoderosagoods.com\/#organization\"},\"potentialAction\":[{\"@type\":\"SearchAction\",\"target\":{\"@type\":\"EntryPoint\",\"urlTemplate\":\"https:\/\/lapoderosagoods.com\/?s={search_term_string}\"},\"query-input\":\"required name=search_term_string\"}],\"inLanguage\":\"de-DE\"},{\"@type\":\"ImageObject\",\"@id\":\"https:\/\/lapoderosagoods.com\/produkt\/alforja-sonora-18l-smoked-black-buffalo-leather\/#primaryimage\",\"inLanguage\":\"de-DE\",\"url\":\"https:\/\/lapoderosagoods.com\/wp-content\/uploads\/2026\/03\/Bonnie-2026-Sonora-black-RHS.heic\",\"contentUrl\":\"https:\/\/lapoderosagoods.com\/wp-content\/uploads\/2026\/03\/Bonnie-2026-Sonora-black-RHS.heic\"},{\"@type\":\"WebPage\",\"@id\":\"https:\/\/lapoderosagoods.com\/produkt\/alforja-sonora-18l-smoked-black-buffalo-leather\/#webpage\",\"url\":\"https:\/\/lapoderosagoods.com\/produkt\/alforja-sonora-18l-smoked-black-buffalo-leather\/\",\"name\":\"Sonora 18L Satteltasche - Smoked Black B\\u00fcffelleder - La Poderosa Goods - Satteltaschen, Gep\\u00e4ck und Premium-Motorradzubeh\\u00f6r\",\"isPartOf\":{\"@id\":\"https:\/\/lapoderosagoods.com\/#website\"},\"primaryImageOfPage\":{\"@id\":\"https:\/\/lapoderosagoods.com\/produkt\/alforja-sonora-18l-smoked-black-buffalo-leather\/#primaryimage\"},\"datePublished\":\"2026-03-02T11:56:30+00:00\",\"dateModified\":\"2026-03-02T23:15:09+00:00\",\"breadcrumb\":{\"@id\":\"https:\/\/lapoderosagoods.com\/produkt\/alforja-sonora-18l-smoked-black-buffalo-leather\/#breadcrumb\"},\"inLanguage\":\"de-DE\",\"potentialAction\":[{\"@type\":\"ReadAction\",\"target\":[\"https:\/\/lapoderosagoods.com\/produkt\/alforja-sonora-18l-smoked-black-buffalo-leather\/\"]}]},{\"@type\":\"BreadcrumbList\",\"@id\":\"https:\/\/lapoderosagoods.com\/produkt\/alforja-sonora-18l-smoked-black-buffalo-leather\/#breadcrumb\",\"itemListElement\":[{\"@type\":\"ListItem\",\"position\":1,\"name\":\"Portada\",\"item\":\"https:\/\/lapoderosagoods.com\/\"},{\"@type\":\"ListItem\",\"position\":2,\"name\":\"Produkte\",\"item\":\"https:\/\/lapoderosagoods.com\/de\/produkte\/\"},{\"@type\":\"ListItem\",\"position\":3,\"name\":\"Sonora 18L Satteltasche &#8211; Smoked Black B\\u00fcffelleder\"}]}]}<\/script>\n<!-- \/ Yoast SEO plugin. -->","yoast_head_json":{"title":"Sonora 18L Satteltasche - Smoked Black B\u00fcffelleder - La Poderosa Goods - Satteltaschen, Gep\u00e4ck und Premium-Motorradzubeh\u00f6r","robots":{"index":"index","follow":"follow","max-snippet":"max-snippet:-1","max-image-preview":"max-image-preview:large","max-video-preview":"max-video-preview:-1"},"canonical":"https:\/\/lapoderosagoods.com\/de\/produkt\/alforja-sonora-18l-smoked-black-buffalo-leather\/","og_locale":"de_DE","og_type":"article","og_title":"Sonora 18L Satteltasche - Smoked Black B\u00fcffelleder - La Poderosa Goods - Satteltaschen, Gep\u00e4ck und Premium-Motorradzubeh\u00f6r","og_description":"Handgefertigt in Spanien aus 5mm nat\u00fcrliches B\u00fcffelleder. Der Preis der Satteltasche beinhaltet \u00a0gilt pro st\u00fcck und beinhaltet nicht die Metallhalterungen f\u00fcr das motorrad. Alle Materialien sind von h\u00f6chster Qualit\u00e4t und sehr widerstandsf\u00e4hig. Befestigungssystem it oder n am Stahlrahmen durch Kupplung Klick-Fix Technik \u00ed auf Deutsch und abschlie\u00dfbar. Ma\u00dfe: 38 cm H\u00f6he \u00a0x 37 cm breit [...]","og_url":"https:\/\/lapoderosagoods.com\/produkt\/alforja-sonora-18l-smoked-black-buffalo-leather\/","og_site_name":"La Poderosa Goods - Satteltaschen, Gep\u00e4ck und Premium-Motorradzubeh\u00f6r","article_modified_time":"2026-03-02T23:15:09+00:00","og_image":[{"width":290,"height":209,"url":"https:\/\/lapoderosagoods.com\/wp-content\/uploads\/2019\/10\/poderosa.png","path":"\/home\/spainmot\/lapoderosagoods\/wp-content\/uploads\/2019\/10\/poderosa.png","size":"full","id":269,"alt":"","pixels":60610,"type":"image\/png"}],"twitter_card":"summary_large_image","twitter_misc":{"Gesch\u00e4tzte Lesezeit":"1 Minute"},"schema":{"@context":"https:\/\/schema.org","@graph":[{"@type":"Organization","@id":"https:\/\/lapoderosagoods.com\/#organization","name":"La Poderosa Classic Goods","url":"https:\/\/lapoderosagoods.com\/","sameAs":[],"logo":{"@type":"ImageObject","@id":"https:\/\/lapoderosagoods.com\/#logo","inLanguage":"de-DE","url":"https:\/\/lapoderosagoods.com\/wp-content\/uploads\/2019\/10\/poderosa.png","contentUrl":"https:\/\/lapoderosagoods.com\/wp-content\/uploads\/2019\/10\/poderosa.png","width":290,"height":209,"caption":"La Poderosa Classic Goods"},"image":{"@id":"https:\/\/lapoderosagoods.com\/#logo"}},{"@type":"WebSite","@id":"https:\/\/lapoderosagoods.com\/#website","url":"https:\/\/lapoderosagoods.com\/","name":"La Poderosa Goods - Satteltaschen, Gep\u00e4ck und Premium-Motorradzubeh\u00f6r","description":"Gep\u00e4ck, St\u00e4nder, Satteltaschen und Zubeh\u00f6r f\u00fcr Klassiker, Caf\u00e9 Racer oder Adventure Bikes. ","publisher":{"@id":"https:\/\/lapoderosagoods.com\/#organization"},"potentialAction":[{"@type":"SearchAction","target":{"@type":"EntryPoint","urlTemplate":"https:\/\/lapoderosagoods.com\/?s={search_term_string}"},"query-input":"required name=search_term_string"}],"inLanguage":"de-DE"},{"@type":"ImageObject","@id":"https:\/\/lapoderosagoods.com\/produkt\/alforja-sonora-18l-smoked-black-buffalo-leather\/#primaryimage","inLanguage":"de-DE","url":"https:\/\/lapoderosagoods.com\/wp-content\/uploads\/2026\/03\/Bonnie-2026-Sonora-black-RHS.heic","contentUrl":"https:\/\/lapoderosagoods.com\/wp-content\/uploads\/2026\/03\/Bonnie-2026-Sonora-black-RHS.heic"},{"@type":"WebPage","@id":"https:\/\/lapoderosagoods.com\/produkt\/alforja-sonora-18l-smoked-black-buffalo-leather\/#webpage","url":"https:\/\/lapoderosagoods.com\/produkt\/alforja-sonora-18l-smoked-black-buffalo-leather\/","name":"Sonora 18L Satteltasche - Smoked Black B\u00fcffelleder - La Poderosa Goods - Satteltaschen, Gep\u00e4ck und Premium-Motorradzubeh\u00f6r","isPartOf":{"@id":"https:\/\/lapoderosagoods.com\/#website"},"primaryImageOfPage":{"@id":"https:\/\/lapoderosagoods.com\/produkt\/alforja-sonora-18l-smoked-black-buffalo-leather\/#primaryimage"},"datePublished":"2026-03-02T11:56:30+00:00","dateModified":"2026-03-02T23:15:09+00:00","breadcrumb":{"@id":"https:\/\/lapoderosagoods.com\/produkt\/alforja-sonora-18l-smoked-black-buffalo-leather\/#breadcrumb"},"inLanguage":"de-DE","potentialAction":[{"@type":"ReadAction","target":["https:\/\/lapoderosagoods.com\/produkt\/alforja-sonora-18l-smoked-black-buffalo-leather\/"]}]},{"@type":"BreadcrumbList","@id":"https:\/\/lapoderosagoods.com\/produkt\/alforja-sonora-18l-smoked-black-buffalo-leather\/#breadcrumb","itemListElement":[{"@type":"ListItem","position":1,"name":"Portada","item":"https:\/\/lapoderosagoods.com\/"},{"@type":"ListItem","position":2,"name":"Produkte","item":"https:\/\/lapoderosagoods.com\/de\/produkte\/"},{"@type":"ListItem","position":3,"name":"Sonora 18L Satteltasche &#8211; Smoked Black B\u00fcffelleder"}]}]}},"_links":{"self":[{"href":"https:\/\/lapoderosagoods.com\/de\/wp-json\/wp\/v2\/product\/23799"}],"collection":[{"href":"https:\/\/lapoderosagoods.com\/de\/wp-json\/wp\/v2\/product"}],"about":[{"href":"https:\/\/lapoderosagoods.com\/de\/wp-json\/wp\/v2\/types\/product"}],"replies":[{"embeddable":true,"href":"https:\/\/lapoderosagoods.com\/de\/wp-json\/wp\/v2\/comments?post=23799"}],"wp:featuredmedia":[{"embeddable":true,"href":"https:\/\/lapoderosagoods.com\/de\/wp-json\/wp\/v2\/media\/23811"}],"wp:attachment":[{"href":"https:\/\/lapoderosagoods.com\/de\/wp-json\/wp\/v2\/media?parent=23799"}],"wp:term":[{"taxonomy":"product_cat","embeddable":true,"href":"https:\/\/lapoderosagoods.com\/de\/wp-json\/wp\/v2\/product_cat?post=23799"},{"taxonomy":"product_tag","embeddable":true,"href":"https:\/\/lapoderosagoods.com\/de\/wp-json\/wp\/v2\/product_tag?post=23799"}],"curies":[{"name":"wp","href":"https:\/\/api.w.org\/{rel}","templated":true}]}}