{"id":23527,"date":"2025-12-03T11:01:17","date_gmt":"2025-12-03T10:01:17","guid":{"rendered":"https:\/\/lapoderosagoods.com\/?post_type=product&#038;p=23527"},"modified":"2025-12-03T16:50:07","modified_gmt":"2025-12-03T15:50:07","slug":"satteltaschenhalter-harley-davidson-fat-bob-satin-black-beidseitig","status":"publish","type":"product","link":"https:\/\/lapoderosagoods.com\/de\/produkt\/satteltaschenhalter-harley-davidson-fat-bob-satin-black-beidseitig\/","title":{"rendered":"Satteltaschenhalter Harley Davidson Fat Bob Satin Black (beidseitig)"},"content":{"rendered":"<div class=\"product-single__description rte\">\n<p class=\"s3\"><span class=\"s2\">Stahlrahmen in Satin Black Finish f\u00fcr Harley Davidson Fat Bob \u00a0f\u00fcr zwei Satteltaschen, eine auf jeder Seite.\u00a0<\/span><\/p>\n<p class=\"s3\"><span class=\"s2\">Teile entwerfen <\/span><span class=\"s2\">Tupeln f\u00fcr auf dem Heckrahmen Verschrauben ich jede Harley Davidson Fat Bob *\u00a0 <\/span><span class=\"s2\">durch Schrauben.<\/span><\/p>\n<p>Satinschwarze Pulverbeschichtung.<\/p>\n<p class=\"s3\"><span class=\"s2\">Klassic <\/span><span class=\"s2\">\u00a0und minimalistisch, perfekt auch mit der entfernten Seitentasche.<\/span><\/p>\n<p class=\"s3\"><span class=\"s2\">F\u00fcr die Verwendung des Universalauspuffs konzipiert. Eine Passgenauigkeit auf andere Auspuffmodelle kann von uns nicht garantiert werden.<\/span><\/p>\n<p class=\"s3\"><span class=\"s2\">Sehr solide Struktur f\u00fcr Lasten von bis zu 10 kg pro Tasche.<\/span><\/p>\n<p class=\"s3\"><span class=\"s2\">* Kompatibel mit folgenden Modellen (bitte bei der Bestellung Ihr genaues Modell best\u00e4tigen):<\/span><\/p>\n<p class=\"s3\"><span class=\"s2\">\u00a0Harley Davidson Fat Bob\u00a0<\/span><\/p>\n<\/div>\n","protected":false},"excerpt":{"rendered":"<p>Stahlrahmen in Satin Black Finish f\u00fcr Harley Davidson Fat Bob \u00a0f\u00fcr zwei Satteltaschen, eine auf jeder Seite.\u00a0 Teile entwerfen Tupeln f\u00fcr auf dem Heckrahmen Verschrauben ich jede Harley Davidson Fat Bob *\u00a0 durch Schrauben. Satinschwarze Pulverbeschichtung. Klassic \u00a0und minimalistisch, perfekt auch mit der entfernten Seitentasche. F\u00fcr die Verwendung des Universalauspuffs konzipiert. Eine Passgenauigkeit auf andere [&#8230;]\n","protected":false},"featured_media":23573,"comment_status":"closed","ping_status":"closed","template":"","meta":{"spay_email":""},"product_cat":[711,131,96],"product_tag":[578],"yoast_head":"<!-- This site is optimized with the Yoast SEO plugin v16.8 - https:\/\/yoast.com\/wordpress\/plugins\/seo\/ -->\n<title>Satteltaschenhalter Harley Davidson Fat Bob Satin Black (beidseitig) - La Poderosa Goods - Satteltaschen, Gep\u00e4ck und Premium-Motorradzubeh\u00f6r<\/title>\n<meta name=\"robots\" content=\"index, follow, max-snippet:-1, max-image-preview:large, max-video-preview:-1\" \/>\n<link rel=\"canonical\" href=\"https:\/\/lapoderosagoods.com\/de\/produkt\/satteltaschenhalter-harley-davidson-fat-bob-satin-black-beidseitig\/\" \/>\n<meta property=\"og:locale\" content=\"de_DE\" \/>\n<meta property=\"og:type\" content=\"article\" \/>\n<meta property=\"og:title\" content=\"Satteltaschenhalter Harley Davidson Fat Bob Satin Black (beidseitig) - La Poderosa Goods - Satteltaschen, Gep\u00e4ck und Premium-Motorradzubeh\u00f6r\" \/>\n<meta property=\"og:description\" content=\"Stahlrahmen in Satin Black Finish f\u00fcr Harley Davidson Fat Bob \u00a0f\u00fcr zwei Satteltaschen, eine auf jeder Seite.\u00a0 Teile entwerfen Tupeln f\u00fcr auf dem Heckrahmen Verschrauben ich jede Harley Davidson Fat Bob *\u00a0 durch Schrauben. Satinschwarze Pulverbeschichtung. Klassic \u00a0und minimalistisch, perfekt auch mit der entfernten Seitentasche. F\u00fcr die Verwendung des Universalauspuffs konzipiert. Eine Passgenauigkeit auf andere [...]\" \/>\n<meta property=\"og:url\" content=\"https:\/\/lapoderosagoods.com\/de\/produkt\/satteltaschenhalter-harley-davidson-fat-bob-satin-black-beidseitig\/\" \/>\n<meta property=\"og:site_name\" content=\"La Poderosa Goods - Satteltaschen, Gep\u00e4ck und Premium-Motorradzubeh\u00f6r\" \/>\n<meta property=\"article:modified_time\" content=\"2025-12-03T15:50:07+00:00\" \/>\n<meta property=\"og:image\" content=\"https:\/\/lapoderosagoods.com\/wp-content\/uploads\/2019\/10\/poderosa.png\" \/>\n\t<meta property=\"og:image:width\" content=\"290\" \/>\n\t<meta property=\"og:image:height\" content=\"209\" \/>\n<meta name=\"twitter:card\" content=\"summary_large_image\" \/>\n<script type=\"application\/ld+json\" class=\"yoast-schema-graph\">{\"@context\":\"https:\/\/schema.org\",\"@graph\":[{\"@type\":\"Organization\",\"@id\":\"https:\/\/lapoderosagoods.com\/#organization\",\"name\":\"La Poderosa Classic Goods\",\"url\":\"https:\/\/lapoderosagoods.com\/\",\"sameAs\":[],\"logo\":{\"@type\":\"ImageObject\",\"@id\":\"https:\/\/lapoderosagoods.com\/#logo\",\"inLanguage\":\"de-DE\",\"url\":\"https:\/\/lapoderosagoods.com\/wp-content\/uploads\/2019\/10\/poderosa.png\",\"contentUrl\":\"https:\/\/lapoderosagoods.com\/wp-content\/uploads\/2019\/10\/poderosa.png\",\"width\":290,\"height\":209,\"caption\":\"La Poderosa Classic Goods\"},\"image\":{\"@id\":\"https:\/\/lapoderosagoods.com\/#logo\"}},{\"@type\":\"WebSite\",\"@id\":\"https:\/\/lapoderosagoods.com\/#website\",\"url\":\"https:\/\/lapoderosagoods.com\/\",\"name\":\"La Poderosa Goods - Satteltaschen, Gep\\u00e4ck und Premium-Motorradzubeh\\u00f6r\",\"description\":\"Gep\\u00e4ck, St\\u00e4nder, Satteltaschen und Zubeh\\u00f6r f\\u00fcr Klassiker, Caf\\u00e9 Racer oder Adventure Bikes. \",\"publisher\":{\"@id\":\"https:\/\/lapoderosagoods.com\/#organization\"},\"potentialAction\":[{\"@type\":\"SearchAction\",\"target\":{\"@type\":\"EntryPoint\",\"urlTemplate\":\"https:\/\/lapoderosagoods.com\/?s={search_term_string}\"},\"query-input\":\"required name=search_term_string\"}],\"inLanguage\":\"de-DE\"},{\"@type\":\"ImageObject\",\"@id\":\"https:\/\/lapoderosagoods.com\/de\/produkt\/satteltaschenhalter-harley-davidson-fat-bob-satin-black-beidseitig\/#primaryimage\",\"inLanguage\":\"de-DE\",\"url\":\"https:\/\/lapoderosagoods.com\/wp-content\/uploads\/2025\/12\/HD-fat-Bob-RHS-rack-.heic\",\"contentUrl\":\"https:\/\/lapoderosagoods.com\/wp-content\/uploads\/2025\/12\/HD-fat-Bob-RHS-rack-.heic\"},{\"@type\":\"WebPage\",\"@id\":\"https:\/\/lapoderosagoods.com\/de\/produkt\/satteltaschenhalter-harley-davidson-fat-bob-satin-black-beidseitig\/#webpage\",\"url\":\"https:\/\/lapoderosagoods.com\/de\/produkt\/satteltaschenhalter-harley-davidson-fat-bob-satin-black-beidseitig\/\",\"name\":\"Satteltaschenhalter Harley Davidson Fat Bob Satin Black (beidseitig) - La Poderosa Goods - Satteltaschen, Gep\\u00e4ck und Premium-Motorradzubeh\\u00f6r\",\"isPartOf\":{\"@id\":\"https:\/\/lapoderosagoods.com\/#website\"},\"primaryImageOfPage\":{\"@id\":\"https:\/\/lapoderosagoods.com\/de\/produkt\/satteltaschenhalter-harley-davidson-fat-bob-satin-black-beidseitig\/#primaryimage\"},\"datePublished\":\"2025-12-03T10:01:17+00:00\",\"dateModified\":\"2025-12-03T15:50:07+00:00\",\"breadcrumb\":{\"@id\":\"https:\/\/lapoderosagoods.com\/de\/produkt\/satteltaschenhalter-harley-davidson-fat-bob-satin-black-beidseitig\/#breadcrumb\"},\"inLanguage\":\"de-DE\",\"potentialAction\":[{\"@type\":\"ReadAction\",\"target\":[\"https:\/\/lapoderosagoods.com\/de\/produkt\/satteltaschenhalter-harley-davidson-fat-bob-satin-black-beidseitig\/\"]}]},{\"@type\":\"BreadcrumbList\",\"@id\":\"https:\/\/lapoderosagoods.com\/de\/produkt\/satteltaschenhalter-harley-davidson-fat-bob-satin-black-beidseitig\/#breadcrumb\",\"itemListElement\":[{\"@type\":\"ListItem\",\"position\":1,\"name\":\"Portada\",\"item\":\"https:\/\/lapoderosagoods.com\/\"},{\"@type\":\"ListItem\",\"position\":2,\"name\":\"Produkte\",\"item\":\"https:\/\/lapoderosagoods.com\/de\/produkte\/\"},{\"@type\":\"ListItem\",\"position\":3,\"name\":\"Satteltaschenhalter Harley Davidson Fat Bob Satin Black (beidseitig)\"}]}]}<\/script>\n<!-- \/ Yoast SEO plugin. -->","yoast_head_json":{"title":"Satteltaschenhalter Harley Davidson Fat Bob Satin Black (beidseitig) - La Poderosa Goods - Satteltaschen, Gep\u00e4ck und Premium-Motorradzubeh\u00f6r","robots":{"index":"index","follow":"follow","max-snippet":"max-snippet:-1","max-image-preview":"max-image-preview:large","max-video-preview":"max-video-preview:-1"},"canonical":"https:\/\/lapoderosagoods.com\/de\/produkt\/satteltaschenhalter-harley-davidson-fat-bob-satin-black-beidseitig\/","og_locale":"de_DE","og_type":"article","og_title":"Satteltaschenhalter Harley Davidson Fat Bob Satin Black (beidseitig) - La Poderosa Goods - Satteltaschen, Gep\u00e4ck und Premium-Motorradzubeh\u00f6r","og_description":"Stahlrahmen in Satin Black Finish f\u00fcr Harley Davidson Fat Bob \u00a0f\u00fcr zwei Satteltaschen, eine auf jeder Seite.\u00a0 Teile entwerfen Tupeln f\u00fcr auf dem Heckrahmen Verschrauben ich jede Harley Davidson Fat Bob *\u00a0 durch Schrauben. Satinschwarze Pulverbeschichtung. Klassic \u00a0und minimalistisch, perfekt auch mit der entfernten Seitentasche. F\u00fcr die Verwendung des Universalauspuffs konzipiert. Eine Passgenauigkeit auf andere [...]","og_url":"https:\/\/lapoderosagoods.com\/de\/produkt\/satteltaschenhalter-harley-davidson-fat-bob-satin-black-beidseitig\/","og_site_name":"La Poderosa Goods - Satteltaschen, Gep\u00e4ck und Premium-Motorradzubeh\u00f6r","article_modified_time":"2025-12-03T15:50:07+00:00","og_image":[{"width":290,"height":209,"url":"https:\/\/lapoderosagoods.com\/wp-content\/uploads\/2019\/10\/poderosa.png","path":"\/home\/spainmot\/lapoderosagoods\/wp-content\/uploads\/2019\/10\/poderosa.png","size":"full","id":269,"alt":"","pixels":60610,"type":"image\/png"}],"twitter_card":"summary_large_image","schema":{"@context":"https:\/\/schema.org","@graph":[{"@type":"Organization","@id":"https:\/\/lapoderosagoods.com\/#organization","name":"La Poderosa Classic Goods","url":"https:\/\/lapoderosagoods.com\/","sameAs":[],"logo":{"@type":"ImageObject","@id":"https:\/\/lapoderosagoods.com\/#logo","inLanguage":"de-DE","url":"https:\/\/lapoderosagoods.com\/wp-content\/uploads\/2019\/10\/poderosa.png","contentUrl":"https:\/\/lapoderosagoods.com\/wp-content\/uploads\/2019\/10\/poderosa.png","width":290,"height":209,"caption":"La Poderosa Classic Goods"},"image":{"@id":"https:\/\/lapoderosagoods.com\/#logo"}},{"@type":"WebSite","@id":"https:\/\/lapoderosagoods.com\/#website","url":"https:\/\/lapoderosagoods.com\/","name":"La Poderosa Goods - Satteltaschen, Gep\u00e4ck und Premium-Motorradzubeh\u00f6r","description":"Gep\u00e4ck, St\u00e4nder, Satteltaschen und Zubeh\u00f6r f\u00fcr Klassiker, Caf\u00e9 Racer oder Adventure Bikes. ","publisher":{"@id":"https:\/\/lapoderosagoods.com\/#organization"},"potentialAction":[{"@type":"SearchAction","target":{"@type":"EntryPoint","urlTemplate":"https:\/\/lapoderosagoods.com\/?s={search_term_string}"},"query-input":"required name=search_term_string"}],"inLanguage":"de-DE"},{"@type":"ImageObject","@id":"https:\/\/lapoderosagoods.com\/de\/produkt\/satteltaschenhalter-harley-davidson-fat-bob-satin-black-beidseitig\/#primaryimage","inLanguage":"de-DE","url":"https:\/\/lapoderosagoods.com\/wp-content\/uploads\/2025\/12\/HD-fat-Bob-RHS-rack-.heic","contentUrl":"https:\/\/lapoderosagoods.com\/wp-content\/uploads\/2025\/12\/HD-fat-Bob-RHS-rack-.heic"},{"@type":"WebPage","@id":"https:\/\/lapoderosagoods.com\/de\/produkt\/satteltaschenhalter-harley-davidson-fat-bob-satin-black-beidseitig\/#webpage","url":"https:\/\/lapoderosagoods.com\/de\/produkt\/satteltaschenhalter-harley-davidson-fat-bob-satin-black-beidseitig\/","name":"Satteltaschenhalter Harley Davidson Fat Bob Satin Black (beidseitig) - La Poderosa Goods - Satteltaschen, Gep\u00e4ck und Premium-Motorradzubeh\u00f6r","isPartOf":{"@id":"https:\/\/lapoderosagoods.com\/#website"},"primaryImageOfPage":{"@id":"https:\/\/lapoderosagoods.com\/de\/produkt\/satteltaschenhalter-harley-davidson-fat-bob-satin-black-beidseitig\/#primaryimage"},"datePublished":"2025-12-03T10:01:17+00:00","dateModified":"2025-12-03T15:50:07+00:00","breadcrumb":{"@id":"https:\/\/lapoderosagoods.com\/de\/produkt\/satteltaschenhalter-harley-davidson-fat-bob-satin-black-beidseitig\/#breadcrumb"},"inLanguage":"de-DE","potentialAction":[{"@type":"ReadAction","target":["https:\/\/lapoderosagoods.com\/de\/produkt\/satteltaschenhalter-harley-davidson-fat-bob-satin-black-beidseitig\/"]}]},{"@type":"BreadcrumbList","@id":"https:\/\/lapoderosagoods.com\/de\/produkt\/satteltaschenhalter-harley-davidson-fat-bob-satin-black-beidseitig\/#breadcrumb","itemListElement":[{"@type":"ListItem","position":1,"name":"Portada","item":"https:\/\/lapoderosagoods.com\/"},{"@type":"ListItem","position":2,"name":"Produkte","item":"https:\/\/lapoderosagoods.com\/de\/produkte\/"},{"@type":"ListItem","position":3,"name":"Satteltaschenhalter Harley Davidson Fat Bob Satin Black (beidseitig)"}]}]}},"_links":{"self":[{"href":"https:\/\/lapoderosagoods.com\/de\/wp-json\/wp\/v2\/product\/23527"}],"collection":[{"href":"https:\/\/lapoderosagoods.com\/de\/wp-json\/wp\/v2\/product"}],"about":[{"href":"https:\/\/lapoderosagoods.com\/de\/wp-json\/wp\/v2\/types\/product"}],"replies":[{"embeddable":true,"href":"https:\/\/lapoderosagoods.com\/de\/wp-json\/wp\/v2\/comments?post=23527"}],"wp:featuredmedia":[{"embeddable":true,"href":"https:\/\/lapoderosagoods.com\/de\/wp-json\/wp\/v2\/media\/23573"}],"wp:attachment":[{"href":"https:\/\/lapoderosagoods.com\/de\/wp-json\/wp\/v2\/media?parent=23527"}],"wp:term":[{"taxonomy":"product_cat","embeddable":true,"href":"https:\/\/lapoderosagoods.com\/de\/wp-json\/wp\/v2\/product_cat?post=23527"},{"taxonomy":"product_tag","embeddable":true,"href":"https:\/\/lapoderosagoods.com\/de\/wp-json\/wp\/v2\/product_tag?post=23527"}],"curies":[{"name":"wp","href":"https:\/\/api.w.org\/{rel}","templated":true}]}}