{"id":23471,"date":"2025-12-03T09:27:04","date_gmt":"2025-12-03T08:27:05","guid":{"rendered":"https:\/\/lapoderosagoods.com\/?post_type=product&#038;p=23471"},"modified":"2026-04-07T20:49:45","modified_gmt":"2026-04-07T18:49:45","slug":"satteltasche-bariloche-25l-4-brompton-denim","status":"publish","type":"product","link":"https:\/\/lapoderosagoods.com\/de\/produkt\/satteltasche-bariloche-25l-4-brompton-denim\/","title":{"rendered":"Satteltasche Bariloche 25L  Denim 4 Brompton"},"content":{"rendered":"<p class=\"p1\"><span class=\"s1\">Handgefertigt in Spanien mit 100% <span class=\"Apple-converted-space\">\u00a0gewachstem<\/span> \u00a0und wasserdichtem Baumwolldenim von 560 gr \/ m2 (20 OZ).<\/span><\/p>\n<p class=\"p1\">Rotes Tartan-Futter und 4 mm starkes Naturleder. Alle Materialien sind von h\u00f6chster Qualit\u00e4t und sehr widerstandsf\u00e4hig.<\/p>\n<p class=\"p1\">Im Preis der Packtasche ist der f\u00fcr Brompton konzipierte Metall-Befestigungsrahmen enthalten, nicht jedoch der Fahrradst\u00e4nder.<\/p>\n<p>Fahrradbefestigungssystem speziell f\u00fcr Brompton, hergestellt aus Aluminium und ABS-Kunststoff.<\/p>\n<p class=\"p1\"><span class=\"s1\">Ma\u00dfe: 40 cm H\u00f6he (ausziehbar auf 50 cm) x 42 cm Breite x 18 cm Tiefe. Ungef\u00e4hr 30 Liter.<\/span><\/p>\n<p class=\"p1\"><span class=\"s1\">\u00a0Aufh\u00e4ngegriff inklusive.\u00a0<\/span><\/p>\n<p class=\"p1\"><span class=\"s1\">Unverzichtbar f\u00fcr stilvolles Reisen, allein oder zu zweit.<\/span><\/p>\n<p class=\"p1\"><span class=\"s1\">Seit \u00fcber 500km getestete Seitentasche mit Belastungen bis 10kg.<\/span><\/p>\n<p class=\"p1\">Ger\u00e4ucherte indigo-Denim farbe \u00a0(mit cognacbraunem Lederoberfl\u00e4chen). Rotes Tartanfutter.<\/p>\n","protected":false},"excerpt":{"rendered":"<p>Handgefertigt in Spanien mit 100% \u00a0gewachstem \u00a0und wasserdichtem Baumwolldenim von 560 gr \/ m2 (20 OZ). Rotes Tartan-Futter und 4 mm starkes Naturleder. Alle Materialien sind von h\u00f6chster Qualit\u00e4t und sehr widerstandsf\u00e4hig. Im Preis der Packtasche ist der f\u00fcr Brompton konzipierte Metall-Befestigungsrahmen enthalten, nicht jedoch der Fahrradst\u00e4nder. Fahrradbefestigungssystem speziell f\u00fcr Brompton, hergestellt aus Aluminium und [&#8230;]\n","protected":false},"featured_media":14602,"comment_status":"closed","ping_status":"closed","template":"","meta":{"spay_email":""},"product_cat":[948,940],"product_tag":[],"yoast_head":"<!-- This site is optimized with the Yoast SEO plugin v16.8 - https:\/\/yoast.com\/wordpress\/plugins\/seo\/ -->\n<title>Satteltasche Bariloche 25L Denim 4 Brompton - La Poderosa Goods - Satteltaschen, Gep\u00e4ck und Premium-Motorradzubeh\u00f6r<\/title>\n<meta name=\"robots\" content=\"index, follow, max-snippet:-1, max-image-preview:large, max-video-preview:-1\" \/>\n<link rel=\"canonical\" href=\"https:\/\/lapoderosagoods.com\/de\/produkt\/alforja-bariloche-30l-denim-4-brompton\/\" \/>\n<meta property=\"og:locale\" content=\"de_DE\" \/>\n<meta property=\"og:type\" content=\"article\" \/>\n<meta property=\"og:title\" content=\"Satteltasche Bariloche 25L Denim 4 Brompton - La Poderosa Goods - Satteltaschen, Gep\u00e4ck und Premium-Motorradzubeh\u00f6r\" \/>\n<meta property=\"og:description\" content=\"Handgefertigt in Spanien mit 100% \u00a0gewachstem \u00a0und wasserdichtem Baumwolldenim von 560 gr \/ m2 (20 OZ). Rotes Tartan-Futter und 4 mm starkes Naturleder. Alle Materialien sind von h\u00f6chster Qualit\u00e4t und sehr widerstandsf\u00e4hig. Im Preis der Packtasche ist der f\u00fcr Brompton konzipierte Metall-Befestigungsrahmen enthalten, nicht jedoch der Fahrradst\u00e4nder. Fahrradbefestigungssystem speziell f\u00fcr Brompton, hergestellt aus Aluminium und [...]\" \/>\n<meta property=\"og:url\" content=\"https:\/\/lapoderosagoods.com\/produkt\/alforja-bariloche-30l-denim-4-brompton\/\" \/>\n<meta property=\"og:site_name\" content=\"La Poderosa Goods - Satteltaschen, Gep\u00e4ck und Premium-Motorradzubeh\u00f6r\" \/>\n<meta property=\"article:modified_time\" content=\"2026-04-07T18:49:45+00:00\" \/>\n<meta property=\"og:image\" content=\"https:\/\/lapoderosagoods.com\/wp-content\/uploads\/2022\/08\/EC5A9867.jpg\" \/>\n\t<meta property=\"og:image:width\" content=\"1200\" \/>\n\t<meta property=\"og:image:height\" content=\"1200\" \/>\n<meta name=\"twitter:card\" content=\"summary_large_image\" \/>\n<meta name=\"twitter:label1\" content=\"Gesch\u00e4tzte Lesezeit\" \/>\n\t<meta name=\"twitter:data1\" content=\"1 Minute\" \/>\n<script type=\"application\/ld+json\" class=\"yoast-schema-graph\">{\"@context\":\"https:\/\/schema.org\",\"@graph\":[{\"@type\":\"Organization\",\"@id\":\"https:\/\/lapoderosagoods.com\/#organization\",\"name\":\"La Poderosa Classic Goods\",\"url\":\"https:\/\/lapoderosagoods.com\/\",\"sameAs\":[],\"logo\":{\"@type\":\"ImageObject\",\"@id\":\"https:\/\/lapoderosagoods.com\/#logo\",\"inLanguage\":\"de-DE\",\"url\":\"https:\/\/lapoderosagoods.com\/wp-content\/uploads\/2019\/10\/poderosa.png\",\"contentUrl\":\"https:\/\/lapoderosagoods.com\/wp-content\/uploads\/2019\/10\/poderosa.png\",\"width\":290,\"height\":209,\"caption\":\"La Poderosa Classic Goods\"},\"image\":{\"@id\":\"https:\/\/lapoderosagoods.com\/#logo\"}},{\"@type\":\"WebSite\",\"@id\":\"https:\/\/lapoderosagoods.com\/#website\",\"url\":\"https:\/\/lapoderosagoods.com\/\",\"name\":\"La Poderosa Goods - Satteltaschen, Gep\\u00e4ck und Premium-Motorradzubeh\\u00f6r\",\"description\":\"Gep\\u00e4ck, St\\u00e4nder, Satteltaschen und Zubeh\\u00f6r f\\u00fcr Klassiker, Caf\\u00e9 Racer oder Adventure Bikes. \",\"publisher\":{\"@id\":\"https:\/\/lapoderosagoods.com\/#organization\"},\"potentialAction\":[{\"@type\":\"SearchAction\",\"target\":{\"@type\":\"EntryPoint\",\"urlTemplate\":\"https:\/\/lapoderosagoods.com\/?s={search_term_string}\"},\"query-input\":\"required name=search_term_string\"}],\"inLanguage\":\"de-DE\"},{\"@type\":\"ImageObject\",\"@id\":\"https:\/\/lapoderosagoods.com\/produkt\/alforja-bariloche-30l-denim-4-brompton\/#primaryimage\",\"inLanguage\":\"de-DE\",\"url\":\"https:\/\/lapoderosagoods.com\/wp-content\/uploads\/2022\/08\/EC5A9867.jpg\",\"contentUrl\":\"https:\/\/lapoderosagoods.com\/wp-content\/uploads\/2022\/08\/EC5A9867.jpg\",\"width\":1200,\"height\":1200},{\"@type\":\"WebPage\",\"@id\":\"https:\/\/lapoderosagoods.com\/produkt\/alforja-bariloche-30l-denim-4-brompton\/#webpage\",\"url\":\"https:\/\/lapoderosagoods.com\/produkt\/alforja-bariloche-30l-denim-4-brompton\/\",\"name\":\"Satteltasche Bariloche 25L Denim 4 Brompton - La Poderosa Goods - Satteltaschen, Gep\\u00e4ck und Premium-Motorradzubeh\\u00f6r\",\"isPartOf\":{\"@id\":\"https:\/\/lapoderosagoods.com\/#website\"},\"primaryImageOfPage\":{\"@id\":\"https:\/\/lapoderosagoods.com\/produkt\/alforja-bariloche-30l-denim-4-brompton\/#primaryimage\"},\"datePublished\":\"2025-12-03T08:27:05+00:00\",\"dateModified\":\"2026-04-07T18:49:45+00:00\",\"breadcrumb\":{\"@id\":\"https:\/\/lapoderosagoods.com\/produkt\/alforja-bariloche-30l-denim-4-brompton\/#breadcrumb\"},\"inLanguage\":\"de-DE\",\"potentialAction\":[{\"@type\":\"ReadAction\",\"target\":[\"https:\/\/lapoderosagoods.com\/produkt\/alforja-bariloche-30l-denim-4-brompton\/\"]}]},{\"@type\":\"BreadcrumbList\",\"@id\":\"https:\/\/lapoderosagoods.com\/produkt\/alforja-bariloche-30l-denim-4-brompton\/#breadcrumb\",\"itemListElement\":[{\"@type\":\"ListItem\",\"position\":1,\"name\":\"Portada\",\"item\":\"https:\/\/lapoderosagoods.com\/\"},{\"@type\":\"ListItem\",\"position\":2,\"name\":\"Produkte\",\"item\":\"https:\/\/lapoderosagoods.com\/de\/produkte\/\"},{\"@type\":\"ListItem\",\"position\":3,\"name\":\"Satteltasche Bariloche 25L Denim 4 Brompton\"}]}]}<\/script>\n<!-- \/ Yoast SEO plugin. -->","yoast_head_json":{"title":"Satteltasche Bariloche 25L Denim 4 Brompton - La Poderosa Goods - Satteltaschen, Gep\u00e4ck und Premium-Motorradzubeh\u00f6r","robots":{"index":"index","follow":"follow","max-snippet":"max-snippet:-1","max-image-preview":"max-image-preview:large","max-video-preview":"max-video-preview:-1"},"canonical":"https:\/\/lapoderosagoods.com\/de\/produkt\/alforja-bariloche-30l-denim-4-brompton\/","og_locale":"de_DE","og_type":"article","og_title":"Satteltasche Bariloche 25L Denim 4 Brompton - La Poderosa Goods - Satteltaschen, Gep\u00e4ck und Premium-Motorradzubeh\u00f6r","og_description":"Handgefertigt in Spanien mit 100% \u00a0gewachstem \u00a0und wasserdichtem Baumwolldenim von 560 gr \/ m2 (20 OZ). Rotes Tartan-Futter und 4 mm starkes Naturleder. Alle Materialien sind von h\u00f6chster Qualit\u00e4t und sehr widerstandsf\u00e4hig. Im Preis der Packtasche ist der f\u00fcr Brompton konzipierte Metall-Befestigungsrahmen enthalten, nicht jedoch der Fahrradst\u00e4nder. Fahrradbefestigungssystem speziell f\u00fcr Brompton, hergestellt aus Aluminium und [...]","og_url":"https:\/\/lapoderosagoods.com\/produkt\/alforja-bariloche-30l-denim-4-brompton\/","og_site_name":"La Poderosa Goods - Satteltaschen, Gep\u00e4ck und Premium-Motorradzubeh\u00f6r","article_modified_time":"2026-04-07T18:49:45+00:00","og_image":[{"width":1200,"height":1200,"url":"https:\/\/lapoderosagoods.com\/wp-content\/uploads\/2022\/08\/EC5A9867.jpg","path":"\/home\/spainmot\/lapoderosagoods\/wp-content\/uploads\/2022\/08\/EC5A9867.jpg","size":"full","id":14602,"alt":"","pixels":1440000,"type":"image\/jpeg"}],"twitter_card":"summary_large_image","twitter_misc":{"Gesch\u00e4tzte Lesezeit":"1 Minute"},"schema":{"@context":"https:\/\/schema.org","@graph":[{"@type":"Organization","@id":"https:\/\/lapoderosagoods.com\/#organization","name":"La Poderosa Classic Goods","url":"https:\/\/lapoderosagoods.com\/","sameAs":[],"logo":{"@type":"ImageObject","@id":"https:\/\/lapoderosagoods.com\/#logo","inLanguage":"de-DE","url":"https:\/\/lapoderosagoods.com\/wp-content\/uploads\/2019\/10\/poderosa.png","contentUrl":"https:\/\/lapoderosagoods.com\/wp-content\/uploads\/2019\/10\/poderosa.png","width":290,"height":209,"caption":"La Poderosa Classic Goods"},"image":{"@id":"https:\/\/lapoderosagoods.com\/#logo"}},{"@type":"WebSite","@id":"https:\/\/lapoderosagoods.com\/#website","url":"https:\/\/lapoderosagoods.com\/","name":"La Poderosa Goods - Satteltaschen, Gep\u00e4ck und Premium-Motorradzubeh\u00f6r","description":"Gep\u00e4ck, St\u00e4nder, Satteltaschen und Zubeh\u00f6r f\u00fcr Klassiker, Caf\u00e9 Racer oder Adventure Bikes. ","publisher":{"@id":"https:\/\/lapoderosagoods.com\/#organization"},"potentialAction":[{"@type":"SearchAction","target":{"@type":"EntryPoint","urlTemplate":"https:\/\/lapoderosagoods.com\/?s={search_term_string}"},"query-input":"required name=search_term_string"}],"inLanguage":"de-DE"},{"@type":"ImageObject","@id":"https:\/\/lapoderosagoods.com\/produkt\/alforja-bariloche-30l-denim-4-brompton\/#primaryimage","inLanguage":"de-DE","url":"https:\/\/lapoderosagoods.com\/wp-content\/uploads\/2022\/08\/EC5A9867.jpg","contentUrl":"https:\/\/lapoderosagoods.com\/wp-content\/uploads\/2022\/08\/EC5A9867.jpg","width":1200,"height":1200},{"@type":"WebPage","@id":"https:\/\/lapoderosagoods.com\/produkt\/alforja-bariloche-30l-denim-4-brompton\/#webpage","url":"https:\/\/lapoderosagoods.com\/produkt\/alforja-bariloche-30l-denim-4-brompton\/","name":"Satteltasche Bariloche 25L Denim 4 Brompton - La Poderosa Goods - Satteltaschen, Gep\u00e4ck und Premium-Motorradzubeh\u00f6r","isPartOf":{"@id":"https:\/\/lapoderosagoods.com\/#website"},"primaryImageOfPage":{"@id":"https:\/\/lapoderosagoods.com\/produkt\/alforja-bariloche-30l-denim-4-brompton\/#primaryimage"},"datePublished":"2025-12-03T08:27:05+00:00","dateModified":"2026-04-07T18:49:45+00:00","breadcrumb":{"@id":"https:\/\/lapoderosagoods.com\/produkt\/alforja-bariloche-30l-denim-4-brompton\/#breadcrumb"},"inLanguage":"de-DE","potentialAction":[{"@type":"ReadAction","target":["https:\/\/lapoderosagoods.com\/produkt\/alforja-bariloche-30l-denim-4-brompton\/"]}]},{"@type":"BreadcrumbList","@id":"https:\/\/lapoderosagoods.com\/produkt\/alforja-bariloche-30l-denim-4-brompton\/#breadcrumb","itemListElement":[{"@type":"ListItem","position":1,"name":"Portada","item":"https:\/\/lapoderosagoods.com\/"},{"@type":"ListItem","position":2,"name":"Produkte","item":"https:\/\/lapoderosagoods.com\/de\/produkte\/"},{"@type":"ListItem","position":3,"name":"Satteltasche Bariloche 25L Denim 4 Brompton"}]}]}},"_links":{"self":[{"href":"https:\/\/lapoderosagoods.com\/de\/wp-json\/wp\/v2\/product\/23471"}],"collection":[{"href":"https:\/\/lapoderosagoods.com\/de\/wp-json\/wp\/v2\/product"}],"about":[{"href":"https:\/\/lapoderosagoods.com\/de\/wp-json\/wp\/v2\/types\/product"}],"replies":[{"embeddable":true,"href":"https:\/\/lapoderosagoods.com\/de\/wp-json\/wp\/v2\/comments?post=23471"}],"wp:featuredmedia":[{"embeddable":true,"href":"https:\/\/lapoderosagoods.com\/de\/wp-json\/wp\/v2\/media\/14602"}],"wp:attachment":[{"href":"https:\/\/lapoderosagoods.com\/de\/wp-json\/wp\/v2\/media?parent=23471"}],"wp:term":[{"taxonomy":"product_cat","embeddable":true,"href":"https:\/\/lapoderosagoods.com\/de\/wp-json\/wp\/v2\/product_cat?post=23471"},{"taxonomy":"product_tag","embeddable":true,"href":"https:\/\/lapoderosagoods.com\/de\/wp-json\/wp\/v2\/product_tag?post=23471"}],"curies":[{"name":"wp","href":"https:\/\/api.w.org\/{rel}","templated":true}]}}