{"id":23142,"date":"2025-10-11T10:49:45","date_gmt":"2025-10-11T08:49:45","guid":{"rendered":"https:\/\/lapoderosagoods.com\/?post_type=product&#038;p=23142"},"modified":"2026-04-11T14:18:13","modified_gmt":"2026-04-11T12:18:13","slug":"satteltaschenhalter-suzuki-gsx-8tt-satinschwarz","status":"publish","type":"product","link":"https:\/\/lapoderosagoods.com\/de\/produkt\/satteltaschenhalter-suzuki-gsx-8tt-satinschwarz\/","title":{"rendered":"Satteltaschenhalter Suzuki GSX-8tt  satinschwarz"},"content":{"rendered":"<p class=\"s3\"><span class=\"s2\">Stahlrahmen in satinschwarzer Ausf\u00fchrung f\u00fcr 2 Satteltaschen (1 auf jeder Seite).<\/span><\/p>\n<p class=\"s3\"><span class=\"s2\">T<\/span><span class=\"s2\">eiliges <\/span><span class=\"s2\">Design <\/span><span class=\"s2\">\u2013 <\/span><span class=\"s2\">Tupel zum Anschrauben des hinteren Subchassis eines beliebigen Modells Suzuki GSX-8tt *\u00a0 <\/span><span class=\"s2\">durch Schrauben.\u00a0<\/span><\/p>\n<p class=\"s3\"><span class=\"s2\">Eingebrannte Oberfl\u00e4che mit hochbest\u00e4ndiger Epoxidfarbe.<\/span><\/p>\n<p class=\"s3\"><span class=\"s2\">Klassik <\/span><span class=\"s2\">\u00a0und minimalistisch, perfekt auch mit der entfernten Seitentasche.<\/span><\/p>\n<p class=\"s3\"><span class=\"s2\">Sehr solide Struktur f\u00fcr Lasten von bis zu 10 kg pro Tasche.<\/span><\/p>\n<p class=\"s3\"><span class=\"s2\">* Kompatibel mit folgenden Modellen:<\/span><\/p>\n<p class=\"s3\"><span class=\"s2\">\u00a0Suzuki GSX-8tt<\/span><\/p>\n<p>Suzuki GSX-8s<\/p>\n","protected":false},"excerpt":{"rendered":"<p>Stahlrahmen in satinschwarzer Ausf\u00fchrung f\u00fcr 2 Satteltaschen (1 auf jeder Seite). Teiliges Design \u2013 Tupel zum Anschrauben des hinteren Subchassis eines beliebigen Modells Suzuki GSX-8tt *\u00a0 durch Schrauben.\u00a0 Eingebrannte Oberfl\u00e4che mit hochbest\u00e4ndiger Epoxidfarbe. Klassik \u00a0und minimalistisch, perfekt auch mit der entfernten Seitentasche. Sehr solide Struktur f\u00fcr Lasten von bis zu 10 kg pro Tasche. * [&#8230;]\n","protected":false},"featured_media":23156,"comment_status":"closed","ping_status":"closed","template":"","meta":{"spay_email":""},"product_cat":[96,964,961],"product_tag":[968],"yoast_head":"<!-- This site is optimized with the Yoast SEO plugin v16.8 - https:\/\/yoast.com\/wordpress\/plugins\/seo\/ -->\n<title>Satteltaschenhalter Suzuki GSX-8tt satinschwarz - La Poderosa Goods - Satteltaschen, Gep\u00e4ck und Premium-Motorradzubeh\u00f6r<\/title>\n<meta name=\"robots\" content=\"index, follow, max-snippet:-1, max-image-preview:large, max-video-preview:-1\" \/>\n<link rel=\"canonical\" href=\"https:\/\/lapoderosagoods.com\/de\/produkt\/satteltaschenhalter-suzuki-gsx-8tt-satinschwarz\/\" \/>\n<meta property=\"og:locale\" content=\"de_DE\" \/>\n<meta property=\"og:type\" content=\"article\" \/>\n<meta property=\"og:title\" content=\"Satteltaschenhalter Suzuki GSX-8tt satinschwarz - La Poderosa Goods - Satteltaschen, Gep\u00e4ck und Premium-Motorradzubeh\u00f6r\" \/>\n<meta property=\"og:description\" content=\"Stahlrahmen in satinschwarzer Ausf\u00fchrung f\u00fcr 2 Satteltaschen (1 auf jeder Seite). Teiliges Design \u2013 Tupel zum Anschrauben des hinteren Subchassis eines beliebigen Modells Suzuki GSX-8tt *\u00a0 durch Schrauben.\u00a0 Eingebrannte Oberfl\u00e4che mit hochbest\u00e4ndiger Epoxidfarbe. Klassik \u00a0und minimalistisch, perfekt auch mit der entfernten Seitentasche. Sehr solide Struktur f\u00fcr Lasten von bis zu 10 kg pro Tasche. * [...]\" \/>\n<meta property=\"og:url\" content=\"https:\/\/lapoderosagoods.com\/de\/produkt\/satteltaschenhalter-suzuki-gsx-8tt-satinschwarz\/\" \/>\n<meta property=\"og:site_name\" content=\"La Poderosa Goods - Satteltaschen, Gep\u00e4ck und Premium-Motorradzubeh\u00f6r\" \/>\n<meta property=\"article:modified_time\" content=\"2026-04-11T12:18:13+00:00\" \/>\n<meta property=\"og:image\" content=\"https:\/\/lapoderosagoods.com\/wp-content\/uploads\/2025\/10\/soporte-alforjas-doble-Suzuki-gsx8tt-silueta--scaled.jpeg\" \/>\n\t<meta property=\"og:image:width\" content=\"2560\" \/>\n\t<meta property=\"og:image:height\" content=\"2387\" \/>\n<meta name=\"twitter:card\" content=\"summary_large_image\" \/>\n<script type=\"application\/ld+json\" class=\"yoast-schema-graph\">{\"@context\":\"https:\/\/schema.org\",\"@graph\":[{\"@type\":\"Organization\",\"@id\":\"https:\/\/lapoderosagoods.com\/#organization\",\"name\":\"La Poderosa Classic Goods\",\"url\":\"https:\/\/lapoderosagoods.com\/\",\"sameAs\":[],\"logo\":{\"@type\":\"ImageObject\",\"@id\":\"https:\/\/lapoderosagoods.com\/#logo\",\"inLanguage\":\"de-DE\",\"url\":\"https:\/\/lapoderosagoods.com\/wp-content\/uploads\/2019\/10\/poderosa.png\",\"contentUrl\":\"https:\/\/lapoderosagoods.com\/wp-content\/uploads\/2019\/10\/poderosa.png\",\"width\":290,\"height\":209,\"caption\":\"La Poderosa Classic Goods\"},\"image\":{\"@id\":\"https:\/\/lapoderosagoods.com\/#logo\"}},{\"@type\":\"WebSite\",\"@id\":\"https:\/\/lapoderosagoods.com\/#website\",\"url\":\"https:\/\/lapoderosagoods.com\/\",\"name\":\"La Poderosa Goods - Satteltaschen, Gep\\u00e4ck und Premium-Motorradzubeh\\u00f6r\",\"description\":\"Gep\\u00e4ck, St\\u00e4nder, Satteltaschen und Zubeh\\u00f6r f\\u00fcr Klassiker, Caf\\u00e9 Racer oder Adventure Bikes. \",\"publisher\":{\"@id\":\"https:\/\/lapoderosagoods.com\/#organization\"},\"potentialAction\":[{\"@type\":\"SearchAction\",\"target\":{\"@type\":\"EntryPoint\",\"urlTemplate\":\"https:\/\/lapoderosagoods.com\/?s={search_term_string}\"},\"query-input\":\"required name=search_term_string\"}],\"inLanguage\":\"de-DE\"},{\"@type\":\"ImageObject\",\"@id\":\"https:\/\/lapoderosagoods.com\/de\/produkt\/satteltaschenhalter-suzuki-gsx-8tt-satinschwarz\/#primaryimage\",\"inLanguage\":\"de-DE\",\"url\":\"https:\/\/lapoderosagoods.com\/wp-content\/uploads\/2025\/10\/soporte-alforjas-doble-Suzuki-gsx8tt-silueta--scaled.jpeg\",\"contentUrl\":\"https:\/\/lapoderosagoods.com\/wp-content\/uploads\/2025\/10\/soporte-alforjas-doble-Suzuki-gsx8tt-silueta--scaled.jpeg\",\"width\":2560,\"height\":2387},{\"@type\":\"WebPage\",\"@id\":\"https:\/\/lapoderosagoods.com\/de\/produkt\/satteltaschenhalter-suzuki-gsx-8tt-satinschwarz\/#webpage\",\"url\":\"https:\/\/lapoderosagoods.com\/de\/produkt\/satteltaschenhalter-suzuki-gsx-8tt-satinschwarz\/\",\"name\":\"Satteltaschenhalter Suzuki GSX-8tt satinschwarz - La Poderosa Goods - Satteltaschen, Gep\\u00e4ck und Premium-Motorradzubeh\\u00f6r\",\"isPartOf\":{\"@id\":\"https:\/\/lapoderosagoods.com\/#website\"},\"primaryImageOfPage\":{\"@id\":\"https:\/\/lapoderosagoods.com\/de\/produkt\/satteltaschenhalter-suzuki-gsx-8tt-satinschwarz\/#primaryimage\"},\"datePublished\":\"2025-10-11T08:49:45+00:00\",\"dateModified\":\"2026-04-11T12:18:13+00:00\",\"breadcrumb\":{\"@id\":\"https:\/\/lapoderosagoods.com\/de\/produkt\/satteltaschenhalter-suzuki-gsx-8tt-satinschwarz\/#breadcrumb\"},\"inLanguage\":\"de-DE\",\"potentialAction\":[{\"@type\":\"ReadAction\",\"target\":[\"https:\/\/lapoderosagoods.com\/de\/produkt\/satteltaschenhalter-suzuki-gsx-8tt-satinschwarz\/\"]}]},{\"@type\":\"BreadcrumbList\",\"@id\":\"https:\/\/lapoderosagoods.com\/de\/produkt\/satteltaschenhalter-suzuki-gsx-8tt-satinschwarz\/#breadcrumb\",\"itemListElement\":[{\"@type\":\"ListItem\",\"position\":1,\"name\":\"Portada\",\"item\":\"https:\/\/lapoderosagoods.com\/\"},{\"@type\":\"ListItem\",\"position\":2,\"name\":\"Produkte\",\"item\":\"https:\/\/lapoderosagoods.com\/de\/produkte\/\"},{\"@type\":\"ListItem\",\"position\":3,\"name\":\"Satteltaschenhalter Suzuki GSX-8tt satinschwarz\"}]}]}<\/script>\n<!-- \/ Yoast SEO plugin. -->","yoast_head_json":{"title":"Satteltaschenhalter Suzuki GSX-8tt satinschwarz - La Poderosa Goods - Satteltaschen, Gep\u00e4ck und Premium-Motorradzubeh\u00f6r","robots":{"index":"index","follow":"follow","max-snippet":"max-snippet:-1","max-image-preview":"max-image-preview:large","max-video-preview":"max-video-preview:-1"},"canonical":"https:\/\/lapoderosagoods.com\/de\/produkt\/satteltaschenhalter-suzuki-gsx-8tt-satinschwarz\/","og_locale":"de_DE","og_type":"article","og_title":"Satteltaschenhalter Suzuki GSX-8tt satinschwarz - La Poderosa Goods - Satteltaschen, Gep\u00e4ck und Premium-Motorradzubeh\u00f6r","og_description":"Stahlrahmen in satinschwarzer Ausf\u00fchrung f\u00fcr 2 Satteltaschen (1 auf jeder Seite). Teiliges Design \u2013 Tupel zum Anschrauben des hinteren Subchassis eines beliebigen Modells Suzuki GSX-8tt *\u00a0 durch Schrauben.\u00a0 Eingebrannte Oberfl\u00e4che mit hochbest\u00e4ndiger Epoxidfarbe. Klassik \u00a0und minimalistisch, perfekt auch mit der entfernten Seitentasche. Sehr solide Struktur f\u00fcr Lasten von bis zu 10 kg pro Tasche. * [...]","og_url":"https:\/\/lapoderosagoods.com\/de\/produkt\/satteltaschenhalter-suzuki-gsx-8tt-satinschwarz\/","og_site_name":"La Poderosa Goods - Satteltaschen, Gep\u00e4ck und Premium-Motorradzubeh\u00f6r","article_modified_time":"2026-04-11T12:18:13+00:00","og_image":[{"width":2560,"height":2387,"url":"https:\/\/lapoderosagoods.com\/wp-content\/uploads\/2025\/10\/soporte-alforjas-doble-Suzuki-gsx8tt-silueta--scaled.jpeg","path":"\/home\/spainmot\/lapoderosagoods\/wp-content\/uploads\/2025\/10\/soporte-alforjas-doble-Suzuki-gsx8tt-silueta--scaled.jpeg","size":"full","id":23156,"alt":"","pixels":6110720,"type":"image\/jpeg"}],"twitter_card":"summary_large_image","schema":{"@context":"https:\/\/schema.org","@graph":[{"@type":"Organization","@id":"https:\/\/lapoderosagoods.com\/#organization","name":"La Poderosa Classic Goods","url":"https:\/\/lapoderosagoods.com\/","sameAs":[],"logo":{"@type":"ImageObject","@id":"https:\/\/lapoderosagoods.com\/#logo","inLanguage":"de-DE","url":"https:\/\/lapoderosagoods.com\/wp-content\/uploads\/2019\/10\/poderosa.png","contentUrl":"https:\/\/lapoderosagoods.com\/wp-content\/uploads\/2019\/10\/poderosa.png","width":290,"height":209,"caption":"La Poderosa Classic Goods"},"image":{"@id":"https:\/\/lapoderosagoods.com\/#logo"}},{"@type":"WebSite","@id":"https:\/\/lapoderosagoods.com\/#website","url":"https:\/\/lapoderosagoods.com\/","name":"La Poderosa Goods - Satteltaschen, Gep\u00e4ck und Premium-Motorradzubeh\u00f6r","description":"Gep\u00e4ck, St\u00e4nder, Satteltaschen und Zubeh\u00f6r f\u00fcr Klassiker, Caf\u00e9 Racer oder Adventure Bikes. ","publisher":{"@id":"https:\/\/lapoderosagoods.com\/#organization"},"potentialAction":[{"@type":"SearchAction","target":{"@type":"EntryPoint","urlTemplate":"https:\/\/lapoderosagoods.com\/?s={search_term_string}"},"query-input":"required name=search_term_string"}],"inLanguage":"de-DE"},{"@type":"ImageObject","@id":"https:\/\/lapoderosagoods.com\/de\/produkt\/satteltaschenhalter-suzuki-gsx-8tt-satinschwarz\/#primaryimage","inLanguage":"de-DE","url":"https:\/\/lapoderosagoods.com\/wp-content\/uploads\/2025\/10\/soporte-alforjas-doble-Suzuki-gsx8tt-silueta--scaled.jpeg","contentUrl":"https:\/\/lapoderosagoods.com\/wp-content\/uploads\/2025\/10\/soporte-alforjas-doble-Suzuki-gsx8tt-silueta--scaled.jpeg","width":2560,"height":2387},{"@type":"WebPage","@id":"https:\/\/lapoderosagoods.com\/de\/produkt\/satteltaschenhalter-suzuki-gsx-8tt-satinschwarz\/#webpage","url":"https:\/\/lapoderosagoods.com\/de\/produkt\/satteltaschenhalter-suzuki-gsx-8tt-satinschwarz\/","name":"Satteltaschenhalter Suzuki GSX-8tt satinschwarz - La Poderosa Goods - Satteltaschen, Gep\u00e4ck und Premium-Motorradzubeh\u00f6r","isPartOf":{"@id":"https:\/\/lapoderosagoods.com\/#website"},"primaryImageOfPage":{"@id":"https:\/\/lapoderosagoods.com\/de\/produkt\/satteltaschenhalter-suzuki-gsx-8tt-satinschwarz\/#primaryimage"},"datePublished":"2025-10-11T08:49:45+00:00","dateModified":"2026-04-11T12:18:13+00:00","breadcrumb":{"@id":"https:\/\/lapoderosagoods.com\/de\/produkt\/satteltaschenhalter-suzuki-gsx-8tt-satinschwarz\/#breadcrumb"},"inLanguage":"de-DE","potentialAction":[{"@type":"ReadAction","target":["https:\/\/lapoderosagoods.com\/de\/produkt\/satteltaschenhalter-suzuki-gsx-8tt-satinschwarz\/"]}]},{"@type":"BreadcrumbList","@id":"https:\/\/lapoderosagoods.com\/de\/produkt\/satteltaschenhalter-suzuki-gsx-8tt-satinschwarz\/#breadcrumb","itemListElement":[{"@type":"ListItem","position":1,"name":"Portada","item":"https:\/\/lapoderosagoods.com\/"},{"@type":"ListItem","position":2,"name":"Produkte","item":"https:\/\/lapoderosagoods.com\/de\/produkte\/"},{"@type":"ListItem","position":3,"name":"Satteltaschenhalter Suzuki GSX-8tt satinschwarz"}]}]}},"_links":{"self":[{"href":"https:\/\/lapoderosagoods.com\/de\/wp-json\/wp\/v2\/product\/23142"}],"collection":[{"href":"https:\/\/lapoderosagoods.com\/de\/wp-json\/wp\/v2\/product"}],"about":[{"href":"https:\/\/lapoderosagoods.com\/de\/wp-json\/wp\/v2\/types\/product"}],"replies":[{"embeddable":true,"href":"https:\/\/lapoderosagoods.com\/de\/wp-json\/wp\/v2\/comments?post=23142"}],"wp:featuredmedia":[{"embeddable":true,"href":"https:\/\/lapoderosagoods.com\/de\/wp-json\/wp\/v2\/media\/23156"}],"wp:attachment":[{"href":"https:\/\/lapoderosagoods.com\/de\/wp-json\/wp\/v2\/media?parent=23142"}],"wp:term":[{"taxonomy":"product_cat","embeddable":true,"href":"https:\/\/lapoderosagoods.com\/de\/wp-json\/wp\/v2\/product_cat?post=23142"},{"taxonomy":"product_tag","embeddable":true,"href":"https:\/\/lapoderosagoods.com\/de\/wp-json\/wp\/v2\/product_tag?post=23142"}],"curies":[{"name":"wp","href":"https:\/\/api.w.org\/{rel}","templated":true}]}}