{"id":22869,"date":"2025-08-06T10:51:59","date_gmt":"2025-08-06T08:52:00","guid":{"rendered":"https:\/\/lapoderosagoods.com\/?post_type=product&#038;p=22869"},"modified":"2026-04-11T14:31:43","modified_gmt":"2026-04-11T12:31:43","slug":"satteltaschenhalter-beidseitig-bmw-r50-r69-chrom","status":"publish","type":"product","link":"https:\/\/lapoderosagoods.com\/de\/produkt\/satteltaschenhalter-beidseitig-bmw-r50-r69-chrom\/","title":{"rendered":"Satteltaschenhalter (beidseitig) BMW R50 \/ R69  &#8211; Chrom"},"content":{"rendered":"<p class=\"s3\"><span class=\"s2\">Stahlrahmen in Chrom Finish f\u00fcr BMW R50 \u00a0f\u00fcr 2 Satteltaschen (1 auf jeder Seite)\u00a0<\/span><\/p>\n<p class=\"s3\"><span class=\"s2\">\u00a0<\/span><span class=\"s2\">Design <\/span><span class=\"s2\">\u2013 <\/span><span class=\"s2\">Tupel zum Anschrauben des hinteren Subchassis eines beliebigen Modells BMW R50 \u00a0*\u00a0 <\/span><span class=\"s2\">durch Schrauben.\u00a0<\/span><\/p>\n<p class=\"s3\"><span class=\"s2\">Chrom-Finish <\/span><span class=\"s2\">.<\/span><\/p>\n<p class=\"s3\"><span class=\"s2\">Klassic<\/span><span class=\"s2\">\u00a0und minimalistisch, perfekt auch mit der entfernten Seitentasche.<\/span><\/p>\n<p>Konzipiert f\u00fcr Reisen allein oder in Begleitung.<\/p>\n<p class=\"s3\"><span class=\"s2\">Sehr solide Struktur, getestet f\u00fcr mehr als 300 km mit Lasten von bis zu 10 kg pro Tasche.<\/span><\/p>\n<p class=\"s3\"><span class=\"s2\">* Kompatibel mit folgenden ModellenR50 :<\/span><\/p>\n<p class=\"s3\"><span class=\"s2\"> R50\/2 , R26, R27, R50S, R60, R60\/2, R69, R69S\u00a0<\/span><\/p>\n<p>&nbsp;<\/p>\n","protected":false},"excerpt":{"rendered":"<p>Stahlrahmen in Chrom Finish f\u00fcr BMW R50 \u00a0f\u00fcr 2 Satteltaschen (1 auf jeder Seite)\u00a0 \u00a0Design \u2013 Tupel zum Anschrauben des hinteren Subchassis eines beliebigen Modells BMW R50 \u00a0*\u00a0 durch Schrauben.\u00a0 Chrom-Finish . Klassic\u00a0und minimalistisch, perfekt auch mit der entfernten Seitentasche. Konzipiert f\u00fcr Reisen allein oder in Begleitung. Sehr solide Struktur, getestet f\u00fcr mehr als 300 [&#8230;]\n","protected":false},"featured_media":22881,"comment_status":"closed","ping_status":"closed","template":"","meta":{"spay_email":""},"product_cat":[696,128,96],"product_tag":[887],"yoast_head":"<!-- This site is optimized with the Yoast SEO plugin v16.8 - https:\/\/yoast.com\/wordpress\/plugins\/seo\/ -->\n<title>Satteltaschenhalter (beidseitig) BMW R50 \/ R69 - Chrom - La Poderosa Goods - Satteltaschen, Gep\u00e4ck und Premium-Motorradzubeh\u00f6r<\/title>\n<meta name=\"robots\" content=\"index, follow, max-snippet:-1, max-image-preview:large, max-video-preview:-1\" \/>\n<link rel=\"canonical\" href=\"https:\/\/lapoderosagoods.com\/de\/produkt\/satteltaschenhalter-beidseitig-bmw-r50-r69-chrom\/\" \/>\n<meta property=\"og:locale\" content=\"de_DE\" \/>\n<meta property=\"og:type\" content=\"article\" \/>\n<meta property=\"og:title\" content=\"Satteltaschenhalter (beidseitig) BMW R50 \/ R69 - Chrom - La Poderosa Goods - Satteltaschen, Gep\u00e4ck und Premium-Motorradzubeh\u00f6r\" \/>\n<meta property=\"og:description\" content=\"Stahlrahmen in Chrom Finish f\u00fcr BMW R50 \u00a0f\u00fcr 2 Satteltaschen (1 auf jeder Seite)\u00a0 \u00a0Design \u2013 Tupel zum Anschrauben des hinteren Subchassis eines beliebigen Modells BMW R50 \u00a0*\u00a0 durch Schrauben.\u00a0 Chrom-Finish . Klassic\u00a0und minimalistisch, perfekt auch mit der entfernten Seitentasche. Konzipiert f\u00fcr Reisen allein oder in Begleitung. Sehr solide Struktur, getestet f\u00fcr mehr als 300 [...]\" \/>\n<meta property=\"og:url\" content=\"https:\/\/lapoderosagoods.com\/de\/produkt\/satteltaschenhalter-beidseitig-bmw-r50-r69-chrom\/\" \/>\n<meta property=\"og:site_name\" content=\"La Poderosa Goods - Satteltaschen, Gep\u00e4ck und Premium-Motorradzubeh\u00f6r\" \/>\n<meta property=\"article:modified_time\" content=\"2026-04-11T12:31:43+00:00\" \/>\n<meta property=\"og:image\" content=\"https:\/\/lapoderosagoods.com\/wp-content\/uploads\/2025\/08\/Bmw-R69-double-rack-chrome--scaled.jpg\" \/>\n\t<meta property=\"og:image:width\" content=\"2189\" \/>\n\t<meta property=\"og:image:height\" content=\"2560\" \/>\n<meta name=\"twitter:card\" content=\"summary_large_image\" \/>\n<script type=\"application\/ld+json\" class=\"yoast-schema-graph\">{\"@context\":\"https:\/\/schema.org\",\"@graph\":[{\"@type\":\"Organization\",\"@id\":\"https:\/\/lapoderosagoods.com\/#organization\",\"name\":\"La Poderosa Classic Goods\",\"url\":\"https:\/\/lapoderosagoods.com\/\",\"sameAs\":[],\"logo\":{\"@type\":\"ImageObject\",\"@id\":\"https:\/\/lapoderosagoods.com\/#logo\",\"inLanguage\":\"de-DE\",\"url\":\"https:\/\/lapoderosagoods.com\/wp-content\/uploads\/2019\/10\/poderosa.png\",\"contentUrl\":\"https:\/\/lapoderosagoods.com\/wp-content\/uploads\/2019\/10\/poderosa.png\",\"width\":290,\"height\":209,\"caption\":\"La Poderosa Classic Goods\"},\"image\":{\"@id\":\"https:\/\/lapoderosagoods.com\/#logo\"}},{\"@type\":\"WebSite\",\"@id\":\"https:\/\/lapoderosagoods.com\/#website\",\"url\":\"https:\/\/lapoderosagoods.com\/\",\"name\":\"La Poderosa Goods - Satteltaschen, Gep\\u00e4ck und Premium-Motorradzubeh\\u00f6r\",\"description\":\"Gep\\u00e4ck, St\\u00e4nder, Satteltaschen und Zubeh\\u00f6r f\\u00fcr Klassiker, Caf\\u00e9 Racer oder Adventure Bikes. \",\"publisher\":{\"@id\":\"https:\/\/lapoderosagoods.com\/#organization\"},\"potentialAction\":[{\"@type\":\"SearchAction\",\"target\":{\"@type\":\"EntryPoint\",\"urlTemplate\":\"https:\/\/lapoderosagoods.com\/?s={search_term_string}\"},\"query-input\":\"required name=search_term_string\"}],\"inLanguage\":\"de-DE\"},{\"@type\":\"ImageObject\",\"@id\":\"https:\/\/lapoderosagoods.com\/de\/produkt\/satteltaschenhalter-beidseitig-bmw-r50-r69-chrom\/#primaryimage\",\"inLanguage\":\"de-DE\",\"url\":\"https:\/\/lapoderosagoods.com\/wp-content\/uploads\/2025\/08\/Bmw-R69-double-rack-chrome--scaled.jpg\",\"contentUrl\":\"https:\/\/lapoderosagoods.com\/wp-content\/uploads\/2025\/08\/Bmw-R69-double-rack-chrome--scaled.jpg\",\"width\":2189,\"height\":2560},{\"@type\":\"WebPage\",\"@id\":\"https:\/\/lapoderosagoods.com\/de\/produkt\/satteltaschenhalter-beidseitig-bmw-r50-r69-chrom\/#webpage\",\"url\":\"https:\/\/lapoderosagoods.com\/de\/produkt\/satteltaschenhalter-beidseitig-bmw-r50-r69-chrom\/\",\"name\":\"Satteltaschenhalter (beidseitig) BMW R50 \/ R69 - Chrom - La Poderosa Goods - Satteltaschen, Gep\\u00e4ck und Premium-Motorradzubeh\\u00f6r\",\"isPartOf\":{\"@id\":\"https:\/\/lapoderosagoods.com\/#website\"},\"primaryImageOfPage\":{\"@id\":\"https:\/\/lapoderosagoods.com\/de\/produkt\/satteltaschenhalter-beidseitig-bmw-r50-r69-chrom\/#primaryimage\"},\"datePublished\":\"2025-08-06T08:52:00+00:00\",\"dateModified\":\"2026-04-11T12:31:43+00:00\",\"breadcrumb\":{\"@id\":\"https:\/\/lapoderosagoods.com\/de\/produkt\/satteltaschenhalter-beidseitig-bmw-r50-r69-chrom\/#breadcrumb\"},\"inLanguage\":\"de-DE\",\"potentialAction\":[{\"@type\":\"ReadAction\",\"target\":[\"https:\/\/lapoderosagoods.com\/de\/produkt\/satteltaschenhalter-beidseitig-bmw-r50-r69-chrom\/\"]}]},{\"@type\":\"BreadcrumbList\",\"@id\":\"https:\/\/lapoderosagoods.com\/de\/produkt\/satteltaschenhalter-beidseitig-bmw-r50-r69-chrom\/#breadcrumb\",\"itemListElement\":[{\"@type\":\"ListItem\",\"position\":1,\"name\":\"Portada\",\"item\":\"https:\/\/lapoderosagoods.com\/\"},{\"@type\":\"ListItem\",\"position\":2,\"name\":\"Produkte\",\"item\":\"https:\/\/lapoderosagoods.com\/de\/produkte\/\"},{\"@type\":\"ListItem\",\"position\":3,\"name\":\"Satteltaschenhalter (beidseitig) BMW R50 \/ R69 &#8211; Chrom\"}]}]}<\/script>\n<!-- \/ Yoast SEO plugin. -->","yoast_head_json":{"title":"Satteltaschenhalter (beidseitig) BMW R50 \/ R69 - Chrom - La Poderosa Goods - Satteltaschen, Gep\u00e4ck und Premium-Motorradzubeh\u00f6r","robots":{"index":"index","follow":"follow","max-snippet":"max-snippet:-1","max-image-preview":"max-image-preview:large","max-video-preview":"max-video-preview:-1"},"canonical":"https:\/\/lapoderosagoods.com\/de\/produkt\/satteltaschenhalter-beidseitig-bmw-r50-r69-chrom\/","og_locale":"de_DE","og_type":"article","og_title":"Satteltaschenhalter (beidseitig) BMW R50 \/ R69 - Chrom - La Poderosa Goods - Satteltaschen, Gep\u00e4ck und Premium-Motorradzubeh\u00f6r","og_description":"Stahlrahmen in Chrom Finish f\u00fcr BMW R50 \u00a0f\u00fcr 2 Satteltaschen (1 auf jeder Seite)\u00a0 \u00a0Design \u2013 Tupel zum Anschrauben des hinteren Subchassis eines beliebigen Modells BMW R50 \u00a0*\u00a0 durch Schrauben.\u00a0 Chrom-Finish . Klassic\u00a0und minimalistisch, perfekt auch mit der entfernten Seitentasche. Konzipiert f\u00fcr Reisen allein oder in Begleitung. Sehr solide Struktur, getestet f\u00fcr mehr als 300 [...]","og_url":"https:\/\/lapoderosagoods.com\/de\/produkt\/satteltaschenhalter-beidseitig-bmw-r50-r69-chrom\/","og_site_name":"La Poderosa Goods - Satteltaschen, Gep\u00e4ck und Premium-Motorradzubeh\u00f6r","article_modified_time":"2026-04-11T12:31:43+00:00","og_image":[{"width":2189,"height":2560,"url":"https:\/\/lapoderosagoods.com\/wp-content\/uploads\/2025\/08\/Bmw-R69-double-rack-chrome--scaled.jpg","path":"\/home\/spainmot\/lapoderosagoods\/wp-content\/uploads\/2025\/08\/Bmw-R69-double-rack-chrome--scaled.jpg","size":"full","id":22881,"alt":"","pixels":5603840,"type":"image\/jpeg"}],"twitter_card":"summary_large_image","schema":{"@context":"https:\/\/schema.org","@graph":[{"@type":"Organization","@id":"https:\/\/lapoderosagoods.com\/#organization","name":"La Poderosa Classic Goods","url":"https:\/\/lapoderosagoods.com\/","sameAs":[],"logo":{"@type":"ImageObject","@id":"https:\/\/lapoderosagoods.com\/#logo","inLanguage":"de-DE","url":"https:\/\/lapoderosagoods.com\/wp-content\/uploads\/2019\/10\/poderosa.png","contentUrl":"https:\/\/lapoderosagoods.com\/wp-content\/uploads\/2019\/10\/poderosa.png","width":290,"height":209,"caption":"La Poderosa Classic Goods"},"image":{"@id":"https:\/\/lapoderosagoods.com\/#logo"}},{"@type":"WebSite","@id":"https:\/\/lapoderosagoods.com\/#website","url":"https:\/\/lapoderosagoods.com\/","name":"La Poderosa Goods - Satteltaschen, Gep\u00e4ck und Premium-Motorradzubeh\u00f6r","description":"Gep\u00e4ck, St\u00e4nder, Satteltaschen und Zubeh\u00f6r f\u00fcr Klassiker, Caf\u00e9 Racer oder Adventure Bikes. ","publisher":{"@id":"https:\/\/lapoderosagoods.com\/#organization"},"potentialAction":[{"@type":"SearchAction","target":{"@type":"EntryPoint","urlTemplate":"https:\/\/lapoderosagoods.com\/?s={search_term_string}"},"query-input":"required name=search_term_string"}],"inLanguage":"de-DE"},{"@type":"ImageObject","@id":"https:\/\/lapoderosagoods.com\/de\/produkt\/satteltaschenhalter-beidseitig-bmw-r50-r69-chrom\/#primaryimage","inLanguage":"de-DE","url":"https:\/\/lapoderosagoods.com\/wp-content\/uploads\/2025\/08\/Bmw-R69-double-rack-chrome--scaled.jpg","contentUrl":"https:\/\/lapoderosagoods.com\/wp-content\/uploads\/2025\/08\/Bmw-R69-double-rack-chrome--scaled.jpg","width":2189,"height":2560},{"@type":"WebPage","@id":"https:\/\/lapoderosagoods.com\/de\/produkt\/satteltaschenhalter-beidseitig-bmw-r50-r69-chrom\/#webpage","url":"https:\/\/lapoderosagoods.com\/de\/produkt\/satteltaschenhalter-beidseitig-bmw-r50-r69-chrom\/","name":"Satteltaschenhalter (beidseitig) BMW R50 \/ R69 - Chrom - La Poderosa Goods - Satteltaschen, Gep\u00e4ck und Premium-Motorradzubeh\u00f6r","isPartOf":{"@id":"https:\/\/lapoderosagoods.com\/#website"},"primaryImageOfPage":{"@id":"https:\/\/lapoderosagoods.com\/de\/produkt\/satteltaschenhalter-beidseitig-bmw-r50-r69-chrom\/#primaryimage"},"datePublished":"2025-08-06T08:52:00+00:00","dateModified":"2026-04-11T12:31:43+00:00","breadcrumb":{"@id":"https:\/\/lapoderosagoods.com\/de\/produkt\/satteltaschenhalter-beidseitig-bmw-r50-r69-chrom\/#breadcrumb"},"inLanguage":"de-DE","potentialAction":[{"@type":"ReadAction","target":["https:\/\/lapoderosagoods.com\/de\/produkt\/satteltaschenhalter-beidseitig-bmw-r50-r69-chrom\/"]}]},{"@type":"BreadcrumbList","@id":"https:\/\/lapoderosagoods.com\/de\/produkt\/satteltaschenhalter-beidseitig-bmw-r50-r69-chrom\/#breadcrumb","itemListElement":[{"@type":"ListItem","position":1,"name":"Portada","item":"https:\/\/lapoderosagoods.com\/"},{"@type":"ListItem","position":2,"name":"Produkte","item":"https:\/\/lapoderosagoods.com\/de\/produkte\/"},{"@type":"ListItem","position":3,"name":"Satteltaschenhalter (beidseitig) BMW R50 \/ R69 &#8211; Chrom"}]}]}},"_links":{"self":[{"href":"https:\/\/lapoderosagoods.com\/de\/wp-json\/wp\/v2\/product\/22869"}],"collection":[{"href":"https:\/\/lapoderosagoods.com\/de\/wp-json\/wp\/v2\/product"}],"about":[{"href":"https:\/\/lapoderosagoods.com\/de\/wp-json\/wp\/v2\/types\/product"}],"replies":[{"embeddable":true,"href":"https:\/\/lapoderosagoods.com\/de\/wp-json\/wp\/v2\/comments?post=22869"}],"wp:featuredmedia":[{"embeddable":true,"href":"https:\/\/lapoderosagoods.com\/de\/wp-json\/wp\/v2\/media\/22881"}],"wp:attachment":[{"href":"https:\/\/lapoderosagoods.com\/de\/wp-json\/wp\/v2\/media?parent=22869"}],"wp:term":[{"taxonomy":"product_cat","embeddable":true,"href":"https:\/\/lapoderosagoods.com\/de\/wp-json\/wp\/v2\/product_cat?post=22869"},{"taxonomy":"product_tag","embeddable":true,"href":"https:\/\/lapoderosagoods.com\/de\/wp-json\/wp\/v2\/product_tag?post=22869"}],"curies":[{"name":"wp","href":"https:\/\/api.w.org\/{rel}","templated":true}]}}