{"id":21394,"date":"2025-01-30T21:11:58","date_gmt":"2025-01-30T20:12:00","guid":{"rendered":"https:\/\/lapoderosagoods.com\/?post_type=product&#038;p=21394"},"modified":"2026-02-22T22:34:07","modified_gmt":"2026-02-22T21:34:07","slug":"100-wasserdichte-pvc-innentasche-fur-20l-lofoten-satteltasche","status":"publish","type":"product","link":"https:\/\/lapoderosagoods.com\/de\/produkt\/100-wasserdichte-pvc-innentasche-fur-20l-lofoten-satteltasche\/","title":{"rendered":"100% wasserdichte PVC-Innentasche f\u00fcr 20L Lofoten Satteltasche"},"content":{"rendered":"<p class=\"p1\"><span class=\"s1\">Handgefertigt in Spanien mit 100% \u00a0wasserdichtem PVC .<\/span><\/p>\n<p class=\"p1\"><span class=\"s1\">Unser Lieferant ist ein regelm\u00e4\u00dfiger Soldat, der Regenm\u00e4ntel und wasserdichte Kleidungsst\u00fccke normalerweise mit den besten heute verf\u00fcgbaren Hei\u00dfsiegelmaschinen herstellt.<br \/>\nAlle Materialien sind von h\u00f6chster Qualit\u00e4t und sehr widerstandsf\u00e4hig.<\/span><\/p>\n<p class=\"p1\">Faltverschlusssystem.<\/p>\n<p class=\"p1\">Unverzichtbar, um die \u00e4u\u00dfere \u00c4sthetik unserer Satteltaschen und die innere Ladung immer trocken zu halten. Sehr empfehlenswert f\u00fcr Gebiete mit regnerischem Klima.<\/p>\n<p class=\"p1\"><span class=\"s1\">Genaue Ma\u00dfe unserer Lofoten Satteltaschen: 36cm H\u00f6he (ausziehbar auf 49cm) x 31cm Breite x 16cm Tiefe. Ungef\u00e4hr 20 Liter(ausziehbar auf 25L)<\/span><\/p>\n<p class=\"p1\">Rote f\u00e4rbe, passend zu unserem inneren roten tartan.<\/p>\n","protected":false},"excerpt":{"rendered":"<p>Handgefertigt in Spanien mit 100% \u00a0wasserdichtem PVC . Unser Lieferant ist ein regelm\u00e4\u00dfiger Soldat, der Regenm\u00e4ntel und wasserdichte Kleidungsst\u00fccke normalerweise mit den besten heute verf\u00fcgbaren Hei\u00dfsiegelmaschinen herstellt. Alle Materialien sind von h\u00f6chster Qualit\u00e4t und sehr widerstandsf\u00e4hig. Faltverschlusssystem. Unverzichtbar, um die \u00e4u\u00dfere \u00c4sthetik unserer Satteltaschen und die innere Ladung immer trocken zu halten. Sehr empfehlenswert f\u00fcr [&#8230;]\n","protected":false},"featured_media":14582,"comment_status":"closed","ping_status":"closed","template":"","meta":{"spay_email":""},"product_cat":[159,93,92],"product_tag":[776,237,242,612,477,826,261,786,441,874,952,870,254,244,887,887,246,249,758,759,851,264,256,856,578,812,779,572,782,560,569,513,268,847,272,915,956,893,600,531,896,516,275,278,899,280,802,903,282,794,798,532,808,288,486,483,489,492,296,819,298,923,632,835,927,636,292,640,908,519,890,648,644,652,656,932,823,968,864,919,302,613,620,305,790,860,308,936,310,313,317,320,628,624,322,501,326,328,831,607,761,331],"yoast_head":"<!-- This site is optimized with the Yoast SEO plugin v16.8 - https:\/\/yoast.com\/wordpress\/plugins\/seo\/ -->\n<title>100% wasserdichte PVC-Innentasche f\u00fcr 20L Lofoten Satteltasche<\/title>\n<meta name=\"robots\" content=\"index, follow, max-snippet:-1, max-image-preview:large, max-video-preview:-1\" \/>\n<link rel=\"canonical\" href=\"https:\/\/lapoderosagoods.com\/de\/produkt\/bolsa-interior-de-pvc-100-estanca-para-alforja-lofoten-20l\/\" \/>\n<meta property=\"og:locale\" content=\"de_DE\" \/>\n<meta property=\"og:type\" content=\"article\" \/>\n<meta property=\"og:title\" content=\"100% wasserdichte PVC-Innentasche f\u00fcr 20L Lofoten Satteltasche\" \/>\n<meta property=\"og:description\" content=\"Handgefertigt in Spanien mit 100% \u00a0wasserdichtem PVC . Unser Lieferant ist ein regelm\u00e4\u00dfiger Soldat, der Regenm\u00e4ntel und wasserdichte Kleidungsst\u00fccke normalerweise mit den besten heute verf\u00fcgbaren Hei\u00dfsiegelmaschinen herstellt. Alle Materialien sind von h\u00f6chster Qualit\u00e4t und sehr widerstandsf\u00e4hig. Faltverschlusssystem. Unverzichtbar, um die \u00e4u\u00dfere \u00c4sthetik unserer Satteltaschen und die innere Ladung immer trocken zu halten. Sehr empfehlenswert f\u00fcr [...]\" \/>\n<meta property=\"og:url\" content=\"https:\/\/lapoderosagoods.com\/produkt\/bolsa-interior-de-pvc-100-estanca-para-alforja-lofoten-20l\/\" \/>\n<meta property=\"og:site_name\" content=\"La Poderosa Goods - Satteltaschen, Gep\u00e4ck und Premium-Motorradzubeh\u00f6r\" \/>\n<meta property=\"article:modified_time\" content=\"2026-02-22T21:34:07+00:00\" \/>\n<meta property=\"og:image\" content=\"https:\/\/lapoderosagoods.com\/wp-content\/uploads\/2022\/08\/EC5A9855.jpg\" \/>\n\t<meta property=\"og:image:width\" content=\"1200\" \/>\n\t<meta property=\"og:image:height\" content=\"1200\" \/>\n<meta name=\"twitter:card\" content=\"summary_large_image\" \/>\n<meta name=\"twitter:label1\" content=\"Gesch\u00e4tzte Lesezeit\" \/>\n\t<meta name=\"twitter:data1\" content=\"1 Minute\" \/>\n<script type=\"application\/ld+json\" class=\"yoast-schema-graph\">{\"@context\":\"https:\/\/schema.org\",\"@graph\":[{\"@type\":\"Organization\",\"@id\":\"https:\/\/lapoderosagoods.com\/#organization\",\"name\":\"La Poderosa Classic Goods\",\"url\":\"https:\/\/lapoderosagoods.com\/\",\"sameAs\":[],\"logo\":{\"@type\":\"ImageObject\",\"@id\":\"https:\/\/lapoderosagoods.com\/#logo\",\"inLanguage\":\"de-DE\",\"url\":\"https:\/\/lapoderosagoods.com\/wp-content\/uploads\/2019\/10\/poderosa.png\",\"contentUrl\":\"https:\/\/lapoderosagoods.com\/wp-content\/uploads\/2019\/10\/poderosa.png\",\"width\":290,\"height\":209,\"caption\":\"La Poderosa Classic Goods\"},\"image\":{\"@id\":\"https:\/\/lapoderosagoods.com\/#logo\"}},{\"@type\":\"WebSite\",\"@id\":\"https:\/\/lapoderosagoods.com\/#website\",\"url\":\"https:\/\/lapoderosagoods.com\/\",\"name\":\"La Poderosa Goods - Satteltaschen, Gep\\u00e4ck und Premium-Motorradzubeh\\u00f6r\",\"description\":\"Gep\\u00e4ck, St\\u00e4nder, Satteltaschen und Zubeh\\u00f6r f\\u00fcr Klassiker, Caf\\u00e9 Racer oder Adventure Bikes. \",\"publisher\":{\"@id\":\"https:\/\/lapoderosagoods.com\/#organization\"},\"potentialAction\":[{\"@type\":\"SearchAction\",\"target\":{\"@type\":\"EntryPoint\",\"urlTemplate\":\"https:\/\/lapoderosagoods.com\/?s={search_term_string}\"},\"query-input\":\"required name=search_term_string\"}],\"inLanguage\":\"de-DE\"},{\"@type\":\"ImageObject\",\"@id\":\"https:\/\/lapoderosagoods.com\/produkt\/bolsa-interior-de-pvc-100-estanca-para-alforja-lofoten-20l\/#primaryimage\",\"inLanguage\":\"de-DE\",\"url\":\"https:\/\/lapoderosagoods.com\/wp-content\/uploads\/2022\/08\/EC5A9855.jpg\",\"contentUrl\":\"https:\/\/lapoderosagoods.com\/wp-content\/uploads\/2022\/08\/EC5A9855.jpg\",\"width\":1200,\"height\":1200},{\"@type\":\"WebPage\",\"@id\":\"https:\/\/lapoderosagoods.com\/produkt\/bolsa-interior-de-pvc-100-estanca-para-alforja-lofoten-20l\/#webpage\",\"url\":\"https:\/\/lapoderosagoods.com\/produkt\/bolsa-interior-de-pvc-100-estanca-para-alforja-lofoten-20l\/\",\"name\":\"100% wasserdichte PVC-Innentasche f\\u00fcr 20L Lofoten Satteltasche\",\"isPartOf\":{\"@id\":\"https:\/\/lapoderosagoods.com\/#website\"},\"primaryImageOfPage\":{\"@id\":\"https:\/\/lapoderosagoods.com\/produkt\/bolsa-interior-de-pvc-100-estanca-para-alforja-lofoten-20l\/#primaryimage\"},\"datePublished\":\"2025-01-30T20:12:00+00:00\",\"dateModified\":\"2026-02-22T21:34:07+00:00\",\"breadcrumb\":{\"@id\":\"https:\/\/lapoderosagoods.com\/produkt\/bolsa-interior-de-pvc-100-estanca-para-alforja-lofoten-20l\/#breadcrumb\"},\"inLanguage\":\"de-DE\",\"potentialAction\":[{\"@type\":\"ReadAction\",\"target\":[\"https:\/\/lapoderosagoods.com\/produkt\/bolsa-interior-de-pvc-100-estanca-para-alforja-lofoten-20l\/\"]}]},{\"@type\":\"BreadcrumbList\",\"@id\":\"https:\/\/lapoderosagoods.com\/produkt\/bolsa-interior-de-pvc-100-estanca-para-alforja-lofoten-20l\/#breadcrumb\",\"itemListElement\":[{\"@type\":\"ListItem\",\"position\":1,\"name\":\"Portada\",\"item\":\"https:\/\/lapoderosagoods.com\/\"},{\"@type\":\"ListItem\",\"position\":2,\"name\":\"Produkte\",\"item\":\"https:\/\/lapoderosagoods.com\/de\/produkte\/\"},{\"@type\":\"ListItem\",\"position\":3,\"name\":\"100% wasserdichte PVC-Innentasche f\\u00fcr 20L Lofoten Satteltasche\"}]}]}<\/script>\n<!-- \/ Yoast SEO plugin. -->","yoast_head_json":{"title":"100% wasserdichte PVC-Innentasche f\u00fcr 20L Lofoten Satteltasche","robots":{"index":"index","follow":"follow","max-snippet":"max-snippet:-1","max-image-preview":"max-image-preview:large","max-video-preview":"max-video-preview:-1"},"canonical":"https:\/\/lapoderosagoods.com\/de\/produkt\/bolsa-interior-de-pvc-100-estanca-para-alforja-lofoten-20l\/","og_locale":"de_DE","og_type":"article","og_title":"100% wasserdichte PVC-Innentasche f\u00fcr 20L Lofoten Satteltasche","og_description":"Handgefertigt in Spanien mit 100% \u00a0wasserdichtem PVC . Unser Lieferant ist ein regelm\u00e4\u00dfiger Soldat, der Regenm\u00e4ntel und wasserdichte Kleidungsst\u00fccke normalerweise mit den besten heute verf\u00fcgbaren Hei\u00dfsiegelmaschinen herstellt. Alle Materialien sind von h\u00f6chster Qualit\u00e4t und sehr widerstandsf\u00e4hig. Faltverschlusssystem. Unverzichtbar, um die \u00e4u\u00dfere \u00c4sthetik unserer Satteltaschen und die innere Ladung immer trocken zu halten. Sehr empfehlenswert f\u00fcr [...]","og_url":"https:\/\/lapoderosagoods.com\/produkt\/bolsa-interior-de-pvc-100-estanca-para-alforja-lofoten-20l\/","og_site_name":"La Poderosa Goods - Satteltaschen, Gep\u00e4ck und Premium-Motorradzubeh\u00f6r","article_modified_time":"2026-02-22T21:34:07+00:00","og_image":[{"width":1200,"height":1200,"url":"https:\/\/lapoderosagoods.com\/wp-content\/uploads\/2022\/08\/EC5A9855.jpg","path":"\/home\/spainmot\/lapoderosagoods\/wp-content\/uploads\/2022\/08\/EC5A9855.jpg","size":"full","id":14582,"alt":"","pixels":1440000,"type":"image\/jpeg"}],"twitter_card":"summary_large_image","twitter_misc":{"Gesch\u00e4tzte Lesezeit":"1 Minute"},"schema":{"@context":"https:\/\/schema.org","@graph":[{"@type":"Organization","@id":"https:\/\/lapoderosagoods.com\/#organization","name":"La Poderosa Classic Goods","url":"https:\/\/lapoderosagoods.com\/","sameAs":[],"logo":{"@type":"ImageObject","@id":"https:\/\/lapoderosagoods.com\/#logo","inLanguage":"de-DE","url":"https:\/\/lapoderosagoods.com\/wp-content\/uploads\/2019\/10\/poderosa.png","contentUrl":"https:\/\/lapoderosagoods.com\/wp-content\/uploads\/2019\/10\/poderosa.png","width":290,"height":209,"caption":"La Poderosa Classic Goods"},"image":{"@id":"https:\/\/lapoderosagoods.com\/#logo"}},{"@type":"WebSite","@id":"https:\/\/lapoderosagoods.com\/#website","url":"https:\/\/lapoderosagoods.com\/","name":"La Poderosa Goods - Satteltaschen, Gep\u00e4ck und Premium-Motorradzubeh\u00f6r","description":"Gep\u00e4ck, St\u00e4nder, Satteltaschen und Zubeh\u00f6r f\u00fcr Klassiker, Caf\u00e9 Racer oder Adventure Bikes. ","publisher":{"@id":"https:\/\/lapoderosagoods.com\/#organization"},"potentialAction":[{"@type":"SearchAction","target":{"@type":"EntryPoint","urlTemplate":"https:\/\/lapoderosagoods.com\/?s={search_term_string}"},"query-input":"required name=search_term_string"}],"inLanguage":"de-DE"},{"@type":"ImageObject","@id":"https:\/\/lapoderosagoods.com\/produkt\/bolsa-interior-de-pvc-100-estanca-para-alforja-lofoten-20l\/#primaryimage","inLanguage":"de-DE","url":"https:\/\/lapoderosagoods.com\/wp-content\/uploads\/2022\/08\/EC5A9855.jpg","contentUrl":"https:\/\/lapoderosagoods.com\/wp-content\/uploads\/2022\/08\/EC5A9855.jpg","width":1200,"height":1200},{"@type":"WebPage","@id":"https:\/\/lapoderosagoods.com\/produkt\/bolsa-interior-de-pvc-100-estanca-para-alforja-lofoten-20l\/#webpage","url":"https:\/\/lapoderosagoods.com\/produkt\/bolsa-interior-de-pvc-100-estanca-para-alforja-lofoten-20l\/","name":"100% wasserdichte PVC-Innentasche f\u00fcr 20L Lofoten Satteltasche","isPartOf":{"@id":"https:\/\/lapoderosagoods.com\/#website"},"primaryImageOfPage":{"@id":"https:\/\/lapoderosagoods.com\/produkt\/bolsa-interior-de-pvc-100-estanca-para-alforja-lofoten-20l\/#primaryimage"},"datePublished":"2025-01-30T20:12:00+00:00","dateModified":"2026-02-22T21:34:07+00:00","breadcrumb":{"@id":"https:\/\/lapoderosagoods.com\/produkt\/bolsa-interior-de-pvc-100-estanca-para-alforja-lofoten-20l\/#breadcrumb"},"inLanguage":"de-DE","potentialAction":[{"@type":"ReadAction","target":["https:\/\/lapoderosagoods.com\/produkt\/bolsa-interior-de-pvc-100-estanca-para-alforja-lofoten-20l\/"]}]},{"@type":"BreadcrumbList","@id":"https:\/\/lapoderosagoods.com\/produkt\/bolsa-interior-de-pvc-100-estanca-para-alforja-lofoten-20l\/#breadcrumb","itemListElement":[{"@type":"ListItem","position":1,"name":"Portada","item":"https:\/\/lapoderosagoods.com\/"},{"@type":"ListItem","position":2,"name":"Produkte","item":"https:\/\/lapoderosagoods.com\/de\/produkte\/"},{"@type":"ListItem","position":3,"name":"100% wasserdichte PVC-Innentasche f\u00fcr 20L Lofoten Satteltasche"}]}]}},"_links":{"self":[{"href":"https:\/\/lapoderosagoods.com\/de\/wp-json\/wp\/v2\/product\/21394"}],"collection":[{"href":"https:\/\/lapoderosagoods.com\/de\/wp-json\/wp\/v2\/product"}],"about":[{"href":"https:\/\/lapoderosagoods.com\/de\/wp-json\/wp\/v2\/types\/product"}],"replies":[{"embeddable":true,"href":"https:\/\/lapoderosagoods.com\/de\/wp-json\/wp\/v2\/comments?post=21394"}],"wp:featuredmedia":[{"embeddable":true,"href":"https:\/\/lapoderosagoods.com\/de\/wp-json\/wp\/v2\/media\/14582"}],"wp:attachment":[{"href":"https:\/\/lapoderosagoods.com\/de\/wp-json\/wp\/v2\/media?parent=21394"}],"wp:term":[{"taxonomy":"product_cat","embeddable":true,"href":"https:\/\/lapoderosagoods.com\/de\/wp-json\/wp\/v2\/product_cat?post=21394"},{"taxonomy":"product_tag","embeddable":true,"href":"https:\/\/lapoderosagoods.com\/de\/wp-json\/wp\/v2\/product_tag?post=21394"}],"curies":[{"name":"wp","href":"https:\/\/api.w.org\/{rel}","templated":true}]}}