{"id":20058,"date":"2024-09-29T20:48:32","date_gmt":"2024-09-29T18:48:33","guid":{"rendered":"https:\/\/lapoderosagoods.com\/?post_type=product&#038;p=20058"},"modified":"2025-12-24T21:45:12","modified_gmt":"2025-12-24T20:45:12","slug":"satteltaschenhalter-beidseitig-kawasaki-w800-chrom-mit-beifahrer","status":"publish","type":"product","link":"https:\/\/lapoderosagoods.com\/de\/produkt\/satteltaschenhalter-beidseitig-kawasaki-w800-chrom-mit-beifahrer\/","title":{"rendered":"Satteltaschenhalter (beidseitig) Kawasaki W800 Chrom mit Beifahrer"},"content":{"rendered":"<div class=\"product-single__description rte\">\n<p class=\"s3\"><span class=\"s2\">Stahlrahmen in Chrom Finish f\u00fcr Kawasaki W 800 f\u00fcr 2 Satteltaschen (1 auf jeder Seite).\u00a0<\/span><\/p>\n<p class=\"s3\"><span class=\"s2\">T<\/span><span class=\"s2\">eiliges <\/span><span class=\"s2\">Design <\/span><span class=\"s2\">\u2013 <\/span><span class=\"s2\">Tupel zum Anschrauben des hinteren Subchassis jedes Modells W 800 *\u00a0 <\/span><span class=\"s2\">durch Schrauben.\u00a0<\/span><\/p>\n<p>F\u00fcr die Reise mit einem Beifahrer konzipiert.<\/p>\n<p class=\"s3\"><span class=\"s2\">Beendet Chrom \u00a0<\/span><span class=\"s2\">.<\/span><\/p>\n<p class=\"s3\"><span class=\"s2\">Klassic <\/span><span class=\"s2\">\u00a0und minimalistisch, perfekt auch mit der entfernten Seitentasche.<\/span><\/p>\n<p class=\"s3\"><span class=\"s2\">Sehr solide Struktur f\u00fcr Lasten von bis zu 10 kg pro Tasche.<\/span><\/p>\n<p class=\"s3\"><span class=\"s2\">* Kompatibel mit folgenden Modellen (bitte bei der Bestellung genaues Modell und Baujahr angeben):<\/span><\/p>\n<p class=\"s3\"><span class=\"s2\">\u00a0W800<\/span><span class=\"s2\">\u00a0<\/span><\/p>\n<\/div>\n","protected":false},"excerpt":{"rendered":"<p>Stahlrahmen in Chrom Finish f\u00fcr Kawasaki W 800 f\u00fcr 2 Satteltaschen (1 auf jeder Seite).\u00a0 Teiliges Design \u2013 Tupel zum Anschrauben des hinteren Subchassis jedes Modells W 800 *\u00a0 durch Schrauben.\u00a0 F\u00fcr die Reise mit einem Beifahrer konzipiert. Beendet Chrom \u00a0. Klassic \u00a0und minimalistisch, perfekt auch mit der entfernten Seitentasche. Sehr solide Struktur f\u00fcr Lasten [&#8230;]\n","protected":false},"featured_media":21425,"comment_status":"closed","ping_status":"closed","template":"","meta":{"spay_email":""},"product_cat":[723,140,96],"product_tag":[282],"yoast_head":"<!-- This site is optimized with the Yoast SEO plugin v16.8 - https:\/\/yoast.com\/wordpress\/plugins\/seo\/ -->\n<title>Satteltaschenhalter (beidseitig) Kawasaki W800 Chrom mit Beifahrer - La Poderosa Goods - Satteltaschen, Gep\u00e4ck und Premium-Motorradzubeh\u00f6r<\/title>\n<meta name=\"robots\" content=\"index, follow, max-snippet:-1, max-image-preview:large, max-video-preview:-1\" \/>\n<link rel=\"canonical\" href=\"https:\/\/lapoderosagoods.com\/de\/produkt\/satteltaschenhalter-beidseitig-kawasaki-w800-chrom-mit-beifahrer\/\" \/>\n<meta property=\"og:locale\" content=\"de_DE\" \/>\n<meta property=\"og:type\" content=\"article\" \/>\n<meta property=\"og:title\" content=\"Satteltaschenhalter (beidseitig) Kawasaki W800 Chrom mit Beifahrer - La Poderosa Goods - Satteltaschen, Gep\u00e4ck und Premium-Motorradzubeh\u00f6r\" \/>\n<meta property=\"og:description\" content=\"Stahlrahmen in Chrom Finish f\u00fcr Kawasaki W 800 f\u00fcr 2 Satteltaschen (1 auf jeder Seite).\u00a0 Teiliges Design \u2013 Tupel zum Anschrauben des hinteren Subchassis jedes Modells W 800 *\u00a0 durch Schrauben.\u00a0 F\u00fcr die Reise mit einem Beifahrer konzipiert. Beendet Chrom \u00a0. Klassic \u00a0und minimalistisch, perfekt auch mit der entfernten Seitentasche. Sehr solide Struktur f\u00fcr Lasten [...]\" \/>\n<meta property=\"og:url\" content=\"https:\/\/lapoderosagoods.com\/de\/produkt\/satteltaschenhalter-beidseitig-kawasaki-w800-chrom-mit-beifahrer\/\" \/>\n<meta property=\"og:site_name\" content=\"La Poderosa Goods - Satteltaschen, Gep\u00e4ck und Premium-Motorradzubeh\u00f6r\" \/>\n<meta property=\"article:modified_time\" content=\"2025-12-24T20:45:12+00:00\" \/>\n<meta property=\"og:image\" content=\"https:\/\/lapoderosagoods.com\/wp-content\/uploads\/2024\/09\/Kawa-W800-Henri-full-set-chrome-RHS--scaled.jpg\" \/>\n\t<meta property=\"og:image:width\" content=\"2560\" \/>\n\t<meta property=\"og:image:height\" content=\"1441\" \/>\n<meta name=\"twitter:card\" content=\"summary_large_image\" \/>\n<script type=\"application\/ld+json\" class=\"yoast-schema-graph\">{\"@context\":\"https:\/\/schema.org\",\"@graph\":[{\"@type\":\"Organization\",\"@id\":\"https:\/\/lapoderosagoods.com\/#organization\",\"name\":\"La Poderosa Classic Goods\",\"url\":\"https:\/\/lapoderosagoods.com\/\",\"sameAs\":[],\"logo\":{\"@type\":\"ImageObject\",\"@id\":\"https:\/\/lapoderosagoods.com\/#logo\",\"inLanguage\":\"de-DE\",\"url\":\"https:\/\/lapoderosagoods.com\/wp-content\/uploads\/2019\/10\/poderosa.png\",\"contentUrl\":\"https:\/\/lapoderosagoods.com\/wp-content\/uploads\/2019\/10\/poderosa.png\",\"width\":290,\"height\":209,\"caption\":\"La Poderosa Classic Goods\"},\"image\":{\"@id\":\"https:\/\/lapoderosagoods.com\/#logo\"}},{\"@type\":\"WebSite\",\"@id\":\"https:\/\/lapoderosagoods.com\/#website\",\"url\":\"https:\/\/lapoderosagoods.com\/\",\"name\":\"La Poderosa Goods - Satteltaschen, Gep\\u00e4ck und Premium-Motorradzubeh\\u00f6r\",\"description\":\"Gep\\u00e4ck, St\\u00e4nder, Satteltaschen und Zubeh\\u00f6r f\\u00fcr Klassiker, Caf\\u00e9 Racer oder Adventure Bikes. \",\"publisher\":{\"@id\":\"https:\/\/lapoderosagoods.com\/#organization\"},\"potentialAction\":[{\"@type\":\"SearchAction\",\"target\":{\"@type\":\"EntryPoint\",\"urlTemplate\":\"https:\/\/lapoderosagoods.com\/?s={search_term_string}\"},\"query-input\":\"required name=search_term_string\"}],\"inLanguage\":\"de-DE\"},{\"@type\":\"ImageObject\",\"@id\":\"https:\/\/lapoderosagoods.com\/de\/produkt\/satteltaschenhalter-beidseitig-kawasaki-w800-chrom-mit-beifahrer\/#primaryimage\",\"inLanguage\":\"de-DE\",\"url\":\"https:\/\/lapoderosagoods.com\/wp-content\/uploads\/2024\/09\/Kawa-W800-Henri-full-set-chrome-RHS--scaled.jpg\",\"contentUrl\":\"https:\/\/lapoderosagoods.com\/wp-content\/uploads\/2024\/09\/Kawa-W800-Henri-full-set-chrome-RHS--scaled.jpg\",\"width\":2560,\"height\":1441},{\"@type\":\"WebPage\",\"@id\":\"https:\/\/lapoderosagoods.com\/de\/produkt\/satteltaschenhalter-beidseitig-kawasaki-w800-chrom-mit-beifahrer\/#webpage\",\"url\":\"https:\/\/lapoderosagoods.com\/de\/produkt\/satteltaschenhalter-beidseitig-kawasaki-w800-chrom-mit-beifahrer\/\",\"name\":\"Satteltaschenhalter (beidseitig) Kawasaki W800 Chrom mit Beifahrer - La Poderosa Goods - Satteltaschen, Gep\\u00e4ck und Premium-Motorradzubeh\\u00f6r\",\"isPartOf\":{\"@id\":\"https:\/\/lapoderosagoods.com\/#website\"},\"primaryImageOfPage\":{\"@id\":\"https:\/\/lapoderosagoods.com\/de\/produkt\/satteltaschenhalter-beidseitig-kawasaki-w800-chrom-mit-beifahrer\/#primaryimage\"},\"datePublished\":\"2024-09-29T18:48:33+00:00\",\"dateModified\":\"2025-12-24T20:45:12+00:00\",\"breadcrumb\":{\"@id\":\"https:\/\/lapoderosagoods.com\/de\/produkt\/satteltaschenhalter-beidseitig-kawasaki-w800-chrom-mit-beifahrer\/#breadcrumb\"},\"inLanguage\":\"de-DE\",\"potentialAction\":[{\"@type\":\"ReadAction\",\"target\":[\"https:\/\/lapoderosagoods.com\/de\/produkt\/satteltaschenhalter-beidseitig-kawasaki-w800-chrom-mit-beifahrer\/\"]}]},{\"@type\":\"BreadcrumbList\",\"@id\":\"https:\/\/lapoderosagoods.com\/de\/produkt\/satteltaschenhalter-beidseitig-kawasaki-w800-chrom-mit-beifahrer\/#breadcrumb\",\"itemListElement\":[{\"@type\":\"ListItem\",\"position\":1,\"name\":\"Portada\",\"item\":\"https:\/\/lapoderosagoods.com\/\"},{\"@type\":\"ListItem\",\"position\":2,\"name\":\"Produkte\",\"item\":\"https:\/\/lapoderosagoods.com\/de\/produkte\/\"},{\"@type\":\"ListItem\",\"position\":3,\"name\":\"Satteltaschenhalter (beidseitig) Kawasaki W800 Chrom mit Beifahrer\"}]}]}<\/script>\n<!-- \/ Yoast SEO plugin. -->","yoast_head_json":{"title":"Satteltaschenhalter (beidseitig) Kawasaki W800 Chrom mit Beifahrer - La Poderosa Goods - Satteltaschen, Gep\u00e4ck und Premium-Motorradzubeh\u00f6r","robots":{"index":"index","follow":"follow","max-snippet":"max-snippet:-1","max-image-preview":"max-image-preview:large","max-video-preview":"max-video-preview:-1"},"canonical":"https:\/\/lapoderosagoods.com\/de\/produkt\/satteltaschenhalter-beidseitig-kawasaki-w800-chrom-mit-beifahrer\/","og_locale":"de_DE","og_type":"article","og_title":"Satteltaschenhalter (beidseitig) Kawasaki W800 Chrom mit Beifahrer - La Poderosa Goods - Satteltaschen, Gep\u00e4ck und Premium-Motorradzubeh\u00f6r","og_description":"Stahlrahmen in Chrom Finish f\u00fcr Kawasaki W 800 f\u00fcr 2 Satteltaschen (1 auf jeder Seite).\u00a0 Teiliges Design \u2013 Tupel zum Anschrauben des hinteren Subchassis jedes Modells W 800 *\u00a0 durch Schrauben.\u00a0 F\u00fcr die Reise mit einem Beifahrer konzipiert. Beendet Chrom \u00a0. Klassic \u00a0und minimalistisch, perfekt auch mit der entfernten Seitentasche. Sehr solide Struktur f\u00fcr Lasten [...]","og_url":"https:\/\/lapoderosagoods.com\/de\/produkt\/satteltaschenhalter-beidseitig-kawasaki-w800-chrom-mit-beifahrer\/","og_site_name":"La Poderosa Goods - Satteltaschen, Gep\u00e4ck und Premium-Motorradzubeh\u00f6r","article_modified_time":"2025-12-24T20:45:12+00:00","og_image":[{"width":2560,"height":1441,"url":"https:\/\/lapoderosagoods.com\/wp-content\/uploads\/2024\/09\/Kawa-W800-Henri-full-set-chrome-RHS--scaled.jpg","path":"\/home\/spainmot\/lapoderosagoods\/wp-content\/uploads\/2024\/09\/Kawa-W800-Henri-full-set-chrome-RHS--scaled.jpg","size":"full","id":21425,"alt":"","pixels":3688960,"type":"image\/jpeg"}],"twitter_card":"summary_large_image","schema":{"@context":"https:\/\/schema.org","@graph":[{"@type":"Organization","@id":"https:\/\/lapoderosagoods.com\/#organization","name":"La Poderosa Classic Goods","url":"https:\/\/lapoderosagoods.com\/","sameAs":[],"logo":{"@type":"ImageObject","@id":"https:\/\/lapoderosagoods.com\/#logo","inLanguage":"de-DE","url":"https:\/\/lapoderosagoods.com\/wp-content\/uploads\/2019\/10\/poderosa.png","contentUrl":"https:\/\/lapoderosagoods.com\/wp-content\/uploads\/2019\/10\/poderosa.png","width":290,"height":209,"caption":"La Poderosa Classic Goods"},"image":{"@id":"https:\/\/lapoderosagoods.com\/#logo"}},{"@type":"WebSite","@id":"https:\/\/lapoderosagoods.com\/#website","url":"https:\/\/lapoderosagoods.com\/","name":"La Poderosa Goods - Satteltaschen, Gep\u00e4ck und Premium-Motorradzubeh\u00f6r","description":"Gep\u00e4ck, St\u00e4nder, Satteltaschen und Zubeh\u00f6r f\u00fcr Klassiker, Caf\u00e9 Racer oder Adventure Bikes. ","publisher":{"@id":"https:\/\/lapoderosagoods.com\/#organization"},"potentialAction":[{"@type":"SearchAction","target":{"@type":"EntryPoint","urlTemplate":"https:\/\/lapoderosagoods.com\/?s={search_term_string}"},"query-input":"required name=search_term_string"}],"inLanguage":"de-DE"},{"@type":"ImageObject","@id":"https:\/\/lapoderosagoods.com\/de\/produkt\/satteltaschenhalter-beidseitig-kawasaki-w800-chrom-mit-beifahrer\/#primaryimage","inLanguage":"de-DE","url":"https:\/\/lapoderosagoods.com\/wp-content\/uploads\/2024\/09\/Kawa-W800-Henri-full-set-chrome-RHS--scaled.jpg","contentUrl":"https:\/\/lapoderosagoods.com\/wp-content\/uploads\/2024\/09\/Kawa-W800-Henri-full-set-chrome-RHS--scaled.jpg","width":2560,"height":1441},{"@type":"WebPage","@id":"https:\/\/lapoderosagoods.com\/de\/produkt\/satteltaschenhalter-beidseitig-kawasaki-w800-chrom-mit-beifahrer\/#webpage","url":"https:\/\/lapoderosagoods.com\/de\/produkt\/satteltaschenhalter-beidseitig-kawasaki-w800-chrom-mit-beifahrer\/","name":"Satteltaschenhalter (beidseitig) Kawasaki W800 Chrom mit Beifahrer - La Poderosa Goods - Satteltaschen, Gep\u00e4ck und Premium-Motorradzubeh\u00f6r","isPartOf":{"@id":"https:\/\/lapoderosagoods.com\/#website"},"primaryImageOfPage":{"@id":"https:\/\/lapoderosagoods.com\/de\/produkt\/satteltaschenhalter-beidseitig-kawasaki-w800-chrom-mit-beifahrer\/#primaryimage"},"datePublished":"2024-09-29T18:48:33+00:00","dateModified":"2025-12-24T20:45:12+00:00","breadcrumb":{"@id":"https:\/\/lapoderosagoods.com\/de\/produkt\/satteltaschenhalter-beidseitig-kawasaki-w800-chrom-mit-beifahrer\/#breadcrumb"},"inLanguage":"de-DE","potentialAction":[{"@type":"ReadAction","target":["https:\/\/lapoderosagoods.com\/de\/produkt\/satteltaschenhalter-beidseitig-kawasaki-w800-chrom-mit-beifahrer\/"]}]},{"@type":"BreadcrumbList","@id":"https:\/\/lapoderosagoods.com\/de\/produkt\/satteltaschenhalter-beidseitig-kawasaki-w800-chrom-mit-beifahrer\/#breadcrumb","itemListElement":[{"@type":"ListItem","position":1,"name":"Portada","item":"https:\/\/lapoderosagoods.com\/"},{"@type":"ListItem","position":2,"name":"Produkte","item":"https:\/\/lapoderosagoods.com\/de\/produkte\/"},{"@type":"ListItem","position":3,"name":"Satteltaschenhalter (beidseitig) Kawasaki W800 Chrom mit Beifahrer"}]}]}},"_links":{"self":[{"href":"https:\/\/lapoderosagoods.com\/de\/wp-json\/wp\/v2\/product\/20058"}],"collection":[{"href":"https:\/\/lapoderosagoods.com\/de\/wp-json\/wp\/v2\/product"}],"about":[{"href":"https:\/\/lapoderosagoods.com\/de\/wp-json\/wp\/v2\/types\/product"}],"replies":[{"embeddable":true,"href":"https:\/\/lapoderosagoods.com\/de\/wp-json\/wp\/v2\/comments?post=20058"}],"wp:featuredmedia":[{"embeddable":true,"href":"https:\/\/lapoderosagoods.com\/de\/wp-json\/wp\/v2\/media\/21425"}],"wp:attachment":[{"href":"https:\/\/lapoderosagoods.com\/de\/wp-json\/wp\/v2\/media?parent=20058"}],"wp:term":[{"taxonomy":"product_cat","embeddable":true,"href":"https:\/\/lapoderosagoods.com\/de\/wp-json\/wp\/v2\/product_cat?post=20058"},{"taxonomy":"product_tag","embeddable":true,"href":"https:\/\/lapoderosagoods.com\/de\/wp-json\/wp\/v2\/product_tag?post=20058"}],"curies":[{"name":"wp","href":"https:\/\/api.w.org\/{rel}","templated":true}]}}