{"id":19623,"date":"2024-08-22T08:47:39","date_gmt":"2024-08-22T06:47:40","guid":{"rendered":"https:\/\/lapoderosagoods.com\/?post_type=product&#038;p=19623"},"modified":"2025-07-14T18:26:04","modified_gmt":"2025-07-14T16:26:04","slug":"satteltaschenhalter-indian-scout-2024-satin-black","status":"publish","type":"product","link":"https:\/\/lapoderosagoods.com\/de\/produkt\/satteltaschenhalter-indian-scout-2024-satin-black\/","title":{"rendered":"Satteltaschenhalter Indian Scout  2024 Satin Black"},"content":{"rendered":"<div class=\"product-single__description rte\">\n<p class=\"s3\"><span class=\"s2\">Stahlrahmen in Satin Black Finish f\u00fcr Indian Scout \u00a0 2024 f\u00fcr 2 Satteltaschen (1 auf jeder Seite). \u00a0<\/span><\/p>\n<p class=\"s3\"><span class=\"s2\">Teile entwerfen<\/span><span class=\"s2\">\u00a0<\/span><span class=\"s2\">Tupeln f\u00fcr mich von jedem Modell Indian Scout \u00a02024* auf den Heckrahmen Einschrauben \u00a0 <\/span><span class=\"s2\">von Schrauben. <\/span><\/p>\n<p class=\"s3\"><span class=\"s2\">Ausf\u00fchrung mit hochbest\u00e4ndiger schwarzer Pulverlackierung<\/span><\/p>\n<p class=\"s3\"><span class=\"s2\">Klassic<\/span><span class=\"s2\">\u00a0und minimalistisch, perfekt auch mit der entfernten Seitentasche.<\/span><\/p>\n<p class=\"s3\"><span class=\"s2\">Sehr solide Struktur f\u00fcr Lasten von bis zu 10 kg pro Tasche.<\/span><\/p>\n<p class=\"s3\"><span class=\"s2\">* Kompatibel mit folgenden Modellen (bitte bei der Bestellung genaues Modell und Baujahr angeben)<\/span><\/p>\n<p class=\"s3\"><span class=\"s2\">Indian Scout Bobber 2024<\/span><\/p>\n<p>Indian Scout Classic \u00a02024<\/p>\n<p>Indian 101 Scout<\/p>\n<p>Indian Sport Scout 2024<\/p>\n<p class=\"s3\">\n<\/div>\n","protected":false},"excerpt":{"rendered":"<p>Stahlrahmen in Satin Black Finish f\u00fcr Indian Scout \u00a0 2024 f\u00fcr 2 Satteltaschen (1 auf jeder Seite). \u00a0 Teile entwerfen\u00a0Tupeln f\u00fcr mich von jedem Modell Indian Scout \u00a02024* auf den Heckrahmen Einschrauben \u00a0 von Schrauben. Ausf\u00fchrung mit hochbest\u00e4ndiger schwarzer Pulverlackierung Klassic\u00a0und minimalistisch, perfekt auch mit der entfernten Seitentasche. Sehr solide Struktur f\u00fcr Lasten von bis [&#8230;]\n","protected":false},"featured_media":19547,"comment_status":"closed","ping_status":"closed","template":"","meta":{"spay_email":""},"product_cat":[720,137,96],"product_tag":[899],"yoast_head":"<!-- This site is optimized with the Yoast SEO plugin v16.8 - https:\/\/yoast.com\/wordpress\/plugins\/seo\/ -->\n<title>Satteltaschenhalter Indian Scout 2024 Satin Black - La Poderosa Goods - Satteltaschen, Gep\u00e4ck und Premium-Motorradzubeh\u00f6r<\/title>\n<meta name=\"robots\" content=\"index, follow, max-snippet:-1, max-image-preview:large, max-video-preview:-1\" \/>\n<link rel=\"canonical\" href=\"https:\/\/lapoderosagoods.com\/de\/produkt\/soporte-para-alforjas-indian-scout-2024-negro-satinado\/\" \/>\n<meta property=\"og:locale\" content=\"de_DE\" \/>\n<meta property=\"og:type\" content=\"article\" \/>\n<meta property=\"og:title\" content=\"Satteltaschenhalter Indian Scout 2024 Satin Black - La Poderosa Goods - Satteltaschen, Gep\u00e4ck und Premium-Motorradzubeh\u00f6r\" \/>\n<meta property=\"og:description\" content=\"Stahlrahmen in Satin Black Finish f\u00fcr Indian Scout \u00a0 2024 f\u00fcr 2 Satteltaschen (1 auf jeder Seite). \u00a0 Teile entwerfen\u00a0Tupeln f\u00fcr mich von jedem Modell Indian Scout \u00a02024* auf den Heckrahmen Einschrauben \u00a0 von Schrauben. Ausf\u00fchrung mit hochbest\u00e4ndiger schwarzer Pulverlackierung Klassic\u00a0und minimalistisch, perfekt auch mit der entfernten Seitentasche. Sehr solide Struktur f\u00fcr Lasten von bis [...]\" \/>\n<meta property=\"og:url\" content=\"https:\/\/lapoderosagoods.com\/produkt\/soporte-para-alforjas-indian-scout-2024-negro-satinado\/\" \/>\n<meta property=\"og:site_name\" content=\"La Poderosa Goods - Satteltaschen, Gep\u00e4ck und Premium-Motorradzubeh\u00f6r\" \/>\n<meta property=\"article:modified_time\" content=\"2025-07-14T16:26:04+00:00\" \/>\n<meta property=\"og:image\" content=\"https:\/\/lapoderosagoods.com\/wp-content\/uploads\/2024\/08\/Indian-Scout-2024-rack-RHS-close-view--scaled.jpg\" \/>\n\t<meta property=\"og:image:width\" content=\"2560\" \/>\n\t<meta property=\"og:image:height\" content=\"1920\" \/>\n<meta name=\"twitter:card\" content=\"summary_large_image\" \/>\n<script type=\"application\/ld+json\" class=\"yoast-schema-graph\">{\"@context\":\"https:\/\/schema.org\",\"@graph\":[{\"@type\":\"Organization\",\"@id\":\"https:\/\/lapoderosagoods.com\/#organization\",\"name\":\"La Poderosa Classic Goods\",\"url\":\"https:\/\/lapoderosagoods.com\/\",\"sameAs\":[],\"logo\":{\"@type\":\"ImageObject\",\"@id\":\"https:\/\/lapoderosagoods.com\/#logo\",\"inLanguage\":\"de-DE\",\"url\":\"https:\/\/lapoderosagoods.com\/wp-content\/uploads\/2019\/10\/poderosa.png\",\"contentUrl\":\"https:\/\/lapoderosagoods.com\/wp-content\/uploads\/2019\/10\/poderosa.png\",\"width\":290,\"height\":209,\"caption\":\"La Poderosa Classic Goods\"},\"image\":{\"@id\":\"https:\/\/lapoderosagoods.com\/#logo\"}},{\"@type\":\"WebSite\",\"@id\":\"https:\/\/lapoderosagoods.com\/#website\",\"url\":\"https:\/\/lapoderosagoods.com\/\",\"name\":\"La Poderosa Goods - Satteltaschen, Gep\\u00e4ck und Premium-Motorradzubeh\\u00f6r\",\"description\":\"Gep\\u00e4ck, St\\u00e4nder, Satteltaschen und Zubeh\\u00f6r f\\u00fcr Klassiker, Caf\\u00e9 Racer oder Adventure Bikes. \",\"publisher\":{\"@id\":\"https:\/\/lapoderosagoods.com\/#organization\"},\"potentialAction\":[{\"@type\":\"SearchAction\",\"target\":{\"@type\":\"EntryPoint\",\"urlTemplate\":\"https:\/\/lapoderosagoods.com\/?s={search_term_string}\"},\"query-input\":\"required name=search_term_string\"}],\"inLanguage\":\"de-DE\"},{\"@type\":\"ImageObject\",\"@id\":\"https:\/\/lapoderosagoods.com\/produkt\/soporte-para-alforjas-indian-scout-2024-negro-satinado\/#primaryimage\",\"inLanguage\":\"de-DE\",\"url\":\"https:\/\/lapoderosagoods.com\/wp-content\/uploads\/2024\/08\/Indian-Scout-2024-rack-RHS-close-view--scaled.jpg\",\"contentUrl\":\"https:\/\/lapoderosagoods.com\/wp-content\/uploads\/2024\/08\/Indian-Scout-2024-rack-RHS-close-view--scaled.jpg\",\"width\":2560,\"height\":1920},{\"@type\":\"WebPage\",\"@id\":\"https:\/\/lapoderosagoods.com\/produkt\/soporte-para-alforjas-indian-scout-2024-negro-satinado\/#webpage\",\"url\":\"https:\/\/lapoderosagoods.com\/produkt\/soporte-para-alforjas-indian-scout-2024-negro-satinado\/\",\"name\":\"Satteltaschenhalter Indian Scout 2024 Satin Black - La Poderosa Goods - Satteltaschen, Gep\\u00e4ck und Premium-Motorradzubeh\\u00f6r\",\"isPartOf\":{\"@id\":\"https:\/\/lapoderosagoods.com\/#website\"},\"primaryImageOfPage\":{\"@id\":\"https:\/\/lapoderosagoods.com\/produkt\/soporte-para-alforjas-indian-scout-2024-negro-satinado\/#primaryimage\"},\"datePublished\":\"2024-08-22T06:47:40+00:00\",\"dateModified\":\"2025-07-14T16:26:04+00:00\",\"breadcrumb\":{\"@id\":\"https:\/\/lapoderosagoods.com\/produkt\/soporte-para-alforjas-indian-scout-2024-negro-satinado\/#breadcrumb\"},\"inLanguage\":\"de-DE\",\"potentialAction\":[{\"@type\":\"ReadAction\",\"target\":[\"https:\/\/lapoderosagoods.com\/produkt\/soporte-para-alforjas-indian-scout-2024-negro-satinado\/\"]}]},{\"@type\":\"BreadcrumbList\",\"@id\":\"https:\/\/lapoderosagoods.com\/produkt\/soporte-para-alforjas-indian-scout-2024-negro-satinado\/#breadcrumb\",\"itemListElement\":[{\"@type\":\"ListItem\",\"position\":1,\"name\":\"Portada\",\"item\":\"https:\/\/lapoderosagoods.com\/\"},{\"@type\":\"ListItem\",\"position\":2,\"name\":\"Produkte\",\"item\":\"https:\/\/lapoderosagoods.com\/de\/produkte\/\"},{\"@type\":\"ListItem\",\"position\":3,\"name\":\"Satteltaschenhalter Indian Scout 2024 Satin Black\"}]}]}<\/script>\n<!-- \/ Yoast SEO plugin. -->","yoast_head_json":{"title":"Satteltaschenhalter Indian Scout 2024 Satin Black - La Poderosa Goods - Satteltaschen, Gep\u00e4ck und Premium-Motorradzubeh\u00f6r","robots":{"index":"index","follow":"follow","max-snippet":"max-snippet:-1","max-image-preview":"max-image-preview:large","max-video-preview":"max-video-preview:-1"},"canonical":"https:\/\/lapoderosagoods.com\/de\/produkt\/soporte-para-alforjas-indian-scout-2024-negro-satinado\/","og_locale":"de_DE","og_type":"article","og_title":"Satteltaschenhalter Indian Scout 2024 Satin Black - La Poderosa Goods - Satteltaschen, Gep\u00e4ck und Premium-Motorradzubeh\u00f6r","og_description":"Stahlrahmen in Satin Black Finish f\u00fcr Indian Scout \u00a0 2024 f\u00fcr 2 Satteltaschen (1 auf jeder Seite). \u00a0 Teile entwerfen\u00a0Tupeln f\u00fcr mich von jedem Modell Indian Scout \u00a02024* auf den Heckrahmen Einschrauben \u00a0 von Schrauben. Ausf\u00fchrung mit hochbest\u00e4ndiger schwarzer Pulverlackierung Klassic\u00a0und minimalistisch, perfekt auch mit der entfernten Seitentasche. Sehr solide Struktur f\u00fcr Lasten von bis [...]","og_url":"https:\/\/lapoderosagoods.com\/produkt\/soporte-para-alforjas-indian-scout-2024-negro-satinado\/","og_site_name":"La Poderosa Goods - Satteltaschen, Gep\u00e4ck und Premium-Motorradzubeh\u00f6r","article_modified_time":"2025-07-14T16:26:04+00:00","og_image":[{"width":2560,"height":1920,"url":"https:\/\/lapoderosagoods.com\/wp-content\/uploads\/2024\/08\/Indian-Scout-2024-rack-RHS-close-view--scaled.jpg","path":"\/home\/spainmot\/lapoderosagoods\/wp-content\/uploads\/2024\/08\/Indian-Scout-2024-rack-RHS-close-view--scaled.jpg","size":"full","id":19547,"alt":"","pixels":4915200,"type":"image\/jpeg"}],"twitter_card":"summary_large_image","schema":{"@context":"https:\/\/schema.org","@graph":[{"@type":"Organization","@id":"https:\/\/lapoderosagoods.com\/#organization","name":"La Poderosa Classic Goods","url":"https:\/\/lapoderosagoods.com\/","sameAs":[],"logo":{"@type":"ImageObject","@id":"https:\/\/lapoderosagoods.com\/#logo","inLanguage":"de-DE","url":"https:\/\/lapoderosagoods.com\/wp-content\/uploads\/2019\/10\/poderosa.png","contentUrl":"https:\/\/lapoderosagoods.com\/wp-content\/uploads\/2019\/10\/poderosa.png","width":290,"height":209,"caption":"La Poderosa Classic Goods"},"image":{"@id":"https:\/\/lapoderosagoods.com\/#logo"}},{"@type":"WebSite","@id":"https:\/\/lapoderosagoods.com\/#website","url":"https:\/\/lapoderosagoods.com\/","name":"La Poderosa Goods - Satteltaschen, Gep\u00e4ck und Premium-Motorradzubeh\u00f6r","description":"Gep\u00e4ck, St\u00e4nder, Satteltaschen und Zubeh\u00f6r f\u00fcr Klassiker, Caf\u00e9 Racer oder Adventure Bikes. ","publisher":{"@id":"https:\/\/lapoderosagoods.com\/#organization"},"potentialAction":[{"@type":"SearchAction","target":{"@type":"EntryPoint","urlTemplate":"https:\/\/lapoderosagoods.com\/?s={search_term_string}"},"query-input":"required name=search_term_string"}],"inLanguage":"de-DE"},{"@type":"ImageObject","@id":"https:\/\/lapoderosagoods.com\/produkt\/soporte-para-alforjas-indian-scout-2024-negro-satinado\/#primaryimage","inLanguage":"de-DE","url":"https:\/\/lapoderosagoods.com\/wp-content\/uploads\/2024\/08\/Indian-Scout-2024-rack-RHS-close-view--scaled.jpg","contentUrl":"https:\/\/lapoderosagoods.com\/wp-content\/uploads\/2024\/08\/Indian-Scout-2024-rack-RHS-close-view--scaled.jpg","width":2560,"height":1920},{"@type":"WebPage","@id":"https:\/\/lapoderosagoods.com\/produkt\/soporte-para-alforjas-indian-scout-2024-negro-satinado\/#webpage","url":"https:\/\/lapoderosagoods.com\/produkt\/soporte-para-alforjas-indian-scout-2024-negro-satinado\/","name":"Satteltaschenhalter Indian Scout 2024 Satin Black - La Poderosa Goods - Satteltaschen, Gep\u00e4ck und Premium-Motorradzubeh\u00f6r","isPartOf":{"@id":"https:\/\/lapoderosagoods.com\/#website"},"primaryImageOfPage":{"@id":"https:\/\/lapoderosagoods.com\/produkt\/soporte-para-alforjas-indian-scout-2024-negro-satinado\/#primaryimage"},"datePublished":"2024-08-22T06:47:40+00:00","dateModified":"2025-07-14T16:26:04+00:00","breadcrumb":{"@id":"https:\/\/lapoderosagoods.com\/produkt\/soporte-para-alforjas-indian-scout-2024-negro-satinado\/#breadcrumb"},"inLanguage":"de-DE","potentialAction":[{"@type":"ReadAction","target":["https:\/\/lapoderosagoods.com\/produkt\/soporte-para-alforjas-indian-scout-2024-negro-satinado\/"]}]},{"@type":"BreadcrumbList","@id":"https:\/\/lapoderosagoods.com\/produkt\/soporte-para-alforjas-indian-scout-2024-negro-satinado\/#breadcrumb","itemListElement":[{"@type":"ListItem","position":1,"name":"Portada","item":"https:\/\/lapoderosagoods.com\/"},{"@type":"ListItem","position":2,"name":"Produkte","item":"https:\/\/lapoderosagoods.com\/de\/produkte\/"},{"@type":"ListItem","position":3,"name":"Satteltaschenhalter Indian Scout 2024 Satin Black"}]}]}},"_links":{"self":[{"href":"https:\/\/lapoderosagoods.com\/de\/wp-json\/wp\/v2\/product\/19623"}],"collection":[{"href":"https:\/\/lapoderosagoods.com\/de\/wp-json\/wp\/v2\/product"}],"about":[{"href":"https:\/\/lapoderosagoods.com\/de\/wp-json\/wp\/v2\/types\/product"}],"replies":[{"embeddable":true,"href":"https:\/\/lapoderosagoods.com\/de\/wp-json\/wp\/v2\/comments?post=19623"}],"wp:featuredmedia":[{"embeddable":true,"href":"https:\/\/lapoderosagoods.com\/de\/wp-json\/wp\/v2\/media\/19547"}],"wp:attachment":[{"href":"https:\/\/lapoderosagoods.com\/de\/wp-json\/wp\/v2\/media?parent=19623"}],"wp:term":[{"taxonomy":"product_cat","embeddable":true,"href":"https:\/\/lapoderosagoods.com\/de\/wp-json\/wp\/v2\/product_cat?post=19623"},{"taxonomy":"product_tag","embeddable":true,"href":"https:\/\/lapoderosagoods.com\/de\/wp-json\/wp\/v2\/product_tag?post=19623"}],"curies":[{"name":"wp","href":"https:\/\/api.w.org\/{rel}","templated":true}]}}