{"id":19353,"date":"2024-07-28T17:32:25","date_gmt":"2024-07-28T15:32:26","guid":{"rendered":"https:\/\/lapoderosagoods.com\/?post_type=product&#038;p=19353"},"modified":"2024-07-28T21:29:20","modified_gmt":"2024-07-28T19:29:20","slug":"heckgepacktrager-fur-honda-rebel-500-schwartz","status":"publish","type":"product","link":"https:\/\/lapoderosagoods.com\/de\/produkt\/heckgepacktrager-fur-honda-rebel-500-schwartz\/","title":{"rendered":"Heckgep\u00e4cktr\u00e4ger Schwartz f\u00fcr Honda Rebel 500"},"content":{"rendered":"<p>Stahlgrill in Satin Black Finish zum Aufstecken auf den hinteren Kotfl\u00fcgel eines Honda Rebel 500.<\/p>\n<p>Teil zum Entfernen der R\u00fccksitzbank und zum Anschrauben am Kotfl\u00fcgel eines beliebigen Rebel 500 * Modells mit Schrauben.<\/p>\n<p>Eingebrannte Oberfl\u00e4che mit hochbest\u00e4ndiger Epoxidfarbe.<\/p>\n<p>Klassischer und minimalistischer Stil, perfekt auch ohne Gep\u00e4ck.<\/p>\n<p>Sehr solide Konstruktion f\u00fcr Lasten bis 10 kg.<\/p>\n<p>* Kompatibel mit den folgenden Modellen:<\/p>\n<p>Honda Rebel 500<\/p>\n","protected":false},"excerpt":{"rendered":"<p>Stahlgrill in Satin Black Finish zum Aufstecken auf den hinteren Kotfl\u00fcgel eines Honda Rebel 500. Teil zum Entfernen der R\u00fccksitzbank und zum Anschrauben am Kotfl\u00fcgel eines beliebigen Rebel 500 * Modells mit Schrauben. Eingebrannte Oberfl\u00e4che mit hochbest\u00e4ndiger Epoxidfarbe. Klassischer und minimalistischer Stil, perfekt auch ohne Gep\u00e4ck. Sehr solide Konstruktion f\u00fcr Lasten bis 10 kg. * [&#8230;]\n","protected":false},"featured_media":19254,"comment_status":"closed","ping_status":"closed","template":"","meta":{"spay_email":""},"product_cat":[540,714],"product_tag":[272],"yoast_head":"<!-- This site is optimized with the Yoast SEO plugin v16.8 - https:\/\/yoast.com\/wordpress\/plugins\/seo\/ -->\n<title>Heckgep\u00e4cktr\u00e4ger Schwartz f\u00fcr Honda Rebel 500 - La Poderosa Goods - Satteltaschen, Gep\u00e4ck und Premium-Motorradzubeh\u00f6r<\/title>\n<meta name=\"robots\" content=\"index, follow, max-snippet:-1, max-image-preview:large, max-video-preview:-1\" \/>\n<link rel=\"canonical\" href=\"https:\/\/lapoderosagoods.com\/de\/produkt\/parrilla-trasera-honda-rebel-500-negro-satinado\/\" \/>\n<meta property=\"og:locale\" content=\"de_DE\" \/>\n<meta property=\"og:type\" content=\"article\" \/>\n<meta property=\"og:title\" content=\"Heckgep\u00e4cktr\u00e4ger Schwartz f\u00fcr Honda Rebel 500 - La Poderosa Goods - Satteltaschen, Gep\u00e4ck und Premium-Motorradzubeh\u00f6r\" \/>\n<meta property=\"og:description\" content=\"Stahlgrill in Satin Black Finish zum Aufstecken auf den hinteren Kotfl\u00fcgel eines Honda Rebel 500. Teil zum Entfernen der R\u00fccksitzbank und zum Anschrauben am Kotfl\u00fcgel eines beliebigen Rebel 500 * Modells mit Schrauben. Eingebrannte Oberfl\u00e4che mit hochbest\u00e4ndiger Epoxidfarbe. Klassischer und minimalistischer Stil, perfekt auch ohne Gep\u00e4ck. Sehr solide Konstruktion f\u00fcr Lasten bis 10 kg. * [...]\" \/>\n<meta property=\"og:url\" content=\"https:\/\/lapoderosagoods.com\/produkt\/parrilla-trasera-honda-rebel-500-negro-satinado\/\" \/>\n<meta property=\"og:site_name\" content=\"La Poderosa Goods - Satteltaschen, Gep\u00e4ck und Premium-Motorradzubeh\u00f6r\" \/>\n<meta property=\"article:modified_time\" content=\"2024-07-28T19:29:20+00:00\" \/>\n<meta property=\"og:image\" content=\"https:\/\/lapoderosagoods.com\/wp-content\/uploads\/2021\/06\/Honda-Rebel-500-full-set-top-view--scaled.jpg\" \/>\n\t<meta property=\"og:image:width\" content=\"1920\" \/>\n\t<meta property=\"og:image:height\" content=\"2560\" \/>\n<meta name=\"twitter:card\" content=\"summary_large_image\" \/>\n<script type=\"application\/ld+json\" class=\"yoast-schema-graph\">{\"@context\":\"https:\/\/schema.org\",\"@graph\":[{\"@type\":\"Organization\",\"@id\":\"https:\/\/lapoderosagoods.com\/#organization\",\"name\":\"La Poderosa Classic Goods\",\"url\":\"https:\/\/lapoderosagoods.com\/\",\"sameAs\":[],\"logo\":{\"@type\":\"ImageObject\",\"@id\":\"https:\/\/lapoderosagoods.com\/#logo\",\"inLanguage\":\"de-DE\",\"url\":\"https:\/\/lapoderosagoods.com\/wp-content\/uploads\/2019\/10\/poderosa.png\",\"contentUrl\":\"https:\/\/lapoderosagoods.com\/wp-content\/uploads\/2019\/10\/poderosa.png\",\"width\":290,\"height\":209,\"caption\":\"La Poderosa Classic Goods\"},\"image\":{\"@id\":\"https:\/\/lapoderosagoods.com\/#logo\"}},{\"@type\":\"WebSite\",\"@id\":\"https:\/\/lapoderosagoods.com\/#website\",\"url\":\"https:\/\/lapoderosagoods.com\/\",\"name\":\"La Poderosa Goods - Satteltaschen, Gep\\u00e4ck und Premium-Motorradzubeh\\u00f6r\",\"description\":\"Gep\\u00e4ck, St\\u00e4nder, Satteltaschen und Zubeh\\u00f6r f\\u00fcr Klassiker, Caf\\u00e9 Racer oder Adventure Bikes. \",\"publisher\":{\"@id\":\"https:\/\/lapoderosagoods.com\/#organization\"},\"potentialAction\":[{\"@type\":\"SearchAction\",\"target\":{\"@type\":\"EntryPoint\",\"urlTemplate\":\"https:\/\/lapoderosagoods.com\/?s={search_term_string}\"},\"query-input\":\"required name=search_term_string\"}],\"inLanguage\":\"de-DE\"},{\"@type\":\"ImageObject\",\"@id\":\"https:\/\/lapoderosagoods.com\/produkt\/parrilla-trasera-honda-rebel-500-negro-satinado\/#primaryimage\",\"inLanguage\":\"de-DE\",\"url\":\"https:\/\/lapoderosagoods.com\/wp-content\/uploads\/2021\/06\/Honda-Rebel-500-full-set-top-view--scaled.jpg\",\"contentUrl\":\"https:\/\/lapoderosagoods.com\/wp-content\/uploads\/2021\/06\/Honda-Rebel-500-full-set-top-view--scaled.jpg\",\"width\":1920,\"height\":2560},{\"@type\":\"WebPage\",\"@id\":\"https:\/\/lapoderosagoods.com\/produkt\/parrilla-trasera-honda-rebel-500-negro-satinado\/#webpage\",\"url\":\"https:\/\/lapoderosagoods.com\/produkt\/parrilla-trasera-honda-rebel-500-negro-satinado\/\",\"name\":\"Heckgep\\u00e4cktr\\u00e4ger Schwartz f\\u00fcr Honda Rebel 500 - La Poderosa Goods - Satteltaschen, Gep\\u00e4ck und Premium-Motorradzubeh\\u00f6r\",\"isPartOf\":{\"@id\":\"https:\/\/lapoderosagoods.com\/#website\"},\"primaryImageOfPage\":{\"@id\":\"https:\/\/lapoderosagoods.com\/produkt\/parrilla-trasera-honda-rebel-500-negro-satinado\/#primaryimage\"},\"datePublished\":\"2024-07-28T15:32:26+00:00\",\"dateModified\":\"2024-07-28T19:29:20+00:00\",\"breadcrumb\":{\"@id\":\"https:\/\/lapoderosagoods.com\/produkt\/parrilla-trasera-honda-rebel-500-negro-satinado\/#breadcrumb\"},\"inLanguage\":\"de-DE\",\"potentialAction\":[{\"@type\":\"ReadAction\",\"target\":[\"https:\/\/lapoderosagoods.com\/produkt\/parrilla-trasera-honda-rebel-500-negro-satinado\/\"]}]},{\"@type\":\"BreadcrumbList\",\"@id\":\"https:\/\/lapoderosagoods.com\/produkt\/parrilla-trasera-honda-rebel-500-negro-satinado\/#breadcrumb\",\"itemListElement\":[{\"@type\":\"ListItem\",\"position\":1,\"name\":\"Portada\",\"item\":\"https:\/\/lapoderosagoods.com\/\"},{\"@type\":\"ListItem\",\"position\":2,\"name\":\"Produkte\",\"item\":\"https:\/\/lapoderosagoods.com\/de\/produkte\/\"},{\"@type\":\"ListItem\",\"position\":3,\"name\":\"Heckgep\\u00e4cktr\\u00e4ger Schwartz f\\u00fcr Honda Rebel 500\"}]}]}<\/script>\n<!-- \/ Yoast SEO plugin. -->","yoast_head_json":{"title":"Heckgep\u00e4cktr\u00e4ger Schwartz f\u00fcr Honda Rebel 500 - La Poderosa Goods - Satteltaschen, Gep\u00e4ck und Premium-Motorradzubeh\u00f6r","robots":{"index":"index","follow":"follow","max-snippet":"max-snippet:-1","max-image-preview":"max-image-preview:large","max-video-preview":"max-video-preview:-1"},"canonical":"https:\/\/lapoderosagoods.com\/de\/produkt\/parrilla-trasera-honda-rebel-500-negro-satinado\/","og_locale":"de_DE","og_type":"article","og_title":"Heckgep\u00e4cktr\u00e4ger Schwartz f\u00fcr Honda Rebel 500 - La Poderosa Goods - Satteltaschen, Gep\u00e4ck und Premium-Motorradzubeh\u00f6r","og_description":"Stahlgrill in Satin Black Finish zum Aufstecken auf den hinteren Kotfl\u00fcgel eines Honda Rebel 500. Teil zum Entfernen der R\u00fccksitzbank und zum Anschrauben am Kotfl\u00fcgel eines beliebigen Rebel 500 * Modells mit Schrauben. Eingebrannte Oberfl\u00e4che mit hochbest\u00e4ndiger Epoxidfarbe. Klassischer und minimalistischer Stil, perfekt auch ohne Gep\u00e4ck. Sehr solide Konstruktion f\u00fcr Lasten bis 10 kg. * [...]","og_url":"https:\/\/lapoderosagoods.com\/produkt\/parrilla-trasera-honda-rebel-500-negro-satinado\/","og_site_name":"La Poderosa Goods - Satteltaschen, Gep\u00e4ck und Premium-Motorradzubeh\u00f6r","article_modified_time":"2024-07-28T19:29:20+00:00","og_image":[{"width":1920,"height":2560,"url":"https:\/\/lapoderosagoods.com\/wp-content\/uploads\/2021\/06\/Honda-Rebel-500-full-set-top-view--scaled.jpg","path":"\/home\/spainmot\/lapoderosagoods\/wp-content\/uploads\/2021\/06\/Honda-Rebel-500-full-set-top-view--scaled.jpg","size":"full","id":19254,"alt":"","pixels":4915200,"type":"image\/jpeg"}],"twitter_card":"summary_large_image","schema":{"@context":"https:\/\/schema.org","@graph":[{"@type":"Organization","@id":"https:\/\/lapoderosagoods.com\/#organization","name":"La Poderosa Classic Goods","url":"https:\/\/lapoderosagoods.com\/","sameAs":[],"logo":{"@type":"ImageObject","@id":"https:\/\/lapoderosagoods.com\/#logo","inLanguage":"de-DE","url":"https:\/\/lapoderosagoods.com\/wp-content\/uploads\/2019\/10\/poderosa.png","contentUrl":"https:\/\/lapoderosagoods.com\/wp-content\/uploads\/2019\/10\/poderosa.png","width":290,"height":209,"caption":"La Poderosa Classic Goods"},"image":{"@id":"https:\/\/lapoderosagoods.com\/#logo"}},{"@type":"WebSite","@id":"https:\/\/lapoderosagoods.com\/#website","url":"https:\/\/lapoderosagoods.com\/","name":"La Poderosa Goods - Satteltaschen, Gep\u00e4ck und Premium-Motorradzubeh\u00f6r","description":"Gep\u00e4ck, St\u00e4nder, Satteltaschen und Zubeh\u00f6r f\u00fcr Klassiker, Caf\u00e9 Racer oder Adventure Bikes. ","publisher":{"@id":"https:\/\/lapoderosagoods.com\/#organization"},"potentialAction":[{"@type":"SearchAction","target":{"@type":"EntryPoint","urlTemplate":"https:\/\/lapoderosagoods.com\/?s={search_term_string}"},"query-input":"required name=search_term_string"}],"inLanguage":"de-DE"},{"@type":"ImageObject","@id":"https:\/\/lapoderosagoods.com\/produkt\/parrilla-trasera-honda-rebel-500-negro-satinado\/#primaryimage","inLanguage":"de-DE","url":"https:\/\/lapoderosagoods.com\/wp-content\/uploads\/2021\/06\/Honda-Rebel-500-full-set-top-view--scaled.jpg","contentUrl":"https:\/\/lapoderosagoods.com\/wp-content\/uploads\/2021\/06\/Honda-Rebel-500-full-set-top-view--scaled.jpg","width":1920,"height":2560},{"@type":"WebPage","@id":"https:\/\/lapoderosagoods.com\/produkt\/parrilla-trasera-honda-rebel-500-negro-satinado\/#webpage","url":"https:\/\/lapoderosagoods.com\/produkt\/parrilla-trasera-honda-rebel-500-negro-satinado\/","name":"Heckgep\u00e4cktr\u00e4ger Schwartz f\u00fcr Honda Rebel 500 - La Poderosa Goods - Satteltaschen, Gep\u00e4ck und Premium-Motorradzubeh\u00f6r","isPartOf":{"@id":"https:\/\/lapoderosagoods.com\/#website"},"primaryImageOfPage":{"@id":"https:\/\/lapoderosagoods.com\/produkt\/parrilla-trasera-honda-rebel-500-negro-satinado\/#primaryimage"},"datePublished":"2024-07-28T15:32:26+00:00","dateModified":"2024-07-28T19:29:20+00:00","breadcrumb":{"@id":"https:\/\/lapoderosagoods.com\/produkt\/parrilla-trasera-honda-rebel-500-negro-satinado\/#breadcrumb"},"inLanguage":"de-DE","potentialAction":[{"@type":"ReadAction","target":["https:\/\/lapoderosagoods.com\/produkt\/parrilla-trasera-honda-rebel-500-negro-satinado\/"]}]},{"@type":"BreadcrumbList","@id":"https:\/\/lapoderosagoods.com\/produkt\/parrilla-trasera-honda-rebel-500-negro-satinado\/#breadcrumb","itemListElement":[{"@type":"ListItem","position":1,"name":"Portada","item":"https:\/\/lapoderosagoods.com\/"},{"@type":"ListItem","position":2,"name":"Produkte","item":"https:\/\/lapoderosagoods.com\/de\/produkte\/"},{"@type":"ListItem","position":3,"name":"Heckgep\u00e4cktr\u00e4ger Schwartz f\u00fcr Honda Rebel 500"}]}]}},"_links":{"self":[{"href":"https:\/\/lapoderosagoods.com\/de\/wp-json\/wp\/v2\/product\/19353"}],"collection":[{"href":"https:\/\/lapoderosagoods.com\/de\/wp-json\/wp\/v2\/product"}],"about":[{"href":"https:\/\/lapoderosagoods.com\/de\/wp-json\/wp\/v2\/types\/product"}],"replies":[{"embeddable":true,"href":"https:\/\/lapoderosagoods.com\/de\/wp-json\/wp\/v2\/comments?post=19353"}],"wp:featuredmedia":[{"embeddable":true,"href":"https:\/\/lapoderosagoods.com\/de\/wp-json\/wp\/v2\/media\/19254"}],"wp:attachment":[{"href":"https:\/\/lapoderosagoods.com\/de\/wp-json\/wp\/v2\/media?parent=19353"}],"wp:term":[{"taxonomy":"product_cat","embeddable":true,"href":"https:\/\/lapoderosagoods.com\/de\/wp-json\/wp\/v2\/product_cat?post=19353"},{"taxonomy":"product_tag","embeddable":true,"href":"https:\/\/lapoderosagoods.com\/de\/wp-json\/wp\/v2\/product_tag?post=19353"}],"curies":[{"name":"wp","href":"https:\/\/api.w.org\/{rel}","templated":true}]}}