{"id":18431,"date":"2024-03-24T14:41:40","date_gmt":"2024-03-24T12:41:41","guid":{"rendered":"https:\/\/lapoderosagoods.com\/?post_type=product&#038;p=18431"},"modified":"2024-03-25T09:15:02","modified_gmt":"2024-03-25T07:15:02","slug":"kompletter-satz-heckgepacktrager-und-doppeltrager-fur-triumph-bonneville-satteltaschen-beidseitig","status":"publish","type":"product","link":"https:\/\/lapoderosagoods.com\/de\/produkt\/kompletter-satz-heckgepacktrager-und-doppeltrager-fur-triumph-bonneville-satteltaschen-beidseitig\/","title":{"rendered":"Kompletter Satz Heckgep\u00e4cktr\u00e4ger und Doppeltr\u00e4ger f\u00fcr Triumph Bonneville Satteltaschen (beidseitig)."},"content":{"rendered":"<p>Kompletter Satz Heckgep\u00e4cktr\u00e4ger und Doppeltr\u00e4ger f\u00fcr Satteltaschen (beidseitig).<\/p>\n<p>Stahlrahmen in satinschwarzer Ausf\u00fchrung passend f\u00fcr Gep\u00e4ck und Satteltaschen.<\/p>\n<p>Teil zum Einbau in den Heckrahmen jedes Modells Triumph Bonneville *.<\/p>\n<p>Hochwertige Pulverbeschichtung in Satinschwarz<\/p>\n<p>Einfach und minimalistisch, perfekt auch ohne Gep\u00e4ck.<\/p>\n<p>Robust und leicht, mit weniger als 4,3 kg Gesamtgewicht.<\/p>\n<p>Sehr solide Konstruktion f\u00fcr Belastungen bis 8kg.<\/p>\n<p>* Kompatibel mit den folgenden Modellen:<\/p>\n<p>Triumph Bonneville<\/p>\n<p>Triumph Bonneville T100<\/p>\n<p>Triumph Bonneville T120 ( ohne hinteren Beifahrergriff )<\/p>\n<p>&nbsp;<\/p>\n","protected":false},"excerpt":{"rendered":"<p>Kompletter Satz Heckgep\u00e4cktr\u00e4ger und Doppeltr\u00e4ger f\u00fcr Satteltaschen (beidseitig). Stahlrahmen in satinschwarzer Ausf\u00fchrung passend f\u00fcr Gep\u00e4ck und Satteltaschen. Teil zum Einbau in den Heckrahmen jedes Modells Triumph Bonneville *. Hochwertige Pulverbeschichtung in Satinschwarz Einfach und minimalistisch, perfekt auch ohne Gep\u00e4ck. Robust und leicht, mit weniger als 4,3 kg Gesamtgewicht. Sehr solide Konstruktion f\u00fcr Belastungen bis 8kg. [&#8230;]\n","protected":false},"featured_media":18408,"comment_status":"closed","ping_status":"closed","template":"","meta":{"spay_email":""},"product_cat":[540,96,735,149],"product_tag":[302,613,620],"yoast_head":"<!-- This site is optimized with the Yoast SEO plugin v16.8 - https:\/\/yoast.com\/wordpress\/plugins\/seo\/ -->\n<title>Kompletter Satz Heckgep\u00e4cktr\u00e4ger und Doppeltr\u00e4ger f\u00fcr Triumph Bonneville Satteltaschen (beidseitig). - La Poderosa Goods - Satteltaschen, Gep\u00e4ck und Premium-Motorradzubeh\u00f6r<\/title>\n<meta name=\"robots\" content=\"index, follow, max-snippet:-1, max-image-preview:large, max-video-preview:-1\" \/>\n<link rel=\"canonical\" href=\"https:\/\/lapoderosagoods.com\/de\/produkt\/set-de-portaequipajes-trasero-y-soporte-de-alforjas-para-triumph-bonneville-negro-satinado\/\" \/>\n<meta property=\"og:locale\" content=\"de_DE\" \/>\n<meta property=\"og:type\" content=\"article\" \/>\n<meta property=\"og:title\" content=\"Kompletter Satz Heckgep\u00e4cktr\u00e4ger und Doppeltr\u00e4ger f\u00fcr Triumph Bonneville Satteltaschen (beidseitig). - La Poderosa Goods - Satteltaschen, Gep\u00e4ck und Premium-Motorradzubeh\u00f6r\" \/>\n<meta property=\"og:description\" content=\"Kompletter Satz Heckgep\u00e4cktr\u00e4ger und Doppeltr\u00e4ger f\u00fcr Satteltaschen (beidseitig). Stahlrahmen in satinschwarzer Ausf\u00fchrung passend f\u00fcr Gep\u00e4ck und Satteltaschen. Teil zum Einbau in den Heckrahmen jedes Modells Triumph Bonneville *. Hochwertige Pulverbeschichtung in Satinschwarz Einfach und minimalistisch, perfekt auch ohne Gep\u00e4ck. Robust und leicht, mit weniger als 4,3 kg Gesamtgewicht. Sehr solide Konstruktion f\u00fcr Belastungen bis 8kg. [...]\" \/>\n<meta property=\"og:url\" content=\"https:\/\/lapoderosagoods.com\/produkt\/set-de-portaequipajes-trasero-y-soporte-de-alforjas-para-triumph-bonneville-negro-satinado\/\" \/>\n<meta property=\"og:site_name\" content=\"La Poderosa Goods - Satteltaschen, Gep\u00e4ck und Premium-Motorradzubeh\u00f6r\" \/>\n<meta property=\"article:modified_time\" content=\"2024-03-25T07:15:02+00:00\" \/>\n<meta property=\"og:image\" content=\"https:\/\/lapoderosagoods.com\/wp-content\/uploads\/2021\/06\/Full-set-black-Bonneville-close-view--scaled.jpg\" \/>\n\t<meta property=\"og:image:width\" content=\"2560\" \/>\n\t<meta property=\"og:image:height\" content=\"1920\" \/>\n<meta name=\"twitter:card\" content=\"summary_large_image\" \/>\n<script type=\"application\/ld+json\" class=\"yoast-schema-graph\">{\"@context\":\"https:\/\/schema.org\",\"@graph\":[{\"@type\":\"Organization\",\"@id\":\"https:\/\/lapoderosagoods.com\/#organization\",\"name\":\"La Poderosa Classic Goods\",\"url\":\"https:\/\/lapoderosagoods.com\/\",\"sameAs\":[],\"logo\":{\"@type\":\"ImageObject\",\"@id\":\"https:\/\/lapoderosagoods.com\/#logo\",\"inLanguage\":\"de-DE\",\"url\":\"https:\/\/lapoderosagoods.com\/wp-content\/uploads\/2019\/10\/poderosa.png\",\"contentUrl\":\"https:\/\/lapoderosagoods.com\/wp-content\/uploads\/2019\/10\/poderosa.png\",\"width\":290,\"height\":209,\"caption\":\"La Poderosa Classic Goods\"},\"image\":{\"@id\":\"https:\/\/lapoderosagoods.com\/#logo\"}},{\"@type\":\"WebSite\",\"@id\":\"https:\/\/lapoderosagoods.com\/#website\",\"url\":\"https:\/\/lapoderosagoods.com\/\",\"name\":\"La Poderosa Goods - Satteltaschen, Gep\\u00e4ck und Premium-Motorradzubeh\\u00f6r\",\"description\":\"Gep\\u00e4ck, St\\u00e4nder, Satteltaschen und Zubeh\\u00f6r f\\u00fcr Klassiker, Caf\\u00e9 Racer oder Adventure Bikes. \",\"publisher\":{\"@id\":\"https:\/\/lapoderosagoods.com\/#organization\"},\"potentialAction\":[{\"@type\":\"SearchAction\",\"target\":{\"@type\":\"EntryPoint\",\"urlTemplate\":\"https:\/\/lapoderosagoods.com\/?s={search_term_string}\"},\"query-input\":\"required name=search_term_string\"}],\"inLanguage\":\"de-DE\"},{\"@type\":\"ImageObject\",\"@id\":\"https:\/\/lapoderosagoods.com\/produkt\/set-de-portaequipajes-trasero-y-soporte-de-alforjas-para-triumph-bonneville-negro-satinado\/#primaryimage\",\"inLanguage\":\"de-DE\",\"url\":\"https:\/\/lapoderosagoods.com\/wp-content\/uploads\/2021\/06\/Full-set-black-Bonneville-close-view--scaled.jpg\",\"contentUrl\":\"https:\/\/lapoderosagoods.com\/wp-content\/uploads\/2021\/06\/Full-set-black-Bonneville-close-view--scaled.jpg\",\"width\":2560,\"height\":1920},{\"@type\":\"WebPage\",\"@id\":\"https:\/\/lapoderosagoods.com\/produkt\/set-de-portaequipajes-trasero-y-soporte-de-alforjas-para-triumph-bonneville-negro-satinado\/#webpage\",\"url\":\"https:\/\/lapoderosagoods.com\/produkt\/set-de-portaequipajes-trasero-y-soporte-de-alforjas-para-triumph-bonneville-negro-satinado\/\",\"name\":\"Kompletter Satz Heckgep\\u00e4cktr\\u00e4ger und Doppeltr\\u00e4ger f\\u00fcr Triumph Bonneville Satteltaschen (beidseitig). - La Poderosa Goods - Satteltaschen, Gep\\u00e4ck und Premium-Motorradzubeh\\u00f6r\",\"isPartOf\":{\"@id\":\"https:\/\/lapoderosagoods.com\/#website\"},\"primaryImageOfPage\":{\"@id\":\"https:\/\/lapoderosagoods.com\/produkt\/set-de-portaequipajes-trasero-y-soporte-de-alforjas-para-triumph-bonneville-negro-satinado\/#primaryimage\"},\"datePublished\":\"2024-03-24T12:41:41+00:00\",\"dateModified\":\"2024-03-25T07:15:02+00:00\",\"breadcrumb\":{\"@id\":\"https:\/\/lapoderosagoods.com\/produkt\/set-de-portaequipajes-trasero-y-soporte-de-alforjas-para-triumph-bonneville-negro-satinado\/#breadcrumb\"},\"inLanguage\":\"de-DE\",\"potentialAction\":[{\"@type\":\"ReadAction\",\"target\":[\"https:\/\/lapoderosagoods.com\/produkt\/set-de-portaequipajes-trasero-y-soporte-de-alforjas-para-triumph-bonneville-negro-satinado\/\"]}]},{\"@type\":\"BreadcrumbList\",\"@id\":\"https:\/\/lapoderosagoods.com\/produkt\/set-de-portaequipajes-trasero-y-soporte-de-alforjas-para-triumph-bonneville-negro-satinado\/#breadcrumb\",\"itemListElement\":[{\"@type\":\"ListItem\",\"position\":1,\"name\":\"Portada\",\"item\":\"https:\/\/lapoderosagoods.com\/\"},{\"@type\":\"ListItem\",\"position\":2,\"name\":\"Produkte\",\"item\":\"https:\/\/lapoderosagoods.com\/de\/produkte\/\"},{\"@type\":\"ListItem\",\"position\":3,\"name\":\"Kompletter Satz Heckgep\\u00e4cktr\\u00e4ger und Doppeltr\\u00e4ger f\\u00fcr Triumph Bonneville Satteltaschen (beidseitig).\"}]}]}<\/script>\n<!-- \/ Yoast SEO plugin. -->","yoast_head_json":{"title":"Kompletter Satz Heckgep\u00e4cktr\u00e4ger und Doppeltr\u00e4ger f\u00fcr Triumph Bonneville Satteltaschen (beidseitig). - La Poderosa Goods - Satteltaschen, Gep\u00e4ck und Premium-Motorradzubeh\u00f6r","robots":{"index":"index","follow":"follow","max-snippet":"max-snippet:-1","max-image-preview":"max-image-preview:large","max-video-preview":"max-video-preview:-1"},"canonical":"https:\/\/lapoderosagoods.com\/de\/produkt\/set-de-portaequipajes-trasero-y-soporte-de-alforjas-para-triumph-bonneville-negro-satinado\/","og_locale":"de_DE","og_type":"article","og_title":"Kompletter Satz Heckgep\u00e4cktr\u00e4ger und Doppeltr\u00e4ger f\u00fcr Triumph Bonneville Satteltaschen (beidseitig). - La Poderosa Goods - Satteltaschen, Gep\u00e4ck und Premium-Motorradzubeh\u00f6r","og_description":"Kompletter Satz Heckgep\u00e4cktr\u00e4ger und Doppeltr\u00e4ger f\u00fcr Satteltaschen (beidseitig). Stahlrahmen in satinschwarzer Ausf\u00fchrung passend f\u00fcr Gep\u00e4ck und Satteltaschen. Teil zum Einbau in den Heckrahmen jedes Modells Triumph Bonneville *. Hochwertige Pulverbeschichtung in Satinschwarz Einfach und minimalistisch, perfekt auch ohne Gep\u00e4ck. Robust und leicht, mit weniger als 4,3 kg Gesamtgewicht. Sehr solide Konstruktion f\u00fcr Belastungen bis 8kg. [...]","og_url":"https:\/\/lapoderosagoods.com\/produkt\/set-de-portaequipajes-trasero-y-soporte-de-alforjas-para-triumph-bonneville-negro-satinado\/","og_site_name":"La Poderosa Goods - Satteltaschen, Gep\u00e4ck und Premium-Motorradzubeh\u00f6r","article_modified_time":"2024-03-25T07:15:02+00:00","og_image":[{"width":2560,"height":1920,"url":"https:\/\/lapoderosagoods.com\/wp-content\/uploads\/2021\/06\/Full-set-black-Bonneville-close-view--scaled.jpg","path":"\/home\/spainmot\/lapoderosagoods\/wp-content\/uploads\/2021\/06\/Full-set-black-Bonneville-close-view--scaled.jpg","size":"full","id":18408,"alt":"","pixels":4915200,"type":"image\/jpeg"}],"twitter_card":"summary_large_image","schema":{"@context":"https:\/\/schema.org","@graph":[{"@type":"Organization","@id":"https:\/\/lapoderosagoods.com\/#organization","name":"La Poderosa Classic Goods","url":"https:\/\/lapoderosagoods.com\/","sameAs":[],"logo":{"@type":"ImageObject","@id":"https:\/\/lapoderosagoods.com\/#logo","inLanguage":"de-DE","url":"https:\/\/lapoderosagoods.com\/wp-content\/uploads\/2019\/10\/poderosa.png","contentUrl":"https:\/\/lapoderosagoods.com\/wp-content\/uploads\/2019\/10\/poderosa.png","width":290,"height":209,"caption":"La Poderosa Classic Goods"},"image":{"@id":"https:\/\/lapoderosagoods.com\/#logo"}},{"@type":"WebSite","@id":"https:\/\/lapoderosagoods.com\/#website","url":"https:\/\/lapoderosagoods.com\/","name":"La Poderosa Goods - Satteltaschen, Gep\u00e4ck und Premium-Motorradzubeh\u00f6r","description":"Gep\u00e4ck, St\u00e4nder, Satteltaschen und Zubeh\u00f6r f\u00fcr Klassiker, Caf\u00e9 Racer oder Adventure Bikes. ","publisher":{"@id":"https:\/\/lapoderosagoods.com\/#organization"},"potentialAction":[{"@type":"SearchAction","target":{"@type":"EntryPoint","urlTemplate":"https:\/\/lapoderosagoods.com\/?s={search_term_string}"},"query-input":"required name=search_term_string"}],"inLanguage":"de-DE"},{"@type":"ImageObject","@id":"https:\/\/lapoderosagoods.com\/produkt\/set-de-portaequipajes-trasero-y-soporte-de-alforjas-para-triumph-bonneville-negro-satinado\/#primaryimage","inLanguage":"de-DE","url":"https:\/\/lapoderosagoods.com\/wp-content\/uploads\/2021\/06\/Full-set-black-Bonneville-close-view--scaled.jpg","contentUrl":"https:\/\/lapoderosagoods.com\/wp-content\/uploads\/2021\/06\/Full-set-black-Bonneville-close-view--scaled.jpg","width":2560,"height":1920},{"@type":"WebPage","@id":"https:\/\/lapoderosagoods.com\/produkt\/set-de-portaequipajes-trasero-y-soporte-de-alforjas-para-triumph-bonneville-negro-satinado\/#webpage","url":"https:\/\/lapoderosagoods.com\/produkt\/set-de-portaequipajes-trasero-y-soporte-de-alforjas-para-triumph-bonneville-negro-satinado\/","name":"Kompletter Satz Heckgep\u00e4cktr\u00e4ger und Doppeltr\u00e4ger f\u00fcr Triumph Bonneville Satteltaschen (beidseitig). - La Poderosa Goods - Satteltaschen, Gep\u00e4ck und Premium-Motorradzubeh\u00f6r","isPartOf":{"@id":"https:\/\/lapoderosagoods.com\/#website"},"primaryImageOfPage":{"@id":"https:\/\/lapoderosagoods.com\/produkt\/set-de-portaequipajes-trasero-y-soporte-de-alforjas-para-triumph-bonneville-negro-satinado\/#primaryimage"},"datePublished":"2024-03-24T12:41:41+00:00","dateModified":"2024-03-25T07:15:02+00:00","breadcrumb":{"@id":"https:\/\/lapoderosagoods.com\/produkt\/set-de-portaequipajes-trasero-y-soporte-de-alforjas-para-triumph-bonneville-negro-satinado\/#breadcrumb"},"inLanguage":"de-DE","potentialAction":[{"@type":"ReadAction","target":["https:\/\/lapoderosagoods.com\/produkt\/set-de-portaequipajes-trasero-y-soporte-de-alforjas-para-triumph-bonneville-negro-satinado\/"]}]},{"@type":"BreadcrumbList","@id":"https:\/\/lapoderosagoods.com\/produkt\/set-de-portaequipajes-trasero-y-soporte-de-alforjas-para-triumph-bonneville-negro-satinado\/#breadcrumb","itemListElement":[{"@type":"ListItem","position":1,"name":"Portada","item":"https:\/\/lapoderosagoods.com\/"},{"@type":"ListItem","position":2,"name":"Produkte","item":"https:\/\/lapoderosagoods.com\/de\/produkte\/"},{"@type":"ListItem","position":3,"name":"Kompletter Satz Heckgep\u00e4cktr\u00e4ger und Doppeltr\u00e4ger f\u00fcr Triumph Bonneville Satteltaschen (beidseitig)."}]}]}},"_links":{"self":[{"href":"https:\/\/lapoderosagoods.com\/de\/wp-json\/wp\/v2\/product\/18431"}],"collection":[{"href":"https:\/\/lapoderosagoods.com\/de\/wp-json\/wp\/v2\/product"}],"about":[{"href":"https:\/\/lapoderosagoods.com\/de\/wp-json\/wp\/v2\/types\/product"}],"replies":[{"embeddable":true,"href":"https:\/\/lapoderosagoods.com\/de\/wp-json\/wp\/v2\/comments?post=18431"}],"wp:featuredmedia":[{"embeddable":true,"href":"https:\/\/lapoderosagoods.com\/de\/wp-json\/wp\/v2\/media\/18408"}],"wp:attachment":[{"href":"https:\/\/lapoderosagoods.com\/de\/wp-json\/wp\/v2\/media?parent=18431"}],"wp:term":[{"taxonomy":"product_cat","embeddable":true,"href":"https:\/\/lapoderosagoods.com\/de\/wp-json\/wp\/v2\/product_cat?post=18431"},{"taxonomy":"product_tag","embeddable":true,"href":"https:\/\/lapoderosagoods.com\/de\/wp-json\/wp\/v2\/product_tag?post=18431"}],"curies":[{"name":"wp","href":"https:\/\/api.w.org\/{rel}","templated":true}]}}