{"id":17699,"date":"2023-12-16T11:15:33","date_gmt":"2023-12-16T09:15:33","guid":{"rendered":"https:\/\/lapoderosagoods.com\/?post_type=product&#038;p=17699"},"modified":"2024-12-15T08:10:23","modified_gmt":"2024-12-15T07:10:23","slug":"gepackbrucke-chrom-fur-bsa-goldstar-650","status":"publish","type":"product","link":"https:\/\/lapoderosagoods.com\/de\/produkt\/gepackbrucke-chrom-fur-bsa-goldstar-650\/","title":{"rendered":"Gep\u00e4ckbr\u00fccke Chrom f\u00fcr BSA Goldstar 650"},"content":{"rendered":"<p>Stahlrahmen in Chrom-finish, passend f\u00fcr Gep\u00e4ck.<\/p>\n<p>Teil zum Einbau in den Heckrahmen jedes Modells BSA Goldstar 650 *.<\/p>\n<p>Hochbes\u00e4ndiges verchromtes finish<\/p>\n<p>Einfach und minimalistisch, perfekt auch ohne Gep\u00e4ck.<\/p>\n<p>Sehr solide Konstruktion f\u00fcr Belastungen bis 8kg.<\/p>\n<p>Kompatibel mit unserenHecktaschen mit Klickfix-sysyem.<\/p>\n<p>Kompatibel mit unseren Kofferhalterungen<\/p>\n<p>Robust und leicht, mit weniger als 2 kg Gesamtgewicht.<\/p>\n<p>* Kompatibel mit den folgenden Modellen:<\/p>\n<p>BSA Goldstar 650<\/p>\n<p>&nbsp;<\/p>\n","protected":false},"excerpt":{"rendered":"<p>Stahlrahmen in Chrom-finish, passend f\u00fcr Gep\u00e4ck. Teil zum Einbau in den Heckrahmen jedes Modells BSA Goldstar 650 *. Hochbes\u00e4ndiges verchromtes finish Einfach und minimalistisch, perfekt auch ohne Gep\u00e4ck. Sehr solide Konstruktion f\u00fcr Belastungen bis 8kg. Kompatibel mit unserenHecktaschen mit Klickfix-sysyem. Kompatibel mit unseren Kofferhalterungen Robust und leicht, mit weniger als 2 kg Gesamtgewicht. * Kompatibel [&#8230;]\n","protected":false},"featured_media":17516,"comment_status":"closed","ping_status":"closed","template":"","meta":{"spay_email":""},"product_cat":[843,540],"product_tag":[851],"yoast_head":"<!-- This site is optimized with the Yoast SEO plugin v16.8 - https:\/\/yoast.com\/wordpress\/plugins\/seo\/ -->\n<title>Gep\u00e4ckbr\u00fccke Chrom f\u00fcr BSA Goldstar 650 - La Poderosa Goods - Satteltaschen, Gep\u00e4ck und Premium-Motorradzubeh\u00f6r<\/title>\n<meta name=\"robots\" content=\"index, follow, max-snippet:-1, max-image-preview:large, max-video-preview:-1\" \/>\n<link rel=\"canonical\" href=\"https:\/\/lapoderosagoods.com\/de\/produkt\/gepackbrucke-chrom-fur-bsa-goldstar-650\/\" \/>\n<meta property=\"og:locale\" content=\"de_DE\" \/>\n<meta property=\"og:type\" content=\"article\" \/>\n<meta property=\"og:title\" content=\"Gep\u00e4ckbr\u00fccke Chrom f\u00fcr BSA Goldstar 650 - La Poderosa Goods - Satteltaschen, Gep\u00e4ck und Premium-Motorradzubeh\u00f6r\" \/>\n<meta property=\"og:description\" content=\"Stahlrahmen in Chrom-finish, passend f\u00fcr Gep\u00e4ck. Teil zum Einbau in den Heckrahmen jedes Modells BSA Goldstar 650 *. Hochbes\u00e4ndiges verchromtes finish Einfach und minimalistisch, perfekt auch ohne Gep\u00e4ck. Sehr solide Konstruktion f\u00fcr Belastungen bis 8kg. Kompatibel mit unserenHecktaschen mit Klickfix-sysyem. Kompatibel mit unseren Kofferhalterungen Robust und leicht, mit weniger als 2 kg Gesamtgewicht. * Kompatibel [...]\" \/>\n<meta property=\"og:url\" content=\"https:\/\/lapoderosagoods.com\/de\/produkt\/gepackbrucke-chrom-fur-bsa-goldstar-650\/\" \/>\n<meta property=\"og:site_name\" content=\"La Poderosa Goods - Satteltaschen, Gep\u00e4ck und Premium-Motorradzubeh\u00f6r\" \/>\n<meta property=\"article:modified_time\" content=\"2024-12-15T07:10:23+00:00\" \/>\n<meta property=\"og:image\" content=\"https:\/\/lapoderosagoods.com\/wp-content\/uploads\/2023\/10\/Porta-maletas-BSA-cromo-top-view--scaled.jpg\" \/>\n\t<meta property=\"og:image:width\" content=\"1902\" \/>\n\t<meta property=\"og:image:height\" content=\"2560\" \/>\n<meta name=\"twitter:card\" content=\"summary_large_image\" \/>\n<script type=\"application\/ld+json\" class=\"yoast-schema-graph\">{\"@context\":\"https:\/\/schema.org\",\"@graph\":[{\"@type\":\"Organization\",\"@id\":\"https:\/\/lapoderosagoods.com\/#organization\",\"name\":\"La Poderosa Classic Goods\",\"url\":\"https:\/\/lapoderosagoods.com\/\",\"sameAs\":[],\"logo\":{\"@type\":\"ImageObject\",\"@id\":\"https:\/\/lapoderosagoods.com\/#logo\",\"inLanguage\":\"de-DE\",\"url\":\"https:\/\/lapoderosagoods.com\/wp-content\/uploads\/2019\/10\/poderosa.png\",\"contentUrl\":\"https:\/\/lapoderosagoods.com\/wp-content\/uploads\/2019\/10\/poderosa.png\",\"width\":290,\"height\":209,\"caption\":\"La Poderosa Classic Goods\"},\"image\":{\"@id\":\"https:\/\/lapoderosagoods.com\/#logo\"}},{\"@type\":\"WebSite\",\"@id\":\"https:\/\/lapoderosagoods.com\/#website\",\"url\":\"https:\/\/lapoderosagoods.com\/\",\"name\":\"La Poderosa Goods - Satteltaschen, Gep\\u00e4ck und Premium-Motorradzubeh\\u00f6r\",\"description\":\"Gep\\u00e4ck, St\\u00e4nder, Satteltaschen und Zubeh\\u00f6r f\\u00fcr Klassiker, Caf\\u00e9 Racer oder Adventure Bikes. \",\"publisher\":{\"@id\":\"https:\/\/lapoderosagoods.com\/#organization\"},\"potentialAction\":[{\"@type\":\"SearchAction\",\"target\":{\"@type\":\"EntryPoint\",\"urlTemplate\":\"https:\/\/lapoderosagoods.com\/?s={search_term_string}\"},\"query-input\":\"required name=search_term_string\"}],\"inLanguage\":\"de-DE\"},{\"@type\":\"ImageObject\",\"@id\":\"https:\/\/lapoderosagoods.com\/de\/produkt\/gepackbrucke-chrom-fur-bsa-goldstar-650\/#primaryimage\",\"inLanguage\":\"de-DE\",\"url\":\"https:\/\/lapoderosagoods.com\/wp-content\/uploads\/2023\/10\/Porta-maletas-BSA-cromo-top-view--scaled.jpg\",\"contentUrl\":\"https:\/\/lapoderosagoods.com\/wp-content\/uploads\/2023\/10\/Porta-maletas-BSA-cromo-top-view--scaled.jpg\",\"width\":1902,\"height\":2560},{\"@type\":\"WebPage\",\"@id\":\"https:\/\/lapoderosagoods.com\/de\/produkt\/gepackbrucke-chrom-fur-bsa-goldstar-650\/#webpage\",\"url\":\"https:\/\/lapoderosagoods.com\/de\/produkt\/gepackbrucke-chrom-fur-bsa-goldstar-650\/\",\"name\":\"Gep\\u00e4ckbr\\u00fccke Chrom f\\u00fcr BSA Goldstar 650 - La Poderosa Goods - Satteltaschen, Gep\\u00e4ck und Premium-Motorradzubeh\\u00f6r\",\"isPartOf\":{\"@id\":\"https:\/\/lapoderosagoods.com\/#website\"},\"primaryImageOfPage\":{\"@id\":\"https:\/\/lapoderosagoods.com\/de\/produkt\/gepackbrucke-chrom-fur-bsa-goldstar-650\/#primaryimage\"},\"datePublished\":\"2023-12-16T09:15:33+00:00\",\"dateModified\":\"2024-12-15T07:10:23+00:00\",\"breadcrumb\":{\"@id\":\"https:\/\/lapoderosagoods.com\/de\/produkt\/gepackbrucke-chrom-fur-bsa-goldstar-650\/#breadcrumb\"},\"inLanguage\":\"de-DE\",\"potentialAction\":[{\"@type\":\"ReadAction\",\"target\":[\"https:\/\/lapoderosagoods.com\/de\/produkt\/gepackbrucke-chrom-fur-bsa-goldstar-650\/\"]}]},{\"@type\":\"BreadcrumbList\",\"@id\":\"https:\/\/lapoderosagoods.com\/de\/produkt\/gepackbrucke-chrom-fur-bsa-goldstar-650\/#breadcrumb\",\"itemListElement\":[{\"@type\":\"ListItem\",\"position\":1,\"name\":\"Portada\",\"item\":\"https:\/\/lapoderosagoods.com\/\"},{\"@type\":\"ListItem\",\"position\":2,\"name\":\"Produkte\",\"item\":\"https:\/\/lapoderosagoods.com\/de\/produkte\/\"},{\"@type\":\"ListItem\",\"position\":3,\"name\":\"Gep\\u00e4ckbr\\u00fccke Chrom f\\u00fcr BSA Goldstar 650\"}]}]}<\/script>\n<!-- \/ Yoast SEO plugin. -->","yoast_head_json":{"title":"Gep\u00e4ckbr\u00fccke Chrom f\u00fcr BSA Goldstar 650 - La Poderosa Goods - Satteltaschen, Gep\u00e4ck und Premium-Motorradzubeh\u00f6r","robots":{"index":"index","follow":"follow","max-snippet":"max-snippet:-1","max-image-preview":"max-image-preview:large","max-video-preview":"max-video-preview:-1"},"canonical":"https:\/\/lapoderosagoods.com\/de\/produkt\/gepackbrucke-chrom-fur-bsa-goldstar-650\/","og_locale":"de_DE","og_type":"article","og_title":"Gep\u00e4ckbr\u00fccke Chrom f\u00fcr BSA Goldstar 650 - La Poderosa Goods - Satteltaschen, Gep\u00e4ck und Premium-Motorradzubeh\u00f6r","og_description":"Stahlrahmen in Chrom-finish, passend f\u00fcr Gep\u00e4ck. Teil zum Einbau in den Heckrahmen jedes Modells BSA Goldstar 650 *. Hochbes\u00e4ndiges verchromtes finish Einfach und minimalistisch, perfekt auch ohne Gep\u00e4ck. Sehr solide Konstruktion f\u00fcr Belastungen bis 8kg. Kompatibel mit unserenHecktaschen mit Klickfix-sysyem. Kompatibel mit unseren Kofferhalterungen Robust und leicht, mit weniger als 2 kg Gesamtgewicht. * Kompatibel [...]","og_url":"https:\/\/lapoderosagoods.com\/de\/produkt\/gepackbrucke-chrom-fur-bsa-goldstar-650\/","og_site_name":"La Poderosa Goods - Satteltaschen, Gep\u00e4ck und Premium-Motorradzubeh\u00f6r","article_modified_time":"2024-12-15T07:10:23+00:00","og_image":[{"width":1902,"height":2560,"url":"https:\/\/lapoderosagoods.com\/wp-content\/uploads\/2023\/10\/Porta-maletas-BSA-cromo-top-view--scaled.jpg","path":"\/home\/spainmot\/lapoderosagoods\/wp-content\/uploads\/2023\/10\/Porta-maletas-BSA-cromo-top-view--scaled.jpg","size":"full","id":17516,"alt":"","pixels":4869120,"type":"image\/jpeg"}],"twitter_card":"summary_large_image","schema":{"@context":"https:\/\/schema.org","@graph":[{"@type":"Organization","@id":"https:\/\/lapoderosagoods.com\/#organization","name":"La Poderosa Classic Goods","url":"https:\/\/lapoderosagoods.com\/","sameAs":[],"logo":{"@type":"ImageObject","@id":"https:\/\/lapoderosagoods.com\/#logo","inLanguage":"de-DE","url":"https:\/\/lapoderosagoods.com\/wp-content\/uploads\/2019\/10\/poderosa.png","contentUrl":"https:\/\/lapoderosagoods.com\/wp-content\/uploads\/2019\/10\/poderosa.png","width":290,"height":209,"caption":"La Poderosa Classic Goods"},"image":{"@id":"https:\/\/lapoderosagoods.com\/#logo"}},{"@type":"WebSite","@id":"https:\/\/lapoderosagoods.com\/#website","url":"https:\/\/lapoderosagoods.com\/","name":"La Poderosa Goods - Satteltaschen, Gep\u00e4ck und Premium-Motorradzubeh\u00f6r","description":"Gep\u00e4ck, St\u00e4nder, Satteltaschen und Zubeh\u00f6r f\u00fcr Klassiker, Caf\u00e9 Racer oder Adventure Bikes. ","publisher":{"@id":"https:\/\/lapoderosagoods.com\/#organization"},"potentialAction":[{"@type":"SearchAction","target":{"@type":"EntryPoint","urlTemplate":"https:\/\/lapoderosagoods.com\/?s={search_term_string}"},"query-input":"required name=search_term_string"}],"inLanguage":"de-DE"},{"@type":"ImageObject","@id":"https:\/\/lapoderosagoods.com\/de\/produkt\/gepackbrucke-chrom-fur-bsa-goldstar-650\/#primaryimage","inLanguage":"de-DE","url":"https:\/\/lapoderosagoods.com\/wp-content\/uploads\/2023\/10\/Porta-maletas-BSA-cromo-top-view--scaled.jpg","contentUrl":"https:\/\/lapoderosagoods.com\/wp-content\/uploads\/2023\/10\/Porta-maletas-BSA-cromo-top-view--scaled.jpg","width":1902,"height":2560},{"@type":"WebPage","@id":"https:\/\/lapoderosagoods.com\/de\/produkt\/gepackbrucke-chrom-fur-bsa-goldstar-650\/#webpage","url":"https:\/\/lapoderosagoods.com\/de\/produkt\/gepackbrucke-chrom-fur-bsa-goldstar-650\/","name":"Gep\u00e4ckbr\u00fccke Chrom f\u00fcr BSA Goldstar 650 - La Poderosa Goods - Satteltaschen, Gep\u00e4ck und Premium-Motorradzubeh\u00f6r","isPartOf":{"@id":"https:\/\/lapoderosagoods.com\/#website"},"primaryImageOfPage":{"@id":"https:\/\/lapoderosagoods.com\/de\/produkt\/gepackbrucke-chrom-fur-bsa-goldstar-650\/#primaryimage"},"datePublished":"2023-12-16T09:15:33+00:00","dateModified":"2024-12-15T07:10:23+00:00","breadcrumb":{"@id":"https:\/\/lapoderosagoods.com\/de\/produkt\/gepackbrucke-chrom-fur-bsa-goldstar-650\/#breadcrumb"},"inLanguage":"de-DE","potentialAction":[{"@type":"ReadAction","target":["https:\/\/lapoderosagoods.com\/de\/produkt\/gepackbrucke-chrom-fur-bsa-goldstar-650\/"]}]},{"@type":"BreadcrumbList","@id":"https:\/\/lapoderosagoods.com\/de\/produkt\/gepackbrucke-chrom-fur-bsa-goldstar-650\/#breadcrumb","itemListElement":[{"@type":"ListItem","position":1,"name":"Portada","item":"https:\/\/lapoderosagoods.com\/"},{"@type":"ListItem","position":2,"name":"Produkte","item":"https:\/\/lapoderosagoods.com\/de\/produkte\/"},{"@type":"ListItem","position":3,"name":"Gep\u00e4ckbr\u00fccke Chrom f\u00fcr BSA Goldstar 650"}]}]}},"_links":{"self":[{"href":"https:\/\/lapoderosagoods.com\/de\/wp-json\/wp\/v2\/product\/17699"}],"collection":[{"href":"https:\/\/lapoderosagoods.com\/de\/wp-json\/wp\/v2\/product"}],"about":[{"href":"https:\/\/lapoderosagoods.com\/de\/wp-json\/wp\/v2\/types\/product"}],"replies":[{"embeddable":true,"href":"https:\/\/lapoderosagoods.com\/de\/wp-json\/wp\/v2\/comments?post=17699"}],"wp:featuredmedia":[{"embeddable":true,"href":"https:\/\/lapoderosagoods.com\/de\/wp-json\/wp\/v2\/media\/17516"}],"wp:attachment":[{"href":"https:\/\/lapoderosagoods.com\/de\/wp-json\/wp\/v2\/media?parent=17699"}],"wp:term":[{"taxonomy":"product_cat","embeddable":true,"href":"https:\/\/lapoderosagoods.com\/de\/wp-json\/wp\/v2\/product_cat?post=17699"},{"taxonomy":"product_tag","embeddable":true,"href":"https:\/\/lapoderosagoods.com\/de\/wp-json\/wp\/v2\/product_tag?post=17699"}],"curies":[{"name":"wp","href":"https:\/\/api.w.org\/{rel}","templated":true}]}}