{"id":14876,"date":"2022-11-14T00:51:52","date_gmt":"2022-11-13T22:51:53","guid":{"rendered":"https:\/\/lapoderosagoods.com\/?post_type=product&#038;p=14876"},"modified":"2022-11-19T13:21:21","modified_gmt":"2022-11-19T11:21:21","slug":"recycelte-tasche-tote-breda-armeegrun","status":"publish","type":"product","link":"https:\/\/lapoderosagoods.com\/de\/produkt\/recycelte-tasche-tote-breda-armeegrun\/","title":{"rendered":"Recycelte Tasche Tote Breda &#8211; Armeegr\u00fcn"},"content":{"rendered":"<p class=\"p1\"><span class=\"s1\">Handgefertigt in Spanien mit gebrauchten Taschen der niederl\u00e4ndischen Armee.<br \/>\n<\/span><\/p>\n<p class=\"p1\"><span class=\"s1\">100% recyceltes Produkt.<\/span><\/p>\n<p class=\"p1\"><span class=\"s1\">\u00a03 Taschen, eine f\u00fcr das Handy und die andere f\u00fcr Utensilien. <\/span><\/p>\n<p class=\"p1\">Masse: 30x46x26cm. 25L ungef\u00e4hre.<\/p>\n<p class=\"p1\"><span class=\"s1\">Unentbehrlich als Tasche oder shopping bag.<\/span><\/p>\n<p class=\"p1\">* alle haben Gebrauchsspuren, die die niederl\u00e4ndischen Soldaten damals ihren Taschen gaben &#8230;<\/p>\n<p class=\"p1\"><span class=\"s1\">Milit\u00e4rgr\u00fcne Farbe mit \u00a0naturfarbenes Leder.\u00a0<\/span><\/p>\n","protected":false},"excerpt":{"rendered":"<p>Handgefertigt in Spanien mit gebrauchten Taschen der niederl\u00e4ndischen Armee. 100% recyceltes Produkt. \u00a03 Taschen, eine f\u00fcr das Handy und die andere f\u00fcr Utensilien. Masse: 30x46x26cm. 25L ungef\u00e4hre. Unentbehrlich als Tasche oder shopping bag. * alle haben Gebrauchsspuren, die die niederl\u00e4ndischen Soldaten damals ihren Taschen gaben &#8230; Milit\u00e4rgr\u00fcne Farbe mit \u00a0naturfarbenes Leder.\u00a0<\/p>\n","protected":false},"featured_media":14894,"comment_status":"closed","ping_status":"closed","template":"","meta":{"spay_email":""},"product_cat":[92,452],"product_tag":[],"yoast_head":"<!-- This site is optimized with the Yoast SEO plugin v16.8 - https:\/\/yoast.com\/wordpress\/plugins\/seo\/ -->\n<title>Recycelte Tasche Tote Breda - Armeegr\u00fcn - La Poderosa Goods - Satteltaschen, Gep\u00e4ck und Premium-Motorradzubeh\u00f6r<\/title>\n<meta name=\"robots\" content=\"index, follow, max-snippet:-1, max-image-preview:large, max-video-preview:-1\" \/>\n<link rel=\"canonical\" href=\"https:\/\/lapoderosagoods.com\/de\/produkt\/bolsa-tote-reciclada-breda-verde-militar\/\" \/>\n<meta property=\"og:locale\" content=\"de_DE\" \/>\n<meta property=\"og:type\" content=\"article\" \/>\n<meta property=\"og:title\" content=\"Recycelte Tasche Tote Breda - Armeegr\u00fcn - La Poderosa Goods - Satteltaschen, Gep\u00e4ck und Premium-Motorradzubeh\u00f6r\" \/>\n<meta property=\"og:description\" content=\"Handgefertigt in Spanien mit gebrauchten Taschen der niederl\u00e4ndischen Armee. 100% recyceltes Produkt. \u00a03 Taschen, eine f\u00fcr das Handy und die andere f\u00fcr Utensilien. Masse: 30x46x26cm. 25L ungef\u00e4hre. Unentbehrlich als Tasche oder shopping bag. * alle haben Gebrauchsspuren, die die niederl\u00e4ndischen Soldaten damals ihren Taschen gaben &#8230; Milit\u00e4rgr\u00fcne Farbe mit \u00a0naturfarbenes Leder.\u00a0\" \/>\n<meta property=\"og:url\" content=\"https:\/\/lapoderosagoods.com\/produkt\/bolsa-tote-reciclada-breda-verde-militar\/\" \/>\n<meta property=\"og:site_name\" content=\"La Poderosa Goods - Satteltaschen, Gep\u00e4ck und Premium-Motorradzubeh\u00f6r\" \/>\n<meta property=\"article:modified_time\" content=\"2022-11-19T11:21:21+00:00\" \/>\n<meta property=\"og:image\" content=\"https:\/\/lapoderosagoods.com\/wp-content\/uploads\/2022\/11\/tote-militar-top-view--scaled.jpg\" \/>\n\t<meta property=\"og:image:width\" content=\"2072\" \/>\n\t<meta property=\"og:image:height\" content=\"2560\" \/>\n<meta name=\"twitter:card\" content=\"summary_large_image\" \/>\n<script type=\"application\/ld+json\" class=\"yoast-schema-graph\">{\"@context\":\"https:\/\/schema.org\",\"@graph\":[{\"@type\":\"Organization\",\"@id\":\"https:\/\/lapoderosagoods.com\/#organization\",\"name\":\"La Poderosa Classic Goods\",\"url\":\"https:\/\/lapoderosagoods.com\/\",\"sameAs\":[],\"logo\":{\"@type\":\"ImageObject\",\"@id\":\"https:\/\/lapoderosagoods.com\/#logo\",\"inLanguage\":\"de-DE\",\"url\":\"https:\/\/lapoderosagoods.com\/wp-content\/uploads\/2019\/10\/poderosa.png\",\"contentUrl\":\"https:\/\/lapoderosagoods.com\/wp-content\/uploads\/2019\/10\/poderosa.png\",\"width\":290,\"height\":209,\"caption\":\"La Poderosa Classic Goods\"},\"image\":{\"@id\":\"https:\/\/lapoderosagoods.com\/#logo\"}},{\"@type\":\"WebSite\",\"@id\":\"https:\/\/lapoderosagoods.com\/#website\",\"url\":\"https:\/\/lapoderosagoods.com\/\",\"name\":\"La Poderosa Goods - Satteltaschen, Gep\\u00e4ck und Premium-Motorradzubeh\\u00f6r\",\"description\":\"Gep\\u00e4ck, St\\u00e4nder, Satteltaschen und Zubeh\\u00f6r f\\u00fcr Klassiker, Caf\\u00e9 Racer oder Adventure Bikes. \",\"publisher\":{\"@id\":\"https:\/\/lapoderosagoods.com\/#organization\"},\"potentialAction\":[{\"@type\":\"SearchAction\",\"target\":{\"@type\":\"EntryPoint\",\"urlTemplate\":\"https:\/\/lapoderosagoods.com\/?s={search_term_string}\"},\"query-input\":\"required name=search_term_string\"}],\"inLanguage\":\"de-DE\"},{\"@type\":\"ImageObject\",\"@id\":\"https:\/\/lapoderosagoods.com\/produkt\/bolsa-tote-reciclada-breda-verde-militar\/#primaryimage\",\"inLanguage\":\"de-DE\",\"url\":\"https:\/\/lapoderosagoods.com\/wp-content\/uploads\/2022\/11\/tote-militar-top-view--scaled.jpg\",\"contentUrl\":\"https:\/\/lapoderosagoods.com\/wp-content\/uploads\/2022\/11\/tote-militar-top-view--scaled.jpg\",\"width\":2072,\"height\":2560},{\"@type\":\"WebPage\",\"@id\":\"https:\/\/lapoderosagoods.com\/produkt\/bolsa-tote-reciclada-breda-verde-militar\/#webpage\",\"url\":\"https:\/\/lapoderosagoods.com\/produkt\/bolsa-tote-reciclada-breda-verde-militar\/\",\"name\":\"Recycelte Tasche Tote Breda - Armeegr\\u00fcn - La Poderosa Goods - Satteltaschen, Gep\\u00e4ck und Premium-Motorradzubeh\\u00f6r\",\"isPartOf\":{\"@id\":\"https:\/\/lapoderosagoods.com\/#website\"},\"primaryImageOfPage\":{\"@id\":\"https:\/\/lapoderosagoods.com\/produkt\/bolsa-tote-reciclada-breda-verde-militar\/#primaryimage\"},\"datePublished\":\"2022-11-13T22:51:53+00:00\",\"dateModified\":\"2022-11-19T11:21:21+00:00\",\"breadcrumb\":{\"@id\":\"https:\/\/lapoderosagoods.com\/produkt\/bolsa-tote-reciclada-breda-verde-militar\/#breadcrumb\"},\"inLanguage\":\"de-DE\",\"potentialAction\":[{\"@type\":\"ReadAction\",\"target\":[\"https:\/\/lapoderosagoods.com\/produkt\/bolsa-tote-reciclada-breda-verde-militar\/\"]}]},{\"@type\":\"BreadcrumbList\",\"@id\":\"https:\/\/lapoderosagoods.com\/produkt\/bolsa-tote-reciclada-breda-verde-militar\/#breadcrumb\",\"itemListElement\":[{\"@type\":\"ListItem\",\"position\":1,\"name\":\"Portada\",\"item\":\"https:\/\/lapoderosagoods.com\/\"},{\"@type\":\"ListItem\",\"position\":2,\"name\":\"Produkte\",\"item\":\"https:\/\/lapoderosagoods.com\/de\/produkte\/\"},{\"@type\":\"ListItem\",\"position\":3,\"name\":\"Recycelte Tasche Tote Breda &#8211; Armeegr\\u00fcn\"}]}]}<\/script>\n<!-- \/ Yoast SEO plugin. -->","yoast_head_json":{"title":"Recycelte Tasche Tote Breda - Armeegr\u00fcn - La Poderosa Goods - Satteltaschen, Gep\u00e4ck und Premium-Motorradzubeh\u00f6r","robots":{"index":"index","follow":"follow","max-snippet":"max-snippet:-1","max-image-preview":"max-image-preview:large","max-video-preview":"max-video-preview:-1"},"canonical":"https:\/\/lapoderosagoods.com\/de\/produkt\/bolsa-tote-reciclada-breda-verde-militar\/","og_locale":"de_DE","og_type":"article","og_title":"Recycelte Tasche Tote Breda - Armeegr\u00fcn - La Poderosa Goods - Satteltaschen, Gep\u00e4ck und Premium-Motorradzubeh\u00f6r","og_description":"Handgefertigt in Spanien mit gebrauchten Taschen der niederl\u00e4ndischen Armee. 100% recyceltes Produkt. \u00a03 Taschen, eine f\u00fcr das Handy und die andere f\u00fcr Utensilien. Masse: 30x46x26cm. 25L ungef\u00e4hre. Unentbehrlich als Tasche oder shopping bag. * alle haben Gebrauchsspuren, die die niederl\u00e4ndischen Soldaten damals ihren Taschen gaben &#8230; Milit\u00e4rgr\u00fcne Farbe mit \u00a0naturfarbenes Leder.\u00a0","og_url":"https:\/\/lapoderosagoods.com\/produkt\/bolsa-tote-reciclada-breda-verde-militar\/","og_site_name":"La Poderosa Goods - Satteltaschen, Gep\u00e4ck und Premium-Motorradzubeh\u00f6r","article_modified_time":"2022-11-19T11:21:21+00:00","og_image":[{"width":2072,"height":2560,"url":"https:\/\/lapoderosagoods.com\/wp-content\/uploads\/2022\/11\/tote-militar-top-view--scaled.jpg","path":"\/home\/spainmot\/lapoderosagoods\/wp-content\/uploads\/2022\/11\/tote-militar-top-view--scaled.jpg","size":"full","id":14894,"alt":"","pixels":5304320,"type":"image\/jpeg"}],"twitter_card":"summary_large_image","schema":{"@context":"https:\/\/schema.org","@graph":[{"@type":"Organization","@id":"https:\/\/lapoderosagoods.com\/#organization","name":"La Poderosa Classic Goods","url":"https:\/\/lapoderosagoods.com\/","sameAs":[],"logo":{"@type":"ImageObject","@id":"https:\/\/lapoderosagoods.com\/#logo","inLanguage":"de-DE","url":"https:\/\/lapoderosagoods.com\/wp-content\/uploads\/2019\/10\/poderosa.png","contentUrl":"https:\/\/lapoderosagoods.com\/wp-content\/uploads\/2019\/10\/poderosa.png","width":290,"height":209,"caption":"La Poderosa Classic Goods"},"image":{"@id":"https:\/\/lapoderosagoods.com\/#logo"}},{"@type":"WebSite","@id":"https:\/\/lapoderosagoods.com\/#website","url":"https:\/\/lapoderosagoods.com\/","name":"La Poderosa Goods - Satteltaschen, Gep\u00e4ck und Premium-Motorradzubeh\u00f6r","description":"Gep\u00e4ck, St\u00e4nder, Satteltaschen und Zubeh\u00f6r f\u00fcr Klassiker, Caf\u00e9 Racer oder Adventure Bikes. ","publisher":{"@id":"https:\/\/lapoderosagoods.com\/#organization"},"potentialAction":[{"@type":"SearchAction","target":{"@type":"EntryPoint","urlTemplate":"https:\/\/lapoderosagoods.com\/?s={search_term_string}"},"query-input":"required name=search_term_string"}],"inLanguage":"de-DE"},{"@type":"ImageObject","@id":"https:\/\/lapoderosagoods.com\/produkt\/bolsa-tote-reciclada-breda-verde-militar\/#primaryimage","inLanguage":"de-DE","url":"https:\/\/lapoderosagoods.com\/wp-content\/uploads\/2022\/11\/tote-militar-top-view--scaled.jpg","contentUrl":"https:\/\/lapoderosagoods.com\/wp-content\/uploads\/2022\/11\/tote-militar-top-view--scaled.jpg","width":2072,"height":2560},{"@type":"WebPage","@id":"https:\/\/lapoderosagoods.com\/produkt\/bolsa-tote-reciclada-breda-verde-militar\/#webpage","url":"https:\/\/lapoderosagoods.com\/produkt\/bolsa-tote-reciclada-breda-verde-militar\/","name":"Recycelte Tasche Tote Breda - Armeegr\u00fcn - La Poderosa Goods - Satteltaschen, Gep\u00e4ck und Premium-Motorradzubeh\u00f6r","isPartOf":{"@id":"https:\/\/lapoderosagoods.com\/#website"},"primaryImageOfPage":{"@id":"https:\/\/lapoderosagoods.com\/produkt\/bolsa-tote-reciclada-breda-verde-militar\/#primaryimage"},"datePublished":"2022-11-13T22:51:53+00:00","dateModified":"2022-11-19T11:21:21+00:00","breadcrumb":{"@id":"https:\/\/lapoderosagoods.com\/produkt\/bolsa-tote-reciclada-breda-verde-militar\/#breadcrumb"},"inLanguage":"de-DE","potentialAction":[{"@type":"ReadAction","target":["https:\/\/lapoderosagoods.com\/produkt\/bolsa-tote-reciclada-breda-verde-militar\/"]}]},{"@type":"BreadcrumbList","@id":"https:\/\/lapoderosagoods.com\/produkt\/bolsa-tote-reciclada-breda-verde-militar\/#breadcrumb","itemListElement":[{"@type":"ListItem","position":1,"name":"Portada","item":"https:\/\/lapoderosagoods.com\/"},{"@type":"ListItem","position":2,"name":"Produkte","item":"https:\/\/lapoderosagoods.com\/de\/produkte\/"},{"@type":"ListItem","position":3,"name":"Recycelte Tasche Tote Breda &#8211; Armeegr\u00fcn"}]}]}},"_links":{"self":[{"href":"https:\/\/lapoderosagoods.com\/de\/wp-json\/wp\/v2\/product\/14876"}],"collection":[{"href":"https:\/\/lapoderosagoods.com\/de\/wp-json\/wp\/v2\/product"}],"about":[{"href":"https:\/\/lapoderosagoods.com\/de\/wp-json\/wp\/v2\/types\/product"}],"replies":[{"embeddable":true,"href":"https:\/\/lapoderosagoods.com\/de\/wp-json\/wp\/v2\/comments?post=14876"}],"wp:featuredmedia":[{"embeddable":true,"href":"https:\/\/lapoderosagoods.com\/de\/wp-json\/wp\/v2\/media\/14894"}],"wp:attachment":[{"href":"https:\/\/lapoderosagoods.com\/de\/wp-json\/wp\/v2\/media?parent=14876"}],"wp:term":[{"taxonomy":"product_cat","embeddable":true,"href":"https:\/\/lapoderosagoods.com\/de\/wp-json\/wp\/v2\/product_cat?post=14876"},{"taxonomy":"product_tag","embeddable":true,"href":"https:\/\/lapoderosagoods.com\/de\/wp-json\/wp\/v2\/product_tag?post=14876"}],"curies":[{"name":"wp","href":"https:\/\/api.w.org\/{rel}","templated":true}]}}