{"id":13850,"date":"2022-10-13T08:43:10","date_gmt":"2022-10-13T06:43:11","guid":{"rendered":"https:\/\/lapoderosagoods.com\/?post_type=product&#038;p=13850"},"modified":"2025-07-26T12:38:09","modified_gmt":"2025-07-26T10:38:09","slug":"satteltaschenhalter-brixton-cromwell-1200-satin-black-beide-seiten","status":"publish","type":"product","link":"https:\/\/lapoderosagoods.com\/de\/produkt\/satteltaschenhalter-brixton-cromwell-1200-satin-black-beide-seiten\/","title":{"rendered":"Satteltaschenhalter   Brixton Cromwell 1200Satin Black (beide Seiten)"},"content":{"rendered":"<div class=\"product-single__description rte\">\n<p class=\"s3\"><span class=\"s2\">Stahlrahmen in Satin Black Finish f\u00fcr Brixton Cromwell 1200 f\u00fcr 2 Satteltaschen (1 auf jeder Seite).\u00a0<\/span><\/p>\n<p class=\"s3\"><span class=\"s2\">Teiliges Design <\/span><span class=\"s2\">\u2013 <\/span><span class=\"s2\">Tupel zum Anschrauben des hinteren Subchassis jeder Brixton Cromwell 1200*\u00a0 <\/span><span class=\"s2\">durch Schrauben.\u00a0<\/span><\/p>\n<p class=\"s3\"><span class=\"s2\">Schwarz pulverbeschichtet.<\/span><\/p>\n<p class=\"s3\"><span class=\"s2\">Classik\u00a0<\/span><span class=\"s2\">\u00a0<\/span><span class=\"s2\">Stylo \u00a0und minimalistisch, perfekt auch mit der entfernten Seitentasche.<\/span><\/p>\n<p class=\"s3\"><span class=\"s2\">Sehr solide Struktur f\u00fcr Lasten von bis zu 8 kg pro Tasche.<\/span><\/p>\n<p class=\"s3\"><span class=\"s2\">* Kompatibel mit folgenden Modellen (bitte bei der Bestellung Ihr genaues Modell best\u00e4tigen):<\/span><\/p>\n<p class=\"s3\"><span class=\"s2\">Brixton Cromwell 1200<\/span><\/p>\n<p class=\"s3\"><span class=\"s2\">\u00a0<\/span><\/p>\n<\/div>\n","protected":false},"excerpt":{"rendered":"<p>Stahlrahmen in Satin Black Finish f\u00fcr Brixton Cromwell 1200 f\u00fcr 2 Satteltaschen (1 auf jeder Seite).\u00a0 Teiliges Design \u2013 Tupel zum Anschrauben des hinteren Subchassis jeder Brixton Cromwell 1200*\u00a0 durch Schrauben.\u00a0 Schwarz pulverbeschichtet. Classik\u00a0\u00a0Stylo \u00a0und minimalistisch, perfekt auch mit der entfernten Seitentasche. Sehr solide Struktur f\u00fcr Lasten von bis zu 8 kg pro Tasche. * [&#8230;]\n","protected":false},"featured_media":13775,"comment_status":"closed","ping_status":"closed","template":"","meta":{"spay_email":""},"product_cat":[702,590,96],"product_tag":[759],"yoast_head":"<!-- This site is optimized with the Yoast SEO plugin v16.8 - https:\/\/yoast.com\/wordpress\/plugins\/seo\/ -->\n<title>Satteltaschenhalter  Brixton Cromwell 1200Satin Black (beide Seiten) - La Poderosa Goods - Satteltaschen, Gep\u00e4ck und Premium-Motorradzubeh\u00f6r<\/title>\n<meta name=\"robots\" content=\"index, follow, max-snippet:-1, max-image-preview:large, max-video-preview:-1\" \/>\n<link rel=\"canonical\" href=\"https:\/\/lapoderosagoods.com\/de\/produkt\/soporte-para-alforjas-brixton-cromwell-1200-negro-satinado-ambos-lados\/\" \/>\n<meta property=\"og:locale\" content=\"de_DE\" \/>\n<meta property=\"og:type\" content=\"article\" \/>\n<meta property=\"og:title\" content=\"Satteltaschenhalter  Brixton Cromwell 1200Satin Black (beide Seiten) - La Poderosa Goods - Satteltaschen, Gep\u00e4ck und Premium-Motorradzubeh\u00f6r\" \/>\n<meta property=\"og:description\" content=\"Stahlrahmen in Satin Black Finish f\u00fcr Brixton Cromwell 1200 f\u00fcr 2 Satteltaschen (1 auf jeder Seite).\u00a0 Teiliges Design \u2013 Tupel zum Anschrauben des hinteren Subchassis jeder Brixton Cromwell 1200*\u00a0 durch Schrauben.\u00a0 Schwarz pulverbeschichtet. Classik\u00a0\u00a0Stylo \u00a0und minimalistisch, perfekt auch mit der entfernten Seitentasche. Sehr solide Struktur f\u00fcr Lasten von bis zu 8 kg pro Tasche. * [...]\" \/>\n<meta property=\"og:url\" content=\"https:\/\/lapoderosagoods.com\/produkt\/soporte-para-alforjas-brixton-cromwell-1200-negro-satinado-ambos-lados\/\" \/>\n<meta property=\"og:site_name\" content=\"La Poderosa Goods - Satteltaschen, Gep\u00e4ck und Premium-Motorradzubeh\u00f6r\" \/>\n<meta property=\"article:modified_time\" content=\"2025-07-26T10:38:09+00:00\" \/>\n<meta property=\"og:image\" content=\"https:\/\/lapoderosagoods.com\/wp-content\/uploads\/2022\/10\/Brixton-1200-racks--scaled.jpg\" \/>\n\t<meta property=\"og:image:width\" content=\"2560\" \/>\n\t<meta property=\"og:image:height\" content=\"2106\" \/>\n<meta name=\"twitter:card\" content=\"summary_large_image\" \/>\n<script type=\"application\/ld+json\" class=\"yoast-schema-graph\">{\"@context\":\"https:\/\/schema.org\",\"@graph\":[{\"@type\":\"Organization\",\"@id\":\"https:\/\/lapoderosagoods.com\/#organization\",\"name\":\"La Poderosa Classic Goods\",\"url\":\"https:\/\/lapoderosagoods.com\/\",\"sameAs\":[],\"logo\":{\"@type\":\"ImageObject\",\"@id\":\"https:\/\/lapoderosagoods.com\/#logo\",\"inLanguage\":\"de-DE\",\"url\":\"https:\/\/lapoderosagoods.com\/wp-content\/uploads\/2019\/10\/poderosa.png\",\"contentUrl\":\"https:\/\/lapoderosagoods.com\/wp-content\/uploads\/2019\/10\/poderosa.png\",\"width\":290,\"height\":209,\"caption\":\"La Poderosa Classic Goods\"},\"image\":{\"@id\":\"https:\/\/lapoderosagoods.com\/#logo\"}},{\"@type\":\"WebSite\",\"@id\":\"https:\/\/lapoderosagoods.com\/#website\",\"url\":\"https:\/\/lapoderosagoods.com\/\",\"name\":\"La Poderosa Goods - Satteltaschen, Gep\\u00e4ck und Premium-Motorradzubeh\\u00f6r\",\"description\":\"Gep\\u00e4ck, St\\u00e4nder, Satteltaschen und Zubeh\\u00f6r f\\u00fcr Klassiker, Caf\\u00e9 Racer oder Adventure Bikes. \",\"publisher\":{\"@id\":\"https:\/\/lapoderosagoods.com\/#organization\"},\"potentialAction\":[{\"@type\":\"SearchAction\",\"target\":{\"@type\":\"EntryPoint\",\"urlTemplate\":\"https:\/\/lapoderosagoods.com\/?s={search_term_string}\"},\"query-input\":\"required name=search_term_string\"}],\"inLanguage\":\"de-DE\"},{\"@type\":\"ImageObject\",\"@id\":\"https:\/\/lapoderosagoods.com\/produkt\/soporte-para-alforjas-brixton-cromwell-1200-negro-satinado-ambos-lados\/#primaryimage\",\"inLanguage\":\"de-DE\",\"url\":\"https:\/\/lapoderosagoods.com\/wp-content\/uploads\/2022\/10\/Brixton-1200-racks--scaled.jpg\",\"contentUrl\":\"https:\/\/lapoderosagoods.com\/wp-content\/uploads\/2022\/10\/Brixton-1200-racks--scaled.jpg\",\"width\":2560,\"height\":2106},{\"@type\":\"WebPage\",\"@id\":\"https:\/\/lapoderosagoods.com\/produkt\/soporte-para-alforjas-brixton-cromwell-1200-negro-satinado-ambos-lados\/#webpage\",\"url\":\"https:\/\/lapoderosagoods.com\/produkt\/soporte-para-alforjas-brixton-cromwell-1200-negro-satinado-ambos-lados\/\",\"name\":\"Satteltaschenhalter Brixton Cromwell 1200Satin Black (beide Seiten) - La Poderosa Goods - Satteltaschen, Gep\\u00e4ck und Premium-Motorradzubeh\\u00f6r\",\"isPartOf\":{\"@id\":\"https:\/\/lapoderosagoods.com\/#website\"},\"primaryImageOfPage\":{\"@id\":\"https:\/\/lapoderosagoods.com\/produkt\/soporte-para-alforjas-brixton-cromwell-1200-negro-satinado-ambos-lados\/#primaryimage\"},\"datePublished\":\"2022-10-13T06:43:11+00:00\",\"dateModified\":\"2025-07-26T10:38:09+00:00\",\"breadcrumb\":{\"@id\":\"https:\/\/lapoderosagoods.com\/produkt\/soporte-para-alforjas-brixton-cromwell-1200-negro-satinado-ambos-lados\/#breadcrumb\"},\"inLanguage\":\"de-DE\",\"potentialAction\":[{\"@type\":\"ReadAction\",\"target\":[\"https:\/\/lapoderosagoods.com\/produkt\/soporte-para-alforjas-brixton-cromwell-1200-negro-satinado-ambos-lados\/\"]}]},{\"@type\":\"BreadcrumbList\",\"@id\":\"https:\/\/lapoderosagoods.com\/produkt\/soporte-para-alforjas-brixton-cromwell-1200-negro-satinado-ambos-lados\/#breadcrumb\",\"itemListElement\":[{\"@type\":\"ListItem\",\"position\":1,\"name\":\"Portada\",\"item\":\"https:\/\/lapoderosagoods.com\/\"},{\"@type\":\"ListItem\",\"position\":2,\"name\":\"Produkte\",\"item\":\"https:\/\/lapoderosagoods.com\/de\/produkte\/\"},{\"@type\":\"ListItem\",\"position\":3,\"name\":\"Satteltaschenhalter Brixton Cromwell 1200Satin Black (beide Seiten)\"}]}]}<\/script>\n<!-- \/ Yoast SEO plugin. -->","yoast_head_json":{"title":"Satteltaschenhalter  Brixton Cromwell 1200Satin Black (beide Seiten) - La Poderosa Goods - Satteltaschen, Gep\u00e4ck und Premium-Motorradzubeh\u00f6r","robots":{"index":"index","follow":"follow","max-snippet":"max-snippet:-1","max-image-preview":"max-image-preview:large","max-video-preview":"max-video-preview:-1"},"canonical":"https:\/\/lapoderosagoods.com\/de\/produkt\/soporte-para-alforjas-brixton-cromwell-1200-negro-satinado-ambos-lados\/","og_locale":"de_DE","og_type":"article","og_title":"Satteltaschenhalter  Brixton Cromwell 1200Satin Black (beide Seiten) - La Poderosa Goods - Satteltaschen, Gep\u00e4ck und Premium-Motorradzubeh\u00f6r","og_description":"Stahlrahmen in Satin Black Finish f\u00fcr Brixton Cromwell 1200 f\u00fcr 2 Satteltaschen (1 auf jeder Seite).\u00a0 Teiliges Design \u2013 Tupel zum Anschrauben des hinteren Subchassis jeder Brixton Cromwell 1200*\u00a0 durch Schrauben.\u00a0 Schwarz pulverbeschichtet. Classik\u00a0\u00a0Stylo \u00a0und minimalistisch, perfekt auch mit der entfernten Seitentasche. Sehr solide Struktur f\u00fcr Lasten von bis zu 8 kg pro Tasche. * [...]","og_url":"https:\/\/lapoderosagoods.com\/produkt\/soporte-para-alforjas-brixton-cromwell-1200-negro-satinado-ambos-lados\/","og_site_name":"La Poderosa Goods - Satteltaschen, Gep\u00e4ck und Premium-Motorradzubeh\u00f6r","article_modified_time":"2025-07-26T10:38:09+00:00","og_image":[{"width":2560,"height":2106,"url":"https:\/\/lapoderosagoods.com\/wp-content\/uploads\/2022\/10\/Brixton-1200-racks--scaled.jpg","path":"\/home\/spainmot\/lapoderosagoods\/wp-content\/uploads\/2022\/10\/Brixton-1200-racks--scaled.jpg","size":"full","id":13775,"alt":"","pixels":5391360,"type":"image\/jpeg"}],"twitter_card":"summary_large_image","schema":{"@context":"https:\/\/schema.org","@graph":[{"@type":"Organization","@id":"https:\/\/lapoderosagoods.com\/#organization","name":"La Poderosa Classic Goods","url":"https:\/\/lapoderosagoods.com\/","sameAs":[],"logo":{"@type":"ImageObject","@id":"https:\/\/lapoderosagoods.com\/#logo","inLanguage":"de-DE","url":"https:\/\/lapoderosagoods.com\/wp-content\/uploads\/2019\/10\/poderosa.png","contentUrl":"https:\/\/lapoderosagoods.com\/wp-content\/uploads\/2019\/10\/poderosa.png","width":290,"height":209,"caption":"La Poderosa Classic Goods"},"image":{"@id":"https:\/\/lapoderosagoods.com\/#logo"}},{"@type":"WebSite","@id":"https:\/\/lapoderosagoods.com\/#website","url":"https:\/\/lapoderosagoods.com\/","name":"La Poderosa Goods - Satteltaschen, Gep\u00e4ck und Premium-Motorradzubeh\u00f6r","description":"Gep\u00e4ck, St\u00e4nder, Satteltaschen und Zubeh\u00f6r f\u00fcr Klassiker, Caf\u00e9 Racer oder Adventure Bikes. ","publisher":{"@id":"https:\/\/lapoderosagoods.com\/#organization"},"potentialAction":[{"@type":"SearchAction","target":{"@type":"EntryPoint","urlTemplate":"https:\/\/lapoderosagoods.com\/?s={search_term_string}"},"query-input":"required name=search_term_string"}],"inLanguage":"de-DE"},{"@type":"ImageObject","@id":"https:\/\/lapoderosagoods.com\/produkt\/soporte-para-alforjas-brixton-cromwell-1200-negro-satinado-ambos-lados\/#primaryimage","inLanguage":"de-DE","url":"https:\/\/lapoderosagoods.com\/wp-content\/uploads\/2022\/10\/Brixton-1200-racks--scaled.jpg","contentUrl":"https:\/\/lapoderosagoods.com\/wp-content\/uploads\/2022\/10\/Brixton-1200-racks--scaled.jpg","width":2560,"height":2106},{"@type":"WebPage","@id":"https:\/\/lapoderosagoods.com\/produkt\/soporte-para-alforjas-brixton-cromwell-1200-negro-satinado-ambos-lados\/#webpage","url":"https:\/\/lapoderosagoods.com\/produkt\/soporte-para-alforjas-brixton-cromwell-1200-negro-satinado-ambos-lados\/","name":"Satteltaschenhalter Brixton Cromwell 1200Satin Black (beide Seiten) - La Poderosa Goods - Satteltaschen, Gep\u00e4ck und Premium-Motorradzubeh\u00f6r","isPartOf":{"@id":"https:\/\/lapoderosagoods.com\/#website"},"primaryImageOfPage":{"@id":"https:\/\/lapoderosagoods.com\/produkt\/soporte-para-alforjas-brixton-cromwell-1200-negro-satinado-ambos-lados\/#primaryimage"},"datePublished":"2022-10-13T06:43:11+00:00","dateModified":"2025-07-26T10:38:09+00:00","breadcrumb":{"@id":"https:\/\/lapoderosagoods.com\/produkt\/soporte-para-alforjas-brixton-cromwell-1200-negro-satinado-ambos-lados\/#breadcrumb"},"inLanguage":"de-DE","potentialAction":[{"@type":"ReadAction","target":["https:\/\/lapoderosagoods.com\/produkt\/soporte-para-alforjas-brixton-cromwell-1200-negro-satinado-ambos-lados\/"]}]},{"@type":"BreadcrumbList","@id":"https:\/\/lapoderosagoods.com\/produkt\/soporte-para-alforjas-brixton-cromwell-1200-negro-satinado-ambos-lados\/#breadcrumb","itemListElement":[{"@type":"ListItem","position":1,"name":"Portada","item":"https:\/\/lapoderosagoods.com\/"},{"@type":"ListItem","position":2,"name":"Produkte","item":"https:\/\/lapoderosagoods.com\/de\/produkte\/"},{"@type":"ListItem","position":3,"name":"Satteltaschenhalter Brixton Cromwell 1200Satin Black (beide Seiten)"}]}]}},"_links":{"self":[{"href":"https:\/\/lapoderosagoods.com\/de\/wp-json\/wp\/v2\/product\/13850"}],"collection":[{"href":"https:\/\/lapoderosagoods.com\/de\/wp-json\/wp\/v2\/product"}],"about":[{"href":"https:\/\/lapoderosagoods.com\/de\/wp-json\/wp\/v2\/types\/product"}],"replies":[{"embeddable":true,"href":"https:\/\/lapoderosagoods.com\/de\/wp-json\/wp\/v2\/comments?post=13850"}],"wp:featuredmedia":[{"embeddable":true,"href":"https:\/\/lapoderosagoods.com\/de\/wp-json\/wp\/v2\/media\/13775"}],"wp:attachment":[{"href":"https:\/\/lapoderosagoods.com\/de\/wp-json\/wp\/v2\/media?parent=13850"}],"wp:term":[{"taxonomy":"product_cat","embeddable":true,"href":"https:\/\/lapoderosagoods.com\/de\/wp-json\/wp\/v2\/product_cat?post=13850"},{"taxonomy":"product_tag","embeddable":true,"href":"https:\/\/lapoderosagoods.com\/de\/wp-json\/wp\/v2\/product_tag?post=13850"}],"curies":[{"name":"wp","href":"https:\/\/api.w.org\/{rel}","templated":true}]}}