{"id":11367,"date":"2022-02-12T19:47:23","date_gmt":"2022-02-12T17:47:23","guid":{"rendered":"https:\/\/lapoderosagoods.com\/?post_type=product&#038;p=11367"},"modified":"2026-03-27T15:12:55","modified_gmt":"2026-03-27T14:12:55","slug":"klickfix-schnellbefestigungssystem-fur-unsere-satteltaschen","status":"publish","type":"product","link":"https:\/\/lapoderosagoods.com\/de\/produkt\/klickfix-schnellbefestigungssystem-fur-unsere-satteltaschen\/","title":{"rendered":"Klickfix Schnellbefestigungssystem f\u00fcr unsere Satteltaschen"},"content":{"rendered":"<pre id=\"tw-target-text\" class=\"tw-data-text tw-text-large tw-ta\" dir=\"ltr\" data-placeholder=\"Traducci\u00f3n\"><span class=\"Y2IQFc\" lang=\"de\">In Deutschland hergestelltes Schnellbefestigungssystem f\u00fcr unsere Satteltaschen.\r\n\r\nEinfacher Austausch mit nur 3 Schrauben.\r\n\r\nEnth\u00e4lt 1 Schraubenschl\u00fcssel, 3 Kunststoffmuttern und 3 Schrauben.\r\n\r\nAus hochfestem ABS.\r\n\r\nEs beh\u00e4lt die gleiche \u00c4sthetik wie das Original bei.\r\n\r\n*Kompatibel mit allen unseren Satteltaschenmodellen von Dakhla, Bariloche und Lofoten.<\/span><\/pre>\n","protected":false},"excerpt":{"rendered":"<p>In Deutschland hergestelltes Schnellbefestigungssystem f\u00fcr unsere Satteltaschen. Einfacher Austausch mit nur 3 Schrauben. Enth\u00e4lt 1 Schraubenschl\u00fcssel, 3 Kunststoffmuttern und 3 Schrauben. Aus hochfestem ABS. Es beh\u00e4lt die gleiche \u00c4sthetik wie das Original bei. *Kompatibel mit allen unseren Satteltaschenmodellen von Dakhla, Bariloche und Lofoten.<\/p>\n","protected":false},"featured_media":18300,"comment_status":"closed","ping_status":"closed","template":"","meta":{"spay_email":""},"product_cat":[96,92],"product_tag":[776,237,242,612,477,826,261,786,441,874,952,870,254,244,887,246,249,758,759,851,264,256,856,578,812,779,572,782,560,569,513,268,847,272,915,956,893,600,531,896,516,275,278,899,280,802,903,282,794,798,532,808,486,483,489,492,296,819,923,632,835,927,636,640,908,519,890,648,644,652,656,932,823,968,864,919,613,620,305,790,860,308,936,310,313,317,628,624,322,501,326,328,831,607,761,331],"yoast_head":"<!-- This site is optimized with the Yoast SEO plugin v16.8 - https:\/\/yoast.com\/wordpress\/plugins\/seo\/ -->\n<title>Klickfix Schnellbefestigungssystem f\u00fcr unsere Satteltaschen - La Poderosa Goods - Satteltaschen, Gep\u00e4ck und Premium-Motorradzubeh\u00f6r<\/title>\n<meta name=\"robots\" content=\"index, follow, max-snippet:-1, max-image-preview:large, max-video-preview:-1\" \/>\n<link rel=\"canonical\" href=\"https:\/\/lapoderosagoods.com\/de\/produkt\/alclaje-rapido-klickfix-para-alforjas-negro-satinado\/\" \/>\n<meta property=\"og:locale\" content=\"de_DE\" \/>\n<meta property=\"og:type\" content=\"article\" \/>\n<meta property=\"og:title\" content=\"Klickfix Schnellbefestigungssystem f\u00fcr unsere Satteltaschen - La Poderosa Goods - Satteltaschen, Gep\u00e4ck und Premium-Motorradzubeh\u00f6r\" \/>\n<meta property=\"og:description\" content=\"In Deutschland hergestelltes Schnellbefestigungssystem f\u00fcr unsere Satteltaschen. Einfacher Austausch mit nur 3 Schrauben. Enth\u00e4lt 1 Schraubenschl\u00fcssel, 3 Kunststoffmuttern und 3 Schrauben. Aus hochfestem ABS. Es beh\u00e4lt die gleiche \u00c4sthetik wie das Original bei. *Kompatibel mit allen unseren Satteltaschenmodellen von Dakhla, Bariloche und Lofoten.\" \/>\n<meta property=\"og:url\" content=\"https:\/\/lapoderosagoods.com\/produkt\/alclaje-rapido-klickfix-para-alforjas-negro-satinado\/\" \/>\n<meta property=\"og:site_name\" content=\"La Poderosa Goods - Satteltaschen, Gep\u00e4ck und Premium-Motorradzubeh\u00f6r\" \/>\n<meta property=\"article:modified_time\" content=\"2026-03-27T14:12:55+00:00\" \/>\n<meta property=\"og:image\" content=\"https:\/\/lapoderosagoods.com\/wp-content\/uploads\/2022\/02\/klickfix-con-1-llave-.jpg\" \/>\n\t<meta property=\"og:image:width\" content=\"760\" \/>\n\t<meta property=\"og:image:height\" content=\"760\" \/>\n<meta name=\"twitter:card\" content=\"summary_large_image\" \/>\n<script type=\"application\/ld+json\" class=\"yoast-schema-graph\">{\"@context\":\"https:\/\/schema.org\",\"@graph\":[{\"@type\":\"Organization\",\"@id\":\"https:\/\/lapoderosagoods.com\/#organization\",\"name\":\"La Poderosa Classic Goods\",\"url\":\"https:\/\/lapoderosagoods.com\/\",\"sameAs\":[],\"logo\":{\"@type\":\"ImageObject\",\"@id\":\"https:\/\/lapoderosagoods.com\/#logo\",\"inLanguage\":\"de-DE\",\"url\":\"https:\/\/lapoderosagoods.com\/wp-content\/uploads\/2019\/10\/poderosa.png\",\"contentUrl\":\"https:\/\/lapoderosagoods.com\/wp-content\/uploads\/2019\/10\/poderosa.png\",\"width\":290,\"height\":209,\"caption\":\"La Poderosa Classic Goods\"},\"image\":{\"@id\":\"https:\/\/lapoderosagoods.com\/#logo\"}},{\"@type\":\"WebSite\",\"@id\":\"https:\/\/lapoderosagoods.com\/#website\",\"url\":\"https:\/\/lapoderosagoods.com\/\",\"name\":\"La Poderosa Goods - Satteltaschen, Gep\\u00e4ck und Premium-Motorradzubeh\\u00f6r\",\"description\":\"Gep\\u00e4ck, St\\u00e4nder, Satteltaschen und Zubeh\\u00f6r f\\u00fcr Klassiker, Caf\\u00e9 Racer oder Adventure Bikes. \",\"publisher\":{\"@id\":\"https:\/\/lapoderosagoods.com\/#organization\"},\"potentialAction\":[{\"@type\":\"SearchAction\",\"target\":{\"@type\":\"EntryPoint\",\"urlTemplate\":\"https:\/\/lapoderosagoods.com\/?s={search_term_string}\"},\"query-input\":\"required name=search_term_string\"}],\"inLanguage\":\"de-DE\"},{\"@type\":\"ImageObject\",\"@id\":\"https:\/\/lapoderosagoods.com\/produkt\/alclaje-rapido-klickfix-para-alforjas-negro-satinado\/#primaryimage\",\"inLanguage\":\"de-DE\",\"url\":\"https:\/\/lapoderosagoods.com\/wp-content\/uploads\/2022\/02\/klickfix-con-1-llave-.jpg\",\"contentUrl\":\"https:\/\/lapoderosagoods.com\/wp-content\/uploads\/2022\/02\/klickfix-con-1-llave-.jpg\",\"width\":760,\"height\":760},{\"@type\":\"WebPage\",\"@id\":\"https:\/\/lapoderosagoods.com\/produkt\/alclaje-rapido-klickfix-para-alforjas-negro-satinado\/#webpage\",\"url\":\"https:\/\/lapoderosagoods.com\/produkt\/alclaje-rapido-klickfix-para-alforjas-negro-satinado\/\",\"name\":\"Klickfix Schnellbefestigungssystem f\\u00fcr unsere Satteltaschen - La Poderosa Goods - Satteltaschen, Gep\\u00e4ck und Premium-Motorradzubeh\\u00f6r\",\"isPartOf\":{\"@id\":\"https:\/\/lapoderosagoods.com\/#website\"},\"primaryImageOfPage\":{\"@id\":\"https:\/\/lapoderosagoods.com\/produkt\/alclaje-rapido-klickfix-para-alforjas-negro-satinado\/#primaryimage\"},\"datePublished\":\"2022-02-12T17:47:23+00:00\",\"dateModified\":\"2026-03-27T14:12:55+00:00\",\"breadcrumb\":{\"@id\":\"https:\/\/lapoderosagoods.com\/produkt\/alclaje-rapido-klickfix-para-alforjas-negro-satinado\/#breadcrumb\"},\"inLanguage\":\"de-DE\",\"potentialAction\":[{\"@type\":\"ReadAction\",\"target\":[\"https:\/\/lapoderosagoods.com\/produkt\/alclaje-rapido-klickfix-para-alforjas-negro-satinado\/\"]}]},{\"@type\":\"BreadcrumbList\",\"@id\":\"https:\/\/lapoderosagoods.com\/produkt\/alclaje-rapido-klickfix-para-alforjas-negro-satinado\/#breadcrumb\",\"itemListElement\":[{\"@type\":\"ListItem\",\"position\":1,\"name\":\"Portada\",\"item\":\"https:\/\/lapoderosagoods.com\/\"},{\"@type\":\"ListItem\",\"position\":2,\"name\":\"Produkte\",\"item\":\"https:\/\/lapoderosagoods.com\/de\/produkte\/\"},{\"@type\":\"ListItem\",\"position\":3,\"name\":\"Klickfix Schnellbefestigungssystem f\\u00fcr unsere Satteltaschen\"}]}]}<\/script>\n<!-- \/ Yoast SEO plugin. -->","yoast_head_json":{"title":"Klickfix Schnellbefestigungssystem f\u00fcr unsere Satteltaschen - La Poderosa Goods - Satteltaschen, Gep\u00e4ck und Premium-Motorradzubeh\u00f6r","robots":{"index":"index","follow":"follow","max-snippet":"max-snippet:-1","max-image-preview":"max-image-preview:large","max-video-preview":"max-video-preview:-1"},"canonical":"https:\/\/lapoderosagoods.com\/de\/produkt\/alclaje-rapido-klickfix-para-alforjas-negro-satinado\/","og_locale":"de_DE","og_type":"article","og_title":"Klickfix Schnellbefestigungssystem f\u00fcr unsere Satteltaschen - La Poderosa Goods - Satteltaschen, Gep\u00e4ck und Premium-Motorradzubeh\u00f6r","og_description":"In Deutschland hergestelltes Schnellbefestigungssystem f\u00fcr unsere Satteltaschen. Einfacher Austausch mit nur 3 Schrauben. Enth\u00e4lt 1 Schraubenschl\u00fcssel, 3 Kunststoffmuttern und 3 Schrauben. Aus hochfestem ABS. Es beh\u00e4lt die gleiche \u00c4sthetik wie das Original bei. *Kompatibel mit allen unseren Satteltaschenmodellen von Dakhla, Bariloche und Lofoten.","og_url":"https:\/\/lapoderosagoods.com\/produkt\/alclaje-rapido-klickfix-para-alforjas-negro-satinado\/","og_site_name":"La Poderosa Goods - Satteltaschen, Gep\u00e4ck und Premium-Motorradzubeh\u00f6r","article_modified_time":"2026-03-27T14:12:55+00:00","og_image":[{"width":760,"height":760,"url":"https:\/\/lapoderosagoods.com\/wp-content\/uploads\/2022\/02\/klickfix-con-1-llave-.jpg","path":"\/home\/spainmot\/lapoderosagoods\/wp-content\/uploads\/2022\/02\/klickfix-con-1-llave-.jpg","size":"full","id":18300,"alt":"","pixels":577600,"type":"image\/jpeg"}],"twitter_card":"summary_large_image","schema":{"@context":"https:\/\/schema.org","@graph":[{"@type":"Organization","@id":"https:\/\/lapoderosagoods.com\/#organization","name":"La Poderosa Classic Goods","url":"https:\/\/lapoderosagoods.com\/","sameAs":[],"logo":{"@type":"ImageObject","@id":"https:\/\/lapoderosagoods.com\/#logo","inLanguage":"de-DE","url":"https:\/\/lapoderosagoods.com\/wp-content\/uploads\/2019\/10\/poderosa.png","contentUrl":"https:\/\/lapoderosagoods.com\/wp-content\/uploads\/2019\/10\/poderosa.png","width":290,"height":209,"caption":"La Poderosa Classic Goods"},"image":{"@id":"https:\/\/lapoderosagoods.com\/#logo"}},{"@type":"WebSite","@id":"https:\/\/lapoderosagoods.com\/#website","url":"https:\/\/lapoderosagoods.com\/","name":"La Poderosa Goods - Satteltaschen, Gep\u00e4ck und Premium-Motorradzubeh\u00f6r","description":"Gep\u00e4ck, St\u00e4nder, Satteltaschen und Zubeh\u00f6r f\u00fcr Klassiker, Caf\u00e9 Racer oder Adventure Bikes. ","publisher":{"@id":"https:\/\/lapoderosagoods.com\/#organization"},"potentialAction":[{"@type":"SearchAction","target":{"@type":"EntryPoint","urlTemplate":"https:\/\/lapoderosagoods.com\/?s={search_term_string}"},"query-input":"required name=search_term_string"}],"inLanguage":"de-DE"},{"@type":"ImageObject","@id":"https:\/\/lapoderosagoods.com\/produkt\/alclaje-rapido-klickfix-para-alforjas-negro-satinado\/#primaryimage","inLanguage":"de-DE","url":"https:\/\/lapoderosagoods.com\/wp-content\/uploads\/2022\/02\/klickfix-con-1-llave-.jpg","contentUrl":"https:\/\/lapoderosagoods.com\/wp-content\/uploads\/2022\/02\/klickfix-con-1-llave-.jpg","width":760,"height":760},{"@type":"WebPage","@id":"https:\/\/lapoderosagoods.com\/produkt\/alclaje-rapido-klickfix-para-alforjas-negro-satinado\/#webpage","url":"https:\/\/lapoderosagoods.com\/produkt\/alclaje-rapido-klickfix-para-alforjas-negro-satinado\/","name":"Klickfix Schnellbefestigungssystem f\u00fcr unsere Satteltaschen - La Poderosa Goods - Satteltaschen, Gep\u00e4ck und Premium-Motorradzubeh\u00f6r","isPartOf":{"@id":"https:\/\/lapoderosagoods.com\/#website"},"primaryImageOfPage":{"@id":"https:\/\/lapoderosagoods.com\/produkt\/alclaje-rapido-klickfix-para-alforjas-negro-satinado\/#primaryimage"},"datePublished":"2022-02-12T17:47:23+00:00","dateModified":"2026-03-27T14:12:55+00:00","breadcrumb":{"@id":"https:\/\/lapoderosagoods.com\/produkt\/alclaje-rapido-klickfix-para-alforjas-negro-satinado\/#breadcrumb"},"inLanguage":"de-DE","potentialAction":[{"@type":"ReadAction","target":["https:\/\/lapoderosagoods.com\/produkt\/alclaje-rapido-klickfix-para-alforjas-negro-satinado\/"]}]},{"@type":"BreadcrumbList","@id":"https:\/\/lapoderosagoods.com\/produkt\/alclaje-rapido-klickfix-para-alforjas-negro-satinado\/#breadcrumb","itemListElement":[{"@type":"ListItem","position":1,"name":"Portada","item":"https:\/\/lapoderosagoods.com\/"},{"@type":"ListItem","position":2,"name":"Produkte","item":"https:\/\/lapoderosagoods.com\/de\/produkte\/"},{"@type":"ListItem","position":3,"name":"Klickfix Schnellbefestigungssystem f\u00fcr unsere Satteltaschen"}]}]}},"_links":{"self":[{"href":"https:\/\/lapoderosagoods.com\/de\/wp-json\/wp\/v2\/product\/11367"}],"collection":[{"href":"https:\/\/lapoderosagoods.com\/de\/wp-json\/wp\/v2\/product"}],"about":[{"href":"https:\/\/lapoderosagoods.com\/de\/wp-json\/wp\/v2\/types\/product"}],"replies":[{"embeddable":true,"href":"https:\/\/lapoderosagoods.com\/de\/wp-json\/wp\/v2\/comments?post=11367"}],"wp:featuredmedia":[{"embeddable":true,"href":"https:\/\/lapoderosagoods.com\/de\/wp-json\/wp\/v2\/media\/18300"}],"wp:attachment":[{"href":"https:\/\/lapoderosagoods.com\/de\/wp-json\/wp\/v2\/media?parent=11367"}],"wp:term":[{"taxonomy":"product_cat","embeddable":true,"href":"https:\/\/lapoderosagoods.com\/de\/wp-json\/wp\/v2\/product_cat?post=11367"},{"taxonomy":"product_tag","embeddable":true,"href":"https:\/\/lapoderosagoods.com\/de\/wp-json\/wp\/v2\/product_tag?post=11367"}],"curies":[{"name":"wp","href":"https:\/\/api.w.org\/{rel}","templated":true}]}}