{"id":11353,"date":"2022-02-06T13:48:33","date_gmt":"2022-02-06T11:48:33","guid":{"rendered":"https:\/\/lapoderosagoods.com\/?post_type=product&#038;p=11353"},"modified":"2022-11-03T13:09:39","modified_gmt":"2022-11-03T11:09:39","slug":"gepackbrucke-schwarz-fur-royal-enfield-continental-gt-650","status":"publish","type":"product","link":"https:\/\/lapoderosagoods.com\/de\/produkt\/gepackbrucke-schwarz-fur-royal-enfield-continental-gt-650\/","title":{"rendered":"Gep\u00e4ckbr\u00fccke schwarz f\u00fcr Royal Enfield  Continental GT 650"},"content":{"rendered":"<p>Stahlrahmen in satinschwarzer Ausf\u00fchrung, passend f\u00fcr Gep\u00e4ck.<\/p>\n<p>Teil zum Einbau in den Heckrahmen jedes Modells Royal Enfield Continental GT \u00a0650 \u00a0*.<\/p>\n<p>Hochwertige Pulverbeschichtung in Satinschwarz<\/p>\n<p>Einfach und minimalistisch, perfekt auch ohne Gep\u00e4ck.<\/p>\n<p>Kompatibel mit unseren Hecktaschen mit Klickfix system.<\/p>\n<p>Sehr solide Konstruktion f\u00fcr Belastungen bis 8kg.<\/p>\n<p>Robust und leicht, mit weniger als 2 kg Gesamtgewicht.<\/p>\n<p>* Kompatibel mit den folgenden Modellen:<\/p>\n<p>Royal Enfield Interceptor 650<\/p>\n<p>Royal Enfield Continental GT 650<\/p>\n","protected":false},"excerpt":{"rendered":"<p>Stahlrahmen in satinschwarzer Ausf\u00fchrung, passend f\u00fcr Gep\u00e4ck. Teil zum Einbau in den Heckrahmen jedes Modells Royal Enfield Continental GT \u00a0650 \u00a0*. Hochwertige Pulverbeschichtung in Satinschwarz Einfach und minimalistisch, perfekt auch ohne Gep\u00e4ck. Kompatibel mit unseren Hecktaschen mit Klickfix system. Sehr solide Konstruktion f\u00fcr Belastungen bis 8kg. Robust und leicht, mit weniger als 2 kg Gesamtgewicht. [&#8230;]\n","protected":false},"featured_media":12711,"comment_status":"closed","ping_status":"closed","template":"","meta":{"spay_email":""},"product_cat":[540,732],"product_tag":[640],"yoast_head":"<!-- This site is optimized with the Yoast SEO plugin v16.8 - https:\/\/yoast.com\/wordpress\/plugins\/seo\/ -->\n<title>Gep\u00e4ckbr\u00fccke schwarz f\u00fcr Royal Enfield Continental GT 650 - La Poderosa Goods - Satteltaschen, Gep\u00e4ck und Premium-Motorradzubeh\u00f6r<\/title>\n<meta name=\"robots\" content=\"index, follow, max-snippet:-1, max-image-preview:large, max-video-preview:-1\" \/>\n<link rel=\"canonical\" href=\"https:\/\/lapoderosagoods.com\/de\/produkt\/portaequipajes-trasero-para-royal-enfield-650-continental-gt-negro-satinado\/\" \/>\n<meta property=\"og:locale\" content=\"de_DE\" \/>\n<meta property=\"og:type\" content=\"article\" \/>\n<meta property=\"og:title\" content=\"Gep\u00e4ckbr\u00fccke schwarz f\u00fcr Royal Enfield Continental GT 650 - La Poderosa Goods - Satteltaschen, Gep\u00e4ck und Premium-Motorradzubeh\u00f6r\" \/>\n<meta property=\"og:description\" content=\"Stahlrahmen in satinschwarzer Ausf\u00fchrung, passend f\u00fcr Gep\u00e4ck. Teil zum Einbau in den Heckrahmen jedes Modells Royal Enfield Continental GT \u00a0650 \u00a0*. Hochwertige Pulverbeschichtung in Satinschwarz Einfach und minimalistisch, perfekt auch ohne Gep\u00e4ck. Kompatibel mit unseren Hecktaschen mit Klickfix system. Sehr solide Konstruktion f\u00fcr Belastungen bis 8kg. Robust und leicht, mit weniger als 2 kg Gesamtgewicht. [...]\" \/>\n<meta property=\"og:url\" content=\"https:\/\/lapoderosagoods.com\/produkt\/portaequipajes-trasero-para-royal-enfield-650-continental-gt-negro-satinado\/\" \/>\n<meta property=\"og:site_name\" content=\"La Poderosa Goods - Satteltaschen, Gep\u00e4ck und Premium-Motorradzubeh\u00f6r\" \/>\n<meta property=\"article:modified_time\" content=\"2022-11-03T11:09:39+00:00\" \/>\n<meta property=\"og:image\" content=\"https:\/\/lapoderosagoods.com\/wp-content\/uploads\/2022\/02\/porta-maletas-royal-enfield-twin-vista-superior-1-2-scaled.jpg\" \/>\n\t<meta property=\"og:image:width\" content=\"2027\" \/>\n\t<meta property=\"og:image:height\" content=\"2560\" \/>\n<meta name=\"twitter:card\" content=\"summary_large_image\" \/>\n<script type=\"application\/ld+json\" class=\"yoast-schema-graph\">{\"@context\":\"https:\/\/schema.org\",\"@graph\":[{\"@type\":\"Organization\",\"@id\":\"https:\/\/lapoderosagoods.com\/#organization\",\"name\":\"La Poderosa Classic Goods\",\"url\":\"https:\/\/lapoderosagoods.com\/\",\"sameAs\":[],\"logo\":{\"@type\":\"ImageObject\",\"@id\":\"https:\/\/lapoderosagoods.com\/#logo\",\"inLanguage\":\"de-DE\",\"url\":\"https:\/\/lapoderosagoods.com\/wp-content\/uploads\/2019\/10\/poderosa.png\",\"contentUrl\":\"https:\/\/lapoderosagoods.com\/wp-content\/uploads\/2019\/10\/poderosa.png\",\"width\":290,\"height\":209,\"caption\":\"La Poderosa Classic Goods\"},\"image\":{\"@id\":\"https:\/\/lapoderosagoods.com\/#logo\"}},{\"@type\":\"WebSite\",\"@id\":\"https:\/\/lapoderosagoods.com\/#website\",\"url\":\"https:\/\/lapoderosagoods.com\/\",\"name\":\"La Poderosa Goods - Satteltaschen, Gep\\u00e4ck und Premium-Motorradzubeh\\u00f6r\",\"description\":\"Gep\\u00e4ck, St\\u00e4nder, Satteltaschen und Zubeh\\u00f6r f\\u00fcr Klassiker, Caf\\u00e9 Racer oder Adventure Bikes. \",\"publisher\":{\"@id\":\"https:\/\/lapoderosagoods.com\/#organization\"},\"potentialAction\":[{\"@type\":\"SearchAction\",\"target\":{\"@type\":\"EntryPoint\",\"urlTemplate\":\"https:\/\/lapoderosagoods.com\/?s={search_term_string}\"},\"query-input\":\"required name=search_term_string\"}],\"inLanguage\":\"de-DE\"},{\"@type\":\"ImageObject\",\"@id\":\"https:\/\/lapoderosagoods.com\/produkt\/portaequipajes-trasero-para-royal-enfield-650-continental-gt-negro-satinado\/#primaryimage\",\"inLanguage\":\"de-DE\",\"url\":\"https:\/\/lapoderosagoods.com\/wp-content\/uploads\/2022\/02\/porta-maletas-royal-enfield-twin-vista-superior-1-2-scaled.jpg\",\"contentUrl\":\"https:\/\/lapoderosagoods.com\/wp-content\/uploads\/2022\/02\/porta-maletas-royal-enfield-twin-vista-superior-1-2-scaled.jpg\",\"width\":2027,\"height\":2560},{\"@type\":\"WebPage\",\"@id\":\"https:\/\/lapoderosagoods.com\/produkt\/portaequipajes-trasero-para-royal-enfield-650-continental-gt-negro-satinado\/#webpage\",\"url\":\"https:\/\/lapoderosagoods.com\/produkt\/portaequipajes-trasero-para-royal-enfield-650-continental-gt-negro-satinado\/\",\"name\":\"Gep\\u00e4ckbr\\u00fccke schwarz f\\u00fcr Royal Enfield Continental GT 650 - La Poderosa Goods - Satteltaschen, Gep\\u00e4ck und Premium-Motorradzubeh\\u00f6r\",\"isPartOf\":{\"@id\":\"https:\/\/lapoderosagoods.com\/#website\"},\"primaryImageOfPage\":{\"@id\":\"https:\/\/lapoderosagoods.com\/produkt\/portaequipajes-trasero-para-royal-enfield-650-continental-gt-negro-satinado\/#primaryimage\"},\"datePublished\":\"2022-02-06T11:48:33+00:00\",\"dateModified\":\"2022-11-03T11:09:39+00:00\",\"breadcrumb\":{\"@id\":\"https:\/\/lapoderosagoods.com\/produkt\/portaequipajes-trasero-para-royal-enfield-650-continental-gt-negro-satinado\/#breadcrumb\"},\"inLanguage\":\"de-DE\",\"potentialAction\":[{\"@type\":\"ReadAction\",\"target\":[\"https:\/\/lapoderosagoods.com\/produkt\/portaequipajes-trasero-para-royal-enfield-650-continental-gt-negro-satinado\/\"]}]},{\"@type\":\"BreadcrumbList\",\"@id\":\"https:\/\/lapoderosagoods.com\/produkt\/portaequipajes-trasero-para-royal-enfield-650-continental-gt-negro-satinado\/#breadcrumb\",\"itemListElement\":[{\"@type\":\"ListItem\",\"position\":1,\"name\":\"Portada\",\"item\":\"https:\/\/lapoderosagoods.com\/\"},{\"@type\":\"ListItem\",\"position\":2,\"name\":\"Produkte\",\"item\":\"https:\/\/lapoderosagoods.com\/de\/produkte\/\"},{\"@type\":\"ListItem\",\"position\":3,\"name\":\"Gep\\u00e4ckbr\\u00fccke schwarz f\\u00fcr Royal Enfield Continental GT 650\"}]}]}<\/script>\n<!-- \/ Yoast SEO plugin. -->","yoast_head_json":{"title":"Gep\u00e4ckbr\u00fccke schwarz f\u00fcr Royal Enfield Continental GT 650 - La Poderosa Goods - Satteltaschen, Gep\u00e4ck und Premium-Motorradzubeh\u00f6r","robots":{"index":"index","follow":"follow","max-snippet":"max-snippet:-1","max-image-preview":"max-image-preview:large","max-video-preview":"max-video-preview:-1"},"canonical":"https:\/\/lapoderosagoods.com\/de\/produkt\/portaequipajes-trasero-para-royal-enfield-650-continental-gt-negro-satinado\/","og_locale":"de_DE","og_type":"article","og_title":"Gep\u00e4ckbr\u00fccke schwarz f\u00fcr Royal Enfield Continental GT 650 - La Poderosa Goods - Satteltaschen, Gep\u00e4ck und Premium-Motorradzubeh\u00f6r","og_description":"Stahlrahmen in satinschwarzer Ausf\u00fchrung, passend f\u00fcr Gep\u00e4ck. Teil zum Einbau in den Heckrahmen jedes Modells Royal Enfield Continental GT \u00a0650 \u00a0*. Hochwertige Pulverbeschichtung in Satinschwarz Einfach und minimalistisch, perfekt auch ohne Gep\u00e4ck. Kompatibel mit unseren Hecktaschen mit Klickfix system. Sehr solide Konstruktion f\u00fcr Belastungen bis 8kg. Robust und leicht, mit weniger als 2 kg Gesamtgewicht. [...]","og_url":"https:\/\/lapoderosagoods.com\/produkt\/portaequipajes-trasero-para-royal-enfield-650-continental-gt-negro-satinado\/","og_site_name":"La Poderosa Goods - Satteltaschen, Gep\u00e4ck und Premium-Motorradzubeh\u00f6r","article_modified_time":"2022-11-03T11:09:39+00:00","og_image":[{"width":2027,"height":2560,"url":"https:\/\/lapoderosagoods.com\/wp-content\/uploads\/2022\/02\/porta-maletas-royal-enfield-twin-vista-superior-1-2-scaled.jpg","path":"\/home\/spainmot\/lapoderosagoods\/wp-content\/uploads\/2022\/02\/porta-maletas-royal-enfield-twin-vista-superior-1-2-scaled.jpg","size":"full","id":12711,"alt":"","pixels":5189120,"type":"image\/jpeg"}],"twitter_card":"summary_large_image","schema":{"@context":"https:\/\/schema.org","@graph":[{"@type":"Organization","@id":"https:\/\/lapoderosagoods.com\/#organization","name":"La Poderosa Classic Goods","url":"https:\/\/lapoderosagoods.com\/","sameAs":[],"logo":{"@type":"ImageObject","@id":"https:\/\/lapoderosagoods.com\/#logo","inLanguage":"de-DE","url":"https:\/\/lapoderosagoods.com\/wp-content\/uploads\/2019\/10\/poderosa.png","contentUrl":"https:\/\/lapoderosagoods.com\/wp-content\/uploads\/2019\/10\/poderosa.png","width":290,"height":209,"caption":"La Poderosa Classic Goods"},"image":{"@id":"https:\/\/lapoderosagoods.com\/#logo"}},{"@type":"WebSite","@id":"https:\/\/lapoderosagoods.com\/#website","url":"https:\/\/lapoderosagoods.com\/","name":"La Poderosa Goods - Satteltaschen, Gep\u00e4ck und Premium-Motorradzubeh\u00f6r","description":"Gep\u00e4ck, St\u00e4nder, Satteltaschen und Zubeh\u00f6r f\u00fcr Klassiker, Caf\u00e9 Racer oder Adventure Bikes. ","publisher":{"@id":"https:\/\/lapoderosagoods.com\/#organization"},"potentialAction":[{"@type":"SearchAction","target":{"@type":"EntryPoint","urlTemplate":"https:\/\/lapoderosagoods.com\/?s={search_term_string}"},"query-input":"required name=search_term_string"}],"inLanguage":"de-DE"},{"@type":"ImageObject","@id":"https:\/\/lapoderosagoods.com\/produkt\/portaequipajes-trasero-para-royal-enfield-650-continental-gt-negro-satinado\/#primaryimage","inLanguage":"de-DE","url":"https:\/\/lapoderosagoods.com\/wp-content\/uploads\/2022\/02\/porta-maletas-royal-enfield-twin-vista-superior-1-2-scaled.jpg","contentUrl":"https:\/\/lapoderosagoods.com\/wp-content\/uploads\/2022\/02\/porta-maletas-royal-enfield-twin-vista-superior-1-2-scaled.jpg","width":2027,"height":2560},{"@type":"WebPage","@id":"https:\/\/lapoderosagoods.com\/produkt\/portaequipajes-trasero-para-royal-enfield-650-continental-gt-negro-satinado\/#webpage","url":"https:\/\/lapoderosagoods.com\/produkt\/portaequipajes-trasero-para-royal-enfield-650-continental-gt-negro-satinado\/","name":"Gep\u00e4ckbr\u00fccke schwarz f\u00fcr Royal Enfield Continental GT 650 - La Poderosa Goods - Satteltaschen, Gep\u00e4ck und Premium-Motorradzubeh\u00f6r","isPartOf":{"@id":"https:\/\/lapoderosagoods.com\/#website"},"primaryImageOfPage":{"@id":"https:\/\/lapoderosagoods.com\/produkt\/portaequipajes-trasero-para-royal-enfield-650-continental-gt-negro-satinado\/#primaryimage"},"datePublished":"2022-02-06T11:48:33+00:00","dateModified":"2022-11-03T11:09:39+00:00","breadcrumb":{"@id":"https:\/\/lapoderosagoods.com\/produkt\/portaequipajes-trasero-para-royal-enfield-650-continental-gt-negro-satinado\/#breadcrumb"},"inLanguage":"de-DE","potentialAction":[{"@type":"ReadAction","target":["https:\/\/lapoderosagoods.com\/produkt\/portaequipajes-trasero-para-royal-enfield-650-continental-gt-negro-satinado\/"]}]},{"@type":"BreadcrumbList","@id":"https:\/\/lapoderosagoods.com\/produkt\/portaequipajes-trasero-para-royal-enfield-650-continental-gt-negro-satinado\/#breadcrumb","itemListElement":[{"@type":"ListItem","position":1,"name":"Portada","item":"https:\/\/lapoderosagoods.com\/"},{"@type":"ListItem","position":2,"name":"Produkte","item":"https:\/\/lapoderosagoods.com\/de\/produkte\/"},{"@type":"ListItem","position":3,"name":"Gep\u00e4ckbr\u00fccke schwarz f\u00fcr Royal Enfield Continental GT 650"}]}]}},"_links":{"self":[{"href":"https:\/\/lapoderosagoods.com\/de\/wp-json\/wp\/v2\/product\/11353"}],"collection":[{"href":"https:\/\/lapoderosagoods.com\/de\/wp-json\/wp\/v2\/product"}],"about":[{"href":"https:\/\/lapoderosagoods.com\/de\/wp-json\/wp\/v2\/types\/product"}],"replies":[{"embeddable":true,"href":"https:\/\/lapoderosagoods.com\/de\/wp-json\/wp\/v2\/comments?post=11353"}],"wp:featuredmedia":[{"embeddable":true,"href":"https:\/\/lapoderosagoods.com\/de\/wp-json\/wp\/v2\/media\/12711"}],"wp:attachment":[{"href":"https:\/\/lapoderosagoods.com\/de\/wp-json\/wp\/v2\/media?parent=11353"}],"wp:term":[{"taxonomy":"product_cat","embeddable":true,"href":"https:\/\/lapoderosagoods.com\/de\/wp-json\/wp\/v2\/product_cat?post=11353"},{"taxonomy":"product_tag","embeddable":true,"href":"https:\/\/lapoderosagoods.com\/de\/wp-json\/wp\/v2\/product_tag?post=11353"}],"curies":[{"name":"wp","href":"https:\/\/api.w.org\/{rel}","templated":true}]}}