{"id":11220,"date":"2022-01-26T10:20:51","date_gmt":"2022-01-26T08:20:51","guid":{"rendered":"https:\/\/lapoderosagoods.com\/?post_type=product&#038;p=11220"},"modified":"2023-03-14T14:26:16","modified_gmt":"2023-03-14T12:26:16","slug":"satteltaschenhalter-linke-seite-harley-davidson-sportster-s-1250-satinschwarz","status":"publish","type":"product","link":"https:\/\/lapoderosagoods.com\/de\/produkt\/satteltaschenhalter-linke-seite-harley-davidson-sportster-s-1250-satinschwarz\/","title":{"rendered":"Satteltaschenhalter (linke Seite) Harley Davidson Sportster S 1250  satinschwarz"},"content":{"rendered":"<div class=\"product-single__description rte\">\n<p class=\"s3\"><span class=\"s2\">Harley Davidson Sportster S 1250 \u00a0Linke Seite aus satinschwarzem Stahlrahmen \u00a0<\/span><\/p>\n<p class=\"s3\"><span class=\"s2\">\u00a0Design<\/span><span class=\"s2\">\u00a0zum Anschrauben des hinteren Hilfsrahmens, nur auf der linken Seite, <\/span><span class=\"s2\">mit zwei Schrauben und dem hinteren Verst\u00e4rkungsb\u00fcgel.<\/span><\/p>\n<p class=\"s3\"><span class=\"s2\">Eingebrannte Oberfl\u00e4che mit hochbest\u00e4ndiger Epoxidfarbe.<\/span><\/p>\n<p class=\"s3\"><span class=\"s2\">\u00a0Klassic<\/span><span class=\"s2\">\u00a0und minimalistisch, perfekt auch mit der entfernten Seitentasche.<\/span><\/p>\n<p class=\"s3\"><span class=\"s2\">Sehr solide Struktur f\u00fcr Lasten von bis zu 8 kg pro Tasche.<\/span><\/p>\n<p class=\"s3\"><span class=\"s2\">* Kompatibel mit folgenden Modellen:<\/span><\/p>\n<p class=\"s3\"><span class=\"s2\">Harley Davidson Sportster S 1250 <\/span><\/p>\n<p class=\"s3\">\n<\/div>\n","protected":false},"excerpt":{"rendered":"<p>Harley Davidson Sportster S 1250 \u00a0Linke Seite aus satinschwarzem Stahlrahmen \u00a0 \u00a0Design\u00a0zum Anschrauben des hinteren Hilfsrahmens, nur auf der linken Seite, mit zwei Schrauben und dem hinteren Verst\u00e4rkungsb\u00fcgel. Eingebrannte Oberfl\u00e4che mit hochbest\u00e4ndiger Epoxidfarbe. \u00a0Klassic\u00a0und minimalistisch, perfekt auch mit der entfernten Seitentasche. Sehr solide Struktur f\u00fcr Lasten von bis zu 8 kg pro Tasche. * Kompatibel [&#8230;]\n","protected":false},"featured_media":11558,"comment_status":"closed","ping_status":"closed","template":"","meta":{"spay_email":""},"product_cat":[711,131,96],"product_tag":[560],"yoast_head":"<!-- This site is optimized with the Yoast SEO plugin v16.8 - https:\/\/yoast.com\/wordpress\/plugins\/seo\/ -->\n<title>Satteltaschenhalter (linke Seite) Harley Davidson Sportster S 1250 satinschwarz - La Poderosa Goods - Satteltaschen, Gep\u00e4ck und Premium-Motorradzubeh\u00f6r<\/title>\n<meta name=\"robots\" content=\"index, follow, max-snippet:-1, max-image-preview:large, max-video-preview:-1\" \/>\n<link rel=\"canonical\" href=\"https:\/\/lapoderosagoods.com\/de\/produkt\/soporte-para-alforja-lado-izquierdo-harley-davidson-sportster-s-1250-negro-satinado\/\" \/>\n<meta property=\"og:locale\" content=\"de_DE\" \/>\n<meta property=\"og:type\" content=\"article\" \/>\n<meta property=\"og:title\" content=\"Satteltaschenhalter (linke Seite) Harley Davidson Sportster S 1250 satinschwarz - La Poderosa Goods - Satteltaschen, Gep\u00e4ck und Premium-Motorradzubeh\u00f6r\" \/>\n<meta property=\"og:description\" content=\"Harley Davidson Sportster S 1250 \u00a0Linke Seite aus satinschwarzem Stahlrahmen \u00a0 \u00a0Design\u00a0zum Anschrauben des hinteren Hilfsrahmens, nur auf der linken Seite, mit zwei Schrauben und dem hinteren Verst\u00e4rkungsb\u00fcgel. Eingebrannte Oberfl\u00e4che mit hochbest\u00e4ndiger Epoxidfarbe. \u00a0Klassic\u00a0und minimalistisch, perfekt auch mit der entfernten Seitentasche. Sehr solide Struktur f\u00fcr Lasten von bis zu 8 kg pro Tasche. * Kompatibel [...]\" \/>\n<meta property=\"og:url\" content=\"https:\/\/lapoderosagoods.com\/produkt\/soporte-para-alforja-lado-izquierdo-harley-davidson-sportster-s-1250-negro-satinado\/\" \/>\n<meta property=\"og:site_name\" content=\"La Poderosa Goods - Satteltaschen, Gep\u00e4ck und Premium-Motorradzubeh\u00f6r\" \/>\n<meta property=\"article:modified_time\" content=\"2023-03-14T12:26:16+00:00\" \/>\n<meta property=\"og:image\" content=\"https:\/\/lapoderosagoods.com\/wp-content\/uploads\/2022\/01\/HD-sportster-1250-soporte-LHS-scaled.jpg\" \/>\n\t<meta property=\"og:image:width\" content=\"2560\" \/>\n\t<meta property=\"og:image:height\" content=\"1920\" \/>\n<meta name=\"twitter:card\" content=\"summary_large_image\" \/>\n<script type=\"application\/ld+json\" class=\"yoast-schema-graph\">{\"@context\":\"https:\/\/schema.org\",\"@graph\":[{\"@type\":\"Organization\",\"@id\":\"https:\/\/lapoderosagoods.com\/#organization\",\"name\":\"La Poderosa Classic Goods\",\"url\":\"https:\/\/lapoderosagoods.com\/\",\"sameAs\":[],\"logo\":{\"@type\":\"ImageObject\",\"@id\":\"https:\/\/lapoderosagoods.com\/#logo\",\"inLanguage\":\"de-DE\",\"url\":\"https:\/\/lapoderosagoods.com\/wp-content\/uploads\/2019\/10\/poderosa.png\",\"contentUrl\":\"https:\/\/lapoderosagoods.com\/wp-content\/uploads\/2019\/10\/poderosa.png\",\"width\":290,\"height\":209,\"caption\":\"La Poderosa Classic Goods\"},\"image\":{\"@id\":\"https:\/\/lapoderosagoods.com\/#logo\"}},{\"@type\":\"WebSite\",\"@id\":\"https:\/\/lapoderosagoods.com\/#website\",\"url\":\"https:\/\/lapoderosagoods.com\/\",\"name\":\"La Poderosa Goods - Satteltaschen, Gep\\u00e4ck und Premium-Motorradzubeh\\u00f6r\",\"description\":\"Gep\\u00e4ck, St\\u00e4nder, Satteltaschen und Zubeh\\u00f6r f\\u00fcr Klassiker, Caf\\u00e9 Racer oder Adventure Bikes. \",\"publisher\":{\"@id\":\"https:\/\/lapoderosagoods.com\/#organization\"},\"potentialAction\":[{\"@type\":\"SearchAction\",\"target\":{\"@type\":\"EntryPoint\",\"urlTemplate\":\"https:\/\/lapoderosagoods.com\/?s={search_term_string}\"},\"query-input\":\"required name=search_term_string\"}],\"inLanguage\":\"de-DE\"},{\"@type\":\"ImageObject\",\"@id\":\"https:\/\/lapoderosagoods.com\/produkt\/soporte-para-alforja-lado-izquierdo-harley-davidson-sportster-s-1250-negro-satinado\/#primaryimage\",\"inLanguage\":\"de-DE\",\"url\":\"https:\/\/lapoderosagoods.com\/wp-content\/uploads\/2022\/01\/HD-sportster-1250-soporte-LHS-scaled.jpg\",\"contentUrl\":\"https:\/\/lapoderosagoods.com\/wp-content\/uploads\/2022\/01\/HD-sportster-1250-soporte-LHS-scaled.jpg\",\"width\":2560,\"height\":1920},{\"@type\":\"WebPage\",\"@id\":\"https:\/\/lapoderosagoods.com\/produkt\/soporte-para-alforja-lado-izquierdo-harley-davidson-sportster-s-1250-negro-satinado\/#webpage\",\"url\":\"https:\/\/lapoderosagoods.com\/produkt\/soporte-para-alforja-lado-izquierdo-harley-davidson-sportster-s-1250-negro-satinado\/\",\"name\":\"Satteltaschenhalter (linke Seite) Harley Davidson Sportster S 1250 satinschwarz - La Poderosa Goods - Satteltaschen, Gep\\u00e4ck und Premium-Motorradzubeh\\u00f6r\",\"isPartOf\":{\"@id\":\"https:\/\/lapoderosagoods.com\/#website\"},\"primaryImageOfPage\":{\"@id\":\"https:\/\/lapoderosagoods.com\/produkt\/soporte-para-alforja-lado-izquierdo-harley-davidson-sportster-s-1250-negro-satinado\/#primaryimage\"},\"datePublished\":\"2022-01-26T08:20:51+00:00\",\"dateModified\":\"2023-03-14T12:26:16+00:00\",\"breadcrumb\":{\"@id\":\"https:\/\/lapoderosagoods.com\/produkt\/soporte-para-alforja-lado-izquierdo-harley-davidson-sportster-s-1250-negro-satinado\/#breadcrumb\"},\"inLanguage\":\"de-DE\",\"potentialAction\":[{\"@type\":\"ReadAction\",\"target\":[\"https:\/\/lapoderosagoods.com\/produkt\/soporte-para-alforja-lado-izquierdo-harley-davidson-sportster-s-1250-negro-satinado\/\"]}]},{\"@type\":\"BreadcrumbList\",\"@id\":\"https:\/\/lapoderosagoods.com\/produkt\/soporte-para-alforja-lado-izquierdo-harley-davidson-sportster-s-1250-negro-satinado\/#breadcrumb\",\"itemListElement\":[{\"@type\":\"ListItem\",\"position\":1,\"name\":\"Portada\",\"item\":\"https:\/\/lapoderosagoods.com\/\"},{\"@type\":\"ListItem\",\"position\":2,\"name\":\"Produkte\",\"item\":\"https:\/\/lapoderosagoods.com\/de\/produkte\/\"},{\"@type\":\"ListItem\",\"position\":3,\"name\":\"Satteltaschenhalter (linke Seite) Harley Davidson Sportster S 1250 satinschwarz\"}]}]}<\/script>\n<!-- \/ Yoast SEO plugin. -->","yoast_head_json":{"title":"Satteltaschenhalter (linke Seite) Harley Davidson Sportster S 1250 satinschwarz - La Poderosa Goods - Satteltaschen, Gep\u00e4ck und Premium-Motorradzubeh\u00f6r","robots":{"index":"index","follow":"follow","max-snippet":"max-snippet:-1","max-image-preview":"max-image-preview:large","max-video-preview":"max-video-preview:-1"},"canonical":"https:\/\/lapoderosagoods.com\/de\/produkt\/soporte-para-alforja-lado-izquierdo-harley-davidson-sportster-s-1250-negro-satinado\/","og_locale":"de_DE","og_type":"article","og_title":"Satteltaschenhalter (linke Seite) Harley Davidson Sportster S 1250 satinschwarz - La Poderosa Goods - Satteltaschen, Gep\u00e4ck und Premium-Motorradzubeh\u00f6r","og_description":"Harley Davidson Sportster S 1250 \u00a0Linke Seite aus satinschwarzem Stahlrahmen \u00a0 \u00a0Design\u00a0zum Anschrauben des hinteren Hilfsrahmens, nur auf der linken Seite, mit zwei Schrauben und dem hinteren Verst\u00e4rkungsb\u00fcgel. Eingebrannte Oberfl\u00e4che mit hochbest\u00e4ndiger Epoxidfarbe. \u00a0Klassic\u00a0und minimalistisch, perfekt auch mit der entfernten Seitentasche. Sehr solide Struktur f\u00fcr Lasten von bis zu 8 kg pro Tasche. * Kompatibel [...]","og_url":"https:\/\/lapoderosagoods.com\/produkt\/soporte-para-alforja-lado-izquierdo-harley-davidson-sportster-s-1250-negro-satinado\/","og_site_name":"La Poderosa Goods - Satteltaschen, Gep\u00e4ck und Premium-Motorradzubeh\u00f6r","article_modified_time":"2023-03-14T12:26:16+00:00","og_image":[{"width":2560,"height":1920,"url":"https:\/\/lapoderosagoods.com\/wp-content\/uploads\/2022\/01\/HD-sportster-1250-soporte-LHS-scaled.jpg","path":"\/home\/spainmot\/lapoderosagoods\/wp-content\/uploads\/2022\/01\/HD-sportster-1250-soporte-LHS-scaled.jpg","size":"full","id":11558,"alt":"","pixels":4915200,"type":"image\/jpeg"}],"twitter_card":"summary_large_image","schema":{"@context":"https:\/\/schema.org","@graph":[{"@type":"Organization","@id":"https:\/\/lapoderosagoods.com\/#organization","name":"La Poderosa Classic Goods","url":"https:\/\/lapoderosagoods.com\/","sameAs":[],"logo":{"@type":"ImageObject","@id":"https:\/\/lapoderosagoods.com\/#logo","inLanguage":"de-DE","url":"https:\/\/lapoderosagoods.com\/wp-content\/uploads\/2019\/10\/poderosa.png","contentUrl":"https:\/\/lapoderosagoods.com\/wp-content\/uploads\/2019\/10\/poderosa.png","width":290,"height":209,"caption":"La Poderosa Classic Goods"},"image":{"@id":"https:\/\/lapoderosagoods.com\/#logo"}},{"@type":"WebSite","@id":"https:\/\/lapoderosagoods.com\/#website","url":"https:\/\/lapoderosagoods.com\/","name":"La Poderosa Goods - Satteltaschen, Gep\u00e4ck und Premium-Motorradzubeh\u00f6r","description":"Gep\u00e4ck, St\u00e4nder, Satteltaschen und Zubeh\u00f6r f\u00fcr Klassiker, Caf\u00e9 Racer oder Adventure Bikes. ","publisher":{"@id":"https:\/\/lapoderosagoods.com\/#organization"},"potentialAction":[{"@type":"SearchAction","target":{"@type":"EntryPoint","urlTemplate":"https:\/\/lapoderosagoods.com\/?s={search_term_string}"},"query-input":"required name=search_term_string"}],"inLanguage":"de-DE"},{"@type":"ImageObject","@id":"https:\/\/lapoderosagoods.com\/produkt\/soporte-para-alforja-lado-izquierdo-harley-davidson-sportster-s-1250-negro-satinado\/#primaryimage","inLanguage":"de-DE","url":"https:\/\/lapoderosagoods.com\/wp-content\/uploads\/2022\/01\/HD-sportster-1250-soporte-LHS-scaled.jpg","contentUrl":"https:\/\/lapoderosagoods.com\/wp-content\/uploads\/2022\/01\/HD-sportster-1250-soporte-LHS-scaled.jpg","width":2560,"height":1920},{"@type":"WebPage","@id":"https:\/\/lapoderosagoods.com\/produkt\/soporte-para-alforja-lado-izquierdo-harley-davidson-sportster-s-1250-negro-satinado\/#webpage","url":"https:\/\/lapoderosagoods.com\/produkt\/soporte-para-alforja-lado-izquierdo-harley-davidson-sportster-s-1250-negro-satinado\/","name":"Satteltaschenhalter (linke Seite) Harley Davidson Sportster S 1250 satinschwarz - La Poderosa Goods - Satteltaschen, Gep\u00e4ck und Premium-Motorradzubeh\u00f6r","isPartOf":{"@id":"https:\/\/lapoderosagoods.com\/#website"},"primaryImageOfPage":{"@id":"https:\/\/lapoderosagoods.com\/produkt\/soporte-para-alforja-lado-izquierdo-harley-davidson-sportster-s-1250-negro-satinado\/#primaryimage"},"datePublished":"2022-01-26T08:20:51+00:00","dateModified":"2023-03-14T12:26:16+00:00","breadcrumb":{"@id":"https:\/\/lapoderosagoods.com\/produkt\/soporte-para-alforja-lado-izquierdo-harley-davidson-sportster-s-1250-negro-satinado\/#breadcrumb"},"inLanguage":"de-DE","potentialAction":[{"@type":"ReadAction","target":["https:\/\/lapoderosagoods.com\/produkt\/soporte-para-alforja-lado-izquierdo-harley-davidson-sportster-s-1250-negro-satinado\/"]}]},{"@type":"BreadcrumbList","@id":"https:\/\/lapoderosagoods.com\/produkt\/soporte-para-alforja-lado-izquierdo-harley-davidson-sportster-s-1250-negro-satinado\/#breadcrumb","itemListElement":[{"@type":"ListItem","position":1,"name":"Portada","item":"https:\/\/lapoderosagoods.com\/"},{"@type":"ListItem","position":2,"name":"Produkte","item":"https:\/\/lapoderosagoods.com\/de\/produkte\/"},{"@type":"ListItem","position":3,"name":"Satteltaschenhalter (linke Seite) Harley Davidson Sportster S 1250 satinschwarz"}]}]}},"_links":{"self":[{"href":"https:\/\/lapoderosagoods.com\/de\/wp-json\/wp\/v2\/product\/11220"}],"collection":[{"href":"https:\/\/lapoderosagoods.com\/de\/wp-json\/wp\/v2\/product"}],"about":[{"href":"https:\/\/lapoderosagoods.com\/de\/wp-json\/wp\/v2\/types\/product"}],"replies":[{"embeddable":true,"href":"https:\/\/lapoderosagoods.com\/de\/wp-json\/wp\/v2\/comments?post=11220"}],"wp:featuredmedia":[{"embeddable":true,"href":"https:\/\/lapoderosagoods.com\/de\/wp-json\/wp\/v2\/media\/11558"}],"wp:attachment":[{"href":"https:\/\/lapoderosagoods.com\/de\/wp-json\/wp\/v2\/media?parent=11220"}],"wp:term":[{"taxonomy":"product_cat","embeddable":true,"href":"https:\/\/lapoderosagoods.com\/de\/wp-json\/wp\/v2\/product_cat?post=11220"},{"taxonomy":"product_tag","embeddable":true,"href":"https:\/\/lapoderosagoods.com\/de\/wp-json\/wp\/v2\/product_tag?post=11220"}],"curies":[{"name":"wp","href":"https:\/\/api.w.org\/{rel}","templated":true}]}}