{"id":11199,"date":"2022-01-18T19:40:47","date_gmt":"2022-01-18T17:40:47","guid":{"rendered":"https:\/\/lapoderosagoods.com\/?post_type=product&#038;p=11199"},"modified":"2022-01-19T10:46:29","modified_gmt":"2022-01-19T08:46:29","slug":"seitentrager-fur-aprilia-tuareg-660-satinschwarz","status":"publish","type":"product","link":"https:\/\/lapoderosagoods.com\/de\/produkt\/seitentrager-fur-aprilia-tuareg-660-satinschwarz\/","title":{"rendered":"Seitentr\u00e4ger fur Aprilia Tuareg 660 satinschwarz"},"content":{"rendered":"<div class=\"product-single__description rte\">\n<p class=\"s3\"><span class=\"s2\"><b>Seitentr\u00e4ger\u00a0<\/b>in satinschwarzer Ausf\u00fchrung f\u00fcr 2 Satteltaschen (1 auf jeder Seite).<\/span><\/p>\n<p class=\"s3\"><span class=\"s2\">T<\/span><span class=\"s2\">eiliges <\/span><span class=\"s2\">Design <\/span><span class=\"s2\">\u2013 <\/span><span class=\"s2\">Tupel zum Einf\u00e4deln in den hinteren Hilfsrahmen jedes Modells Aprilia Tuareg 660 *\u00a0 <\/span><span class=\"s2\">durch Schrauben.\u00a0<\/span><\/p>\n<p class=\"s3\"><span class=\"s2\">Eingebrannte Oberfl\u00e4che mit hochbest\u00e4ndiger Epoxidfarbe.<\/span><\/p>\n<p class=\"s3\"><span class=\"s2\">Classik<\/span><span class=\"s2\">\u00a0und minimalistisch, perfekt auch mit der entfernten Seitentasche.<\/span><\/p>\n<p class=\"s3\"><span class=\"s2\">Sehr solide Struktur f\u00fcr Lasten von bis zu 8 kg pro Tasche.<\/span><\/p>\n<p class=\"s3\"><span class=\"s2\">* Kompatibel mit folgenden Modellen:<\/span><\/p>\n<p class=\"s3\"><span class=\"s2\">\u00a0Aprilia Tuareg 660<\/span><\/p>\n<\/div>\n","protected":false},"excerpt":{"rendered":"<p>Seitentr\u00e4ger\u00a0in satinschwarzer Ausf\u00fchrung f\u00fcr 2 Satteltaschen (1 auf jeder Seite). Teiliges Design \u2013 Tupel zum Einf\u00e4deln in den hinteren Hilfsrahmen jedes Modells Aprilia Tuareg 660 *\u00a0 durch Schrauben.\u00a0 Eingebrannte Oberfl\u00e4che mit hochbest\u00e4ndiger Epoxidfarbe. Classik\u00a0und minimalistisch, perfekt auch mit der entfernten Seitentasche. Sehr solide Struktur f\u00fcr Lasten von bis zu 8 kg pro Tasche. * Kompatibel [&#8230;]\n","protected":false},"featured_media":11886,"comment_status":"closed","ping_status":"closed","template":"","meta":{"spay_email":""},"product_cat":[699,552,96],"product_tag":[776],"yoast_head":"<!-- This site is optimized with the Yoast SEO plugin v16.8 - https:\/\/yoast.com\/wordpress\/plugins\/seo\/ -->\n<title>Seitentr\u00e4ger fur Aprilia Tuareg 660 satinschwarz - La Poderosa Goods - Satteltaschen, Gep\u00e4ck und Premium-Motorradzubeh\u00f6r<\/title>\n<meta name=\"robots\" content=\"index, follow, max-snippet:-1, max-image-preview:large, max-video-preview:-1\" \/>\n<link rel=\"canonical\" href=\"https:\/\/lapoderosagoods.com\/de\/produkt\/soporte-para-alforjas-aprilia-tuareg-660-negro-satinado-copia\/\" \/>\n<meta property=\"og:locale\" content=\"de_DE\" \/>\n<meta property=\"og:type\" content=\"article\" \/>\n<meta property=\"og:title\" content=\"Seitentr\u00e4ger fur Aprilia Tuareg 660 satinschwarz - La Poderosa Goods - Satteltaschen, Gep\u00e4ck und Premium-Motorradzubeh\u00f6r\" \/>\n<meta property=\"og:description\" content=\"Seitentr\u00e4ger\u00a0in satinschwarzer Ausf\u00fchrung f\u00fcr 2 Satteltaschen (1 auf jeder Seite). Teiliges Design \u2013 Tupel zum Einf\u00e4deln in den hinteren Hilfsrahmen jedes Modells Aprilia Tuareg 660 *\u00a0 durch Schrauben.\u00a0 Eingebrannte Oberfl\u00e4che mit hochbest\u00e4ndiger Epoxidfarbe. Classik\u00a0und minimalistisch, perfekt auch mit der entfernten Seitentasche. Sehr solide Struktur f\u00fcr Lasten von bis zu 8 kg pro Tasche. * Kompatibel [...]\" \/>\n<meta property=\"og:url\" content=\"https:\/\/lapoderosagoods.com\/produkt\/soporte-para-alforjas-aprilia-tuareg-660-negro-satinado-copia\/\" \/>\n<meta property=\"og:site_name\" content=\"La Poderosa Goods - Satteltaschen, Gep\u00e4ck und Premium-Motorradzubeh\u00f6r\" \/>\n<meta property=\"article:modified_time\" content=\"2022-01-19T08:46:29+00:00\" \/>\n<meta property=\"og:image\" content=\"https:\/\/lapoderosagoods.com\/wp-content\/uploads\/2022\/01\/aprilia-tuareg-660-top-view-silueteada--scaled.jpg\" \/>\n\t<meta property=\"og:image:width\" content=\"2560\" \/>\n\t<meta property=\"og:image:height\" content=\"2082\" \/>\n<meta name=\"twitter:card\" content=\"summary_large_image\" \/>\n<script type=\"application\/ld+json\" class=\"yoast-schema-graph\">{\"@context\":\"https:\/\/schema.org\",\"@graph\":[{\"@type\":\"Organization\",\"@id\":\"https:\/\/lapoderosagoods.com\/#organization\",\"name\":\"La Poderosa Classic Goods\",\"url\":\"https:\/\/lapoderosagoods.com\/\",\"sameAs\":[],\"logo\":{\"@type\":\"ImageObject\",\"@id\":\"https:\/\/lapoderosagoods.com\/#logo\",\"inLanguage\":\"de-DE\",\"url\":\"https:\/\/lapoderosagoods.com\/wp-content\/uploads\/2019\/10\/poderosa.png\",\"contentUrl\":\"https:\/\/lapoderosagoods.com\/wp-content\/uploads\/2019\/10\/poderosa.png\",\"width\":290,\"height\":209,\"caption\":\"La Poderosa Classic Goods\"},\"image\":{\"@id\":\"https:\/\/lapoderosagoods.com\/#logo\"}},{\"@type\":\"WebSite\",\"@id\":\"https:\/\/lapoderosagoods.com\/#website\",\"url\":\"https:\/\/lapoderosagoods.com\/\",\"name\":\"La Poderosa Goods - Satteltaschen, Gep\\u00e4ck und Premium-Motorradzubeh\\u00f6r\",\"description\":\"Gep\\u00e4ck, St\\u00e4nder, Satteltaschen und Zubeh\\u00f6r f\\u00fcr Klassiker, Caf\\u00e9 Racer oder Adventure Bikes. \",\"publisher\":{\"@id\":\"https:\/\/lapoderosagoods.com\/#organization\"},\"potentialAction\":[{\"@type\":\"SearchAction\",\"target\":{\"@type\":\"EntryPoint\",\"urlTemplate\":\"https:\/\/lapoderosagoods.com\/?s={search_term_string}\"},\"query-input\":\"required name=search_term_string\"}],\"inLanguage\":\"de-DE\"},{\"@type\":\"ImageObject\",\"@id\":\"https:\/\/lapoderosagoods.com\/produkt\/soporte-para-alforjas-aprilia-tuareg-660-negro-satinado-copia\/#primaryimage\",\"inLanguage\":\"de-DE\",\"url\":\"https:\/\/lapoderosagoods.com\/wp-content\/uploads\/2022\/01\/aprilia-tuareg-660-top-view-silueteada--scaled.jpg\",\"contentUrl\":\"https:\/\/lapoderosagoods.com\/wp-content\/uploads\/2022\/01\/aprilia-tuareg-660-top-view-silueteada--scaled.jpg\",\"width\":2560,\"height\":2082},{\"@type\":\"WebPage\",\"@id\":\"https:\/\/lapoderosagoods.com\/produkt\/soporte-para-alforjas-aprilia-tuareg-660-negro-satinado-copia\/#webpage\",\"url\":\"https:\/\/lapoderosagoods.com\/produkt\/soporte-para-alforjas-aprilia-tuareg-660-negro-satinado-copia\/\",\"name\":\"Seitentr\\u00e4ger fur Aprilia Tuareg 660 satinschwarz - La Poderosa Goods - Satteltaschen, Gep\\u00e4ck und Premium-Motorradzubeh\\u00f6r\",\"isPartOf\":{\"@id\":\"https:\/\/lapoderosagoods.com\/#website\"},\"primaryImageOfPage\":{\"@id\":\"https:\/\/lapoderosagoods.com\/produkt\/soporte-para-alforjas-aprilia-tuareg-660-negro-satinado-copia\/#primaryimage\"},\"datePublished\":\"2022-01-18T17:40:47+00:00\",\"dateModified\":\"2022-01-19T08:46:29+00:00\",\"breadcrumb\":{\"@id\":\"https:\/\/lapoderosagoods.com\/produkt\/soporte-para-alforjas-aprilia-tuareg-660-negro-satinado-copia\/#breadcrumb\"},\"inLanguage\":\"de-DE\",\"potentialAction\":[{\"@type\":\"ReadAction\",\"target\":[\"https:\/\/lapoderosagoods.com\/produkt\/soporte-para-alforjas-aprilia-tuareg-660-negro-satinado-copia\/\"]}]},{\"@type\":\"BreadcrumbList\",\"@id\":\"https:\/\/lapoderosagoods.com\/produkt\/soporte-para-alforjas-aprilia-tuareg-660-negro-satinado-copia\/#breadcrumb\",\"itemListElement\":[{\"@type\":\"ListItem\",\"position\":1,\"name\":\"Portada\",\"item\":\"https:\/\/lapoderosagoods.com\/\"},{\"@type\":\"ListItem\",\"position\":2,\"name\":\"Produkte\",\"item\":\"https:\/\/lapoderosagoods.com\/de\/produkte\/\"},{\"@type\":\"ListItem\",\"position\":3,\"name\":\"Seitentr\\u00e4ger fur Aprilia Tuareg 660 satinschwarz\"}]}]}<\/script>\n<!-- \/ Yoast SEO plugin. -->","yoast_head_json":{"title":"Seitentr\u00e4ger fur Aprilia Tuareg 660 satinschwarz - La Poderosa Goods - Satteltaschen, Gep\u00e4ck und Premium-Motorradzubeh\u00f6r","robots":{"index":"index","follow":"follow","max-snippet":"max-snippet:-1","max-image-preview":"max-image-preview:large","max-video-preview":"max-video-preview:-1"},"canonical":"https:\/\/lapoderosagoods.com\/de\/produkt\/soporte-para-alforjas-aprilia-tuareg-660-negro-satinado-copia\/","og_locale":"de_DE","og_type":"article","og_title":"Seitentr\u00e4ger fur Aprilia Tuareg 660 satinschwarz - La Poderosa Goods - Satteltaschen, Gep\u00e4ck und Premium-Motorradzubeh\u00f6r","og_description":"Seitentr\u00e4ger\u00a0in satinschwarzer Ausf\u00fchrung f\u00fcr 2 Satteltaschen (1 auf jeder Seite). Teiliges Design \u2013 Tupel zum Einf\u00e4deln in den hinteren Hilfsrahmen jedes Modells Aprilia Tuareg 660 *\u00a0 durch Schrauben.\u00a0 Eingebrannte Oberfl\u00e4che mit hochbest\u00e4ndiger Epoxidfarbe. Classik\u00a0und minimalistisch, perfekt auch mit der entfernten Seitentasche. Sehr solide Struktur f\u00fcr Lasten von bis zu 8 kg pro Tasche. * Kompatibel [...]","og_url":"https:\/\/lapoderosagoods.com\/produkt\/soporte-para-alforjas-aprilia-tuareg-660-negro-satinado-copia\/","og_site_name":"La Poderosa Goods - Satteltaschen, Gep\u00e4ck und Premium-Motorradzubeh\u00f6r","article_modified_time":"2022-01-19T08:46:29+00:00","og_image":[{"width":2560,"height":2082,"url":"https:\/\/lapoderosagoods.com\/wp-content\/uploads\/2022\/01\/aprilia-tuareg-660-top-view-silueteada--scaled.jpg","path":"\/home\/spainmot\/lapoderosagoods\/wp-content\/uploads\/2022\/01\/aprilia-tuareg-660-top-view-silueteada--scaled.jpg","size":"full","id":11886,"alt":"","pixels":5329920,"type":"image\/jpeg"}],"twitter_card":"summary_large_image","schema":{"@context":"https:\/\/schema.org","@graph":[{"@type":"Organization","@id":"https:\/\/lapoderosagoods.com\/#organization","name":"La Poderosa Classic Goods","url":"https:\/\/lapoderosagoods.com\/","sameAs":[],"logo":{"@type":"ImageObject","@id":"https:\/\/lapoderosagoods.com\/#logo","inLanguage":"de-DE","url":"https:\/\/lapoderosagoods.com\/wp-content\/uploads\/2019\/10\/poderosa.png","contentUrl":"https:\/\/lapoderosagoods.com\/wp-content\/uploads\/2019\/10\/poderosa.png","width":290,"height":209,"caption":"La Poderosa Classic Goods"},"image":{"@id":"https:\/\/lapoderosagoods.com\/#logo"}},{"@type":"WebSite","@id":"https:\/\/lapoderosagoods.com\/#website","url":"https:\/\/lapoderosagoods.com\/","name":"La Poderosa Goods - Satteltaschen, Gep\u00e4ck und Premium-Motorradzubeh\u00f6r","description":"Gep\u00e4ck, St\u00e4nder, Satteltaschen und Zubeh\u00f6r f\u00fcr Klassiker, Caf\u00e9 Racer oder Adventure Bikes. ","publisher":{"@id":"https:\/\/lapoderosagoods.com\/#organization"},"potentialAction":[{"@type":"SearchAction","target":{"@type":"EntryPoint","urlTemplate":"https:\/\/lapoderosagoods.com\/?s={search_term_string}"},"query-input":"required name=search_term_string"}],"inLanguage":"de-DE"},{"@type":"ImageObject","@id":"https:\/\/lapoderosagoods.com\/produkt\/soporte-para-alforjas-aprilia-tuareg-660-negro-satinado-copia\/#primaryimage","inLanguage":"de-DE","url":"https:\/\/lapoderosagoods.com\/wp-content\/uploads\/2022\/01\/aprilia-tuareg-660-top-view-silueteada--scaled.jpg","contentUrl":"https:\/\/lapoderosagoods.com\/wp-content\/uploads\/2022\/01\/aprilia-tuareg-660-top-view-silueteada--scaled.jpg","width":2560,"height":2082},{"@type":"WebPage","@id":"https:\/\/lapoderosagoods.com\/produkt\/soporte-para-alforjas-aprilia-tuareg-660-negro-satinado-copia\/#webpage","url":"https:\/\/lapoderosagoods.com\/produkt\/soporte-para-alforjas-aprilia-tuareg-660-negro-satinado-copia\/","name":"Seitentr\u00e4ger fur Aprilia Tuareg 660 satinschwarz - La Poderosa Goods - Satteltaschen, Gep\u00e4ck und Premium-Motorradzubeh\u00f6r","isPartOf":{"@id":"https:\/\/lapoderosagoods.com\/#website"},"primaryImageOfPage":{"@id":"https:\/\/lapoderosagoods.com\/produkt\/soporte-para-alforjas-aprilia-tuareg-660-negro-satinado-copia\/#primaryimage"},"datePublished":"2022-01-18T17:40:47+00:00","dateModified":"2022-01-19T08:46:29+00:00","breadcrumb":{"@id":"https:\/\/lapoderosagoods.com\/produkt\/soporte-para-alforjas-aprilia-tuareg-660-negro-satinado-copia\/#breadcrumb"},"inLanguage":"de-DE","potentialAction":[{"@type":"ReadAction","target":["https:\/\/lapoderosagoods.com\/produkt\/soporte-para-alforjas-aprilia-tuareg-660-negro-satinado-copia\/"]}]},{"@type":"BreadcrumbList","@id":"https:\/\/lapoderosagoods.com\/produkt\/soporte-para-alforjas-aprilia-tuareg-660-negro-satinado-copia\/#breadcrumb","itemListElement":[{"@type":"ListItem","position":1,"name":"Portada","item":"https:\/\/lapoderosagoods.com\/"},{"@type":"ListItem","position":2,"name":"Produkte","item":"https:\/\/lapoderosagoods.com\/de\/produkte\/"},{"@type":"ListItem","position":3,"name":"Seitentr\u00e4ger fur Aprilia Tuareg 660 satinschwarz"}]}]}},"_links":{"self":[{"href":"https:\/\/lapoderosagoods.com\/de\/wp-json\/wp\/v2\/product\/11199"}],"collection":[{"href":"https:\/\/lapoderosagoods.com\/de\/wp-json\/wp\/v2\/product"}],"about":[{"href":"https:\/\/lapoderosagoods.com\/de\/wp-json\/wp\/v2\/types\/product"}],"replies":[{"embeddable":true,"href":"https:\/\/lapoderosagoods.com\/de\/wp-json\/wp\/v2\/comments?post=11199"}],"wp:featuredmedia":[{"embeddable":true,"href":"https:\/\/lapoderosagoods.com\/de\/wp-json\/wp\/v2\/media\/11886"}],"wp:attachment":[{"href":"https:\/\/lapoderosagoods.com\/de\/wp-json\/wp\/v2\/media?parent=11199"}],"wp:term":[{"taxonomy":"product_cat","embeddable":true,"href":"https:\/\/lapoderosagoods.com\/de\/wp-json\/wp\/v2\/product_cat?post=11199"},{"taxonomy":"product_tag","embeddable":true,"href":"https:\/\/lapoderosagoods.com\/de\/wp-json\/wp\/v2\/product_tag?post=11199"}],"curies":[{"name":"wp","href":"https:\/\/api.w.org\/{rel}","templated":true}]}}