{"id":9706,"date":"2021-07-09T12:37:21","date_gmt":"2021-07-09T10:37:21","guid":{"rendered":"https:\/\/lapoderosagoods.com\/?page_id=9706"},"modified":"2024-09-02T09:12:52","modified_gmt":"2024-09-02T07:12:52","slug":"allgemeine-geschaeftsbedingungen","status":"publish","type":"page","link":"https:\/\/lapoderosagoods.com\/de\/allgemeine-geschaeftsbedingungen\/","title":{"rendered":"Allgemeine Gesch\u00e4ftsbedingungen"},"content":{"rendered":"\n<p>\u00a0<\/p>\n<p><span style=\"font-size: 180%;\">ALLGEMEINE GESCH\u00c4FTSBEDINGUNGEN<\/span><\/p>\n<p>\u00a0<\/p>\n<p><strong>ZAHLUNGSARTEN<\/strong><\/p>\n<p>\u00a0<\/p>\n<p><strong>Bank\u00fcberweisung oder Einzahlung auf ein Konto<\/strong><\/p>\n<p>Auf unser Konto bei BANCO DE SABADELL im Namen von Parasun Ibiza Brellas, SL. Denken Sie daran, Ihren Namen und Ihre Bestellnummer anzugeben, damit wir Ihre Zahlung schneller identifizieren und die Bestellung so schnell wie m\u00f6glich bearbeiten k\u00f6nnen. Die Kontonummer erfahren Sie am Ende Ihrer Bestellung.<br \/>WICHTIG: Bestellungen mit dieser Zahlungsart werden storniert, wenn die Zahlung nicht innerhalb der folgenden 5 Werktage bei uns eingeht.<\/p>\n<p>\u00a0<\/p>\n<p><strong>Kreditkarte<\/strong><\/p>\n<p>\u00dcber die virtuelle Kasse, die von BANCO SABADELL verwaltet wird, einem der derzeit sichersten Internet-Zahlungsgateways, das den 3DSecure-Standards von VISA und MASTERCARD folgt, wird bei jeder Transaktion Folgendes verlangt<br \/>Die Authentifizierung des Karteninhabers wird vom Kartenaussteller angefordert.<\/p>\n<p>\u00a0<\/p>\n<p><strong>Paypal<\/strong><\/p>\n<p>PayPal ist eine schnelle und sichere M\u00f6glichkeit, online zu bezahlen. Sie m\u00fcssen zum Bezahlen weder Ihre Karten- noch Ihre Kontodaten eingeben. Sie ben\u00f6tigen lediglich Ihre E-Mail-Adresse und ein Passwort.<\/p>\n<p>\u00a0<\/p>\n<p>\u00a0<\/p>\n<p><strong>R\u00dcCKGABE UND UMTAUSCH<\/strong><\/p>\n<p>\u00a0<\/p>\n<p>Nach Erhalt Ihrer Bestellung haben Sie 7 Tage Zeit, diese zur\u00fcckzugeben, wenn Sie nicht zufrieden sind. Folgen Sie einfach diesen Anweisungen:<\/p>\n<p>1. Senden Sie eine E-Mail an info@lapoderosagoods.com und geben Sie den Grund f\u00fcr die R\u00fccksendung und die Bestellnummer an. Sie erhalten von uns per E-Mail eine Best\u00e4tigung, dass die R\u00fccksendung frist- und formgerecht erfolgt ist.<\/p>\n<p>2. Sobald Sie die Best\u00e4tigung der R\u00fccksendung erhalten haben, verpacken Sie die Bestellung in der Originalverpackung und f\u00fcgen Sie alle von uns zugesandten Elemente bei: Produkt, Etiketten, T\u00fcten, Kartons, Schutzvorrichtungen usw. und verwenden Sie das Transportunternehmen, das Sie am meisten interessiert, und senden Sie Ihre Bestellung an die folgende Adresse:<br \/>Parasun Ibiza Brellas SL. C\/ Jovellanos, 3 T\u00fcr 10. 46003. Valencia.<\/p>\n<p>\u00a0<\/p>\n<p>\u00a0<\/p>\n<p><strong>BESTELLUNGEN<\/strong><\/p>\n<p>Bestellungen werden zwischen 3 und 7 Tagen nach der Zahlung bearbeitet, in manchen Wochen im Jahr kann es jedoch aufgrund des Arbeitsaufwands bis zu 15 Tage dauern.<\/p>\n\n","protected":false},"excerpt":{"rendered":"","protected":false},"author":1,"featured_media":0,"parent":0,"menu_order":0,"comment_status":"closed","ping_status":"closed","template":"","meta":{"spay_email":""},"yoast_head":"<!-- This site is optimized with the Yoast SEO plugin v16.8 - https:\/\/yoast.com\/wordpress\/plugins\/seo\/ -->\n<title>Allgemeine Gesch\u00e4ftsbedingungen - La Poderosa Goods - Satteltaschen, Gep\u00e4ck und Premium-Motorradzubeh\u00f6r<\/title>\n<meta name=\"robots\" content=\"index, follow, max-snippet:-1, max-image-preview:large, max-video-preview:-1\" \/>\n<link rel=\"canonical\" href=\"https:\/\/lapoderosagoods.com\/de\/allgemeine-geschaeftsbedingungen\/\" \/>\n<meta property=\"og:locale\" content=\"de_DE\" \/>\n<meta property=\"og:type\" content=\"article\" \/>\n<meta property=\"og:title\" content=\"Allgemeine Gesch\u00e4ftsbedingungen - La Poderosa Goods - Satteltaschen, Gep\u00e4ck und Premium-Motorradzubeh\u00f6r\" \/>\n<meta property=\"og:url\" content=\"https:\/\/lapoderosagoods.com\/de\/allgemeine-geschaeftsbedingungen\/\" \/>\n<meta property=\"og:site_name\" content=\"La Poderosa Goods - Satteltaschen, Gep\u00e4ck und Premium-Motorradzubeh\u00f6r\" \/>\n<meta property=\"article:modified_time\" content=\"2024-09-02T07:12:52+00:00\" \/>\n<meta property=\"og:image\" content=\"https:\/\/lapoderosagoods.com\/wp-content\/uploads\/2019\/10\/poderosa.png\" \/>\n\t<meta property=\"og:image:width\" content=\"290\" \/>\n\t<meta property=\"og:image:height\" content=\"209\" \/>\n<meta name=\"twitter:card\" content=\"summary_large_image\" \/>\n<meta name=\"twitter:label1\" content=\"Gesch\u00e4tzte Lesezeit\" \/>\n\t<meta name=\"twitter:data1\" content=\"1 Minute\" \/>\n<script type=\"application\/ld+json\" class=\"yoast-schema-graph\">{\"@context\":\"https:\/\/schema.org\",\"@graph\":[{\"@type\":\"Organization\",\"@id\":\"https:\/\/lapoderosagoods.com\/#organization\",\"name\":\"La Poderosa Classic Goods\",\"url\":\"https:\/\/lapoderosagoods.com\/\",\"sameAs\":[],\"logo\":{\"@type\":\"ImageObject\",\"@id\":\"https:\/\/lapoderosagoods.com\/#logo\",\"inLanguage\":\"de-DE\",\"url\":\"https:\/\/lapoderosagoods.com\/wp-content\/uploads\/2019\/10\/poderosa.png\",\"contentUrl\":\"https:\/\/lapoderosagoods.com\/wp-content\/uploads\/2019\/10\/poderosa.png\",\"width\":290,\"height\":209,\"caption\":\"La Poderosa Classic Goods\"},\"image\":{\"@id\":\"https:\/\/lapoderosagoods.com\/#logo\"}},{\"@type\":\"WebSite\",\"@id\":\"https:\/\/lapoderosagoods.com\/#website\",\"url\":\"https:\/\/lapoderosagoods.com\/\",\"name\":\"La Poderosa Goods - Satteltaschen, Gep\\u00e4ck und Premium-Motorradzubeh\\u00f6r\",\"description\":\"Gep\\u00e4ck, St\\u00e4nder, Satteltaschen und Zubeh\\u00f6r f\\u00fcr Klassiker, Caf\\u00e9 Racer oder Adventure Bikes. \",\"publisher\":{\"@id\":\"https:\/\/lapoderosagoods.com\/#organization\"},\"potentialAction\":[{\"@type\":\"SearchAction\",\"target\":{\"@type\":\"EntryPoint\",\"urlTemplate\":\"https:\/\/lapoderosagoods.com\/?s={search_term_string}\"},\"query-input\":\"required name=search_term_string\"}],\"inLanguage\":\"de-DE\"},{\"@type\":\"WebPage\",\"@id\":\"https:\/\/lapoderosagoods.com\/de\/allgemeine-geschaeftsbedingungen\/#webpage\",\"url\":\"https:\/\/lapoderosagoods.com\/de\/allgemeine-geschaeftsbedingungen\/\",\"name\":\"Allgemeine Gesch\\u00e4ftsbedingungen - La Poderosa Goods - Satteltaschen, Gep\\u00e4ck und Premium-Motorradzubeh\\u00f6r\",\"isPartOf\":{\"@id\":\"https:\/\/lapoderosagoods.com\/#website\"},\"datePublished\":\"2021-07-09T10:37:21+00:00\",\"dateModified\":\"2024-09-02T07:12:52+00:00\",\"breadcrumb\":{\"@id\":\"https:\/\/lapoderosagoods.com\/de\/allgemeine-geschaeftsbedingungen\/#breadcrumb\"},\"inLanguage\":\"de-DE\",\"potentialAction\":[{\"@type\":\"ReadAction\",\"target\":[\"https:\/\/lapoderosagoods.com\/de\/allgemeine-geschaeftsbedingungen\/\"]}]},{\"@type\":\"BreadcrumbList\",\"@id\":\"https:\/\/lapoderosagoods.com\/de\/allgemeine-geschaeftsbedingungen\/#breadcrumb\",\"itemListElement\":[{\"@type\":\"ListItem\",\"position\":1,\"name\":\"Portada\",\"item\":\"https:\/\/lapoderosagoods.com\/\"},{\"@type\":\"ListItem\",\"position\":2,\"name\":\"Allgemeine Gesch\\u00e4ftsbedingungen\"}]}]}<\/script>\n<!-- \/ Yoast SEO plugin. -->","yoast_head_json":{"title":"Allgemeine Gesch\u00e4ftsbedingungen - La Poderosa Goods - Satteltaschen, Gep\u00e4ck und Premium-Motorradzubeh\u00f6r","robots":{"index":"index","follow":"follow","max-snippet":"max-snippet:-1","max-image-preview":"max-image-preview:large","max-video-preview":"max-video-preview:-1"},"canonical":"https:\/\/lapoderosagoods.com\/de\/allgemeine-geschaeftsbedingungen\/","og_locale":"de_DE","og_type":"article","og_title":"Allgemeine Gesch\u00e4ftsbedingungen - La Poderosa Goods - Satteltaschen, Gep\u00e4ck und Premium-Motorradzubeh\u00f6r","og_url":"https:\/\/lapoderosagoods.com\/de\/allgemeine-geschaeftsbedingungen\/","og_site_name":"La Poderosa Goods - Satteltaschen, Gep\u00e4ck und Premium-Motorradzubeh\u00f6r","article_modified_time":"2024-09-02T07:12:52+00:00","og_image":[{"width":290,"height":209,"url":"https:\/\/lapoderosagoods.com\/wp-content\/uploads\/2019\/10\/poderosa.png","path":"\/home\/spainmot\/lapoderosagoods\/wp-content\/uploads\/2019\/10\/poderosa.png","size":"full","id":269,"alt":"","pixels":60610,"type":"image\/png"}],"twitter_card":"summary_large_image","twitter_misc":{"Gesch\u00e4tzte Lesezeit":"1 Minute"},"schema":{"@context":"https:\/\/schema.org","@graph":[{"@type":"Organization","@id":"https:\/\/lapoderosagoods.com\/#organization","name":"La Poderosa Classic Goods","url":"https:\/\/lapoderosagoods.com\/","sameAs":[],"logo":{"@type":"ImageObject","@id":"https:\/\/lapoderosagoods.com\/#logo","inLanguage":"de-DE","url":"https:\/\/lapoderosagoods.com\/wp-content\/uploads\/2019\/10\/poderosa.png","contentUrl":"https:\/\/lapoderosagoods.com\/wp-content\/uploads\/2019\/10\/poderosa.png","width":290,"height":209,"caption":"La Poderosa Classic Goods"},"image":{"@id":"https:\/\/lapoderosagoods.com\/#logo"}},{"@type":"WebSite","@id":"https:\/\/lapoderosagoods.com\/#website","url":"https:\/\/lapoderosagoods.com\/","name":"La Poderosa Goods - Satteltaschen, Gep\u00e4ck und Premium-Motorradzubeh\u00f6r","description":"Gep\u00e4ck, St\u00e4nder, Satteltaschen und Zubeh\u00f6r f\u00fcr Klassiker, Caf\u00e9 Racer oder Adventure Bikes. ","publisher":{"@id":"https:\/\/lapoderosagoods.com\/#organization"},"potentialAction":[{"@type":"SearchAction","target":{"@type":"EntryPoint","urlTemplate":"https:\/\/lapoderosagoods.com\/?s={search_term_string}"},"query-input":"required name=search_term_string"}],"inLanguage":"de-DE"},{"@type":"WebPage","@id":"https:\/\/lapoderosagoods.com\/de\/allgemeine-geschaeftsbedingungen\/#webpage","url":"https:\/\/lapoderosagoods.com\/de\/allgemeine-geschaeftsbedingungen\/","name":"Allgemeine Gesch\u00e4ftsbedingungen - La Poderosa Goods - Satteltaschen, Gep\u00e4ck und Premium-Motorradzubeh\u00f6r","isPartOf":{"@id":"https:\/\/lapoderosagoods.com\/#website"},"datePublished":"2021-07-09T10:37:21+00:00","dateModified":"2024-09-02T07:12:52+00:00","breadcrumb":{"@id":"https:\/\/lapoderosagoods.com\/de\/allgemeine-geschaeftsbedingungen\/#breadcrumb"},"inLanguage":"de-DE","potentialAction":[{"@type":"ReadAction","target":["https:\/\/lapoderosagoods.com\/de\/allgemeine-geschaeftsbedingungen\/"]}]},{"@type":"BreadcrumbList","@id":"https:\/\/lapoderosagoods.com\/de\/allgemeine-geschaeftsbedingungen\/#breadcrumb","itemListElement":[{"@type":"ListItem","position":1,"name":"Portada","item":"https:\/\/lapoderosagoods.com\/"},{"@type":"ListItem","position":2,"name":"Allgemeine Gesch\u00e4ftsbedingungen"}]}]}},"_links":{"self":[{"href":"https:\/\/lapoderosagoods.com\/de\/wp-json\/wp\/v2\/pages\/9706"}],"collection":[{"href":"https:\/\/lapoderosagoods.com\/de\/wp-json\/wp\/v2\/pages"}],"about":[{"href":"https:\/\/lapoderosagoods.com\/de\/wp-json\/wp\/v2\/types\/page"}],"author":[{"embeddable":true,"href":"https:\/\/lapoderosagoods.com\/de\/wp-json\/wp\/v2\/users\/1"}],"replies":[{"embeddable":true,"href":"https:\/\/lapoderosagoods.com\/de\/wp-json\/wp\/v2\/comments?post=9706"}],"version-history":[{"count":5,"href":"https:\/\/lapoderosagoods.com\/de\/wp-json\/wp\/v2\/pages\/9706\/revisions"}],"predecessor-version":[{"id":19667,"href":"https:\/\/lapoderosagoods.com\/de\/wp-json\/wp\/v2\/pages\/9706\/revisions\/19667"}],"wp:attachment":[{"href":"https:\/\/lapoderosagoods.com\/de\/wp-json\/wp\/v2\/media?parent=9706"}],"curies":[{"name":"wp","href":"https:\/\/api.w.org\/{rel}","templated":true}]}}