{"id":9526,"date":"2021-06-30T15:30:28","date_gmt":"2021-06-30T13:30:28","guid":{"rendered":"https:\/\/lapoderosagoods.spainmotoexperiences.es\/hinweise-zum-datenschutz\/"},"modified":"2021-07-09T13:11:23","modified_gmt":"2021-07-09T11:11:23","slug":"hinweise-zum-datenschutz","status":"publish","type":"page","link":"https:\/\/lapoderosagoods.com\/de\/hinweise-zum-datenschutz\/","title":{"rendered":"Hinweise zum Datenschutz"},"content":{"rendered":"\n<p>\u00a0<\/p>\n<p><span style=\"font-size: 180%;\">IMPRESSUM, DATENSCHUTZ UND PRIVATSPH\u00c4RE<\/span><\/p>\n<p>\u00a0<\/p>\n<p><strong>INFORMATIONEN \u00dcBER DEN EIGENT\u00dcMER DER WEBSITE<\/strong><\/p>\n<p><br \/>In \u00dcbereinstimmung mit den Bestimmungen des Artikels 10 des Gesetzes 34\/2002 vom 11. Juli 2002 \u00fcber die Dienstleistungen der Informationsgesellschaft und den elektronischen Handel (LSSICE) wird der Benutzer \u00fcber die Identifikationsdaten des Inhabers dieser Website informiert:<\/p>\n<p>Das Eigentum an dieser Website sowie an den auf ihr angebotenen Diensten liegt bei der folgenden Firma:<\/p>\n<p>Firmenname: Parasun Ibiza Brellas SL.<br \/>C.I.F.: B57937864<br \/>Registriert in: Kaufmannsregister von Valencia, Band 10336, Buch 7617, Folio 162.<br \/>Anschrift: C\/ Jovellanos 3. Valencia (Spanien)<br \/>Telefon: +34 610777210<br \/>Mail: info@lapoderosagoods.com<\/p>\n<p>\u00a0<\/p>\n<p><strong>ALLGEMEINE BEDINGUNGEN F\u00dcR DIE NUTZUNG DER WEBSITE<\/strong><\/p>\n<p><br \/>Dieser rechtliche Hinweis regelt die erlaubte Nutzung dieser Website, deren rechtlicher Verantwortlicher Parasun Ibiza Brellas , S.L. ist.<br \/>Der Zugriff auf die Website setzt die uneingeschr\u00e4nkte Annahme dieses rechtlichen Hinweises voraus, so dass wir die sorgf\u00e4ltige Lekt\u00fcre seines Inhalts empfehlen. Der Nutzer verpflichtet sich, die Website, ihre Dienste und Inhalte in sorgf\u00e4ltiger, korrekter und rechtm\u00e4\u00dfiger Weise zu nutzen und insbesondere die L\u00f6schung, Umgehung oder Manipulation der urheberrechtlichen und sonstigen Inhalte sowie der zu ihrem Schutz eingesetzten technischen Vorrichtungen zu unterlassen.<\/p>\n<p>\u00a0<\/p>\n<p><strong>GEISTIGES EIGENTUM UND INDUSTRIE<\/strong><\/p>\n<p><br \/>Die Texte, Bilder, Logos, Erkennungszeichen, T\u00f6ne, Animationen, Videos, der Quellcode und andere Inhalte, die in dieser Website enthalten sind, sind Eigentum von La Mercantil oder sie hat gegebenenfalls das Recht, sie zu nutzen und zu verwerten, und in diesem Sinne sind sie Werke, die durch die geltende Gesetzgebung zum geistigen und gewerblichen Eigentum gesch\u00fctzt sind.<\/p>\n<p>Jegliche Weitergabe, Verbreitung, Vervielf\u00e4ltigung oder Speicherung der auf dieser Website gespeicherten Inhalte, ganz oder teilweise, ist ohne ausdr\u00fcckliche vorherige Zustimmung des Eigent\u00fcmers ausdr\u00fccklich untersagt. Der Benutzer kann jedoch die Reproduktion oder Speicherung der Inhalte der Website f\u00fcr den ausschlie\u00dflichen pers\u00f6nlichen Gebrauch vornehmen, wobei die Reproduktion von Elementen oder Inhalten dieser Website, die zu Gewinn- oder kommerziellen Zwecken erfolgt, ausdr\u00fccklich und strengstens verboten ist.<\/p>\n<p>\u00a0<\/p>\n<p><strong>LINKS<\/strong><\/p>\n<p><br \/>La Mercantil lehnt jede Verantwortung f\u00fcr die Dienstleistungen und\/oder Informationen ab, die auf anderen, mit dieser Website verlinkten Seiten angeboten werden. Im Falle von Links zu Websites Dritter gelten f\u00fcr den Benutzer die Nutzungsbedingungen und die Datenschutzrichtlinie der neuen Website. F\u00fcr den Fall, dass La Mercantil jedoch tats\u00e4chliche Kenntnis von der Rechtswidrigkeit von Inhalten hat, die in solchen Links zu Webseiten Dritter enthalten sind, wird La Mercantil die Links unverz\u00fcglich entfernen und diesen Umstand den zust\u00e4ndigen Beh\u00f6rden mitteilen.<\/p>\n<p>\u00a0<\/p>\n<p><strong>HAFTUNGSAUSSCHLUSS<\/strong><\/p>\n<p><br \/>La Mercantil haftet nicht f\u00fcr Sch\u00e4den, die dem Benutzer durch einen eventuellen Ausfall der Dienstleistung aufgrund von Ursachen, die au\u00dferhalb der Kontrolle von La Mercantil liegen, entstehen k\u00f6nnen, und auch nicht f\u00fcr Probleme, die durch die fehlende Interaktivit\u00e4t in diesen Situationen entstehen.<\/p>\n<p>La Mercantil ist von jeglicher Haftung befreit, die sich aus:<br \/>&#8211; Unterbrechungen des normalen Betriebs der Website aufgrund h\u00f6herer Gewalt sowie Ursachen, die La Mercantil nicht zuzuschreiben sind und die dazu f\u00fchren, dass der Webservice ganz oder teilweise au\u00dfer Betrieb ist.<br \/>&#8211; Die unbefugte Nutzung des Benutzernamens und des Passwortes unserer Kunden durch Dritte wegen mangelnder Sorgfalt bei der Verwahrung durch diese.<br \/>&#8211; Die Verwendung falscher oder unrichtiger Daten durch die Benutzer, einschlie\u00dflich der Fehler, die sie bei der Registrierung gemacht haben, und derjenigen, die sich aus dem Vers\u00e4umnis der Aktualisierung der Daten durch den Benutzer ergeben.<\/p>\n<p>\u00a0<\/p>\n<p><strong>PRIVACY<\/strong><\/p>\n<p><br \/>Der Benutzer kann diese Website besuchen, ohne personenbezogene Daten anzugeben; es gibt jedoch mehrere M\u00f6glichkeiten zur Registrierung, f\u00fcr Anfragen oder Bestellformulare, bei denen personenbezogene Daten gesammelt und verarbeitet werden, die ausschlie\u00dflich f\u00fcr die Verwaltung des Verkaufs der Website verwendet werden.<\/p>\n<p>\u00a0<\/p>\n<p><strong>VERWENDUNG VON COOKIES<\/strong><\/p>\n<p><br \/>Ein Cookie ist eine Datei, die beim Zugriff auf bestimmte Webseiten auf den Computer des Benutzers heruntergeladen wird. Cookies erm\u00f6glichen es einer Website unter anderem, Informationen \u00fcber die Surfgewohnheiten eines Computers zu speichern und abzurufen und k\u00f6nnten, je nach den enthaltenen Informationen, zur Wiedererkennung des Benutzers verwendet werden.<\/p>\n<p>Durch die Nutzung dieser Website akzeptiert der Nutzer die Cookie-Richtlinie.<\/p>\n<p>\u00a0<\/p>\n<p><strong>ALLGEMEINE EINSATZBEDINGUNGEN<\/strong><\/p>\n<p><br \/>Sie k\u00f6nnen die allgemeinen Nutzungsbedingungen (einschlie\u00dflich der allgemeinen Vertragsbedingungen, der Zahlungsmodalit\u00e4ten und der Beschreibung der Dienstleistungen) einsehen, indem Sie den Abschnitt &#8222;Allgemeine Bedingungen&#8220; auf der Website aufrufen.<\/p>\n<p>\u00a0<\/p>\n<p><strong>SICHERHEIT<\/strong><\/p>\n<p><br \/>Das Unternehmen verwendet die entsprechenden Technologien, um die pers\u00f6nlichen Daten und Informationen der Benutzer zu sch\u00fctzen. Die Website wird auf sicheren Servern gespeichert, die gegen die g\u00e4ngigsten Arten von Angriffen gesch\u00fctzt sind.<\/p>\n\n","protected":false},"excerpt":{"rendered":"","protected":false},"author":1,"featured_media":0,"parent":0,"menu_order":0,"comment_status":"closed","ping_status":"closed","template":"","meta":{"spay_email":""},"yoast_head":"<!-- This site is optimized with the Yoast SEO plugin v16.8 - https:\/\/yoast.com\/wordpress\/plugins\/seo\/ -->\n<title>Hinweise zum Datenschutz - La Poderosa Goods - Satteltaschen, Gep\u00e4ck und Premium-Motorradzubeh\u00f6r<\/title>\n<meta name=\"robots\" content=\"index, follow, max-snippet:-1, max-image-preview:large, max-video-preview:-1\" \/>\n<link rel=\"canonical\" href=\"https:\/\/lapoderosagoods.com\/de\/hinweise-zum-datenschutz\/\" \/>\n<meta property=\"og:locale\" content=\"de_DE\" \/>\n<meta property=\"og:type\" content=\"article\" \/>\n<meta property=\"og:title\" content=\"Hinweise zum Datenschutz - La Poderosa Goods - Satteltaschen, Gep\u00e4ck und Premium-Motorradzubeh\u00f6r\" \/>\n<meta property=\"og:url\" content=\"https:\/\/lapoderosagoods.com\/de\/hinweise-zum-datenschutz\/\" \/>\n<meta property=\"og:site_name\" content=\"La Poderosa Goods - Satteltaschen, Gep\u00e4ck und Premium-Motorradzubeh\u00f6r\" \/>\n<meta property=\"article:modified_time\" content=\"2021-07-09T11:11:23+00:00\" \/>\n<meta property=\"og:image\" content=\"https:\/\/lapoderosagoods.com\/wp-content\/uploads\/2019\/10\/poderosa.png\" \/>\n\t<meta property=\"og:image:width\" content=\"290\" \/>\n\t<meta property=\"og:image:height\" content=\"209\" \/>\n<meta name=\"twitter:card\" content=\"summary_large_image\" \/>\n<meta name=\"twitter:label1\" content=\"Gesch\u00e4tzte Lesezeit\" \/>\n\t<meta name=\"twitter:data1\" content=\"4 Minuten\" \/>\n<script type=\"application\/ld+json\" class=\"yoast-schema-graph\">{\"@context\":\"https:\/\/schema.org\",\"@graph\":[{\"@type\":\"Organization\",\"@id\":\"https:\/\/lapoderosagoods.com\/#organization\",\"name\":\"La Poderosa Classic Goods\",\"url\":\"https:\/\/lapoderosagoods.com\/\",\"sameAs\":[],\"logo\":{\"@type\":\"ImageObject\",\"@id\":\"https:\/\/lapoderosagoods.com\/#logo\",\"inLanguage\":\"de-DE\",\"url\":\"https:\/\/lapoderosagoods.com\/wp-content\/uploads\/2019\/10\/poderosa.png\",\"contentUrl\":\"https:\/\/lapoderosagoods.com\/wp-content\/uploads\/2019\/10\/poderosa.png\",\"width\":290,\"height\":209,\"caption\":\"La Poderosa Classic Goods\"},\"image\":{\"@id\":\"https:\/\/lapoderosagoods.com\/#logo\"}},{\"@type\":\"WebSite\",\"@id\":\"https:\/\/lapoderosagoods.com\/#website\",\"url\":\"https:\/\/lapoderosagoods.com\/\",\"name\":\"La Poderosa Goods - Satteltaschen, Gep\\u00e4ck und Premium-Motorradzubeh\\u00f6r\",\"description\":\"Gep\\u00e4ck, St\\u00e4nder, Satteltaschen und Zubeh\\u00f6r f\\u00fcr Klassiker, Caf\\u00e9 Racer oder Adventure Bikes. \",\"publisher\":{\"@id\":\"https:\/\/lapoderosagoods.com\/#organization\"},\"potentialAction\":[{\"@type\":\"SearchAction\",\"target\":{\"@type\":\"EntryPoint\",\"urlTemplate\":\"https:\/\/lapoderosagoods.com\/?s={search_term_string}\"},\"query-input\":\"required name=search_term_string\"}],\"inLanguage\":\"de-DE\"},{\"@type\":\"WebPage\",\"@id\":\"https:\/\/lapoderosagoods.com\/de\/hinweise-zum-datenschutz\/#webpage\",\"url\":\"https:\/\/lapoderosagoods.com\/de\/hinweise-zum-datenschutz\/\",\"name\":\"Hinweise zum Datenschutz - La Poderosa Goods - Satteltaschen, Gep\\u00e4ck und Premium-Motorradzubeh\\u00f6r\",\"isPartOf\":{\"@id\":\"https:\/\/lapoderosagoods.com\/#website\"},\"datePublished\":\"2021-06-30T13:30:28+00:00\",\"dateModified\":\"2021-07-09T11:11:23+00:00\",\"breadcrumb\":{\"@id\":\"https:\/\/lapoderosagoods.com\/de\/hinweise-zum-datenschutz\/#breadcrumb\"},\"inLanguage\":\"de-DE\",\"potentialAction\":[{\"@type\":\"ReadAction\",\"target\":[\"https:\/\/lapoderosagoods.com\/de\/hinweise-zum-datenschutz\/\"]}]},{\"@type\":\"BreadcrumbList\",\"@id\":\"https:\/\/lapoderosagoods.com\/de\/hinweise-zum-datenschutz\/#breadcrumb\",\"itemListElement\":[{\"@type\":\"ListItem\",\"position\":1,\"name\":\"Portada\",\"item\":\"https:\/\/lapoderosagoods.com\/\"},{\"@type\":\"ListItem\",\"position\":2,\"name\":\"Hinweise zum Datenschutz\"}]}]}<\/script>\n<!-- \/ Yoast SEO plugin. -->","yoast_head_json":{"title":"Hinweise zum Datenschutz - La Poderosa Goods - Satteltaschen, Gep\u00e4ck und Premium-Motorradzubeh\u00f6r","robots":{"index":"index","follow":"follow","max-snippet":"max-snippet:-1","max-image-preview":"max-image-preview:large","max-video-preview":"max-video-preview:-1"},"canonical":"https:\/\/lapoderosagoods.com\/de\/hinweise-zum-datenschutz\/","og_locale":"de_DE","og_type":"article","og_title":"Hinweise zum Datenschutz - La Poderosa Goods - Satteltaschen, Gep\u00e4ck und Premium-Motorradzubeh\u00f6r","og_url":"https:\/\/lapoderosagoods.com\/de\/hinweise-zum-datenschutz\/","og_site_name":"La Poderosa Goods - Satteltaschen, Gep\u00e4ck und Premium-Motorradzubeh\u00f6r","article_modified_time":"2021-07-09T11:11:23+00:00","og_image":[{"width":290,"height":209,"url":"https:\/\/lapoderosagoods.com\/wp-content\/uploads\/2019\/10\/poderosa.png","path":"\/home\/spainmot\/lapoderosagoods\/wp-content\/uploads\/2019\/10\/poderosa.png","size":"full","id":269,"alt":"","pixels":60610,"type":"image\/png"}],"twitter_card":"summary_large_image","twitter_misc":{"Gesch\u00e4tzte Lesezeit":"4 Minuten"},"schema":{"@context":"https:\/\/schema.org","@graph":[{"@type":"Organization","@id":"https:\/\/lapoderosagoods.com\/#organization","name":"La Poderosa Classic Goods","url":"https:\/\/lapoderosagoods.com\/","sameAs":[],"logo":{"@type":"ImageObject","@id":"https:\/\/lapoderosagoods.com\/#logo","inLanguage":"de-DE","url":"https:\/\/lapoderosagoods.com\/wp-content\/uploads\/2019\/10\/poderosa.png","contentUrl":"https:\/\/lapoderosagoods.com\/wp-content\/uploads\/2019\/10\/poderosa.png","width":290,"height":209,"caption":"La Poderosa Classic Goods"},"image":{"@id":"https:\/\/lapoderosagoods.com\/#logo"}},{"@type":"WebSite","@id":"https:\/\/lapoderosagoods.com\/#website","url":"https:\/\/lapoderosagoods.com\/","name":"La Poderosa Goods - Satteltaschen, Gep\u00e4ck und Premium-Motorradzubeh\u00f6r","description":"Gep\u00e4ck, St\u00e4nder, Satteltaschen und Zubeh\u00f6r f\u00fcr Klassiker, Caf\u00e9 Racer oder Adventure Bikes. ","publisher":{"@id":"https:\/\/lapoderosagoods.com\/#organization"},"potentialAction":[{"@type":"SearchAction","target":{"@type":"EntryPoint","urlTemplate":"https:\/\/lapoderosagoods.com\/?s={search_term_string}"},"query-input":"required name=search_term_string"}],"inLanguage":"de-DE"},{"@type":"WebPage","@id":"https:\/\/lapoderosagoods.com\/de\/hinweise-zum-datenschutz\/#webpage","url":"https:\/\/lapoderosagoods.com\/de\/hinweise-zum-datenschutz\/","name":"Hinweise zum Datenschutz - La Poderosa Goods - Satteltaschen, Gep\u00e4ck und Premium-Motorradzubeh\u00f6r","isPartOf":{"@id":"https:\/\/lapoderosagoods.com\/#website"},"datePublished":"2021-06-30T13:30:28+00:00","dateModified":"2021-07-09T11:11:23+00:00","breadcrumb":{"@id":"https:\/\/lapoderosagoods.com\/de\/hinweise-zum-datenschutz\/#breadcrumb"},"inLanguage":"de-DE","potentialAction":[{"@type":"ReadAction","target":["https:\/\/lapoderosagoods.com\/de\/hinweise-zum-datenschutz\/"]}]},{"@type":"BreadcrumbList","@id":"https:\/\/lapoderosagoods.com\/de\/hinweise-zum-datenschutz\/#breadcrumb","itemListElement":[{"@type":"ListItem","position":1,"name":"Portada","item":"https:\/\/lapoderosagoods.com\/"},{"@type":"ListItem","position":2,"name":"Hinweise zum Datenschutz"}]}]}},"_links":{"self":[{"href":"https:\/\/lapoderosagoods.com\/de\/wp-json\/wp\/v2\/pages\/9526"}],"collection":[{"href":"https:\/\/lapoderosagoods.com\/de\/wp-json\/wp\/v2\/pages"}],"about":[{"href":"https:\/\/lapoderosagoods.com\/de\/wp-json\/wp\/v2\/types\/page"}],"author":[{"embeddable":true,"href":"https:\/\/lapoderosagoods.com\/de\/wp-json\/wp\/v2\/users\/1"}],"replies":[{"embeddable":true,"href":"https:\/\/lapoderosagoods.com\/de\/wp-json\/wp\/v2\/comments?post=9526"}],"version-history":[{"count":3,"href":"https:\/\/lapoderosagoods.com\/de\/wp-json\/wp\/v2\/pages\/9526\/revisions"}],"predecessor-version":[{"id":9733,"href":"https:\/\/lapoderosagoods.com\/de\/wp-json\/wp\/v2\/pages\/9526\/revisions\/9733"}],"wp:attachment":[{"href":"https:\/\/lapoderosagoods.com\/de\/wp-json\/wp\/v2\/media?parent=9526"}],"curies":[{"name":"wp","href":"https:\/\/api.w.org\/{rel}","templated":true}]}}